{"id":9931,"date":"2016-06-21T10:52:26","date_gmt":"2016-06-21T10:52:26","guid":{"rendered":"http:\/\/webnus.biz\/themes\/easyweb\/small\/?page_id=9931"},"modified":"2019-03-15T17:08:22","modified_gmt":"2019-03-15T16:08:22","slug":"soluzioni-it","status":"publish","type":"page","link":"https:\/\/evolve.al\/it\/soluzioni-it\/","title":{"rendered":"Soluzioni IT"},"content":{"rendered":"<p>[vc_row row_type=&#8221;2&#8243; blox_image=&#8221;9951&#8243; page_title=&#8221;page-title-x&#8221; blox_dark=&#8221;true&#8221; row_pattern=&#8221;max-pat2&#8243;][vc_column]<hr class=\"vertical-space5\"><hr class=\"vertical-space5\">[vc_column_text]<\/p>\n<h2 class=\"respo-tagline\" style=\"text-align: center; letter-spacing: 1px;\"><strong>SOLUZIONI IT<\/strong><\/h2>\n<p>[\/vc_column_text]<hr class=\"vertical-space5\"><hr class=\"vertical-space5\">[vc_row_inner][vc_column_inner][\/vc_column_inner][\/vc_row_inner][\/vc_column][\/vc_row][vc_row][vc_column]<hr class=\"vertical-space5\">\n\t<div class=\"subtitle-element subtitle-element1\">\n\t\t<h4>Evolve <strong>SOLUZIONI IT<\/strong><\/h4>\n\t<\/div><hr class=\"vertical-space1\">[vc_row_inner][vc_column_inner width=&#8221;1\/3&#8243;]<article class=\"icon-box25\" ><i class=\"sl-screen-desktop\" style=\"\"><\/i><h4>Supporto IT aziendale<\/h4><p>Archiviazione dati online<br \/>\nManutenzione del server<br \/>\nSistemi di posta<\/p><\/article><hr class=\"vertical-space2\"><article class=\"icon-box25\" ><i class=\"sl-mouse\" style=\"\"><\/i><h4>Soluzioni IT avanzate<\/h4><p>Virtualizzazione<br \/>\nRiparazione VPN<br \/>\nServer di videosorveglianza IP<\/p><\/article><hr class=\"vertical-space2\">[\/vc_column_inner][vc_column_inner width=&#8221;1\/3&#8243;]<article class=\"icon-box25\" ><i class=\"sl-umbrella\" style=\"\"><\/i><h4>Mail<\/h4><p>Microsoft Exchange<br \/>\nSistema di posta elettronica<br \/>\nGoogle Apps<\/p><\/article><hr class=\"vertical-space2\"><article class=\"icon-box25\" ><i class=\"sl-share-alt\" style=\"\"><\/i><h4>Linux<\/h4><p>Supporto Centos Server<br \/>\nSupporto per server Ubuntu<br \/>\nAltre distribuzioni<\/p><\/article><hr class=\"vertical-space2\">[\/vc_column_inner][vc_column_inner width=&#8221;1\/3&#8243;]<article class=\"icon-box25\" ><i class=\"sl-globe-alt\" style=\"\"><\/i><h4>Networking<\/h4><p>Progettazione di reti wireless<br \/>\nObserveIT<br \/>\nSupporto Cisco<\/p><\/article><hr class=\"vertical-space2\"><article class=\"icon-box25\" ><i class=\"sl-ghost\" style=\"\"><\/i><h4>Protezione<\/h4><p>Firewall Security<br \/>\nRipristino di emergenza<br \/>\nFuori dal sito di backup<\/p><\/article><hr class=\"vertical-space2\">[\/vc_column_inner][\/vc_row_inner]<hr class=\"vertical-space2\">[vc_row_inner][vc_column_inner][\/vc_column_inner][\/vc_row_inner][vc_column_text]Quando gestisci un&#8217;azienda, il supporto e i servizi IT possono essere molto costosi. Ecco come possiamo aiutarti riducendo significativamente le tue spese senza compromettere l&#8217;affidabilit\u00e0.<br \/>\nSfortunatamente, la tecnologia pu\u00f2 anche essere costosa, solo garantendo che funzioni in maniera produttiva ed efficiente. Il trasferimento del supporto IT alleggerir\u00e0 il tuo tempo e ti offrir\u00e0 un servizio premium, evitando cos\u00ec costi eccessivi. Offriamo i nostri servizi sulla base di una solida esperienza. Evolve Studio offre gli strumenti di ricerca pi\u00f9 avanzati per offrire il miglior servizio.<br \/>\nAl fine di garantire il ciclo di vita del servizio, utilizziamo i migliori framework di itsm. Il nostro processo \u00e8 trasparente.<\/p>\n<p>I servizi informatici sono fondamentali per il successo di un&#8217;impresa nella direzione della gestione quotidiana e in modo distintivo. Al giorno d&#8217;oggi, questo \u00e8 un must per avere successo nel mercato.<\/p>\n<p>I vantaggi del nostro servizio IT<\/p>\n<p><strong>Il nostro modello di prezzo<\/strong><\/p>\n<p>Tutti i nostri prezzi sono trasparenti, quindi ogni cliente pu\u00f2 dare un&#8217;idea preliminare dei costi per i relativi servizi.<br \/>\nEsperienza e competenza<\/p>\n<p>Lo staff di Evolve Studio ha molti anni di esperienza nella risoluzione di vari problemi relativi all&#8217;information technology. Ottieni l&#8217;esperienza e l&#8217;esperienza ad una frazione del costo di assumere e formare la tua squadra.<\/p>\n<p><strong>Prevenzione di problemi tecnici<\/strong><\/p>\n<p>Abbiamo investito nella creazione di un efficiente sistema di gestione dei problemi per cui non \u00e8 pi\u00f9 necessario cercare soluzioni complesse che impieghino tempo e denaro. Questo ci consente di risolvere rapidamente eventuali problemi e di garantire che tutti i problemi siano risolti in modo rapido e trasparente, a un costo accessibile.<\/p>\n<p><strong>Aiuto e consigli<\/strong><\/p>\n<p>Con i costanti cambiamenti tecnologici e la crescente concorrenza, pu\u00f2 essere complicato garantire che tutto funzioni in modo ottimale e che tu abbia i migliori sistemi per il tuo posto di lavoro.<\/p>\n<p>Siamo sempre pronti per una discussione amichevole sulle opzioni e le funzionalit\u00e0 se avete bisogno di noi. Tutto quello che devi fare \u00e8 contattarci e lo prenderemo da l\u00ec.<br \/>\n[\/vc_column_text][\/vc_column][\/vc_row][vc_row row_type=&#8221;2&#8243; blox_class=&#8221;topborder bottomborder&#8221; blox_bgcolor=&#8221;#f6f8f9&#8243;][vc_column]<hr class=\"vertical-space5\">\n\t<div class=\"subtitle-element subtitle-element1\">\n\t\t<h4><strong>SPECIFICHE TECNICHE<\/strong> DI HOSTING DEL CLOUD<\/h4>\n\t<\/div><hr class=\"vertical-space1\">[vc_row_inner][vc_column_inner width=&#8221;1\/3&#8243;]<article class=\"icon-box\" ><i class=\"sl-layers\" style=\"\"><\/i><h4>Funzionalit\u00e0 di hosting<\/h4><p>Pannello di controllo facile da usare<br \/>\nLarghezza di banda illimitata<br \/>\nSottodomini illimitati<br \/>\nAccount FTP ed e-mail<br \/>\nGaranzia di disponibilit\u00e0 al 99,9%<\/p><\/article><hr class=\"vertical-space5\"><article class=\"icon-box\" ><i class=\"sl-wrench\" style=\"\"><\/i><h4>Applicazioni Di Hosting <\/h4><p>75 script open source<br \/>\nHosting WordPress<br \/>\nOspita il tuo blog personale<br \/>\nHosting di Joomla<br \/>\nHosting Magento<\/p><\/article><hr class=\"vertical-space5\"><article class=\"icon-box\" ><i class=\"sl-envelope-open\" style=\"\"><\/i><h4>Funzionalit\u00e0 di posta elettronica<\/h4><p>Account di posta elettronica POP3 illimitati<br \/>\nAccount email SMTP illimitati<br \/>\nWebMail: Horde, SquirrelMail<br \/>\nemail al tuo telefono<br \/>\nPrevenzione spam (dettagli)<br \/>\nAutorisponditori, Attaccanti<\/p><\/article>[\/vc_column_inner][vc_column_inner width=&#8221;1\/3&#8243;]<article class=\"icon-box\" ><i class=\"sl-cloud-upload\" style=\"\"><\/i><h4>Controllo cloud<\/h4><p>Enterprise Manager<br \/>\nControllo cloud<br \/>\nOracle ACE (Dettagli)<br \/>\nGestione del database<br \/>\nEM Command Line Interface<br \/>\nRapporti attivi ADDM<\/p><\/article><hr class=\"vertical-space4\"><article class=\"icon-box\" ><i class=\"li_data\" style=\"\"><\/i><h4>Vantaggi dell'hosting<\/h4><p>Weebly SiteBuilder<br \/>\n4.500 modelli gratuiti<br \/>\nTrasferimento del sito web<br \/>\n52 script gratuiti<\/p><\/article><hr class=\"vertical-space5\"><article class=\"icon-box\" ><i class=\"sl-chemistry\" style=\"\"><\/i><h4>Programmazione e database<\/h4><p>Database MySQL illimitati<br \/>\nCGI, Fast CGI (Dettagli)<br \/>\nPHP 5, Perl, Python<br \/>\nModuli: Curl, CPAN, GD Library<br \/>\nAccesso SSH<br \/>\nCron Job Scheduling<\/p><\/article>[\/vc_column_inner][vc_column_inner width=&#8221;1\/3&#8243;]<article class=\"icon-box\" ><i class=\"sl-settings\" style=\"\"><\/i><h4>Pannello di controllo<\/h4><p>Ultimo pannello di controllo cPanel<br \/>\nAWStats, Webalizer<br \/>\nCarrelli istantanei<br \/>\nBlog, Portali, Forum<br \/>\nProtetto da password<br \/>\nFile Manager basato sul Web<\/p><\/article><hr class=\"vertical-space4\"><article class=\"icon-box\" ><i class=\"sl-earphones-alt\" style=\"\"><\/i><h4>Supporto<\/h4><p>Supporto tramite Live Chat,<br \/>\nSistema di biglietti (email)<br \/>\nBackup giornaliero<br \/>\nPortale di supporto online<br \/>\nAccesso al forum della comunit\u00e0<\/p><\/article><hr class=\"vertical-space4\"><article class=\"icon-box\" ><i class=\"sl-lock\" style=\"\"><\/i><h4>Sicurezza<\/h4><p>Accesso amministrativo su SSL<br \/>\nProtezione WAF (Web Application Firewall)<br \/>\nScansione su virus e malware su richiesta<br \/>\nRequisiti di forza password forzata<br \/>\nProtezione della forza bruta<br \/>\nCertificato SSL condiviso gratuito<\/p><\/article>[\/vc_column_inner][\/vc_row_inner]<hr class=\"vertical-space5\">[\/vc_column][\/vc_row][vc_row][vc_column][vc_column_text]<\/p>\n<p>[\/vc_column_text][\/vc_column][\/vc_row][vc_row][vc_column]\n\t<div class=\"max-title max-title3\">\n\t\t<h2>I NOSTRI CLIENTI FELICI<\/h2>\n\t<\/div><hr class=\"vertical-space1\"><div class=\"aligncenter\"><hr class=\"vertical-space1\"><div class=\"col-md-12 our-clients-wrap crsl\"><ul id=\"our-clients\" class=\"our-clients crsl\"><li><img alt=\"\" src=\"https:\/\/evolve.al\/admin\/core-wp\/..\/..\/site\/resources-global\/content-data\/uploads\/dga_logo_landscape_v1.jpg\"\/><\/li><li><img alt=\"\" src=\"https:\/\/evolve.al\/admin\/core-wp\/..\/..\/site\/resources-global\/content-data\/uploads\/ardeno-mobileri-al_logo_2.jpg\"\/><\/li><li><img alt=\"\" src=\"https:\/\/evolve.al\/admin\/core-wp\/..\/..\/site\/resources-global\/content-data\/uploads\/salillari-shpk_logo.jpg\"\/><\/li><li><img alt=\"\" src=\"https:\/\/evolve.al\/admin\/core-wp\/..\/..\/site\/resources-global\/content-data\/uploads\/alb-pastrim_logo.jpg\"\/><\/li><li><img alt=\"\" src=\"https:\/\/evolve.al\/admin\/core-wp\/..\/..\/site\/resources-global\/content-data\/uploads\/supersport_logo_v1.jpg\"\/><\/li><li><img alt=\"\" src=\"https:\/\/evolve.al\/admin\/core-wp\/..\/..\/site\/resources-global\/content-data\/uploads\/dpm-gov-al_logo.jpg\"\/><\/li><li><img alt=\"\" src=\"https:\/\/evolve.al\/admin\/core-wp\/..\/..\/site\/resources-global\/content-data\/uploads\/mmsr-gov-al_logo.jpg\"\/><\/li><li><img alt=\"\" src=\"https:\/\/evolve.al\/admin\/core-wp\/..\/..\/site\/resources-global\/content-data\/uploads\/biznes-albania_logo.jpg\"\/><\/li><li><img alt=\"\" src=\"https:\/\/evolve.al\/admin\/core-wp\/..\/..\/site\/resources-global\/content-data\/uploads\/su-shefqet-ndroqi_logo.jpg\"\/><\/li><li><img alt=\"\" src=\"https:\/\/evolve.al\/admin\/core-wp\/..\/..\/site\/resources-global\/content-data\/uploads\/ekb_logo.jpg\"\/><\/li><li><img alt=\"\" src=\"https:\/\/evolve.al\/admin\/core-wp\/..\/..\/site\/resources-global\/content-data\/uploads\/leon-kons_logo.jpg\"\/><\/li><li><img alt=\"\" src=\"https:\/\/evolve.al\/admin\/core-wp\/..\/..\/site\/resources-global\/content-data\/uploads\/alushi-trans-al_logo.jpg\"\/><\/li><\/ul><\/div><hr class=\"vertical-space2\"><\/div>[\/vc_column][\/vc_row][vc_row row_type=&#8221;2&#8243; blox_height=&#8221;452&#8243; blox_image=&#8221;9705&#8243; blox_bgcolor=&#8221;#f7f7f7&#8243;][vc_column el_class=&#8221;aligncenter&#8221;]<hr class=\"vertical-space5\"><hr class=\"vertical-space1\">[vc_column_text]<\/p>\n<h1 style=\"text-align: center;\">Iniziamo<br \/>\nil <strong>tuo progetto<\/strong><\/h1>\n<p>[\/vc_column_text]<hr class=\"vertical-space1\">[vc_column_text]<\/p>\n<p class=\"slog-tx2 aligncenter\">Ci concentriamo fortemente sulla funzione e sull&#8217;usabilit\u00e0 e ti addestriamo a gestire il tuo sito web come una risorsa aziendale. Facciamo del nostro meglio per assicurare che i tuoi contenuti vengano consegnati in modo tale che i visitatori possano trovare facilmente e intuitivamente le informazioni che cercano, ottenendo un&#8217;esperienza utente piacevole e produttiva.<\/p>\n<p>[\/vc_column_text]<hr class=\"vertical-space1\"><a href=\"http:\/\/evolve.al\/request-a-quote\/\" class=\"button skyblue  medium bordered-bot \" target=\"_self\">RICHIEDI UN PREVENTIVO<\/a><hr class=\"vertical-space4\">[\/vc_column][\/vc_row][vc_row row_type=&#8221;2&#8243; blox_image=&#8221;9171&#8243; blox_cover=&#8221;false&#8221; blox_repeat=&#8221;repeat&#8221; blox_dark=&#8221;true&#8221; blox_bgcolor=&#8221;#00c2e5&#8243;][vc_column]<hr class=\"vertical-space3\">[vc_row_inner][vc_column_inner el_class=&#8221;aligncenter&#8221;][vc_column_text]<\/p>\n<h1 style=\"text-align: center;\">Cose che abbiamo <strong>fatto<\/strong><\/h1>\n<p style=\"text-align: center;\">Siamo costruendo ponti nella tecnologia web per collegare l&#8217;obiettivo del cliente alla realt\u00e0<\/p>\n<p>[\/vc_column_text]<a href=\"http:\/\/evolve.al\/projects\/\" class=\"button white  medium bordered-bot \" target=\"_self\">VISUALIZZA I NOSTRI PROGETTI<\/a>[\/vc_column_inner][\/vc_row_inner]<hr class=\"vertical-space2\">[\/vc_column][\/vc_row]<\/p>","protected":false},"excerpt":{"rendered":"<p>[vc_row row_type=&#8221;2&#8243; blox_image=&#8221;9951&#8243; page_title=&#8221;page-title-x&#8221; blox_dark=&#8221;true&#8221; row_pattern=&#8221;max-pat2&#8243;][vc_column][vc_column_text] SOLUZIONI IT [\/vc_column_text][vc_row_inner][vc_column_inner][\/vc_column_inner][\/vc_row_inner][\/vc_column][\/vc_row][vc_row][vc_column][vc_row_inner][vc_column_inner width=&#8221;1\/3&#8243;][\/vc_column_inner][vc_column_inner width=&#8221;1\/3&#8243;][\/vc_column_inner][vc_column_inner width=&#8221;1\/3&#8243;][\/vc_column_inner][\/vc_row_inner][vc_row_inner][vc_column_inner][\/vc_column_inner][\/vc_row_inner][vc_column_text]Quando gestisci un&#8217;azienda, il supporto e i servizi IT possono essere molto costosi. Ecco come possiamo aiutarti riducendo significativamente le tue spese senza compromettere l&#8217;affidabilit\u00e0. Sfortunatamente, la tecnologia pu\u00f2 anche essere costosa, solo garantendo che funzioni in maniera produttiva ed efficiente. Il trasferimento del supporto IT alleggerir\u00e0 il tuo tempo e ti offrir\u00e0 un servizio premium, evitando cos\u00ec costi eccessivi. Offriamo i nostri servizi sulla base di una solida esperienza. Evolve Studio offre gli strumenti di ricerca pi\u00f9 avanzati per offrire il miglior servizio. Al fine di garantire il ciclo di vita del servizio, utilizziamo i migliori framework di itsm. Il nostro processo \u00e8 trasparente. I servizi informatici sono fondamentali per il successo di un&#8217;impresa nella direzione della gestione quotidiana e in modo distintivo. Al giorno d&#8217;oggi, questo \u00e8 un must per avere successo nel mercato. I vantaggi del nostro servizio IT Il nostro modello di prezzo Tutti i nostri prezzi sono trasparenti, quindi ogni cliente pu\u00f2 dare un&#8217;idea preliminare dei costi per i relativi servizi. Esperienza e competenza Lo staff di Evolve Studio ha molti anni di esperienza nella risoluzione di vari problemi relativi all&#8217;information technology. Ottieni l&#8217;esperienza e l&#8217;esperienza ad una frazione del costo di assumere e formare la tua squadra. Prevenzione di problemi tecnici Abbiamo investito nella creazione di un efficiente sistema di gestione dei problemi per cui non \u00e8 pi\u00f9 necessario cercare soluzioni complesse che impieghino tempo e denaro. Questo ci consente di risolvere rapidamente eventuali problemi e di garantire che tutti i problemi siano risolti in modo rapido e trasparente, a un costo accessibile. Aiuto e consigli Con i costanti cambiamenti tecnologici e la crescente concorrenza, pu\u00f2 essere complicato garantire che tutto funzioni in modo ottimale e che tu abbia i migliori sistemi per&#8230; <\/p>\n<p><a class=\"readmore\" href=\"https:\/\/evolve.al\/it\/soluzioni-it\/\">Continue Reading<\/a><\/p>\n","protected":false},"author":2,"featured_media":0,"parent":0,"menu_order":0,"comment_status":"closed","ping_status":"closed","template":"","meta":[],"_links":{"self":[{"href":"https:\/\/evolve.al\/it\/wp-json\/wp\/v2\/pages\/9931"}],"collection":[{"href":"https:\/\/evolve.al\/it\/wp-json\/wp\/v2\/pages"}],"about":[{"href":"https:\/\/evolve.al\/it\/wp-json\/wp\/v2\/types\/page"}],"author":[{"embeddable":true,"href":"https:\/\/evolve.al\/it\/wp-json\/wp\/v2\/users\/2"}],"replies":[{"embeddable":true,"href":"https:\/\/evolve.al\/it\/wp-json\/wp\/v2\/comments?post=9931"}],"version-history":[{"count":5,"href":"https:\/\/evolve.al\/it\/wp-json\/wp\/v2\/pages\/9931\/revisions"}],"predecessor-version":[{"id":11193,"href":"https:\/\/evolve.al\/it\/wp-json\/wp\/v2\/pages\/9931\/revisions\/11193"}],"wp:attachment":[{"href":"https:\/\/evolve.al\/it\/wp-json\/wp\/v2\/media?parent=9931"}],"curies":[{"name":"wp","href":"https:\/\/api.w.org\/{rel}","templated":true}]}}