{"id":9735,"date":"2017-05-06T11:29:10","date_gmt":"2017-05-06T10:29:10","guid":{"rendered":"http:\/\/evolve.al\/?page_id=9735"},"modified":"2019-03-15T14:38:31","modified_gmt":"2019-03-15T13:38:31","slug":"e-mail-marketing","status":"publish","type":"page","link":"https:\/\/evolve.al\/it\/e-mail-marketing\/","title":{"rendered":"E-mail marketing"},"content":{"rendered":"<p>[vc_row row_type=&#8221;3&#8243; blox_image=&#8221;9235&#8243; align_center=&#8221;aligncenter&#8221; page_title=&#8221;page-title-x&#8221; blox_dark=&#8221;true&#8221; parallax_speed=&#8221;7&#8243;][vc_column]<hr class=\"vertical-space5\"><hr class=\"vertical-space5\"><hr class=\"vertical-space3\">[vc_column_text]<\/p>\n<h2 class=\"respo-tagline\" style=\"text-align: center; letter-spacing: 1px;\"><strong>MARKETING VIA EMAIL<\/strong><\/h2>\n<p>[\/vc_column_text]<hr class=\"vertical-space5\"><hr class=\"vertical-space5\">[\/vc_column][\/vc_row][vc_row row_type=&#8221;2&#8243; page_title=&#8221;page-title-x&#8221; blox_padding_top=&#8221;50&#8243; blox_padding_bottom=&#8221;50&#8243; blox_bgcolor=&#8221;#f7f7f7&#8243;][vc_column width=&#8221;7\/12&#8243;]<hr class=\"vertical-space5\">[vc_column_text]<\/p>\n<h1><strong>120.000 Italian Emails<\/strong><\/h1>\n<p>Progetta campagne di email marketing coinvolgenti con semplici strumenti drag-and-drop. Il tuo design ha un aspetto sorprendente in ogni casella di posta, su ogni dispositivo. Ti offriamo un livello di comfort e facilit\u00e0 senza precedenti durante la creazione e l&#8217;invio di campagne email.[\/vc_column_text]<hr class=\"vertical-space5\">[\/vc_column][vc_column width=&#8221;5\/12&#8243;][vc_single_image image=&#8221;9293&#8243; img_size=&#8221;full&#8221; alignment=&#8221;right&#8221; css_animation=&#8221;bottom-to-top&#8221;][\/vc_column][\/vc_row][vc_row][vc_column][vc_column_text]<\/p>\n<p>[\/vc_column_text][vc_row_inner][vc_column_inner][vc_column_text]Mito: la gente odia ricevere messaggi pubblicitari tramite e-mail. In effetti, la ricerca dimostra che le persone leggono le loro e-mail e non hanno alcun problema finch\u00e9 le e-mail sono importanti, interessanti e specifiche ai loro bisogni.<\/p>\n<p>L&#8217;email marketing non \u00e8 &#8220;morto&#8221; come dicono alcuni; l&#8217;email marketing sta cambiando. L&#8217;invio di email efficaci \u00e8 fondamentale per la tua strategia di marketing.<\/p>\n<p>Ecco alcuni motivi per cui l&#8217;email marketing \u00e8 morto ed \u00e8 improbabile che sia &#8220;morto&#8221; e dovrebbe essere assolutamente parte della strategia di marketing della tua azienda.<\/p>\n<p><strong>Cellulari<\/strong><\/p>\n<p>Quando l&#8217;unico posto dove ricevere le e-mail era sul tuo computer &#8211; forse un laptop, se pensavi di portare un cavo Ethernet con te &#8211; la gente voleva che le cose uscissero da esso. Ironia della sorte, ora che l&#8217;e-mail \u00e8 disponibile in tasca 24 ore su 24, 7 giorni su 7, le persone hanno ampliato la propria definizione di e-mail di qualit\u00e0. Ora quasi tutti hanno un dispositivo mobile e possono controllare la posta elettronica in qualsiasi momento, da qualsiasi luogo.<\/p>\n<p>Attraverso l&#8217;email marketing, la tua azienda pu\u00f2 beneficiare di una comunicazione mirata e di qualit\u00e0 per una variet\u00e0 di potenziali clienti. I servizi di messaggistica di testo e di messaggistica istantanea sono spesso solo per gli amici, ma le e-mail possono essere lette in modo facile e veloce mentre le persone sono in viaggio.<\/p>\n<p><strong>Buoni e informazioni<\/strong><\/p>\n<p>Le persone vogliono essere informate sulle cose a cui sono interessate, ad esempio quando la tua azienda sta lanciando il suo nuovo prodotto, ma poche persone passano regolarmente il loro tempo a tornare sui siti web per tenersi aggiornato sull&#8217;attivit\u00e0 dell&#8217;azienda. Puoi sempre inviare e-mail transazionali come e-mail di benvenuto, coupon, ecc.<\/p>\n<p>La maggior parte dei consumatori vorrebbe ricevere offerte allettanti tramite newsletter via email. L&#8217;email marketing \u00e8 uno dei modi pi\u00f9 efficaci per migliorare la propria immagine agli occhi del cliente.<\/p>\n<p>La chiave per essere una fonte di informazione positiva, piuttosto che un inconveniente nella posta, \u00e8 la scelta. Non esitare a inviare e-mail a persone che non ti hanno gi\u00e0 detto che sono interessati. In questo modo, massimizza i tuoi sforzi per un pubblico che \u00e8 pi\u00f9 propenso a effettuare un acquisto.<\/p>\n<p><strong>L&#8217;email \u00e8 economica<\/strong><\/p>\n<p>L&#8217;email marketing \u00e8 estremamente utile, specialmente se confrontato con altri metodi come la pubblicit\u00e0 radiofonica e televisiva. Se una campagna \u00e8 debole, il costo viene ammortizzato facilmente, vengono apportati degli aggiustamenti e viene preparata una nuova campagna via e-mail.<br \/>\nCon l&#8217;email marketing, le entrate possono essere aumentate, sempre se fatte nel modo giusto.<\/p>\n<p><strong>\u00c8 veloce<\/strong><\/p>\n<p>Rispetto al direct marketing tradizionale, l&#8217;email marketing \u00e8 quasi immediato: una volta inviata la campagna, i tempi di ricezione e di lettura sono praticamente nulli e quindi trascurabili. Inoltre, l&#8217;e-mail tende a stimolare risposte pi\u00f9 veloci &#8211; generalmente fino a 10 volte di pi\u00f9 &#8211; un risultato che il tradizionale marketing diretto non pu\u00f2 ottenere. Quindi, \u00e8 sempre una buona idea usare l&#8217;email marketing.<br \/>\n\u00c8 misurabile<\/p>\n<p>L&#8217;e-mail marketing, se eseguita correttamente, consente la misurazione del ROI (ritorno sull&#8217;investimento) sulla base di statistiche accurate, tra cui tassi di apertura, percentuali di clic, letture e clic, deliverability e-mail, condivisioni e invii. Inoltre, \u00e8 possibile distinguere il comportamento di ciascun utente selezionando solo le sue azioni.<\/p>\n<p><strong>Aumenta la consapevolezza del marchio<\/strong><\/p>\n<p>Finch\u00e9 un marchio rimane nella mente di un consumatore, le opportunit\u00e0 di vendita godono di molte pi\u00f9 possibilit\u00e0 del normale e ogni e-mail inviata espone i lettori alla loro attivit\u00e0. La pianificazione strategica, unita a contenuti mirati e design elegante contribuiranno alla costante creazione di valore: un&#8217;opportunit\u00e0 per mantenere e aumentare la consapevolezza del marchio. Pu\u00f2 anche aiutare ad aumentare la fedelt\u00e0 dei clienti.<\/p>\n<p><strong>Possibilit\u00e0 di indirizzare la tua campagna<\/strong><\/p>\n<p>Questo dipende molto dal database che hai a disposizione. Un buon database vale oro! Soprattutto se ben mirato. Di solito i database sono divisi per aree di interesse, ma potrebbero anche essere ulteriormente segmentati, ad esempio per gruppi di et\u00e0 o per aree geografiche. Pi\u00f9 informazioni sono disponibili e pi\u00f9 il tuo database viene segmentato, maggiori sono le possibilit\u00e0 di creare campagne di email marketing personalizzate.<\/p>\n<p><strong>Verifica dei risultati<\/strong><\/p>\n<p>Puoi facilmente controllare i risultati di una campagna di email marketing. Se la campagna mira a generare traffico verso un sito Web, sarai in grado di vedere quante pi\u00f9 visite del normale sono state registrate nel periodo immediatamente successivo alla campagna. Se si intende pubblicizzare un prodotto, \u00e8 possibile monitorare facilmente le vendite effettuate tramite il link inserito nell&#8217;e-mail.<\/p>\n<p>Il motivo principale per continuare a utilizzare l&#8217;e-mail marketing \u00e8 che le persone stanno ancora controllando le loro caselle di posta. L&#8217;interesse va e viene in relazione alle piattaforme di social media, ma la posta elettronica mostra costantemente un elevato ROI per ogni dollaro speso. Ogni giorno le persone stanno controllando la posta elettronica, almeno una volta. Molti addirittura trascorrono il loro orario di lavoro con la loro casella di posta elettronica aperta.<\/p>\n<p>Se i tuoi esperti di marketing stanno pensando di abbandonare le strategie di email, dovresti farli smettere! L&#8217;email marketing \u00e8 qui e rimarr\u00e0 finch\u00e9 l&#8217;email \u00e8 ancora il modo pi\u00f9 economico, pi\u00f9 veloce e pi\u00f9 efficace per condividere rapidamente le informazioni. Inizia a creare la tua lista di selezione oggi e domani puoi vendere per i clienti interessati.<\/p>\n<p><strong>Integrazione con tutti i sistemi e canali aziendali<\/strong><\/p>\n<p>Le moderne piattaforme per l&#8217;email marketing possono essere integrate in modo semplice e immediato sia sui social network che sui siti aziendali. Ci\u00f2 consente di conoscere e monitorare il percorso del cliente in tutte le sue fasi e di eseguire varie operazioni sulla base delle informazioni raccolte, come il recupero dei carrelli abbandonati o l&#8217;invio di offerte su misura<\/p>\n<p><strong>Parte della strategia<\/strong><\/p>\n<p>L&#8217;email ha la capacit\u00e0 di integrarsi in qualsiasi strategia di marketing. Le email si spostano facilmente per riempire gli spazi vuoti, creare liste di acquirenti interessati e fornire informazioni.<\/p>\n<p>L&#8217;email funziona con il tuo blog per condividere post recenti; pu\u00f2 unire i tuoi messaggi di social media pi\u00f9 interessanti a un auditor non interessato per essere direttamente nei social media; pu\u00f2 notificare a persone di webinar, accordo e scadenza per l&#8217;offerta; pu\u00f2 anche essere collegato alla tua influente campagna di marketing.<\/p>\n<p>Finch\u00e9 invii un elenco di destinatari che hai scelto, passi molto tempo a trascorrere un po &#8216;di tempo su un pubblico interessato.<\/p>\n<p><strong>\u00c8 personale.<br \/>\n<\/strong><br \/>\nQuando si indirizza uno sforzo di e-mail marketing in un modo piacevole per una riga dell&#8217;oggetto, si ha una migliore possibilit\u00e0 del 20 per cento che il destinatario aprir\u00e0 l&#8217;e-mail. Questo \u00e8 solo il primo passo verso l&#8217;invio di e-mail come messaggio personale anzich\u00e9 spam. Questi sono altri modi in cui la tua piccola impresa pu\u00f2 incoraggiare un clic:<br \/>\nCon un&#8217;e-mail ben costruita, basata sui requisiti e le preferenze del tuo pubblico, puoi automatizzare questo processo per sfruttare il tuo marchio senza investimenti importanti.<br \/>\n[\/vc_column_text][\/vc_column_inner][\/vc_row_inner][\/vc_column][\/vc_row][vc_row][vc_column]<hr class=\"vertical-space5\">\n\t<div class=\"max-title max-title5\">\n\t\t<h1>COSA <strong>FACCIAMO <\/strong> <\/h2>\n\t<\/div>[\/vc_column][\/vc_row][vc_row][vc_column width=&#8221;1\/3&#8243;]<hr class=\"vertical-space2\"><article class=\"icon-box\" ><i class=\"sl-screen-tablet\" style=\"\"><\/i><h4>Responsive Email Design<\/h4><p>Codificheremo la tua email in HTML e CSS che utilizza le query multimediali per ottenere una formattazione ottimale su tutti i dispositivi di tutte le dimensioni.<\/p><\/article><hr class=\"vertical-space2\"><article class=\"icon-box\" ><i class=\"sl-layers\" style=\"\"><\/i><h4>Automatizzato Email Marketing <\/h4><p>I nostri esperti di automazione del marketing ti aiuteranno a far crescere le tue vendite e a convertire pi\u00f9 lead, il tutto risparmiando tempo, denaro e angoscia.<\/p><\/article><hr class=\"vertical-space2\">[\/vc_column][vc_column width=&#8221;1\/3&#8243;]<hr class=\"vertical-space2\"><article class=\"icon-box\" ><i class=\"sl-note\" style=\"\"><\/i><h4>Email Copywriting<\/h4><p>Il nostro servizio di copywriting e-mail ti consentir\u00e0 di generare maggiori profitti dal canale di marketing con il ROI pi\u00f9 elevato.<\/p><\/article><hr class=\"vertical-space2\"><article class=\"icon-box\" ><i class=\"sl-equalizer\" style=\"\"><\/i><h4>Email marketing completamente gestito<\/h4><p>Il nostro servizio completamente gestito include la creazione di due campagne email al mese, tutte progettate e scritte professionalmente per te<\/p><\/article><hr class=\"vertical-space2\">[\/vc_column][vc_column width=&#8221;1\/3&#8243;]<hr class=\"vertical-space2\"><article class=\"icon-box\" ><i class=\"sl-envelope-letter\" style=\"\"><\/i><h4>Produzione e distribuzione della campagna<\/h4><p>Ci concentriamo sull'aiutare a massimizzare le prestazioni della tua azienda con comunicazioni innescate comportamentalmente mirate.<\/p><\/article><hr class=\"vertical-space2\"><article class=\"icon-box\" ><i class=\"sl-reload\" style=\"\"><\/i><h4>Pulizia della lista e-mail<\/h4><p>Elimineremo i tuoi vecchi e stanchi indirizzi email e ti assicureremo che la tua lista sia perfettamente pulita e pronta a segnare punti di consegna.<\/p><\/article><hr class=\"vertical-space2\">[\/vc_column][\/vc_row][vc_row row_type=&#8221;2&#8243; blox_padding_top=&#8221;40&#8243; blox_bgcolor=&#8221;#f6f8f9&#8243;][vc_column]<hr class=\"vertical-space3\">\n\t<div class=\"max-title max-title5\">\n\t\t<h1>COME <strong>FACCIAMO<\/strong> <\/h2>\n\t<\/div><hr class=\"vertical-space2\">[\/vc_column][\/vc_row][vc_row row_type=&#8221;1&#8243;][vc_column]\n\t<div class=\"buy-process-wrap\">\n\t\t<div class=\"buy-process-items\">\n\t\t\t\t<div class=\"buy-process-item\">\n\t\t\t\t\t<div class=\"text-wrap\">\n\t\t\t\t\t\t<h4><strong>CREA<\/strong> NEWSLETTER<\/h4>\n\t\t\t\t\t\t<p>Design engaging email marketing campaigns with simple drag-and-drop tools. Fast and simple!<\/p>\n\t\t\t\t\t<\/div>\n\t\t\t\t\t<span>1<\/span>\n\t\t\t\t\t<div class=\"icon-wrapper\">\n\t\t\t\t\t\t<i class=\"fa fa-rss\"><\/i>\n\t\t\t\t\t<\/div>\n\t\t\t\t<\/div>\n\t\t\t\t<div class=\"buy-process-item\">\n\t\t\t\t\t<div class=\"text-wrap\">\n\t\t\t\t\t\t<h4>PROVE DI <strong>TRASPORTO<\/strong><\/h4>\n\t\t\t\t\t\t<p>EvolveStudio consente di eseguire un test di recapito ai maggiori provider di servizi di posta elettronica con un solo clic.<\/p>\n\t\t\t\t\t<\/div>\n\t\t\t\t\t<span>2<\/span>\n\t\t\t\t\t<div class=\"icon-wrapper\">\n\t\t\t\t\t\t<i class=\"fa fa-inbox\"><\/i>\n\t\t\t\t\t<\/div>\n\t\t\t\t<\/div>\n\t\t\t\t<div class=\"buy-process-item featured\">\n\t\t\t\t\t<div class=\"text-wrap\">\n\t\t\t\t\t\t<h4><strong>A\/B Split <\/strong>Test <\/h4>\n\t\t\t\t\t\t<p>Invia due e-mail leggermente diverse, vedi quale funziona meglio e invia la versione migliore al resto degli abbonati.<\/p>\n\t\t\t\t\t<\/div>\n\t\t\t\t\t<span>3<\/span>\n\t\t\t\t\t<div class=\"icon-wrapper\">\n\t\t\t\t\t\t<i class=\"fa fa-random\"><\/i>\n\t\t\t\t\t<\/div>\n\t\t\t\t<\/div>\n\t\t\t\t<div class=\"buy-process-item\">\n\t\t\t\t\t<div class=\"text-wrap\">\n\t\t\t\t\t\t<h4><strong>INVIA<\/strong> LA TUA CAMPAGNA<\/h4>\n\t\t\t\t\t\t<p>Pianifica la tua campagna o inviala immediatamente. Controlla la consegna nei nostri rapporti e statistiche immediatamente.<\/p>\n\t\t\t\t\t<\/div>\n\t\t\t\t\t<span>4<\/span>\n\t\t\t\t\t<div class=\"icon-wrapper\">\n\t\t\t\t\t\t<i class=\"fa fa-paper-plane-o\"><\/i>\n\t\t\t\t\t<\/div>\n\t\t\t\t<\/div>\n\t\t\t\t<div class=\"buy-process-item\">\n\t\t\t\t\t<div class=\"text-wrap\">\n\t\t\t\t\t\t<h4>CAMPAGNA<strong> DI TRACCIA<\/strong><\/h4>\n\t\t\t\t\t\t<p>Traccia tutto: apre, fa clic, annulla l'iscrizione, reclami spam, rimbalzi, attivit\u00e0 di collegamento e molto altro.<\/p>\n\t\t\t\t\t<\/div>\n\t\t\t\t\t<span>5<\/span>\n\t\t\t\t\t<div class=\"icon-wrapper\">\n\t\t\t\t\t\t<i class=\"fa fa-bar-chart\"><\/i>\n\t\t\t\t\t<\/div>\n\t\t\t\t<\/div>\n\t\t<\/div>\n\t<\/div>[\/vc_column][\/vc_row][vc_row][vc_column][vc_column_text]<\/p>\n<p>[\/vc_column_text][\/vc_column][\/vc_row][vc_row][vc_column width=&#8221;1\/2&#8243;]<hr class=\"vertical-space5\">[vc_column_text]<\/p>\n<h3>Traccia Campagne. Monitorare i report.<\/h3>\n<p>Monitorare le prestazioni della tua campagna di email marketing \u00e8 pi\u00f9 facile con il software di email marketing EasyWeb. Puoi facilmente ottenere informazioni sul numero di destinatari che hanno aperto la tua email, sul numero di email rimbalzate, sulla cancellazione delle tariffe e sulle statistiche. EasyWeb offre una variet\u00e0 di modi per analizzare e interpretare il rendimento della tua campagna con grafici e dati per aiutarti a migliorare le tue campagne.[\/vc_column_text]<hr class=\"vertical-space2\">[\/vc_column][vc_column width=&#8221;1\/2&#8243;]<hr class=\"vertical-space5\">[vc_column_text]<\/p>\n<h3>Invia la tua campagna e assicurati la consegna.<\/h3>\n<p>Le campagne e-mail possono essere inviate a vostro piacimento in quanto le abbiamo archiviate nel cloud, il che significa che \u00e8 possibile accedervi in qualsiasi momento e ovunque tramite desktop, tablet o iPhone. Pianifica la tua campagna o inviala immediatamente. Controlla la consegna nei nostri rapporti e statistiche immediatamente. I tassi di consegna elevati sono garantiti poich\u00e9 abbiamo cicli di feedback con tutti i principali fornitori di servizi Internet.[\/vc_column_text]<hr class=\"vertical-space2\">[\/vc_column][\/vc_row][vc_row][vc_column]\n\t<div class=\"max-title max-title3\">\n\t\t<h2>I NOSTRI CLIENTI FELICI<\/h2>\n\t<\/div><hr class=\"vertical-space1\"><div class=\"aligncenter\"><hr class=\"vertical-space1\"><div class=\"col-md-12 our-clients-wrap crsl\"><ul id=\"our-clients\" class=\"our-clients crsl\"><li><img alt=\"\" src=\"https:\/\/evolve.al\/admin\/core-wp\/..\/..\/site\/resources-global\/content-data\/uploads\/dga_logo_landscape_v1.jpg\"\/><\/li><li><img alt=\"\" src=\"https:\/\/evolve.al\/admin\/core-wp\/..\/..\/site\/resources-global\/content-data\/uploads\/ardeno-mobileri-al_logo_2.jpg\"\/><\/li><li><img alt=\"\" src=\"https:\/\/evolve.al\/admin\/core-wp\/..\/..\/site\/resources-global\/content-data\/uploads\/salillari-shpk_logo.jpg\"\/><\/li><li><img alt=\"\" src=\"https:\/\/evolve.al\/admin\/core-wp\/..\/..\/site\/resources-global\/content-data\/uploads\/alb-pastrim_logo.jpg\"\/><\/li><li><img alt=\"\" src=\"https:\/\/evolve.al\/admin\/core-wp\/..\/..\/site\/resources-global\/content-data\/uploads\/supersport_logo_v1.jpg\"\/><\/li><li><img alt=\"\" src=\"https:\/\/evolve.al\/admin\/core-wp\/..\/..\/site\/resources-global\/content-data\/uploads\/dpm-gov-al_logo.jpg\"\/><\/li><li><img alt=\"\" src=\"https:\/\/evolve.al\/admin\/core-wp\/..\/..\/site\/resources-global\/content-data\/uploads\/mmsr-gov-al_logo.jpg\"\/><\/li><li><img alt=\"\" src=\"https:\/\/evolve.al\/admin\/core-wp\/..\/..\/site\/resources-global\/content-data\/uploads\/biznes-albania_logo.jpg\"\/><\/li><li><img alt=\"\" src=\"https:\/\/evolve.al\/admin\/core-wp\/..\/..\/site\/resources-global\/content-data\/uploads\/su-shefqet-ndroqi_logo.jpg\"\/><\/li><li><img alt=\"\" src=\"https:\/\/evolve.al\/admin\/core-wp\/..\/..\/site\/resources-global\/content-data\/uploads\/ekb_logo.jpg\"\/><\/li><li><img alt=\"\" src=\"https:\/\/evolve.al\/admin\/core-wp\/..\/..\/site\/resources-global\/content-data\/uploads\/leon-kons_logo.jpg\"\/><\/li><li><img alt=\"\" src=\"https:\/\/evolve.al\/admin\/core-wp\/..\/..\/site\/resources-global\/content-data\/uploads\/alushi-trans-al_logo.jpg\"\/><\/li><\/ul><\/div><hr class=\"vertical-space2\"><\/div>[\/vc_column][\/vc_row][vc_row row_type=&#8221;2&#8243; blox_height=&#8221;452&#8243; blox_image=&#8221;9705&#8243; blox_bgcolor=&#8221;#f7f7f7&#8243;][vc_column el_class=&#8221;aligncenter&#8221;]<hr class=\"vertical-space5\"><hr class=\"vertical-space1\">[vc_column_text]<\/p>\n<h1 style=\"text-align: center;\">Iniziamo<br \/>\nil <strong>tuo progetto<\/strong><\/h1>\n<p>[\/vc_column_text]<hr class=\"vertical-space1\">[vc_column_text]Ci concentriamo fortemente sulla funzione e sull&#8217;usabilit\u00e0 e ti addestriamo a gestire il tuo sito web come una risorsa aziendale. Facciamo del nostro meglio per assicurare che i tuoi contenuti vengano consegnati in modo tale che i visitatori possano trovare facilmente e intuitivamente le informazioni che cercano, ottenendo un&#8217;esperienza utente piacevole e produttiva.[\/vc_column_text]<hr class=\"vertical-space1\"><a href=\"http:\/\/evolve.al\/request-a-quote\/\" class=\"button skyblue  medium bordered-bot \" target=\"_self\">RICHIEDI UN PREVENTIVO<\/a><hr class=\"vertical-space4\">[\/vc_column][\/vc_row][vc_row row_type=&#8221;2&#8243; blox_image=&#8221;9171&#8243; blox_cover=&#8221;false&#8221; blox_repeat=&#8221;repeat&#8221; blox_dark=&#8221;true&#8221; blox_bgcolor=&#8221;#00c2e5&#8243;][vc_column]<hr class=\"vertical-space3\">[vc_row_inner][vc_column_inner el_class=&#8221;aligncenter&#8221;][vc_column_text]<\/p>\n<h1 style=\"text-align: center;\">Cose che abbiamo <strong>fatto <\/strong><\/h1>\n<p style=\"text-align: center;\">Siamo costruendo ponti nella tecnologia web per collegare l&#8217;obiettivo del cliente alla realt\u00e0<\/p>\n<p>[\/vc_column_text]<a href=\"http:\/\/evolve.al\/projects\/\" class=\"button white  medium bordered-bot \" target=\"_self\">VISUALIZZA I NOSTRI PROGETTI<\/a>[\/vc_column_inner][\/vc_row_inner]<hr class=\"vertical-space2\">[\/vc_column][\/vc_row]<\/p>","protected":false},"excerpt":{"rendered":"<p>[vc_row row_type=&#8221;3&#8243; blox_image=&#8221;9235&#8243; align_center=&#8221;aligncenter&#8221; page_title=&#8221;page-title-x&#8221; blox_dark=&#8221;true&#8221; parallax_speed=&#8221;7&#8243;][vc_column][vc_column_text] MARKETING VIA EMAIL [\/vc_column_text][\/vc_column][\/vc_row][vc_row row_type=&#8221;2&#8243; page_title=&#8221;page-title-x&#8221; blox_padding_top=&#8221;50&#8243; blox_padding_bottom=&#8221;50&#8243; blox_bgcolor=&#8221;#f7f7f7&#8243;][vc_column width=&#8221;7\/12&#8243;][vc_column_text] 120.000 Italian Emails Progetta campagne di email marketing coinvolgenti con semplici strumenti drag-and-drop. Il tuo design ha un aspetto sorprendente in ogni casella di posta, su ogni dispositivo. Ti offriamo un livello di comfort e facilit\u00e0 senza precedenti durante la creazione e l&#8217;invio di campagne email.[\/vc_column_text][\/vc_column][vc_column width=&#8221;5\/12&#8243;][vc_single_image image=&#8221;9293&#8243; img_size=&#8221;full&#8221; alignment=&#8221;right&#8221; css_animation=&#8221;bottom-to-top&#8221;][\/vc_column][\/vc_row][vc_row][vc_column][vc_column_text] [\/vc_column_text][vc_row_inner][vc_column_inner][vc_column_text]Mito: la gente odia ricevere messaggi pubblicitari tramite e-mail. In effetti, la ricerca dimostra che le persone leggono le loro e-mail e non hanno alcun problema finch\u00e9 le e-mail sono importanti, interessanti e specifiche ai loro bisogni. L&#8217;email marketing non \u00e8 &#8220;morto&#8221; come dicono alcuni; l&#8217;email marketing sta cambiando. L&#8217;invio di email efficaci \u00e8 fondamentale per la tua strategia di marketing. Ecco alcuni motivi per cui l&#8217;email marketing \u00e8 morto ed \u00e8 improbabile che sia &#8220;morto&#8221; e dovrebbe essere assolutamente parte della strategia di marketing della tua azienda. Cellulari Quando l&#8217;unico posto dove ricevere le e-mail era sul tuo computer &#8211; forse un laptop, se pensavi di portare un cavo Ethernet con te &#8211; la gente voleva che le cose uscissero da esso. Ironia della sorte, ora che l&#8217;e-mail \u00e8 disponibile in tasca 24 ore su 24, 7 giorni su 7, le persone hanno ampliato la propria definizione di e-mail di qualit\u00e0. Ora quasi tutti hanno un dispositivo mobile e possono controllare la posta elettronica in qualsiasi momento, da qualsiasi luogo. Attraverso l&#8217;email marketing, la tua azienda pu\u00f2 beneficiare di una comunicazione mirata e di qualit\u00e0 per una variet\u00e0 di potenziali clienti. I servizi di messaggistica di testo e di messaggistica istantanea sono spesso solo per gli amici, ma le e-mail possono essere lette in modo facile e veloce mentre le persone sono in viaggio. Buoni e informazioni Le persone vogliono essere&#8230; <\/p>\n<p><a class=\"readmore\" href=\"https:\/\/evolve.al\/it\/e-mail-marketing\/\">Continue Reading<\/a><\/p>\n","protected":false},"author":2,"featured_media":0,"parent":0,"menu_order":0,"comment_status":"closed","ping_status":"closed","template":"","meta":[],"_links":{"self":[{"href":"https:\/\/evolve.al\/it\/wp-json\/wp\/v2\/pages\/9735"}],"collection":[{"href":"https:\/\/evolve.al\/it\/wp-json\/wp\/v2\/pages"}],"about":[{"href":"https:\/\/evolve.al\/it\/wp-json\/wp\/v2\/types\/page"}],"author":[{"embeddable":true,"href":"https:\/\/evolve.al\/it\/wp-json\/wp\/v2\/users\/2"}],"replies":[{"embeddable":true,"href":"https:\/\/evolve.al\/it\/wp-json\/wp\/v2\/comments?post=9735"}],"version-history":[{"count":6,"href":"https:\/\/evolve.al\/it\/wp-json\/wp\/v2\/pages\/9735\/revisions"}],"predecessor-version":[{"id":11180,"href":"https:\/\/evolve.al\/it\/wp-json\/wp\/v2\/pages\/9735\/revisions\/11180"}],"wp:attachment":[{"href":"https:\/\/evolve.al\/it\/wp-json\/wp\/v2\/media?parent=9735"}],"curies":[{"name":"wp","href":"https:\/\/api.w.org\/{rel}","templated":true}]}}