{"id":9479,"date":"2016-04-12T09:21:15","date_gmt":"2016-04-12T09:21:15","guid":{"rendered":"http:\/\/webnus.biz\/themes\/easyweb\/design\/?page_id=9479"},"modified":"2019-03-12T17:07:53","modified_gmt":"2019-03-12T16:07:53","slug":"siti-web-cms-personalizzati","status":"publish","type":"page","link":"https:\/\/evolve.al\/it\/siti-web-cms-personalizzati\/","title":{"rendered":"Siti Web CMS personalizzati"},"content":{"rendered":"<p>[vc_row row_type=&#8221;3&#8243; blox_image=&#8221;9971&#8243; align_center=&#8221;aligncenter&#8221; page_title=&#8221;page-title-x&#8221; blox_dark=&#8221;true&#8221; parallax_speed=&#8221;7&#8243;][vc_column]<hr class=\"vertical-space5\"><hr class=\"vertical-space5\"><hr class=\"vertical-space3\">[vc_column_text]<\/p>\n<h2 class=\"respo-tagline\" style=\"text-align: center; letter-spacing: 1px;\"><strong>SITI WEB CMS PERSONALIZZATI<\/strong><\/h2>\n<p>[\/vc_column_text]<hr class=\"vertical-space5\"><hr class=\"vertical-space5\">[\/vc_column][\/vc_row][vc_row][vc_column width=&#8221;1\/4&#8243;][\/vc_column][vc_column width=&#8221;1\/2&#8243; el_class=&#8221;aligncenter&#8221;]<hr class=\"vertical-space5\"><i class=\"sl-layers\" style=\" font-size:64px; color:#d6d6d6;\"><\/i><hr class=\"vertical-space1\">[vc_column_text]<\/p>\n<h3 style=\"text-align: center;\"><strong>CMS Personalizzati<\/strong><\/h3>\n<p style=\"text-align: center;\">Se devi cambiare spesso il tuo sito web, dovresti prendere in considerazione un sito Web CMS anzich\u00e9 un sito web statico. Un sito Web Content Management System (CMS) consente a te o ai tuoi partner \/ dipendenti di aggiungere e modificare contenuti sul tuo sito Web da un pannello amministrativo protetto da una password. Questi sistemi sono utili perch\u00e9 non hai bisogno di formazione in HTML per aggiungere nuove pagine o modificare o eliminare contenuti per il tuo sito.<\/p>\n<p>[\/vc_column_text]<hr class=\"vertical-space3\">[\/vc_column][vc_column width=&#8221;1\/4&#8243;][\/vc_column][\/vc_row][vc_row row_type=&#8221;2&#8243; blox_bgcolor=&#8221;#f7f7f7&#8243;][vc_column]<hr class=\"vertical-space5\">\n\t<div class=\"max-title max-title3\">\n\t\t<h2>COSA <strong>FACCIAMO <\/strong><\/h2>\n\t<\/div>[vc_column_text]<\/p>\n<p class=\"slog-tx3 aligncenter\">Creiamo piattaforme CMS personalizzate per i clienti che necessitano di una soluzione su misura per un sito Web o un sistema basato sul Web. Alcuni dei vantaggi degni di nota che offriamo insieme ai nostri servizi CMS personalizzati includono:<\/p>\n<p>[\/vc_column_text]<hr class=\"vertical-space3\">[\/vc_column][\/vc_row][vc_row row_type=&#8221;2&#8243; blox_padding_bottom=&#8221;80&#8243; blox_bgcolor=&#8221;#f7f7f7&#8243;][vc_column width=&#8221;1\/2&#8243;]<article class=\"icon-box7\" ><i class=\"sl-check\" style=\" color:#00c2e5;\"><\/i><h4>Deliverable esattamente come per lo scopo del progetto<\/h4><\/article><article class=\"icon-box7\" ><i class=\"sl-check\" style=\" color:#00c2e5;\"><\/i><h4>Implementazione e supporto completi di CMS<\/h4><\/article><article class=\"icon-box7\" ><i class=\"sl-check\" style=\" color:#00c2e5;\"><\/i><h4>Soluzioni CMS altamente scalabili<\/h4><\/article>[\/vc_column][vc_column width=&#8221;1\/2&#8243;]<article class=\"icon-box7\" ><i class=\"sl-check\" style=\" color:#00c2e5;\"><\/i><h4>La migliore tecnologia a costi accessibili<\/h4><\/article><article class=\"icon-box7\" ><i class=\"sl-check\" style=\" color:#00c2e5;\"><\/i><h4>Mantieni il tuo sito ottimizzato e SEO friendly<\/h4><\/article><article class=\"icon-box7\" ><i class=\"sl-check\" style=\" color:#00c2e5;\"><\/i><h4>Responsabile del progetto dedicato ed esperto<\/h4><\/article>[\/vc_column][\/vc_row][vc_row][vc_column][vc_row_inner][vc_column_inner][vc_column_text]Crea il tuo CMS attraente e amichevole con il CMS pi\u00f9 semplice e potente, che offre infinite possibilit\u00e0 e personalizzazioni ai desideri del tuo sito con il design ottimale e innovativo. WordPress ti consente di creare siti Web personalizzati.<\/p>\n<p><strong>Crea il tuo sito web professionale con Drupal!<\/strong><\/p>\n<p>Drupal fornisce strumenti per costruire vari tipi di pagine potenti. \u00c8 un sistema di gestione dei contenuti altamente flessibile e altamente scalabile. Drupal \u00e8 utilizzato in tutto il mondo da societ\u00e0 internazionali, istituzioni governative, istituti di istruzione superiore e organizzazioni non governative.<\/p>\n<p>Usando Drupal, costruiamo siti web che si adattano ai tuoi obiettivi e hanno un design meraviglioso per attirare pi\u00f9 visitatori. Drupal offre soluzioni per qualsiasi applicazione e consente di fornire non solo pagine belle, ma anche potenti e funzionali.[\/vc_column_text][\/vc_column_inner][\/vc_row_inner]<hr class=\"vertical-space5\">\n\t<div class=\"max-title max-title3\">\n\t\t<h2>LE NOSTRE CARATTERISTICHE DEL <strong>CMS<\/strong><\/h2>\n\t<\/div>[vc_column_text]<\/p>\n<p class=\"slog-tx3 aligncenter\">Il nostro sistema di gestione dei contenuti (CMS) di facile utilizzo consente di creare, modificare e pubblicare i contenuti del tuo sito Web, tra cui i seguenti<\/p>\n<p>[\/vc_column_text]<hr class=\"vertical-space2\">[vc_row_inner][vc_column_inner width=&#8221;1\/2&#8243;]<hr class=\"vertical-space2\">[vc_single_image image=&#8221;9482&#8243; img_size=&#8221;full&#8221;][\/vc_column_inner][vc_column_inner width=&#8221;1\/2&#8243;]<hr class=\"vertical-space2\"><article class=\"icon-box5\" ><i class=\"sl-check\" style=\" color:#00c2e5;\"><\/i><h4>Aggiorna il testo del sito web, link<\/h4><\/article><article class=\"icon-box5\" ><i class=\"sl-check\" style=\" color:#00c2e5;\"><\/i><h4>Gestione della pagina illimitata<\/h4><\/article><article class=\"icon-box5\" ><i class=\"sl-check\" style=\" color:#00c2e5;\"><\/i><h4>Galleria fotografica<\/h4><\/article><article class=\"icon-box5\" ><i class=\"sl-check\" style=\" color:#00c2e5;\"><\/i><h4>Cataloghi di prodotti<\/h4><\/article><article class=\"icon-box5\" ><i class=\"sl-check\" style=\" color:#00c2e5;\"><\/i><h4>Website banners &amp; graphics<\/h4><\/article><article class=\"icon-box5\" ><i class=\"sl-check\" style=\" color:#00c2e5;\"><\/i><h4>Login sicuri<\/h4><\/article><article class=\"icon-box5\" ><i class=\"sl-check\" style=\" color:#00c2e5;\"><\/i><h4>Collegamenti e gestione menu<\/h4><\/article><article class=\"icon-box5\" ><i class=\"sl-check\" style=\" color:#00c2e5;\"><\/i><h4>Semplice editor HTML<\/h4><\/article><article class=\"icon-box5\" ><i class=\"sl-check\" style=\" color:#00c2e5;\"><\/i><h4>Blog<\/h4><\/article><article class=\"icon-box5\" ><i class=\"sl-check\" style=\" color:#00c2e5;\"><\/i><h4>Struttura amichevole SEO<\/h4><\/article><article class=\"icon-box5\" ><i class=\"sl-check\" style=\" color:#00c2e5;\"><\/i><h4>Integrazione dei social media<\/h4><\/article><article class=\"icon-box5\" ><i class=\"sl-check\" style=\" color:#00c2e5;\"><\/i><h4>Integrazione di Google Map<\/h4><\/article>[\/vc_column_inner][\/vc_row_inner]<hr class=\"vertical-space4\">[\/vc_column][\/vc_row][vc_row][vc_column]<hr class=\"vertical-space2\">\n\t<div class=\"max-title max-title3\">\n\t\t<h2>I NOSTRI SERVIZI <strong>PROFESSIONALI<\/strong><\/h2>\n\t<\/div>[\/vc_column][\/vc_row][vc_row][vc_column width=&#8221;1\/3&#8243;]<article class=\"icon-box\" ><i class=\"sl-wrench\" style=\"\"><\/i><h4>Sviluppo di modelli<\/h4><p>Ti forniremo una base pixel perfetta, SEO-friendly, multipiattaforma e conforme agli standard su cui costruire il tuo sito.<\/p><\/article>[\/vc_column][vc_column width=&#8221;1\/3&#8243;]<article class=\"icon-box\" ><i class=\"sl-layers\" style=\"\"><\/i><h4>Programmazione CMS personalizzata<\/h4><p>Se stai cercando di sviluppare un'applicazione personalizzata o una funzione che EasyDesign non include gi\u00e0, fateci costruire per voi.<\/p><\/article>[\/vc_column][vc_column width=&#8221;1\/3&#8243;]<article class=\"icon-box\" ><i class=\"sl-screen-desktop\" style=\"\"><\/i><h4>Migrazioni del sito<\/h4><p>Stai cercando di spostare il tuo sito su EasyDesign CMS? Lascia che gestiamo la migrazione per te o aiutiamo il tuo team ad accelerare il processo.<\/p><\/article>[\/vc_column][\/vc_row][vc_row][vc_column]<hr class=\"vertical-space1\">[\/vc_column][\/vc_row][vc_row][vc_column]\n\t<div class=\"max-title max-title3\">\n\t\t<h2>I NOSTRI CLIENTI FELICI<\/h2>\n\t<\/div><hr class=\"vertical-space1\"><div class=\"aligncenter\"><hr class=\"vertical-space1\"><div class=\"col-md-12 our-clients-wrap crsl\"><ul id=\"our-clients\" class=\"our-clients crsl\"><li><img alt=\"\" src=\"https:\/\/evolve.al\/admin\/core-wp\/..\/..\/site\/resources-global\/content-data\/uploads\/dga_logo_landscape_v1.jpg\"\/><\/li><li><img alt=\"\" src=\"https:\/\/evolve.al\/admin\/core-wp\/..\/..\/site\/resources-global\/content-data\/uploads\/ardeno-mobileri-al_logo_2.jpg\"\/><\/li><li><img alt=\"\" src=\"https:\/\/evolve.al\/admin\/core-wp\/..\/..\/site\/resources-global\/content-data\/uploads\/salillari-shpk_logo.jpg\"\/><\/li><li><img alt=\"\" src=\"https:\/\/evolve.al\/admin\/core-wp\/..\/..\/site\/resources-global\/content-data\/uploads\/alb-pastrim_logo.jpg\"\/><\/li><li><img alt=\"\" src=\"https:\/\/evolve.al\/admin\/core-wp\/..\/..\/site\/resources-global\/content-data\/uploads\/supersport_logo_v1.jpg\"\/><\/li><li><img alt=\"\" src=\"https:\/\/evolve.al\/admin\/core-wp\/..\/..\/site\/resources-global\/content-data\/uploads\/dpm-gov-al_logo.jpg\"\/><\/li><li><img alt=\"\" src=\"https:\/\/evolve.al\/admin\/core-wp\/..\/..\/site\/resources-global\/content-data\/uploads\/mmsr-gov-al_logo.jpg\"\/><\/li><li><img alt=\"\" src=\"https:\/\/evolve.al\/admin\/core-wp\/..\/..\/site\/resources-global\/content-data\/uploads\/biznes-albania_logo.jpg\"\/><\/li><li><img alt=\"\" src=\"https:\/\/evolve.al\/admin\/core-wp\/..\/..\/site\/resources-global\/content-data\/uploads\/su-shefqet-ndroqi_logo.jpg\"\/><\/li><li><img alt=\"\" src=\"https:\/\/evolve.al\/admin\/core-wp\/..\/..\/site\/resources-global\/content-data\/uploads\/ekb_logo.jpg\"\/><\/li><li><img alt=\"\" src=\"https:\/\/evolve.al\/admin\/core-wp\/..\/..\/site\/resources-global\/content-data\/uploads\/leon-kons_logo.jpg\"\/><\/li><li><img alt=\"\" src=\"https:\/\/evolve.al\/admin\/core-wp\/..\/..\/site\/resources-global\/content-data\/uploads\/alushi-trans-al_logo.jpg\"\/><\/li><\/ul><\/div><hr class=\"vertical-space2\"><\/div>[\/vc_column][\/vc_row][vc_row row_type=&#8221;2&#8243; blox_height=&#8221;452&#8243; blox_image=&#8221;9705&#8243; blox_bgcolor=&#8221;#f7f7f7&#8243;][vc_column el_class=&#8221;aligncenter&#8221;]<hr class=\"vertical-space5\"><hr class=\"vertical-space1\">[vc_column_text]<\/p>\n<h1 style=\"text-align: center;\">Iniziamo<br \/>\nil <strong>tuo progetto<\/strong><\/h1>\n<p>[\/vc_column_text]<hr class=\"vertical-space1\">[vc_column_text]<\/p>\n<p class=\"slog-tx2 aligncenter\">Ti aiuteremo a raggiungere i tuoi obiettivi e far crescere la tua attivit\u00e0.<\/p>\n<p>[\/vc_column_text]<hr class=\"vertical-space1\"><a href=\"http:\/\/evolve.al\/request-a-quote\/\" class=\"button skyblue  medium bordered-bot \" target=\"_self\">RICHIEDI UN PREVENTIVO<\/a><hr class=\"vertical-space4\">[\/vc_column][\/vc_row][vc_row row_type=&#8221;2&#8243; blox_image=&#8221;9171&#8243; blox_cover=&#8221;false&#8221; blox_repeat=&#8221;repeat&#8221; blox_dark=&#8221;true&#8221; blox_bgcolor=&#8221;#00c2e5&#8243;][vc_column]<hr class=\"vertical-space3\">[vc_row_inner][vc_column_inner el_class=&#8221;aligncenter&#8221;][vc_column_text]<\/p>\n<h1 style=\"text-align: center;\">Cose che abbiamo <strong>fatto<\/strong><\/h1>\n<p style=\"text-align: center;\">Stiamo costruendo ponti nella tecnologia web per collegare l&#8217;obiettivo del cliente alla realt\u00e0<\/p>\n<p>[\/vc_column_text]<a href=\"http:\/\/evolve.al\/projects\/\" class=\"button white  medium bordered-bot \" target=\"_self\">VISUALIZZA I NOSTRI PROGETTI<\/a>[\/vc_column_inner][\/vc_row_inner]<hr class=\"vertical-space2\">[\/vc_column][\/vc_row]<\/p>","protected":false},"excerpt":{"rendered":"<p>[vc_row row_type=&#8221;3&#8243; blox_image=&#8221;9971&#8243; align_center=&#8221;aligncenter&#8221; page_title=&#8221;page-title-x&#8221; blox_dark=&#8221;true&#8221; parallax_speed=&#8221;7&#8243;][vc_column][vc_column_text] SITI WEB CMS PERSONALIZZATI [\/vc_column_text][\/vc_column][\/vc_row][vc_row][vc_column width=&#8221;1\/4&#8243;][\/vc_column][vc_column width=&#8221;1\/2&#8243; el_class=&#8221;aligncenter&#8221;][vc_column_text] CMS Personalizzati Se devi cambiare spesso il tuo sito web, dovresti prendere in considerazione un sito Web CMS anzich\u00e9 un sito web statico. Un sito Web Content Management System (CMS) consente a te o ai tuoi partner \/ dipendenti di aggiungere e modificare contenuti sul tuo sito Web da un pannello amministrativo protetto da una password. Questi sistemi sono utili perch\u00e9 non hai bisogno di formazione in HTML per aggiungere nuove pagine o modificare o eliminare contenuti per il tuo sito. [\/vc_column_text][\/vc_column][vc_column width=&#8221;1\/4&#8243;][\/vc_column][\/vc_row][vc_row row_type=&#8221;2&#8243; blox_bgcolor=&#8221;#f7f7f7&#8243;][vc_column][vc_column_text] Creiamo piattaforme CMS personalizzate per i clienti che necessitano di una soluzione su misura per un sito Web o un sistema basato sul Web. Alcuni dei vantaggi degni di nota che offriamo insieme ai nostri servizi CMS personalizzati includono: [\/vc_column_text][\/vc_column][\/vc_row][vc_row row_type=&#8221;2&#8243; blox_padding_bottom=&#8221;80&#8243; blox_bgcolor=&#8221;#f7f7f7&#8243;][vc_column width=&#8221;1\/2&#8243;][\/vc_column][vc_column width=&#8221;1\/2&#8243;][\/vc_column][\/vc_row][vc_row][vc_column][vc_row_inner][vc_column_inner][vc_column_text]Crea il tuo CMS attraente e amichevole con il CMS pi\u00f9 semplice e potente, che offre infinite possibilit\u00e0 e personalizzazioni ai desideri del tuo sito con il design ottimale e innovativo. WordPress ti consente di creare siti Web personalizzati. Crea il tuo sito web professionale con Drupal! Drupal fornisce strumenti per costruire vari tipi di pagine potenti. \u00c8 un sistema di gestione dei contenuti altamente flessibile e altamente scalabile. Drupal \u00e8 utilizzato in tutto il mondo da societ\u00e0 internazionali, istituzioni governative, istituti di istruzione superiore e organizzazioni non governative. Usando Drupal, costruiamo siti web che si adattano ai tuoi obiettivi e hanno un design meraviglioso per attirare pi\u00f9 visitatori. Drupal offre soluzioni per qualsiasi applicazione e consente di fornire non solo pagine belle, ma anche potenti e funzionali.[\/vc_column_text][\/vc_column_inner][\/vc_row_inner][vc_column_text] Il nostro sistema di gestione dei contenuti (CMS) di facile utilizzo consente di creare, modificare e pubblicare i contenuti del tuo sito Web, tra cui i seguenti [\/vc_column_text][vc_row_inner][vc_column_inner&#8230; <\/p>\n<p><a class=\"readmore\" href=\"https:\/\/evolve.al\/it\/siti-web-cms-personalizzati\/\">Continue Reading<\/a><\/p>\n","protected":false},"author":1,"featured_media":0,"parent":0,"menu_order":0,"comment_status":"closed","ping_status":"closed","template":"","meta":[],"_links":{"self":[{"href":"https:\/\/evolve.al\/it\/wp-json\/wp\/v2\/pages\/9479"}],"collection":[{"href":"https:\/\/evolve.al\/it\/wp-json\/wp\/v2\/pages"}],"about":[{"href":"https:\/\/evolve.al\/it\/wp-json\/wp\/v2\/types\/page"}],"author":[{"embeddable":true,"href":"https:\/\/evolve.al\/it\/wp-json\/wp\/v2\/users\/1"}],"replies":[{"embeddable":true,"href":"https:\/\/evolve.al\/it\/wp-json\/wp\/v2\/comments?post=9479"}],"version-history":[{"count":6,"href":"https:\/\/evolve.al\/it\/wp-json\/wp\/v2\/pages\/9479\/revisions"}],"predecessor-version":[{"id":11155,"href":"https:\/\/evolve.al\/it\/wp-json\/wp\/v2\/pages\/9479\/revisions\/11155"}],"wp:attachment":[{"href":"https:\/\/evolve.al\/it\/wp-json\/wp\/v2\/media?parent=9479"}],"curies":[{"name":"wp","href":"https:\/\/api.w.org\/{rel}","templated":true}]}}