{"id":9470,"date":"2016-04-12T07:23:56","date_gmt":"2016-04-12T07:23:56","guid":{"rendered":"http:\/\/webnus.biz\/themes\/easyweb\/design\/?page_id=9470"},"modified":"2023-11-13T09:59:30","modified_gmt":"2023-11-13T08:59:30","slug":"sito-web-e-commerce","status":"publish","type":"page","link":"https:\/\/evolve.al\/it\/sito-web-e-commerce\/","title":{"rendered":"Sito web e-commerce"},"content":{"rendered":"<p>[vc_row row_type=&#8221;3&#8243; blox_image=&#8221;9477&#8243; align_center=&#8221;aligncenter&#8221; page_title=&#8221;page-title-x&#8221; blox_dark=&#8221;true&#8221; blox_class=&#8221;breadcrumb&#8221; parallax_speed=&#8221;7&#8243;][vc_column]<hr class=\"vertical-space5\">[vc_column_text]<\/p>\n<h2 class=\"respo-tagline\" style=\"text-align: center; letter-spacing: 1px;\"><strong>SITO WEB E-COMMERCE<\/strong><\/h2>\n<p>[\/vc_column_text]<hr class=\"vertical-space5\">[\/vc_column][\/vc_row][vc_row][vc_column width=&#8221;1\/6&#8243;][\/vc_column][vc_column width=&#8221;2\/3&#8243; el_class=&#8221;aligncenter&#8221;]<hr class=\"vertical-space5\"><i class=\"fa-shopping-cart\" style=\" font-size:64px; color:#d6d6d6;\"><\/i><hr class=\"vertical-space1\">[vc_column_text]<\/p>\n<h3 style=\"text-align: center;\"><strong>E-Commerce<\/strong><\/h3>\n<p style=\"text-align: center;\">Tutti sanno che i negozi al dettaglio sono un buon affare, non importa cosa vendi; ci saranno sempre persone vicino a te disposte ad acquistare i tuoi prodotti o servizi. Ma un negozio al dettaglio \u00e8 limitato alla sua posizione geografica. Se vuoi andare globale, non ci sono limiti su Internet. Soprattutto, un negozio online ridurr\u00e0 i costi. Tecnicamente parlando, puoi raggiungere chiunque abbia una connessione Internet.<\/p>\n<p>[\/vc_column_text][\/vc_column][vc_column width=&#8221;1\/6&#8243;][\/vc_column][\/vc_row][vc_row row_type=&#8221;2&#8243; blox_bgcolor=&#8221;#f7f7f7&#8243;][vc_column]<hr class=\"vertical-space3\">\n\t<div class=\"max-title max-title3\">\n\t\t<h2>COSA <strong>FACCIAMO<\/strong><\/h2>\n\t<\/div>[vc_column_text]<\/p>\n<p class=\"slog-tx3 aligncenter\">Possiamo aiutarvi a progettare e sviluppare soluzioni di e-commerce end-to-end per ottimizzare la comunicazione, automatizzare il flusso di lavoro, gestire transazioni ad alto volume, gestione e autenticazione degli utenti, gestione di dati e contenuti, applicazioni del carrello di acquisto e integrazione del gateway di pagamento. Il nostro servizio di progettazione include:<\/p>\n<p>[\/vc_column_text]<hr class=\"vertical-space3\">[\/vc_column][\/vc_row][vc_row row_type=&#8221;2&#8243; blox_padding_bottom=&#8221;80&#8243; blox_bgcolor=&#8221;#f7f7f7&#8243;][vc_column width=&#8221;1\/2&#8243;]<article class=\"icon-box7\" ><i class=\"sl-check\" style=\" color:#00c2e5;\"><\/i><h4>PROGETTARE UNA NUOVA PRESENZA ONLINE<\/h4><\/article><article class=\"icon-box7\" ><i class=\"sl-check\" style=\" color:#00c2e5;\"><\/i><h4>Creazione di pagine di destinazione uniche<\/h4><\/article><article class=\"icon-box7\" ><i class=\"sl-check\" style=\" color:#00c2e5;\"><\/i><h4>SVILUPPARE IL CREATIVO PER LE CAMPAGNE EMAIL<\/h4><\/article>[\/vc_column][vc_column width=&#8221;1\/2&#8243;]<article class=\"icon-box7\" ><i class=\"sl-check\" style=\" color:#00c2e5;\"><\/i><h4>Compatibile con dispositivi mobili reattivi personalizzati<\/h4><\/article><article class=\"icon-box7\" ><i class=\"sl-check\" style=\" color:#00c2e5;\"><\/i><h4>Web Hosting \/ Registrazione del nome di dominio<\/h4><\/article><article class=\"icon-box7\" ><i class=\"sl-check\" style=\" color:#00c2e5;\"><\/i><h4>Ottimizzazione completa dei motori di ricerca<\/h4><\/article>[\/vc_column][\/vc_row][vc_row][vc_column]<hr class=\"vertical-space5\">\n\t<div class=\"max-title max-title3\">\n\t\t<h2>LA NOSTRA <strong>SOLUZIONE<\/strong> E-COMMERCE<\/h2>\n\t<\/div>[vc_column_text]<\/p>\n<p class=\"slog-tx3 aligncenter\">Sulla base dei tuoi obiettivi e requisiti unici, forniamo soluzioni di ecommerce personalizzate che non ti faranno crescere troppo. Otterrai una soluzione web e-commerce stabile e sicura con tutte le funzionalit\u00e0 necessarie.<\/p>\n<p>[\/vc_column_text]<hr class=\"vertical-space2\">[vc_row_inner][vc_column_inner width=&#8221;1\/2&#8243;]<hr class=\"vertical-space4\"><article class=\"icon-box5\" ><i class=\"sl-check\" style=\" color:#00c2e5;\"><\/i><h4>Motore di ricerca ottimizzato con link e sitemap SEO friendly<\/h4><\/article><article class=\"icon-box5\" ><i class=\"sl-check\" style=\" color:#00c2e5;\"><\/i><h4>Pagamento anonimo, a una pagina per migliorare le conversioni<\/h4><\/article><article class=\"icon-box5\" ><i class=\"sl-check\" style=\" color:#00c2e5;\"><\/i><h4>Gestione scorte e scorte<\/h4><\/article><article class=\"icon-box5\" ><i class=\"sl-check\" style=\" color:#00c2e5;\"><\/i><h4>Opzioni di attributo personalizzato per prodotti, come selezioni di colore e peso<\/h4><\/article><article class=\"icon-box5\" ><i class=\"sl-check\" style=\" color:#00c2e5;\"><\/i><h4>Rapporti sulle vendite che possono essere esportati in formati foglio di calcolo<\/h4><\/article><article class=\"icon-box5\" ><i class=\"sl-check\" style=\" color:#00c2e5;\"><\/i><h4>Offer coupons, discount codes, and gift certificates<\/h4><\/article>[\/vc_column_inner][vc_column_inner width=&#8221;1\/2&#8243;]<hr class=\"vertical-space4\"><article class=\"icon-box5\" ><i class=\"sl-check\" style=\" color:#00c2e5;\"><\/i><h4>Carrello della spesa online che i visitatori possono aggiungere e modificare<\/h4><\/article><article class=\"icon-box5\" ><i class=\"sl-check\" style=\" color:#00c2e5;\"><\/i><h4>Cronologia ordini, stato della spedizione, creazione della lista dei desideri<\/h4><\/article><article class=\"icon-box5\" ><i class=\"sl-check\" style=\" color:#00c2e5;\"><\/i><h4>Pagamento sicuro con crittografia SSL a 128 bit<\/h4><\/article><article class=\"icon-box5\" ><i class=\"sl-check\" style=\" color:#00c2e5;\"><\/i><h4>Opzione di confezione regalo e messaggi di carte regalo<\/h4><\/article><article class=\"icon-box5\" ><i class=\"sl-check\" style=\" color:#00c2e5;\"><\/i><h4>Integrazione con Paypal e oltre 50 altri gateway di pagamento<\/h4><\/article><article class=\"icon-box5\" ><i class=\"sl-check\" style=\" color:#00c2e5;\"><\/i><h4>Aggiungi e modifica prezzi e descrizioni dei prodotti con facilit\u00e0<\/h4><\/article>[\/vc_column_inner][\/vc_row_inner]<hr class=\"vertical-space3\">[\/vc_column][\/vc_row][vc_row][vc_column]\n\t<div class=\"max-title max-title3\">\n\t\t<h2>I NOSTRI <strong>CLIENTI FELICI<\/strong>.<\/h2>\n\t<\/div><hr class=\"vertical-space1\"><div class=\"aligncenter\"><hr class=\"vertical-space1\"><div class=\"col-md-12 our-clients-wrap crsl\"><ul id=\"our-clients\" class=\"our-clients crsl\"><li><img alt=\"\" src=\"https:\/\/evolve.al\/admin\/core-wp\/..\/..\/site\/resources-global\/content-data\/uploads\/dga_logo_landscape_v1.jpg\"\/><\/li><li><img alt=\"\" src=\"https:\/\/evolve.al\/admin\/core-wp\/..\/..\/site\/resources-global\/content-data\/uploads\/ardeno-mobileri-al_logo_2.jpg\"\/><\/li><li><img alt=\"\" src=\"https:\/\/evolve.al\/admin\/core-wp\/..\/..\/site\/resources-global\/content-data\/uploads\/salillari-shpk_logo.jpg\"\/><\/li><li><img alt=\"\" src=\"https:\/\/evolve.al\/admin\/core-wp\/..\/..\/site\/resources-global\/content-data\/uploads\/alb-pastrim_logo.jpg\"\/><\/li><li><img alt=\"\" src=\"https:\/\/evolve.al\/admin\/core-wp\/..\/..\/site\/resources-global\/content-data\/uploads\/supersport_logo_v1.jpg\"\/><\/li><li><img alt=\"\" src=\"https:\/\/evolve.al\/admin\/core-wp\/..\/..\/site\/resources-global\/content-data\/uploads\/dpm-gov-al_logo.jpg\"\/><\/li><li><img alt=\"\" src=\"https:\/\/evolve.al\/admin\/core-wp\/..\/..\/site\/resources-global\/content-data\/uploads\/mmsr-gov-al_logo.jpg\"\/><\/li><li><img alt=\"\" src=\"https:\/\/evolve.al\/admin\/core-wp\/..\/..\/site\/resources-global\/content-data\/uploads\/biznes-albania_logo.jpg\"\/><\/li><li><img alt=\"\" src=\"https:\/\/evolve.al\/admin\/core-wp\/..\/..\/site\/resources-global\/content-data\/uploads\/su-shefqet-ndroqi_logo.jpg\"\/><\/li><li><img alt=\"\" src=\"https:\/\/evolve.al\/admin\/core-wp\/..\/..\/site\/resources-global\/content-data\/uploads\/ekb_logo.jpg\"\/><\/li><li><img alt=\"\" src=\"https:\/\/evolve.al\/admin\/core-wp\/..\/..\/site\/resources-global\/content-data\/uploads\/leon-kons_logo.jpg\"\/><\/li><li><img alt=\"\" src=\"https:\/\/evolve.al\/admin\/core-wp\/..\/..\/site\/resources-global\/content-data\/uploads\/alushi-trans-al_logo.jpg\"\/><\/li><\/ul><\/div><hr class=\"vertical-space2\"><\/div>[vc_row_inner][vc_column_inner][\/vc_column_inner][\/vc_row_inner][vc_column_text]Tutti sanno che i negozi online sono un buon affare, indipendentemente da ci\u00f2 che viene venduto; ci saranno sempre persone che vogliono acquistare i tuoi prodotti o servizi. Ma un negozio al dettaglio \u00e8 limitato alla sua posizione geografica. Con un negozio online, l&#8217;unico limite \u00e8 la tua immaginazione. Con Evolve Studio, crea il tuo sito di e-commerce per qualsiasi attivit\u00e0 online che possiedi.<br \/>\nCrea ora il tuo <strong>sito<\/strong> <strong>e commerce<\/strong> e sfrutta le numerose opportunit\u00e0 offerte dal mondo del marketing online.<\/p>\n<p>L&#8217;e-commerce o il negozio online altrimenti noto consente a tutte le societ\u00e0, aziende e istituzioni di promuovere e commercializzare i propri prodotti e servizi online. Per le vendite online, l&#8217;e-commerce \u00e8 la scelta giusta per te. Se hai un negozio online e vuoi vendere i tuoi prodotti e servizi, i siti di e-commerce sono la soluzione di cui hai bisogno. Realizziamo un sito web professionale e la soluzione giusta per le vendite online.<\/p>\n<p>L&#8217;e-commerce \u00e8 una delle principali tendenze nelle vendite online degli ultimi anni. Molte persone hanno deciso di costruire i loro negozi online e vendono qualsiasi tipo di prodotto online sulla rete internazionale di tutto il mondo. Puoi scegliere ci\u00f2 che venderai e ti consegneremo sul tuo sito web. Il nostro staff pu\u00f2 aiutarti a creare<strong> sito e commerce<\/strong> professionali per la tua attivit\u00e0. Ti aiuteremo ad aumentare il potere dell&#8217;e-commerce. Costruiamo per te il <strong>sito e commerce<\/strong> professionale.<\/p>\n<p>In un modo pi\u00f9 semplice per effettuare vendite online per la tua azienda, i siti e-commerce offrono un modo semplice e sicuro per vendere e acquistare prodotti e servizi online da un&#8217;azienda o da molte aziende di tutto il mondo. L&#8217;e-commerce \u00e8 una delle principali tendenze degli ultimi anni nelle vendite online. Molte persone hanno costruito i loro negozi online e vendono i loro prodotti in tutto il mondo.<\/p>\n<p>Le persone usano il termine &#8220;e-commerce&#8221; o &#8220;shopping online&#8221; per descrivere il processo di ricerca e la scelta dei prodotti sui siti e-commerce e quindi, una volta che trovano il loro prodotto utilizzando una carta di credito o di debito per pochi secondi, possono eseguire l&#8217;acquisto del prodotto ed eseguire la transazione di pagamento. Le vendite attraverso l&#8217;e-commerce su Internet sono recentemente aumentate rapidamente.<\/p>\n<p>Grazie all&#8217;usp di<strong> sito e commerce<\/strong>, il tuo negozio online pu\u00f2 essere visitato da milioni di utenti Internet che sono potenziali clienti dei tuoi prodotti o servizi.<\/p>\n<p>Costruisci il <strong>sito e commerce<\/strong>. Ti offriamo soluzioni personalizzate per il commercio online che cresci, in base ai tuoi obiettivi e requisiti specifici. Man mano che cresci, ci assicuriamo di offrire una soluzione sicura e di resurfacing per il tuo negozio online. Le opportunit\u00e0 di vendita online sono una soluzione sicura e veloce. <strong>Creazione sito e commerce in Albania<\/strong>.<\/p>\n<p>\u00c8 possibile gestire la gestione dei prodotti online. Ci\u00f2 significa che puoi semplicemente elencare o aggiungere prodotti al tuo negozio come preferisci. L&#8217;ampia gamma di prodotti che puoi vendere online non \u00e8 un problema, e nel negozio virtuale che stai utilizzando \u00e8 multifunzionale e puoi usarlo per tutte le tue esigenze.<\/p>\n<p>Noi di EVOLVE Studio sviluppiamo <strong>sito e commerce<\/strong> veloce e semplice da utilizzare. Se vuoi che i tuoi prodotti vengano venduti non solo nei negozi fisici ma anche su Internet, dato che l&#8217;opportunit\u00e0 di avere milioni di visitatori che vogliono acquistare i tuoi prodotti sono interessati a conoscere la tua attivit\u00e0, la soluzione giusta \u00e8 l&#8217;eCommerce.<\/p>\n<p>Con le pagine professionali di e-commerce, le vendite saranno pi\u00f9 facili, il numero di visitatori e di persone interessate aumenter\u00e0, la percentuale maggiore di questi potr\u00e0 essere restituita ai potenziali clienti, le vendite online sono pi\u00f9 facili con ECOMMERCE. Se vuoi che un sito web sia online, la soluzione giusta \u00e8 E-commerce.<\/p>\n<p>Avere un robusto sito eCommerce \u00e8 alla base della tua attivit\u00e0 di vendita al dettaglio online e noi di Evolve comprendiamo l&#8217;importanza di utilizzare le ultime tecnologie per aumentare la redditivit\u00e0. Le nostre soluzioni di eCommerce offrono il meglio delle funzionalit\u00e0 e funzionalit\u00e0 standard rimanendo completamente personalizzabile<\/p>\n<p>Il nostro team discuter\u00e0 le vostre esigenze di funzionalit\u00e0 personalizzate e adatter\u00e0 una soluzione che corrisponda ai vostri obiettivi di marca e e-commerce online.<br \/>\nEcommerce Website Design and Development \u00e8 la migliore possibilit\u00e0 per il tuo negozio online ora al giorno.<\/p>\n<p>Il web design eCommerce \u00e8 il nostro servizio principale. Forniamo a tutti i tipi di aziende sito Web professionale a livello nazionale e soluzione di carrello della spesa. Siamo pronti ad aiutare la tua azienda a trovare una soluzione per le esigenze che meglio si adattano a te. Il nostro eCommerce pu\u00f2 aiutarti a semplificare la gestione del tuo business online.<\/p>\n<p>Puoi scegliere cosa vuoi vendere e il nostro team realizzer\u00e0 il tuo sito di e-commerce. Ti offriamo la sicurezza di cui hai bisogno per il tuo negozio online, l&#8217;opportunit\u00e0 di vendere i numerosi prodotti online che la tua azienda pu\u00f2 avere.<\/p>\n<p>Il nostro team di esperti ti aiuter\u00e0 a costruire la perfetta e conveniente soluzione di e-commerce per il tuo business partendo dalla consulenza con te per soddisfare le tue esigenze, sviluppando un<strong> sito e commerce<\/strong><br \/>\nsecondo le tue esigenze di business on-line, ti aiuteremo a massimizzare la potenza di e-commerce.<br \/>\nTi offriamo<strong> sito e commerce <\/strong>in base alle esigenze del tuo negozio online. Scegliere l&#8217;e-commerce per vendere online qualsiasi tipo di prodotto \u00e8 un modo semplice e sicuro per raggiungere pi\u00f9 clienti in numero e senza essere condizionati dalla loro posizione. Con le soluzioni E Commerce, offri al tuo negozio online la possibilit\u00e0 di vendere in modo facile e sicuro.<\/p>\n<p>Creiamo <strong>sito e commerce<\/strong> secondo i tuoi requisiti aziendali online per avere una soluzione pi\u00f9 efficace per il tuo negozio online.<\/p>\n<p>Come uno dei modi pi\u00f9 semplici di oggi per comprare e vendere online, i siti di e-commerce sono una soluzione sicura per il tuo business online. Evolve Studio, creazione <strong>sito e commerce in Albania<\/strong>.<\/p>\n<p><strong>Facciamolo<\/strong><\/p>\n<p>Ti aiutiamo a trovare e sviluppare la soluzione definitiva per il tuo negozio online, nonch\u00e9 a migliorare la comunicazione, automatizzare il flusso di lavoro, gestire transazioni di volume elevato, gestire e identificare gli utenti, gestire dati e contenuti, applicazioni di shopping online e l&#8217;integrazione del sistema di pagamento. Crea subito il tuo <strong>sito e commerce<\/strong>. Evolve Studio crea siti Web professionali.[\/vc_column_text][\/vc_column][\/vc_row][vc_row row_type=&#8221;2&#8243; blox_height=&#8221;452&#8243; blox_image=&#8221;9705&#8243; blox_bgcolor=&#8221;#f7f7f7&#8243;][vc_column el_class=&#8221;aligncenter&#8221;]<hr class=\"vertical-space5\"><hr class=\"vertical-space1\">[vc_column_text]<\/p>\n<h1 style=\"text-align: center;\">Iniziamo<br \/>\nil <strong>tuo progetto<\/strong><\/h1>\n<p>[\/vc_column_text]<hr class=\"vertical-space1\">[vc_column_text]<\/p>\n<p class=\"slog-tx2 aligncenter\">Ti aiuteremo a raggiungere i tuoi obiettivi e far crescere la tua attivit\u00e0.<\/p>\n<p>[\/vc_column_text]<hr class=\"vertical-space1\"><a href=\"http:\/\/evolve.al\/request-a-quote\/\" class=\"button skyblue  medium bordered-bot \" target=\"_self\">RICHIEDI UN PREVENTIVO<\/a><hr class=\"vertical-space4\">[\/vc_column][\/vc_row][vc_row row_type=&#8221;2&#8243; blox_image=&#8221;9171&#8243; blox_cover=&#8221;false&#8221; blox_repeat=&#8221;repeat&#8221; blox_dark=&#8221;true&#8221; blox_bgcolor=&#8221;#00c2e5&#8243;][vc_column]<hr class=\"vertical-space3\">[vc_row_inner][vc_column_inner el_class=&#8221;aligncenter&#8221;][vc_column_text]<\/p>\n<h1 style=\"text-align: center;\">Cose che abbiamo <strong>fatto <\/strong><\/h1>\n<p style=\"text-align: center;\">Siamo costruendo ponti nella tecnologia web per collegare l&#8217;obiettivo del cliente alla realt\u00e0<\/p>\n<p>[\/vc_column_text]<a href=\"http:\/\/evolve.al\/projects\/\" class=\"button white  medium bordered-bot \" target=\"_self\">VISUALIZZA I NOSTRI PROGETTI<\/a>[\/vc_column_inner][\/vc_row_inner]<hr class=\"vertical-space2\">[\/vc_column][\/vc_row]<\/p>","protected":false},"excerpt":{"rendered":"<p>[vc_row row_type=&#8221;3&#8243; blox_image=&#8221;9477&#8243; align_center=&#8221;aligncenter&#8221; page_title=&#8221;page-title-x&#8221; blox_dark=&#8221;true&#8221; blox_class=&#8221;breadcrumb&#8221; parallax_speed=&#8221;7&#8243;][vc_column][vc_column_text] SITO WEB E-COMMERCE [\/vc_column_text][\/vc_column][\/vc_row][vc_row][vc_column width=&#8221;1\/6&#8243;][\/vc_column][vc_column width=&#8221;2\/3&#8243; el_class=&#8221;aligncenter&#8221;][vc_column_text] E-Commerce Tutti sanno che i negozi al dettaglio sono un buon affare, non importa cosa vendi; ci saranno sempre persone vicino a te disposte ad acquistare i tuoi prodotti o servizi. Ma un negozio al dettaglio \u00e8 limitato alla sua posizione geografica. Se vuoi andare globale, non ci sono limiti su Internet. Soprattutto, un negozio online ridurr\u00e0 i costi. Tecnicamente parlando, puoi raggiungere chiunque abbia una connessione Internet. [\/vc_column_text][\/vc_column][vc_column width=&#8221;1\/6&#8243;][\/vc_column][\/vc_row][vc_row row_type=&#8221;2&#8243; blox_bgcolor=&#8221;#f7f7f7&#8243;][vc_column][vc_column_text] Possiamo aiutarvi a progettare e sviluppare soluzioni di e-commerce end-to-end per ottimizzare la comunicazione, automatizzare il flusso di lavoro, gestire transazioni ad alto volume, gestione e autenticazione degli utenti, gestione di dati e contenuti, applicazioni del carrello di acquisto e integrazione del gateway di pagamento. Il nostro servizio di progettazione include: [\/vc_column_text][\/vc_column][\/vc_row][vc_row row_type=&#8221;2&#8243; blox_padding_bottom=&#8221;80&#8243; blox_bgcolor=&#8221;#f7f7f7&#8243;][vc_column width=&#8221;1\/2&#8243;][\/vc_column][vc_column width=&#8221;1\/2&#8243;][\/vc_column][\/vc_row][vc_row][vc_column][vc_column_text] Sulla base dei tuoi obiettivi e requisiti unici, forniamo soluzioni di ecommerce personalizzate che non ti faranno crescere troppo. Otterrai una soluzione web e-commerce stabile e sicura con tutte le funzionalit\u00e0 necessarie. [\/vc_column_text][vc_row_inner][vc_column_inner width=&#8221;1\/2&#8243;][\/vc_column_inner][vc_column_inner width=&#8221;1\/2&#8243;][\/vc_column_inner][\/vc_row_inner][\/vc_column][\/vc_row][vc_row][vc_column][vc_row_inner][vc_column_inner][\/vc_column_inner][\/vc_row_inner][vc_column_text]Tutti sanno che i negozi online sono un buon affare, indipendentemente da ci\u00f2 che viene venduto; ci saranno sempre persone che vogliono acquistare i tuoi prodotti o servizi. Ma un negozio al dettaglio \u00e8 limitato alla sua posizione geografica. Con un negozio online, l&#8217;unico limite \u00e8 la tua immaginazione. Con Evolve Studio, crea il tuo sito di e-commerce per qualsiasi attivit\u00e0 online che possiedi. Crea ora il tuo sito e commerce e sfrutta le numerose opportunit\u00e0 offerte dal mondo del marketing online. L&#8217;e-commerce o il negozio online altrimenti noto consente a tutte le societ\u00e0, aziende e istituzioni di promuovere e commercializzare i propri prodotti e servizi online. Per le vendite online, l&#8217;e-commerce \u00e8 la scelta giusta per te. Se hai un negozio&#8230; <\/p>\n<p><a class=\"readmore\" href=\"https:\/\/evolve.al\/it\/sito-web-e-commerce\/\">Continue Reading<\/a><\/p>\n","protected":false},"author":1,"featured_media":0,"parent":0,"menu_order":0,"comment_status":"closed","ping_status":"closed","template":"","meta":[],"_links":{"self":[{"href":"https:\/\/evolve.al\/it\/wp-json\/wp\/v2\/pages\/9470"}],"collection":[{"href":"https:\/\/evolve.al\/it\/wp-json\/wp\/v2\/pages"}],"about":[{"href":"https:\/\/evolve.al\/it\/wp-json\/wp\/v2\/types\/page"}],"author":[{"embeddable":true,"href":"https:\/\/evolve.al\/it\/wp-json\/wp\/v2\/users\/1"}],"replies":[{"embeddable":true,"href":"https:\/\/evolve.al\/it\/wp-json\/wp\/v2\/comments?post=9470"}],"version-history":[{"count":6,"href":"https:\/\/evolve.al\/it\/wp-json\/wp\/v2\/pages\/9470\/revisions"}],"predecessor-version":[{"id":11685,"href":"https:\/\/evolve.al\/it\/wp-json\/wp\/v2\/pages\/9470\/revisions\/11685"}],"wp:attachment":[{"href":"https:\/\/evolve.al\/it\/wp-json\/wp\/v2\/media?parent=9470"}],"curies":[{"name":"wp","href":"https:\/\/api.w.org\/{rel}","templated":true}]}}