{"id":9443,"date":"2016-04-11T12:37:14","date_gmt":"2016-04-11T12:37:14","guid":{"rendered":"http:\/\/webnus.biz\/themes\/easyweb\/design\/?page_id=9443"},"modified":"2019-04-10T10:29:04","modified_gmt":"2019-04-10T09:29:04","slug":"soluzioni-mobili","status":"publish","type":"page","link":"https:\/\/evolve.al\/it\/soluzioni-mobili\/","title":{"rendered":"Soluzioni Mobili"},"content":{"rendered":"<p>[vc_row row_type=&#8221;3&#8243; blox_image=&#8221;9450&#8243; align_center=&#8221;aligncenter&#8221; page_title=&#8221;page-title-x&#8221; blox_dark=&#8221;true&#8221; parallax_speed=&#8221;7&#8243;][vc_column]<hr class=\"vertical-space5\"><hr class=\"vertical-space5\"><hr class=\"vertical-space3\">[vc_column_text]<\/p>\n<h2 class=\"respo-tagline\" style=\"text-align: center; letter-spacing: 1px;\"><strong>SOLUZIONI MOBILI<\/strong><\/h2>\n<p>[\/vc_column_text]<hr class=\"vertical-space5\"><hr class=\"vertical-space5\">[\/vc_column][\/vc_row][vc_row row_type=&#8221;2&#8243; page_title=&#8221;page-title-x&#8221; blox_padding_top=&#8221;50&#8243; blox_padding_bottom=&#8221;50&#8243; blox_bgcolor=&#8221;#f7f7f7&#8243;][vc_column width=&#8221;7\/12&#8243;]<hr class=\"vertical-space5\">[vc_column_text]<\/p>\n<h1><strong>Sviluppo dell&#8217;app<\/strong><\/h1>\n<p>Hai bisogno di un&#8217;app personalizzata, nativa per iOS, Android o Windows? Preferisci un&#8217;applicazione web reattiva multipiattaforma? Hai bisogno di un back-end sicuro? Se lo vuoi, possiamo costruirlo. Sviluppiamo applicazioni complete per smartphone: loghi, disegni e testi per garantire la piena soddisfazione di te e dei tuoi utenti.<br \/>\nRendiamo l&#8217;esperienza utente pi\u00f9 adatta alla tua app. UX \u00e8 la disciplina della gestione dei contenuti: studiamo il percorso degli utenti all&#8217;interno della tua app, creiamo testi su misura e li dividiamo nel modo migliore.<br \/>\nSappiamo come assicurarsi che la tua app sia perfettamente navigabile da qualsiasi dispositivo, iOS e Android. Noi di Evolve, con il nostro team di esperti, progetteremo e svilupperemo la tua app.[\/vc_column_text]<hr class=\"vertical-space5\">[\/vc_column][vc_column width=&#8221;5\/12&#8243;][vc_single_image image=&#8221;9447&#8243; img_size=&#8221;full&#8221; alignment=&#8221;right&#8221; css_animation=&#8221;bottom-to-top&#8221;][\/vc_column][\/vc_row][vc_row][vc_column][vc_row_inner][vc_column_inner][vc_column_text]Rendiamo l&#8217;esperienza utente pi\u00f9 adatta alla tua app. UX \u00e8 la disciplina della gestione dei contenuti: studiamo il percorso degli utenti all&#8217;interno della tua app, creiamo testi su misura e li dividiamo nel modo migliore.<\/p>\n<p>Sappiamo come assicurarsi che la tua app sia perfettamente navigabile da qualsiasi dispositivo, iOS e Android. Evolve \u00e8 qui per aiutarti a ottenere il massimo dalla tua app.<\/p>\n<p>App mobili per espandere la tua presenza nel mondo digitale. Hai bisogno di un&#8217;app personalizzata, iOS, Android o Windows? Preferisci un&#8217;applicazione web adatta a qualsiasi piattaforma? Richiede un back-end sicuro? Se ne hai bisogno, possiamo costruirlo.<\/p>\n<p>Sviluppiamo applicazioni smartphone complete: loghi, mappe e testi per garantire che gli utenti siano pienamente soddisfatti.<\/p>\n<p>Facciamo la migliore esperienza utente per la tua app. L&#8217;esperienza utente \u00e8 la disciplina della gestione dei contenuti: studiamo i passaggi seguiti da un utente nella tua app e creiamo l&#8217;app per rendere l&#8217;esperienza il pi\u00f9 piacevole possibile.<\/p>\n<p>Sappiamo come assicurarsi che la tua app sia completamente navigabile da qualsiasi dispositivo, iOS e Android. Possiamo progettare e sviluppare per ogni azienda e utilizzabile in tutti i tipi di dispositivi.<\/p>\n<p>Un&#8217;app mobile pu\u00f2 essere un ottimo strumento di marketing che far\u00e0 s\u00ec che molte persone vedano e facciano conoscenza con il business creando cos\u00ec anche un nuovo modo per essere pi\u00f9 vicini al cliente.<\/p>\n<p>Sviluppiamo applicazioni mobili adatte alle sempre crescenti esigenze del mercato. A causa del fatto che l&#8217;industria della telefonia mobile ha registrato una grande crescita, lo sviluppo di applicazioni mobili ha enormi richieste. Al giorno d&#8217;oggi, tutte le aziende sono consapevoli della forza e dell&#8217;importanza di creare applicazioni mobili come un ponte e di interagire con tutti i loro clienti.<\/p>\n<p>Noi di EVOLVE con il nostro team di esperti ti offriremo la migliore esperienza per utenti, applicazioni, con le massime prestazioni. Grazie alla loro esperienza nella creazione di applicazioni, il nostro team di professionisti pu\u00f2 sviluppare grandi applicazioni mobili per ottenere prestazioni e prestazioni impressionanti su tutti i dispositivi. Utilizzando tutte le funzionalit\u00e0 offerte dalla piattaforma, creiamo le esperienze mobili pi\u00f9 eccezionali, affidabili e pi\u00f9 apprezzate. Seguiamo le best practice del settore per creare applicazioni mobili. Evolve ha una lunga esperienza nella progettazione e nello sviluppo di applicazioni mobili e pu\u00f2 raggiungere tutte le diverse richieste di ogni tipo di attivit\u00e0, offrendo servizi e prodotti.<\/p>\n<p>EVOLVE sviluppa applicazioni per adattarsi alle sempre crescenti esigenze del mercato e alle crescenti esigenze delle imprese. Prendendo atto del noto fatto che l&#8217;industria della telefonia mobile ha conosciuto un grande sviluppo, lo sviluppo di applicazioni mobili \u00e8 stato molto alto, con aziende di diverso carattere. Al giorno d&#8217;oggi, tutte le aziende sono consapevoli della forza e dell&#8217;importanza di creare applicazioni mobili come un ponte e di interagire con tutti i loro clienti.<\/p>\n<p>Lo sviluppo di applicazioni mobili \u00e8 una necessit\u00e0 nel mondo digitale in cui viviamo. Ogni azienda ha bisogno della costruzione di applicazioni mobili perch\u00e9 rende pi\u00f9 facile connettersi con i clienti sempre e ovunque. Costruire applicazioni mobili per qualsiasi sistema \u00e8 un&#8217;opportunit\u00e0 per aumentare il profitto della tua azienda indipendentemente dal prodotto o servizio che hai. La creazione di applicazioni mobili ti avvicina al tuo servizio clienti e aumenta anche il numero di nuovi clienti che possono conoscere pi\u00f9 rapidamente e in sicurezza con i prodotti o i servizi che offri.<\/p>\n<p>Le applicazioni mobili, come una soluzione aziendale molto semplice ma redditizia oggi, portano una crescente domanda per la costruzione di diverse app mobili, diverse per ogni azienda, e questo ci offre l&#8217;opportunit\u00e0 di soddisfare le molteplici richieste di molte aziende.<\/p>\n<p>Le applicazioni mobili sono diventate un elemento importante oggi nel marketing globale delle varie industrie. Con il dinamismo che il mondo oggi ha assunto, il fatto che si muovano sempre pi\u00f9 in movimento, le persone sono alla ricerca di nuove opportunit\u00e0 per le informazioni di accesso in modo rapido e sicuro. Questo desiderio di informazioni veloci e versatili ha aumentato la domanda per lo sviluppo di applicazioni mobili che sono tra le pi\u00f9 utilizzate dalle aziende per raggiungere la posizione diretta dei propri clienti ovunque si trovino. Le applicazioni mobili, oltre a mantenere in contatto i clienti esistenti, aiutano le aziende a conquistare nuovi clienti fedeli aumentando significativamente le vendite. Le applicazioni mobili sono la soluzione pi\u00f9 innovativa per le tue attivit\u00e0.<\/p>\n<p>Lo sviluppo di applicazioni mobili con Evolve Studio \u00e8 la possibilit\u00e0 di avere app mobili rapide e sicure per telefoni cellulari che soddisfano la precisione di qualsiasi attivit\u00e0 commerciale.<\/p>\n<p>Lo sviluppo di App Mobile \u00e8 un modo semplice per tutte le prepotenze che vogliono raggiungere sempre pi\u00f9 clienti. Progettiamo app mobile adatta alle tue esigenze aziendali e ti aiutiamo a essere sempre dove ti trovi.<br \/>\nLo sviluppo di applicazioni mobili per ogni sistema \u00e8 un&#8217;opportunit\u00e0 per aumentare i profitti delle aziende, indipendentemente dal prodotto o servizio che offri. Lo sviluppo di applicazioni mobili ti avvicina ai tuoi clienti e porta anche un numero crescente di nuovi clienti che possono essere riconosciuti pi\u00f9 rapidamente e in modo pi\u00f9 sicuro con i prodotti o i servizi che offri.<\/p>\n<p>Lo sviluppo di un&#8217;app mobile consente alla tua azienda di avvicinarsi al cliente ma anche al cliente di trovare e avere il tuo servizio sempre quando ne ha bisogno.<br \/>\nLa costruzione di applicazioni mobili con Evolve Studio \u00e8 la possibilit\u00e0 di avere un App Engine mobile veloce, sicuro e soddisfare le aspettative di ogni tipo di attivit\u00e0.<br \/>\nUn&#8217;app mobile pu\u00f2 essere un ottimo strumento di marketing che far\u00e0 vedere a molte persone e familiarizzare con il business creando un nuovo modo di essere pi\u00f9 vicino al cliente.<\/p>\n<p>Costruire applicazioni mobili oggi \u00e8 una soluzione molto efficace per le aziende e i clienti per connettersi di pi\u00f9 tra loro.<\/p>\n<p>Le applicazioni mobili sono diversificate, ma per avere successo come azienda, devi avere l&#8217;applicazione appropriata, che ha le funzionalit\u00e0 adeguate. Il nostro team di supporto \u00e8 qui per aiutarti a sviluppare le applicazioni di cui hai bisogno. Siamo qui per supportare la tua azienda nello sviluppo di applicazioni e per essere competitivi sul mercato. Sebbene i requisiti per le applicazioni di costruzione possano variare significativamente da un&#8217;azienda all&#8217;altra, ci assicuriamo che i tuoi requisiti siano soddisfatti in modo tempestivo per soddisfare l&#8217;esperienza dell&#8217;utente.<br \/>\n[\/vc_column_text][\/vc_column_inner][\/vc_row_inner]<hr class=\"vertical-space1\">[\/vc_column][\/vc_row][vc_row][vc_column]<hr class=\"vertical-space2\">\n\t<div class=\"max-title max-title3\">\n\t\t<h2>I NOSTRI <strong>SERVIZI<\/strong><\/h2>\n\t<\/div>[\/vc_column][\/vc_row][vc_row][vc_column width=&#8221;1\/3&#8243;]<hr class=\"vertical-space3\"><article class=\"icon-box8\" ><i class=\"sl-screen-tablet\" style=\"\"><\/i><h4>Mobili app Sviluppo<\/h4><p>Ti aiutiamo a creare un'esperienza senza interruzioni per le tue applicazioni Web su dispositivi palmari che utilizzano responsive design, HTML5 e CSS3.<\/p><\/article><hr class=\"vertical-space1\">[\/vc_column][vc_column width=&#8221;1\/3&#8243;]<hr class=\"vertical-space3\"><article class=\"icon-box8\" ><i class=\"sl-globe-alt\" style=\"\"><\/i><h4>Servizi di siti web mobili<\/h4><p>Come agenzia a servizio completo, offriamo una gamma di servizi web mobili. Ci\u00f2 include la progettazione mobile, la strategia e lo sviluppo di applicazioni.<\/p><\/article><hr class=\"vertical-space1\">[\/vc_column][vc_column width=&#8221;1\/3&#8243;]<hr class=\"vertical-space3\"><article class=\"icon-box8\" ><i class=\"sl-note\" style=\"\"><\/i><h4>SMS Marketing<\/h4><p>La nostra piattaforma di marketing SMS aziendale progettata per la tua azienda, consente ai professionisti del marketing di comunicare e coinvolgere immediatamente i clienti in viaggio.<\/p><\/article><hr class=\"vertical-space1\">[\/vc_column][\/vc_row][vc_row][vc_column]<hr>[\/vc_column][\/vc_row][vc_row][vc_column width=&#8221;1\/2&#8243;]<hr class=\"vertical-space3\">[vc_single_image image=&#8221;9446&#8243; img_size=&#8221;full&#8221; alignment=&#8221;center&#8221;]<hr class=\"vertical-space2\">[\/vc_column][vc_column width=&#8221;1\/2&#8243;]<hr class=\"vertical-space5\">[vc_column_text]<\/p>\n<h3>I nostri servizi mobili<\/h3>\n<p>&nbsp;<\/p>\n<ul class=\"check\">\n<li>Sviluppo di app per dispositivi mobili<\/li>\n<li>Siti Web mobili<\/li>\n<li>Campagne di ricerca mobile<\/li>\n<li>Mobile Commerce<\/li>\n<li>Codici a barre 2D \/ codici QR<\/li>\n<li>SMS Marketing<\/li>\n<li>Campagne display di Mobile Marketing<\/li>\n<\/ul>\n<p>[\/vc_column_text]<hr class=\"vertical-space2\">[\/vc_column][\/vc_row][vc_row][vc_column]\n\t<div class=\"max-title max-title3\">\n\t\t<h2>I NOSTRI CLIENTI FELICI<\/h2>\n\t<\/div><hr class=\"vertical-space1\"><div class=\"aligncenter\"><hr class=\"vertical-space1\"><div class=\"col-md-12 our-clients-wrap crsl\"><ul id=\"our-clients\" class=\"our-clients crsl\"><li><img alt=\"\" src=\"https:\/\/evolve.al\/admin\/core-wp\/..\/..\/site\/resources-global\/content-data\/uploads\/dga_logo_landscape_v1.jpg\"\/><\/li><li><img alt=\"\" src=\"https:\/\/evolve.al\/admin\/core-wp\/..\/..\/site\/resources-global\/content-data\/uploads\/ardeno-mobileri-al_logo_2.jpg\"\/><\/li><li><img alt=\"\" src=\"https:\/\/evolve.al\/admin\/core-wp\/..\/..\/site\/resources-global\/content-data\/uploads\/salillari-shpk_logo.jpg\"\/><\/li><li><img alt=\"\" src=\"https:\/\/evolve.al\/admin\/core-wp\/..\/..\/site\/resources-global\/content-data\/uploads\/alb-pastrim_logo.jpg\"\/><\/li><li><img alt=\"\" src=\"https:\/\/evolve.al\/admin\/core-wp\/..\/..\/site\/resources-global\/content-data\/uploads\/supersport_logo_v1.jpg\"\/><\/li><li><img alt=\"\" src=\"https:\/\/evolve.al\/admin\/core-wp\/..\/..\/site\/resources-global\/content-data\/uploads\/dpm-gov-al_logo.jpg\"\/><\/li><li><img alt=\"\" src=\"https:\/\/evolve.al\/admin\/core-wp\/..\/..\/site\/resources-global\/content-data\/uploads\/mmsr-gov-al_logo.jpg\"\/><\/li><li><img alt=\"\" src=\"https:\/\/evolve.al\/admin\/core-wp\/..\/..\/site\/resources-global\/content-data\/uploads\/biznes-albania_logo.jpg\"\/><\/li><li><img alt=\"\" src=\"https:\/\/evolve.al\/admin\/core-wp\/..\/..\/site\/resources-global\/content-data\/uploads\/su-shefqet-ndroqi_logo.jpg\"\/><\/li><li><img alt=\"\" src=\"https:\/\/evolve.al\/admin\/core-wp\/..\/..\/site\/resources-global\/content-data\/uploads\/ekb_logo.jpg\"\/><\/li><li><img alt=\"\" src=\"https:\/\/evolve.al\/admin\/core-wp\/..\/..\/site\/resources-global\/content-data\/uploads\/leon-kons_logo.jpg\"\/><\/li><li><img alt=\"\" src=\"https:\/\/evolve.al\/admin\/core-wp\/..\/..\/site\/resources-global\/content-data\/uploads\/alushi-trans-al_logo.jpg\"\/><\/li><\/ul><\/div><hr class=\"vertical-space2\"><\/div>[\/vc_column][\/vc_row][vc_row row_type=&#8221;2&#8243; blox_height=&#8221;452&#8243; blox_image=&#8221;9705&#8243; blox_bgcolor=&#8221;#f7f7f7&#8243;][vc_column el_class=&#8221;aligncenter&#8221;]<hr class=\"vertical-space5\"><hr class=\"vertical-space1\">[vc_column_text]<\/p>\n<h1 style=\"text-align: center;\">Iniziamo<br \/>\nil <strong>tuo progetto<\/strong><\/h1>\n<p>[\/vc_column_text]<hr class=\"vertical-space1\">[vc_column_text]Ti aiuteremo a raggiungere i tuoi obiettivi e far crescere la tua attivit\u00e0.[\/vc_column_text]<hr class=\"vertical-space1\"><a href=\"http:\/\/evolve.al\/request-a-quote\/\" class=\"button skyblue  medium bordered-bot \" target=\"_self\">REQUEST A QUOTE<\/a><hr class=\"vertical-space4\">[\/vc_column][\/vc_row][vc_row row_type=&#8221;2&#8243; blox_image=&#8221;9171&#8243; blox_cover=&#8221;false&#8221; blox_repeat=&#8221;repeat&#8221; blox_dark=&#8221;true&#8221; blox_bgcolor=&#8221;#00c2e5&#8243;][vc_column]<hr class=\"vertical-space3\">[vc_row_inner][vc_column_inner el_class=&#8221;aligncenter&#8221;][vc_column_text]<\/p>\n<h1 style=\"text-align: center;\">Cose che abbiamo <strong>fatto<\/strong><\/h1>\n<p style=\"text-align: center;\">Siamo costruendo ponti nella tecnologia web per collegare l&#8217;obiettivo del cliente alla realt\u00e0<\/p>\n<p>[\/vc_column_text]<a href=\"http:\/\/evolve.al\/projects\/\" class=\"button white  medium bordered-bot \" target=\"_self\">VISUALIZZA I NOSTRI PROGETTI<\/a>[\/vc_column_inner][\/vc_row_inner]<hr class=\"vertical-space2\">[\/vc_column][\/vc_row]<\/p>","protected":false},"excerpt":{"rendered":"<p>[vc_row row_type=&#8221;3&#8243; blox_image=&#8221;9450&#8243; align_center=&#8221;aligncenter&#8221; page_title=&#8221;page-title-x&#8221; blox_dark=&#8221;true&#8221; parallax_speed=&#8221;7&#8243;][vc_column][vc_column_text] SOLUZIONI MOBILI [\/vc_column_text][\/vc_column][\/vc_row][vc_row row_type=&#8221;2&#8243; page_title=&#8221;page-title-x&#8221; blox_padding_top=&#8221;50&#8243; blox_padding_bottom=&#8221;50&#8243; blox_bgcolor=&#8221;#f7f7f7&#8243;][vc_column width=&#8221;7\/12&#8243;][vc_column_text] Sviluppo dell&#8217;app Hai bisogno di un&#8217;app personalizzata, nativa per iOS, Android o Windows? Preferisci un&#8217;applicazione web reattiva multipiattaforma? Hai bisogno di un back-end sicuro? Se lo vuoi, possiamo costruirlo. Sviluppiamo applicazioni complete per smartphone: loghi, disegni e testi per garantire la piena soddisfazione di te e dei tuoi utenti. Rendiamo l&#8217;esperienza utente pi\u00f9 adatta alla tua app. UX \u00e8 la disciplina della gestione dei contenuti: studiamo il percorso degli utenti all&#8217;interno della tua app, creiamo testi su misura e li dividiamo nel modo migliore. Sappiamo come assicurarsi che la tua app sia perfettamente navigabile da qualsiasi dispositivo, iOS e Android. Noi di Evolve, con il nostro team di esperti, progetteremo e svilupperemo la tua app.[\/vc_column_text][\/vc_column][vc_column width=&#8221;5\/12&#8243;][vc_single_image image=&#8221;9447&#8243; img_size=&#8221;full&#8221; alignment=&#8221;right&#8221; css_animation=&#8221;bottom-to-top&#8221;][\/vc_column][\/vc_row][vc_row][vc_column][vc_row_inner][vc_column_inner][vc_column_text]Rendiamo l&#8217;esperienza utente pi\u00f9 adatta alla tua app. UX \u00e8 la disciplina della gestione dei contenuti: studiamo il percorso degli utenti all&#8217;interno della tua app, creiamo testi su misura e li dividiamo nel modo migliore. Sappiamo come assicurarsi che la tua app sia perfettamente navigabile da qualsiasi dispositivo, iOS e Android. Evolve \u00e8 qui per aiutarti a ottenere il massimo dalla tua app. App mobili per espandere la tua presenza nel mondo digitale. Hai bisogno di un&#8217;app personalizzata, iOS, Android o Windows? Preferisci un&#8217;applicazione web adatta a qualsiasi piattaforma? Richiede un back-end sicuro? Se ne hai bisogno, possiamo costruirlo. Sviluppiamo applicazioni smartphone complete: loghi, mappe e testi per garantire che gli utenti siano pienamente soddisfatti. Facciamo la migliore esperienza utente per la tua app. L&#8217;esperienza utente \u00e8 la disciplina della gestione dei contenuti: studiamo i passaggi seguiti da un utente nella tua app e creiamo l&#8217;app per rendere l&#8217;esperienza il pi\u00f9 piacevole possibile. Sappiamo come assicurarsi che la tua app sia completamente navigabile da qualsiasi&#8230; <\/p>\n<p><a class=\"readmore\" href=\"https:\/\/evolve.al\/it\/soluzioni-mobili\/\">Continue Reading<\/a><\/p>\n","protected":false},"author":1,"featured_media":0,"parent":0,"menu_order":0,"comment_status":"closed","ping_status":"closed","template":"","meta":[],"_links":{"self":[{"href":"https:\/\/evolve.al\/it\/wp-json\/wp\/v2\/pages\/9443"}],"collection":[{"href":"https:\/\/evolve.al\/it\/wp-json\/wp\/v2\/pages"}],"about":[{"href":"https:\/\/evolve.al\/it\/wp-json\/wp\/v2\/types\/page"}],"author":[{"embeddable":true,"href":"https:\/\/evolve.al\/it\/wp-json\/wp\/v2\/users\/1"}],"replies":[{"embeddable":true,"href":"https:\/\/evolve.al\/it\/wp-json\/wp\/v2\/comments?post=9443"}],"version-history":[{"count":6,"href":"https:\/\/evolve.al\/it\/wp-json\/wp\/v2\/pages\/9443\/revisions"}],"predecessor-version":[{"id":11196,"href":"https:\/\/evolve.al\/it\/wp-json\/wp\/v2\/pages\/9443\/revisions\/11196"}],"wp:attachment":[{"href":"https:\/\/evolve.al\/it\/wp-json\/wp\/v2\/media?parent=9443"}],"curies":[{"name":"wp","href":"https:\/\/api.w.org\/{rel}","templated":true}]}}