{"id":9433,"date":"2016-04-11T10:23:08","date_gmt":"2016-04-11T10:23:08","guid":{"rendered":"http:\/\/webnus.biz\/themes\/easyweb\/design\/?page_id=9433"},"modified":"2023-04-14T14:00:17","modified_gmt":"2023-04-14T13:00:17","slug":"wordpress-website","status":"publish","type":"page","link":"https:\/\/evolve.al\/it\/wordpress-website\/","title":{"rendered":"Sito Web WordPress"},"content":{"rendered":"<p>[vc_row row_type=&#8221;3&#8243; blox_image=&#8221;9467&#8243; align_center=&#8221;aligncenter&#8221; page_title=&#8221;page-title-x&#8221; blox_dark=&#8221;true&#8221; blox_class=&#8221;breadcrumb&#8221; parallax_speed=&#8221;7&#8243;][vc_column]<hr class=\"vertical-space5\">[vc_column_text]<\/p>\n<h2 class=\"respo-tagline\" style=\"text-align: center; letter-spacing: 1px;\"><strong>SITO WEB WORDPRESS <\/strong><\/h2>\n<p>[\/vc_column_text]<hr class=\"vertical-space5\">[\/vc_column][\/vc_row][vc_row][vc_column width=&#8221;1\/4&#8243;][\/vc_column][vc_column width=&#8221;1\/2&#8243; el_class=&#8221;aligncenter&#8221;]<hr class=\"vertical-space5\"><i class=\"fa-wordpress\" style=\" font-size:64px; color:#d6d6d6;\"><\/i><hr class=\"vertical-space1\">[vc_column_text]<\/p>\n<h3 style=\"text-align: center;\"><strong>Perch\u00e9 WordPress?<\/strong><\/h3>\n<p style=\"text-align: center;\">Un CMS, o sistema di gestione dei contenuti, \u00e8 uno strumento che ti consente di gestire il contenuto del tuo sito web in modo indipendente. WordPress \u00e8 flessibile, altamente personalizzabile, super user-friendly ed \u00e8 un ottimo sistema di gestione dei contenuti (CMS). Puoi usarlo per blog, siti web di piccole imprese e persino e-commerce.<br \/>\nAbbiamo sviluppatori altamente specializzati che possono aggiornare il tuo sito e aggiungere quel tocco personalizzato che hai sempre desiderato. Evolve Studio ha sviluppato siti Web WordPress da pi\u00f9 di 8 anni. WordPress alimenta quasi il 30% dei siti Web, rendendolo la piattaforma preferita da molti blogger, operatori di marketing, operatori di e-commerce, ecc.<\/p>\n<p>[\/vc_column_text]<hr class=\"vertical-space4\">[\/vc_column][vc_column width=&#8221;1\/4&#8243;][\/vc_column][\/vc_row][vc_row row_type=&#8221;2&#8243; blox_padding_top=&#8221;70&#8243; blox_bgcolor=&#8221;#f6f8f9&#8243;][vc_column][vc_row_inner][vc_column_inner][vc_column_text]Ma perch\u00e9, ti starai chiedendo, WordPress \u00e8 cos\u00ec ampiamente utilizzato? Perch\u00e9 usare WordPress? Di seguito sono riportati alcuni dei motivi per cui WordPress oscilla:<\/p>\n<p><strong>WordPress \u00e8 gratuito<\/strong><\/p>\n<p>Non importa se sei un blogger che sta appena iniziando o un marketer che ha bisogno di uno strumento flessibile; WordPress si \u00e8 dimostrato di volta in volta il pi\u00f9 affidabile sistema di gestione dei contenuti (CMS). Cosa c&#8217;\u00e8 di meglio, non dovrai mai preoccuparti di costi nascosti, anche se la popolarit\u00e0 del tuo sito web aumenta oltre i tuoi sogni pi\u00f9 sfrenati. WordPress sar\u00e0 sempre gratuito per te.<\/p>\n<p>Pi\u00f9 importante, WordPress \u00e8 open source. \u00c8 possibile modificare il codice se \u00e8 necessario, in qualsiasi momento, senza dover spendere un solo centesimo. Potresti anche apportare modifiche al tuo sito Web WordPress senza conoscere la programmazione. Questa \u00e8 forse la cosa migliore di WordPress.<\/p>\n<p><strong>Ti fa risparmiare denaro<\/strong><\/p>\n<p>Quando si tratta di scegliere una piattaforma, il costo \u00e8 una delle preoccupazioni principali. Fortunatamente, WordPress \u00e8 un software gratuito. Tuttavia, non \u00e8 l&#8217;unica area in cui risparmierai denaro. Poich\u00e9 WordPress \u00e8 open source e user-friendly, non dovrai assumere web designer o tecnici per avviare o mantenere il tuo sito WordPress<\/p>\n<p><strong>Flessibile<\/strong><\/p>\n<p>Una delle funzionalit\u00e0 pi\u00f9 richieste in un Content Management System (CMS) \u00e8 la flessibilit\u00e0, che WordPress ha. Indipendentemente da cosa usi WordPress, sia come blog personale che come sito di e-commerce, WordPress \u00e8 abbastanza versatile da soddisfare tutte le tue esigenze attraverso le sue estese funzionalit\u00e0 ed estensioni.<\/p>\n<p><strong>WordPress \u00e8 amichevole con SEO (Search Engine Optimization)<\/strong><\/p>\n<p>Google e tutti i motori di ricerca mostrano e classificano i siti web nei risultati di ricerca in base a parametri predefiniti.<br \/>\nPi\u00f9 parametri si riempiono, migliore sar\u00e0 il posizionamento del sito Web nei risultati di ricerca. La buona notizia \u00e8 che WordPress prende tutte le responsabilit\u00e0 SEO che un CMS deve soddisfare. Meglio ancora, ci sono vari plug-in SEO che possono aiutare a migliorare la visibilit\u00e0 nei motori di ricerca del tuo sito.<\/p>\n<p><strong>Facile da usare<\/strong><\/p>\n<p>WordPress sta crescendo rapidamente e uno dei motivi principali \u00e8 che \u00e8 facile da usare. Bastano pochi clic e il WP \u00e8 pronto per l&#8217;uso. Sono disponibili temi e plug-in preinstallati per la scrittura e la pubblicazione degli articoli, la gestione degli utenti, i commenti, i feed RSS, le recensioni e molto altro. Una volta installato, puoi iniziare a creare e pubblicare blog e pagine e creare impostazioni personalizzate senza dover programmare. Inoltre, puoi leggere una guida passo passo su come utilizzare WordPress, che render\u00e0 pi\u00f9 semplice la navigazione nel tuo sito web. Puoi accedere come amministratore di wordpress e modificare il contenuto per soddisfare le tue preferenze.<\/p>\n<p><strong>Sta migliorando<\/strong><\/p>\n<p>Essendo la community pi\u00f9 grande e pi\u00f9 efficace, WordPress sta crescendo giorno dopo giorno per migliorare la sua interfaccia utente e le sue funzionalit\u00e0. Nel tempo, WordPress migliora il suo sistema ogni volta con l&#8217;ultima versione.<\/p>\n<p>Oltre ai blog, i siti web creati tramite WordPress sono aumentati notevolmente e nel prossimo futuro possiamo vedere diversi miglioramenti come:<\/p>\n<p>La funzione pi\u00f9 ottimale di SEO, una grande quantit\u00e0 di utenti di WordPress, pannello espanso e personalizzabile e molto altro. WordPress \u00e8 probabilmente il miglior CMS per il tuo futuro sito web aziendale.<\/p>\n<p><strong>WordPress \u00e8 abbastanza sicuro<\/strong><\/p>\n<p>WordPress ha un elevato standard di sicurezza. Ma poich\u00e9 il 23% dei siti Web \u00e8 costruito su di esso, gli hacker cercano costantemente di trovare l&#8217;accesso a WordPress per accedere ai siti creati su di esso. Ma non preoccuparti: gli aggiornamenti regolari forniti da WordPress ti proteggono fortemente da questi attacchi. L&#8217;aggiornamento regolare della tua versione di WordPress \u00e8 abbastanza efficace nel combattere questa vulnerabilit\u00e0.<\/p>\n<p><strong>Personalizzabile<\/strong><\/p>\n<p>A causa delle migliaia di plug-in e temi che WordPress offre, con un solo clic di un pulsante puoi personalizzare il tuo sito in modo che appaia e funzioni come desideri. Inoltre, a causa del numero apparentemente infinito di funzionalit\u00e0 che WordPress ha da offrire, puoi creare il sito web o il blog che hai sempre desiderato. Puoi usare WordPress per il tuo negozio online, blog, ecc.<\/p>\n<p><strong>Mobile friendly<\/strong><\/p>\n<p>\u00c8 pi\u00f9 importante che mai che un sito web sia mobile-friendly per ospitare smartphone e tablet. Con WordPress, tuttavia, non devi preoccuparti di questo. \u00c8 gi\u00e0 mobile friendly, grazie a molti dei temi che sono reattivi.<\/p>\n<p><strong>Integrazione<\/strong><\/p>\n<p>WordPress si integra con alcune delle piattaforme pi\u00f9 potenti disponibili per dare alla tua attivit\u00e0 un ulteriore impulso. Hai bisogno di lanciare una campagna email? Puoi utilizzare un servizio come Aweber o MailChimp. Vuoi essere pagato per un prodotto o servizio? WordPress pu\u00f2 funzionare con alcuni degli operatori di servizi di pagamento pi\u00f9 famosi al mondo.<\/p>\n<p><strong>Stabilisce una comunit\u00e0<\/strong><\/p>\n<p>Che si tratti di condividere i post sul tuo blog sui social network o di comunicare con i visitatori nella sezione dei commenti, WordPress ha le funzionalit\u00e0 e i plugin per rendere la creazione di una community conveniente e facile.<\/p>\n<p><strong>WordPress mantiene il tuo sito web fresco<\/strong><\/p>\n<p>Se hai bisogno di aggiornare il tuo tema perch\u00e9 lo hai avuto per troppo tempo o stai cercando di approfittare di qualcosa come la stagione delle vacanze, ci sono migliaia di temi gratuiti tra cui scegliere. In questo modo stai mantenendo l&#8217;aspetto del tuo sito WordPress fresco per i tuoi clienti.<\/p>\n<p><strong>Universalit\u00e0<\/strong><\/p>\n<p>WordPress offre una piattaforma universale. La dashboard di WordPress ha sempre lo stesso aspetto, indipendentemente da cosa usi WordPress. Non \u00e8 necessario assumere esperti o trascorrere una quantit\u00e0 eccessiva di tempo cercando di capire come utilizzare WordPress. In effetti, chiunque abbia una qualche esperienza generale di PHP e MySQL pu\u00f2 usare WordPress immediatamente. Grazie al nostro supporto, non ne hai nemmeno bisogno dal momento che abbiamo la giusta esperienza per aiutarti a ottenere il massimo da WordPress.<br \/>\n[\/vc_column_text][\/vc_column_inner][\/vc_row_inner]\n\t<div class=\"max-title max-title3\">\n\t\t<h2>IL NOSTRO <strong> PROCESSO <\/strong><\/h2>\n\t<\/div><hr class=\"vertical-space2\">[\/vc_column][\/vc_row][vc_row row_type=&#8221;1&#8243;][vc_column]\n\t<div class=\"buy-process-wrap\">\n\t\t<div class=\"buy-process-items\">\n\t\t\t\t<div class=\"buy-process-item\">\n\t\t\t\t\t<div class=\"text-wrap\">\n\t\t\t\t\t\t<h4><strong>INSTALLAZIONE<\/strong> TEMA <\/h4>\n\t\t\t\t\t\t<p>Installeremo qualsiasi tema WordPress gratuito o premium e lo faremo apparire come uno dei demo.<\/p>\n\t\t\t\t\t<\/div>\n\t\t\t\t\t<span>1<\/span>\n\t\t\t\t\t<div class=\"icon-wrapper\">\n\t\t\t\t\t\t<i class=\"fa fa-download\"><\/i>\n\t\t\t\t\t<\/div>\n\t\t\t\t<\/div>\n\t\t\t\t<div class=\"buy-process-item\">\n\t\t\t\t\t<div class=\"text-wrap\">\n\t\t\t\t\t\t<h4>Premium <strong>Plug-ins<\/strong><\/h4>\n\t\t\t\t\t\t<p>Installere i plug-in indispensabili per te, indipendentemente dal pacchetto che scegli.<\/p>\n\t\t\t\t\t<\/div>\n\t\t\t\t\t<span>2<\/span>\n\t\t\t\t\t<div class=\"icon-wrapper\">\n\t\t\t\t\t\t<i class=\"fa fa-plug\"><\/i>\n\t\t\t\t\t<\/div>\n\t\t\t\t<\/div>\n\t\t\t\t<div class=\"buy-process-item featured\">\n\t\t\t\t\t<div class=\"text-wrap\">\n\t\t\t\t\t\t<h4><strong>CUSTOMIZZAZIONE<\/strong> tema<\/h4>\n\t\t\t\t\t\t<p>EvolveStudio offre una gamma completa di servizi per la personalizzazione di temi e template di WordPress.<\/p>\n\t\t\t\t\t<\/div>\n\t\t\t\t\t<span>3<\/span>\n\t\t\t\t\t<div class=\"icon-wrapper\">\n\t\t\t\t\t\t<i class=\"fa fa-cogs\"><\/i>\n\t\t\t\t\t<\/div>\n\t\t\t\t<\/div>\n\t\t\t\t<div class=\"buy-process-item\">\n\t\t\t\t\t<div class=\"text-wrap\">\n\t\t\t\t\t\t<h4>CONTENUTI  <strong>SVILUPPO<\/strong><\/h4>\n\t\t\t\t\t\t<p>Sviluppiamo contenuti esclusivi per il tuo sito e il tuo blog per assicurarti di stare al passo con i tuoi concorrenti.<\/p>\n\t\t\t\t\t<\/div>\n\t\t\t\t\t<span>4<\/span>\n\t\t\t\t\t<div class=\"icon-wrapper\">\n\t\t\t\t\t\t<i class=\"fa fa-file-text\"><\/i>\n\t\t\t\t\t<\/div>\n\t\t\t\t<\/div>\n\t\t\t\t<div class=\"buy-process-item\">\n\t\t\t\t\t<div class=\"text-wrap\">\n\t\t\t\t\t\t<h4><strong>SEO<\/strong><\/h4>\n\t\t\t\t\t\t<p>Una suite completa di servizi SEO per aiutare i clienti a generare lead, acquisire clienti e aumentare i profitti.<\/p>\n\t\t\t\t\t<\/div>\n\t\t\t\t\t<span>5<\/span>\n\t\t\t\t\t<div class=\"icon-wrapper\">\n\t\t\t\t\t\t<i class=\"fa fa-bar-chart\"><\/i>\n\t\t\t\t\t<\/div>\n\t\t\t\t<\/div>\n\t\t<\/div>\n\t<\/div>[\/vc_column][\/vc_row][vc_row][vc_column width=&#8221;1\/2&#8243;]<hr class=\"vertical-space5\"><hr class=\"vertical-space5\">[vc_column_text]<\/p>\n<h4><strong>Personalizzazione del tema WordPress<\/strong><\/h4>\n<p>Tutto che WordPress \u00e8 il nostro forte seme e ci sforziamo di offrirti servizi di personalizzazione del tema WordPress che ti consentano di trasformare i tuoi temi in soluzioni all-inclusive, versatili e avvincenti. Adattando i tuoi temi in base alle tue sensibilit\u00e0 aziendali, adottiamo ogni misura per mantenerli reattivi e compatibili su piattaforme diverse. Senza cadere nel solco dei modi tradizionali e poco efficaci di personalizzazione del tema, forniamo servizi che rendono questa personalizzazione un gioco piacevole.[\/vc_column_text]<hr class=\"vertical-space4\">[\/vc_column][vc_column width=&#8221;1\/2&#8243;]<hr class=\"vertical-space5\">[vc_single_image image=&#8221;9437&#8243; img_size=&#8221;full&#8221;]<hr class=\"vertical-space2\">[\/vc_column][\/vc_row][vc_row row_type=&#8221;2&#8243; blox_padding_top=&#8221;70&#8243; blox_bgcolor=&#8221;#f7f7f7&#8243;][vc_column]<hr class=\"vertical-space2\">\n\t<div class=\"max-title max-title3\">\n\t\t<h2>I NOSTRI WP TEME <strong>SERVIZI<\/strong><\/h2>\n\t<\/div>[\/vc_column][\/vc_row][vc_row row_type=&#8221;2&#8243; blox_padding_top=&#8221;1&#8243; blox_padding_bottom=&#8221;15&#8243; blox_bgcolor=&#8221;#f7f7f7&#8243;][vc_column width=&#8221;1\/3&#8243;]<hr class=\"vertical-space3\"><article class=\"icon-box\" ><i class=\"sl-layers\" style=\"\"><\/i><h4>Installazione Tema<\/h4><p>Installeremo WordPress e qualsiasi tema WordPress gratuito o premium e renderlo simile a uno dei demo.<\/p>\n<\/article><hr class=\"vertical-space2\"><article class=\"icon-box\" ><i class=\"sl-globe-alt\" style=\"\"><\/i><h4>WordPress SEO<\/h4><p>Aiutiamo i blogger e i proprietari di siti web di WordPress a migliorare la visibilit\u00e0 del loro sito Web o blog nei motori di ricerca come Google.<\/p><\/article><hr class=\"vertical-space4\">[\/vc_column][vc_column width=&#8221;1\/3&#8243;]<hr class=\"vertical-space3\"><article class=\"icon-box\" ><i class=\"sl-pencil\" style=\"\"><\/i><h4>Sviluppo del contenuto<\/h4><p>Forniamo servizi di sviluppo di contenuti Web come la pianificazione, la scrittura e la modifica dei contenuti e l'analisi delle parole chiave.<\/p>\n<\/article><hr class=\"vertical-space2\"><article class=\"icon-box\" ><i class=\"sl-lock\" style=\"\"><\/i><h4>WordPress Protezione<\/h4><p>Installare WordPress \u00e8 facile. L'installazione sicura di WordPress e la gestione continua di WordPress Security non \u00e8 semplice come installare WP.<br \/>\n<\/p><\/article><hr class=\"vertical-space4\">[\/vc_column][vc_column width=&#8221;1\/3&#8243;]<hr class=\"vertical-space3\"><article class=\"icon-box\" ><i class=\"sl-puzzle\" style=\"\"><\/i><h4>Premium plug-ins<\/h4><p>Inizierai con un sito web. Ovviamente, possiamo installare e configurare tutti i plug-in che desideri o di cui hai bisogno.<\/p>\n<\/article><hr class=\"vertical-space2\"><article class=\"icon-box\" ><i class=\"sl-share-alt\" style=\"\"><\/i><h4>Trasferimento WordPress Hosting <\/h4><p>Sposteremo in modo sicuro l'intero sito, le e-mail e i database di WordPress sul tuo nuovo account di hosting.<\/p>\n<\/article><hr class=\"vertical-space4\">[\/vc_column][\/vc_row][vc_row][vc_column]<hr class=\"vertical-space4\">\n\t<div class=\"max-title max-title3\">\n\t\t<h2>I NOSTRI <strong>CLIENTI FELICI<\/strong><\/h2>\n\t<\/div><hr class=\"vertical-space1\"><div class=\"aligncenter\"><hr class=\"vertical-space1\"><div class=\"col-md-12 our-clients-wrap crsl\"><ul id=\"our-clients\" class=\"our-clients crsl\"><li><img alt=\"\" src=\"https:\/\/evolve.al\/admin\/core-wp\/..\/..\/site\/resources-global\/content-data\/uploads\/dga_logo_landscape_v1.jpg\"\/><\/li><li><img alt=\"\" src=\"https:\/\/evolve.al\/admin\/core-wp\/..\/..\/site\/resources-global\/content-data\/uploads\/ardeno-mobileri-al_logo_2.jpg\"\/><\/li><li><img alt=\"\" src=\"https:\/\/evolve.al\/admin\/core-wp\/..\/..\/site\/resources-global\/content-data\/uploads\/salillari-shpk_logo.jpg\"\/><\/li><li><img alt=\"\" src=\"https:\/\/evolve.al\/admin\/core-wp\/..\/..\/site\/resources-global\/content-data\/uploads\/alb-pastrim_logo.jpg\"\/><\/li><li><img alt=\"\" src=\"https:\/\/evolve.al\/admin\/core-wp\/..\/..\/site\/resources-global\/content-data\/uploads\/supersport_logo_v1.jpg\"\/><\/li><li><img alt=\"\" src=\"https:\/\/evolve.al\/admin\/core-wp\/..\/..\/site\/resources-global\/content-data\/uploads\/dpm-gov-al_logo.jpg\"\/><\/li><li><img alt=\"\" src=\"https:\/\/evolve.al\/admin\/core-wp\/..\/..\/site\/resources-global\/content-data\/uploads\/mmsr-gov-al_logo.jpg\"\/><\/li><li><img alt=\"\" src=\"https:\/\/evolve.al\/admin\/core-wp\/..\/..\/site\/resources-global\/content-data\/uploads\/biznes-albania_logo.jpg\"\/><\/li><li><img alt=\"\" src=\"https:\/\/evolve.al\/admin\/core-wp\/..\/..\/site\/resources-global\/content-data\/uploads\/su-shefqet-ndroqi_logo.jpg\"\/><\/li><li><img alt=\"\" src=\"https:\/\/evolve.al\/admin\/core-wp\/..\/..\/site\/resources-global\/content-data\/uploads\/ekb_logo.jpg\"\/><\/li><li><img alt=\"\" src=\"https:\/\/evolve.al\/admin\/core-wp\/..\/..\/site\/resources-global\/content-data\/uploads\/leon-kons_logo.jpg\"\/><\/li><li><img alt=\"\" src=\"https:\/\/evolve.al\/admin\/core-wp\/..\/..\/site\/resources-global\/content-data\/uploads\/alushi-trans-al_logo.jpg\"\/><\/li><\/ul><\/div><hr class=\"vertical-space2\"><\/div>[\/vc_column][\/vc_row][vc_row row_type=&#8221;2&#8243; blox_height=&#8221;452&#8243; blox_image=&#8221;9705&#8243; blox_bgcolor=&#8221;#f7f7f7&#8243;][vc_column el_class=&#8221;aligncenter&#8221;]<hr class=\"vertical-space5\"><hr class=\"vertical-space1\">[vc_column_text]<\/p>\n<h1 style=\"text-align: center;\">Iniziamo<br \/>\nil <strong>tuo progetto<\/strong><\/h1>\n<p>[\/vc_column_text]<hr class=\"vertical-space1\">[vc_column_text]<\/p>\n<p class=\"slog-tx2 aligncenter\">Ti aiuteremo a raggiungere i tuoi obiettivi e far crescere la tua attivit\u00e0.<\/p>\n<p>[\/vc_column_text]<hr class=\"vertical-space1\"><a href=\"http:\/\/evolve.al\/request-a-quote\/\" class=\"button skyblue  medium bordered-bot \" target=\"_self\">RICHIEDI UN PREVENTIVO<\/a><hr class=\"vertical-space4\">[\/vc_column][\/vc_row][vc_row row_type=&#8221;2&#8243; blox_image=&#8221;9171&#8243; blox_cover=&#8221;false&#8221; blox_repeat=&#8221;repeat&#8221; blox_dark=&#8221;true&#8221; blox_bgcolor=&#8221;#00c2e5&#8243;][vc_column]<hr class=\"vertical-space3\">[vc_row_inner][vc_column_inner el_class=&#8221;aligncenter&#8221;][vc_column_text]<\/p>\n<h1 style=\"text-align: center;\">Cose che abbiamo <strong>fatto<\/strong><\/h1>\n<p style=\"text-align: center;\">Stiamo costruendo ponti nella tecnologia web per collegare l&#8217;obiettivo del cliente alla realt\u00e0<\/p>\n<p>[\/vc_column_text]<a href=\"http:\/\/evolve.al\/projects\/\" class=\"button white  medium bordered-bot \" target=\"_self\">VISUALIZZA I NOSTRI PROGETTI<\/a>[\/vc_column_inner][\/vc_row_inner]<hr class=\"vertical-space2\">[\/vc_column][\/vc_row]<\/p>","protected":false},"excerpt":{"rendered":"<p>[vc_row row_type=&#8221;3&#8243; blox_image=&#8221;9467&#8243; align_center=&#8221;aligncenter&#8221; page_title=&#8221;page-title-x&#8221; blox_dark=&#8221;true&#8221; blox_class=&#8221;breadcrumb&#8221; parallax_speed=&#8221;7&#8243;][vc_column][vc_column_text] SITO WEB WORDPRESS [\/vc_column_text][\/vc_column][\/vc_row][vc_row][vc_column width=&#8221;1\/4&#8243;][\/vc_column][vc_column width=&#8221;1\/2&#8243; el_class=&#8221;aligncenter&#8221;][vc_column_text] Perch\u00e9 WordPress? Un CMS, o sistema di gestione dei contenuti, \u00e8 uno strumento che ti consente di gestire il contenuto del tuo sito web in modo indipendente. WordPress \u00e8 flessibile, altamente personalizzabile, super user-friendly ed \u00e8 un ottimo sistema di gestione dei contenuti (CMS). Puoi usarlo per blog, siti web di piccole imprese e persino e-commerce. Abbiamo sviluppatori altamente specializzati che possono aggiornare il tuo sito e aggiungere quel tocco personalizzato che hai sempre desiderato. Evolve Studio ha sviluppato siti Web WordPress da pi\u00f9 di 8 anni. WordPress alimenta quasi il 30% dei siti Web, rendendolo la piattaforma preferita da molti blogger, operatori di marketing, operatori di e-commerce, ecc. [\/vc_column_text][\/vc_column][vc_column width=&#8221;1\/4&#8243;][\/vc_column][\/vc_row][vc_row row_type=&#8221;2&#8243; blox_padding_top=&#8221;70&#8243; blox_bgcolor=&#8221;#f6f8f9&#8243;][vc_column][vc_row_inner][vc_column_inner][vc_column_text]Ma perch\u00e9, ti starai chiedendo, WordPress \u00e8 cos\u00ec ampiamente utilizzato? Perch\u00e9 usare WordPress? Di seguito sono riportati alcuni dei motivi per cui WordPress oscilla: WordPress \u00e8 gratuito Non importa se sei un blogger che sta appena iniziando o un marketer che ha bisogno di uno strumento flessibile; WordPress si \u00e8 dimostrato di volta in volta il pi\u00f9 affidabile sistema di gestione dei contenuti (CMS). Cosa c&#8217;\u00e8 di meglio, non dovrai mai preoccuparti di costi nascosti, anche se la popolarit\u00e0 del tuo sito web aumenta oltre i tuoi sogni pi\u00f9 sfrenati. WordPress sar\u00e0 sempre gratuito per te. Pi\u00f9 importante, WordPress \u00e8 open source. \u00c8 possibile modificare il codice se \u00e8 necessario, in qualsiasi momento, senza dover spendere un solo centesimo. Potresti anche apportare modifiche al tuo sito Web WordPress senza conoscere la programmazione. Questa \u00e8 forse la cosa migliore di WordPress. Ti fa risparmiare denaro Quando si tratta di scegliere una piattaforma, il costo \u00e8 una delle preoccupazioni principali. Fortunatamente, WordPress \u00e8 un software gratuito. Tuttavia, non \u00e8 l&#8217;unica area in cui risparmierai&#8230; <\/p>\n<p><a class=\"readmore\" href=\"https:\/\/evolve.al\/it\/wordpress-website\/\">Continue Reading<\/a><\/p>\n","protected":false},"author":1,"featured_media":0,"parent":0,"menu_order":0,"comment_status":"closed","ping_status":"closed","template":"","meta":[],"_links":{"self":[{"href":"https:\/\/evolve.al\/it\/wp-json\/wp\/v2\/pages\/9433"}],"collection":[{"href":"https:\/\/evolve.al\/it\/wp-json\/wp\/v2\/pages"}],"about":[{"href":"https:\/\/evolve.al\/it\/wp-json\/wp\/v2\/types\/page"}],"author":[{"embeddable":true,"href":"https:\/\/evolve.al\/it\/wp-json\/wp\/v2\/users\/1"}],"replies":[{"embeddable":true,"href":"https:\/\/evolve.al\/it\/wp-json\/wp\/v2\/comments?post=9433"}],"version-history":[{"count":8,"href":"https:\/\/evolve.al\/it\/wp-json\/wp\/v2\/pages\/9433\/revisions"}],"predecessor-version":[{"id":11558,"href":"https:\/\/evolve.al\/it\/wp-json\/wp\/v2\/pages\/9433\/revisions\/11558"}],"wp:attachment":[{"href":"https:\/\/evolve.al\/it\/wp-json\/wp\/v2\/media?parent=9433"}],"curies":[{"name":"wp","href":"https:\/\/api.w.org\/{rel}","templated":true}]}}