{"id":9416,"date":"2016-04-11T05:07:38","date_gmt":"2016-04-11T05:07:38","guid":{"rendered":"http:\/\/webnus.biz\/themes\/easyweb\/design\/?page_id=9416"},"modified":"2019-03-15T16:22:35","modified_gmt":"2019-03-15T15:22:35","slug":"pay-per-click","status":"publish","type":"page","link":"https:\/\/evolve.al\/it\/pay-per-click\/","title":{"rendered":"Pay Per Click"},"content":{"rendered":"<p>[vc_row row_type=&#8221;3&#8243; blox_image=&#8221;9334&#8243; align_center=&#8221;aligncenter&#8221; page_title=&#8221;page-title-x&#8221; blox_dark=&#8221;true&#8221; parallax_speed=&#8221;7&#8243;][vc_column]<hr class=\"vertical-space5\"><hr class=\"vertical-space5\"><hr class=\"vertical-space3\">[vc_column_text]<\/p>\n<h2 class=\"respo-tagline\" style=\"text-align: center; letter-spacing: 1px;\"><strong>PAY PER CLICK<\/strong><\/h2>\n<p>[\/vc_column_text]<hr class=\"vertical-space5\"><hr class=\"vertical-space5\">[\/vc_column][\/vc_row][vc_row row_type=&#8221;2&#8243; page_title=&#8221;page-title-x&#8221; blox_padding_top=&#8221;50&#8243; blox_padding_bottom=&#8221;50&#8243; blox_bgcolor=&#8221;#f7f7f7&#8243;][vc_column width=&#8221;1\/4&#8243;][\/vc_column][vc_column width=&#8221;1\/2&#8243;]<hr class=\"vertical-space5\">[vc_column_text]<\/p>\n<h3 style=\"text-align: center;\"><strong>Che cosa \u00e8 Pay Per Click?<\/strong><\/h3>\n<p style=\"text-align: center;\"><strong>PPC<\/strong> sta per pay-per-click, un modello di internet marketing in cui gli inserzionisti pagano una commissione ogni volta che viene fatto clic su uno dei loro annunci. Essenzialmente, \u00e8 un modo di acquistare visite al tuo sito, piuttosto che tentare di &#8220;guadagnare&#8221; quelle visite organicamente.<br \/>\nLa pubblicit\u00e0 sui motori di ricerca \u00e8 una delle forme pi\u00f9 popolari di PPC. Consente agli inserzionisti di fare offerte per il posizionamento degli annunci nei link sponsorizzati di un motore di ricerca quando qualcuno cerca una parola chiave correlata alla propria offerta commerciale.<\/p>\n<p>[\/vc_column_text]<hr class=\"vertical-space5\">[\/vc_column][vc_column width=&#8221;1\/4&#8243;][\/vc_column][\/vc_row][vc_row][vc_column width=&#8221;1\/2&#8243;]<hr class=\"vertical-space5\">[vc_column_text]<\/p>\n<h4><strong>Gestione PPC<\/strong><\/h4>\n<p>Piattaforme come Google AdWords e Bing Ads sono importanti per la tua attivit\u00e0. Con la nostra esperienza di marketing pay-per-click (PPC), possiamo aiutarti a portare i tuoi account al livello successivo. Personalizziamo strategia e rapporti personalizzati in base alle tue esigenze.<br \/>\nForniamo il supporto e la guida necessari per raggiungere il tuo obiettivo, massimizzando il ritorno sull&#8217;investimento, aumentando i lead o guidando la brand awareness.[\/vc_column_text]<hr class=\"vertical-space4\">[\/vc_column][vc_column width=&#8221;1\/2&#8243;]<hr class=\"vertical-space5\">[vc_column_text]<\/p>\n<h4><strong>Risultati finali<\/strong><\/h4>\n<p>Segnaliamo mensilmente il successo della tua campagna per quanto riguarda la scelta delle parole chiave e la scelta del testo, e creiamo un rapporto sui ranghi in modo da sapere dove ti posizioni in modo organico per le parole chiave che paghi. Inoltre, dopo aver esaminato il rapporto, prenoteremo una chiamata di un&#8217;ora con i membri del tuo team per spiegare i progressi della tua campagna, la direzione e rispondere a qualsiasi domanda tu possa avere.[\/vc_column_text]<hr class=\"vertical-space4\">[\/vc_column][\/vc_row][vc_row row_type=&#8221;2&#8243; blox_padding_top=&#8221;70&#8243; blox_bgcolor=&#8221;#f7f7f7&#8243;][vc_column][vc_row_inner][vc_column_inner][vc_column_text]Ecco alcuni motivi per cui il marketing tramite pay-per-click va bene per tutti:<\/p>\n<p><strong>\u00c8 buono per chi cerca su Internet<\/strong><\/p>\n<p>La ricerca mostra che gli utenti fanno clic sulla pubblicit\u00e0 di ricerca a pagamento pi\u00f9 spesso di qualsiasi altra forma di pubblicit\u00e0 digitale. E poich\u00e9 utilizziamo i motori di ricerca quando cerchiamo prodotti e servizi, i risultati, incluse le campagne pubblicitarie e di marketing, sono generalmente molto importanti per ci\u00f2 che stiamo cercando. Inoltre, Google ha sviluppato una formula eccellente per garantire che la pubblicit\u00e0 PPC soddisfi le esigenze dell&#8217;utente. La pubblicit\u00e0 sui motori di ricerca \u00e8 una miniera d&#8217;oro.<\/p>\n<p><strong>\u00c8 buono per gli inserzionisti<\/strong><\/p>\n<p>Agli inserzionisti viene offerto un modo unico di mettere il proprio messaggio di fronte a un pubblico che \u00e8 attivamente e specificamente alla ricerca del proprio prodotto. Poich\u00e9 i clienti scoprono il loro scopo attraverso una ricerca per termine, cio\u00e8 attraverso un termine di ricerca, gli inserzionisti sono in grado di misurare la qualit\u00e0 del traffico. Le parole chiave utilizzate dai clienti possono anche essere trovate nei risultati di ricerca. Gli inserzionisti possono misurare indicatori come le percentuali di clic (CTR), cio\u00e8 quanti visitatori fanno clic sui tassi di conversione degli annunci, sul ranking dell&#8217;annuncio e su molti altri indicatori.<\/p>\n<p><strong>\u00c8 buono per i motori di ricerca<\/strong><\/p>\n<p>PPC consente ai motori di ricerca di occuparsi allo stesso tempo sia degli utenti che degli inserzionisti. I ricercatori costituiscono la loro base di utenti, mentre gli inserzionisti forniscono loro il flusso di entrate. I motori vogliono offrire risultati rilevanti prima di tutto offrendo un canale pubblicitario altamente mirato.<\/p>\n<p><strong>Visibilit\u00e0 immediata<\/strong><\/p>\n<p>L&#8217;impostazione di una campagna PPC su Google AdWords richiede in genere non pi\u00f9 di un paio d&#8217;ore: basta selezionare una serie di parole chiave pertinenti, comporre per essere un gruppo di annunci, impostare un budget giornaliero e selezionare i segmenti di pubblico a cui chiamare. A questo punto, la campagna pubblicitaria pu\u00f2 decollare e il nome della tua societ\u00e0 sar\u00e0 immediatamente visibile tra i risultati della rete Google.<\/p>\n<p>Un vantaggio non poco comparato al tempo richiesto dalle pratiche in entrata per comparire nei risultati della ricerca organica: ottimizzazione del sito per il seo, link building con siti autorevoli, punteggio di qualit\u00e0, migliorato click rate rate, ecc.<\/p>\n<p><strong>Tracciabilit\u00e0<\/strong><\/p>\n<p>La tracciabilit\u00e0 delle pubblicit\u00e0 in ppc \u00e8 uno dei motivi principali per cui il pay-per-click \u00e8 diventato nel tempo uno degli strumenti preferiti da molti marketer. Una campagna PPC ben organizzata fornisce una serie di statistiche dettagliate su impressioni, clic, costo per clic, conversioni e molti altri dati utili.<\/p>\n<p>Tutti i dati necessari per analizzare lo stato di avanzamento della campagna e confrontare i risultati ottenuti con gli obiettivi fissati durante la fase di pianificazione.<\/p>\n<p><strong>Raggiungere l&#8217;obiettivo in un momento specifico<\/strong><\/p>\n<p>La pubblicit\u00e0 Pay per Click \u00e8 l&#8217;ideale per coinvolgere un target specifico in un luogo specifico, in un momento specifico della giornata, grazie ad annunci mirati. Le opzioni per l&#8217;invio e l&#8217;individuazione della posizione, insieme alle preferenze specifiche sul dispositivo (ad esempio lo smartphone), consentono di inviare messaggi precisi a un target specifico di consumatori, nei tempi prestabiliti.<\/p>\n<p><strong>Pay per Click \u00e8 utile anche per altri canali di marketing<\/strong><\/p>\n<p>Se il team SEO di un&#8217;agenzia web vuole sapere se una parola chiave si traduce bene, la risposta pu\u00f2 provenire dalle pagine dei risultati del motore di ricerca e del PPC; \u00e8 anche possibile testare un nuovo prodotto o servizio utilizzando la pubblicit\u00e0 Pay per Click per inquadrare la domanda e capire immediatamente come viene ricevuto il messaggio.<br \/>\n[\/vc_column_text][\/vc_column_inner][\/vc_row_inner]\n\t<div class=\"max-title max-title3\">\n\t\t<h2>I NOSTRI <strong>SERVIZI<\/strong> A PAGAMENTO PER CLIC<\/h2>\n\t<\/div>[\/vc_column][\/vc_row][vc_row row_type=&#8221;2&#8243; blox_padding_top=&#8221;1&#8243; blox_padding_bottom=&#8221;15&#8243; blox_bgcolor=&#8221;#f7f7f7&#8243;][vc_column width=&#8221;1\/3&#8243;]<hr class=\"vertical-space3\"><article class=\"icon-box\" ><i class=\"sl-eyeglass\" style=\"\"><\/i><h4>Audit PPC<\/h4><p>Il nostro processo di controllo PPC inizia dalla comprensione dell'obiettivo di controllo, della copertura e dell'analisi dei dati.<br \/>\n<\/p><\/article><hr class=\"vertical-space2\"><article class=\"icon-box\" ><i class=\"fa-windows\" style=\"\"><\/i><h4>Pubblicit\u00e0 Bing<\/h4><p>Il nostro team di agenzie pubblicitarie Bing in-house ha la formazione e l'esperienza necessarie per sfruttare al massimo la popolare piattaforma PPC di Bing.<br \/>\n<\/p><\/article><hr class=\"vertical-space4\">[\/vc_column][vc_column width=&#8221;1\/3&#8243;]<hr class=\"vertical-space3\"><article class=\"icon-box\" ><i class=\"sl-rocket\" style=\"\"><\/i><h4>Pubblicit\u00e0 sociale<\/h4><p>Evolve Studio pu\u00f2 aiutarti con campagne sociali a pagamento in grado di indirizzare il tuo pubblico target verso azioni mirate e mirate.<\/p>\n<\/article><hr class=\"vertical-space2\"><article class=\"icon-box\" ><i class=\"fa-bullhorn\" style=\"\"><\/i><h4>Pubblicit\u00e0 display<\/h4><p>I tuoi annunci display saranno indirizzati a un pubblico che ha gi\u00e0 indicato un interesse per il tuo servizio o prodotto.<br \/>\n<\/p><\/article><hr class=\"vertical-space4\">[\/vc_column][vc_column width=&#8221;1\/3&#8243;]<hr class=\"vertical-space3\"><article class=\"icon-box\" ><i class=\"fa-google\" style=\"\"><\/i><h4>AdWords di Google<\/h4><p>Assunzione di noi ti d\u00e0 il vantaggio di un esperto AdWords a tempo pieno senza il costo aggiuntivo di assumere un altro dipendente a tempo pieno.<\/p><\/article><hr class=\"vertical-space2\"><article class=\"icon-box\" ><i class=\"sl-refresh\" style=\"\"><\/i><h4>Remarketing &amp; Retargeting<\/h4><p>Migliora il ROI e aumenta le conversioni commercializzando persone che hanno gi\u00e0 visitato il tuo sito web.<br \/>\n<\/p><\/article><hr class=\"vertical-space4\">[\/vc_column][\/vc_row][vc_row][vc_column width=&#8221;1\/2&#8243;]<hr class=\"vertical-space4\">[vc_single_image image=&#8221;9420&#8243; img_size=&#8221;full&#8221;]<hr class=\"vertical-space2\">[\/vc_column][vc_column width=&#8221;1\/2&#8243;]<hr class=\"vertical-space1\"><hr class=\"vertical-space5\">[vc_column_text]<\/p>\n<h4><strong>Breve processo della nostra campagna pay per click:<\/strong><\/h4>\n<p>Il nostro servizio di gestione pay-per-click (PPC) include i seguenti componenti:<\/p>\n<ul class=\"check\">\n<li>Strategia della campagna di ricerca PPC<\/li>\n<li>Ricerca e selezione di parole chiave<\/li>\n<li>Sviluppo della creativit\u00e0 pubblicitaria<\/li>\n<li>Impostazione della campagna<\/li>\n<li>Gestione delle offerte e tracciamento del ROI<\/li>\n<li>Ottimizzazione e sviluppo della pagina di destinazione<\/li>\n<li>Gestione e analisi della campagna<\/li>\n<\/ul>\n<p>[\/vc_column_text]<hr class=\"vertical-space3\">[\/vc_column][\/vc_row][vc_row][vc_column]\n\t<div class=\"max-title max-title3\">\n\t\t<h2>I NOSTRI CLIENTI FELICI<\/h2>\n\t<\/div><hr class=\"vertical-space1\"><div class=\"aligncenter\"><hr class=\"vertical-space1\"><div class=\"col-md-12 our-clients-wrap crsl\"><ul id=\"our-clients\" class=\"our-clients crsl\"><li><img alt=\"\" src=\"https:\/\/evolve.al\/admin\/core-wp\/..\/..\/site\/resources-global\/content-data\/uploads\/dga_logo_landscape_v1.jpg\"\/><\/li><li><img alt=\"\" src=\"https:\/\/evolve.al\/admin\/core-wp\/..\/..\/site\/resources-global\/content-data\/uploads\/ardeno-mobileri-al_logo_2.jpg\"\/><\/li><li><img alt=\"\" src=\"https:\/\/evolve.al\/admin\/core-wp\/..\/..\/site\/resources-global\/content-data\/uploads\/salillari-shpk_logo.jpg\"\/><\/li><li><img alt=\"\" src=\"https:\/\/evolve.al\/admin\/core-wp\/..\/..\/site\/resources-global\/content-data\/uploads\/alb-pastrim_logo.jpg\"\/><\/li><li><img alt=\"\" src=\"https:\/\/evolve.al\/admin\/core-wp\/..\/..\/site\/resources-global\/content-data\/uploads\/supersport_logo_v1.jpg\"\/><\/li><li><img alt=\"\" src=\"https:\/\/evolve.al\/admin\/core-wp\/..\/..\/site\/resources-global\/content-data\/uploads\/dpm-gov-al_logo.jpg\"\/><\/li><li><img alt=\"\" src=\"https:\/\/evolve.al\/admin\/core-wp\/..\/..\/site\/resources-global\/content-data\/uploads\/mmsr-gov-al_logo.jpg\"\/><\/li><li><img alt=\"\" src=\"https:\/\/evolve.al\/admin\/core-wp\/..\/..\/site\/resources-global\/content-data\/uploads\/biznes-albania_logo.jpg\"\/><\/li><li><img alt=\"\" src=\"https:\/\/evolve.al\/admin\/core-wp\/..\/..\/site\/resources-global\/content-data\/uploads\/su-shefqet-ndroqi_logo.jpg\"\/><\/li><li><img alt=\"\" src=\"https:\/\/evolve.al\/admin\/core-wp\/..\/..\/site\/resources-global\/content-data\/uploads\/ekb_logo.jpg\"\/><\/li><li><img alt=\"\" src=\"https:\/\/evolve.al\/admin\/core-wp\/..\/..\/site\/resources-global\/content-data\/uploads\/leon-kons_logo.jpg\"\/><\/li><li><img alt=\"\" src=\"https:\/\/evolve.al\/admin\/core-wp\/..\/..\/site\/resources-global\/content-data\/uploads\/alushi-trans-al_logo.jpg\"\/><\/li><\/ul><\/div><hr class=\"vertical-space2\"><\/div>[\/vc_column][\/vc_row][vc_row row_type=&#8221;2&#8243; blox_height=&#8221;452&#8243; blox_image=&#8221;9705&#8243; blox_bgcolor=&#8221;#f7f7f7&#8243;][vc_column el_class=&#8221;aligncenter&#8221;]<hr class=\"vertical-space5\"><hr class=\"vertical-space1\">[vc_column_text]<\/p>\n<h1 style=\"text-align: center;\">Iniziamo<br \/>\nil <strong>tuo progetto<\/strong><\/h1>\n<p>[\/vc_column_text]<hr class=\"vertical-space1\">[vc_column_text]<\/p>\n<p class=\"slog-tx2 aligncenter\">Ti aiuteremo a raggiungere i tuoi obiettivi e far crescere la tua attivit\u00e0.<\/p>\n<p>[\/vc_column_text]<hr class=\"vertical-space1\"><a href=\"http:\/\/evolve.al\/request-a-quote\/\" class=\"button skyblue  medium bordered-bot \" target=\"_self\">RICHIEDI UN PREVENTIVO<\/a><hr class=\"vertical-space4\">[\/vc_column][\/vc_row][vc_row row_type=&#8221;2&#8243; blox_image=&#8221;9171&#8243; blox_cover=&#8221;false&#8221; blox_repeat=&#8221;repeat&#8221; blox_dark=&#8221;true&#8221; blox_bgcolor=&#8221;#00c2e5&#8243;][vc_column]<hr class=\"vertical-space3\">[vc_row_inner][vc_column_inner el_class=&#8221;aligncenter&#8221;][vc_column_text]<\/p>\n<h1 style=\"text-align: center;\">Cose che abbiamo <strong>fatto<\/strong><\/h1>\n<p style=\"text-align: center;\">Siamo costruendo ponti nella tecnologia web per collegare l&#8217;obiettivo del cliente alla realt\u00e0<\/p>\n<p>[\/vc_column_text]<a href=\"http:\/\/evolve.al\/projects\/\" class=\"button white  medium bordered-bot \" target=\"_self\">VISUALIZZA I NOSTRI PROGETTI<\/a>[\/vc_column_inner][\/vc_row_inner]<hr class=\"vertical-space2\">[\/vc_column][\/vc_row]<\/p>","protected":false},"excerpt":{"rendered":"<p>[vc_row row_type=&#8221;3&#8243; blox_image=&#8221;9334&#8243; align_center=&#8221;aligncenter&#8221; page_title=&#8221;page-title-x&#8221; blox_dark=&#8221;true&#8221; parallax_speed=&#8221;7&#8243;][vc_column][vc_column_text] PAY PER CLICK [\/vc_column_text][\/vc_column][\/vc_row][vc_row row_type=&#8221;2&#8243; page_title=&#8221;page-title-x&#8221; blox_padding_top=&#8221;50&#8243; blox_padding_bottom=&#8221;50&#8243; blox_bgcolor=&#8221;#f7f7f7&#8243;][vc_column width=&#8221;1\/4&#8243;][\/vc_column][vc_column width=&#8221;1\/2&#8243;][vc_column_text] Che cosa \u00e8 Pay Per Click? PPC sta per pay-per-click, un modello di internet marketing in cui gli inserzionisti pagano una commissione ogni volta che viene fatto clic su uno dei loro annunci. Essenzialmente, \u00e8 un modo di acquistare visite al tuo sito, piuttosto che tentare di &#8220;guadagnare&#8221; quelle visite organicamente. La pubblicit\u00e0 sui motori di ricerca \u00e8 una delle forme pi\u00f9 popolari di PPC. Consente agli inserzionisti di fare offerte per il posizionamento degli annunci nei link sponsorizzati di un motore di ricerca quando qualcuno cerca una parola chiave correlata alla propria offerta commerciale. [\/vc_column_text][\/vc_column][vc_column width=&#8221;1\/4&#8243;][\/vc_column][\/vc_row][vc_row][vc_column width=&#8221;1\/2&#8243;][vc_column_text] Gestione PPC Piattaforme come Google AdWords e Bing Ads sono importanti per la tua attivit\u00e0. Con la nostra esperienza di marketing pay-per-click (PPC), possiamo aiutarti a portare i tuoi account al livello successivo. Personalizziamo strategia e rapporti personalizzati in base alle tue esigenze. Forniamo il supporto e la guida necessari per raggiungere il tuo obiettivo, massimizzando il ritorno sull&#8217;investimento, aumentando i lead o guidando la brand awareness.[\/vc_column_text][\/vc_column][vc_column width=&#8221;1\/2&#8243;][vc_column_text] Risultati finali Segnaliamo mensilmente il successo della tua campagna per quanto riguarda la scelta delle parole chiave e la scelta del testo, e creiamo un rapporto sui ranghi in modo da sapere dove ti posizioni in modo organico per le parole chiave che paghi. Inoltre, dopo aver esaminato il rapporto, prenoteremo una chiamata di un&#8217;ora con i membri del tuo team per spiegare i progressi della tua campagna, la direzione e rispondere a qualsiasi domanda tu possa avere.[\/vc_column_text][\/vc_column][\/vc_row][vc_row row_type=&#8221;2&#8243; blox_padding_top=&#8221;70&#8243; blox_bgcolor=&#8221;#f7f7f7&#8243;][vc_column][vc_row_inner][vc_column_inner][vc_column_text]Ecco alcuni motivi per cui il marketing tramite pay-per-click va bene per tutti: \u00c8 buono per chi cerca su Internet La ricerca mostra che gli utenti fanno clic sulla pubblicit\u00e0 di ricerca a pagamento pi\u00f9 spesso&#8230; <\/p>\n<p><a class=\"readmore\" href=\"https:\/\/evolve.al\/it\/pay-per-click\/\">Continue Reading<\/a><\/p>\n","protected":false},"author":1,"featured_media":0,"parent":0,"menu_order":0,"comment_status":"closed","ping_status":"closed","template":"","meta":[],"_links":{"self":[{"href":"https:\/\/evolve.al\/it\/wp-json\/wp\/v2\/pages\/9416"}],"collection":[{"href":"https:\/\/evolve.al\/it\/wp-json\/wp\/v2\/pages"}],"about":[{"href":"https:\/\/evolve.al\/it\/wp-json\/wp\/v2\/types\/page"}],"author":[{"embeddable":true,"href":"https:\/\/evolve.al\/it\/wp-json\/wp\/v2\/users\/1"}],"replies":[{"embeddable":true,"href":"https:\/\/evolve.al\/it\/wp-json\/wp\/v2\/comments?post=9416"}],"version-history":[{"count":5,"href":"https:\/\/evolve.al\/it\/wp-json\/wp\/v2\/pages\/9416\/revisions"}],"predecessor-version":[{"id":11190,"href":"https:\/\/evolve.al\/it\/wp-json\/wp\/v2\/pages\/9416\/revisions\/11190"}],"wp:attachment":[{"href":"https:\/\/evolve.al\/it\/wp-json\/wp\/v2\/media?parent=9416"}],"curies":[{"name":"wp","href":"https:\/\/api.w.org\/{rel}","templated":true}]}}