{"id":9407,"date":"2016-04-10T12:14:58","date_gmt":"2016-04-10T12:14:58","guid":{"rendered":"http:\/\/webnus.biz\/themes\/easyweb\/design\/?page_id=9407"},"modified":"2019-04-10T11:06:16","modified_gmt":"2019-04-10T10:06:16","slug":"marketing-online","status":"publish","type":"page","link":"https:\/\/evolve.al\/it\/marketing-online\/","title":{"rendered":"Social Media Marketing"},"content":{"rendered":"<p>[vc_row row_type=&#8221;3&#8243; blox_image=&#8221;9334&#8243; align_center=&#8221;aligncenter&#8221; page_title=&#8221;page-title-x&#8221; blox_dark=&#8221;true&#8221; parallax_speed=&#8221;7&#8243;][vc_column]<hr class=\"vertical-space5\"><hr class=\"vertical-space5\"><hr class=\"vertical-space3\">[vc_column_text]<\/p>\n<h2 class=\"respo-tagline\" style=\"text-align: center; letter-spacing: 1px;\"><strong>SOCIAL MEDIA MARKETING<\/strong><\/h2>\n<p>[\/vc_column_text]<hr class=\"vertical-space5\"><hr class=\"vertical-space5\">[\/vc_column][\/vc_row][vc_row row_type=&#8221;2&#8243; page_title=&#8221;page-title-x&#8221; blox_padding_top=&#8221;50&#8243; blox_padding_bottom=&#8221;50&#8243; blox_bgcolor=&#8221;#f7f7f7&#8243;][vc_column width=&#8221;1\/6&#8243;][\/vc_column][vc_column width=&#8221;2\/3&#8243;]<hr class=\"vertical-space5\">[vc_column_text]<\/p>\n<h1 style=\"text-align: center;\"><strong>Social Media Marketing<\/strong><\/h1>\n<p style=\"text-align: center;\">Un potente strumento di comunicazione, i social media consentono alle aziende di raggiungere i loro clienti dove sono, mentre caratterizzano anche i loro marchi e ampliare la loro base di clienti. Se fatto correttamente, il social media marketing pu\u00f2 anche aumentare l&#8217;efficacia di altre tecniche di marketing &#8211; tra cui SEO e SEM &#8211; contribuendo a creare collegamenti naturali e promuovere il traffico, la consapevolezza, il riconoscimento del marchio e la buona volont\u00e0. Se hai lottato con la strategia, la gestione o la pubblicit\u00e0 dei social media, possiamo aiutarti.<\/p>\n<p>[\/vc_column_text]<hr class=\"vertical-space5\">[\/vc_column][vc_column width=&#8221;1\/6&#8243;][\/vc_column][\/vc_row][vc_row][vc_column]<hr class=\"vertical-space1\">[\/vc_column][\/vc_row][vc_row][vc_column]<hr class=\"vertical-space2\">\n\t<div class=\"max-title max-title5\">\n\t\t<h1>I NOSTRI <strong>SERVIZI<\/strong><\/h2>\n\t<\/div>[\/vc_column][\/vc_row][vc_row][vc_column width=&#8221;1\/3&#8243;]<hr class=\"vertical-space2\"><article class=\"icon-box18\" ><i class=\"sl-puzzle\" style=\"\"><\/i><h4>SVILUPPO DELLA STRATEGIA PER I SOCIAL MEDIA<\/h4><p>Offriamo una vasta gamma di servizi di consulenza sui social media di alto valore attraverso i quali ti aiutiamo a ottenere risultati tangibili dalle loro attivit\u00e0 sui social media.<\/p><\/article><hr class=\"vertical-space1\">[\/vc_column][vc_column width=&#8221;1\/3&#8243;]<hr class=\"vertical-space2\"><article class=\"icon-box18\" ><i class=\"sl-layers\" style=\"\"><\/i><h4>GESTIONE PUBBLICITARIA DEI SOCIAL MEDIA<\/h4><p>I nostri servizi di social media advertising hanno dimostrato di accelerare la crescita. Attraverso la pubblicit\u00e0 attraverso i social media, il 100% dei nostri clienti ha visto risultati.<\/p><\/article><hr class=\"vertical-space1\">[\/vc_column][vc_column width=&#8221;1\/3&#8243;]<hr class=\"vertical-space2\"><article class=\"icon-box18\" ><i class=\"sl-pencil\" style=\"\"><\/i><h4>CREAZIONE DEI CONTENUTI DEI SOCIAL MEDIA<\/h4><p>Offriamo una vasta gamma di servizi di scrittura e pubblicazione sui social media per aiutarti a commercializzare direttamente o indirettamente le tue offerte attraverso i social media online.<\/p><\/article><hr class=\"vertical-space1\">[\/vc_column][\/vc_row][vc_row][vc_column]<hr class=\"vertical-space1\">[\/vc_column][\/vc_row][vc_row][vc_column width=&#8221;1\/2&#8243;]<hr class=\"vertical-space5\">[vc_column_text]<\/p>\n<h4><strong>Cos&#8217;\u00e8 il Social Media Marketing?<\/strong><\/h4>\n<p>Il social media marketing online, o SMM, \u00e8 una forma di marketing online. Il social media marketing online comprende attivit\u00e0 che prevedono la condivisione sociale di contenuti, video e immagini per scopi di marketing. Inoltre, percepisce la pubblicit\u00e0 dei social media a pagamento. Il marketing sui social network \u00e8 una forma di internet marketing che ha come obiettivo principale l&#8217;utilizzo delle grandi opportunit\u00e0 che i diversi social network possono offrire per raggiungere gli obiettivi prefissati dalla tua azienda. Questi obiettivi possono essere diversi a partire dal riconoscimento del marchio fino alla vendita di prodotti \/ servizi.<\/p>\n<p>Le principali attivit\u00e0 che sono coinvolte nel marketing online nei social network sono la distribuzione di vari contenuti, post, video e immagini per scopi di marketing. I social network sono un modo molto efficace e gratuito che consente a qualsiasi azienda di entrare in contatto con i clienti esistenti o aumentare il numero di potenziali. Questo perch\u00e9 ti permettono di indirizzare i clienti sia in termini demografici, geografici, occupazionali o in termini di comportamenti e interessi.<\/p>\n<p>Il marketing online offre alle piccole imprese opportunit\u00e0 che con un investimento molto pi\u00f9 piccolo di quello che avrebbe per il marketing tradizionale raggiungere gli obiettivi da loro stabiliti. Il marketing online aiuta le aziende a far crescere i loro clown e aumentare i loro guadagni pi\u00f9 rapidamente e semplicemente rispetto ai metodi di marketing tradizionali. Con il marketing online, ci vuole tempo per promuovere i tuoi prodotti o servizi. La marcatura online non ha limitazioni sul tratto.<br \/>\n[\/vc_column_text]<hr class=\"vertical-space2\">[\/vc_column][vc_column width=&#8221;1\/2&#8243;][vc_single_image image=&#8221;9412&#8243; img_size=&#8221;full&#8221; alignment=&#8221;center&#8221;]<hr class=\"vertical-space2\">[\/vc_column][\/vc_row][vc_row][vc_column width=&#8221;1\/2&#8243;][vc_column_text]<\/p>\n<h4><strong>Perch\u00e9 hai bisogno di una gestione dei social media?<\/strong><\/h4>\n<p>&nbsp;<\/p>\n<h5><strong>I tuoi clienti sono sui social media.<\/strong><\/h5>\n<p>Indipendentemente dal settore in cui opera la tua azienda, i tuoi clienti utilizzano i social media nella vita quotidiana. \u00c8 importante tenerli fidanzati e affiliati con il tuo marchio in modo da essere sempre la prima opzione. Non vi \u00e8 alcuna importanza per il settore in cui operate perch\u00e9 i consumatori utilizzano sempre pi\u00f9 i social network per cercare informazioni sui servizi e sui prodotti che potete servire.<\/p>\n<p>Essere sempre presenti online \u00e8 sempre un&#8217;opportunit\u00e0 per avere una comunicazione continua con i tuoi clienti e con quelli che sono potenziali per il futuro. Devi essere l\u00ec per continuare a comunicare con loro, devi essere online per conoscere nuovi prodotti e servizi, offerte e promozioni, per essere sempre la prima scelta per i tuoi clienti.<\/p>\n<p>&nbsp;<\/p>\n<h5><strong>Ci sono persone che cercano la tua compagnia.<\/strong><\/h5>\n<p>Se la tua azienda offre un prodotto o un servizio, ci sono anche persone che cercano aziende che lo offrono. Aiutiamo la tua azienda a crescere attraverso il marketing online e i social media. I clienti di oggi hanno sempre la necessit\u00e0 di essere informati online che richiederanno sempre il tuo compagno online per il marketing online \u00e8 molto importante. I circoli sociali sono oggi utilizzati dalla maggior parte delle persone per cercare e conoscere le aziende e i prodotti che offrono.<\/p>\n<p>Il lungo tempo che le persone trascorrono sui social network \u00e8 un altro fattore che rende il marketing online una risorsa molto importante per il tuo settore, indipendentemente dalle dimensioni, dal servizio o dal prodotto che offrono e indipendentemente dall&#8217;ambito geografico della tua attivit\u00e0 e dalle kleines che hai e sono potenziali online.[\/vc_column_text][\/vc_column][vc_column width=&#8221;1\/2&#8243;][vc_column_text]<\/p>\n<h4><strong style=\"font-weght: 600;\">Le persone parlano della tua azienda sui social media.<\/strong><\/h4>\n<p>Devi ascoltare ci\u00f2 che i tuoi clienti dicono della tua azienda sui social media e rispondere alle loro preoccupazioni. I nostri servizi di gestione dei social media si concentrano sull&#8217;evidenziare gli aspetti positivi di ci\u00f2 che la vostra azienda ha da offrire e rispondere sinceramente a osservazioni negative. Il tuo accesso online deve essere presente ai tuoi clienti virtuali, ascoltare ci\u00f2 che dicono e rispondere alle richieste, alle critiche e ai cambiamenti che possono suggerire.<\/p>\n<p>&nbsp;<\/p>\n<h5><strong style=\"font-weght: 600;\">Le aziende meritano una gestione esperta dei social media.<\/strong><\/h5>\n<p>La maggior parte dei proprietari di attivit\u00e0 commerciali e dei responsabili marketing non ha il tempo di gestire tutti i propri canali di social media. Evolve Studio ti aiuta a raggiungere i tuoi obiettivi nel marketing online. Inoltre, ti aiutiamo a ottenere il massimo dai social network. Un&#8217;accurata gestione dei social network \u00e8 una necessit\u00e0 per avere successo. La gestione dei social network sfrutter\u00e0 al meglio tutte le opportunit\u00e0 offerte dai social network. La gestione dei social network deve essere curata al meglio corrisponde all&#8217;immagine della tua azienda, a ci\u00f2 che offre e conforme ai requisiti e alle aspettative del cliente. [\/vc_column_text][\/vc_column][\/vc_row][vc_row][vc_column]<hr class=\"vertical-space3\">\n\t<div class=\"max-title max-title5\">\n\t\t<h1>IL NOSTRO <strong>PROCESSO<\/strong><\/h2>\n\t<\/div><hr class=\"vertical-space1\"><div class=\"our-process-wrap\">\n\t\t\t\t<div class=\"our-process-item \">\n\t\t\t\t\t<i class=\"fa fa-cubes\"><\/i>\n\t\t\t\t\t<h4><strong>SVILUPPO DELLA<\/strong> STRATEGIA<\/h4>\n\t\t\t\t\t<p><\/p>\n\t\t\t\t<\/div>\n\t\t\t\t<div class=\"our-process-item \">\n\t\t\t\t\t<i class=\"fa fa-bullhorn\"><\/i>\n\t\t\t\t\t<h4><strong>GESTIONE DELLA<\/strong>  PUBBLICIT\u00c0<\/h4>\n\t\t\t\t\t<p><\/p>\n\t\t\t\t<\/div>\n\t\t\t\t<div class=\"our-process-item \">\n\t\t\t\t\t<i class=\"fa fa-male\"><\/i>\n\t\t\t\t\t<h4><strong>GESTIONE <\/strong> COMUNITARIA<\/h4>\n\t\t\t\t\t<p><\/p>\n\t\t\t\t<\/div>\n\t\t\t\t<div class=\"our-process-item \">\n\t\t\t\t\t<i class=\"fa fa-pencil\"><\/i>\n\t\t\t\t\t<h4><strong>CREAZIONE DI CONTENUTI<\/strong> EFFICACI<\/h4>\n\t\t\t\t\t<p><\/p>\n\t\t\t\t<\/div>\n\t\t\t\t<div class=\"our-process-item \">\n\t\t\t\t\t<i class=\"fa fa-area-chart\"><\/i>\n\t\t\t\t\t<h4><strong>MISURA E<\/strong> RENDICONTAZIONE<\/h4>\n\t\t\t\t\t<p><\/p>\n\t\t\t\t<\/div><\/div><hr class=\"vertical-space5\">[\/vc_column][\/vc_row][vc_row][vc_column]\n\t<div class=\"max-title max-title3\">\n\t\t<h2>I NOSTRI CLIENTI FELICI<\/h2>\n\t<\/div><hr class=\"vertical-space1\"><div class=\"aligncenter\"><hr class=\"vertical-space1\"><div class=\"col-md-12 our-clients-wrap crsl\"><ul id=\"our-clients\" class=\"our-clients crsl\"><li><img alt=\"\" src=\"https:\/\/evolve.al\/admin\/core-wp\/..\/..\/site\/resources-global\/content-data\/uploads\/dga_logo_landscape_v1.jpg\"\/><\/li><li><img alt=\"\" src=\"https:\/\/evolve.al\/admin\/core-wp\/..\/..\/site\/resources-global\/content-data\/uploads\/ardeno-mobileri-al_logo_2.jpg\"\/><\/li><li><img alt=\"\" src=\"https:\/\/evolve.al\/admin\/core-wp\/..\/..\/site\/resources-global\/content-data\/uploads\/salillari-shpk_logo.jpg\"\/><\/li><li><img alt=\"\" src=\"https:\/\/evolve.al\/admin\/core-wp\/..\/..\/site\/resources-global\/content-data\/uploads\/alb-pastrim_logo.jpg\"\/><\/li><li><img alt=\"\" src=\"https:\/\/evolve.al\/admin\/core-wp\/..\/..\/site\/resources-global\/content-data\/uploads\/supersport_logo_v1.jpg\"\/><\/li><li><img alt=\"\" src=\"https:\/\/evolve.al\/admin\/core-wp\/..\/..\/site\/resources-global\/content-data\/uploads\/dpm-gov-al_logo.jpg\"\/><\/li><li><img alt=\"\" src=\"https:\/\/evolve.al\/admin\/core-wp\/..\/..\/site\/resources-global\/content-data\/uploads\/mmsr-gov-al_logo.jpg\"\/><\/li><li><img alt=\"\" src=\"https:\/\/evolve.al\/admin\/core-wp\/..\/..\/site\/resources-global\/content-data\/uploads\/biznes-albania_logo.jpg\"\/><\/li><li><img alt=\"\" src=\"https:\/\/evolve.al\/admin\/core-wp\/..\/..\/site\/resources-global\/content-data\/uploads\/su-shefqet-ndroqi_logo.jpg\"\/><\/li><li><img alt=\"\" src=\"https:\/\/evolve.al\/admin\/core-wp\/..\/..\/site\/resources-global\/content-data\/uploads\/ekb_logo.jpg\"\/><\/li><li><img alt=\"\" src=\"https:\/\/evolve.al\/admin\/core-wp\/..\/..\/site\/resources-global\/content-data\/uploads\/leon-kons_logo.jpg\"\/><\/li><li><img alt=\"\" src=\"https:\/\/evolve.al\/admin\/core-wp\/..\/..\/site\/resources-global\/content-data\/uploads\/alushi-trans-al_logo.jpg\"\/><\/li><\/ul><\/div><hr class=\"vertical-space2\"><\/div>[\/vc_column][\/vc_row][vc_row][vc_column][vc_column_text]<\/p>\n<p>[\/vc_column_text][\/vc_column][\/vc_row][vc_row row_type=&#8221;2&#8243; blox_height=&#8221;452&#8243; blox_image=&#8221;9705&#8243; blox_bgcolor=&#8221;#f7f7f7&#8243;][vc_column el_class=&#8221;aligncenter&#8221;]<hr class=\"vertical-space5\"><hr class=\"vertical-space1\">[vc_column_text]<\/p>\n<h1 style=\"text-align: center;\">Iniziamo<br \/>\nil <strong>tuo progetto<\/strong><\/h1>\n<p>[\/vc_column_text]<hr class=\"vertical-space1\">[vc_column_text]Ti aiuteremo a raggiungere i tuoi obiettivi e far crescere la tua attivit\u00e0.[\/vc_column_text]<hr class=\"vertical-space1\"><a href=\"http:\/\/evolve.al\/request-a-quote\/\" class=\"button skyblue  medium bordered-bot \" target=\"_self\">RICHIEDI UN PREVENTIVO<\/a>[\/vc_column][\/vc_row][vc_row][vc_column][vc_column_text]<\/p>\n<p>[\/vc_column_text][\/vc_column][\/vc_row][vc_row row_type=&#8221;2&#8243; blox_image=&#8221;9171&#8243; blox_cover=&#8221;false&#8221; blox_repeat=&#8221;repeat&#8221; blox_dark=&#8221;true&#8221; blox_bgcolor=&#8221;#00c2e5&#8243;][vc_column]<hr class=\"vertical-space3\">[vc_row_inner][vc_column_inner el_class=&#8221;aligncenter&#8221;][vc_column_text]<\/p>\n<h1 style=\"text-align: center;\">Cose che abbiamo <strong>fatto <\/strong><\/h1>\n<p style=\"text-align: center;\">Stiamo costruendo ponti nella tecnologia web per collegare l&#8217;obiettivo del cliente alla realt\u00e0<\/p>\n<p>[\/vc_column_text]<a href=\"http:\/\/evolve.al\/projects\/\" class=\"button white  medium bordered-bot \" target=\"_self\">VISUALIZZA I NOSTRI PROGETTI<\/a>[\/vc_column_inner][\/vc_row_inner]<hr class=\"vertical-space2\">[\/vc_column][\/vc_row]<\/p>","protected":false},"excerpt":{"rendered":"<p>[vc_row row_type=&#8221;3&#8243; blox_image=&#8221;9334&#8243; align_center=&#8221;aligncenter&#8221; page_title=&#8221;page-title-x&#8221; blox_dark=&#8221;true&#8221; parallax_speed=&#8221;7&#8243;][vc_column][vc_column_text] SOCIAL MEDIA MARKETING [\/vc_column_text][\/vc_column][\/vc_row][vc_row row_type=&#8221;2&#8243; page_title=&#8221;page-title-x&#8221; blox_padding_top=&#8221;50&#8243; blox_padding_bottom=&#8221;50&#8243; blox_bgcolor=&#8221;#f7f7f7&#8243;][vc_column width=&#8221;1\/6&#8243;][\/vc_column][vc_column width=&#8221;2\/3&#8243;][vc_column_text] Social Media Marketing Un potente strumento di comunicazione, i social media consentono alle aziende di raggiungere i loro clienti dove sono, mentre caratterizzano anche i loro marchi e ampliare la loro base di clienti. Se fatto correttamente, il social media marketing pu\u00f2 anche aumentare l&#8217;efficacia di altre tecniche di marketing &#8211; tra cui SEO e SEM &#8211; contribuendo a creare collegamenti naturali e promuovere il traffico, la consapevolezza, il riconoscimento del marchio e la buona volont\u00e0. Se hai lottato con la strategia, la gestione o la pubblicit\u00e0 dei social media, possiamo aiutarti. [\/vc_column_text][\/vc_column][vc_column width=&#8221;1\/6&#8243;][\/vc_column][\/vc_row][vc_row][vc_column][\/vc_column][\/vc_row][vc_row][vc_column][\/vc_column][\/vc_row][vc_row][vc_column width=&#8221;1\/3&#8243;][\/vc_column][vc_column width=&#8221;1\/3&#8243;][\/vc_column][vc_column width=&#8221;1\/3&#8243;][\/vc_column][\/vc_row][vc_row][vc_column][\/vc_column][\/vc_row][vc_row][vc_column width=&#8221;1\/2&#8243;][vc_column_text] Cos&#8217;\u00e8 il Social Media Marketing? Il social media marketing online, o SMM, \u00e8 una forma di marketing online. Il social media marketing online comprende attivit\u00e0 che prevedono la condivisione sociale di contenuti, video e immagini per scopi di marketing. Inoltre, percepisce la pubblicit\u00e0 dei social media a pagamento. Il marketing sui social network \u00e8 una forma di internet marketing che ha come obiettivo principale l&#8217;utilizzo delle grandi opportunit\u00e0 che i diversi social network possono offrire per raggiungere gli obiettivi prefissati dalla tua azienda. Questi obiettivi possono essere diversi a partire dal riconoscimento del marchio fino alla vendita di prodotti \/ servizi. Le principali attivit\u00e0 che sono coinvolte nel marketing online nei social network sono la distribuzione di vari contenuti, post, video e immagini per scopi di marketing. I social network sono un modo molto efficace e gratuito che consente a qualsiasi azienda di entrare in contatto con i clienti esistenti o aumentare il numero di potenziali. Questo perch\u00e9 ti permettono di indirizzare i clienti sia in termini demografici, geografici, occupazionali o in termini di comportamenti e interessi. Il marketing online offre alle piccole imprese&#8230; <\/p>\n<p><a class=\"readmore\" href=\"https:\/\/evolve.al\/it\/marketing-online\/\">Continue Reading<\/a><\/p>\n","protected":false},"author":1,"featured_media":0,"parent":0,"menu_order":0,"comment_status":"closed","ping_status":"closed","template":"","meta":[],"_links":{"self":[{"href":"https:\/\/evolve.al\/it\/wp-json\/wp\/v2\/pages\/9407"}],"collection":[{"href":"https:\/\/evolve.al\/it\/wp-json\/wp\/v2\/pages"}],"about":[{"href":"https:\/\/evolve.al\/it\/wp-json\/wp\/v2\/types\/page"}],"author":[{"embeddable":true,"href":"https:\/\/evolve.al\/it\/wp-json\/wp\/v2\/users\/1"}],"replies":[{"embeddable":true,"href":"https:\/\/evolve.al\/it\/wp-json\/wp\/v2\/comments?post=9407"}],"version-history":[{"count":7,"href":"https:\/\/evolve.al\/it\/wp-json\/wp\/v2\/pages\/9407\/revisions"}],"predecessor-version":[{"id":11187,"href":"https:\/\/evolve.al\/it\/wp-json\/wp\/v2\/pages\/9407\/revisions\/11187"}],"wp:attachment":[{"href":"https:\/\/evolve.al\/it\/wp-json\/wp\/v2\/media?parent=9407"}],"curies":[{"name":"wp","href":"https:\/\/api.w.org\/{rel}","templated":true}]}}