{"id":9297,"date":"2016-03-30T12:50:23","date_gmt":"2016-03-30T12:50:23","guid":{"rendered":"http:\/\/webnus.biz\/themes\/easyweb\/design\/?page_id=9297"},"modified":"2019-01-17T11:47:53","modified_gmt":"2019-01-17T10:47:53","slug":"seo","status":"publish","type":"page","link":"https:\/\/evolve.al\/it\/seo\/","title":{"rendered":"Ottimizzazione per i motori di ricerca"},"content":{"rendered":"<p>[vc_row row_type=&#8221;3&#8243; blox_image=&#8221;9477&#8243; align_center=&#8221;aligncenter&#8221; page_title=&#8221;page-title-x&#8221; blox_dark=&#8221;true&#8221; parallax_speed=&#8221;7&#8243;][vc_column]<hr class=\"vertical-space5\"><hr class=\"vertical-space5\"><hr class=\"vertical-space3\">[vc_column_text]<\/p>\n<h2 class=\"respo-tagline\" style=\"text-align: center; letter-spacing: 1px;\"><strong>SEO<\/strong><\/h2>\n<p>[\/vc_column_text]<hr class=\"vertical-space5\"><hr class=\"vertical-space5\">[\/vc_column][\/vc_row][vc_row row_type=&#8221;2&#8243; page_title=&#8221;page-title-x&#8221; blox_padding_top=&#8221;50&#8243; blox_padding_bottom=&#8221;50&#8243; blox_bgcolor=&#8221;#f7f7f7&#8243;][vc_column width=&#8221;7\/12&#8243;]<hr class=\"vertical-space5\">[vc_column_text]<\/p>\n<h2><strong>Ottimizzazione per i motori di ricerca<\/strong><\/h2>\n<p>\u00c8 il processo che influisce sulla visibilit\u00e0 di un sito Web o di una pagina Web nei risultati non a pagamento di un motore di ricerca, spesso denominati risultati &#8220;naturali&#8221;, &#8220;organici&#8221; o &#8220;guadagnati&#8221;. In generale, il precedente (o superiore nella pagina dei risultati di ricerca) e pi\u00f9 frequentemente un sito appare nell&#8217;elenco dei risultati di ricerca, pi\u00f9 visitatori riceveranno dagli utenti del motore di ricerca. SEO pu\u00f2 essere rivolto a diversi tipi di ricerca, tra cui ricerca di immagini, ricerca locale, ricerca di video, ricerca accademica, ricerca di notizie e motori di ricerca verticali specifici del settore.[\/vc_column_text]<hr class=\"vertical-space5\">[\/vc_column][vc_column width=&#8221;5\/12&#8243;][vc_single_image image=&#8221;9304&#8243; img_size=&#8221;full&#8221; alignment=&#8221;right&#8221; css_animation=&#8221;bottom-to-top&#8221;][\/vc_column][\/vc_row][vc_row][vc_column][vc_row_inner][vc_column_inner][vc_column_text]Quando si tratta di ottimizzare i motori di ricerca per un sito Web, alcune aziende potrebbero aver paura della quantit\u00e0 di informazioni disponibili. E spesso, se non hanno l&#8217;aiuto di un consulente SEO, non faranno nulla. Fortunatamente, Evolve Studio ti offre servizi di SEO ad un costo incredibilmente conveniente.<\/p>\n<p>Ogni azienda dovrebbe investire nell&#8217;ottimizzazione dei motori di ricerca. L&#8217;ottimizzazione del tuo sito web per gli algoritmi dei motori di ricerca \u00e8 il processo di ottimizzazione del tuo sito per massimizzare il traffico organico.<\/p>\n<p>Ecco alcuni dei motivi per cui dovresti considerare la SEO come la chiave della tua attivit\u00e0:<\/p>\n<p>Ci sono persone che cercano i tuoi prodotti o servizi nei motori di ricerca.<\/p>\n<p>Ci sono oltre 2 miliardi di persone online. Il 93% delle attivit\u00e0 online inizia in un motore di ricerca. Ogni secondo vengono eseguite circa 40.000 query di ricerca e 3,5 miliardi di ricerche al giorno. Ci sono milioni di opportunit\u00e0 per la tua attivit\u00e0 da trovare nei motori di ricerca. Uno dei pi\u00f9 importanti vantaggi del SEO \u00e8 che i tuoi clienti utilizzano i motori di ricerca ogni giorno.<\/p>\n<p><strong>Se non sei nella prima pagina, non stai vincendo.<\/strong><\/p>\n<p>Non \u00e8 un segreto nel mondo SEO che se non sei sulla prima pagina, \u00e8 probabile che non stai vincendo nella fretta ai clic degli utenti. Uno studio recente mostra che le prime tre posizioni nella classifica di ricerca forniscono quasi il 40% di tutti i click-through, mentre fino al 30% di tutti i risultati a pagina 1 e 2 non vengono mai cliccati. Cosa significa questo? Due cose: se non sei sulla pagina 1, devi essere l\u00ec, ci sono ancora troppi casi in cui un utente digita una query di ricerca e non riesce a trovare esattamente quello che sta cercando.<\/p>\n<p><strong>Seo locale significa maggiore coinvolgimento, traffico e conversioni.<\/strong><\/p>\n<p>Con il crescente predominio del traffico mobile, la ricerca locale \u00e8 diventata una parte fondamentale del successo delle piccole e medie imprese. Il SEO locale mira a ottimizzare le propriet\u00e0 digitali in modo che le persone possano trovare rapidamente e facilmente ci\u00f2 che stanno cercando, avvicinandole di un passo alla transazione. Le ottimizzazioni locali si concentrano su citt\u00e0, regioni e persino stati specifici per stabilire un mezzo valido per inviare messaggi a un marchio localmente. Per fare ci\u00f2, il SEO deve ottimizzare il sito e i contenuti di alta qualit\u00e0, evidenziando le citazioni locali ei backlink, nonch\u00e9 gli elenchi locali pertinenti alla posizione e al settore di attivit\u00e0 di un marchio. Ci dovrebbe essere anche una forte enfasi sulle recensioni degli utenti.<\/p>\n<p><strong>SEO \u00e8 una strategia a lungo termine<\/strong><\/p>\n<p>SEO \u00e8 una strategia a lungo termine. Come tutto ci\u00f2 che conta davvero, anche la SEO richiede del tempo per fornire risultati. Potrebbero essere necessari 6-12 mesi per vedere le classifiche ottimali. Tuttavia, poich\u00e9 ci vuole tempo per risalire nell&#8217;ordine, ci vuole tempo per crollare. Quando sali su Google, raramente vai gi\u00f9. L&#8217;unica ragione per cui questo cambier\u00e0 \u00e8 a causa dell&#8217;aumentata concorrenza SEO o delle modifiche nell&#8217;algoritmo di Google.<\/p>\n<p><strong>I tuoi concorrenti stanno usando SEO per crescere<\/strong><\/p>\n<p>&#8220;Uccidi o viene ucciso&#8221;. I tuoi clienti iniziano il loro viaggio online con una ricerca. I tuoi concorrenti stanno usando la ricerca per aumentare la loro attivit\u00e0. Prima o poi, se non stai usando la ricerca per aumentare la tua attivit\u00e0, non avrai un&#8217;attivit\u00e0!<\/p>\n<p><strong>SEO pu\u00f2 dare alle piccole imprese un vantaggio rispetto alle grandi aziende<\/strong><\/p>\n<p>Se hai una piccola azienda, potresti aver capito che \u00e8 difficile superare i maggiori concorrenti in AdWords. Tuttavia, una strategia SEO efficace potrebbe essere il tuo modo di guadagnare posizioni pi\u00f9 alte. Mentre le pi\u00f9 grandi aziende fanno affidamento sulla pubblicit\u00e0, puoi contare su una strategia SEO per attirare il maggior numero possibile di clienti.<\/p>\n<p><strong>SEO aumenta il valore della tua attivit\u00e0<\/strong><\/p>\n<p>La tua attivit\u00e0 diventa pi\u00f9 preziosa man mano che aumenta la tua inserzione su Google e su altri motori di ricerca. Se sei nel mercato per vendere la tua attivit\u00e0, molti acquirenti vedranno buone classifiche su Google come una risorsa preziosa. Ci\u00f2 \u00e8 probabilmente dovuto al fatto che la classifica grazie alla SEO tende a mantenere il suo valore ea fare affidamento nel corso degli anni.<\/p>\n<p><strong>SEO \u00e8 la migliore strategia di PR<\/strong><\/p>\n<p>SEO \u00e8 la nuova strategia &#8220;PR&#8221;. Ci\u00f2 rende pubbliche le relazioni pubbliche (PER). Al fine di posizionarsi in alto nei motori di ricerca, si dovrebbero avere backlink di qualit\u00e0. I collegamenti a ritroso sono collegamenti da siti Web esterni che rimandano al tuo sito web. Pi\u00f9 hai, pi\u00f9 importante \u00e8 il tuo sito. Pi\u00f9 importante \u00e8 il tuo sito web, pi\u00f9 alto sar\u00e0 il ranking. L&#8217;acquisizione di backlink di qualit\u00e0 potrebbe richiedere pubblicit\u00e0. Pi\u00f9 pubblicit\u00e0 hai, pi\u00f9 \u00e8 probabile che otterrai backlink qualitativo. Entrambi vanno fianco a fianco.<\/p>\n<p><strong>SEO aumenter\u00e0 i tuoi follower nei social media.<\/strong><\/p>\n<p>SEO aggiunger\u00e0 pi\u00f9 follower dei social media. Poich\u00e8 i tuoi visitatori stanno cercando il tuo sito web, \u00e8 probabile che facciano clic sulle icone dei tuoi social media per tracciarti. Un&#8217;efficace campagna SEO creer\u00e0 migliaia di visitatori di Internet, che puoi aspettarti di tradurre in una percentuale minore di follower.<\/p>\n<p><strong>SEO aumenter\u00e0 il traffico del tuo blog<\/strong><\/p>\n<p>SEO aumenter\u00e0 il traffico del tuo blog. Mentre l&#8217;autorit\u00e0 del tuo sito web aumenta nei motori di ricerca, alcune cose accadranno. Il ranking dei singoli blog su Google aumenter\u00e0. \u00c8 pi\u00f9 probabile che il contenuto del blog venga trovato su Google. E ultimamente, \u00e8 probabile che otterrai pi\u00f9 traffico da referral dal tuo sito web promuovendo il tuo blog sul tuo sito. Inoltre, la SEO \u00e8 mobile friendly.<\/p>\n<p><strong>\u00c8 quantificabile.<\/strong><\/p>\n<p>Anche se la SEO non offre un ROI pi\u00f9 facile da calcolare rispetto alla ricerca a pagamento, \u00e8 possibile misurare quasi tutto con un monitoraggio e un&#8217;analisi adeguati. Il grosso problema \u00e8 cercare di connettere i punti perch\u00e9 non esiste un modo definitivo per comprendere la correlazione tra tutte le azioni intraprese. Tuttavia, vale la pena capire come alcune azioni influiscono sulle prestazioni e sulla crescita.<\/p>\n<p><strong>SEO \u00e8 l&#8217;investimento di marketing pi\u00f9 intelligente che puoi fare<\/strong><\/p>\n<p>I vantaggi del SEO sono infiniti. SEO \u00e8 l&#8217;investimento di marketing pi\u00f9 intelligente che puoi fare. \u00c8 una risorsa a lungo termine per il tuo business. Genera traffico, unit\u00e0 e vendite. Non richiede pubblicit\u00e0. I tuoi clienti lo stanno cercando ora. E uno dei tuoi concorrenti sta aumentando significativamente la tua attivit\u00e0. Se vuoi far crescere la tua attivit\u00e0 senza telefonate a freddo, networking o altre forme di pubblicit\u00e0 &#8220;push&#8221;, oggi investi in una campagna SEO.<\/p>\n<p>Fare SEO \u00e8 un ottimo strumento di marketing che pu\u00f2, insieme alle pagine di destinazione e all&#8217;efficace marketing dei contenuti, far crescere la tua attivit\u00e0 e farti diventare clienti. Gli studi dimostrano che la SEO pu\u00f2 avere un ROI (ritorno sull&#8217;investimento) migliore rispetto alle forme tradizionali di marketing (TV, stampa, radio, ecc.). SEO dovrebbe essere parte integrante della tua strategia di marketing digitale.<br \/>\n[\/vc_column_text][\/vc_column_inner][\/vc_row_inner]<hr class=\"vertical-space5\">\n\t<div class=\"max-title max-title3\">\n\t\t<h1>PRENDI LA TUA ATTIVIT\u00c0 AL <strong>LIVELLO SUCCESSIVO<\/strong><\/h2>\n\t<\/div>[vc_column_text]<\/p>\n<p class=\"slog-tx2 aligncenter\">Evolve Studio pu\u00f2 aumentare il livello del tuo sito sui motori di ricerca e il traffico del sito di qualsiasi azienda. L&#8217;esperienza del nostro staff tecnico e di copywriting ci consente di soddisfare con successo le esigenze di aziende con siti Web complessi in settori competitivi.<\/p>\n<p>[\/vc_column_text][\/vc_column][\/vc_row][vc_row][vc_column width=&#8221;1\/12&#8243;][\/vc_column][vc_column width=&#8221;5\/12&#8243;]<hr class=\"vertical-space5\"><hr class=\"vertical-space4\">[vc_column_text]<\/p>\n<h4><strong>Analizza un sito web<\/strong><\/h4>\n<p>Per prima cosa analizziamo un sito Web, seguito da un piano dettagliato per far s\u00ec che il sito web comunichi le parole chiave in modo pi\u00f9 efficace ai motori di ricerca. Il nostro obiettivo finale \u00e8 quello di ottenere pi\u00f9 visitatori dai nostri clienti e una maggiore conversione di vendite e lead.[\/vc_column_text]<hr class=\"vertical-space2\">[\/vc_column][vc_column width=&#8221;6\/12&#8243;]<hr class=\"vertical-space2\">[vc_single_image image=&#8221;9457&#8243; img_size=&#8221;full&#8221;]<hr class=\"vertical-space1\">[\/vc_column][\/vc_row][vc_row][vc_column]<hr><hr class=\"vertical-space3\">\n\t<div class=\"max-title max-title3\">\n\t\t<h1>COME <strong>FACCIAMO<\/strong><\/h2>\n\t<\/div>[vc_column_text]<\/p>\n<p class=\"slog-tx2 aligncenter\">Prima di iniziare un progetto di ottimizzazione dei motori di ricerca (SEO), \u00e8 importante comprendere il processo coinvolto in una efficace campagna SEO. Evolve Studio si rivolge a clienti che richiedono un approccio intenso e completo al marketing dei motori di ricerca.<\/p>\n<p>[\/vc_column_text]<hr class=\"vertical-space1\"><div class=\"our-process-wrap\">\n\t\t\t\t<div class=\"our-process-item \">\n\t\t\t\t\t<i class=\"fa fa-key\"><\/i>\n\t\t\t\t\t<h4>RICERCA <strong>KEYWORD <\/strong><\/h4>\n\t\t\t\t\t<p>La densit\u00e0 delle parole chiave indica la frequenza con cui un termine di ricerca appare in un testo in relazione al numero totale di parole contenute<\/p>\n\t\t\t\t<\/div>\n\t\t\t\t<div class=\"our-process-item \">\n\t\t\t\t\t<i class=\"fa fa-flask\"><\/i>\n\t\t\t\t\t<h4> <strong>ONSITE<\/strong> OTTIMIZZAZIONE <\/h4>\n\t\t\t\t\t<p>L'ottimizzazione della pagina si riferisce a tutte le misure che possono essere adottate direttamente all'interno del sito Web per migliorare la sua posizione<\/p>\n\t\t\t\t<\/div>\n\t\t\t\t<div class=\"our-process-item \">\n\t\t\t\t\t<i class=\"fa fa-anchor\"><\/i>\n\t\t\t\t\t<h4>COSTRUENDO <strong>COLLEGAMENTI<\/strong><\/h4>\n\t\t\t\t\t<p>Nel campo del SEO, link building descrive azioni volte ad aumentare il numero e la qualit\u00e0 dei link in entrata in una pagina web<\/p>\n\t\t\t\t<\/div>\n\t\t\t\t<div class=\"our-process-item \">\n\t\t\t\t\t<i class=\"fa fa-bar-chart\"><\/i>\n\t\t\t\t\t<h4><strong>RAPPORTO <\/strong> E ANALISI<\/h4>\n\t\t\t\t\t<p>La nostra recensione SEO \u00e8 composta da diversi fattori come un contenuto, una struttura di collegamento, gli sforzi dei social media e la sua fiducia su Internet<\/p>\n\t\t\t\t<\/div><\/div><hr class=\"vertical-space4\">[\/vc_column][\/vc_row][vc_row row_type=&#8221;2&#8243; blox_bgcolor=&#8221;#f9f9f9&#8243;][vc_column]<hr class=\"vertical-space4\">[vc_row_inner][vc_column_inner width=&#8221;1\/4&#8243;]<hr class=\"vertical-space2\"><div class=\"s-counter max-counter\" data-effecttype=\"counter\" data-counter=\"6\"><i class=\"icon-counter sl-key\" style=\"color:#a2d67e\"><\/i><span class=\"max-count\">6<\/span><span class=\"suf-counter\">x<\/span><h5>Crescita in posizionamento di parole chiave<\/h5><\/div><hr class=\"vertical-space1\">[\/vc_column_inner][vc_column_inner width=&#8221;1\/4&#8243;]<hr class=\"vertical-space2\"><div class=\"s-counter max-counter\" data-effecttype=\"counter\" data-counter=\"398\"><i class=\"icon-counter sl-globe-alt\" style=\"color:#fb8b4b\"><\/i><span class=\"max-count\">398<\/span><span class=\"suf-counter\">%<\/span><h5>Aumento di Traffico organico<\/h5><\/div><hr class=\"vertical-space1\">[\/vc_column_inner][vc_column_inner width=&#8221;1\/4&#8243;]<hr class=\"vertical-space2\"><div class=\"s-counter max-counter\" data-effecttype=\"counter\" data-counter=\"1105\"><i class=\"icon-counter sl-rocket\" style=\"color:#b78ce2\"><\/i><span class=\"max-count\">1105<\/span><span class=\"suf-counter\">%<\/span><h5>Aumento di Classifica Top 10<\/h5><\/div><hr class=\"vertical-space1\">[\/vc_column_inner][vc_column_inner width=&#8221;1\/4&#8243;]<hr class=\"vertical-space2\"><div class=\"s-counter max-counter\" data-effecttype=\"counter\" data-counter=\"60\"><i class=\"icon-counter sl-hourglass\" style=\"color:#19d1e5\"><\/i><span class=\"max-count\">60<\/span><span class=\"suf-counter\">%<\/span><h5>Aumento di Visita Web<\/h5><\/div><hr class=\"vertical-space1\">[\/vc_column_inner][\/vc_row_inner]<hr class=\"vertical-space3\">[\/vc_column][\/vc_row][vc_row row_type=&#8221;2&#8243; blox_image=&#8221;9532&#8243; blox_padding_top=&#8221;90&#8243; blox_padding_bottom=&#8221;60&#8243; blox_dark=&#8221;true&#8221; blox_bgcolor=&#8221;#00c2e5&#8243;][vc_column]\n\t<div class=\"max-title max-title3\">\n\t\t<h1><strong>PERCH\u00c9 IL SEO \u00c8 BENEFICO<\/strong> PER IL TUO BUSINESS?<\/h2>\n\t<\/div><hr class=\"vertical-space2\">[\/vc_column][vc_column width=&#8221;1\/3&#8243;]<article class=\"icon-box20\" ><i class=\"sl-directions\" style=\"\"><\/i><h4>Importanza della <strong>classifica <\/strong><\/h4><p>La ricerca di quest'anno mostra che circa l'85% di tutti i siti Web viene trovato tramite i motori di ricerca<\/p><\/article><hr class=\"vertical-space1\"><article class=\"icon-box20\" ><i class=\"sl-flag\" style=\"\"><\/i><h4><strong>Principali<\/strong> motori di ricerca <\/h4><p>Il 96% degli utenti Internet inizia la ricerca sul Web tramite un motore di ricerca principale (Google, Bing, Yahoo, AOL)<\/p><\/article>[\/vc_column][vc_column width=&#8221;1\/3&#8243;]<article class=\"icon-box20\" ><i class=\"sl-bulb\" style=\"\"><\/i><h4>Strategia<strong> efficace <\/strong><\/h4><p>SEO ti consente di scegliere le parole chiave per le ricerche eseguite dai potenziali clienti<\/p><\/article><hr class=\"vertical-space1\"><article class=\"icon-box20\" ><i class=\"sl-layers\" style=\"\"><\/i><h4><strong>342 miliardi <\/strong>di risultati di ricerca<\/h4><p>A gennaio 2017 sono state eseguite oltre 17,5 miliardi di ricerche con 342 miliardi di risultati di ricerca<\/p><\/article>[\/vc_column][vc_column width=&#8221;1\/3&#8243;]<article class=\"icon-box20\" ><i class=\"sl-bell\" style=\"\"><\/i><h4><strong>Porta <\/strong>visitatori<\/h4><p>Un solido SEO e un design Web amichevole per la ricerca aiuteranno i visitatori a visitare il tuo sito web<\/p><\/article><hr class=\"vertical-space1\"><article class=\"icon-box20\" ><i class=\"sl-eyeglass\" style=\"\"><\/i><h4>Percezione <strong>dei consumatori<\/strong> <\/h4><p>La percezione del consumatore \u00e8 che pi\u00f9 alto \u00e8 un sito Web classificato in un motore di ricerca<\/p><\/article>[\/vc_column][\/vc_row][vc_row][vc_column]<hr class=\"vertical-space4\">\n\t<div class=\"max-title max-title3\">\n\t\t<h2>I NOSTRI CLIENTI FELICI<\/h2>\n\t<\/div><hr class=\"vertical-space1\"><div class=\"aligncenter\"><hr class=\"vertical-space1\"><div class=\"col-md-12 our-clients-wrap crsl\"><ul id=\"our-clients\" class=\"our-clients crsl\"><li><img alt=\"\" src=\"https:\/\/evolve.al\/admin\/core-wp\/..\/..\/site\/resources-global\/content-data\/uploads\/dga_logo_landscape_v1.jpg\"\/><\/li><li><img alt=\"\" src=\"https:\/\/evolve.al\/admin\/core-wp\/..\/..\/site\/resources-global\/content-data\/uploads\/ardeno-mobileri-al_logo_2.jpg\"\/><\/li><li><img alt=\"\" src=\"https:\/\/evolve.al\/admin\/core-wp\/..\/..\/site\/resources-global\/content-data\/uploads\/salillari-shpk_logo.jpg\"\/><\/li><li><img alt=\"\" src=\"https:\/\/evolve.al\/admin\/core-wp\/..\/..\/site\/resources-global\/content-data\/uploads\/alb-pastrim_logo.jpg\"\/><\/li><li><img alt=\"\" src=\"https:\/\/evolve.al\/admin\/core-wp\/..\/..\/site\/resources-global\/content-data\/uploads\/supersport_logo_v1.jpg\"\/><\/li><li><img alt=\"\" src=\"https:\/\/evolve.al\/admin\/core-wp\/..\/..\/site\/resources-global\/content-data\/uploads\/dpm-gov-al_logo.jpg\"\/><\/li><li><img alt=\"\" src=\"https:\/\/evolve.al\/admin\/core-wp\/..\/..\/site\/resources-global\/content-data\/uploads\/mmsr-gov-al_logo.jpg\"\/><\/li><li><img alt=\"\" src=\"https:\/\/evolve.al\/admin\/core-wp\/..\/..\/site\/resources-global\/content-data\/uploads\/biznes-albania_logo.jpg\"\/><\/li><li><img alt=\"\" src=\"https:\/\/evolve.al\/admin\/core-wp\/..\/..\/site\/resources-global\/content-data\/uploads\/su-shefqet-ndroqi_logo.jpg\"\/><\/li><li><img alt=\"\" src=\"https:\/\/evolve.al\/admin\/core-wp\/..\/..\/site\/resources-global\/content-data\/uploads\/ekb_logo.jpg\"\/><\/li><li><img alt=\"\" src=\"https:\/\/evolve.al\/admin\/core-wp\/..\/..\/site\/resources-global\/content-data\/uploads\/leon-kons_logo.jpg\"\/><\/li><li><img alt=\"\" src=\"https:\/\/evolve.al\/admin\/core-wp\/..\/..\/site\/resources-global\/content-data\/uploads\/alushi-trans-al_logo.jpg\"\/><\/li><\/ul><\/div><hr class=\"vertical-space2\"><\/div>[\/vc_column][\/vc_row][vc_row row_type=&#8221;2&#8243; blox_height=&#8221;452&#8243; blox_bgcolor=&#8221;#f7f7f7&#8243;][vc_column el_class=&#8221;aligncenter&#8221;]<hr class=\"vertical-space5\"><hr class=\"vertical-space1\">[vc_column_text]<\/p>\n<h1 style=\"text-align: center;\">Iniziamo<br \/>\nil <strong>tuo progetto<\/strong><\/h1>\n<p>[\/vc_column_text]<hr class=\"vertical-space1\">[vc_column_text]<\/p>\n<p class=\"slog-tx2 aligncenter\">Ci concentriamo fortemente sulla funzione e sull&#8217;usabilit\u00e0 e ti addestriamo a gestire il tuo sito web come una risorsa aziendale. Facciamo del nostro meglio per assicurare che i tuoi contenuti vengano consegnati in modo tale che i visitatori possano trovare facilmente e intuitivamente le informazioni che cercano, ottenendo un&#8217;esperienza utente piacevole e produttiva.<\/p>\n<p>[\/vc_column_text]<hr class=\"vertical-space1\"><a href=\"http:\/\/evolve.al\/request-a-quote\/\" class=\"button skyblue  medium bordered-bot \" target=\"_self\">RICHIEDI UN PREVENTIVO<\/a><hr class=\"vertical-space4\">[\/vc_column][\/vc_row]<\/p>","protected":false},"excerpt":{"rendered":"<p>[vc_row row_type=&#8221;3&#8243; blox_image=&#8221;9477&#8243; align_center=&#8221;aligncenter&#8221; page_title=&#8221;page-title-x&#8221; blox_dark=&#8221;true&#8221; parallax_speed=&#8221;7&#8243;][vc_column][vc_column_text] SEO [\/vc_column_text][\/vc_column][\/vc_row][vc_row row_type=&#8221;2&#8243; page_title=&#8221;page-title-x&#8221; blox_padding_top=&#8221;50&#8243; blox_padding_bottom=&#8221;50&#8243; blox_bgcolor=&#8221;#f7f7f7&#8243;][vc_column width=&#8221;7\/12&#8243;][vc_column_text] Ottimizzazione per i motori di ricerca \u00c8 il processo che influisce sulla visibilit\u00e0 di un sito Web o di una pagina Web nei risultati non a pagamento di un motore di ricerca, spesso denominati risultati &#8220;naturali&#8221;, &#8220;organici&#8221; o &#8220;guadagnati&#8221;. In generale, il precedente (o superiore nella pagina dei risultati di ricerca) e pi\u00f9 frequentemente un sito appare nell&#8217;elenco dei risultati di ricerca, pi\u00f9 visitatori riceveranno dagli utenti del motore di ricerca. SEO pu\u00f2 essere rivolto a diversi tipi di ricerca, tra cui ricerca di immagini, ricerca locale, ricerca di video, ricerca accademica, ricerca di notizie e motori di ricerca verticali specifici del settore.[\/vc_column_text][\/vc_column][vc_column width=&#8221;5\/12&#8243;][vc_single_image image=&#8221;9304&#8243; img_size=&#8221;full&#8221; alignment=&#8221;right&#8221; css_animation=&#8221;bottom-to-top&#8221;][\/vc_column][\/vc_row][vc_row][vc_column][vc_row_inner][vc_column_inner][vc_column_text]Quando si tratta di ottimizzare i motori di ricerca per un sito Web, alcune aziende potrebbero aver paura della quantit\u00e0 di informazioni disponibili. E spesso, se non hanno l&#8217;aiuto di un consulente SEO, non faranno nulla. Fortunatamente, Evolve Studio ti offre servizi di SEO ad un costo incredibilmente conveniente. Ogni azienda dovrebbe investire nell&#8217;ottimizzazione dei motori di ricerca. L&#8217;ottimizzazione del tuo sito web per gli algoritmi dei motori di ricerca \u00e8 il processo di ottimizzazione del tuo sito per massimizzare il traffico organico. Ecco alcuni dei motivi per cui dovresti considerare la SEO come la chiave della tua attivit\u00e0: Ci sono persone che cercano i tuoi prodotti o servizi nei motori di ricerca. Ci sono oltre 2 miliardi di persone online. Il 93% delle attivit\u00e0 online inizia in un motore di ricerca. Ogni secondo vengono eseguite circa 40.000 query di ricerca e 3,5 miliardi di ricerche al giorno. Ci sono milioni di opportunit\u00e0 per la tua attivit\u00e0 da trovare nei motori di ricerca. Uno dei pi\u00f9 importanti vantaggi del SEO \u00e8 che i tuoi clienti utilizzano i motori&#8230; <\/p>\n<p><a class=\"readmore\" href=\"https:\/\/evolve.al\/it\/seo\/\">Continue Reading<\/a><\/p>\n","protected":false},"author":1,"featured_media":0,"parent":0,"menu_order":0,"comment_status":"closed","ping_status":"closed","template":"","meta":[],"_links":{"self":[{"href":"https:\/\/evolve.al\/it\/wp-json\/wp\/v2\/pages\/9297"}],"collection":[{"href":"https:\/\/evolve.al\/it\/wp-json\/wp\/v2\/pages"}],"about":[{"href":"https:\/\/evolve.al\/it\/wp-json\/wp\/v2\/types\/page"}],"author":[{"embeddable":true,"href":"https:\/\/evolve.al\/it\/wp-json\/wp\/v2\/users\/1"}],"replies":[{"embeddable":true,"href":"https:\/\/evolve.al\/it\/wp-json\/wp\/v2\/comments?post=9297"}],"version-history":[{"count":7,"href":"https:\/\/evolve.al\/it\/wp-json\/wp\/v2\/pages\/9297\/revisions"}],"predecessor-version":[{"id":11013,"href":"https:\/\/evolve.al\/it\/wp-json\/wp\/v2\/pages\/9297\/revisions\/11013"}],"wp:attachment":[{"href":"https:\/\/evolve.al\/it\/wp-json\/wp\/v2\/media?parent=9297"}],"curies":[{"name":"wp","href":"https:\/\/api.w.org\/{rel}","templated":true}]}}