{"id":9288,"date":"2016-03-30T12:36:46","date_gmt":"2016-03-30T12:36:46","guid":{"rendered":"http:\/\/webnus.biz\/themes\/easyweb\/design\/?page_id=9288"},"modified":"2019-05-13T16:13:09","modified_gmt":"2019-05-13T15:13:09","slug":"online-marketing","status":"publish","type":"page","link":"https:\/\/evolve.al\/it\/online-marketing\/","title":{"rendered":"Online Marketing"},"content":{"rendered":"<p>[vc_row row_type=&#8221;3&#8243; blox_image=&#8221;9334&#8243; align_center=&#8221;aligncenter&#8221; page_title=&#8221;page-title-x&#8221; blox_dark=&#8221;true&#8221; parallax_speed=&#8221;7&#8243;][vc_column]<hr class=\"vertical-space5\"><hr class=\"vertical-space5\"><hr class=\"vertical-space3\">[vc_column_text]<\/p>\n<h2 class=\"respo-tagline\" style=\"text-align: center; letter-spacing: 1px;\"><strong>ONLINE MARKETING<\/strong><\/h2>\n<p>[\/vc_column_text]<hr class=\"vertical-space5\"><hr class=\"vertical-space5\">[\/vc_column][\/vc_row][vc_row][vc_column width=&#8221;1\/6&#8243;][\/vc_column][vc_column width=&#8221;2\/3&#8243;]<hr class=\"vertical-space5\"><hr class=\"vertical-space2\">[vc_column_text]<\/p>\n<h3 style=\"text-align: center;\"><strong>Marketing online accessibile<\/strong><\/h3>\n<p style=\"text-align: center;\">Il nostro nuovo approccio fangled alla pubblicit\u00e0 \u00e8 diretto a creare e costruire un profondo amore per il tuo marchio. Adottiamo un approccio non tradizionale ai media tradizionali: rompere gli standard, i metodi e le pratiche obsolete di coinvolgimento del pubblico<\/p>\n<p>[\/vc_column_text]<hr class=\"vertical-space1\"><hr class=\"vertical-space3\">[\/vc_column][vc_column width=&#8221;1\/6&#8243;][\/vc_column][\/vc_row][vc_row row_type=&#8221;2&#8243; page_title=&#8221;page-title-x&#8221; blox_padding_top=&#8221;50&#8243; blox_padding_bottom=&#8221;50&#8243; blox_bgcolor=&#8221;#f7f7f7&#8243;][vc_column width=&#8221;7\/12&#8243;]<hr class=\"vertical-space5\">[vc_column_text]<\/p>\n<h1><strong>Email Marketing<\/strong><\/h1>\n<p>Progetta campagne di email marketing coinvolgenti con semplici strumenti drag-and-drop. Il tuo design ha un aspetto sorprendente in ogni casella di posta, su ogni dispositivo. Ti offriamo un livello di comfort e facilit\u00e0 senza precedenti durante la creazione e l&#8217;invio di campagne email.[\/vc_column_text]<hr class=\"vertical-space5\">[\/vc_column][vc_column width=&#8221;5\/12&#8243;][vc_single_image image=&#8221;9293&#8243; img_size=&#8221;full&#8221; alignment=&#8221;right&#8221; css_animation=&#8221;bottom-to-top&#8221;][\/vc_column][\/vc_row][vc_row][vc_column width=&#8221;1\/2&#8243;]<hr class=\"vertical-space5\">[vc_column_text]<\/p>\n<h3>Traccia Campagne. Monitorare i report.<\/h3>\n<p>Monitorare le prestazioni della tua campagna di email marketing \u00e8 pi\u00f9 facile con il software di email marketing EasyWeb. Puoi facilmente ottenere informazioni sul numero di destinatari che hanno aperto la tua email, sul numero di email rimbalzate, sulla cancellazione delle tariffe e sulle statistiche. EasyWeb offre una variet\u00e0 di modi per analizzare e interpretare il rendimento della tua campagna con grafici e dati per aiutarti a migliorare le tue campagne.[\/vc_column_text]<hr class=\"vertical-space2\">[\/vc_column][vc_column width=&#8221;1\/2&#8243;]<hr class=\"vertical-space5\">[vc_column_text]<\/p>\n<h3>Invia la tua campagna e assicurati la consegna.<\/h3>\n<p>Le campagne e-mail possono essere inviate a vostro piacimento in quanto le abbiamo archiviate nel cloud, il che significa che \u00e8 possibile accedervi in qualsiasi momento e ovunque tramite desktop, tablet o iPhone. Pianifica la tua campagna o inviala immediatamente. Controlla la consegna nei nostri rapporti e statistiche immediatamente. I tassi di consegna elevati sono garantiti poich\u00e9 abbiamo cicli di feedback con tutti i principali fornitori di servizi Internet.[\/vc_column_text]<hr class=\"vertical-space2\">[\/vc_column][\/vc_row][vc_row row_type=&#8221;2&#8243; page_title=&#8221;page-title-x&#8221; blox_padding_top=&#8221;50&#8243; blox_padding_bottom=&#8221;50&#8243; blox_bgcolor=&#8221;#f7f7f7&#8243;][vc_column width=&#8221;7\/12&#8243;]<hr class=\"vertical-space5\">[vc_column_text]<\/p>\n<h1><strong>Social Media Marketing<\/strong><\/h1>\n<p>Un potente strumento di comunicazione, i social media consentono alle aziende di raggiungere i loro clienti dove sono, mentre caratterizzano anche i loro marchi e ampliare la loro base di clienti. Se fatto correttamente, il social media marketing pu\u00f2 anche aumentare l&#8217;efficacia di altre tecniche di marketing &#8211; tra cui SEO e SEM &#8211; contribuendo a creare collegamenti naturali e promuovere il traffico, la consapevolezza, il riconoscimento del marchio e la buona volont\u00e0. Se hai lottato con la strategia, la gestione o la pubblicit\u00e0 dei social media, possiamo aiutarti.[\/vc_column_text]<hr class=\"vertical-space5\">[\/vc_column][vc_column width=&#8221;5\/12&#8243;][vc_single_image image=&#8221;9294&#8243; img_size=&#8221;full&#8221; alignment=&#8221;right&#8221; css_animation=&#8221;bottom-to-top&#8221;][\/vc_column][\/vc_row][vc_row][vc_column width=&#8221;1\/2&#8243;]<hr class=\"vertical-space5\">[vc_column_text]<\/p>\n<h4><strong>Cos&#8217;\u00e8 il Social Media Marketing?<\/strong><\/h4>\n<p>Il social media marketing, o SMM, \u00e8 una forma di marketing su Internet che implementa varie reti di social media al fine di raggiungere gli obiettivi di marketing e comunicazione. Il social media marketing copre principalmente le attivit\u00e0 che comportano la condivisione sociale di contenuti, video e immagini per scopi di marketing, nonch\u00e9 la pubblicit\u00e0 a pagamento sui social media.[\/vc_column_text]<hr class=\"vertical-space2\">[vc_column_text]<\/p>\n<h4><strong>Come possiamo aiutarti?<\/strong><\/h4>\n<p>Siamo un gruppo socievole e il nostro nuovo business deriva principalmente dalle raccomandazioni e dai referral di clienti e amici che sanno come lavoriamo. Non pensiamo che i venditori debbano fare tutto il discorso per noi e quindi ti consigliamo di parlare direttamente con i nostri clienti per capire chi siamo e cosa facciamo.<br \/>\nI nostri prezzi dei social media sono completamente personalizzati e si basano sulla tua situazione attuale e sui tuoi obiettivi.[\/vc_column_text]<hr class=\"vertical-space2\">[\/vc_column][vc_column width=&#8221;1\/2&#8243;]<hr class=\"vertical-space5\">[vc_column_text]<\/p>\n<h4>Perch\u00e9 hai bisogno di una gestione dei social media?<\/h4>\n<p><strong>I tuoi clienti sono sui social media.<\/strong><\/p>\n<p>Indipendentemente dal settore in cui opera la tua azienda, i tuoi clienti utilizzano i social media quotidianamente. \u00c8 importante tenerli impegnati e collegati al tuo marchio in modo da essere sempre la prima opzione.<\/p>\n<p><strong>Ci sono persone che cercano la tua compagnia.<\/strong><\/p>\n<p>Se la tua azienda offre un prodotto o un servizio, puoi scommettere che ci sono persone che ne parlano e cercano aziende che lo forniscono. Il nostro servizio di gestione dei social media aiuter\u00e0 la tua azienda a unirsi alla conversazione e a generare nuovi contatti.<\/p>\n<p><strong>Le persone parlano della tua azienda sui social media.<\/strong><\/p>\n<p>Devi ascoltare ci\u00f2 che i tuoi clienti dicono della tua azienda sui social media e rispondere alle loro preoccupazioni. I nostri servizi di gestione dei social media si concentrano sull&#8217;evidenziare gli aspetti positivi di ci\u00f2 che la vostra azienda ha da offrire e rispondere sinceramente a osservazioni negative.<\/p>\n<p><strong>Le aziende meritano una gestione esperta dei social media.<\/strong><\/p>\n<p>La maggior parte dei proprietari di attivit\u00e0 commerciali e dei responsabili marketing non ha il tempo di gestire tutti i propri canali di social media. Ogni membro della nostra azienda ha ricevuto la certificazione nella gestione dei social media e la nostra agenzia pu\u00f2 aiutarti a raggiungere i tuoi obiettivi di marketing e una nuova base di clienti.[\/vc_column_text]<hr class=\"vertical-space2\">[\/vc_column][\/vc_row][vc_row row_type=&#8221;2&#8243; page_title=&#8221;page-title-x&#8221; blox_padding_top=&#8221;50&#8243; blox_padding_bottom=&#8221;50&#8243; blox_bgcolor=&#8221;#f7f7f7&#8243;][vc_column width=&#8221;7\/12&#8243;]<hr class=\"vertical-space5\">[vc_column_text]<\/p>\n<h1><strong>Mobile Marketing<\/strong><\/h1>\n<p>Il Mobile Marketing \u00e8 la tecnologia pi\u00f9 recente che ti aiuta ad attirare nuovi clienti: i clienti che spendono di pi\u00f9, pi\u00f9 spesso !!! Siamo in grado di aiutarti a lanciare una campagna di marketing mobile di successo per connetterti, comunicare e far s\u00ec che i tuoi clienti arrivino sempre pi\u00f9 spesso.[\/vc_column_text]<hr class=\"vertical-space5\">[\/vc_column][vc_column width=&#8221;5\/12&#8243;][vc_single_image image=&#8221;9295&#8243; img_size=&#8221;full&#8221; alignment=&#8221;right&#8221; css_animation=&#8221;bottom-to-top&#8221;][\/vc_column][\/vc_row][vc_row][vc_column width=&#8221;1\/2&#8243;]<hr class=\"vertical-space5\">[vc_column_text]<\/p>\n<h3>Cosa facciamo<\/h3>\n<p>Il marketing online \u00e8 considerato uno dei metodi di marketing pi\u00f9 popolari. Ma il semplice numero di utenti di telefonia mobile fa impallidire il potenziale di una campagna di marketing online. Poich\u00e9 gli utenti di telefoni cellulari sono pi\u00f9 numerosi, l&#8217;efficacia e il successo finale di una campagna di marketing mobile sarebbero molto pi\u00f9 forti di quanto ci si potrebbe aspettare da una campagna di marketing online, che \u00e8 ancora oggi un metodo di marketing molto popolare[\/vc_column_text]<hr class=\"vertical-space2\">[\/vc_column][vc_column width=&#8221;1\/2&#8243;]<hr class=\"vertical-space5\">[vc_column_text]<\/p>\n<h3>I nostri servizi di mobile marketing<\/h3>\n<ul>\n<li>Siti Web mobili<\/li>\n<li>SMS Marketing<\/li>\n<li>Campagne di ricerca mobile<\/li>\n<li>HTML5 &amp; CSS3<\/li>\n<li>Commercio mobile<\/li>\n<li>Codici a barre 2D \/ codici QR<\/li>\n<li>Sviluppo di app per dispositivi mobili<\/li>\n<li>Campagne display di Mobile Marketing<\/li>\n<\/ul>\n<p>[\/vc_column_text]<hr class=\"vertical-space2\">[\/vc_column][\/vc_row][vc_row][vc_column]\n\t<div class=\"max-title max-title3\">\n\t\t<h2>I nostri clienti felici<\/h2>\n\t<\/div><hr class=\"vertical-space1\"><div class=\"aligncenter\"><hr class=\"vertical-space1\"><div class=\"col-md-12 our-clients-wrap crsl\"><ul id=\"our-clients\" class=\"our-clients crsl\"><li><img alt=\"\" src=\"https:\/\/evolve.al\/admin\/core-wp\/..\/..\/site\/resources-global\/content-data\/uploads\/dga_logo_landscape_v1.jpg\"\/><\/li><li><img alt=\"\" src=\"https:\/\/evolve.al\/admin\/core-wp\/..\/..\/site\/resources-global\/content-data\/uploads\/ardeno-mobileri-al_logo_2.jpg\"\/><\/li><li><img alt=\"\" src=\"https:\/\/evolve.al\/admin\/core-wp\/..\/..\/site\/resources-global\/content-data\/uploads\/salillari-shpk_logo.jpg\"\/><\/li><li><img alt=\"\" src=\"https:\/\/evolve.al\/admin\/core-wp\/..\/..\/site\/resources-global\/content-data\/uploads\/alb-pastrim_logo.jpg\"\/><\/li><li><img alt=\"\" src=\"https:\/\/evolve.al\/admin\/core-wp\/..\/..\/site\/resources-global\/content-data\/uploads\/supersport_logo_v1.jpg\"\/><\/li><li><img alt=\"\" src=\"https:\/\/evolve.al\/admin\/core-wp\/..\/..\/site\/resources-global\/content-data\/uploads\/dpm-gov-al_logo.jpg\"\/><\/li><li><img alt=\"\" src=\"https:\/\/evolve.al\/admin\/core-wp\/..\/..\/site\/resources-global\/content-data\/uploads\/mmsr-gov-al_logo.jpg\"\/><\/li><li><img alt=\"\" src=\"https:\/\/evolve.al\/admin\/core-wp\/..\/..\/site\/resources-global\/content-data\/uploads\/biznes-albania_logo.jpg\"\/><\/li><li><img alt=\"\" src=\"https:\/\/evolve.al\/admin\/core-wp\/..\/..\/site\/resources-global\/content-data\/uploads\/su-shefqet-ndroqi_logo.jpg\"\/><\/li><li><img alt=\"\" src=\"https:\/\/evolve.al\/admin\/core-wp\/..\/..\/site\/resources-global\/content-data\/uploads\/ekb_logo.jpg\"\/><\/li><li><img alt=\"\" src=\"https:\/\/evolve.al\/admin\/core-wp\/..\/..\/site\/resources-global\/content-data\/uploads\/leon-kons_logo.jpg\"\/><\/li><li><img alt=\"\" src=\"https:\/\/evolve.al\/admin\/core-wp\/..\/..\/site\/resources-global\/content-data\/uploads\/alushi-trans-al_logo.jpg\"\/><\/li><\/ul><\/div><hr class=\"vertical-space2\"><\/div>[\/vc_column][\/vc_row][vc_row row_type=&#8221;2&#8243; blox_height=&#8221;452&#8243; blox_image=&#8221;9705&#8243; blox_bgcolor=&#8221;#f7f7f7&#8243;][vc_column el_class=&#8221;aligncenter&#8221;]<hr class=\"vertical-space5\"><hr class=\"vertical-space1\">[vc_column_text]<\/p>\n<h1 style=\"text-align: center;\">Iniziamo<br \/>\nil <strong>tuo progetto<\/strong><\/h1>\n<p>[\/vc_column_text]<hr class=\"vertical-space1\">[vc_column_text]<\/p>\n<p class=\"slog-tx2 aligncenter\">Ci concentriamo fortemente sulla funzione e sull&#8217;usabilit\u00e0 e ti addestriamo a gestire il tuo sito web come una risorsa aziendale. Facciamo del nostro meglio per assicurare che i tuoi contenuti vengano consegnati in modo tale che i visitatori possano trovare facilmente e intuitivamente le informazioni che cercano, ottenendo un&#8217;esperienza utente piacevole e produttiva.<\/p>\n<p>[\/vc_column_text]<hr class=\"vertical-space1\"><a href=\"http:\/\/evolve.al\/request-a-quote\/\" class=\"button skyblue  medium bordered-bot \" target=\"_self\">RICHIEDI UN PREVENTIVO<\/a><hr class=\"vertical-space4\">[\/vc_column][\/vc_row][vc_row row_type=&#8221;2&#8243; blox_image=&#8221;9171&#8243; blox_cover=&#8221;false&#8221; blox_repeat=&#8221;repeat&#8221; blox_dark=&#8221;true&#8221; blox_bgcolor=&#8221;#00c2e5&#8243;][vc_column]<hr class=\"vertical-space3\">[vc_row_inner][vc_column_inner el_class=&#8221;aligncenter&#8221;][vc_column_text]<\/p>\n<h1 style=\"text-align: center;\">Cose che abbiamo <strong>fatto<\/strong><\/h1>\n<p style=\"text-align: center;\">Siamo costruendo ponti nella tecnologia web per collegare l&#8217;obiettivo del cliente alla realt\u00e0<\/p>\n<p>[\/vc_column_text]<a href=\"http:\/\/evolve.al\/projects\/\" class=\"button white  medium bordered-bot \" target=\"_self\">VISUALIZZA I NOSTRI PROGETTI<\/a>[\/vc_column_inner][\/vc_row_inner]<hr class=\"vertical-space2\">[\/vc_column][\/vc_row]<\/p>","protected":false},"excerpt":{"rendered":"<p>[vc_row row_type=&#8221;3&#8243; blox_image=&#8221;9334&#8243; align_center=&#8221;aligncenter&#8221; page_title=&#8221;page-title-x&#8221; blox_dark=&#8221;true&#8221; parallax_speed=&#8221;7&#8243;][vc_column][vc_column_text] ONLINE MARKETING [\/vc_column_text][\/vc_column][\/vc_row][vc_row][vc_column width=&#8221;1\/6&#8243;][\/vc_column][vc_column width=&#8221;2\/3&#8243;][vc_column_text] Marketing online accessibile Il nostro nuovo approccio fangled alla pubblicit\u00e0 \u00e8 diretto a creare e costruire un profondo amore per il tuo marchio. Adottiamo un approccio non tradizionale ai media tradizionali: rompere gli standard, i metodi e le pratiche obsolete di coinvolgimento del pubblico [\/vc_column_text][\/vc_column][vc_column width=&#8221;1\/6&#8243;][\/vc_column][\/vc_row][vc_row row_type=&#8221;2&#8243; page_title=&#8221;page-title-x&#8221; blox_padding_top=&#8221;50&#8243; blox_padding_bottom=&#8221;50&#8243; blox_bgcolor=&#8221;#f7f7f7&#8243;][vc_column width=&#8221;7\/12&#8243;][vc_column_text] Email Marketing Progetta campagne di email marketing coinvolgenti con semplici strumenti drag-and-drop. Il tuo design ha un aspetto sorprendente in ogni casella di posta, su ogni dispositivo. Ti offriamo un livello di comfort e facilit\u00e0 senza precedenti durante la creazione e l&#8217;invio di campagne email.[\/vc_column_text][\/vc_column][vc_column width=&#8221;5\/12&#8243;][vc_single_image image=&#8221;9293&#8243; img_size=&#8221;full&#8221; alignment=&#8221;right&#8221; css_animation=&#8221;bottom-to-top&#8221;][\/vc_column][\/vc_row][vc_row][vc_column width=&#8221;1\/2&#8243;][vc_column_text] Traccia Campagne. Monitorare i report. Monitorare le prestazioni della tua campagna di email marketing \u00e8 pi\u00f9 facile con il software di email marketing EasyWeb. Puoi facilmente ottenere informazioni sul numero di destinatari che hanno aperto la tua email, sul numero di email rimbalzate, sulla cancellazione delle tariffe e sulle statistiche. EasyWeb offre una variet\u00e0 di modi per analizzare e interpretare il rendimento della tua campagna con grafici e dati per aiutarti a migliorare le tue campagne.[\/vc_column_text][\/vc_column][vc_column width=&#8221;1\/2&#8243;][vc_column_text] Invia la tua campagna e assicurati la consegna. Le campagne e-mail possono essere inviate a vostro piacimento in quanto le abbiamo archiviate nel cloud, il che significa che \u00e8 possibile accedervi in qualsiasi momento e ovunque tramite desktop, tablet o iPhone. Pianifica la tua campagna o inviala immediatamente. Controlla la consegna nei nostri rapporti e statistiche immediatamente. I tassi di consegna elevati sono garantiti poich\u00e9 abbiamo cicli di feedback con tutti i principali fornitori di servizi Internet.[\/vc_column_text][\/vc_column][\/vc_row][vc_row row_type=&#8221;2&#8243; page_title=&#8221;page-title-x&#8221; blox_padding_top=&#8221;50&#8243; blox_padding_bottom=&#8221;50&#8243; blox_bgcolor=&#8221;#f7f7f7&#8243;][vc_column width=&#8221;7\/12&#8243;][vc_column_text] Social Media Marketing Un potente strumento di comunicazione, i social media consentono alle aziende di raggiungere i loro clienti dove sono, mentre caratterizzano anche i&#8230; <\/p>\n<p><a class=\"readmore\" href=\"https:\/\/evolve.al\/it\/online-marketing\/\">Continue Reading<\/a><\/p>\n","protected":false},"author":1,"featured_media":0,"parent":0,"menu_order":0,"comment_status":"closed","ping_status":"closed","template":"","meta":[],"_links":{"self":[{"href":"https:\/\/evolve.al\/it\/wp-json\/wp\/v2\/pages\/9288"}],"collection":[{"href":"https:\/\/evolve.al\/it\/wp-json\/wp\/v2\/pages"}],"about":[{"href":"https:\/\/evolve.al\/it\/wp-json\/wp\/v2\/types\/page"}],"author":[{"embeddable":true,"href":"https:\/\/evolve.al\/it\/wp-json\/wp\/v2\/users\/1"}],"replies":[{"embeddable":true,"href":"https:\/\/evolve.al\/it\/wp-json\/wp\/v2\/comments?post=9288"}],"version-history":[{"count":7,"href":"https:\/\/evolve.al\/it\/wp-json\/wp\/v2\/pages\/9288\/revisions"}],"predecessor-version":[{"id":11257,"href":"https:\/\/evolve.al\/it\/wp-json\/wp\/v2\/pages\/9288\/revisions\/11257"}],"wp:attachment":[{"href":"https:\/\/evolve.al\/it\/wp-json\/wp\/v2\/media?parent=9288"}],"curies":[{"name":"wp","href":"https:\/\/api.w.org\/{rel}","templated":true}]}}