{"id":9242,"date":"2016-03-29T10:40:24","date_gmt":"2016-03-29T10:40:24","guid":{"rendered":"http:\/\/webnus.biz\/themes\/easyweb\/design\/?page_id=9242"},"modified":"2023-02-24T09:10:34","modified_gmt":"2023-02-24T08:10:34","slug":"progettazione-siti-web","status":"publish","type":"page","link":"https:\/\/evolve.al\/it\/progettazione-siti-web\/","title":{"rendered":"Creazione siti Web"},"content":{"rendered":"<p>[vc_row row_type=&#8221;3&#8243; blox_image=&#8221;9467&#8243; align_center=&#8221;aligncenter&#8221; page_title=&#8221;page-title-x&#8221; blox_dark=&#8221;true&#8221; parallax_speed=&#8221;7&#8243;][vc_column]<hr class=\"vertical-space5\"><hr class=\"vertical-space5\"><hr class=\"vertical-space3\">[vc_column_text]<\/p>\n<h2 class=\"respo-tagline\" style=\"text-align: center; letter-spacing: 1px;\"><strong>PROGETTAZIONE DI SITI WEB<\/strong><\/h2>\n<p>[\/vc_column_text]<hr class=\"vertical-space5\"><hr class=\"vertical-space5\">[\/vc_column][\/vc_row][vc_row][vc_column width=&#8221;1\/6&#8243;][\/vc_column][vc_column width=&#8221;2\/3&#8243;]<hr class=\"vertical-space5\"><hr class=\"vertical-space2\">[vc_column_text]<\/p>\n<h3 style=\"text-align: center;\"><strong>Design e sviluppo siti Web accessibili<\/strong><\/h3>\n<p style=\"text-align: center;\"><strong>La progettazione Web \u00e8 un&#8217;arte!<\/strong> Il design del tuo sito web mostra la tua intuizione aziendale. Un detto ben noto \u00e8 &#8220;La prima impressione \u00e8 quella duratura&#8221;. Nelle tecnologie web, il tuo sito web \u00e8 la prima entit\u00e0 che interagisce con il visitatore, quindi il tuo sito web dovrebbe parlare da solo!<\/p>\n<p style=\"text-align: center;\">I siti Web che produciamo sono <strong>puliti e freschi<\/strong>, ciascuno progettato in modo univoco. Inoltre, ci sforziamo di garantire che tutti i nostri siti soddisfino gli standard di accessibilit\u00e0 richiesti dal <a href=\"https:\/\/en.wikipedia.org\/wiki\/World_Wide_Web_Consortium\">World Wide Web Consortium<\/a>. I nostri siti Web sono testati nei browser pi\u00f9 comunemente utilizzati a diverse risoluzioni dello schermo. Evolve Studio, <strong>creazione siti<\/strong> web come in nessun&#8217;altra agenzia.<\/p>\n<p>[\/vc_column_text]<hr class=\"vertical-space1\"><hr class=\"vertical-space1\">[vc_row_inner][vc_column_inner][\/vc_column_inner][\/vc_row_inner][vc_column_text]Evolve Studio \u00e8 specializzata nello <strong>sviluppo siti web<\/strong> professionali per tutti i tipi di aziende, grandi o piccole. Lo <strong>sviluppo siti web<\/strong>, il web design e la manutenzione del sito web sono una parte del servizio che offriamo. Sviluppiamo velocemente il sito web, con qualit\u00e0 e adottiamo ogni richiesta dei nostri clienti. La<strong> creazione di siti<\/strong> \u00e8 la nostra specialit\u00e0 .<\/p>\n<p>Abbiamo un team di esperti e sviluppiamo siti web molto professionali. Abbiamo pi\u00f9 di 8 anni di esperienza nello sviluppo di siti Web professionali. Possiamo aiutarti a progettare il tuo sito web, sviluppando un sito professionale con un team di professionisti.<\/p>\n<p>Abbiamo una vasta esperienza nella <strong>creazione siti<\/strong> Web e applicazioni di ogni tipo, a seconda della scala di difficolt\u00e0 e del budget. Evolve Studio ha la giusta esperienza nello <strong>sviluppo di siti web<\/strong> e applicazioni mobili. <strong>Sviluppo siti web<\/strong> per i nostri clienti. Abbiamo oltre 8 anni di esperienza nello sviluppo di siti Web e per tutti i clienti. Sviluppiamo e gestiamo il sito web, che \u00e8 molto importante per le pagine Web dinamiche. Abbiamo la soluzione per mantenere il tuo sito. Contattateci per rispondere alle vostre richieste per lo<strong> sviluppo di siti web<\/strong>, il web design e la manutenzione del sito Web.[\/vc_column_text][\/vc_column][vc_column width=&#8221;1\/6&#8243;][\/vc_column][\/vc_row][vc_row][vc_column][vc_row_inner][vc_column_inner][vc_column_text]EVOLVE Studio, <strong>agenzia web<\/strong> a Tirana offre un sito Web professionale per tutte le aziende con volumi medi e grandi. <strong>Sviluppo di siti Web<\/strong>, progettazione di siti Web, manutenzione di siti Web \u00e8 una vasta gamma di servizi che offriamo. <strong>Creazione siti<\/strong> web in modo rapido, qualitativo e ci adattiamo a qualsiasi tipo di richiesta da parte dei nostri clienti. <strong>Creazione siti<\/strong> Web per ogni tua esigenza.<\/p>\n<p>Offriamo i nostri servizi e collaboriamo strettamente con i nostri clienti, assicurandoci che ogni progetto sia consegnato in tempo, con la migliore qualit\u00e0 e alimentando uno spirito di comunicazione aperto con loro. Tu chiedi, noi ti rispondiamo. I clienti sono ora sempre soddisfatti della costruzione dei siti web professionali che stiamo implementando per questo. Creiamo siti Web in base alle esigenze dei pneumatici.<\/p>\n<p>Evolve Studio, <strong>agenzia web <\/strong>pronti alla creazione di <strong>siti web in Albania, <\/strong>con la massima qualit\u00e0. Un sito Web \u00e8 per un&#8217;azienda di particolare importanza e per noi creare un sito per ogni azienda che ci contatta ha una grande importanza. Sviluppiamo siti web in base alle esigenze del cliente. I nostri servizi includono siti Web e app. Creiamo siti Web e siamo 8 anni di esperti nello sviluppo di un sito web dinamico, moderno e coerente.<\/p>\n<p>Con il nostro team di esperti nella creazione di siti e nella nostra consulenza per la manutenzione del sito web, ti offriamo un servizio rapido e sicuro. Evovle Studio,<strong> agenzia web<\/strong> a Tirana,\u00a0 offre lo <strong>sviluppo di siti<\/strong> professionali e la manutenzione del sito web.<\/p>\n<p>Siti web professionali, manutenzione e progettazione di siti Web a prezzi competitivi. Evolve Studio,<strong> agenzia web<\/strong> a Tirana per la <strong>creazione di siti <\/strong>web, troverai la costruzione di siti professionali, la manutenzione del sito web, il sito web aziendale su misura per qualsiasi tipo di attivit\u00e0.<\/p>\n<p><strong>Creazione siti<\/strong> Web professionali, manutenzione e progettazione di siti Web. Il design del tuo sito \u00e8 una sorta di biglietto da visita per la tua attivit\u00e0. La prima impressione \u00e8 molto importante. Molti clienti cercano la tua attivit\u00e0 online. Molto importante \u00e8 la <strong>creazione di sito<\/strong> web professionale. Ci assicuriamo che il tuo sito web sia facilmente utilizzabile. Viviamo nell&#8217;era digitale, abbiamo la possibilit\u00e0 di sviluppare pagine dinamiche e la manutenzione del tuo sito web.<\/p>\n<p><strong>Sviluppo siti web in Albania,<\/strong> progettazione e manutenzione unico. I siti Web che costruiremo risponderanno a qualsiasi richiesta. Costruisci il tuo sito ora e d\u00e0 una spinta alla tua attivit\u00e0. Ora \u00e8 il momento di avere un sito web professionale. Possiamo costruire qualsiasi sito web di cui hai bisogno. Evolve Studio, <strong>agenzia web <\/strong>per la creazione di <strong>siti web in Albania <\/strong>e non solo.<\/p>\n<p>Progetta il sito web in base alle ultime tecniche e alle professionalit\u00e0 del nostro team, per fornire il massimo servizio al cliente. Un sito web professionale \u00e8 il primo biglietto da visita di qualsiasi attivit\u00e0 commerciale. I clienti chiedono sempre il tuo sito web. <strong>Creazione sito<\/strong> Web per soddisfare tutte le esigenze di ogni cliente che ci contatta. Spesso sorge la domanda, come creare un sito web, perch\u00e9 creare un sito Web e la nostra risposta a tutti \u00e8 che con il mondo in cui vivi, un sito web professionale significa una pubblicit\u00e0 pi\u00f9 potente della tua attivit\u00e0 ai tuoi clienti attuali e potenziali. I siti web professionali rappresentano la migliore opportunit\u00e0 per la tua azienda.<\/p>\n<p>Perch\u00e9 \u00e8 necessario mantenere un sito Web? Ogni sito produttivo, per funzionare velocemente e adattarsi alle esigenze e alle innovazioni tecnologiche, necessita del mantenimento del sito web e con EVOLVE \u00e8 possibile realizzare un sito web on-line. Con la manutenzione del sito Web, il processo necessario per avere sempre un sito dinamico, sicuro e di successo. Siamo in grado di fare la manutenzione del sito Web per avere sempre pagine funzionali, pagine protette e siti di successo.[\/vc_column_text][\/vc_column_inner][\/vc_row_inner]<hr class=\"vertical-space5\">[vc_column_text]<\/p>\n<h1 style=\"text-align: center;\"><strong>Processo<\/strong> di servizio<\/h1>\n<p>[\/vc_column_text]<div class=\"our-process-wrap\">\n\t\t\t\t<div class=\"our-process-item \">\n\t\t\t\t\t<i class=\"fa fa-lightbulb-o\"><\/i>\n\t\t\t\t\t<h4><strong>STRATEGIA<\/strong> <\/h4>\n\t\t\t\t\t<p>Definire l'analisi obiettiva del marchio, la ricerca per parole chiave e la strategia di posizionamento.<\/p>\n\t\t\t\t<\/div>\n\t\t\t\t<div class=\"our-process-item \">\n\t\t\t\t\t<i class=\"fa fa-laptop\"><\/i>\n\t\t\t\t\t<h4><strong>DESIGN<\/strong> <\/h4>\n\t\t\t\t\t<p>Ci accordiamo su alcune bozze di progetto iniziali per il tuo sito web e scegli un concetto.<\/p>\n\t\t\t\t<\/div>\n\t\t\t\t<div class=\"our-process-item \">\n\t\t\t\t\t<i class=\"fa fa-keyboard-o\"><\/i>\n\t\t\t\t\t<h4><strong>SVILUPPARE<\/strong> <\/h4>\n\t\t\t\t\t<p>Per rendere il contenuto, l'architettura dell'informazione, il design visivo funzionano e funzionano tutti insieme.<\/p>\n\t\t\t\t<\/div>\n\t\t\t\t<div class=\"our-process-item \">\n\t\t\t\t\t<i class=\"fa fa-line-chart\"><\/i>\n\t\t\t\t\t<h4><strong>POSIZIONA<\/strong><\/h4>\n\t\t\t\t\t<p>Il nostro team di esperti \u00e8 sempre disponibile per qualsiasi aggiornamento tu possa avere bisogno.<\/p>\n\t\t\t\t<\/div><\/div><hr class=\"vertical-space5\">[\/vc_column][\/vc_row][vc_row row_type=&#8221;2&#8243; blox_bgcolor=&#8221;#f7f7f7&#8243;][vc_column]<hr class=\"vertical-space5\">[vc_column_text]<\/p>\n<h1 style=\"text-align: center;\">Il Servizio <strong>Include<\/strong><\/h1>\n<p>[\/vc_column_text]<hr class=\"vertical-space2\">[vc_row_inner][vc_column_inner width=&#8221;1\/3&#8243;]<article class=\"icon-box5\" ><i class=\"sl-check\" style=\"\"><\/i><h4>Responsive Website Design<\/h4><\/article><hr class=\"vertical-space1\"><article class=\"icon-box5\" ><i class=\"sl-check\" style=\"\"><\/i><h4>Usabilit\u00e0 e analisi della concorrenza<\/h4><\/article><hr class=\"vertical-space1\"><article class=\"icon-box5\" ><i class=\"sl-check\" style=\"\"><\/i><h4>Progettazione dell'architettura dell'informazione<\/h4><\/article><hr class=\"vertical-space1\">[\/vc_column_inner][vc_column_inner width=&#8221;1\/3&#8243;]<article class=\"icon-box5\" ><i class=\"sl-check\" style=\"\"><\/i><h4>User Experience Design<\/h4><\/article><hr class=\"vertical-space1\"><article class=\"icon-box5\" ><i class=\"sl-check\" style=\"\"><\/i><h4>Strategia del contenuto del sito Web<\/h4><\/article><hr class=\"vertical-space1\"><article class=\"icon-box5\" ><i class=\"sl-check\" style=\"\"><\/i><h4>Installazione e configurazione<\/h4><\/article><hr class=\"vertical-space1\">[\/vc_column_inner][vc_column_inner width=&#8221;1\/3&#8243;]<article class=\"icon-box5\" ><i class=\"sl-check\" style=\"\"><\/i><h4>Integrazione CMS ed e-Commerce<\/h4><\/article><hr class=\"vertical-space1\"><article class=\"icon-box5\" ><i class=\"sl-check\" style=\"\"><\/i><h4>Cross-Browser e Platform Testing<\/h4><\/article><hr class=\"vertical-space1\"><article class=\"icon-box5\" ><i class=\"sl-check\" style=\"\"><\/i><h4>Manutenzione<\/h4><\/article><hr class=\"vertical-space1\">[\/vc_column_inner][\/vc_row_inner]<hr class=\"vertical-space4\">[\/vc_column][\/vc_row][vc_row][vc_column]<hr class=\"vertical-space4\">\n\t<div class=\"max-title max-title3\">\n\t\t<h2>I NOSTRI <strong>CLIENTI FELICI<\/strong><\/h2>\n\t<\/div><hr class=\"vertical-space1\"><div class=\"aligncenter\"><hr class=\"vertical-space1\"><div class=\"col-md-12 our-clients-wrap crsl\"><ul id=\"our-clients\" class=\"our-clients crsl\"><li><img alt=\"\" src=\"https:\/\/evolve.al\/admin\/core-wp\/..\/..\/site\/resources-global\/content-data\/uploads\/dga_logo_landscape_v1.jpg\"\/><\/li><li><img alt=\"\" src=\"https:\/\/evolve.al\/admin\/core-wp\/..\/..\/site\/resources-global\/content-data\/uploads\/ardeno-mobileri-al_logo_2.jpg\"\/><\/li><li><img alt=\"\" src=\"https:\/\/evolve.al\/admin\/core-wp\/..\/..\/site\/resources-global\/content-data\/uploads\/salillari-shpk_logo.jpg\"\/><\/li><li><img alt=\"\" src=\"https:\/\/evolve.al\/admin\/core-wp\/..\/..\/site\/resources-global\/content-data\/uploads\/alb-pastrim_logo.jpg\"\/><\/li><li><img alt=\"\" src=\"https:\/\/evolve.al\/admin\/core-wp\/..\/..\/site\/resources-global\/content-data\/uploads\/supersport_logo_v1.jpg\"\/><\/li><li><img alt=\"\" src=\"https:\/\/evolve.al\/admin\/core-wp\/..\/..\/site\/resources-global\/content-data\/uploads\/dpm-gov-al_logo.jpg\"\/><\/li><li><img alt=\"\" src=\"https:\/\/evolve.al\/admin\/core-wp\/..\/..\/site\/resources-global\/content-data\/uploads\/mmsr-gov-al_logo.jpg\"\/><\/li><li><img alt=\"\" src=\"https:\/\/evolve.al\/admin\/core-wp\/..\/..\/site\/resources-global\/content-data\/uploads\/biznes-albania_logo.jpg\"\/><\/li><li><img alt=\"\" src=\"https:\/\/evolve.al\/admin\/core-wp\/..\/..\/site\/resources-global\/content-data\/uploads\/su-shefqet-ndroqi_logo.jpg\"\/><\/li><li><img alt=\"\" src=\"https:\/\/evolve.al\/admin\/core-wp\/..\/..\/site\/resources-global\/content-data\/uploads\/ekb_logo.jpg\"\/><\/li><li><img alt=\"\" src=\"https:\/\/evolve.al\/admin\/core-wp\/..\/..\/site\/resources-global\/content-data\/uploads\/leon-kons_logo.jpg\"\/><\/li><li><img alt=\"\" src=\"https:\/\/evolve.al\/admin\/core-wp\/..\/..\/site\/resources-global\/content-data\/uploads\/alushi-trans-al_logo.jpg\"\/><\/li><\/ul><\/div><hr class=\"vertical-space2\"><\/div>[\/vc_column][\/vc_row][vc_row row_type=&#8221;2&#8243; blox_height=&#8221;452&#8243; blox_image=&#8221;9705&#8243; blox_bgcolor=&#8221;#f7f7f7&#8243;][vc_column el_class=&#8221;aligncenter&#8221;]<hr class=\"vertical-space5\"><hr class=\"vertical-space1\">[vc_column_text]<\/p>\n<h1 style=\"text-align: center;\">Iniziamo<br \/>\nil <strong>tuo progetto<\/strong><\/h1>\n<p>[\/vc_column_text]<hr class=\"vertical-space1\">[vc_column_text]<\/p>\n<p class=\"slog-tx2 aligncenter\">Evolve Studio, <strong>agenzia web<\/strong> a Tirana, Albania.\u00a0 Ci concentriamo fortemente sulla funzione e sull&#8217;usabilit\u00e0 e ti addestriamo a gestire il tuo sito web come una risorsa aziendale. Facciamo del nostro meglio per assicurare che i tuoi contenuti vengano consegnati in modo tale che i visitatori possano trovare facilmente e intuitivamente le informazioni che cercano, ottenendo un&#8217;esperienza utente piacevole e produttiva.<\/p>\n<p>[\/vc_column_text]<hr class=\"vertical-space1\"><a href=\"http:\/\/evolve.al\/request-a-quote\/\" class=\"button skyblue  medium bordered-bot \" target=\"_self\">RICHIEDI UN PREVENTIVO<\/a><hr class=\"vertical-space4\">[\/vc_column][\/vc_row][vc_row row_type=&#8221;2&#8243; blox_image=&#8221;9171&#8243; blox_cover=&#8221;false&#8221; blox_repeat=&#8221;repeat&#8221; blox_dark=&#8221;true&#8221; blox_bgcolor=&#8221;#00c2e5&#8243;][vc_column]<hr class=\"vertical-space3\">[vc_row_inner][vc_column_inner el_class=&#8221;aligncenter&#8221;][vc_column_text]<\/p>\n<h1 style=\"text-align: center;\">Cose che abbiamo <strong>fatto<\/strong><\/h1>\n<p style=\"text-align: center;\">Siamo costruendo ponti nella tecnologia web per collegare l&#8217;obiettivo del cliente alla realt\u00e0<\/p>\n<p>[\/vc_column_text]<a href=\"http:\/\/evolve.al\/projects\/\" class=\"button white  medium bordered-bot \" target=\"_self\">VISUALIZZA I NOSTRI PROGETTI<\/a>[\/vc_column_inner][\/vc_row_inner]<hr class=\"vertical-space2\">[\/vc_column][\/vc_row]<\/p>","protected":false},"excerpt":{"rendered":"<p>[vc_row row_type=&#8221;3&#8243; blox_image=&#8221;9467&#8243; align_center=&#8221;aligncenter&#8221; page_title=&#8221;page-title-x&#8221; blox_dark=&#8221;true&#8221; parallax_speed=&#8221;7&#8243;][vc_column][vc_column_text] PROGETTAZIONE DI SITI WEB [\/vc_column_text][\/vc_column][\/vc_row][vc_row][vc_column width=&#8221;1\/6&#8243;][\/vc_column][vc_column width=&#8221;2\/3&#8243;][vc_column_text] Design e sviluppo siti Web accessibili La progettazione Web \u00e8 un&#8217;arte! Il design del tuo sito web mostra la tua intuizione aziendale. Un detto ben noto \u00e8 &#8220;La prima impressione \u00e8 quella duratura&#8221;. Nelle tecnologie web, il tuo sito web \u00e8 la prima entit\u00e0 che interagisce con il visitatore, quindi il tuo sito web dovrebbe parlare da solo! I siti Web che produciamo sono puliti e freschi, ciascuno progettato in modo univoco. Inoltre, ci sforziamo di garantire che tutti i nostri siti soddisfino gli standard di accessibilit\u00e0 richiesti dal World Wide Web Consortium. I nostri siti Web sono testati nei browser pi\u00f9 comunemente utilizzati a diverse risoluzioni dello schermo. Evolve Studio, creazione siti web come in nessun&#8217;altra agenzia. [\/vc_column_text][vc_row_inner][vc_column_inner][\/vc_column_inner][\/vc_row_inner][vc_column_text]Evolve Studio \u00e8 specializzata nello sviluppo siti web professionali per tutti i tipi di aziende, grandi o piccole. Lo sviluppo siti web, il web design e la manutenzione del sito web sono una parte del servizio che offriamo. Sviluppiamo velocemente il sito web, con qualit\u00e0 e adottiamo ogni richiesta dei nostri clienti. La creazione di siti \u00e8 la nostra specialit\u00e0 . Abbiamo un team di esperti e sviluppiamo siti web molto professionali. Abbiamo pi\u00f9 di 8 anni di esperienza nello sviluppo di siti Web professionali. Possiamo aiutarti a progettare il tuo sito web, sviluppando un sito professionale con un team di professionisti. Abbiamo una vasta esperienza nella creazione siti Web e applicazioni di ogni tipo, a seconda della scala di difficolt\u00e0 e del budget. Evolve Studio ha la giusta esperienza nello sviluppo di siti web e applicazioni mobili. Sviluppo siti web per i nostri clienti. Abbiamo oltre 8 anni di esperienza nello sviluppo di siti Web e per tutti i clienti. Sviluppiamo e gestiamo il sito web, che&#8230; <\/p>\n<p><a class=\"readmore\" href=\"https:\/\/evolve.al\/it\/progettazione-siti-web\/\">Continue Reading<\/a><\/p>\n","protected":false},"author":1,"featured_media":0,"parent":0,"menu_order":0,"comment_status":"closed","ping_status":"closed","template":"","meta":[],"_links":{"self":[{"href":"https:\/\/evolve.al\/it\/wp-json\/wp\/v2\/pages\/9242"}],"collection":[{"href":"https:\/\/evolve.al\/it\/wp-json\/wp\/v2\/pages"}],"about":[{"href":"https:\/\/evolve.al\/it\/wp-json\/wp\/v2\/types\/page"}],"author":[{"embeddable":true,"href":"https:\/\/evolve.al\/it\/wp-json\/wp\/v2\/users\/1"}],"replies":[{"embeddable":true,"href":"https:\/\/evolve.al\/it\/wp-json\/wp\/v2\/comments?post=9242"}],"version-history":[{"count":7,"href":"https:\/\/evolve.al\/it\/wp-json\/wp\/v2\/pages\/9242\/revisions"}],"predecessor-version":[{"id":11259,"href":"https:\/\/evolve.al\/it\/wp-json\/wp\/v2\/pages\/9242\/revisions\/11259"}],"wp:attachment":[{"href":"https:\/\/evolve.al\/it\/wp-json\/wp\/v2\/media?parent=9242"}],"curies":[{"name":"wp","href":"https:\/\/api.w.org\/{rel}","templated":true}]}}