{"id":9131,"date":"2016-02-23T10:40:20","date_gmt":"2016-02-23T10:40:20","guid":{"rendered":"http:\/\/webnus.biz\/themes\/easyweb\/design\/?page_id=9131"},"modified":"2023-05-01T13:58:27","modified_gmt":"2023-05-01T12:58:27","slug":"evolve","status":"publish","type":"page","link":"https:\/\/evolve.al\/it\/evolve\/","title":{"rendered":"Chi Siamo"},"content":{"rendered":"<p>[vc_row row_type=&#8221;3&#8243; blox_image=&#8221;9467&#8243; align_center=&#8221;aligncenter&#8221; page_title=&#8221;page-title-x&#8221; blox_dark=&#8221;true&#8221; blox_class=&#8221;breadcrumb&#8221; parallax_speed=&#8221;7&#8243;][vc_column]<hr class=\"vertical-space5\">[vc_column_text]<\/p>\n<h2 class=\"respo-tagline\" style=\"text-align: center; letter-spacing: 1px;\"><strong>SIAMO CREATIVI<\/strong><\/h2>\n<p>[\/vc_column_text]<hr class=\"vertical-space5\">[\/vc_column][\/vc_row][vc_row][vc_column]<hr class=\"vertical-space5\">[\/vc_column][vc_column width=&#8221;1\/2&#8243;]\n\t<div class=\"subtitle-element subtitle-element2\">\n\t\t<h3>LA NOSTRA <strong>STORIA<\/strong><\/h3>\n\t<\/div>[vc_column_text]Evolve \u00e8 un&#8217;agenzia digitale che si concentra su qualit\u00e0, innovazione e velocit\u00e0. Abbiamo utilizzato la tecnologia per portare risultati per far crescere le aziende dei nostri clienti. Siamo orgogliosi dell&#8217;etica del lavoro, dell&#8217;integrit\u00e0 e dei risultati finali.<\/p>\n<p>Da oltre 8 anni forniamo soluzioni diversificate e spesso molto personalizzate e abbiamo supportato oltre 240 clienti che spaziano dal branding a siti Web, piattaforme di e-commerce, campagne di marketing integrate, soluzioni IT diverse e persino giochi.<\/p>\n<p>Abbiamo dato supporto\u00a0 quasi ai tutti i settori industriali, tra cui istruzione, governo, IT e comunicazione, vendita al dettaglio, finanziario e, naturalmente, una vasta gamma di aziende per i consumatori e imprese per imprese.<\/p>\n<h5><strong>Missione<\/strong><\/h5>\n<p>Ci piace semplicemente lavorare su progetti che spingono le nostre capacit\u00e0 e conoscenze. Come squadra lavoriamo armoniosamente con i nostri fantastici clienti garantendo che i progetti siano consegnati ad uno standard elevato e con grande efficienza.[\/vc_column_text]<hr class=\"vertical-space4\">[\/vc_column][vc_column width=&#8221;1\/2&#8243;]<hr class=\"vertical-space1\">[vc_single_image image=&#8221;10206&#8243; img_size=&#8221;full&#8221; alignment=&#8221;right&#8221;]<hr class=\"vertical-space4\">[\/vc_column][\/vc_row][vc_row][vc_column][vc_row_inner][vc_column_inner width=&#8221;1\/2&#8243;]\n\t<div class=\"subtitle-element subtitle-element2\">\n\t\t<h3>LA NOSTRA <strong>SQUADRA<\/strong><\/h3>\n\t<\/div>[\/vc_column_inner][vc_column_inner width=&#8221;1\/2&#8243;][\/vc_column_inner][\/vc_row_inner][vc_column_text]<div class=\"tmm tmm_evolve-it\"><div class=\"tmm_4_columns tmm_wrap \"><span class=\"tmm_two_containers_tablet\"><\/span><div class=\"tmm_container\"><div class=\"tmm_member\" style=\"border-top:#3ed1ec solid 5px;\"><div class=\"tmm_photo tmm_phover_evolve-it_0\" style=\"background: url(http:\/\/evolve.al\/admin\/core-wp\/..\/..\/site\/resources-global\/content-data\/uploads\/man-user.jpg); margin-left:auto; margin-right:auto; background-size:cover !important;\"><\/div><div class=\"tmm_textblock\"><div class=\"tmm_names\"><span class=\"tmm_fname\">Endrit <\/span> <span class=\"tmm_lname\">Shehu<\/span><\/div><div class=\"tmm_job\">Amministratore<\/div><div class=\"tmm_scblock\"><a target=\"_blank\" class=\"tmm_sociallink\" href=\"https:\/\/www.facebook.com\/evolvestudioalbania\/\" title=\"\"><img alt=\"\" src=\"https:\/\/evolve.al\/site\/plugins\/team-members\/inc\/img\/links\/facebook.png\"\/><\/a><a target=\"_blank\" class=\"tmm_sociallink\" href=\"https:\/\/www.linkedin.com\/company\/evolve-studio-albania\" title=\"\"><img alt=\"\" src=\"https:\/\/evolve.al\/site\/plugins\/team-members\/inc\/img\/links\/linkedin.png\"\/><\/a><\/div><\/div><\/div><div class=\"tmm_member\" style=\"border-top:#3ed1ec solid 5px;\"><div class=\"tmm_photo tmm_phover_evolve-it_1\" style=\"background: url(http:\/\/evolve.al\/admin\/core-wp\/..\/..\/site\/resources-global\/content-data\/uploads\/man-user.jpg); margin-left:auto; margin-right:auto; background-size:cover !important;\"><\/div><div class=\"tmm_textblock\"><div class=\"tmm_names\"><span class=\"tmm_fname\">Dritan <\/span> <span class=\"tmm_lname\">Manaj<\/span><\/div><div class=\"tmm_job\">Direttore delle vendite<\/div><div class=\"tmm_scblock\"><a target=\"_blank\" class=\"tmm_sociallink\" href=\"https:\/\/www.facebook.com\/evolvestudioalbania\/\" title=\"\"><img alt=\"\" src=\"https:\/\/evolve.al\/site\/plugins\/team-members\/inc\/img\/links\/facebook.png\"\/><\/a><a target=\"_blank\" class=\"tmm_sociallink\" href=\"https:\/\/www.linkedin.com\/company\/evolve-studio-albania\" title=\"\"><img alt=\"\" src=\"https:\/\/evolve.al\/site\/plugins\/team-members\/inc\/img\/links\/linkedin.png\"\/><\/a><\/div><\/div><\/div><span class=\"tmm_two_containers_tablet\"><\/span><div class=\"tmm_member\" style=\"border-top:#3ed1ec solid 5px;\"><div class=\"tmm_photo tmm_phover_evolve-it_2\" style=\"background: url(https:\/\/evolve.al\/admin\/core-wp\/..\/..\/site\/resources-global\/content-data\/uploads\/man-user.jpg); margin-left:auto; margin-right:auto; background-size:cover !important;\"><\/div><div class=\"tmm_textblock\"><div class=\"tmm_names\"><span class=\"tmm_fname\">Blerina <\/span> <span class=\"tmm_lname\">Fusha<\/span><\/div><div class=\"tmm_job\">Coordinatrice<\/div><div class=\"tmm_scblock\"><a target=\"_blank\" class=\"tmm_sociallink\" href=\"https:\/\/www.facebook.com\/evolvestudioalbania\/\" title=\"\"><img alt=\"\" src=\"https:\/\/evolve.al\/site\/plugins\/team-members\/inc\/img\/links\/facebook.png\"\/><\/a><a target=\"_blank\" class=\"tmm_sociallink\" href=\"https:\/\/www.linkedin.com\/company\/evolve-studio-albania\" title=\"\"><img alt=\"\" src=\"https:\/\/evolve.al\/site\/plugins\/team-members\/inc\/img\/links\/linkedin.png\"\/><\/a><\/div><\/div><\/div><div class=\"tmm_member\" style=\"border-top:#3ed1ec solid 5px;\"><div class=\"tmm_photo tmm_phover_evolve-it_3\" style=\"background: url(http:\/\/evolve.al\/admin\/core-wp\/..\/..\/site\/resources-global\/content-data\/uploads\/man-user.jpg); margin-left:auto; margin-right:auto; background-size:cover !important;\"><\/div><div class=\"tmm_textblock\"><div class=\"tmm_names\"><span class=\"tmm_fname\">Ani<\/span> <span class=\"tmm_lname\">Spahiu<\/span><\/div><div class=\"tmm_job\">Full Stack Senior<\/div><div class=\"tmm_scblock\"><a target=\"_blank\" class=\"tmm_sociallink\" href=\"https:\/\/www.facebook.com\/evolvestudioalbania\/\" title=\"\"><img alt=\"\" src=\"https:\/\/evolve.al\/site\/plugins\/team-members\/inc\/img\/links\/facebook.png\"\/><\/a><a target=\"_blank\" class=\"tmm_sociallink\" href=\"https:\/\/www.linkedin.com\/company\/evolve-studio-albania\" title=\"\"><img alt=\"\" src=\"https:\/\/evolve.al\/site\/plugins\/team-members\/inc\/img\/links\/linkedin.png\"\/><\/a><\/div><\/div><\/div><span class=\"tmm_two_containers_tablet\"><\/span><\/div><span class=\"tmm_columns_containers_desktop\"><\/span><div class=\"tmm_container\"><div class=\"tmm_member\" style=\"border-top:#3ed1ec solid 5px;\"><div class=\"tmm_photo tmm_phover_evolve-it_4\" style=\"background: url(http:\/\/evolve.al\/admin\/core-wp\/..\/..\/site\/resources-global\/content-data\/uploads\/man-user.jpg); margin-left:auto; margin-right:auto; background-size:cover !important;\"><\/div><div class=\"tmm_textblock\"><div class=\"tmm_names\"><span class=\"tmm_fname\">Ergest<\/span> <span class=\"tmm_lname\">Imaj<\/span><\/div><div class=\"tmm_job\">Software Engineer<\/div><div class=\"tmm_scblock\"><a target=\"_blank\" class=\"tmm_sociallink\" href=\"https:\/\/www.facebook.com\/evolvestudioalbania\/\" title=\"\"><img alt=\"\" src=\"https:\/\/evolve.al\/site\/plugins\/team-members\/inc\/img\/links\/facebook.png\"\/><\/a><a target=\"_blank\" class=\"tmm_sociallink\" href=\"https:\/\/www.linkedin.com\/company\/evolve-studio-albania\" title=\"\"><img alt=\"\" src=\"https:\/\/evolve.al\/site\/plugins\/team-members\/inc\/img\/links\/linkedin.png\"\/><\/a><\/div><\/div><\/div><div class=\"tmm_member\" style=\"border-top:#3ed1ec solid 5px;\"><div class=\"tmm_photo tmm_phover_evolve-it_5\" style=\"background: url(http:\/\/evolve.al\/admin\/core-wp\/..\/..\/site\/resources-global\/content-data\/uploads\/man-user.jpg); margin-left:auto; margin-right:auto; background-size:cover !important;\"><\/div><div class=\"tmm_textblock\"><div class=\"tmm_names\"><span class=\"tmm_fname\">Ardit<\/span> <span class=\"tmm_lname\">Cela<\/span><\/div><div class=\"tmm_job\">Sviluppatore Front End<\/div><div class=\"tmm_scblock\"><a target=\"_blank\" class=\"tmm_sociallink\" href=\"https:\/\/www.facebook.com\/evolvestudioalbania\/\" title=\"\"><img alt=\"\" src=\"https:\/\/evolve.al\/site\/plugins\/team-members\/inc\/img\/links\/facebook.png\"\/><\/a><a target=\"_blank\" class=\"tmm_sociallink\" href=\"https:\/\/www.linkedin.com\/company\/evolve-studio-albania\" title=\"\"><img alt=\"\" src=\"https:\/\/evolve.al\/site\/plugins\/team-members\/inc\/img\/links\/linkedin.png\"\/><\/a><\/div><\/div><\/div><span class=\"tmm_two_containers_tablet\"><\/span><div class=\"tmm_member\" style=\"border-top:#3ed1ec solid 5px;\"><div class=\"tmm_photo tmm_phover_evolve-it_6\" style=\"background: url(http:\/\/evolve.al\/admin\/core-wp\/..\/..\/site\/resources-global\/content-data\/uploads\/man-user.jpg); margin-left:auto; margin-right:auto; background-size:cover !important;\"><\/div><div class=\"tmm_textblock\"><div class=\"tmm_names\"><span class=\"tmm_fname\">Eri<\/span> <span class=\"tmm_lname\">Vila<\/span><\/div><div class=\"tmm_job\">SEO Specialist<\/div><div class=\"tmm_scblock\"><a target=\"_blank\" class=\"tmm_sociallink\" href=\"https:\/\/www.facebook.com\/evolvestudioalbania\/\" title=\"\"><img alt=\"\" src=\"https:\/\/evolve.al\/site\/plugins\/team-members\/inc\/img\/links\/facebook.png\"\/><\/a><a target=\"_blank\" class=\"tmm_sociallink\" href=\"https:\/\/www.linkedin.com\/company\/evolve-studio-albania\" title=\"\"><img alt=\"\" src=\"https:\/\/evolve.al\/site\/plugins\/team-members\/inc\/img\/links\/linkedin.png\"\/><\/a><\/div><\/div><\/div><div class=\"tmm_member\" style=\"border-top:#3ed1ec solid 5px;\"><div class=\"tmm_photo tmm_phover_evolve-it_7\" style=\"background: url(http:\/\/evolve.al\/admin\/core-wp\/..\/..\/site\/resources-global\/content-data\/uploads\/man-user.jpg); margin-left:auto; margin-right:auto; background-size:cover !important;\"><\/div><div class=\"tmm_textblock\"><div class=\"tmm_names\"><span class=\"tmm_fname\">Gerti <\/span> <span class=\"tmm_lname\">Prifti<\/span><\/div><div class=\"tmm_job\">Sviluppatore Android<\/div><div class=\"tmm_scblock\"><a target=\"_blank\" class=\"tmm_sociallink\" href=\"https:\/\/www.facebook.com\/evolvestudioalbania\/\" title=\"\"><img alt=\"\" src=\"https:\/\/evolve.al\/site\/plugins\/team-members\/inc\/img\/links\/facebook.png\"\/><\/a><a target=\"_blank\" class=\"tmm_sociallink\" href=\"https:\/\/www.linkedin.com\/company\/evolve-studio-albania\" title=\"\"><img alt=\"\" src=\"https:\/\/evolve.al\/site\/plugins\/team-members\/inc\/img\/links\/linkedin.png\"\/><\/a><\/div><\/div><\/div><span class=\"tmm_two_containers_tablet\"><\/span><\/div><span class=\"tmm_columns_containers_desktop\"><\/span><div class=\"tmm_container\"><div class=\"tmm_member\" style=\"border-top:#3ed1ec solid 5px;\"><div class=\"tmm_photo tmm_phover_evolve-it_8\" style=\"background: url(http:\/\/evolve.al\/admin\/core-wp\/..\/..\/site\/resources-global\/content-data\/uploads\/man-user.jpg); margin-left:auto; margin-right:auto; background-size:cover !important;\"><\/div><div class=\"tmm_textblock\"><div class=\"tmm_names\"><span class=\"tmm_fname\">Marlind <\/span> <span class=\"tmm_lname\">Parllaku<\/span><\/div><div class=\"tmm_job\">Sviluppatore Backend<\/div><div class=\"tmm_scblock\"><a target=\"_blank\" class=\"tmm_sociallink\" href=\"https:\/\/www.facebook.com\/evolvestudioalbania\/\" title=\"\"><img alt=\"\" src=\"https:\/\/evolve.al\/site\/plugins\/team-members\/inc\/img\/links\/facebook.png\"\/><\/a><a target=\"_blank\" class=\"tmm_sociallink\" href=\"https:\/\/www.linkedin.com\/company\/evolve-studio-albania\" title=\"\"><img alt=\"\" src=\"https:\/\/evolve.al\/site\/plugins\/team-members\/inc\/img\/links\/linkedin.png\"\/><\/a><\/div><\/div><\/div><div class=\"tmm_member\" style=\"border-top:#3ed1ec solid 5px;\"><div class=\"tmm_photo tmm_phover_evolve-it_9\" style=\"background: url(http:\/\/evolve.al\/admin\/core-wp\/..\/..\/site\/resources-global\/content-data\/uploads\/man-user.jpg); margin-left:auto; margin-right:auto; background-size:cover !important;\"><\/div><div class=\"tmm_textblock\"><div class=\"tmm_names\"><span class=\"tmm_fname\">Eljo<\/span> <span class=\"tmm_lname\">Prifti<\/span><\/div><div class=\"tmm_job\">Sviluppatore iOS<\/div><div class=\"tmm_scblock\"><a target=\"_blank\" class=\"tmm_sociallink\" href=\"https:\/\/www.facebook.com\/evolvestudioalbania\/\" title=\"\"><img alt=\"\" src=\"https:\/\/evolve.al\/site\/plugins\/team-members\/inc\/img\/links\/facebook.png\"\/><\/a><a target=\"_blank\" class=\"tmm_sociallink\" href=\"https:\/\/www.linkedin.com\/company\/evolve-studio-albania\" title=\"\"><img alt=\"\" src=\"https:\/\/evolve.al\/site\/plugins\/team-members\/inc\/img\/links\/linkedin.png\"\/><\/a><\/div><\/div><\/div><span class=\"tmm_two_containers_tablet\"><\/span><div class=\"tmm_member\" style=\"border-top:#3ed1ec solid 5px;\"><div class=\"tmm_photo tmm_phover_evolve-it_10\" style=\"background: url(http:\/\/evolve.al\/admin\/core-wp\/..\/..\/site\/resources-global\/content-data\/uploads\/man-user.jpg); margin-left:auto; margin-right:auto; background-size:cover !important;\"><\/div><div class=\"tmm_textblock\"><div class=\"tmm_names\"><span class=\"tmm_fname\">Rizan <\/span> <span class=\"tmm_lname\">Shahu<\/span><\/div><div class=\"tmm_job\">Email &amp; Marketing<\/div><div class=\"tmm_scblock\"><a target=\"_blank\" class=\"tmm_sociallink\" href=\"https:\/\/www.facebook.com\/evolvestudioalbania\/\" title=\"\"><img alt=\"\" src=\"https:\/\/evolve.al\/site\/plugins\/team-members\/inc\/img\/links\/facebook.png\"\/><\/a><a target=\"_blank\" class=\"tmm_sociallink\" href=\"https:\/\/www.linkedin.com\/company\/evolve-studio-albania\" title=\"\"><img alt=\"\" src=\"https:\/\/evolve.al\/site\/plugins\/team-members\/inc\/img\/links\/linkedin.png\"\/><\/a><\/div><\/div><\/div><div style=\"clear:both;\"><\/div><\/div><\/div><\/div>[\/vc_column_text][\/vc_column][\/vc_row][vc_row row_type=&#8221;2&#8243; blox_bgcolor=&#8221;#f6f8f9&#8243;][vc_column width=&#8221;1\/12&#8243;][\/vc_column][vc_column width=&#8221;4\/12&#8243;]<hr class=\"vertical-space5\">[vc_column_text]<\/p>\n<h3 style=\"text-align: center;\">GRUPPO DI <strong>DESIGN<\/strong><\/h3>\n<p style=\"text-align: center;\">Con i nostri designer pluripremiati, riconosciamo il fatto che usabilit\u00e0, funzionalit\u00e0 e visualizzazione sono tre dei fattori pi\u00f9 importanti nella progettazione di interfacce o siti Web. Utilizzando questa strategia, lavoriamo con voi per garantire che i vostri obiettivi di messaggistica e marketing siano realizzati con i progetti che creiamo. Lavoreremo con te e porteremo la tua idea alla vita.<\/p>\n<p>[\/vc_column_text]<hr class=\"vertical-space3\">[\/vc_column][vc_column width=&#8221;2\/12&#8243;][\/vc_column][vc_column width=&#8221;4\/12&#8243;]<hr class=\"vertical-space5\">[vc_column_text]<\/p>\n<h3 style=\"text-align: center;\">GRUPPO DI <strong>SVILUPPO<\/strong><\/h3>\n<p style=\"text-align: center;\">Come web leader e amp; azienda di sviluppo di applicazioni mobili, Evolve ha una vasta esperienza nella creazione di applicazioni mobili native ad alte prestazioni e ricche di funzionalit\u00e0 per tutte le principali piattaforme mobili tra cui iOS, Android e Windows Mobile. Gli sviluppatori di applicazioni mobili Evolve possono creare l&#8217;app giusta per soddisfare le esigenze aziendali, industriali e \/ o verticali.<\/p>\n<p>[\/vc_column_text]<hr class=\"vertical-space5\">[\/vc_column][vc_column width=&#8221;1\/12&#8243;][\/vc_column][\/vc_row][vc_row][vc_column]<hr class=\"vertical-space4\">\n\t<div class=\"max-title max-title3\">\n\t\t<h2>I NOSTRI <strong>CLIENTI FELICI<\/strong><\/h2>\n\t<\/div><div class=\"aligncenter\"><hr class=\"vertical-space1\"><div class=\"col-md-12 our-clients-wrap crsl\"><ul id=\"our-clients\" class=\"our-clients crsl\"><li><img alt=\"\" src=\"https:\/\/evolve.al\/admin\/core-wp\/..\/..\/site\/resources-global\/content-data\/uploads\/dga_logo_landscape_v1.jpg\"\/><\/li><li><img alt=\"\" src=\"https:\/\/evolve.al\/admin\/core-wp\/..\/..\/site\/resources-global\/content-data\/uploads\/ardeno-mobileri-al_logo_2.jpg\"\/><\/li><li><img alt=\"\" src=\"https:\/\/evolve.al\/admin\/core-wp\/..\/..\/site\/resources-global\/content-data\/uploads\/salillari-shpk_logo.jpg\"\/><\/li><li><img alt=\"\" src=\"https:\/\/evolve.al\/admin\/core-wp\/..\/..\/site\/resources-global\/content-data\/uploads\/alb-pastrim_logo.jpg\"\/><\/li><li><img alt=\"\" src=\"https:\/\/evolve.al\/admin\/core-wp\/..\/..\/site\/resources-global\/content-data\/uploads\/supersport_logo_v1.jpg\"\/><\/li><li><img alt=\"\" src=\"https:\/\/evolve.al\/admin\/core-wp\/..\/..\/site\/resources-global\/content-data\/uploads\/dpm-gov-al_logo.jpg\"\/><\/li><li><img alt=\"\" src=\"https:\/\/evolve.al\/admin\/core-wp\/..\/..\/site\/resources-global\/content-data\/uploads\/mmsr-gov-al_logo.jpg\"\/><\/li><li><img alt=\"\" src=\"https:\/\/evolve.al\/admin\/core-wp\/..\/..\/site\/resources-global\/content-data\/uploads\/biznes-albania_logo.jpg\"\/><\/li><li><img alt=\"\" src=\"https:\/\/evolve.al\/admin\/core-wp\/..\/..\/site\/resources-global\/content-data\/uploads\/su-shefqet-ndroqi_logo.jpg\"\/><\/li><li><img alt=\"\" src=\"https:\/\/evolve.al\/admin\/core-wp\/..\/..\/site\/resources-global\/content-data\/uploads\/ekb_logo.jpg\"\/><\/li><li><img alt=\"\" src=\"https:\/\/evolve.al\/admin\/core-wp\/..\/..\/site\/resources-global\/content-data\/uploads\/leon-kons_logo.jpg\"\/><\/li><li><img alt=\"\" src=\"https:\/\/evolve.al\/admin\/core-wp\/..\/..\/site\/resources-global\/content-data\/uploads\/alushi-trans-al_logo.jpg\"\/><\/li><\/ul><\/div><hr class=\"vertical-space2\"><\/div>[\/vc_column][\/vc_row][vc_row row_type=&#8221;2&#8243; blox_height=&#8221;452&#8243; blox_image=&#8221;9123&#8243; blox_class=&#8221;fix-h1-mob&#8221;][vc_column el_class=&#8221;aligncenter&#8221;]<hr class=\"vertical-space5\"><hr class=\"vertical-space1\">[vc_column_text]<\/p>\n<h1 style=\"text-align: center;\"><strong>Iniziamo<br \/>\nil <strong>tuo progetto<\/strong><\/strong><\/h1>\n<p style=\"text-align: center;\">Ti aiuteremo a raggiungere i tuoi obiettivi e far crescere la tua attivit\u00e0.<\/p>\n<p>[\/vc_column_text]<a href=\"http:\/\/evolve.al\/request-a-quote\/\" class=\"button theme-skin  medium  \" target=\"_self\">RICHIEDI UN PREVENTIVO<\/a><hr class=\"vertical-space3\">[\/vc_column][\/vc_row][vc_row][vc_column][vc_column_text]<\/p>\n<p>[\/vc_column_text][\/vc_column][\/vc_row][vc_row row_type=&#8221;2&#8243; blox_image=&#8221;9171&#8243; blox_cover=&#8221;false&#8221; blox_repeat=&#8221;repeat&#8221; blox_dark=&#8221;true&#8221; blox_bgcolor=&#8221;#00c2e5&#8243;][vc_column]<hr class=\"vertical-space3\">[vc_row_inner][vc_column_inner el_class=&#8221;aligncenter&#8221;][vc_column_text]<\/p>\n<h1 style=\"text-align: center;\">Things we have\u00a0<strong>Done<\/strong><\/h1>\n<p style=\"text-align: center;\">We are building bridges in web technology in order to connect the client\u2019s goal to reality<\/p>\n<p>[\/vc_column_text]<a href=\"http:\/\/evolve.al\/projects\/\" class=\"button white  medium bordered-bot \" target=\"_self\">VIEW OUR PROJECTS<\/a>[\/vc_column_inner][\/vc_row_inner]<hr class=\"vertical-space2\">[\/vc_column][\/vc_row]<\/p>","protected":false},"excerpt":{"rendered":"<p>[vc_row row_type=&#8221;3&#8243; blox_image=&#8221;9467&#8243; align_center=&#8221;aligncenter&#8221; page_title=&#8221;page-title-x&#8221; blox_dark=&#8221;true&#8221; blox_class=&#8221;breadcrumb&#8221; parallax_speed=&#8221;7&#8243;][vc_column][vc_column_text] SIAMO CREATIVI [\/vc_column_text][\/vc_column][\/vc_row][vc_row][vc_column][\/vc_column][vc_column width=&#8221;1\/2&#8243;][vc_column_text]Evolve \u00e8 un&#8217;agenzia digitale che si concentra su qualit\u00e0, innovazione e velocit\u00e0. Abbiamo utilizzato la tecnologia per portare risultati per far crescere le aziende dei nostri clienti. Siamo orgogliosi dell&#8217;etica del lavoro, dell&#8217;integrit\u00e0 e dei risultati finali. Da oltre 8 anni forniamo soluzioni diversificate e spesso molto personalizzate e abbiamo supportato oltre 240 clienti che spaziano dal branding a siti Web, piattaforme di e-commerce, campagne di marketing integrate, soluzioni IT diverse e persino giochi. Abbiamo dato supporto\u00a0 quasi ai tutti i settori industriali, tra cui istruzione, governo, IT e comunicazione, vendita al dettaglio, finanziario e, naturalmente, una vasta gamma di aziende per i consumatori e imprese per imprese. Missione Ci piace semplicemente lavorare su progetti che spingono le nostre capacit\u00e0 e conoscenze. Come squadra lavoriamo armoniosamente con i nostri fantastici clienti garantendo che i progetti siano consegnati ad uno standard elevato e con grande efficienza.[\/vc_column_text][\/vc_column][vc_column width=&#8221;1\/2&#8243;][vc_single_image image=&#8221;10206&#8243; img_size=&#8221;full&#8221; alignment=&#8221;right&#8221;][\/vc_column][\/vc_row][vc_row][vc_column][vc_row_inner][vc_column_inner width=&#8221;1\/2&#8243;][\/vc_column_inner][vc_column_inner width=&#8221;1\/2&#8243;][\/vc_column_inner][\/vc_row_inner][vc_column_text][\/vc_column_text][\/vc_column][\/vc_row][vc_row row_type=&#8221;2&#8243; blox_bgcolor=&#8221;#f6f8f9&#8243;][vc_column width=&#8221;1\/12&#8243;][\/vc_column][vc_column width=&#8221;4\/12&#8243;][vc_column_text] GRUPPO DI DESIGN Con i nostri designer pluripremiati, riconosciamo il fatto che usabilit\u00e0, funzionalit\u00e0 e visualizzazione sono tre dei fattori pi\u00f9 importanti nella progettazione di interfacce o siti Web. Utilizzando questa strategia, lavoriamo con voi per garantire che i vostri obiettivi di messaggistica e marketing siano realizzati con i progetti che creiamo. Lavoreremo con te e porteremo la tua idea alla vita. [\/vc_column_text][\/vc_column][vc_column width=&#8221;2\/12&#8243;][\/vc_column][vc_column width=&#8221;4\/12&#8243;][vc_column_text] GRUPPO DI SVILUPPO Come web leader e amp; azienda di sviluppo di applicazioni mobili, Evolve ha una vasta esperienza nella creazione di applicazioni mobili native ad alte prestazioni e ricche di funzionalit\u00e0 per tutte le principali piattaforme mobili tra cui iOS, Android e Windows Mobile. Gli sviluppatori di applicazioni mobili Evolve possono creare l&#8217;app giusta per soddisfare le esigenze aziendali, industriali e \/ o verticali. [\/vc_column_text][\/vc_column][vc_column width=&#8221;1\/12&#8243;][\/vc_column][\/vc_row][vc_row][vc_column][\/vc_column][\/vc_row][vc_row row_type=&#8221;2&#8243; blox_height=&#8221;452&#8243;&#8230; <\/p>\n<p><a class=\"readmore\" href=\"https:\/\/evolve.al\/it\/tmm\/evolve\/\">Continue Reading<\/a><\/p>\n","protected":false},"author":1,"featured_media":0,"parent":0,"menu_order":0,"comment_status":"closed","ping_status":"closed","template":"","meta":[],"_links":{"self":[{"href":"https:\/\/evolve.al\/it\/wp-json\/wp\/v2\/pages\/9131"}],"collection":[{"href":"https:\/\/evolve.al\/it\/wp-json\/wp\/v2\/pages"}],"about":[{"href":"https:\/\/evolve.al\/it\/wp-json\/wp\/v2\/types\/page"}],"author":[{"embeddable":true,"href":"https:\/\/evolve.al\/it\/wp-json\/wp\/v2\/users\/1"}],"replies":[{"embeddable":true,"href":"https:\/\/evolve.al\/it\/wp-json\/wp\/v2\/comments?post=9131"}],"version-history":[{"count":7,"href":"https:\/\/evolve.al\/it\/wp-json\/wp\/v2\/pages\/9131\/revisions"}],"predecessor-version":[{"id":11590,"href":"https:\/\/evolve.al\/it\/wp-json\/wp\/v2\/pages\/9131\/revisions\/11590"}],"wp:attachment":[{"href":"https:\/\/evolve.al\/it\/wp-json\/wp\/v2\/media?parent=9131"}],"curies":[{"name":"wp","href":"https:\/\/api.w.org\/{rel}","templated":true}]}}