{"id":9931,"date":"2016-06-21T10:52:26","date_gmt":"2016-06-21T10:52:26","guid":{"rendered":"http:\/\/webnus.biz\/themes\/easyweb\/small\/?page_id=9931"},"modified":"2019-03-15T17:08:22","modified_gmt":"2019-03-15T16:08:22","slug":"soluzioni-it","status":"publish","type":"page","link":"https:\/\/evolve.al\/de\/soluzioni-it\/","title":{"rendered":"IT-L\u00d6SUNGEN"},"content":{"rendered":"<p>[vc_row row_type=&#8221;2&#8243; blox_image=&#8221;9951&#8243; page_title=&#8221;page-title-x&#8221; blox_dark=&#8221;true&#8221; row_pattern=&#8221;max-pat2&#8243;][vc_column]<hr class=\"vertical-space5\"><hr class=\"vertical-space5\">[vc_column_text]<\/p>\n<h2 class=\"respo-tagline\" style=\"text-align: center; letter-spacing: 1px;\"><strong>IT-L\u00d6SUNGEN<\/strong><\/h2>\n<p>[\/vc_column_text]<hr class=\"vertical-space5\"><hr class=\"vertical-space5\">[\/vc_column][\/vc_row][vc_row][vc_column]<hr class=\"vertical-space5\">\n\t<div class=\"subtitle-element subtitle-element1\">\n\t\t<h4>Evolve <strong>IT-L\u00d6SUNGEN<\/strong><\/h4>\n\t<\/div><hr class=\"vertical-space1\">[vc_row_inner][vc_column_inner width=&#8221;1\/3&#8243;]<article class=\"icon-box25\" ><i class=\"sl-screen-desktop\" style=\"\"><\/i><h4>Business-IT-Unterst\u00fctzung<br \/>\n<\/h4><p>Online-Datenspeicherung<br \/>\nServerwartung<br \/>\nMail-Systeme<\/p><\/article><hr class=\"vertical-space2\"><article class=\"icon-box25\" ><i class=\"sl-mouse\" style=\"\"><\/i><h4>Erweiterte IT-L\u00f6sungen<br \/>\n<\/h4><p>Virtualisierung<br \/>\nVPN-Reparatur<br \/>\nIP-Video\u00fcberwachungsserver<\/p><\/article><hr class=\"vertical-space2\">[\/vc_column_inner][vc_column_inner width=&#8221;1\/3&#8243;]<article class=\"icon-box25\" ><i class=\"sl-umbrella\" style=\"\"><\/i><h4>Mail<\/h4><p>Microsoft Exchange<br \/>\nGehostetes E-Mail-System<br \/>\nGoogle Apps<\/p><\/article><hr class=\"vertical-space2\"><article class=\"icon-box25\" ><i class=\"sl-share-alt\" style=\"\"><\/i><h4>Linux<\/h4><p>Centos Serverunterst\u00fctzung<br \/>\nUnterst\u00fctzung von Ubuntu-Servern<br \/>\nAndere Distributionen<\/p><\/article><hr class=\"vertical-space2\">[\/vc_column_inner][vc_column_inner width=&#8221;1\/3&#8243;]<article class=\"icon-box25\" ><i class=\"sl-globe-alt\" style=\"\"><\/i><h4>Vernetzung<\/h4><p>Drahtloses Netzwerkdesign<br \/>\nBeobachtenIT (ObserveIT)<br \/>\nCisco-Unterst\u00fctzung<\/p><\/article><hr class=\"vertical-space2\"><article class=\"icon-box25\" ><i class=\"sl-ghost\" style=\"\"><\/i><h4>Sicherheit<\/h4><p>Firewall-Sicherheit<br \/>\nKatastrophale Erholung<br \/>\nOff-Site-Sicherung<\/p><\/article><hr class=\"vertical-space2\">[\/vc_column_inner][\/vc_row_inner]<hr class=\"vertical-space2\">[vc_row_inner][vc_column_inner][vc_column_text]Wenn Sie ein Unternehmen f\u00fchren, manchmal k\u00f6nnen IT-Service sehr teuer sein. So k\u00f6nnen wir helfen, indem Sie Ihre Ausgaben erheblich reduzieren, ohne die Zuverl\u00e4ssigkeit zu beeintr\u00e4chtigen.<\/p>\n<p>Leider kann Technologie auch teuer sein, wenn sichergestellt wird, dass sie produktiv und effizient arbeitet. Durch die \u00dcbertragung Ihres IT-Supports sparen Sie Zeit und erhalten einen erstklassigen Service. Dadurch werden \u00fcberm\u00e4\u00dfige Kosten vermieden. Wir bieten unsere Dienstleistungen auf der Grundlage einer grosse Erfahrung. Evolve Studio bietet die modernsten itsm-Tools, um Ihnen den besten Service zu bieten.<br \/>\nUm den Service sicherzustellen, verwenden wir die besten Rahmenbedingungen. Unser Prozess ist transparent.<\/p>\n<p>Information Technology Services sind entscheidend f\u00fcr den Erfolg eines Unternehmens in Richtung des t\u00e4glichen Managements des Unternehmers. Heutzutage ist dies ein Muss, um auf dem Markt erfolgreich zu sein.<\/p>\n<p>Die Vorteile unseres IT-Services<\/p>\n<p><strong>Unser Preismodell<\/strong><\/p>\n<p>Alle unsere Preise sind transparent, so dass jeder Kunde eine Eindr\u00fcck oder eine Vorstellung der Kosten f\u00fcr die jeweiligen Dienstleistungen geben kann.<br \/>\nErfahrung und Kompetenz<\/p>\n<p>Die Mitarbeiter von Evolve Studio verf\u00fcgen \u00fcber langj\u00e4hrige Erfahrung in der L\u00f6sung verschiedener Probleme der Informationstechnologie. Sie erhalten die Erfahrung und das Know-how zu einem Bruchteil der Kosten f\u00fcr die Einstellung und Schulung Ihres Teams.<\/p>\n<p><strong>Pr\u00e4vention technischer Probleme<\/strong><\/p>\n<p>Wir haben in die Entwicklung eines effizienten Problemmanagementsystems investiert, sodass Sie nicht l\u00e4nger nach komplexen L\u00f6sungen suchen m\u00fcssen, die Zeit und Geld brauchen. Wir k\u00f6nnen alle Ihre Probleme schnell l\u00f6sen und sicherstellen, dass alle Probleme schnell und transparent zu einem erschwinglichen Preis gel\u00f6st werden.<\/p>\n<p><strong>Hilfe und Ratschl\u00e4ge<\/strong><\/p>\n<p>Durch den st\u00e4ndigen technologischen \u00c4nderungen und den wachsenden Unternehmer kann es schwierig sein, sicherzustellen, dass alles optimal funktioniert und Sie \u00fcber die besten Systeme f\u00fcr Ihren Arbeitsplatz verf\u00fcgen.<\/p>\n<p>Wir sind immer bereit f\u00fcr ein freundliches Gespr\u00e4ch \u00fcber die Optionen und Funktionen, wenn Sie uns brauchen. Alles was Sie machen m\u00fcssen, ist uns zu kontaktieren und wir werden es von dort \u00fcbernehmen.<\/p>\n<p><strong>Incident Management<\/strong><\/p>\n<p>Steigern Sie die Produktivit\u00e4t Ihrer Mitarbeiter, indem Sie mit Evolve Studio die Gesch\u00e4ftskontinuit\u00e4t durch eine rationelle Service-Wiederherstellung sicherstellen. Unser Service-Management itsm bietet Ihnen fortlaufenden Support \u00fcber eine zentrale Kontaktstelle . Evolve Studio bietet auch ein solides Asset-Management Ihrer IT-Ressourcen.[\/vc_column_text][\/vc_column_inner][\/vc_row_inner][\/vc_column][\/vc_row][vc_row row_type=&#8221;2&#8243; blox_class=&#8221;topborder bottomborder&#8221; blox_bgcolor=&#8221;#f6f8f9&#8243;][vc_column]<hr class=\"vertical-space5\">\n\t<div class=\"subtitle-element subtitle-element1\">\n\t\t<h4>Cloud Hosting Technical <strong>TECHNISCHE DATEN<\/strong><\/h4>\n\t<\/div><hr class=\"vertical-space1\">[vc_row_inner][vc_column_inner width=&#8221;1\/3&#8243;]<article class=\"icon-box\" ><i class=\"sl-layers\" style=\"\"><\/i><h4>Hosting-Funktionen<br \/>\n<\/h4><p>Einfach zu bedienende Systemsteuerung<br \/>\nUnmetrierte Bandbreite<br \/>\nUnbegrenzte Sub-Domains<br \/>\nFTP- und E-Mail-Konten<br \/>\n99,9% Betriebszeitgarantie<\/p><\/article><hr class=\"vertical-space4\"><article class=\"icon-box\" ><i class=\"sl-wrench\" style=\"\"><\/i><h4>Anwendungshosting<br \/>\n<\/h4><p>75 Open-Source-Skripte<br \/>\nWordPress-Hosting<br \/>\nHosten Sie Ihren eigenen Blog<br \/>\nJoomla Hosting<br \/>\nMagento Hosting<\/p><\/article><hr class=\"vertical-space4\"><article class=\"icon-box\" ><i class=\"sl-envelope-open\" style=\"\"><\/i><h4>E-Mail-Funktionen<br \/>\n<\/h4><p>Unbegrenzte POP3-E-Mail-Konten<br \/>\nUnbegrenzte SMTP-E-Mail-Konten<br \/>\nWebMail: Horde, SquirrelMail<br \/>\nE-Mail an Ihr Telefon senden<br \/>\nSpam verhindern (Details)<br \/>\nAutoresponder, Vorw\u00e4rts<\/p><\/article>[\/vc_column_inner][vc_column_inner width=&#8221;1\/3&#8243;]<article class=\"icon-box\" ><i class=\"sl-cloud-upload\" style=\"\"><\/i><h4>Cloud-Kontrolle<br \/>\n<\/h4><p>Unternehmensmanager<br \/>\nCloud-Kontrolle<br \/>\nOracle ACE (Einzelheiten)<br \/>\nDatenbankmanagement<br \/>\nEM Befehlszeilenschnittstelle<br \/>\nAktive ADDM-Berichte<\/p><\/article><hr class=\"vertical-space4\"><article class=\"icon-box\" ><i class=\"li_data\" style=\"\"><\/i><h4>Hosting Vorteile<\/h4><p>Weebly SiteBuilder<br \/>\n4.500 kostenlose Vorlagen<br \/>\nWebseite-\u00dcbertragung<br \/>\n52 kostenlose Skripte<\/p><\/article><hr class=\"vertical-space4\"><article class=\"icon-box\" ><i class=\"sl-chemistry\" style=\"\"><\/i><h4>Programmierung und Datenbanken<br \/>\n<\/h4><p>Unbegrenzte MySQL-Datenbanken<br \/>\nCGI, schnelles CGI (Details)<br \/>\nPHP 5, Perl, Python<br \/>\nModule: Curl, CPAN, GD-Bibliothek<br \/>\nSSH-Zugang<br \/>\nCron-Jobplanung<\/p><\/article>[\/vc_column_inner][vc_column_inner width=&#8221;1\/3&#8243;]<article class=\"icon-box\" ><i class=\"sl-settings\" style=\"\"><\/i><h4>Schalttafel<\/h4><p>Das neuste cPanel Control Panel<br \/>\nAWStats, Webalizer<br \/>\nSofortige Warenk\u00f6rbe<br \/>\nBlogs, Portale, Foren<br \/>\nPasswortgesch\u00fctzt<br \/>\nWebbasierter Dateimanager<\/p><\/article><hr class=\"vertical-space4\"><article class=\"icon-box\" ><i class=\"sl-earphones-alt\" style=\"\"><\/i><h4>Unterst\u00fctzung<\/h4><p>Unterst\u00fctzung \u00fcber Live Chat,<br \/>\nTicketsystem (E-Mail)<br \/>\nT\u00e4gliche Sicherung<br \/>\nOnline-Supportportal<br \/>\nZugang zum Community-Forum<\/p><\/article><hr class=\"vertical-space4\"><article class=\"icon-box\" ><i class=\"sl-lock\" style=\"\"><\/i><h4>Sicherheit<\/h4><p>Verwaltungszugriff \u00fcber SSL<br \/>\nSchutz der Web Application Firewall (WAF)<br \/>\nOn-Demand-Viren- und Malware-Scanning<br \/>\nErzwungene Anforderungen an die Passwortst\u00e4rke<br \/>\nBrute-Force-Schutz<br \/>\nFreigegebenes SSL-Zertifikat<\/p><\/article>[\/vc_column_inner][\/vc_row_inner]<hr class=\"vertical-space5\">[\/vc_column][\/vc_row][vc_row][vc_column][vc_column_text]<\/p>\n<p>[\/vc_column_text][\/vc_column][\/vc_row][vc_row][vc_column]\n\t<div class=\"max-title max-title3\">\n\t\t<h2>UNSERE GL\u00dcCKLICHEN KUNDEN<\/h2>\n\t<\/div><hr class=\"vertical-space1\"><div class=\"aligncenter\"><hr class=\"vertical-space1\"><div class=\"col-md-12 our-clients-wrap crsl\"><ul id=\"our-clients\" class=\"our-clients crsl\"><li><img alt=\"\" src=\"https:\/\/evolve.al\/admin\/core-wp\/..\/..\/site\/resources-global\/content-data\/uploads\/dga_logo_landscape_v1.jpg\"\/><\/li><li><img alt=\"\" src=\"https:\/\/evolve.al\/admin\/core-wp\/..\/..\/site\/resources-global\/content-data\/uploads\/ardeno-mobileri-al_logo_2.jpg\"\/><\/li><li><img alt=\"\" src=\"https:\/\/evolve.al\/admin\/core-wp\/..\/..\/site\/resources-global\/content-data\/uploads\/salillari-shpk_logo.jpg\"\/><\/li><li><img alt=\"\" src=\"https:\/\/evolve.al\/admin\/core-wp\/..\/..\/site\/resources-global\/content-data\/uploads\/alb-pastrim_logo.jpg\"\/><\/li><li><img alt=\"\" src=\"https:\/\/evolve.al\/admin\/core-wp\/..\/..\/site\/resources-global\/content-data\/uploads\/supersport_logo_v1.jpg\"\/><\/li><li><img alt=\"\" src=\"https:\/\/evolve.al\/admin\/core-wp\/..\/..\/site\/resources-global\/content-data\/uploads\/dpm-gov-al_logo.jpg\"\/><\/li><li><img alt=\"\" src=\"https:\/\/evolve.al\/admin\/core-wp\/..\/..\/site\/resources-global\/content-data\/uploads\/mmsr-gov-al_logo.jpg\"\/><\/li><li><img alt=\"\" src=\"https:\/\/evolve.al\/admin\/core-wp\/..\/..\/site\/resources-global\/content-data\/uploads\/biznes-albania_logo.jpg\"\/><\/li><li><img alt=\"\" src=\"https:\/\/evolve.al\/admin\/core-wp\/..\/..\/site\/resources-global\/content-data\/uploads\/su-shefqet-ndroqi_logo.jpg\"\/><\/li><li><img alt=\"\" src=\"https:\/\/evolve.al\/admin\/core-wp\/..\/..\/site\/resources-global\/content-data\/uploads\/ekb_logo.jpg\"\/><\/li><li><img alt=\"\" src=\"https:\/\/evolve.al\/admin\/core-wp\/..\/..\/site\/resources-global\/content-data\/uploads\/leon-kons_logo.jpg\"\/><\/li><li><img alt=\"\" src=\"https:\/\/evolve.al\/admin\/core-wp\/..\/..\/site\/resources-global\/content-data\/uploads\/alushi-trans-al_logo.jpg\"\/><\/li><\/ul><\/div><hr class=\"vertical-space2\"><\/div>[\/vc_column][\/vc_row][vc_row row_type=&#8221;2&#8243; blox_height=&#8221;452&#8243; blox_image=&#8221;9705&#8243; blox_bgcolor=&#8221;#f7f7f7&#8243;][vc_column el_class=&#8221;aligncenter&#8221;]<hr class=\"vertical-space5\"><hr class=\"vertical-space1\">[vc_column_text]<\/p>\n<h1 style=\"text-align: center;\">Lass uns anfangen<br \/>\n<strong>Ihr Projekt<\/strong><\/h1>\n<p>[\/vc_column_text]<hr class=\"vertical-space1\">[vc_column_text]<\/p>\n<p class=\"slog-tx2 aligncenter\">Wir konzentrieren uns stark auf Funktion und Benutzerfreundlichkeit und schulen Sie, Ihre Webseite als ein gesch\u00e4ftliches Asset zu verwalten. Wir bem\u00fchen uns sehr, sicherzustellen, dass Ihre Inhalte so bereitgestellt werden, dass Besucher die gesuchten Informationen einfach und intuitiv finden k\u00f6nnen, was zu einer angenehmen und produktiven Nutzererfahrung f\u00fchrt.<\/p>\n<p>[\/vc_column_text]<hr class=\"vertical-space1\"><a href=\"http:\/\/evolve.al\/de\/request-a-quote\/\" class=\"button skyblue  medium bordered-bot \" target=\"_self\">EIN ANGEBOT ANFORDERN<\/a><hr class=\"vertical-space4\">[\/vc_column][\/vc_row][vc_row row_type=&#8221;2&#8243; blox_image=&#8221;9171&#8243; blox_cover=&#8221;false&#8221; blox_repeat=&#8221;repeat&#8221; blox_dark=&#8221;true&#8221; blox_bgcolor=&#8221;#00c2e5&#8243;][vc_column]<hr class=\"vertical-space3\">[vc_row_inner][vc_column_inner el_class=&#8221;aligncenter&#8221;][vc_column_text]<\/p>\n<h1 style=\"text-align: center;\">WAS WIR GETAN <strong>HABEN<\/strong><\/h1>\n<p style=\"text-align: center;\">Wir bauen Br\u00fccken in der Web-Technologie, um das Ziel des Kunden mit der Realit\u00e4t im Verbindung zu setzen.<\/p>\n<p>[\/vc_column_text]<a href=\"http:\/\/evolve.al\/de\/projects\/\" class=\"button white  medium bordered-bot \" target=\"_self\">SEHEN SIE UNSERE PROJEKTE AN<\/a>[\/vc_column_inner][\/vc_row_inner]<hr class=\"vertical-space2\">[\/vc_column][\/vc_row]<\/p>","protected":false},"excerpt":{"rendered":"<p>[vc_row row_type=&#8221;2&#8243; blox_image=&#8221;9951&#8243; page_title=&#8221;page-title-x&#8221; blox_dark=&#8221;true&#8221; row_pattern=&#8221;max-pat2&#8243;][vc_column][vc_column_text] IT-L\u00d6SUNGEN [\/vc_column_text][\/vc_column][\/vc_row][vc_row][vc_column][vc_row_inner][vc_column_inner width=&#8221;1\/3&#8243;][\/vc_column_inner][vc_column_inner width=&#8221;1\/3&#8243;][\/vc_column_inner][vc_column_inner width=&#8221;1\/3&#8243;][\/vc_column_inner][\/vc_row_inner][vc_row_inner][vc_column_inner][vc_column_text]Wenn Sie ein Unternehmen f\u00fchren, manchmal k\u00f6nnen IT-Service sehr teuer sein. So k\u00f6nnen wir helfen, indem Sie Ihre Ausgaben erheblich reduzieren, ohne die Zuverl\u00e4ssigkeit zu beeintr\u00e4chtigen. Leider kann Technologie auch teuer sein, wenn sichergestellt wird, dass sie produktiv und effizient arbeitet. Durch die \u00dcbertragung Ihres IT-Supports sparen Sie Zeit und erhalten einen erstklassigen Service. Dadurch werden \u00fcberm\u00e4\u00dfige Kosten vermieden. Wir bieten unsere Dienstleistungen auf der Grundlage einer grosse Erfahrung. Evolve Studio bietet die modernsten itsm-Tools, um Ihnen den besten Service zu bieten. Um den Service sicherzustellen, verwenden wir die besten Rahmenbedingungen. Unser Prozess ist transparent. Information Technology Services sind entscheidend f\u00fcr den Erfolg eines Unternehmens in Richtung des t\u00e4glichen Managements des Unternehmers. Heutzutage ist dies ein Muss, um auf dem Markt erfolgreich zu sein. Die Vorteile unseres IT-Services Unser Preismodell Alle unsere Preise sind transparent, so dass jeder Kunde eine Eindr\u00fcck oder eine Vorstellung der Kosten f\u00fcr die jeweiligen Dienstleistungen geben kann. Erfahrung und Kompetenz Die Mitarbeiter von Evolve Studio verf\u00fcgen \u00fcber langj\u00e4hrige Erfahrung in der L\u00f6sung verschiedener Probleme der Informationstechnologie. Sie erhalten die Erfahrung und das Know-how zu einem Bruchteil der Kosten f\u00fcr die Einstellung und Schulung Ihres Teams. Pr\u00e4vention technischer Probleme Wir haben in die Entwicklung eines effizienten Problemmanagementsystems investiert, sodass Sie nicht l\u00e4nger nach komplexen L\u00f6sungen suchen m\u00fcssen, die Zeit und Geld brauchen. Wir k\u00f6nnen alle Ihre Probleme schnell l\u00f6sen und sicherstellen, dass alle Probleme schnell und transparent zu einem erschwinglichen Preis gel\u00f6st werden. Hilfe und Ratschl\u00e4ge Durch den st\u00e4ndigen technologischen \u00c4nderungen und den wachsenden Unternehmer kann es schwierig sein, sicherzustellen, dass alles optimal funktioniert und Sie \u00fcber die besten Systeme f\u00fcr Ihren Arbeitsplatz verf\u00fcgen. Wir sind immer bereit f\u00fcr ein freundliches Gespr\u00e4ch \u00fcber die Optionen und Funktionen, wenn Sie uns brauchen. Alles was Sie machen m\u00fcssen,&#8230; <\/p>\n<p><a class=\"readmore\" href=\"https:\/\/evolve.al\/de\/soluzioni-it\/\">Continue Reading<\/a><\/p>\n","protected":false},"author":2,"featured_media":0,"parent":0,"menu_order":0,"comment_status":"closed","ping_status":"closed","template":"","meta":[],"_links":{"self":[{"href":"https:\/\/evolve.al\/de\/wp-json\/wp\/v2\/pages\/9931"}],"collection":[{"href":"https:\/\/evolve.al\/de\/wp-json\/wp\/v2\/pages"}],"about":[{"href":"https:\/\/evolve.al\/de\/wp-json\/wp\/v2\/types\/page"}],"author":[{"embeddable":true,"href":"https:\/\/evolve.al\/de\/wp-json\/wp\/v2\/users\/2"}],"replies":[{"embeddable":true,"href":"https:\/\/evolve.al\/de\/wp-json\/wp\/v2\/comments?post=9931"}],"version-history":[{"count":5,"href":"https:\/\/evolve.al\/de\/wp-json\/wp\/v2\/pages\/9931\/revisions"}],"predecessor-version":[{"id":11193,"href":"https:\/\/evolve.al\/de\/wp-json\/wp\/v2\/pages\/9931\/revisions\/11193"}],"wp:attachment":[{"href":"https:\/\/evolve.al\/de\/wp-json\/wp\/v2\/media?parent=9931"}],"curies":[{"name":"wp","href":"https:\/\/api.w.org\/{rel}","templated":true}]}}