{"id":9735,"date":"2017-05-06T11:29:10","date_gmt":"2017-05-06T10:29:10","guid":{"rendered":"http:\/\/evolve.al\/?page_id=9735"},"modified":"2019-03-15T14:38:31","modified_gmt":"2019-03-15T13:38:31","slug":"e-mail-marketing","status":"publish","type":"page","link":"https:\/\/evolve.al\/de\/e-mail-marketing\/","title":{"rendered":"E-MAIL MARKETING"},"content":{"rendered":"<p>[vc_row row_type=&#8221;3&#8243; blox_image=&#8221;9235&#8243; align_center=&#8221;aligncenter&#8221; page_title=&#8221;page-title-x&#8221; blox_dark=&#8221;true&#8221; parallax_speed=&#8221;7&#8243;][vc_column]<hr class=\"vertical-space5\"><hr class=\"vertical-space5\"><hr class=\"vertical-space3\">[vc_column_text]<\/p>\n<h2 class=\"respo-tagline\" style=\"text-align: center; letter-spacing: 1px;\"><strong>E-MAIL MARKETING<br \/>\n<\/strong><\/h2>\n<p>[\/vc_column_text]<hr class=\"vertical-space5\"><hr class=\"vertical-space5\">[\/vc_column][\/vc_row][vc_row row_type=&#8221;2&#8243; page_title=&#8221;page-title-x&#8221; blox_padding_top=&#8221;50&#8243; blox_padding_bottom=&#8221;50&#8243; blox_bgcolor=&#8221;#f7f7f7&#8243;][vc_column width=&#8221;7\/12&#8243;]<hr class=\"vertical-space5\">[vc_column_text]<\/p>\n<h1><strong>120.000 Albanische E-Mails<br \/>\n<\/strong><\/h1>\n<p>Fuhren E-Mail-Marketingkampagnen mit einfachen Drag-and-Drop-Tools. Ihr Design wird in jedem Posteingang und auf jedem Ger\u00e4t garantiert gro\u00dfartig aussehen. Wir bieten Ihnen ein beispielloses Ma\u00df an Komfort und Leichtigkeit beim Erstellen und Senden von E-Mail-Kampagnen.<\/p>\n<p>[\/vc_column_text]<hr class=\"vertical-space5\">[\/vc_column][vc_column width=&#8221;5\/12&#8243;][vc_single_image image=&#8221;9293&#8243; img_size=&#8221;full&#8221; alignment=&#8221;right&#8221; css_animation=&#8221;bottom-to-top&#8221;][\/vc_column][\/vc_row][vc_row][vc_column][vc_column_text]<\/p>\n<p>[\/vc_column_text][vc_row_inner][vc_column_inner][\/vc_column_inner][\/vc_row_inner][vc_column_text]Egal welche Altersgruppe Sie im Fokus haben E-Mail bleibt eine hervorragende M\u00f6glichkeit, Ihre Zielgruppe zu erreichen. E-Mail-Marketing zu betreiben ist nicht nur billig, sondern auch effektiver, wenn es richtig gemacht wird. Jedes Unternehmen ben\u00f6tigt eine solide E-Mail-Marketingstrategie.<\/p>\n<p>Mythos: Menschen hassen es, Werbemitteilungen per E-Mail zu erhalten. Untersuchungen zeigen, dass Menschen ihre E-Mails lesen und kein Problem damit haben, solange E-Mails wichtig, interessant und auf ihre Bed\u00fcrfnisse zugeschnitten sind.Im Jahr 2019 nutzten mehr als 64% aller Kleinunternehmen E-Mail-Marketing, um Ihr Gesch\u00e4ft zu f\u00f6rdern. Mittlerweile liegt dieser Wert bei 98%.<\/p>\n<p>E-Mail-Marketing ist nicht &#8220;gestorben&#8221;, wie manche sagen; E-Mail-Marketing ver\u00e4ndert sich gerade. Das Versenden effektiver E-Mails ist der Schl\u00fcssel zu Ihrer Marketingstrategie.<\/p>\n<p>Es gibt einige Gr\u00fcnde, warum E-Mail-Marketing absolut Teil der Marketingstrategie Ihres Unternehmens sein sollte.<\/p>\n<p><strong>Mobiltelefone<\/strong><\/p>\n<p>Fr\u00fcher, war moglich Emails auf Ihrem Compute oder vielleicht ein Laptop zu bekommen. Heutzutage bekommen wir E-Mails jede Sekunde,mit uneserem Smartphones konnen wir Emails rund um die Uhr in der Tasche haben. Jetzt hat fast jeder ein mobiles Ger\u00e4t und kann E-Mails jederzeit und von \u00fcberall bekommen und lesen.<\/p>\n<p>Durch E-Mail-Marketing kann Ihr Unternehmen eine kompetente, zielgruppenorientierte Kommunikation erreichen. SMS- und Instant Messaging-Dienste sind oft nur f\u00fcr Freunde gedacht, aber E-Mails k\u00f6nnen so einfach und schnell gelesen werden, w\u00e4hrend Menschen unterwegs sind.<\/p>\n<p><strong>Gutscheine und Informationen<\/strong><\/p>\n<p>Die Menschen m\u00f6chten \u00fcber Sachen informiert werden, an denen sie interessiert sind, z. B. wann Ihr Unternehmen ein neues Produkt auf den Markt bringt. Es ist aber sicher dass nur wenige Menschen regelm\u00e4\u00dfig Zeit auf Website verbringen, um die neue Produkte oder Leistung Informationen zu bekommen aber Sie k\u00f6nnen jederzeit Transaktions-E-Mails senden, z. B. Willkommens-E-Mails, Coupons usw.<\/p>\n<p>Die meisten Benutzer m\u00f6chten attraktive Angebote per E-Mail-Newsletter erhalten. E-Mail-Marketing ist eine der effektivsten Methoden, um Ihr Image in den Augen des Kunden zu verbessern.<\/p>\n<p><strong>Gemeinschaft<\/strong><\/p>\n<p>Der Schl\u00fcssel zu einer positiven Informationsquelle und nicht zu einer Unannehmlichkeit in der Post ist die Wahl. E-Mail Marketing ist eine extrem kosteneffizientes Marketing Werkzeug. E-Mail Marketing kann genutzt werden um Personen ohne Kaufinteresse in Interessenten zu wandeln, um Interessenten zu Kunden zu machen und um Einzelk\u00e4ufer zu regelm\u00e4\u00dfigen Eink\u00e4ufen zu animieren.<\/p>\n<p><strong>Email ist billig<\/strong><\/p>\n<p>E-Mail-Marketing ist \u00e4u\u00dferst praktisch, im Vergleich zu anderen Methoden wie Radio- und Fernsehwerbung. Auch wenn Ihre Kampagne manchmal schwach ist, werden die Kosten leicht amortisiert, Anpassungen vorgenommen und eine neue Kampagne per E-Mail vorbereitet.<\/p>\n<p>Mit E-Mail-Marketing kann der Umsatz gesteigert werden, wenn es richtig gemacht wird.<\/p>\n<p><strong>Es ist schnell<\/strong><\/p>\n<p>Im Vergleich mit dem Direktmarketing hat E-Mail-Marketing fast Sofortige Resultate: Sobald die Kampagne gesendet wurde, werden die Resultate kommen. .Innerhalb weniger Minuten nach dem Versand einer E-Mail Kampagne sind die erste Reaktionend ie Empfangs- und Lesezeiten auf das Werbemittel messbar. 80% aller Reaktionen auf eine E-Mail Kampagne werden in den ersten drei Tagen erzielt. Konventionelle Direktwerbung ben\u00f6tigt dazu mehrere Wochen.Daher ist es immer eine gute Idee, E-Mail-Marketing zu verwenden<\/p>\n<p>Messbare Resultate<\/p>\n<p>Bei korrektem E-Mail-Marketing kann der ROI (Return on Investment) basierend auf genauen Statistiken einschlie\u00dflich \u00d6ffnungsraten, Klickraten, Lesen und Klicks, E-Mail-Zustellbarkeit, Freigaben und Forwards gemessen werden. Dar\u00fcber hinaus ist es m\u00f6glich, das Verhalten jedes Benutzers zu unterscheiden, in dem nur seine Aktionen ausgew\u00e4hlt werden.<\/p>\n<p><strong>Erh\u00f6ht die Markenbekanntheit<\/strong><\/p>\n<p>Solange eine Marke den Benutzer im Ged\u00e4chtnis bleibt, sind die Verkaufschancen erh\u00f6hen und jede E-Mail verbindet die Leser an ihr Gesch\u00e4ft. Strategische Planung, kombieniert mit zielgerichteten Inhalten und elegantem Design, beteiligt an die Wertsch\u00f6pfung: Email Marketing ist eine M\u00f6glichkeit, die Markenbekanntheit zu erhalten und zu steigern. Es kann auch dazu beitragen, die Kundenbindung zu erh\u00f6hen.<\/p>\n<p><strong>M\u00f6glichkeit zur Ausrichtung Ihrer Kampagne<\/strong><\/p>\n<p>Dies h\u00e4ngt stark von der verf\u00fcgbaren Datenbank ab. Eine gute Datenbank ist Gold wert! Vor allem, wenn es gezielt ist. In der Regel sind die Datenbanken nach Interessengebieten unterteilt, sie k\u00f6nnen jedoch auch weiter unterteilt werden, beispielsweise nach Altersgruppen oder nach geografischen Gebieten. Je mehr Informationen Sie zur Verf\u00fcgung haben und je mehr Ihre Datenbank segmentiert ist, desto gr\u00f6\u00dfer ist die Chance, personalisierte E-Mail-Marketing-Kampagnen zu erstellen.<\/p>\n<p><strong>\u00dcberpr\u00fcfung der Ergebnisse<\/strong><\/p>\n<p>Sie k\u00f6nnen die Ergebnisse einer E-Mail-Marketingkampagne leicht \u00fcberpr\u00fcfen.<br \/>\nE-Mail-Marketing erm\u00f6glicht Ihnen eine N\u00e4he zu Ihrem Kunden, die Ihnen andere Marketingkan\u00e4le nicht erm\u00f6glichen. Weil E-Mail-Marketing-Ma\u00dfnahmen vergleichsweise g\u00fcnstig und besonders flexibel sind, eignet sich diese Werbeform grunds\u00e4tzlich f\u00fcr jedes Unternehmen \u2013 egal in welcher Branche es ist oder welche Strategie es verfolgt.<\/p>\n<p>Der Hauptgrund f\u00fcr die weitere Verwendung des E-Mail-Marketings ist, dass die Benutzer ihre Mailboxen immer noch \u00fcberpr\u00fcfen. Das Interesse an Social-Media-Plattformen kommt und geht, aber die E-Mail-Nachrichten zeigen st\u00e4ndig einen hohen ROI f\u00fcr jeden ausgegebenen Dollar. Jeden Tag checken die Leute mindestens einmal die E-Mail.<\/p>\n<p>Wenn Ihre Vermarkter beabsichtigen, E-Mail-Strategien aufzugeben, sollten Sie sie dazu bringen, die E-Mail-Strategie einzustellen. E-Mail-Marketing ist hier und wird so lange aufrechterhalten, wie E-Mails immer noch der billigste, schnellste und effektivste Weg sind, um Informationen schnell auszutauschen. Erstellen Sie noch heute Ihre eigene Auswahlliste, und morgen k\u00f6nnen Sie interessierte Kunden vermarkten.<\/p>\n<p><strong>Integration mit allen Unternehmenssystemen und -kan\u00e4len<\/strong><\/p>\n<p>Die modernen Plattformen f\u00fcr das E-Mail-Marketing k\u00f6nnen auf einfache und unmittelbare Weise sowohl in soziale Netzwerke als auch auf Unternehmenswebseiten integriert werden. Auf diese Weise k\u00f6nnen Sie die Kundenreise in ihren Phasen kennen und \u00fcberwachen und verschiedene Vorg\u00e4nge auf der Grundlage der gesammelten Informationen durchf\u00fchren, wie z. B. die R\u00fccknahme aufgegebener Einkaufswagen oder das Senden ma\u00dfgeschneiderter Angebote.<\/p>\n<p><strong>Teil der Strategie<br \/>\n<\/strong><br \/>\nE-Mails k\u00f6nnen in beliebige Marketingstrategien integriert werden. E-Mails werden einfach verschoben, um die L\u00fccken zu f\u00fcllen, Listen interessierter K\u00e4ufer erstellt und Informationen bereitgestellt.<\/p>\n<p>E-Mail arbeitet mit Ihrem Blog zusammen, um aktuelle Beitr\u00e4ge zu teilen. Es kann Ihre interessantesten Social-Media-Nachrichten mit einem uninteressierten Auditor zusammenf\u00fchren, um direkt in Social Media zu sein. Es kann Personen \u00fcber Webinar, Vereinbarung und Frist f\u00fcr das Bieten informieren. Es kann auch mit Ihrer einflussreichen Marketingkampagne verkn\u00fcpft werden.<\/p>\n<p>Solange Sie eine Liste der von Ihnen ausgew\u00e4hlten Empf\u00e4nger senden, verbringen Sie viel Zeit mit einem interessierten Publikum.<\/p>\n<p>Wenn Sie ein E-Mail-Marketing auf eine nette Art und Weise an eine Betreffzeile richten, haben Sie eine bessere Chance von 20 Prozent, dass der Empf\u00e4nger die E-Mail \u00f6ffnet. Dies ist nur der erste Schritt zum Versenden von E-Mails als pers\u00f6nliche Nachricht anstelle von Spam. Dies sind einige andere M\u00f6glichkeiten, mit denen Ihr kleines Unternehmen einen Klick f\u00f6rdern kann:<br \/>\nMit einer gut aufgebauten E-Mail, die auf den Anforderungen und Pr\u00e4ferenzen Ihrer Zielgruppe basiert, k\u00f6nnen Sie diesen Prozess automatisieren, um Ihre Marke ohne gro\u00dfe Investitionen zu nutzen.[\/vc_column_text][\/vc_column][\/vc_row][vc_row][vc_column]<hr class=\"vertical-space5\">\n\t<div class=\"max-title max-title5\">\n\t\t<h1>WAS WIR <strong>TUN<\/strong> <\/h2>\n\t<\/div>[\/vc_column][\/vc_row][vc_row][vc_column width=&#8221;1\/3&#8243;]<hr class=\"vertical-space2\"><article class=\"icon-box\" ><i class=\"sl-screen-tablet\" style=\"\"><\/i><h4>Sich anpassendes E-Mail Design<br \/>\n<\/h4><p>Wir codieren Ihre E-Mails in HTML und CSS, die Medienabfragen verwenden, um eine optimale Formatierung f\u00fcr alle Ger\u00e4te aller Gr\u00f6\u00dfen zu erreichen.<\/p>\n<\/article><hr class=\"vertical-space2\"><article class=\"icon-box\" ><i class=\"sl-layers\" style=\"\"><\/i><h4>Automatisiertes E-Mail-Marketing<br \/>\n<\/h4><p>Unsere Marketing-Automatisierungsexperten werden Ihnen helfen, Ihren Umsatz zu steigern und mehr Leads zu konvertieren, w\u00e4hrend Sie Zeit, Geld und Nerven sparen.<\/p>\n<\/article><hr class=\"vertical-space2\">[\/vc_column][vc_column width=&#8221;1\/3&#8243;]<hr class=\"vertical-space2\"><article class=\"icon-box\" ><i class=\"sl-note\" style=\"\"><\/i><h4>E-Mail-Texterstellung<br \/>\n<\/h4><p>Unser E-Mail-Copywriting-Dienste erm\u00f6glicht es Ihnen, gr\u00f6\u00dfere Gewinne aus dem Marketing-Kanal mit dem h\u00f6chsten ROI zu generieren.<\/p>\n<\/article><hr class=\"vertical-space2\"><article class=\"icon-box\" ><i class=\"sl-equalizer\" style=\"\"><\/i><h4>Vollst\u00e4ndig verwaltetes E-Mail-Marketing<br \/>\n<\/h4><p>Unser vollst\u00e4ndig gemanagter Leistung umfasst die Erstellung von zwei E-Mail-Kampagnen pro Monat, die alle professionell f\u00fcr Sie entworfen und geschrieben werden.<\/p>\n<\/article><hr class=\"vertical-space2\">[\/vc_column][vc_column width=&#8221;1\/3&#8243;]<hr class=\"vertical-space2\"><article class=\"icon-box\" ><i class=\"sl-envelope-letter\" style=\"\"><\/i><h4>Kampagnenproduktion und -bereitstellung<br \/>\n<\/h4><p>Wir konzentrieren uns darauf, Ihnen dabei zu helfen, die Leistung Ihres Unternehmens durch verhaltensgesteuerte, ausgel\u00f6ste Kommunikation zu maximieren.<\/p>\n<\/article><hr class=\"vertical-space2\"><article class=\"icon-box\" ><i class=\"sl-reload\" style=\"\"><\/i><h4>L\u00f6schen der E-Mail-Liste<br \/>\n<\/h4><p>Wir werden Ihre alten und m\u00fcden E-Mail-Adressen aussortieren und sicherstellen, dass Ihre Liste blitzsauber und bereit ist, Zustellbarkeitspunkte zu erhalten.<\/p>\n<\/article><hr class=\"vertical-space2\">[\/vc_column][\/vc_row][vc_row row_type=&#8221;2&#8243; blox_padding_top=&#8221;40&#8243; blox_bgcolor=&#8221;#f6f8f9&#8243;][vc_column]<hr class=\"vertical-space3\">\n\t<div class=\"max-title max-title5\">\n\t\t<h1>WIE WIR ES <strong>MACHEN<\/strong> <\/h2>\n\t<\/div><hr class=\"vertical-space2\">[\/vc_column][\/vc_row][vc_row row_type=&#8221;1&#8243;][vc_column]\n\t<div class=\"buy-process-wrap\">\n\t\t<div class=\"buy-process-items\">\n\t\t\t\t<div class=\"buy-process-item\">\n\t\t\t\t\t<div class=\"text-wrap\">\n\t\t\t\t\t\t<h4><strong>NEWSLETTER <\/strong>ERSTELLEN<\/h4>\n\t\t\t\t\t\t<p>Fuhren E-Mail-Marketingkampagnen mit einfachen Drag-and-Drop-Tools. Schnell und einfach!<\/p>\n\t\t\t\t\t<\/div>\n\t\t\t\t\t<span>1<\/span>\n\t\t\t\t\t<div class=\"icon-wrapper\">\n\t\t\t\t\t\t<i class=\"fa fa-rss\"><\/i>\n\t\t\t\t\t<\/div>\n\t\t\t\t<\/div>\n\t\t\t\t<div class=\"buy-process-item\">\n\t\t\t\t\t<div class=\"text-wrap\">\n\t\t\t\t\t\t<h4><strong>LIEFERBARKEITSTESTS<\/strong> <\/h4>\n\t\t\t\t\t\t<p>Mit EvolveStudio k\u00f6nnen Sie mit einem einzigen Klick einen Zustellbarkeitstest f\u00fcr die wichtigsten E-Mail-Dienstanbieter durchf\u00fchren.<\/p>\n\t\t\t\t\t<\/div>\n\t\t\t\t\t<span>2<\/span>\n\t\t\t\t\t<div class=\"icon-wrapper\">\n\t\t\t\t\t\t<i class=\"fa fa-inbox\"><\/i>\n\t\t\t\t\t<\/div>\n\t\t\t\t<\/div>\n\t\t\t\t<div class=\"buy-process-item featured\">\n\t\t\t\t\t<div class=\"text-wrap\">\n\t\t\t\t\t\t<h4><strong>A\/B Split <\/strong>Test <\/h4>\n\t\t\t\t\t\t<p>Senden Sie zwei leicht unterschiedliche E-Mails, sehen Sie, welche besser funktioniert und senden Sie die bessere Version an die anderen Abonnenten.<\/p>\n\t\t\t\t\t<\/div>\n\t\t\t\t\t<span>3<\/span>\n\t\t\t\t\t<div class=\"icon-wrapper\">\n\t\t\t\t\t\t<i class=\"fa fa-random\"><\/i>\n\t\t\t\t\t<\/div>\n\t\t\t\t<\/div>\n\t\t\t\t<div class=\"buy-process-item\">\n\t\t\t\t\t<div class=\"text-wrap\">\n\t\t\t\t\t\t<h4><strong>SENDE <\/strong>DEINE KAMPAGNE<\/h4>\n\t\t\t\t\t\t<p>Planen Sie Ihre Kampagne oder senden Sie sie umgehend. \u00dcberpr\u00fcfen Sie die Lieferung in unseren Berichten und Statistiken sofort.<\/p>\n\t\t\t\t\t<\/div>\n\t\t\t\t\t<span>4<\/span>\n\t\t\t\t\t<div class=\"icon-wrapper\">\n\t\t\t\t\t\t<i class=\"fa fa-paper-plane-o\"><\/i>\n\t\t\t\t\t<\/div>\n\t\t\t\t<\/div>\n\t\t\t\t<div class=\"buy-process-item\">\n\t\t\t\t\t<div class=\"text-wrap\">\n\t\t\t\t\t\t<h4><strong>Track<\/strong>KAMPAGNEN<\/h4>\n\t\t\t\t\t\t<p>Verfolgen Sie alles: \u00d6ffnen, Klicken, Abbestellen, Spam-Beschwerden, Bounces, Link-Aktivit\u00e4ten und vieles mehr.<\/p>\n\t\t\t\t\t<\/div>\n\t\t\t\t\t<span>5<\/span>\n\t\t\t\t\t<div class=\"icon-wrapper\">\n\t\t\t\t\t\t<i class=\"fa fa-bar-chart\"><\/i>\n\t\t\t\t\t<\/div>\n\t\t\t\t<\/div>\n\t\t<\/div>\n\t<\/div>[\/vc_column][\/vc_row][vc_row][vc_column][vc_column_text]<\/p>\n<p>[\/vc_column_text][\/vc_column][\/vc_row][vc_row][vc_column width=&#8221;1\/2&#8243;]<hr class=\"vertical-space5\">[vc_column_text]<\/p>\n<h3>VERFOLGEN SIE KAMPAGNEN. \u00dcBERWACHEN SIE BERICHTE<\/h3>\n<p>Mit EasyWeb E-Mail-Marketing-Software ist es einfacher, die Leistung Ihrer E-Mail-Marketingkampagne zu verfolgen. Sie k\u00f6nnen leicht erfahren, wie viele Empf\u00e4nger Ihre E-Mails ge\u00f6ffnet haben, wie viele E-Mails zur\u00fcckgeschickt wurden, wie viele E-Mails abgemeldet wurden und wie Statistiken durchklicken. EasyWeb bietet eine Vielzahl von M\u00f6glichkeiten, Ihre Kampagnenleistung mit Diagrammen und Daten zu analysieren und zu interpretieren, um Ihre Kampagnen zu verbessern.<\/p>\n<p>[\/vc_column_text]<hr class=\"vertical-space2\">[\/vc_column][vc_column width=&#8221;1\/2&#8243;]<hr class=\"vertical-space5\">[vc_column_text]<\/p>\n<h3>Senden Sie Ihre Kampagne und sorgen Sie f\u00fcr die Lieferung.<\/h3>\n<p>E-Mail-Kampagnen k\u00f6nnen nach Belieben gesendet werden, da wir sie in der Cloud gespeichert haben, sodass Sie jederzeit und \u00fcberall auf Ihrem Desktop, Tablet oder iPhone darauf zugreifen k\u00f6nnen. Planen Sie Ihre Kampagne oder senden Sie sie umgehend. \u00dcberpr\u00fcfen Sie die Lieferung in unseren Berichten und Statistiken sofort. Hohe Lieferquoten sind garantiert, da wir Feedback-Schleifen mit allen wichtigen Internet-Service-Providern haben.<\/p>\n<p>[\/vc_column_text]<hr class=\"vertical-space2\">[\/vc_column][\/vc_row][vc_row][vc_column]\n\t<div class=\"max-title max-title3\">\n\t\t<h2>UNSERE GL\u00dcCKLICHEN KUNDEN<\/h2>\n\t<\/div><hr class=\"vertical-space1\"><div class=\"aligncenter\"><hr class=\"vertical-space1\"><div class=\"col-md-12 our-clients-wrap crsl\"><ul id=\"our-clients\" class=\"our-clients crsl\"><li><img alt=\"\" src=\"https:\/\/evolve.al\/admin\/core-wp\/..\/..\/site\/resources-global\/content-data\/uploads\/dga_logo_landscape_v1.jpg\"\/><\/li><li><img alt=\"\" src=\"https:\/\/evolve.al\/admin\/core-wp\/..\/..\/site\/resources-global\/content-data\/uploads\/ardeno-mobileri-al_logo_2.jpg\"\/><\/li><li><img alt=\"\" src=\"https:\/\/evolve.al\/admin\/core-wp\/..\/..\/site\/resources-global\/content-data\/uploads\/salillari-shpk_logo.jpg\"\/><\/li><li><img alt=\"\" src=\"https:\/\/evolve.al\/admin\/core-wp\/..\/..\/site\/resources-global\/content-data\/uploads\/alb-pastrim_logo.jpg\"\/><\/li><li><img alt=\"\" src=\"https:\/\/evolve.al\/admin\/core-wp\/..\/..\/site\/resources-global\/content-data\/uploads\/supersport_logo_v1.jpg\"\/><\/li><li><img alt=\"\" src=\"https:\/\/evolve.al\/admin\/core-wp\/..\/..\/site\/resources-global\/content-data\/uploads\/dpm-gov-al_logo.jpg\"\/><\/li><li><img alt=\"\" src=\"https:\/\/evolve.al\/admin\/core-wp\/..\/..\/site\/resources-global\/content-data\/uploads\/mmsr-gov-al_logo.jpg\"\/><\/li><li><img alt=\"\" src=\"https:\/\/evolve.al\/admin\/core-wp\/..\/..\/site\/resources-global\/content-data\/uploads\/biznes-albania_logo.jpg\"\/><\/li><li><img alt=\"\" src=\"https:\/\/evolve.al\/admin\/core-wp\/..\/..\/site\/resources-global\/content-data\/uploads\/su-shefqet-ndroqi_logo.jpg\"\/><\/li><li><img alt=\"\" src=\"https:\/\/evolve.al\/admin\/core-wp\/..\/..\/site\/resources-global\/content-data\/uploads\/ekb_logo.jpg\"\/><\/li><li><img alt=\"\" src=\"https:\/\/evolve.al\/admin\/core-wp\/..\/..\/site\/resources-global\/content-data\/uploads\/leon-kons_logo.jpg\"\/><\/li><li><img alt=\"\" src=\"https:\/\/evolve.al\/admin\/core-wp\/..\/..\/site\/resources-global\/content-data\/uploads\/alushi-trans-al_logo.jpg\"\/><\/li><\/ul><\/div><hr class=\"vertical-space2\"><\/div>[\/vc_column][\/vc_row][vc_row row_type=&#8221;2&#8243; blox_height=&#8221;452&#8243; blox_image=&#8221;9705&#8243; blox_bgcolor=&#8221;#f7f7f7&#8243;][vc_column el_class=&#8221;aligncenter&#8221;]<hr class=\"vertical-space5\"><hr class=\"vertical-space1\">[vc_column_text]<\/p>\n<h1 style=\"text-align: center;\">Lass uns anfangen<br \/>\n<strong>Ihr Projekt<\/strong><\/h1>\n<p>[\/vc_column_text]<hr class=\"vertical-space1\">[vc_column_text]<\/p>\n<p class=\"slog-tx2 aligncenter\">Wir helfen Ihnen, Ihre Ziele zu erreichen und Ihr Gesch\u00e4ft aufzubauen.<\/p>\n<p>[\/vc_column_text]<hr class=\"vertical-space1\"><a href=\"http:\/\/evolve.al\/de\/request-a-quote\/\" class=\"button skyblue  medium bordered-bot \" target=\"_self\">EIN ANGEBOT ANFORDERN<\/a><hr class=\"vertical-space4\">[\/vc_column][\/vc_row][vc_row row_type=&#8221;2&#8243; blox_image=&#8221;9171&#8243; blox_cover=&#8221;false&#8221; blox_repeat=&#8221;repeat&#8221; blox_dark=&#8221;true&#8221; blox_bgcolor=&#8221;#00c2e5&#8243;][vc_column]<hr class=\"vertical-space3\">[vc_row_inner][vc_column_inner el_class=&#8221;aligncenter&#8221;][vc_column_text]<\/p>\n<h1 style=\"text-align: center;\">WAS WIR GETAN <strong>HABEN<\/strong><\/h1>\n<p style=\"text-align: center;\">Wir bauen Br\u00fccken in der Web-Technologie, um das Ziel des Kunden mit der Realit\u00e4t im Verbindung zu setzen.<\/p>\n<p>[\/vc_column_text]<a href=\"http:\/\/evolve.al\/de\/projects\/\" class=\"button white  medium bordered-bot \" target=\"_self\">SEHEN SIE UNSERE PROJEKTE AN<\/a>[\/vc_column_inner][\/vc_row_inner]<hr class=\"vertical-space2\">[\/vc_column][\/vc_row]<\/p>","protected":false},"excerpt":{"rendered":"<p>[vc_row row_type=&#8221;3&#8243; blox_image=&#8221;9235&#8243; align_center=&#8221;aligncenter&#8221; page_title=&#8221;page-title-x&#8221; blox_dark=&#8221;true&#8221; parallax_speed=&#8221;7&#8243;][vc_column][vc_column_text] E-MAIL MARKETING [\/vc_column_text][\/vc_column][\/vc_row][vc_row row_type=&#8221;2&#8243; page_title=&#8221;page-title-x&#8221; blox_padding_top=&#8221;50&#8243; blox_padding_bottom=&#8221;50&#8243; blox_bgcolor=&#8221;#f7f7f7&#8243;][vc_column width=&#8221;7\/12&#8243;][vc_column_text] 120.000 Albanische E-Mails Fuhren E-Mail-Marketingkampagnen mit einfachen Drag-and-Drop-Tools. Ihr Design wird in jedem Posteingang und auf jedem Ger\u00e4t garantiert gro\u00dfartig aussehen. Wir bieten Ihnen ein beispielloses Ma\u00df an Komfort und Leichtigkeit beim Erstellen und Senden von E-Mail-Kampagnen. [\/vc_column_text][\/vc_column][vc_column width=&#8221;5\/12&#8243;][vc_single_image image=&#8221;9293&#8243; img_size=&#8221;full&#8221; alignment=&#8221;right&#8221; css_animation=&#8221;bottom-to-top&#8221;][\/vc_column][\/vc_row][vc_row][vc_column][vc_column_text] [\/vc_column_text][vc_row_inner][vc_column_inner][\/vc_column_inner][\/vc_row_inner][vc_column_text]Egal welche Altersgruppe Sie im Fokus haben E-Mail bleibt eine hervorragende M\u00f6glichkeit, Ihre Zielgruppe zu erreichen. E-Mail-Marketing zu betreiben ist nicht nur billig, sondern auch effektiver, wenn es richtig gemacht wird. Jedes Unternehmen ben\u00f6tigt eine solide E-Mail-Marketingstrategie. Mythos: Menschen hassen es, Werbemitteilungen per E-Mail zu erhalten. Untersuchungen zeigen, dass Menschen ihre E-Mails lesen und kein Problem damit haben, solange E-Mails wichtig, interessant und auf ihre Bed\u00fcrfnisse zugeschnitten sind.Im Jahr 2019 nutzten mehr als 64% aller Kleinunternehmen E-Mail-Marketing, um Ihr Gesch\u00e4ft zu f\u00f6rdern. Mittlerweile liegt dieser Wert bei 98%. E-Mail-Marketing ist nicht &#8220;gestorben&#8221;, wie manche sagen; E-Mail-Marketing ver\u00e4ndert sich gerade. Das Versenden effektiver E-Mails ist der Schl\u00fcssel zu Ihrer Marketingstrategie. Es gibt einige Gr\u00fcnde, warum E-Mail-Marketing absolut Teil der Marketingstrategie Ihres Unternehmens sein sollte. Mobiltelefone Fr\u00fcher, war moglich Emails auf Ihrem Compute oder vielleicht ein Laptop zu bekommen. Heutzutage bekommen wir E-Mails jede Sekunde,mit uneserem Smartphones konnen wir Emails rund um die Uhr in der Tasche haben. Jetzt hat fast jeder ein mobiles Ger\u00e4t und kann E-Mails jederzeit und von \u00fcberall bekommen und lesen. Durch E-Mail-Marketing kann Ihr Unternehmen eine kompetente, zielgruppenorientierte Kommunikation erreichen. SMS- und Instant Messaging-Dienste sind oft nur f\u00fcr Freunde gedacht, aber E-Mails k\u00f6nnen so einfach und schnell gelesen werden, w\u00e4hrend Menschen unterwegs sind. Gutscheine und Informationen Die Menschen m\u00f6chten \u00fcber Sachen informiert werden, an denen sie interessiert sind, z. B. wann Ihr Unternehmen ein neues Produkt auf den Markt bringt. Es ist aber sicher dass nur wenige Menschen&#8230; <\/p>\n<p><a class=\"readmore\" href=\"https:\/\/evolve.al\/de\/e-mail-marketing\/\">Continue Reading<\/a><\/p>\n","protected":false},"author":2,"featured_media":0,"parent":0,"menu_order":0,"comment_status":"closed","ping_status":"closed","template":"","meta":[],"_links":{"self":[{"href":"https:\/\/evolve.al\/de\/wp-json\/wp\/v2\/pages\/9735"}],"collection":[{"href":"https:\/\/evolve.al\/de\/wp-json\/wp\/v2\/pages"}],"about":[{"href":"https:\/\/evolve.al\/de\/wp-json\/wp\/v2\/types\/page"}],"author":[{"embeddable":true,"href":"https:\/\/evolve.al\/de\/wp-json\/wp\/v2\/users\/2"}],"replies":[{"embeddable":true,"href":"https:\/\/evolve.al\/de\/wp-json\/wp\/v2\/comments?post=9735"}],"version-history":[{"count":6,"href":"https:\/\/evolve.al\/de\/wp-json\/wp\/v2\/pages\/9735\/revisions"}],"predecessor-version":[{"id":11180,"href":"https:\/\/evolve.al\/de\/wp-json\/wp\/v2\/pages\/9735\/revisions\/11180"}],"wp:attachment":[{"href":"https:\/\/evolve.al\/de\/wp-json\/wp\/v2\/media?parent=9735"}],"curies":[{"name":"wp","href":"https:\/\/api.w.org\/{rel}","templated":true}]}}