{"id":9479,"date":"2016-04-12T09:21:15","date_gmt":"2016-04-12T09:21:15","guid":{"rendered":"http:\/\/webnus.biz\/themes\/easyweb\/design\/?page_id=9479"},"modified":"2019-03-12T17:07:53","modified_gmt":"2019-03-12T16:07:53","slug":"siti-web-cms-personalizzati","status":"publish","type":"page","link":"https:\/\/evolve.al\/de\/siti-web-cms-personalizzati\/","title":{"rendered":"BENUTZERDEFINIERTES (CMS) WEBSEITE"},"content":{"rendered":"<p>[vc_row row_type=&#8221;3&#8243; blox_image=&#8221;9971&#8243; align_center=&#8221;aligncenter&#8221; page_title=&#8221;page-title-x&#8221; blox_dark=&#8221;true&#8221; parallax_speed=&#8221;7&#8243;][vc_column]<hr class=\"vertical-space5\"><hr class=\"vertical-space5\"><hr class=\"vertical-space3\">[vc_column_text]<\/p>\n<h2 class=\"respo-tagline\" style=\"text-align: center; letter-spacing: 1px;\"><strong>BENUTZERDEFINIERTES (CMS) WEBSEITE<\/strong><\/h2>\n<p>[\/vc_column_text]<hr class=\"vertical-space5\"><hr class=\"vertical-space5\">[\/vc_column][\/vc_row][vc_row][vc_column width=&#8221;1\/4&#8243;][\/vc_column][vc_column width=&#8221;1\/2&#8243; el_class=&#8221;aligncenter&#8221;]<hr class=\"vertical-space5\"><i class=\"sl-layers\" style=\" font-size:64px; color:#d6d6d6;\"><\/i><hr class=\"vertical-space1\">[vc_column_text]<\/p>\n<h3 style=\"text-align: center;\"><strong>Benutzerdefiniertes CMS<\/strong><\/h3>\n<p style=\"text-align: center;\">Wenn Sie Ihre Webseite \u00e4ndern m\u00fcssen, sollten Sie eine CMS-Webseite anstelle einer statischen Webseite in Betracht ziehen. Eine Content Management System (CMS) -Webseite erm\u00f6glicht Ihnen oder Ihren Partnern \/ Mitarbeitern das Hinzuf\u00fcgen und Bearbeiten von Inhalten auf Ihrer Webseite \u00fcber ein administratives Panel, das mit einem Passwort gesch\u00fctzt ist. Diese Systeme sind hilsreich, weil Sie kein HTML-Training ben\u00f6tigen, um neue Seiten hinzuzuf\u00fcgen, Inhalte f\u00fcr Ihre Site zu bearbeiten oder zu l\u00f6schen. Der heutige Markt ist sehr dynamisch, Sie brauchen also L\u00f6sungen, um das Wachstum Ihres Unternehmens. Was Sie machen k\u00f6nnen, ist einfach: W\u00e4hlen Sie ein personalisiertes CMS. Ein personalisiertes CMS erleichtert Ihnen die Arbeit. Durch CMS konnen Sie Webinhalte erstellen oder diese Inhalte selbst modifizieren. Die Systeme erm\u00f6glichen das Erstellen, Bearbeiten und Ver\u00f6ffentlichen von Inhalten wie Texten, Bildern, Videos, Formularen bis hin zu ganzen Webseiten.<\/p>\n<p>[\/vc_column_text]<hr class=\"vertical-space3\">[\/vc_column][vc_column width=&#8221;1\/4&#8243;][\/vc_column][\/vc_row][vc_row row_type=&#8221;2&#8243; blox_bgcolor=&#8221;#f7f7f7&#8243;][vc_column]<hr class=\"vertical-space5\">\n\t<div class=\"max-title max-title3\">\n\t\t<h2>WAS WIR <strong>TUN<\/strong><\/h2>\n\t<\/div>[vc_column_text]<\/p>\n<p class=\"slog-tx3 aligncenter\">Wir erstellen kundenspezifische CMS-Plattformen f\u00fcr Kunden, die eine speziell zugeschnittene L\u00f6sung f\u00fcr eine Webseite oder ein webbasiertes System ben\u00f6tigen. Zu den bemerkenswerten Vorteilen, die wir zusammen mit unseren benutzerdefinierten CMS-Services bieten, geh\u00f6ren:<\/p>\n<p>[\/vc_column_text]<hr class=\"vertical-space3\">[\/vc_column][\/vc_row][vc_row row_type=&#8221;2&#8243; blox_padding_bottom=&#8221;80&#8243; blox_bgcolor=&#8221;#f7f7f7&#8243;][vc_column width=&#8221;1\/2&#8243;]<article class=\"icon-box7\" ><i class=\"sl-check\" style=\" color:#00c2e5;\"><\/i><h4>LIEFERBAR GENAU F\u00dcR DEN PROJEKTUMFANG<br \/>\n<\/h4><\/article><article class=\"icon-box7\" ><i class=\"sl-check\" style=\" color:#00c2e5;\"><\/i><h4>UMFASSENDE CMS-UMSETZUNG UND SUPPORT<br \/>\n<\/h4><\/article><article class=\"icon-box7\" ><i class=\"sl-check\" style=\" color:#00c2e5;\"><\/i><h4>HOCHKALIERBARE CMS-L\u00d6SUNGEN<br \/>\n<\/h4><\/article>[\/vc_column][vc_column width=&#8221;1\/2&#8243;]<article class=\"icon-box7\" ><i class=\"sl-check\" style=\" color:#00c2e5;\"><\/i><h4>BESTE TECHNOLOGIE ZU ERM\u00d6GLICHEN KOSTEN<br \/>\n<\/h4><\/article><article class=\"icon-box7\" ><i class=\"sl-check\" style=\" color:#00c2e5;\"><\/i><h4>HALTEN SIE IHRE WEBSEITE OPTIMIERT UND SEO FREUNDLICH<br \/>\n<\/h4><\/article><article class=\"icon-box7\" ><i class=\"sl-check\" style=\" color:#00c2e5;\"><\/i><h4>GEEIGNETER UND ERFAHRENER PROJEKTMANAGER<br \/>\n<\/h4><\/article>[\/vc_column][\/vc_row][vc_row][vc_column][vc_row_inner][vc_column_inner][vc_column_text]Erstellen Sie Ihr eigenes attraktives und benutzerfreundliches CMS mit dem einfachsten und leistungsf\u00e4higsten CMS, das unbegrenzte M\u00f6glichkeiten und Anpassungen an die W\u00fcnsche Ihrer Website mit optimalem und innovativem Design bietet. Mit WordPress k\u00f6nnen Sie Webseiten individuell gestalten. Es hilft dir dabei die Inhalte deiner Website einfach und selbstst\u00e4ndig zu bearbeiten und zu pflegen &#8211; und das ganz ohne Programmierkenntnisse.<\/p>\n<p><strong>Erstellen Sie Ihre professionelle Website mit Drupal!<\/strong><\/p>\n<p>Drupal bietet Tools f\u00fcr die verschiedenen Arten von leistungsstarken Seiten zu bauen. Es ist ein sehr flexibles und hoch skalierbares Content-Management-System. Drupal wird weltweit von internationalen Unternehmen, Regierungsinstitutionen, Hochschuleinrichtungen und Nichtregierungsorganisationen eingesetzt.<\/p>\n<p>Mit Drupal erstellen wir Websites, die zu Ihren Zielen passen und mit einem wunderbaren Design mehr Besucher zu haben. Drupal bietet L\u00f6sungen f\u00fcr jede Anwendung und erm\u00f6glicht die Bereitstellung nicht nur sch\u00f6ner, sondern auch leistungsstarker und funktionaler Seiten[\/vc_column_text][\/vc_column_inner][\/vc_row_inner]<hr class=\"vertical-space5\">\n\t<div class=\"max-title max-title3\">\n\t\t<h2>UNSERE EASYDESIGN CMS <strong>FEATURES<\/strong> <\/h2>\n\t<\/div>[vc_column_text]<\/p>\n<p class=\"slog-tx3 aligncenter\">Unser benutzerfreundliches Content-Management-System (CMS) erm\u00f6glicht Ihnen das Erstellen, Bearbeiten und Ver\u00f6ffentlichen Ihrer Webseite-Inhalte, einschlie\u00dflich folgendes:<\/p>\n<p>[\/vc_column_text]<hr class=\"vertical-space2\">[vc_row_inner][vc_column_inner width=&#8221;1\/2&#8243;]<hr class=\"vertical-space2\">[vc_single_image image=&#8221;9482&#8243; img_size=&#8221;full&#8221;][\/vc_column_inner][vc_column_inner width=&#8221;1\/2&#8243;]<hr class=\"vertical-space2\"><article class=\"icon-box5\" ><i class=\"sl-check\" style=\" color:#00c2e5;\"><\/i><h4>Aktualisieren Sie den Webseite-Text, Links<br \/>\n<\/h4><\/article><article class=\"icon-box5\" ><i class=\"sl-check\" style=\" color:#00c2e5;\"><\/i><h4>Unbegrenzte Seitenverwaltung<br \/>\n<\/h4><\/article><article class=\"icon-box5\" ><i class=\"sl-check\" style=\" color:#00c2e5;\"><\/i><h4>Fotogallerie<\/h4><\/article><article class=\"icon-box5\" ><i class=\"sl-check\" style=\" color:#00c2e5;\"><\/i><h4>Produktkataloge<\/h4><\/article><article class=\"icon-box5\" ><i class=\"sl-check\" style=\" color:#00c2e5;\"><\/i><h4>Webseite Banner und Grafiken<br \/>\n<\/h4><\/article><article class=\"icon-box5\" ><i class=\"sl-check\" style=\" color:#00c2e5;\"><\/i><h4>Sichere Anmeldungen<br \/>\n<\/h4><\/article><article class=\"icon-box5\" ><i class=\"sl-check\" style=\" color:#00c2e5;\"><\/i><h4>Links und Men\u00fcverwaltung<br \/>\n<\/h4><\/article><article class=\"icon-box5\" ><i class=\"sl-check\" style=\" color:#00c2e5;\"><\/i><h4>Einfacher HTML-Editor<br \/>\n<\/h4><\/article><article class=\"icon-box5\" ><i class=\"sl-check\" style=\" color:#00c2e5;\"><\/i><h4>Blog<\/h4><\/article><article class=\"icon-box5\" ><i class=\"sl-check\" style=\" color:#00c2e5;\"><\/i><h4>SEO freundliche Struktur<br \/>\n<\/h4><\/article><article class=\"icon-box5\" ><i class=\"sl-check\" style=\" color:#00c2e5;\"><\/i><h4>Social Media Integration<br \/>\n<\/h4><\/article><article class=\"icon-box5\" ><i class=\"sl-check\" style=\" color:#00c2e5;\"><\/i><h4>Google Map-Integration<br \/>\n<\/h4><\/article>[\/vc_column_inner][\/vc_row_inner]<hr class=\"vertical-space4\">[\/vc_column][\/vc_row][vc_row][vc_column]<hr class=\"vertical-space2\">\n\t<div class=\"max-title max-title3\">\n\t\t<h2>UNSERE <strong>PROFESSIONELLEN DIENSTE<\/strong> <\/h2>\n\t<\/div>[\/vc_column][\/vc_row][vc_row][vc_column width=&#8221;1\/3&#8243;]<article class=\"icon-box\" ><i class=\"sl-wrench\" style=\"\"><\/i><h4>Vorlagenentwicklung<\/h4><p>Wir geben Ihnen eine pixelgenaue, SEO-freundliche, plattform\u00fcbergreifende und standards-konforme Grundlage, auf der Sie Ihre Site aufbauen k\u00f6nnen.<\/p>\n<\/article>[\/vc_column][vc_column width=&#8221;1\/3&#8243;]<article class=\"icon-box\" ><i class=\"sl-layers\" style=\"\"><\/i><h4>Benutzerdefinierte CMS-Programmierung<br \/>\n<\/h4><p>Wenn Sie eine benutzerdefinierte Anwendung oder ein Feature entwickeln m\u00f6chten, das EasyDesign noch nicht enth\u00e4lt, k\u00f6nnen wir es f\u00fcr Sie erstellen.<\/p>\n<\/article>[\/vc_column][vc_column width=&#8221;1\/3&#8243;]<article class=\"icon-box\" ><i class=\"sl-screen-desktop\" style=\"\"><\/i><h4>Webseite-Migrationen<br \/>\n<\/h4><p>M\u00f6chten Sie Ihre Webseite auf das EasyDesign CMS verschieben? Lassen Sie uns die Migration f\u00fcr Sie \u00fcbernehmen oder helfen Sie Ihrem Team, den Prozess zu beschleunigen.<\/p>\n<\/article>[\/vc_column][\/vc_row][vc_row][vc_column]<hr class=\"vertical-space1\">[\/vc_column][\/vc_row][vc_row][vc_column]\n\t<div class=\"max-title max-title3\">\n\t\t<h2>UNSERE GL\u00dcCKLICHEN KUNDEN<\/h2>\n\t<\/div><hr class=\"vertical-space1\"><div class=\"aligncenter\"><hr class=\"vertical-space1\"><div class=\"col-md-12 our-clients-wrap crsl\"><ul id=\"our-clients\" class=\"our-clients crsl\"><li><img alt=\"\" src=\"https:\/\/evolve.al\/admin\/core-wp\/..\/..\/site\/resources-global\/content-data\/uploads\/dga_logo_landscape_v1.jpg\"\/><\/li><li><img alt=\"\" src=\"https:\/\/evolve.al\/admin\/core-wp\/..\/..\/site\/resources-global\/content-data\/uploads\/ardeno-mobileri-al_logo_2.jpg\"\/><\/li><li><img alt=\"\" src=\"https:\/\/evolve.al\/admin\/core-wp\/..\/..\/site\/resources-global\/content-data\/uploads\/salillari-shpk_logo.jpg\"\/><\/li><li><img alt=\"\" src=\"https:\/\/evolve.al\/admin\/core-wp\/..\/..\/site\/resources-global\/content-data\/uploads\/alb-pastrim_logo.jpg\"\/><\/li><li><img alt=\"\" src=\"https:\/\/evolve.al\/admin\/core-wp\/..\/..\/site\/resources-global\/content-data\/uploads\/supersport_logo_v1.jpg\"\/><\/li><li><img alt=\"\" src=\"https:\/\/evolve.al\/admin\/core-wp\/..\/..\/site\/resources-global\/content-data\/uploads\/dpm-gov-al_logo.jpg\"\/><\/li><li><img alt=\"\" src=\"https:\/\/evolve.al\/admin\/core-wp\/..\/..\/site\/resources-global\/content-data\/uploads\/mmsr-gov-al_logo.jpg\"\/><\/li><li><img alt=\"\" src=\"https:\/\/evolve.al\/admin\/core-wp\/..\/..\/site\/resources-global\/content-data\/uploads\/biznes-albania_logo.jpg\"\/><\/li><li><img alt=\"\" src=\"https:\/\/evolve.al\/admin\/core-wp\/..\/..\/site\/resources-global\/content-data\/uploads\/su-shefqet-ndroqi_logo.jpg\"\/><\/li><li><img alt=\"\" src=\"https:\/\/evolve.al\/admin\/core-wp\/..\/..\/site\/resources-global\/content-data\/uploads\/ekb_logo.jpg\"\/><\/li><li><img alt=\"\" src=\"https:\/\/evolve.al\/admin\/core-wp\/..\/..\/site\/resources-global\/content-data\/uploads\/leon-kons_logo.jpg\"\/><\/li><li><img alt=\"\" src=\"https:\/\/evolve.al\/admin\/core-wp\/..\/..\/site\/resources-global\/content-data\/uploads\/alushi-trans-al_logo.jpg\"\/><\/li><\/ul><\/div><hr class=\"vertical-space2\"><\/div>[\/vc_column][\/vc_row][vc_row row_type=&#8221;2&#8243; blox_height=&#8221;452&#8243; blox_image=&#8221;9705&#8243; blox_bgcolor=&#8221;#f7f7f7&#8243;][vc_column el_class=&#8221;aligncenter&#8221;]<hr class=\"vertical-space5\"><hr class=\"vertical-space1\">[vc_column_text]<\/p>\n<h1 style=\"text-align: center;\">Lass uns<br \/>\n<strong>Ihr Projekt anfangen <\/strong><\/h1>\n<p>[\/vc_column_text]<hr class=\"vertical-space1\">[vc_column_text]<\/p>\n<p class=\"slog-tx2 aligncenter\">Wir helfen Ihnen, Ihre Ziele zu erreichen und Ihr Gesch\u00e4ft aufzubauen.<\/p>\n<p>[\/vc_column_text]<hr class=\"vertical-space1\"><a href=\"http:\/\/evolve.al\/de\/request-a-quote\/\" class=\"button skyblue  medium bordered-bot \" target=\"_self\">EIN ANGEBOT ANFORDERN<\/a><hr class=\"vertical-space4\">[\/vc_column][\/vc_row][vc_row row_type=&#8221;2&#8243; blox_image=&#8221;9171&#8243; blox_cover=&#8221;false&#8221; blox_repeat=&#8221;repeat&#8221; blox_dark=&#8221;true&#8221; blox_bgcolor=&#8221;#00c2e5&#8243;][vc_column]<hr class=\"vertical-space3\">[vc_row_inner][vc_column_inner el_class=&#8221;aligncenter&#8221;][vc_column_text]<\/p>\n<h1 style=\"text-align: center;\">WAS WIR GETAN <strong>HABEN<\/strong><\/h1>\n<p style=\"text-align: center;\">Wir bauen Br\u00fccken in der Web-Technologie, um das Ziel des Kunden mit der Realit\u00e4t im Verbindung zu setzen.<\/p>\n<p>[\/vc_column_text]<a href=\"http:\/\/evolve.al\/de\/projects\/\" class=\"button white  medium bordered-bot \" target=\"_self\">SEHEN SIE UNSERE PROJEKTE AN<\/a>[\/vc_column_inner][\/vc_row_inner]<hr class=\"vertical-space2\">[\/vc_column][\/vc_row]<\/p>","protected":false},"excerpt":{"rendered":"<p>[vc_row row_type=&#8221;3&#8243; blox_image=&#8221;9971&#8243; align_center=&#8221;aligncenter&#8221; page_title=&#8221;page-title-x&#8221; blox_dark=&#8221;true&#8221; parallax_speed=&#8221;7&#8243;][vc_column][vc_column_text] BENUTZERDEFINIERTES (CMS) WEBSEITE [\/vc_column_text][\/vc_column][\/vc_row][vc_row][vc_column width=&#8221;1\/4&#8243;][\/vc_column][vc_column width=&#8221;1\/2&#8243; el_class=&#8221;aligncenter&#8221;][vc_column_text] Benutzerdefiniertes CMS Wenn Sie Ihre Webseite \u00e4ndern m\u00fcssen, sollten Sie eine CMS-Webseite anstelle einer statischen Webseite in Betracht ziehen. Eine Content Management System (CMS) -Webseite erm\u00f6glicht Ihnen oder Ihren Partnern \/ Mitarbeitern das Hinzuf\u00fcgen und Bearbeiten von Inhalten auf Ihrer Webseite \u00fcber ein administratives Panel, das mit einem Passwort gesch\u00fctzt ist. Diese Systeme sind hilsreich, weil Sie kein HTML-Training ben\u00f6tigen, um neue Seiten hinzuzuf\u00fcgen, Inhalte f\u00fcr Ihre Site zu bearbeiten oder zu l\u00f6schen. Der heutige Markt ist sehr dynamisch, Sie brauchen also L\u00f6sungen, um das Wachstum Ihres Unternehmens. Was Sie machen k\u00f6nnen, ist einfach: W\u00e4hlen Sie ein personalisiertes CMS. Ein personalisiertes CMS erleichtert Ihnen die Arbeit. Durch CMS konnen Sie Webinhalte erstellen oder diese Inhalte selbst modifizieren. Die Systeme erm\u00f6glichen das Erstellen, Bearbeiten und Ver\u00f6ffentlichen von Inhalten wie Texten, Bildern, Videos, Formularen bis hin zu ganzen Webseiten. [\/vc_column_text][\/vc_column][vc_column width=&#8221;1\/4&#8243;][\/vc_column][\/vc_row][vc_row row_type=&#8221;2&#8243; blox_bgcolor=&#8221;#f7f7f7&#8243;][vc_column][vc_column_text] Wir erstellen kundenspezifische CMS-Plattformen f\u00fcr Kunden, die eine speziell zugeschnittene L\u00f6sung f\u00fcr eine Webseite oder ein webbasiertes System ben\u00f6tigen. Zu den bemerkenswerten Vorteilen, die wir zusammen mit unseren benutzerdefinierten CMS-Services bieten, geh\u00f6ren: [\/vc_column_text][\/vc_column][\/vc_row][vc_row row_type=&#8221;2&#8243; blox_padding_bottom=&#8221;80&#8243; blox_bgcolor=&#8221;#f7f7f7&#8243;][vc_column width=&#8221;1\/2&#8243;][\/vc_column][vc_column width=&#8221;1\/2&#8243;][\/vc_column][\/vc_row][vc_row][vc_column][vc_row_inner][vc_column_inner][vc_column_text]Erstellen Sie Ihr eigenes attraktives und benutzerfreundliches CMS mit dem einfachsten und leistungsf\u00e4higsten CMS, das unbegrenzte M\u00f6glichkeiten und Anpassungen an die W\u00fcnsche Ihrer Website mit optimalem und innovativem Design bietet. Mit WordPress k\u00f6nnen Sie Webseiten individuell gestalten. Es hilft dir dabei die Inhalte deiner Website einfach und selbstst\u00e4ndig zu bearbeiten und zu pflegen &#8211; und das ganz ohne Programmierkenntnisse. Erstellen Sie Ihre professionelle Website mit Drupal! Drupal bietet Tools f\u00fcr die verschiedenen Arten von leistungsstarken Seiten zu bauen. Es ist ein sehr flexibles und hoch skalierbares Content-Management-System. Drupal wird weltweit von internationalen Unternehmen, Regierungsinstitutionen, Hochschuleinrichtungen und Nichtregierungsorganisationen eingesetzt. Mit Drupal erstellen wir Websites, die zu Ihren Zielen passen&#8230; <\/p>\n<p><a class=\"readmore\" href=\"https:\/\/evolve.al\/de\/siti-web-cms-personalizzati\/\">Continue Reading<\/a><\/p>\n","protected":false},"author":1,"featured_media":0,"parent":0,"menu_order":0,"comment_status":"closed","ping_status":"closed","template":"","meta":[],"_links":{"self":[{"href":"https:\/\/evolve.al\/de\/wp-json\/wp\/v2\/pages\/9479"}],"collection":[{"href":"https:\/\/evolve.al\/de\/wp-json\/wp\/v2\/pages"}],"about":[{"href":"https:\/\/evolve.al\/de\/wp-json\/wp\/v2\/types\/page"}],"author":[{"embeddable":true,"href":"https:\/\/evolve.al\/de\/wp-json\/wp\/v2\/users\/1"}],"replies":[{"embeddable":true,"href":"https:\/\/evolve.al\/de\/wp-json\/wp\/v2\/comments?post=9479"}],"version-history":[{"count":6,"href":"https:\/\/evolve.al\/de\/wp-json\/wp\/v2\/pages\/9479\/revisions"}],"predecessor-version":[{"id":11155,"href":"https:\/\/evolve.al\/de\/wp-json\/wp\/v2\/pages\/9479\/revisions\/11155"}],"wp:attachment":[{"href":"https:\/\/evolve.al\/de\/wp-json\/wp\/v2\/media?parent=9479"}],"curies":[{"name":"wp","href":"https:\/\/api.w.org\/{rel}","templated":true}]}}