{"id":9470,"date":"2016-04-12T07:23:56","date_gmt":"2016-04-12T07:23:56","guid":{"rendered":"http:\/\/webnus.biz\/themes\/easyweb\/design\/?page_id=9470"},"modified":"2023-11-13T09:59:30","modified_gmt":"2023-11-13T08:59:30","slug":"sito-web-e-commerce","status":"publish","type":"page","link":"https:\/\/evolve.al\/de\/sito-web-e-commerce\/","title":{"rendered":"E-COMMERCE WEBSEITE"},"content":{"rendered":"<p>[vc_row row_type=&#8221;3&#8243; blox_image=&#8221;9477&#8243; align_center=&#8221;aligncenter&#8221; page_title=&#8221;page-title-x&#8221; blox_dark=&#8221;true&#8221; blox_class=&#8221;breadcrumb&#8221; parallax_speed=&#8221;7&#8243;][vc_column]<hr class=\"vertical-space5\">[vc_column_text]<\/p>\n<h2 class=\"respo-tagline\" style=\"text-align: center; letter-spacing: 1px;\"><strong>E-COMMERCE WEBSEITE<\/strong><\/h2>\n<p>[\/vc_column_text]<hr class=\"vertical-space5\">[\/vc_column][\/vc_row][vc_row][vc_column width=&#8221;1\/6&#8243;][\/vc_column][vc_column width=&#8221;2\/3&#8243; el_class=&#8221;aligncenter&#8221;]<hr class=\"vertical-space5\"><i class=\"fa-shopping-cart\" style=\" font-size:64px; color:#d6d6d6;\"><\/i><hr class=\"vertical-space1\">[vc_column_text]<\/p>\n<h3 style=\"text-align: center;\"><strong>E-Commerce<\/strong><\/h3>\n<p style=\"text-align: center;\">Jeder wei\u00df, dass Einzelhandelsgesch\u00e4fte ein gutes Gesch\u00e4ft sind, egal was Sie verkaufen; Es wird immer Menschen in Ihrer N\u00e4he geben, die bereit sind, Ihre Produkte oder Dienstleistungen zu kaufen. Au\u00dferdem kaufen Menschen von Unternehmen, die sie kennen und denen sie vertrauen. Ein Einzelhandelsgesch\u00e4ft ist jedoch auf seinen geografischen Standort beschr\u00e4nkt. Wenn Sie global sein wollen, sind dem Internet keine Grenzen gesetzt. Vor allem ein Online-Shop wird Kosten sparen. Technisch gesehen k\u00f6nnen Sie jeden mit einer Internetverbindung erreichen.<\/p>\n<p>[\/vc_column_text][\/vc_column][vc_column width=&#8221;1\/6&#8243;][\/vc_column][\/vc_row][vc_row row_type=&#8221;2&#8243; blox_bgcolor=&#8221;#f7f7f7&#8243;][vc_column]<hr class=\"vertical-space3\">\n\t<div class=\"max-title max-title3\">\n\t\t<h2>WAS WIR <strong>TUN<\/strong><\/h2>\n\t<\/div>[vc_column_text]<\/p>\n<p class=\"slog-tx3 aligncenter\">Wir unterst\u00fctzen Sie bei der Konzeption und Entwicklung von End-to-End-E-Commerce-L\u00f6sungen zur Rationalisierung der Kommunikation, Automatisierung von Arbeitsabl\u00e4ufen, Verwaltung von Transaktionen mit hohem Volumen und Benutzerverwaltung. Dar\u00fcber hinaus bieten wir L\u00f6sungen f\u00fcr Authentifizierung, Daten- und Content-Management, Einkaufswagenanwendungen und Payment Gateway-Integration. Unser Design-Service umfasst:<\/p>\n<p>[\/vc_column_text]<hr class=\"vertical-space3\">[\/vc_column][\/vc_row][vc_row row_type=&#8221;2&#8243; blox_padding_bottom=&#8221;80&#8243; blox_bgcolor=&#8221;#f7f7f7&#8243;][vc_column width=&#8221;1\/2&#8243;]<article class=\"icon-box7\" ><i class=\"sl-check\" style=\" color:#00c2e5;\"><\/i><h4>EINE NEUE ONLINE-PR\u00c4SENZ ENTWICKELN<\/h4><\/article><article class=\"icon-box7\" ><i class=\"sl-check\" style=\" color:#00c2e5;\"><\/i><h4>ERSTELLEN EINZIGARTIGER LANDING PAGES<br \/>\n<\/h4><\/article><article class=\"icon-box7\" ><i class=\"sl-check\" style=\" color:#00c2e5;\"><\/i><h4>ENTWICKLUNG DES KREATIVEN F\u00dcR E-MAIL-KAMPAGNEN<br \/>\n<\/h4><\/article>[\/vc_column][vc_column width=&#8221;1\/2&#8243;]<article class=\"icon-box7\" ><i class=\"sl-check\" style=\" color:#00c2e5;\"><\/i><h4>CUSTOM BUILT RESPONSIVE MOBILFREUNDLICH<br \/>\n<\/h4><\/article><article class=\"icon-box7\" ><i class=\"sl-check\" style=\" color:#00c2e5;\"><\/i><h4>WEB HOSTING \/ DOMAIN NAME REGISTRIERUNG<br \/>\n<\/h4><\/article><article class=\"icon-box7\" ><i class=\"sl-check\" style=\" color:#00c2e5;\"><\/i><h4>VOLLST\u00c4NDIGE SUCHMASCHINENOPTIMIERUNG<br \/>\n<\/h4><\/article>[\/vc_column][\/vc_row][vc_row][vc_column]<hr class=\"vertical-space5\">\n\t<div class=\"max-title max-title3\">\n\t\t<h2>UNSERE <strong>E-COMMERCE-L\u00d6SUNG<\/strong> <\/h2>\n\t<\/div>[vc_column_text]<\/p>\n<p class=\"slog-tx3 aligncenter\">Basierend auf Ihren individuellen Zielen und Anforderungen liefern wir ma\u00dfgeschneiderte E-Commerce-L\u00f6sungen, die Sie nicht \u00fcbertreffen werden. Wir bieten eine sichere und umfassende E-Commerce-Webl\u00f6sung mit allen Extras<\/p>\n<p>[\/vc_column_text]<hr class=\"vertical-space2\">[vc_row_inner][vc_column_inner width=&#8221;1\/2&#8243;]<hr class=\"vertical-space4\"><article class=\"icon-box5\" ><i class=\"sl-check\" style=\" color:#00c2e5;\"><\/i><h4>Suchmaschine Optimiert mit SEO-freundlichen Links und Sitemaps<br \/>\n<\/h4><\/article><article class=\"icon-box5\" ><i class=\"sl-check\" style=\" color:#00c2e5;\"><\/i><h4>Anonyme, einseitige \u00dcberpr\u00fcfung, um Umwandlungen zu verbessern<br \/>\n<\/h4><\/article><article class=\"icon-box5\" ><i class=\"sl-check\" style=\" color:#00c2e5;\"><\/i><h4>Lager- und Bestandsverwaltung<br \/>\n<\/h4><\/article><article class=\"icon-box5\" ><i class=\"sl-check\" style=\" color:#00c2e5;\"><\/i><h4>Benutzerdefinierte Attributoptionen f\u00fcr Produkte wie Farb- und Gewichtsauswahl<br \/>\n<\/h4><\/article><article class=\"icon-box5\" ><i class=\"sl-check\" style=\" color:#00c2e5;\"><\/i><h4>Verkaufsberichte, die in Tabellenkalkulationsformate exportiert werden k\u00f6nnen<br \/>\n<\/h4><\/article><article class=\"icon-box5\" ><i class=\"sl-check\" style=\" color:#00c2e5;\"><\/i><h4>Bieten Sie Coupons, Rabattcodes und Geschenkgutscheine an<br \/>\n<\/h4><\/article>[\/vc_column_inner][vc_column_inner width=&#8221;1\/2&#8243;]<hr class=\"vertical-space4\"><article class=\"icon-box5\" ><i class=\"sl-check\" style=\" color:#00c2e5;\"><\/i><h4>Online-Warenkorb, zu dem Besucher Produkte hinzuf\u00fcgen und \u00e4ndern k\u00f6nnen<br \/>\n<\/h4><\/article><article class=\"icon-box5\" ><i class=\"sl-check\" style=\" color:#00c2e5;\"><\/i><h4>Bestellhistorie, Versandstatus, Wunschliste erstellen<br \/>\n<\/h4><\/article><article class=\"icon-box5\" ><i class=\"sl-check\" style=\" color:#00c2e5;\"><\/i><h4>Sicheres Auschecken mit 128-Bit-SSL-Verschl\u00fcsselung<br \/>\n<\/h4><\/article><article class=\"icon-box5\" ><i class=\"sl-check\" style=\" color:#00c2e5;\"><\/i><h4>Geschenkverpackungsoption und Geschenkkarten-Nachrichten<br \/>\n<\/h4><\/article><article class=\"icon-box5\" ><i class=\"sl-check\" style=\" color:#00c2e5;\"><\/i><h4>Integration mit Paypal und \u00fcber 50 anderen Zahlungs-Gateways<br \/>\n<\/h4><\/article><article class=\"icon-box5\" ><i class=\"sl-check\" style=\" color:#00c2e5;\"><\/i><h4>Hinzuf\u00fcgen und Bearbeiten von Produktpreisen und Beschreibungen mit Leichtigkeit<br \/>\n<\/h4><\/article>[\/vc_column_inner][\/vc_row_inner]<hr class=\"vertical-space3\">[vc_row_inner][vc_column_inner][vc_column_text]Jeder wei\u00df, dass Online-Shops ein gutes Gesch\u00e4ft sind, egal was verkauft wird. Es wird immer Menschen geben, die Ihre Produkte oder Dienstleistungen kaufen m\u00f6chten. Ein Einzelhandel ist jedoch auf seinen geografischen Ort besgrenzt. Bei einem Online-Shop ist Ihre Fantasie die einzige Grenze. Erstellen Sie mit Evolve Studio Ihre E-Commerce-Website f\u00fcr jedes Online-Gesch\u00e4ft, das Sie haben.<\/p>\n<p>Erstellen Sie jetzt Ihre E-Commerce-Site und nutzen Sie die verschiedene M\u00f6glichkeiten, die die Online-Marketing-Welt bietet. E-Commerce oder sonst bekannter Online-Shop erm\u00f6glicht es allen Unternehmen, Firmen und Institutionen, ihre Produkte und Dienstleistungen online zu f\u00f6rdern und zu verkuafen F\u00fcr den Online-Verkauf ist E-Commerce die richtige Wahl f\u00fcr Sie. Wenn Sie \u00fcber einen Online-Shop haben und Ihre Produkte und Dienstleistungen verkaufen m\u00f6chten, sind E-Commerce-Websites die L\u00f6sung, die Sie brauchen Wir entwicklen f\u00fcr Sie eine professionelle Website, die richtige L\u00f6sung f\u00fcr den Online-Verkauf ist.<\/p>\n<p>E-Commerce ist einer der wichtigsten Trends im Online-Verkauf der letzten Jahre.E-Commerce umfasst alle Kauf- und Verkaufsprozesse, die \u00fcber das Internet ablaufen. Dies bietet sowohl Kunden als auch Online-Anbietern viele Vorteile. Viele Menschen haben sich entschieden, ihre Gesch\u00e4fte online zu bauen, und sie verkaufen alle Art von Online-Produkten im internationalen Netzwerk auf der ganzen Welt. Sie k\u00f6nnen w\u00e4hlen, was Sie verkaufen m\u00f6chten, und wir erstellen Ihrer Online Website. Unsere Mitarbeiter helfen Ihnen beim Aufbau professioneller E-Commerce-Websites f\u00fcr Ihr Unternehmen. Wir helfen Ihnen, die Leistungsf\u00e4higkeit des E-Commerce zu steigern. Wir bauen f\u00fcr Sie die professionelle Commerce-Website.<\/p>\n<p>Um den Online-Verkauf f\u00fcr Ihr Unternehmen zu erleichten, bieten eCommerce-Websites eine einfache und sichere M\u00f6glichkeit, Online-Produkte und -Dienstleistungen von einem Unternehmen oder vielen Unternehmen aus der ganzen Welt zu verkaufen und zu kaufen. E-Commerce ist einer der wichtigsten Trends der letzten Jahre im Online-Vertrieb. Viele Menschen haben ihre Online-Shops aufgebaut und verkaufen ihre Produkte auf der ganzen Welt.<\/p>\n<p>Die Leute verwenden den Begriff &#8220;E-Commerce&#8221; oder &#8220;Online-Shopping&#8221;, um den Handel im Internet zu bezeichne. Wenn sie ihr Produkt mit Hilfe einer Kredit- oder Debitkarte f\u00fcr einige Sekunden kaufen wollen, k\u00f6nnen sie den Kauf per E-Commerce-Website durchf\u00fchren.Eine der wichtigsten Eigenschaften des digitalen Handels ist es, dass Kaufprozesse ohne Verz\u00f6gerung get\u00e4tigt werden k\u00f6nnen. Der Kunde kann von seiner Couch aus online Kataloge durchst\u00f6bern, online bezahlen und das Produkt seines Begehrens wird ihm zugeschickt. Die Kauferfahrung ist schnell und bequem.<\/p>\n<p>Dank der Nutzung von E-Commerce k\u00f6nnen Millionen Internetbenutzer, die potenzielle Kunden Ihrer Produkte oder Dienstleistungen sein und Sie k\u00f6nnen jeder Zeit Ihren Online-Shop besuchen.<\/p>\n<p>E-Commerce-Website, die Wir erstellen, bieten Ihnen personalisierte L\u00f6sungen f\u00fcr den Online-Handel, die an Ihren spezifischen Zielen und Anforderungen anpassen. W\u00e4hrend Sie wachsen, stellen wir sicher, dass wir eine sichere und resurfacing-L\u00f6sung f\u00fcr Ihren Online-Shop anbieten. Online-Verkaufschancen sind eine sichere und schnelle L\u00f6sung.Der E-Commerce hat in den letzten zehn Jahren ein explosives Wachstum erlebt.<\/p>\n<p>Sie k\u00f6nnen selbst die Online Produktmanagement verwalten. Sie k\u00f6nnen Produkte ganz nach Ihren W\u00fcnschen auflisten oder hinzuf\u00fcgen. Die breite Palette von Produkten, die Sie online verkaufen k\u00f6nnen, ist kein Problem, und der virtuelle Shop, den Sie betreiben, ist multifunktional und Sie k\u00f6nnen ihn f\u00fcr alle Ihre Anforderungen einsetzen.<\/p>\n<p>Wir von EVOLVE Studio sh.pk entwickeln schnelle und einfache E-Commerce-Website. Wenn Sie m\u00f6chten, dass Ihre Produkte nicht nur in Gesch\u00e4ften, sondern auch im Internet verkauft werden, um Millionen von Besuchern, die Ihre Produkte kaufen m\u00f6chten, ein Interesse daran zu haben, Ihr Gesch\u00e4ft zu kennen, dann ist der eCommerce die richtige L\u00f6sung. Mit den professionellen E-Commerce-Seiten wird der Verkauf einfacher und die Anzahl der Besucher und Interessenten wird steigern. Der Online-Verkauf wird mit ECOMMERCE einfacher.<\/p>\n<p>Eine professionelle E-Commerce-Website ist die Grundlage Ihres Online-Einzelhandelsgesch\u00e4fts und wir bei Evolve wissen, wie wichtig es ist, die neueste Technologie einzusetzen, um Ihre Rentabilit\u00e4t zu steigern. Wir realisieren Ihren Online-Shop nach Ihren individuellen W\u00fcnschen und Anforderungen. er Austausch von Erfahrungen und die pers\u00f6nliche Kommunikation, zwischen Kunde und Projekt-Team sind der Schl\u00fcssel zum gemeinsamen Erfolg. Mit unserem Know-How sind wir in der Lage, Ihnen die beste WEbiste zu erstellen. Auch nach der Umsetzung stehen wir Ihnen selbstverst\u00e4ndlich weiterhin bei Problemen, Fragen und f\u00fcr Weiterentwicklungen als Ansprechpartner zur Verf\u00fcgung<br \/>\nE-Commerce-Website-Design und -Entwicklung ist heute die beste M\u00f6glichkeit f\u00fcr Ihren Online-Shop[\/vc_column_text][\/vc_column_inner][\/vc_row_inner][\/vc_column][\/vc_row][vc_row][vc_column]\n\t<div class=\"max-title max-title3\">\n\t\t<h2>UNSERE GL\u00dcCKLICHEN KUNDEN<\/h2>\n\t<\/div><hr class=\"vertical-space1\"><div class=\"aligncenter\"><hr class=\"vertical-space1\"><div class=\"col-md-12 our-clients-wrap crsl\"><ul id=\"our-clients\" class=\"our-clients crsl\"><li><img alt=\"\" src=\"https:\/\/evolve.al\/admin\/core-wp\/..\/..\/site\/resources-global\/content-data\/uploads\/dga_logo_landscape_v1.jpg\"\/><\/li><li><img alt=\"\" src=\"https:\/\/evolve.al\/admin\/core-wp\/..\/..\/site\/resources-global\/content-data\/uploads\/ardeno-mobileri-al_logo_2.jpg\"\/><\/li><li><img alt=\"\" src=\"https:\/\/evolve.al\/admin\/core-wp\/..\/..\/site\/resources-global\/content-data\/uploads\/salillari-shpk_logo.jpg\"\/><\/li><li><img alt=\"\" src=\"https:\/\/evolve.al\/admin\/core-wp\/..\/..\/site\/resources-global\/content-data\/uploads\/alb-pastrim_logo.jpg\"\/><\/li><li><img alt=\"\" src=\"https:\/\/evolve.al\/admin\/core-wp\/..\/..\/site\/resources-global\/content-data\/uploads\/supersport_logo_v1.jpg\"\/><\/li><li><img alt=\"\" src=\"https:\/\/evolve.al\/admin\/core-wp\/..\/..\/site\/resources-global\/content-data\/uploads\/dpm-gov-al_logo.jpg\"\/><\/li><li><img alt=\"\" src=\"https:\/\/evolve.al\/admin\/core-wp\/..\/..\/site\/resources-global\/content-data\/uploads\/mmsr-gov-al_logo.jpg\"\/><\/li><li><img alt=\"\" src=\"https:\/\/evolve.al\/admin\/core-wp\/..\/..\/site\/resources-global\/content-data\/uploads\/biznes-albania_logo.jpg\"\/><\/li><li><img alt=\"\" src=\"https:\/\/evolve.al\/admin\/core-wp\/..\/..\/site\/resources-global\/content-data\/uploads\/su-shefqet-ndroqi_logo.jpg\"\/><\/li><li><img alt=\"\" src=\"https:\/\/evolve.al\/admin\/core-wp\/..\/..\/site\/resources-global\/content-data\/uploads\/ekb_logo.jpg\"\/><\/li><li><img alt=\"\" src=\"https:\/\/evolve.al\/admin\/core-wp\/..\/..\/site\/resources-global\/content-data\/uploads\/leon-kons_logo.jpg\"\/><\/li><li><img alt=\"\" src=\"https:\/\/evolve.al\/admin\/core-wp\/..\/..\/site\/resources-global\/content-data\/uploads\/alushi-trans-al_logo.jpg\"\/><\/li><\/ul><\/div><hr class=\"vertical-space2\"><\/div>[\/vc_column][\/vc_row][vc_row row_type=&#8221;2&#8243; blox_height=&#8221;452&#8243; blox_image=&#8221;9705&#8243; blox_bgcolor=&#8221;#f7f7f7&#8243;][vc_column el_class=&#8221;aligncenter&#8221;]<hr class=\"vertical-space5\"><hr class=\"vertical-space1\">[vc_column_text]<\/p>\n<h1 style=\"text-align: center;\">Lass uns<br \/>\n<strong>Ihr Projekt anfangen <\/strong><\/h1>\n<p>[\/vc_column_text]<hr class=\"vertical-space1\">[vc_column_text]<\/p>\n<p class=\"slog-tx2 aligncenter\">Wir helfen Ihnen, Ihre Ziele zu erreichen und Ihr Gesch\u00e4ft aufzubauen.<\/p>\n<p>[\/vc_column_text]<hr class=\"vertical-space1\"><a href=\"http:\/\/evolve.al\/de\/request-a-quote\/\" class=\"button skyblue  medium bordered-bot \" target=\"_self\">EIN ANGEBOT ANFORDERN<\/a><hr class=\"vertical-space4\">[\/vc_column][\/vc_row][vc_row row_type=&#8221;2&#8243; blox_image=&#8221;9171&#8243; blox_cover=&#8221;false&#8221; blox_repeat=&#8221;repeat&#8221; blox_dark=&#8221;true&#8221; blox_bgcolor=&#8221;#00c2e5&#8243;][vc_column]<hr class=\"vertical-space3\">[vc_row_inner][vc_column_inner el_class=&#8221;aligncenter&#8221;][vc_column_text]<\/p>\n<h1 style=\"text-align: center;\">WAS WIR GETAN <strong>HABEN<\/strong><\/h1>\n<p style=\"text-align: center;\">Wir bauen Br\u00fccken in der Web-Technologie, um das Ziel des Kunden mit der Realit\u00e4t im Verbindung zu setzen.<\/p>\n<p>[\/vc_column_text]<a href=\"http:\/\/evolve.al\/de\/projects\/\" class=\"button white  medium bordered-bot \" target=\"_self\">SEHEN SIE UNSERE PROJEKTE AN<\/a>[\/vc_column_inner][\/vc_row_inner]<hr class=\"vertical-space2\">[\/vc_column][\/vc_row]<\/p>","protected":false},"excerpt":{"rendered":"<p>[vc_row row_type=&#8221;3&#8243; blox_image=&#8221;9477&#8243; align_center=&#8221;aligncenter&#8221; page_title=&#8221;page-title-x&#8221; blox_dark=&#8221;true&#8221; blox_class=&#8221;breadcrumb&#8221; parallax_speed=&#8221;7&#8243;][vc_column][vc_column_text] E-COMMERCE WEBSEITE [\/vc_column_text][\/vc_column][\/vc_row][vc_row][vc_column width=&#8221;1\/6&#8243;][\/vc_column][vc_column width=&#8221;2\/3&#8243; el_class=&#8221;aligncenter&#8221;][vc_column_text] E-Commerce Jeder wei\u00df, dass Einzelhandelsgesch\u00e4fte ein gutes Gesch\u00e4ft sind, egal was Sie verkaufen; Es wird immer Menschen in Ihrer N\u00e4he geben, die bereit sind, Ihre Produkte oder Dienstleistungen zu kaufen. Au\u00dferdem kaufen Menschen von Unternehmen, die sie kennen und denen sie vertrauen. Ein Einzelhandelsgesch\u00e4ft ist jedoch auf seinen geografischen Standort beschr\u00e4nkt. Wenn Sie global sein wollen, sind dem Internet keine Grenzen gesetzt. Vor allem ein Online-Shop wird Kosten sparen. Technisch gesehen k\u00f6nnen Sie jeden mit einer Internetverbindung erreichen. [\/vc_column_text][\/vc_column][vc_column width=&#8221;1\/6&#8243;][\/vc_column][\/vc_row][vc_row row_type=&#8221;2&#8243; blox_bgcolor=&#8221;#f7f7f7&#8243;][vc_column][vc_column_text] Wir unterst\u00fctzen Sie bei der Konzeption und Entwicklung von End-to-End-E-Commerce-L\u00f6sungen zur Rationalisierung der Kommunikation, Automatisierung von Arbeitsabl\u00e4ufen, Verwaltung von Transaktionen mit hohem Volumen und Benutzerverwaltung. Dar\u00fcber hinaus bieten wir L\u00f6sungen f\u00fcr Authentifizierung, Daten- und Content-Management, Einkaufswagenanwendungen und Payment Gateway-Integration. Unser Design-Service umfasst: [\/vc_column_text][\/vc_column][\/vc_row][vc_row row_type=&#8221;2&#8243; blox_padding_bottom=&#8221;80&#8243; blox_bgcolor=&#8221;#f7f7f7&#8243;][vc_column width=&#8221;1\/2&#8243;][\/vc_column][vc_column width=&#8221;1\/2&#8243;][\/vc_column][\/vc_row][vc_row][vc_column][vc_column_text] Basierend auf Ihren individuellen Zielen und Anforderungen liefern wir ma\u00dfgeschneiderte E-Commerce-L\u00f6sungen, die Sie nicht \u00fcbertreffen werden. Wir bieten eine sichere und umfassende E-Commerce-Webl\u00f6sung mit allen Extras [\/vc_column_text][vc_row_inner][vc_column_inner width=&#8221;1\/2&#8243;][\/vc_column_inner][vc_column_inner width=&#8221;1\/2&#8243;][\/vc_column_inner][\/vc_row_inner][vc_row_inner][vc_column_inner][vc_column_text]Jeder wei\u00df, dass Online-Shops ein gutes Gesch\u00e4ft sind, egal was verkauft wird. Es wird immer Menschen geben, die Ihre Produkte oder Dienstleistungen kaufen m\u00f6chten. Ein Einzelhandel ist jedoch auf seinen geografischen Ort besgrenzt. Bei einem Online-Shop ist Ihre Fantasie die einzige Grenze. Erstellen Sie mit Evolve Studio Ihre E-Commerce-Website f\u00fcr jedes Online-Gesch\u00e4ft, das Sie haben. Erstellen Sie jetzt Ihre E-Commerce-Site und nutzen Sie die verschiedene M\u00f6glichkeiten, die die Online-Marketing-Welt bietet. E-Commerce oder sonst bekannter Online-Shop erm\u00f6glicht es allen Unternehmen, Firmen und Institutionen, ihre Produkte und Dienstleistungen online zu f\u00f6rdern und zu verkuafen F\u00fcr den Online-Verkauf ist E-Commerce die richtige Wahl f\u00fcr Sie. Wenn Sie \u00fcber einen Online-Shop haben und Ihre Produkte und Dienstleistungen verkaufen m\u00f6chten, sind E-Commerce-Websites die L\u00f6sung, die Sie brauchen Wir entwicklen f\u00fcr Sie eine professionelle&#8230; <\/p>\n<p><a class=\"readmore\" href=\"https:\/\/evolve.al\/de\/sito-web-e-commerce\/\">Continue Reading<\/a><\/p>\n","protected":false},"author":1,"featured_media":0,"parent":0,"menu_order":0,"comment_status":"closed","ping_status":"closed","template":"","meta":[],"_links":{"self":[{"href":"https:\/\/evolve.al\/de\/wp-json\/wp\/v2\/pages\/9470"}],"collection":[{"href":"https:\/\/evolve.al\/de\/wp-json\/wp\/v2\/pages"}],"about":[{"href":"https:\/\/evolve.al\/de\/wp-json\/wp\/v2\/types\/page"}],"author":[{"embeddable":true,"href":"https:\/\/evolve.al\/de\/wp-json\/wp\/v2\/users\/1"}],"replies":[{"embeddable":true,"href":"https:\/\/evolve.al\/de\/wp-json\/wp\/v2\/comments?post=9470"}],"version-history":[{"count":6,"href":"https:\/\/evolve.al\/de\/wp-json\/wp\/v2\/pages\/9470\/revisions"}],"predecessor-version":[{"id":11685,"href":"https:\/\/evolve.al\/de\/wp-json\/wp\/v2\/pages\/9470\/revisions\/11685"}],"wp:attachment":[{"href":"https:\/\/evolve.al\/de\/wp-json\/wp\/v2\/media?parent=9470"}],"curies":[{"name":"wp","href":"https:\/\/api.w.org\/{rel}","templated":true}]}}