{"id":9464,"date":"2016-04-12T05:26:38","date_gmt":"2016-04-12T05:26:38","guid":{"rendered":"http:\/\/webnus.biz\/themes\/easyweb\/design\/?page_id=9464"},"modified":"2023-02-24T09:11:48","modified_gmt":"2023-02-24T08:11:48","slug":"faqe-interneti-2","status":"publish","type":"page","link":"https:\/\/evolve.al\/de\/faqe-interneti-2\/","title":{"rendered":"WEB ENTWICKLUNG"},"content":{"rendered":"<p>[vc_row row_type=&#8221;2&#8243; blox_image=&#8221;9961&#8243; page_title=&#8221;page-title-x&#8221; blox_dark=&#8221;true&#8221; row_pattern=&#8221;max-pat2&#8243;][vc_column]<hr class=\"vertical-space5\"><hr class=\"vertical-space5\"><hr class=\"vertical-space3\">[vc_column_text]<\/p>\n<h2 class=\"respo-tagline\" style=\"text-align: center; letter-spacing: 1px;\"><strong>WEB ENTWICKLUNG<br \/>\n<\/strong><\/h2>\n<p>[\/vc_column_text]<hr class=\"vertical-space5\"><hr class=\"vertical-space5\">[\/vc_column][\/vc_row][vc_row][vc_column width=&#8221;1\/4&#8243;][\/vc_column][vc_column width=&#8221;1\/2&#8243; el_class=&#8221;aligncenter&#8221;]<hr class=\"vertical-space5\"><i class=\"fa-keyboard-o\" style=\" font-size:64px; color:#d6d6d6;\"><\/i><hr class=\"vertical-space1\">[vc_column_text]<\/p>\n<h3 style=\"text-align: center;\"><strong>Entwicklung<\/strong><\/h3>\n<p style=\"text-align: center;\">Wenn die Beschr\u00e4nkungen der gepackten CMS- oder E-Commerce-L\u00f6sung der Kundenagenda im Wege stehen, bieten wir unsere kundenspezifische Webseite-Entwicklungsoption an. Wir haben umfangreiche Erfahrung in der Entwicklung von Webseites und Apps aller Art, Komplexit\u00e4t und Budgets.<\/p>\n<p>[\/vc_column_text]<hr class=\"vertical-space1\">[\/vc_column][vc_column width=&#8221;1\/4&#8243;][\/vc_column][\/vc_row][vc_row][vc_column width=&#8221;1\/4&#8243;][\/vc_column][vc_column width=&#8221;1\/2&#8243; el_class=&#8221;aligncenter&#8221;]<hr class=\"vertical-space1\"><i class=\"li_bulb\" style=\" font-size:64px; color:#d6d6d6;\"><\/i><hr class=\"vertical-space1\">[vc_column_text]<\/p>\n<h3 style=\"text-align: center;\"><strong>Unser Vorgehen<br \/>\n<\/strong><\/h3>\n<p style=\"text-align: center;\">Unser Ansatz besteht darin, zu den Grundlagen zur\u00fcckzukehren und herauszufinden, was unsere Kunden \u2013 und ihre Benutzer \u2013 tats\u00e4chlich tun m\u00fcssen. Wir bauen diese von Grund auf auf und verwenden Industriestandard-Entwicklungsrahmen, so dass sie perfekt auf Ihre Bed\u00fcrfnisse zugeschnitten und auf lange Sicht nachhaltig sind.<\/p>\n<p>[\/vc_column_text]<hr class=\"vertical-space4\">[\/vc_column][vc_column width=&#8221;1\/4&#8243;][\/vc_column][\/vc_row][vc_row row_type=&#8221;2&#8243; blox_padding_top=&#8221;70&#8243; blox_bgcolor=&#8221;#f6f8f9&#8243;][vc_column]\n\t<div class=\"max-title max-title3\">\n\t\t<h2>UNSER <strong>PROZESS<\/strong> <\/h2>\n\t<\/div><hr class=\"vertical-space2\">[\/vc_column][\/vc_row][vc_row row_type=&#8221;1&#8243;][vc_column]\n\t<div class=\"buy-process-wrap\">\n\t\t<div class=\"buy-process-items\">\n\t\t\t\t<div class=\"buy-process-item\">\n\t\t\t\t\t<div class=\"text-wrap\">\n\t\t\t\t\t\t<h4><strong>PLANUNG<\/strong><\/h4>\n\t\t\t\t\t\t<p>Wir vestehen ihre Prozesse und Bed\u00fcrfnisse und schalten wir eine Analyse- und Konzeptionsphase vor.<\/p>\n\t\t\t\t\t<\/div>\n\t\t\t\t\t<span>1<\/span>\n\t\t\t\t\t<div class=\"icon-wrapper\">\n\t\t\t\t\t\t<i class=\"fa fa-calendar\"><\/i>\n\t\t\t\t\t<\/div>\n\t\t\t\t<\/div>\n\t\t\t\t<div class=\"buy-process-item\">\n\t\t\t\t\t<div class=\"text-wrap\">\n\t\t\t\t\t\t<h4><strong>ENTWICKLUNG<\/strong><\/h4>\n\t\t\t\t\t\t<p>Wir entwickeln Content-Management-Systeme f\u00fcr Kunden, die mehr als nur die Grundlagen ben\u00f6tigen.<\/p>\n\t\t\t\t\t<\/div>\n\t\t\t\t\t<span>2<\/span>\n\t\t\t\t\t<div class=\"icon-wrapper\">\n\t\t\t\t\t\t<i class=\"fa fa-keyboard-o\"><\/i>\n\t\t\t\t\t<\/div>\n\t\t\t\t<\/div>\n\t\t\t\t<div class=\"buy-process-item featured\">\n\t\t\t\t\t<div class=\"text-wrap\">\n\t\t\t\t\t\t<h4><strong>REZENSION & TESTS<\/strong><\/h4>\n\t\t\t\t\t\t<p>Sobald die Webseite fertig ist, sollte sie \u00fcberpr\u00fcft und getestet werden, um ein fehlerfreies Arbeiten zu gew\u00e4hrleisten<\/p>\n\t\t\t\t\t<\/div>\n\t\t\t\t\t<span>3<\/span>\n\t\t\t\t\t<div class=\"icon-wrapper\">\n\t\t\t\t\t\t<i class=\"fa fa-flask\"><\/i>\n\t\t\t\t\t<\/div>\n\t\t\t\t<\/div>\n\t\t\t\t<div class=\"buy-process-item\">\n\t\t\t\t\t<div class=\"text-wrap\">\n\t\t\t\t\t\t<h4><strong>EINF\u00dcHRUNG<\/strong><\/h4>\n\t\t\t\t\t\t<p>Nach erfolgreichem Tests wird das Produkt dem Kunden zur Nutzung \u00fcbergeben<\/p>\n\t\t\t\t\t<\/div>\n\t\t\t\t\t<span>4<\/span>\n\t\t\t\t\t<div class=\"icon-wrapper\">\n\t\t\t\t\t\t<i class=\"fa fa-paper-plane\"><\/i>\n\t\t\t\t\t<\/div>\n\t\t\t\t<\/div>\n\t\t\t\t<div class=\"buy-process-item\">\n\t\t\t\t\t<div class=\"text-wrap\">\n\t\t\t\t\t\t<h4><strong>BETREEUNG<\/strong><\/h4>\n\t\t\t\t\t\t<p>Es ist ein wichtiger Schritt, der sicherstellt, dass Ihre Webseite immer effizient arbeitet<\/p>\n\t\t\t\t\t<\/div>\n\t\t\t\t\t<span>5<\/span>\n\t\t\t\t\t<div class=\"icon-wrapper\">\n\t\t\t\t\t\t<i class=\"fa fa-shield\"><\/i>\n\t\t\t\t\t<\/div>\n\t\t\t\t<\/div>\n\t\t<\/div>\n\t<\/div>[\/vc_column][\/vc_row][vc_row][vc_column]\n\t<div class=\"max-title max-title3\">\n\t\t<h2>WAS WIR <strong>ANBIETEN<\/strong>  <\/h2>\n\t<\/div>[\/vc_column][\/vc_row][vc_row][vc_column width=&#8221;1\/2&#8243;]<article class=\"icon-box7\" ><i class=\"sl-check\" style=\" color:#00c2e5;\"><\/i><h4>WEB-ERM\u00d6GLICHUNG JEDER LEGACY-ANWENDUNGEN<br \/>\n<\/h4><\/article><article class=\"icon-box7\" ><i class=\"sl-check\" style=\" color:#00c2e5;\"><\/i><h4>KUNDENSPEZIFISCHE WEB PORTAL L\u00d6SUNGEN<br \/>\n<\/h4><\/article><article class=\"icon-box7\" ><i class=\"sl-check\" style=\" color:#00c2e5;\"><\/i><h4>COMMUNITY WEB ENTWICKLUNG<br \/>\n<\/h4><\/article><article class=\"icon-box7\" ><i class=\"sl-check\" style=\" color:#00c2e5;\"><\/i><h4>CUSTOM SOZIAL NETWORK ENTWICKLUNG<br \/>\n<\/h4><\/article><article class=\"icon-box7\" ><i class=\"sl-check\" style=\" color:#00c2e5;\"><\/i><h4>E \u2013 COMMERCE - L\u00d6SUNGEN<br \/>\n<\/h4><\/article>[\/vc_column][vc_column width=&#8221;1\/2&#8243;]<article class=\"icon-box7\" ><i class=\"sl-check\" style=\" color:#00c2e5;\"><\/i><h4>INTERNET- UND INTRANET-L\u00d6SUNGEN<br \/>\n<\/h4><\/article><article class=\"icon-box7\" ><i class=\"sl-check\" style=\" color:#00c2e5;\"><\/i><h4>SPEZIFISCHE KUNDENANWENDUNGEN NACH KUNDENBEDARF<br \/>\n<\/h4><\/article><article class=\"icon-box7\" ><i class=\"sl-check\" style=\" color:#00c2e5;\"><\/i><h4>CORPORATE WEB BASIERTE L\u00d6SUNGEN<br \/>\n<\/h4><\/article><article class=\"icon-box7\" ><i class=\"sl-check\" style=\" color:#00c2e5;\"><\/i><h4>GESCH\u00c4FTSANWENDUNGEN<br \/>\n<\/h4><\/article><article class=\"icon-box7\" ><i class=\"sl-check\" style=\" color:#00c2e5;\"><\/i><h4>ZAHLUNGSPROZESSOR-INTEGRATIONEN<br \/>\n<\/h4><\/article>[\/vc_column][\/vc_row][vc_row][vc_column]\n\t<div class=\"max-title max-title3\">\n\t\t<h2>WARUM UNS <strong>W\u00c4HLEN<\/strong><\/h2>\n\t<\/div>[\/vc_column][\/vc_row][vc_row][vc_column width=&#8221;1\/2&#8243;]<article class=\"icon-box5\" ><i class=\"sl-check\" style=\" color:#00c2e5;\"><\/i><h4>Die Webseites, die wir erstellen, sind optimiert<br \/>\n<\/h4><\/article><article class=\"icon-box5\" ><i class=\"sl-check\" style=\" color:#00c2e5;\"><\/i><h4>Unsere Agile Methodologie der Entwicklung ist bewiesen und effektiv<br \/>\n<\/h4><\/article><article class=\"icon-box5\" ><i class=\"sl-check\" style=\" color:#00c2e5;\"><\/i><h4>Starker Fokus auf Gesch\u00e4ftsanforderungen und ROI<br \/>\n<\/h4><\/article><article class=\"icon-box5\" ><i class=\"sl-check\" style=\" color:#00c2e5;\"><\/i><h4>Keine Kompromisse bei der Qualit\u00e4t der Webseite<br \/>\n<\/h4><\/article><article class=\"icon-box5\" ><i class=\"sl-check\" style=\" color:#00c2e5;\"><\/i><h4>Wir reagieren schnell auf die Bed\u00fcrfnisse unserer Kunden<br \/>\n<\/h4><\/article>[\/vc_column][vc_column width=&#8221;1\/2&#8243;]<article class=\"icon-box5\" ><i class=\"sl-check\" style=\" color:#00c2e5;\"><\/i><h4>Bereitstellung von Services und L\u00f6sungen f\u00fcr Ihr Unternehmen<br \/>\n<\/h4><\/article><article class=\"icon-box5\" ><i class=\"sl-check\" style=\" color:#00c2e5;\"><\/i><h4>Keine Sorge, wir haben ein Expertenteam f\u00fcr Webentwicklung<br \/>\n<\/h4><\/article><article class=\"icon-box5\" ><i class=\"sl-check\" style=\" color:#00c2e5;\"><\/i><h4>Unsere Webentwickler sind erfahren und zertifiziert<br \/>\n<\/h4><\/article><article class=\"icon-box5\" ><i class=\"sl-check\" style=\" color:#00c2e5;\"><\/i><h4>Wir erstellen responsive Webseites, die sich automatisch an Ger\u00e4tebildschirme anpassen<br \/>\n<\/h4><\/article><article class=\"icon-box5\" ><i class=\"sl-check\" style=\" color:#00c2e5;\"><\/i><h4>Umfangreiche Projektmanagement-Erfahrung<br \/>\n<\/h4><\/article>[\/vc_column][\/vc_row][vc_row][vc_column]<hr class=\"vertical-space2\">[\/vc_column][\/vc_row][vc_row][vc_column]\n\t<div class=\"max-title max-title3\">\n\t\t<h2>UNSERE GL\u00dcCKLICHEN KUNDEN<\/h2>\n\t<\/div><hr class=\"vertical-space1\"><div class=\"aligncenter\"><hr class=\"vertical-space1\"><div class=\"col-md-12 our-clients-wrap crsl\"><ul id=\"our-clients\" class=\"our-clients crsl\"><li><img alt=\"\" src=\"https:\/\/evolve.al\/admin\/core-wp\/..\/..\/site\/resources-global\/content-data\/uploads\/dga_logo_landscape_v1.jpg\"\/><\/li><li><img alt=\"\" src=\"https:\/\/evolve.al\/admin\/core-wp\/..\/..\/site\/resources-global\/content-data\/uploads\/ardeno-mobileri-al_logo_2.jpg\"\/><\/li><li><img alt=\"\" src=\"https:\/\/evolve.al\/admin\/core-wp\/..\/..\/site\/resources-global\/content-data\/uploads\/salillari-shpk_logo.jpg\"\/><\/li><li><img alt=\"\" src=\"https:\/\/evolve.al\/admin\/core-wp\/..\/..\/site\/resources-global\/content-data\/uploads\/alb-pastrim_logo.jpg\"\/><\/li><li><img alt=\"\" src=\"https:\/\/evolve.al\/admin\/core-wp\/..\/..\/site\/resources-global\/content-data\/uploads\/supersport_logo_v1.jpg\"\/><\/li><li><img alt=\"\" src=\"https:\/\/evolve.al\/admin\/core-wp\/..\/..\/site\/resources-global\/content-data\/uploads\/dpm-gov-al_logo.jpg\"\/><\/li><li><img alt=\"\" src=\"https:\/\/evolve.al\/admin\/core-wp\/..\/..\/site\/resources-global\/content-data\/uploads\/mmsr-gov-al_logo.jpg\"\/><\/li><li><img alt=\"\" src=\"https:\/\/evolve.al\/admin\/core-wp\/..\/..\/site\/resources-global\/content-data\/uploads\/biznes-albania_logo.jpg\"\/><\/li><li><img alt=\"\" src=\"https:\/\/evolve.al\/admin\/core-wp\/..\/..\/site\/resources-global\/content-data\/uploads\/su-shefqet-ndroqi_logo.jpg\"\/><\/li><li><img alt=\"\" src=\"https:\/\/evolve.al\/admin\/core-wp\/..\/..\/site\/resources-global\/content-data\/uploads\/ekb_logo.jpg\"\/><\/li><li><img alt=\"\" src=\"https:\/\/evolve.al\/admin\/core-wp\/..\/..\/site\/resources-global\/content-data\/uploads\/leon-kons_logo.jpg\"\/><\/li><li><img alt=\"\" src=\"https:\/\/evolve.al\/admin\/core-wp\/..\/..\/site\/resources-global\/content-data\/uploads\/alushi-trans-al_logo.jpg\"\/><\/li><\/ul><\/div><hr class=\"vertical-space2\"><\/div>[\/vc_column][\/vc_row][vc_row row_type=&#8221;2&#8243; blox_height=&#8221;452&#8243; blox_image=&#8221;9705&#8243; blox_bgcolor=&#8221;#f7f7f7&#8243;][vc_column el_class=&#8221;aligncenter&#8221;]<hr class=\"vertical-space5\"><hr class=\"vertical-space1\">[vc_column_text]<\/p>\n<h1 style=\"text-align: center;\">Lass uns<br \/>\n<strong>Ihr Projekt anfangen<\/strong><\/h1>\n<p> [\/vc_column_text]<hr class=\"vertical-space1\">[vc_column_text]<\/p>\n<p class=\"slog-tx2 aligncenter\">Wir helfen Ihnen, Ihre Ziele zu erreichen und Ihr Gesch\u00e4ft aufzubauen.<\/p>\n<p>[\/vc_column_text]<hr class=\"vertical-space1\"><a href=\"http:\/\/evolve.al\/de\/request-a-quote\/\" class=\"button skyblue  medium bordered-bot \" target=\"_self\">EIN ANGEBOT ANFORDERN<\/a><hr class=\"vertical-space4\">[\/vc_column][\/vc_row][vc_row row_type=&#8221;2&#8243; blox_image=&#8221;9171&#8243; blox_cover=&#8221;false&#8221; blox_repeat=&#8221;repeat&#8221; blox_dark=&#8221;true&#8221; blox_bgcolor=&#8221;#00c2e5&#8243;][vc_column]<hr class=\"vertical-space3\">[vc_row_inner][vc_column_inner el_class=&#8221;aligncenter&#8221;][vc_column_text]<\/p>\n<h1 style=\"text-align: center;\">WAS WIR GETAN <strong>HABEN<\/strong><\/h1>\n<p style=\"text-align: center;\">Wir bauen Br\u00fccken in der Web-Technologie, um das Ziel des Kunden mit der Realit\u00e4t im Verbindung zu setzen.<\/p>\n<p>[\/vc_column_text]<a href=\"http:\/\/evolve.al\/de\/projects\/\" class=\"button white  medium bordered-bot \" target=\"_self\">SEHEN SIE UNSERE PROJEKTE AN<\/a>[\/vc_column_inner][\/vc_row_inner]<hr class=\"vertical-space2\">[\/vc_column][\/vc_row]<\/p>","protected":false},"excerpt":{"rendered":"<p>[vc_row row_type=&#8221;2&#8243; blox_image=&#8221;9961&#8243; page_title=&#8221;page-title-x&#8221; blox_dark=&#8221;true&#8221; row_pattern=&#8221;max-pat2&#8243;][vc_column][vc_column_text] WEB ENTWICKLUNG [\/vc_column_text][\/vc_column][\/vc_row][vc_row][vc_column width=&#8221;1\/4&#8243;][\/vc_column][vc_column width=&#8221;1\/2&#8243; el_class=&#8221;aligncenter&#8221;][vc_column_text] Entwicklung Wenn die Beschr\u00e4nkungen der gepackten CMS- oder E-Commerce-L\u00f6sung der Kundenagenda im Wege stehen, bieten wir unsere kundenspezifische Webseite-Entwicklungsoption an. Wir haben umfangreiche Erfahrung in der Entwicklung von Webseites und Apps aller Art, Komplexit\u00e4t und Budgets. [\/vc_column_text][\/vc_column][vc_column width=&#8221;1\/4&#8243;][\/vc_column][\/vc_row][vc_row][vc_column width=&#8221;1\/4&#8243;][\/vc_column][vc_column width=&#8221;1\/2&#8243; el_class=&#8221;aligncenter&#8221;][vc_column_text] Unser Vorgehen Unser Ansatz besteht darin, zu den Grundlagen zur\u00fcckzukehren und herauszufinden, was unsere Kunden \u2013 und ihre Benutzer \u2013 tats\u00e4chlich tun m\u00fcssen. Wir bauen diese von Grund auf auf und verwenden Industriestandard-Entwicklungsrahmen, so dass sie perfekt auf Ihre Bed\u00fcrfnisse zugeschnitten und auf lange Sicht nachhaltig sind. [\/vc_column_text][\/vc_column][vc_column width=&#8221;1\/4&#8243;][\/vc_column][\/vc_row][vc_row row_type=&#8221;2&#8243; blox_padding_top=&#8221;70&#8243; blox_bgcolor=&#8221;#f6f8f9&#8243;][vc_column][\/vc_column][\/vc_row][vc_row row_type=&#8221;1&#8243;][vc_column][\/vc_column][\/vc_row][vc_row][vc_column][\/vc_column][\/vc_row][vc_row][vc_column width=&#8221;1\/2&#8243;][\/vc_column][vc_column width=&#8221;1\/2&#8243;][\/vc_column][\/vc_row][vc_row][vc_column][\/vc_column][\/vc_row][vc_row][vc_column width=&#8221;1\/2&#8243;][\/vc_column][vc_column width=&#8221;1\/2&#8243;][\/vc_column][\/vc_row][vc_row][vc_column][\/vc_column][\/vc_row][vc_row][vc_column][\/vc_column][\/vc_row][vc_row row_type=&#8221;2&#8243; blox_height=&#8221;452&#8243; blox_image=&#8221;9705&#8243; blox_bgcolor=&#8221;#f7f7f7&#8243;][vc_column el_class=&#8221;aligncenter&#8221;][vc_column_text] Lass uns Ihr Projekt anfangen [\/vc_column_text][vc_column_text] Wir helfen Ihnen, Ihre Ziele zu erreichen und Ihr Gesch\u00e4ft aufzubauen. [\/vc_column_text][\/vc_column][\/vc_row][vc_row row_type=&#8221;2&#8243; blox_image=&#8221;9171&#8243; blox_cover=&#8221;false&#8221; blox_repeat=&#8221;repeat&#8221; blox_dark=&#8221;true&#8221; blox_bgcolor=&#8221;#00c2e5&#8243;][vc_column][vc_row_inner][vc_column_inner el_class=&#8221;aligncenter&#8221;][vc_column_text] WAS WIR GETAN HABEN Wir bauen Br\u00fccken in der Web-Technologie, um das Ziel des Kunden mit der Realit\u00e4t im Verbindung zu setzen. [\/vc_column_text][\/vc_column_inner][\/vc_row_inner][\/vc_column][\/vc_row]<\/p>\n","protected":false},"author":1,"featured_media":0,"parent":0,"menu_order":0,"comment_status":"closed","ping_status":"closed","template":"","meta":[],"_links":{"self":[{"href":"https:\/\/evolve.al\/de\/wp-json\/wp\/v2\/pages\/9464"}],"collection":[{"href":"https:\/\/evolve.al\/de\/wp-json\/wp\/v2\/pages"}],"about":[{"href":"https:\/\/evolve.al\/de\/wp-json\/wp\/v2\/types\/page"}],"author":[{"embeddable":true,"href":"https:\/\/evolve.al\/de\/wp-json\/wp\/v2\/users\/1"}],"replies":[{"embeddable":true,"href":"https:\/\/evolve.al\/de\/wp-json\/wp\/v2\/comments?post=9464"}],"version-history":[{"count":6,"href":"https:\/\/evolve.al\/de\/wp-json\/wp\/v2\/pages\/9464\/revisions"}],"predecessor-version":[{"id":11414,"href":"https:\/\/evolve.al\/de\/wp-json\/wp\/v2\/pages\/9464\/revisions\/11414"}],"wp:attachment":[{"href":"https:\/\/evolve.al\/de\/wp-json\/wp\/v2\/media?parent=9464"}],"curies":[{"name":"wp","href":"https:\/\/api.w.org\/{rel}","templated":true}]}}