{"id":9443,"date":"2016-04-11T12:37:14","date_gmt":"2016-04-11T12:37:14","guid":{"rendered":"http:\/\/webnus.biz\/themes\/easyweb\/design\/?page_id=9443"},"modified":"2019-04-10T10:29:04","modified_gmt":"2019-04-10T09:29:04","slug":"soluzioni-mobili","status":"publish","type":"page","link":"https:\/\/evolve.al\/de\/soluzioni-mobili\/","title":{"rendered":"MOBILE L\u00d6SUNGEN"},"content":{"rendered":"<p>[vc_row row_type=&#8221;3&#8243; blox_image=&#8221;9450&#8243; align_center=&#8221;aligncenter&#8221; page_title=&#8221;page-title-x&#8221; blox_dark=&#8221;true&#8221; parallax_speed=&#8221;7&#8243;][vc_column]<hr class=\"vertical-space5\"><hr class=\"vertical-space5\"><hr class=\"vertical-space3\">[vc_column_text]<\/p>\n<h2 class=\"respo-tagline\" style=\"text-align: center; letter-spacing: 1px;\"><strong>MOBILE L\u00d6SUNGEN<\/strong><\/h2>\n<p>[\/vc_column_text]<hr class=\"vertical-space5\"><hr class=\"vertical-space5\">[\/vc_column][\/vc_row][vc_row row_type=&#8221;2&#8243; page_title=&#8221;page-title-x&#8221; blox_padding_top=&#8221;50&#8243; blox_padding_bottom=&#8221;50&#8243; blox_bgcolor=&#8221;#f7f7f7&#8243;][vc_column width=&#8221;7\/12&#8243;]<hr class=\"vertical-space5\">[vc_column_text]<\/p>\n<h1><strong>App Entwicklung<\/strong><\/h1>\n<p>Ben\u00f6tigen Sie eine benutzerdefinierte, native iOS-, Android- oder Windows-App? Bevorzugen Sie eine plattform\u00fcbergreifende Responsive Web App? Ben\u00f6tigen Sie ein sicheres Backend? Wenn Sie es wollen, k\u00f6nnen wir es bauen. Wir entwickeln umfassende Smartphone-Anwendungen: Logos, Designs und Texte, um sicherzustellen, dass Sie und Ihre Nutzer voll zufrieden sind.<br \/>\nWir machen das Nutzererlebnis f\u00fcr Ihre App besser geeignet. UX ist die Content-Management-Disziplin: Wir untersuchen den Pfad der Nutzer in Ihrer App, erstellen ma\u00dfgeschneiderte Texte und teilen sie auf die beste Weise auf.<br \/>\nWir wissen, wie Sie sicherstellen k\u00f6nnen, dass Ihre App von jedem Ger\u00e4t, iOS und Android aus problemlos navigierbar ist. Evolve ist hier, um Ihnen zu helfen, Ihre App optimal zu nutzen.[\/vc_column_text]<hr class=\"vertical-space5\">[\/vc_column][vc_column width=&#8221;5\/12&#8243;][vc_single_image image=&#8221;9447&#8243; img_size=&#8221;full&#8221; alignment=&#8221;right&#8221; css_animation=&#8221;bottom-to-top&#8221;][\/vc_column][\/vc_row][vc_row][vc_column]<hr class=\"vertical-space1\">[vc_row_inner][vc_column_inner][vc_column_text] Ben\u00f6tigen Sie eine benutzerdefinierte App, iOS, Android oder Windows? Wollen Sie eine Web-App, die f\u00fcr jede Plattform geeignet ist? Ben\u00f6tigt ein sicheres Backend? Wenn Sie es brauchen, k\u00f6nnen wir es entwicklen. Wir entwickeln umfassende Smartphone-Anwendungen um die Zufriedenheit der Benutzer sicherzustellen.<\/p>\n<p>Wir von EVOLVE sind Experten f\u00fcr die Entwicklung von mobilen Apps f\u00fcr iOS und Android. Wir bieten Ihnen durchdachte Benutzerschnittstellen, \u00fcberragendes technisches Know-how \u2013 ganz gleich, ob Sie bereits genau wissen, was Sie brauchen oder ob wir Ihre Ideen gemeinsam konkretisieren.<\/p>\n<p>Wir k\u00f6nnen f\u00fcr jedes Unternehmen App entwickeln,die in allen Arten von Ger\u00e4ten einsetzbar sein. Unsere Apps laufen auf jedem Endger\u00e4t \u2013 und zwar so wie Sie es sich w\u00fcnschen.<br \/>\nEine mobile App kann ein gutes Marketinginstrument sein, da viele Menschen dazu aufgefordert sind das Gesch\u00e4ft zu sehen und sich mit ihnen vertraut zu machen. Dadurch entsteht sogar ein neuer Weg, um n\u00e4her am Kunden zu sein.<br \/>\nWir entwickeln mobile Anwendungen, die den st\u00e4ndig wachsenden Marktanforderungen entsprechen. Aufgrund der Tatsache, dass die mobile Industrie ein starkes Wachstum erlebt hat, hat die Entwicklung mobiler Anwendungen eine grosse Anforderungen. Heutzutage sind sich alle Unternehmen bewusst, der St\u00e4rke und Wichtigkeit der Mobile Anwendungen als Br\u00fccke zu bauen und mit all ihren Kunden zu interagieren.<\/p>\n<p>Wir von EVOLVE mit unserem Expertenteam bieten Ihnen die beste Erfahrung f\u00fcr Benutzer, Anwendungen und h\u00f6chste Leistung. Dank ihres Know-How beim Erstellen von Anwendungen kann unser professionelles Team gro\u00dfartige mobile Anwendungen entwickeln, um beeindruckende Leistung auf allen Ger\u00e4ten zu erzielen. Durch die Nutzung aller Funktionen der Plattform schaffen wir au\u00dfergew\u00f6hnlichste, zuverl\u00e4ssigste und wertvollste mobile Erlebnisse. Wir befolgen die bew\u00e4hrten Methoden der Branche, um mobile Anwendungen zu entwickeln. Evolve verf\u00fcgt \u00fcber langj\u00e4hrige Erfahrung im Design und in der Entwicklung mobiler Anwendungen und kann alle unterschiedlichen Anforderungen von Unternehmen aller Art erf\u00fcllen, die Dienstleistungen und Produkte anbieten.<\/p>\n<p>Die Entwicklung mobiler Anwendungen ist in der digitalen Welt, in der wir leben, eine Notwendigkeit. Jedes Unternehmen ben\u00f6tigt den Bau mobiler Anwendungen, da es die Kontaktaufnahme mit Kunden \u00fcberall und zu jeder Zeit erleichtert. Das Erstellen mobiler Anwendungen f\u00fcr ein beliebiges System bietet die M\u00f6glichkeit, die Ertr\u00e4ge Ihres Unternehmens, unabh\u00e4ngig von Ihrem Produkt oder Ihrer Dienstleistung zu steigern. Mobile Anwendungsentwicklung bringt Sie n\u00e4her an Ihren Kundenservice und erh\u00f6ht die Anzahl neuer Kunden, die sich mit den von Ihnen angebotenen Produkten oder Dienstleistungen schneller und sicherer kennen lernen k\u00f6nnen.<\/p>\n<p>Mobile Anwendungen als heutzutage sehr einfache und wichtige Gesch\u00e4ftsl\u00f6sung haben eine wachsende Nachfrage nach dem Bau verschiedener mobiler Apps gebracht. Jede Unternehmer bruach ein App. Dies bietet uns die M\u00f6glichkeit, die vielf\u00e4ltigen Anforderungen vieler Unternehmen zu erf\u00fcllen.<br \/>\nMobile Anwendungen sind heute zu einem wichtigen Element in der Gesamtvermarktung der verschiedenen Branchen geworden. Mit der heutigen Dynamik der Welt, suchen die Menschen neue M\u00f6glichkeiten, um schnell und sicher auf Informationen zuzugreifen. Dieser Wunsch nach schnellen und vielseitigen Informationen f\u00fchrte zu einer steigenden Nachfrage nach der Entwicklung mobiler Anwendungen, die von Unternehmen am h\u00e4ufigsten genutzt werden, um den direkten Standort ihrer Kunden von \u00fcberall her zu erreichen. Mobile Anwendungen helfen Unternehmen nicht nur, bestehende Kunden in Kontakt zu halten, sondern helfen auch, neue Kunden zu gewinnen. Mobile Anwendungen sind die innovativste L\u00f6sung f\u00fcr Ihr Unternehmen.<\/p>\n<p>Die Entwicklung mobiler Anwendungen mit Evolve Studio ist die F\u00e4higkeit, schnelle und sichere mobile Apps f\u00fcr Mobiltelefone zu haben, die der Pr\u00e4zision Ihres Unternehmens entsprechen.<br \/>\nApp Mobile-Entwicklung ist ein einfacher Weg f\u00fcr alle Unternehmer die immer mehr Kunden erreichen m\u00f6chten. Wir entwickeln die passende mobile App f\u00fcr Ihre Unternehmensanforderungen und helfen Ihnen, immer dort zu sein, wo Ihre Kunden sind.<\/p>\n<p>Die Entwicklung einer mobilen App hilft Ihr Unternehmen, so nah am Kunden zu sein, aber auch den Kunden, Ihren Service immer dann zu finden, wenn er ihn ben\u00f6tigt.<br \/>\nDer Bau mobiler Anwendungen mit Evolve Studio bietet die M\u00f6glichkeit einer schnellen mobilen App Engine, die sicher ist und die Erwartungen jeder Art von Gesch\u00e4ft erf\u00fcllt, die Sie haben.<\/p>\n<p>Das Erstellen mobiler Anwendungen ist heute eine sehr effektive L\u00f6sung f\u00fcr Unternehmen und Kunden, um mehr miteinander zu verbinden.<\/p>\n<p>Mobile Anwendungen sind in die Unternehmensabl\u00e4ufe fest integriert.<br \/>\nSie verk\u00fcrzen Kommunikationswege, erh\u00f6hen die Produktivit\u00e4t oder repr\u00e4sentieren das Unternehmen nach au\u00dfen.<br \/>\nVoraussetzung f\u00fcr eine gute Unternehmens-App ist die durchdachte Planung und Finanzierung vor der eigentlichen App Entwicklung.<\/p>\n<p>Eine App bestimmt, wie man mit den Kunden kommuniziert und das kann eine entscheidende Rolle f\u00fcr die Brand spielen. Eine App kann die Individualit\u00e4t herausstellen, die \u00dcberlegenheit der eigenen Kunden betonen und zum Kaufen animieren, indem man das Erwerben Ihres Produktes als Leistung belohnt.<\/p>\n<p>Die Marketingstrategien Ihres Unternehmens m\u00fcssen sich in der App wiederspiegeln.<\/p>\n<p>Unser Team-Support hilft Ihnen bei der Entwicklung von Anwendungen, die Sie ben\u00f6tigen. Wir sind hier, um Ihr Unternehmen bei der Entwicklung von Anwendungen zu unterst\u00fctzen und auf dem Markt wettbewerbsf\u00e4hig zu sein. Obwohl die Anforderungen f\u00fcr das Erstellen von Anwendungen von Unternehmen zu Unternehmen erheblich variieren k\u00f6nnen, stellen wir sicher, dass Ihre Anforderungen rechtzeitig erf\u00fcllt werden, um die Benutzererfahrung zu erf\u00fcllen.[\/vc_column_text][\/vc_column_inner][\/vc_row_inner][\/vc_column][\/vc_row][vc_row][vc_column]<hr class=\"vertical-space2\">\n\t<div class=\"max-title max-title3\">\n\t\t<h2>UNSERE <strong>DIENSTLEISTUNGEN<\/strong> <\/h2>\n\t<\/div>[\/vc_column][\/vc_row][vc_row][vc_column width=&#8221;1\/3&#8243;]<hr class=\"vertical-space3\"><article class=\"icon-box8\" ><i class=\"sl-screen-tablet\" style=\"\"><\/i><h4>Entwicklung mobiler Apps<br \/>\n<\/h4><p>Wir helfen Ihnen, eine nahtlose Umgebung f\u00fcr Ihre Webanwendungen auf Handheld-Ger\u00e4ten mit Responsive Design, HTML5 und CSS3 zu erstellen.<\/p><\/article><hr class=\"vertical-space1\">[\/vc_column][vc_column width=&#8221;1\/3&#8243;]<hr class=\"vertical-space3\"><article class=\"icon-box8\" ><i class=\"sl-globe-alt\" style=\"\"><\/i><h4>Mobile Webseites Dienstleistungen<br \/>\n<\/h4><p>Als Full-Service-Agentur bieten wir eine Reihe von mobilen Web-Dienstleistungen an. Dazu geh\u00f6ren Mobile Design, Strategie und Anwendungsentwicklung.<\/p>\n<\/article><hr class=\"vertical-space1\">[\/vc_column][vc_column width=&#8221;1\/3&#8243;]<hr class=\"vertical-space3\"><article class=\"icon-box8\" ><i class=\"sl-note\" style=\"\"><\/i><h4>SMS Marketing<\/h4><p>Mit unserer Enterprise SMS Marketing-Plattform, die speziell f\u00fcr Ihr Unternehmen entwickelt wurde, k\u00f6nnen Marketingexperten sofort kommunizieren und Kunden von unterwegs ansprechen.<\/p>\n<\/article><hr class=\"vertical-space1\">[\/vc_column][\/vc_row][vc_row][vc_column]<hr>[\/vc_column][\/vc_row][vc_row][vc_column width=&#8221;1\/2&#8243;]<hr class=\"vertical-space3\">[vc_single_image image=&#8221;9446&#8243; img_size=&#8221;full&#8221; alignment=&#8221;center&#8221;]<hr class=\"vertical-space2\">[\/vc_column][vc_column width=&#8221;1\/2&#8243;]<hr class=\"vertical-space5\">[vc_column_text]<\/p>\n<h3>Unsere mobilen Dienste<\/h3>\n<p>&nbsp;<\/p>\n<ul class=\"check\">\n<li>Entwicklung mobiler Apps<\/li>\n<li>Mobile Webseites<\/li>\n<li>Mobile Suchkampagnen<\/li>\n<li>Mobile Commerce<\/li>\n<li>2D-Barcodes \/ QR-Codes<\/li>\n<li>SMS Marketing<\/li>\n<li>Mobile Marketing-Display-Kampagnen<\/li>\n<\/ul>\n<p>[\/vc_column_text]<hr class=\"vertical-space2\">[\/vc_column][\/vc_row][vc_row][vc_column]\n\t<div class=\"max-title max-title3\">\n\t\t<h2>UNSERE GL\u00dcCKLICHEN KUNDEN<\/h2>\n\t<\/div><hr class=\"vertical-space1\"><div class=\"aligncenter\"><hr class=\"vertical-space1\"><div class=\"col-md-12 our-clients-wrap crsl\"><ul id=\"our-clients\" class=\"our-clients crsl\"><li><img alt=\"\" src=\"https:\/\/evolve.al\/admin\/core-wp\/..\/..\/site\/resources-global\/content-data\/uploads\/dga_logo_landscape_v1.jpg\"\/><\/li><li><img alt=\"\" src=\"https:\/\/evolve.al\/admin\/core-wp\/..\/..\/site\/resources-global\/content-data\/uploads\/ardeno-mobileri-al_logo_2.jpg\"\/><\/li><li><img alt=\"\" src=\"https:\/\/evolve.al\/admin\/core-wp\/..\/..\/site\/resources-global\/content-data\/uploads\/salillari-shpk_logo.jpg\"\/><\/li><li><img alt=\"\" src=\"https:\/\/evolve.al\/admin\/core-wp\/..\/..\/site\/resources-global\/content-data\/uploads\/alb-pastrim_logo.jpg\"\/><\/li><li><img alt=\"\" src=\"https:\/\/evolve.al\/admin\/core-wp\/..\/..\/site\/resources-global\/content-data\/uploads\/supersport_logo_v1.jpg\"\/><\/li><li><img alt=\"\" src=\"https:\/\/evolve.al\/admin\/core-wp\/..\/..\/site\/resources-global\/content-data\/uploads\/dpm-gov-al_logo.jpg\"\/><\/li><li><img alt=\"\" src=\"https:\/\/evolve.al\/admin\/core-wp\/..\/..\/site\/resources-global\/content-data\/uploads\/mmsr-gov-al_logo.jpg\"\/><\/li><li><img alt=\"\" src=\"https:\/\/evolve.al\/admin\/core-wp\/..\/..\/site\/resources-global\/content-data\/uploads\/biznes-albania_logo.jpg\"\/><\/li><li><img alt=\"\" src=\"https:\/\/evolve.al\/admin\/core-wp\/..\/..\/site\/resources-global\/content-data\/uploads\/su-shefqet-ndroqi_logo.jpg\"\/><\/li><li><img alt=\"\" src=\"https:\/\/evolve.al\/admin\/core-wp\/..\/..\/site\/resources-global\/content-data\/uploads\/ekb_logo.jpg\"\/><\/li><li><img alt=\"\" src=\"https:\/\/evolve.al\/admin\/core-wp\/..\/..\/site\/resources-global\/content-data\/uploads\/leon-kons_logo.jpg\"\/><\/li><li><img alt=\"\" src=\"https:\/\/evolve.al\/admin\/core-wp\/..\/..\/site\/resources-global\/content-data\/uploads\/alushi-trans-al_logo.jpg\"\/><\/li><\/ul><\/div><hr class=\"vertical-space2\"><\/div>[\/vc_column][\/vc_row][vc_row row_type=&#8221;2&#8243; blox_height=&#8221;452&#8243; blox_image=&#8221;9705&#8243; blox_bgcolor=&#8221;#f7f7f7&#8243;][vc_column el_class=&#8221;aligncenter&#8221;]<hr class=\"vertical-space5\"><hr class=\"vertical-space1\">[vc_column_text]<\/p>\n<h1 style=\"text-align: center;\">Lass uns anfangen<br \/>\n<strong>Ihr Projekt<\/strong><\/h1>\n<p>[\/vc_column_text]<hr class=\"vertical-space1\">[vc_column_text]<\/p>\n<p class=\"slog-tx2 aligncenter\">Wir helfen Ihnen, Ihre Ziele zu erreichen und Ihr Gesch\u00e4ft aufzubauen.<\/p>\n<p>[\/vc_column_text]<hr class=\"vertical-space1\"><a href=\"http:\/\/evolve.al\/de\/request-a-quote\/\" class=\"button skyblue  medium bordered-bot \" target=\"_self\">EIN ANGEBOT ANFORDERN<\/a><hr class=\"vertical-space4\">[\/vc_column][\/vc_row][vc_row row_type=&#8221;2&#8243; blox_image=&#8221;9171&#8243; blox_cover=&#8221;false&#8221; blox_repeat=&#8221;repeat&#8221; blox_dark=&#8221;true&#8221; blox_bgcolor=&#8221;#00c2e5&#8243;][vc_column]<hr class=\"vertical-space3\">[vc_row_inner][vc_column_inner el_class=&#8221;aligncenter&#8221;][vc_column_text]<\/p>\n<h1 style=\"text-align: center;\">WAS WIR GETAN <strong>HABEN<\/strong><\/h1>\n<p style=\"text-align: center;\">Wir bauen Br\u00fccken in der Web-Technologie, um das Ziel des Kunden mit der Realit\u00e4t im Verbindung zu setzen.<\/p>\n<p>[\/vc_column_text]<a href=\"http:\/\/evolve.al\/de\/projects\/\" class=\"button white  medium bordered-bot \" target=\"_self\">SEHEN SIE UNSERE PROJEKTE AN<\/a>[\/vc_column_inner][\/vc_row_inner]<hr class=\"vertical-space2\">[\/vc_column][\/vc_row]<\/p>","protected":false},"excerpt":{"rendered":"<p>[vc_row row_type=&#8221;3&#8243; blox_image=&#8221;9450&#8243; align_center=&#8221;aligncenter&#8221; page_title=&#8221;page-title-x&#8221; blox_dark=&#8221;true&#8221; parallax_speed=&#8221;7&#8243;][vc_column][vc_column_text] MOBILE L\u00d6SUNGEN [\/vc_column_text][\/vc_column][\/vc_row][vc_row row_type=&#8221;2&#8243; page_title=&#8221;page-title-x&#8221; blox_padding_top=&#8221;50&#8243; blox_padding_bottom=&#8221;50&#8243; blox_bgcolor=&#8221;#f7f7f7&#8243;][vc_column width=&#8221;7\/12&#8243;][vc_column_text] App Entwicklung Ben\u00f6tigen Sie eine benutzerdefinierte, native iOS-, Android- oder Windows-App? Bevorzugen Sie eine plattform\u00fcbergreifende Responsive Web App? Ben\u00f6tigen Sie ein sicheres Backend? Wenn Sie es wollen, k\u00f6nnen wir es bauen. Wir entwickeln umfassende Smartphone-Anwendungen: Logos, Designs und Texte, um sicherzustellen, dass Sie und Ihre Nutzer voll zufrieden sind. Wir machen das Nutzererlebnis f\u00fcr Ihre App besser geeignet. UX ist die Content-Management-Disziplin: Wir untersuchen den Pfad der Nutzer in Ihrer App, erstellen ma\u00dfgeschneiderte Texte und teilen sie auf die beste Weise auf. Wir wissen, wie Sie sicherstellen k\u00f6nnen, dass Ihre App von jedem Ger\u00e4t, iOS und Android aus problemlos navigierbar ist. Evolve ist hier, um Ihnen zu helfen, Ihre App optimal zu nutzen.[\/vc_column_text][\/vc_column][vc_column width=&#8221;5\/12&#8243;][vc_single_image image=&#8221;9447&#8243; img_size=&#8221;full&#8221; alignment=&#8221;right&#8221; css_animation=&#8221;bottom-to-top&#8221;][\/vc_column][\/vc_row][vc_row][vc_column][vc_row_inner][vc_column_inner][vc_column_text] Ben\u00f6tigen Sie eine benutzerdefinierte App, iOS, Android oder Windows? Wollen Sie eine Web-App, die f\u00fcr jede Plattform geeignet ist? Ben\u00f6tigt ein sicheres Backend? Wenn Sie es brauchen, k\u00f6nnen wir es entwicklen. Wir entwickeln umfassende Smartphone-Anwendungen um die Zufriedenheit der Benutzer sicherzustellen. Wir von EVOLVE sind Experten f\u00fcr die Entwicklung von mobilen Apps f\u00fcr iOS und Android. Wir bieten Ihnen durchdachte Benutzerschnittstellen, \u00fcberragendes technisches Know-how \u2013 ganz gleich, ob Sie bereits genau wissen, was Sie brauchen oder ob wir Ihre Ideen gemeinsam konkretisieren. Wir k\u00f6nnen f\u00fcr jedes Unternehmen App entwickeln,die in allen Arten von Ger\u00e4ten einsetzbar sein. Unsere Apps laufen auf jedem Endger\u00e4t \u2013 und zwar so wie Sie es sich w\u00fcnschen. Eine mobile App kann ein gutes Marketinginstrument sein, da viele Menschen dazu aufgefordert sind das Gesch\u00e4ft zu sehen und sich mit ihnen vertraut zu machen. Dadurch entsteht sogar ein neuer Weg, um n\u00e4her am Kunden zu sein. Wir entwickeln mobile Anwendungen, die den st\u00e4ndig wachsenden Marktanforderungen entsprechen. Aufgrund der Tatsache, dass die mobile Industrie ein&#8230; <\/p>\n<p><a class=\"readmore\" href=\"https:\/\/evolve.al\/de\/soluzioni-mobili\/\">Continue Reading<\/a><\/p>\n","protected":false},"author":1,"featured_media":0,"parent":0,"menu_order":0,"comment_status":"closed","ping_status":"closed","template":"","meta":[],"_links":{"self":[{"href":"https:\/\/evolve.al\/de\/wp-json\/wp\/v2\/pages\/9443"}],"collection":[{"href":"https:\/\/evolve.al\/de\/wp-json\/wp\/v2\/pages"}],"about":[{"href":"https:\/\/evolve.al\/de\/wp-json\/wp\/v2\/types\/page"}],"author":[{"embeddable":true,"href":"https:\/\/evolve.al\/de\/wp-json\/wp\/v2\/users\/1"}],"replies":[{"embeddable":true,"href":"https:\/\/evolve.al\/de\/wp-json\/wp\/v2\/comments?post=9443"}],"version-history":[{"count":6,"href":"https:\/\/evolve.al\/de\/wp-json\/wp\/v2\/pages\/9443\/revisions"}],"predecessor-version":[{"id":11196,"href":"https:\/\/evolve.al\/de\/wp-json\/wp\/v2\/pages\/9443\/revisions\/11196"}],"wp:attachment":[{"href":"https:\/\/evolve.al\/de\/wp-json\/wp\/v2\/media?parent=9443"}],"curies":[{"name":"wp","href":"https:\/\/api.w.org\/{rel}","templated":true}]}}