{"id":9433,"date":"2016-04-11T10:23:08","date_gmt":"2016-04-11T10:23:08","guid":{"rendered":"http:\/\/webnus.biz\/themes\/easyweb\/design\/?page_id=9433"},"modified":"2023-04-14T14:00:17","modified_gmt":"2023-04-14T13:00:17","slug":"wordpress-website","status":"publish","type":"page","link":"https:\/\/evolve.al\/de\/wordpress-website\/","title":{"rendered":"WORDPRESS WEBSEITE"},"content":{"rendered":"<p>[vc_row row_type=&#8221;3&#8243; blox_image=&#8221;9467&#8243; align_center=&#8221;aligncenter&#8221; page_title=&#8221;page-title-x&#8221; blox_dark=&#8221;true&#8221; blox_class=&#8221;breadcrumb&#8221; parallax_speed=&#8221;7&#8243;][vc_column]<hr class=\"vertical-space5\">[vc_column_text]<\/p>\n<h2 class=\"respo-tagline\" style=\"text-align: center; letter-spacing: 1px;\"><strong>WORDPRESS WEBSEITE<\/strong><\/h2>\n<p>[\/vc_column_text]<hr class=\"vertical-space5\">[\/vc_column][\/vc_row][vc_row][vc_column width=&#8221;1\/4&#8243;][\/vc_column][vc_column width=&#8221;1\/2&#8243; el_class=&#8221;aligncenter&#8221;]<hr class=\"vertical-space5\"><i class=\"fa-wordpress\" style=\" font-size:64px; color:#d6d6d6;\"><\/i><hr class=\"vertical-space1\">[vc_column_text]<\/p>\n<h3 style=\"text-align: center;\"><strong>Warum WordPress?<\/strong><\/h3>\n<p style=\"text-align: center;\">Ein CMS oder Content-Management-System ist ein Tool, mit dem Sie den Inhalt Ihrer Webseite unabh\u00e4ngig verwalten k\u00f6nnen. WordPress ist flexibel, hochgradig anpassbar, super benutzerfreundlich und ein gro\u00dfartiges Content-Management-System (CMS). Sie k\u00f6nnen es f\u00fcr Blogs, kleine Business-Webseites und sogar E-Commerce verwenden.<br \/>\nWir haben hochqualifizierte Entwickler, die Ihre Webseite auf den neuesten Stand bringen und die von Ihnen gew\u00fcnschte individuelle Touch hinzuf\u00fcgen k\u00f6nnen.<\/p>\n<p>[\/vc_column_text]<hr class=\"vertical-space4\">[\/vc_column][vc_column width=&#8221;1\/4&#8243;][\/vc_column][\/vc_row][vc_row row_type=&#8221;2&#8243; blox_padding_top=&#8221;70&#8243; blox_bgcolor=&#8221;#f6f8f9&#8243;][vc_column][vc_row_inner][vc_column_inner][vc_column_text]Warum mussen wir WordPress verwenden? Warum sollten wir unsere Website mit WordPress erstellen? Im Folgenden sind einige Gr\u00fcnde, warum WordPress ganz interessant ist :<\/p>\n<p><strong>WordPress ist kostenlos<\/strong><\/p>\n<p>Es spielt keine Rolle, ob Sie ein Blogger sind, der gerade erst anf\u00e4ngt oder ein Unternehmen , der ein flexibles Website ben\u00f6tigt. WordPress eignet sich f\u00fcr jede Art von kleinen, gr\u00f6sseren oder sehr umfangreichen Websites. WordPress hat sich immer wieder als das vertrauensw\u00fcrdigste Content Management System (CMS) erwiesen. Sie m\u00fcssen sich nie um versteckte Geb\u00fchren sorgen, auch wenn die Popularit\u00e4t Ihrer Website hinaus steigt.<br \/>\nWordPress steht Ihnen immer frei zur Verf\u00fcgung.<\/p>\n<p>Am wichtigsten ist, dass WordPress Open Source ist. Sie k\u00f6nnen Ihren Code jederzeit \u00e4ndern, ohne einen einzigen Cent daf\u00fcr ausgeben zu m\u00fcssen. Sie k\u00f6nnen auch \u00c4nderungen an Ihrer WordPress-Website vornehmen, ohne die Programmierung zu kennen. Das ist vielleicht das wichtigste Vorteil an WordPress.<\/p>\n<p><strong>Spart Geld<\/strong><\/p>\n<p>Bei der Auswahl einer Plattform sind die Kosten immer zu hoch. WordPress ist eine kostenlose Open-Source-Software. Sie finden eine Menge Quellen, wenn Sie bei der Verwaltung und Personalisierung Ihrer Website Hilfe ben\u00f6tigen. Hinzu kommt eine Vielzahl an kostenlosen Themes und Plugins.Gl\u00fccklicherweise ist WordPress eine freie Software. Dies ist jedoch nicht der einzige Bereich, in dem Sie Geld sparen. Da WordPress Open Source und benutzerfreundlich ist, m\u00fcssen Sie keine Webdesigner oder -techniker einstellen, um Ihre WordPress-Site zu starten.<\/p>\n<p><strong>Flexibel<\/strong><\/p>\n<p>Eine der am meisten nachgefragten Funktionen in einem Content Management System (CMS) ist die Flexibilit\u00e4t, die WordPress bietet. Egal, wof\u00fcr Sie WordPress verwenden &#8211; ob als pers\u00f6nliches Blog oder auf einer beliebten E-Commerce-Site &#8211; WordPress ist vielseitig genug, um alle Ihre Anforderungen durch umfangreiche Funktionen und Erweiterungen zu erf\u00fcllen.<\/p>\n<p><strong>WordPress ist freundlich zu SEO (Search Engine Optimization)<\/strong><\/p>\n<p>WordPress ist, in verglich mit anderen Content Management Systemen, schon immer sehr SEO-freundlich.<br \/>\nJe mehr Keywords Sie eingeben, desto besser wird Ihre Website in den Suchergebnissen eingestuft. Die gute Nachricht ist, dass WordPress alle SEO-Verantwortlichkeiten \u00fcbernimmt, die ein CMS erf\u00fcllen muss. Besser noch, es gibt verschiedene SEO-Plug-Ins, die dazu beitragen k\u00f6nnen, die Sichtbarkeit in den Suchmaschinen Ihrer Website zu verbessern.<\/p>\n<p><strong>Einfach zu verwenden<\/strong><\/p>\n<p>WordPress w\u00e4chst schnell und einer der Hauptgr\u00fcnde ist, dass es einfach zu verwenden ist..WordPress ist das benutzerfreundlichste Content Management System am Markt. Mit wenigen Klicks ist der WP einsatzbereit. Es gibt vorinstallierte Designs und Plugins f\u00fcr das Schreiben und Ver\u00f6ffentlichen von Artikeln, die Benutzerverwaltung, Kommentare, RSS-Feeds, Rezensionen und vieles mehr. Nach der Installation k\u00f6nnen Sie mit dem Erstellen und Ver\u00f6ffentlichen von Blogs und Seiten beginnen und personalisierte Einstellungen vornehmen, ohne programmieren zu m\u00fcssen. Die Benutzerf\u00fchrung ist intuitiv und auch f\u00fcr Laien verst\u00e4ndlich. Designs k\u00f6nnen ohne Programmierkenntnisse individuell eingebaut werden. Features werden bequem mit Plugins nachger\u00fcstet.<\/p>\n<p><strong>Es verbessert sich<\/strong><\/p>\n<p>Als gr\u00f6\u00dfte und effektivste Community w\u00e4chst WordPress Tag f\u00fcr Tag, um seine Benutzeroberfl\u00e4che und Funktionen zu verbessern. Im Laufe der Zeit verbessert WordPress sein System jedes Mal mit der neuesten Version.<br \/>\nZus\u00e4tzlich zu Blogs haben Websites, die \u00fcber WordPress erstellt wurden, stark zugenommen, und in naher Zukunft k\u00f6nnen wir verschiedene Verbesserungen sehen, wie zum Beispiel:<br \/>\nDie optimale Funktion von SEO, eine gro\u00dfe Anzahl von WordPress-Benutzern, ein erweitertes und anpassbares Bedienfeld und vieles mehr. WordPress ist wahrscheinlich das beste CMS f\u00fcr Ihre zuk\u00fcnftige Business-Website.<\/p>\n<p><strong>WordPress ist ziemlich sicher<\/strong><\/p>\n<p>WordPress hat einen hohen Sicherheitsstandard. Da jedoch versuchen Hackers st\u00e4ndig, Zugang zu WordPress zu finden, auf die darauf aufgebauten Websites zuzugreifen. Aber keine Sorge: Regelm\u00e4\u00dfige Updates von WordPress sch\u00fctzen Sie stark vor diesen Angriffen. Die regelm\u00e4\u00dfige Aktualisierung Ihrer WordPress-Version ist sehr effektiv, um diese Sicherheitsanf\u00e4lligkeit zu beheben.<br \/>\n<strong><br \/>\nAnpassbare<\/strong><\/p>\n<p>Die Vielseitigkeit von WordPress wird vor allem durch tausende Themes und Plugins erm\u00f6glicht, welche die Leistung eurer Webseite erweitern. Aufgrund der endlosen Anzahl von Funktionen, die WordPress bietet, k\u00f6nnen Sie au\u00dferdem die Website oder das Blog erstellen, die Sie schon immer gew\u00fcnscht haben. Es gibt jede Menge von professionell gestalteten Themes f\u00fcr WordPress, kostenlose und kostenpflichtige, und es gibt passende Themes f\u00fcr so ziemlich jede Art von Webseite.<\/p>\n<p><strong>Mobile-Freundlich<\/strong><\/p>\n<p>Es ist wichtiger denn je, dass eine Website f\u00fcr Smartphones und Tablets mobilfreundlich ist. Bei WordPress m\u00fcssen Sie sich jedoch nicht darum k\u00fcmmern. Dank der vielen ansprechbaren Themen ist es bereits mobil.<\/p>\n<p><strong>Integration<\/strong><\/p>\n<p>WordPress kann in einige der leistungsf\u00e4higsten Plattformen integriert werden, die Ihrem Unternehmen zus\u00e4tzlichen stark machen. M\u00fcssen Sie eine E-Mail-Kampagne starten? Sie k\u00f6nnen einen Dienst wie Aweber oder MailChimp verwenden. M\u00f6chten Sie f\u00fcr ein Produkt oder eine Dienstleistung bezahlt werden? WordPress kann mit einigen der weltweit beliebtesten Zahlungsdienstanbieter zusammenarbeiten.<\/p>\n<p><strong>Stellt eine Gemeinschaft her<\/strong><\/p>\n<p>Ob Sie Ihre Blogbeitr\u00e4ge in sozialen Netzwerken teilen oder mit den Besuchern im Kommentarbereich kommunizieren, WordPress verf\u00fcgt \u00fcber die Funktionen und Plug-ins, um die Einrichtung einer Community bequem und einfach zu gestalten.<br \/>\nWordPress h\u00e4lt Ihre Website frisch<br \/>\nUnabh\u00e4ngig davon, ob Sie Ihr Thema aktualisieren m\u00fcssen, weil Sie es zu lange hatten es gibt Tausende von kostenlosen Themen zur Auswahl. Auf diese Weise erhalten Sie das Aussehen Ihrer WordPress-Site f\u00fcr Ihre Kunden frisch.<\/p>\n<p><strong>Universalit\u00e4t<\/strong><\/p>\n<p>WordPress bietet eine universelle Plattform. Das WordPress-Dashboard sieht immer gleich aus, egal f\u00fcr was Sie WordPress verwenden. Sie m\u00fcssen keine Experten einstellen oder zu viel Zeit damit verbringen, herauszufinden, wie Sie WordPress verwenden. Dank unserer Unterst\u00fctzung brauchen Sie das nicht einmal, da wir \u00fcber die richtige Erfahrung verf\u00fcgen, um WordPress optimal nutzen zu k\u00f6nnen.[\/vc_column_text][\/vc_column_inner][\/vc_row_inner]\n\t<div class=\"max-title max-title3\">\n\t\t<h2>UNSER <strong>PROZESS<\/strong><\/h2>\n\t<\/div><hr class=\"vertical-space2\">[\/vc_column][\/vc_row][vc_row row_type=&#8221;1&#8243;][vc_column]\n\t<div class=\"buy-process-wrap\">\n\t\t<div class=\"buy-process-items\">\n\t\t\t\t<div class=\"buy-process-item\">\n\t\t\t\t\t<div class=\"text-wrap\">\n\t\t\t\t\t\t<h4>THEMEN <strong>INSTALLATION<\/strong>  <\/h4>\n\t\t\t\t\t\t<p>THEMEN INSTALLATIONWir installieren jedes kostenlose oder Premium-WordPress-Theme und lassen es wie einen der Demos aussehen.<\/p>\n\t\t\t\t\t<\/div>\n\t\t\t\t\t<span>1<\/span>\n\t\t\t\t\t<div class=\"icon-wrapper\">\n\t\t\t\t\t\t<i class=\"fa fa-download\"><\/i>\n\t\t\t\t\t<\/div>\n\t\t\t\t<\/div>\n\t\t\t\t<div class=\"buy-process-item\">\n\t\t\t\t\t<div class=\"text-wrap\">\n\t\t\t\t\t\t<h4>PREMIUM<strong>PLUG-INS<\/strong><\/h4>\n\t\t\t\t\t\t<p>Wir installieren Plug-Ins f\u00fcr Sie, egal welches Paket Sie w\u00e4hlen.<\/p>\n\t\t\t\t\t<\/div>\n\t\t\t\t\t<span>2<\/span>\n\t\t\t\t\t<div class=\"icon-wrapper\">\n\t\t\t\t\t\t<i class=\"fa fa-plug\"><\/i>\n\t\t\t\t\t<\/div>\n\t\t\t\t<\/div>\n\t\t\t\t<div class=\"buy-process-item featured\">\n\t\t\t\t\t<div class=\"text-wrap\">\n\t\t\t\t\t\t<h4>THEMA <strong>ANPASSUNG<\/strong> <\/h4>\n\t\t\t\t\t\t<p>EvolveStudio bietet eine breite Palette von WordPress-Theme- und Template-Anpassungsdiensten.<\/p>\n\t\t\t\t\t<\/div>\n\t\t\t\t\t<span>3<\/span>\n\t\t\t\t\t<div class=\"icon-wrapper\">\n\t\t\t\t\t\t<i class=\"fa fa-cogs\"><\/i>\n\t\t\t\t\t<\/div>\n\t\t\t\t<\/div>\n\t\t\t\t<div class=\"buy-process-item\">\n\t\t\t\t\t<div class=\"text-wrap\">\n\t\t\t\t\t\t<h4><strong>INHALTSENTWICKLUNG<\/strong><\/h4>\n\t\t\t\t\t\t<p>Wir entwickeln einzigartige Inhalte f\u00fcr Ihre Webseite und Ihren Blog, um sicherzustellen, dass Sie Ihrer Konkurrenz immer einen Schritt voraus sind.<\/p>\n\t\t\t\t\t<\/div>\n\t\t\t\t\t<span>4<\/span>\n\t\t\t\t\t<div class=\"icon-wrapper\">\n\t\t\t\t\t\t<i class=\"fa fa-file-text\"><\/i>\n\t\t\t\t\t<\/div>\n\t\t\t\t<\/div>\n\t\t\t\t<div class=\"buy-process-item\">\n\t\t\t\t\t<div class=\"text-wrap\">\n\t\t\t\t\t\t<h4><strong>SEO<\/strong><\/h4>\n\t\t\t\t\t\t<p>Eine komplette Suite von SEO-Dienstleistungen, um Kunden zu helfen, Leads zu generieren, Kunden zu akquirieren und Gewinne zu steigern.<\/p>\n\t\t\t\t\t<\/div>\n\t\t\t\t\t<span>5<\/span>\n\t\t\t\t\t<div class=\"icon-wrapper\">\n\t\t\t\t\t\t<i class=\"fa fa-bar-chart\"><\/i>\n\t\t\t\t\t<\/div>\n\t\t\t\t<\/div>\n\t\t<\/div>\n\t<\/div>[\/vc_column][\/vc_row][vc_row][vc_column width=&#8221;1\/2&#8243;]<hr class=\"vertical-space5\"><hr class=\"vertical-space5\">[vc_column_text]<\/p>\n<h4><strong>WORDPRESS-THEMA-ANPASSUNG<\/strong><\/h4>\n<p>WordPress ist unsere St\u00e4rke, und wir sind bemuhen uns, Ihnen WordPress Thema Anpassung Dienstleistungen, mit denen Sie Ihre Themen in L\u00f6sungen umwandeln k\u00f6nnen, die allumfassend, vielseitig und fesselnd sind. Wir passen Ihre Themen an Ihre Gesch\u00e4ftsbed\u00fcrfnisse an und ergreifen alle Ma\u00dfnahmen, um sie auf verschiedenen Plattformen reaktionsf\u00e4hig und kompatibel zu halten. Ohne dem Mainstream und den kaum effektiven M\u00f6glichkeiten der Theme-Anpassung herunterfallen, liefern wir Dienstleistungen, die diese Anpassung zu einem angenehmen Erlebnis machen.[\/vc_column_text]<hr class=\"vertical-space4\">[\/vc_column][vc_column width=&#8221;1\/2&#8243;]<hr class=\"vertical-space5\">[vc_single_image image=&#8221;9437&#8243; img_size=&#8221;full&#8221;]<hr class=\"vertical-space2\">[\/vc_column][\/vc_row][vc_row row_type=&#8221;2&#8243; blox_padding_top=&#8221;70&#8243; blox_bgcolor=&#8221;#f7f7f7&#8243;][vc_column]<hr class=\"vertical-space2\">\n\t<div class=\"max-title max-title3\">\n\t\t<h2>UNSERE WORDPRESS-THEMA - <strong>DIENSTLEISTUNG<\/strong><\/h2>\n\t<\/div>[\/vc_column][\/vc_row][vc_row row_type=&#8221;2&#8243; blox_padding_top=&#8221;1&#8243; blox_padding_bottom=&#8221;15&#8243; blox_bgcolor=&#8221;#f7f7f7&#8243;][vc_column width=&#8221;1\/3&#8243;]<hr class=\"vertical-space3\"><article class=\"icon-box\" ><i class=\"sl-layers\" style=\"\"><\/i><h4>THEMEN INSTALLATION<\/h4><p>Wir installieren WordPress und jedes kostenlose oder Premium-WordPress-Theme und lassen es wie einen der Demos aussehen.<\/p><\/article><hr class=\"vertical-space2\"><article class=\"icon-box\" ><i class=\"sl-globe-alt\" style=\"\"><\/i><h4>WordPress SEO<\/h4><p>Wir helfen WordPress Bloggern und Webseite-Besitzern, die Sichtbarkeit ihrer Webseite oder ihres Blogs in Suchmaschinen wie Google zu verbessern.<\/p><\/article><hr class=\"vertical-space4\">[\/vc_column][vc_column width=&#8221;1\/3&#8243;]<hr class=\"vertical-space3\"><article class=\"icon-box\" ><i class=\"sl-pencil\" style=\"\"><\/i><h4>INHALTENTWICKLUNG<\/h4><p>Wir bieten Web Content-Entwicklungsdienste wie Content-Planung, Schreiben und Bearbeiten sowie Keyword-Analyse.<\/p><\/article><hr class=\"vertical-space2\"><article class=\"icon-box\" ><i class=\"sl-lock\" style=\"\"><\/i><h4>WORDPRESS SICHERHEIT<\/h4><p>Die Installation von WordPress ist einfach. Sicheres WordPress-Setup und fortlaufende Verwaltung von WordPress Security ist nicht so einfach wie die Installation von WP.<\/p><\/article><hr class=\"vertical-space4\">[\/vc_column][vc_column width=&#8221;1\/3&#8243;]<hr class=\"vertical-space3\"><article class=\"icon-box\" ><i class=\"sl-puzzle\" style=\"\"><\/i><h4>PREMIUM-PLUG-INS<\/h4><p>Sie beginnen mit einer Webseite. Nat\u00fcrlich k\u00f6nnen wir so viele Plug-ins installieren und einrichten, wie Sie m\u00f6chten oder ben\u00f6tigen.<\/p><\/article><hr class=\"vertical-space2\"><article class=\"icon-box\" ><i class=\"sl-share-alt\" style=\"\"><\/i><h4>WORDPRESS HOSTING TRANSFER<\/h4><p>Wir werden Ihre gesamte WordPress-Webseite, E-Mails und Datenbanken sicher auf Ihr neues Hosting-Konto \u00fcbertragen.<\/p><\/article><hr class=\"vertical-space4\">[\/vc_column][\/vc_row][vc_row][vc_column]<hr class=\"vertical-space4\">\n\t<div class=\"max-title max-title3\">\n\t\t<h2>UNSERE GL\u00dcCKLICHEN KUNDEN<\/h2>\n\t<\/div><hr class=\"vertical-space1\"><div class=\"aligncenter\"><hr class=\"vertical-space1\"><div class=\"col-md-12 our-clients-wrap crsl\"><ul id=\"our-clients\" class=\"our-clients crsl\"><li><img alt=\"\" src=\"https:\/\/evolve.al\/admin\/core-wp\/..\/..\/site\/resources-global\/content-data\/uploads\/dga_logo_landscape_v1.jpg\"\/><\/li><li><img alt=\"\" src=\"https:\/\/evolve.al\/admin\/core-wp\/..\/..\/site\/resources-global\/content-data\/uploads\/ardeno-mobileri-al_logo_2.jpg\"\/><\/li><li><img alt=\"\" src=\"https:\/\/evolve.al\/admin\/core-wp\/..\/..\/site\/resources-global\/content-data\/uploads\/salillari-shpk_logo.jpg\"\/><\/li><li><img alt=\"\" src=\"https:\/\/evolve.al\/admin\/core-wp\/..\/..\/site\/resources-global\/content-data\/uploads\/alb-pastrim_logo.jpg\"\/><\/li><li><img alt=\"\" src=\"https:\/\/evolve.al\/admin\/core-wp\/..\/..\/site\/resources-global\/content-data\/uploads\/supersport_logo_v1.jpg\"\/><\/li><li><img alt=\"\" src=\"https:\/\/evolve.al\/admin\/core-wp\/..\/..\/site\/resources-global\/content-data\/uploads\/dpm-gov-al_logo.jpg\"\/><\/li><li><img alt=\"\" src=\"https:\/\/evolve.al\/admin\/core-wp\/..\/..\/site\/resources-global\/content-data\/uploads\/mmsr-gov-al_logo.jpg\"\/><\/li><li><img alt=\"\" src=\"https:\/\/evolve.al\/admin\/core-wp\/..\/..\/site\/resources-global\/content-data\/uploads\/biznes-albania_logo.jpg\"\/><\/li><li><img alt=\"\" src=\"https:\/\/evolve.al\/admin\/core-wp\/..\/..\/site\/resources-global\/content-data\/uploads\/su-shefqet-ndroqi_logo.jpg\"\/><\/li><li><img alt=\"\" src=\"https:\/\/evolve.al\/admin\/core-wp\/..\/..\/site\/resources-global\/content-data\/uploads\/ekb_logo.jpg\"\/><\/li><li><img alt=\"\" src=\"https:\/\/evolve.al\/admin\/core-wp\/..\/..\/site\/resources-global\/content-data\/uploads\/leon-kons_logo.jpg\"\/><\/li><li><img alt=\"\" src=\"https:\/\/evolve.al\/admin\/core-wp\/..\/..\/site\/resources-global\/content-data\/uploads\/alushi-trans-al_logo.jpg\"\/><\/li><\/ul><\/div><hr class=\"vertical-space2\"><\/div>[\/vc_column][\/vc_row][vc_row row_type=&#8221;2&#8243; blox_height=&#8221;452&#8243; blox_image=&#8221;9705&#8243; blox_bgcolor=&#8221;#f7f7f7&#8243;][vc_column el_class=&#8221;aligncenter&#8221;]<hr class=\"vertical-space5\"><hr class=\"vertical-space1\">[vc_column_text]<\/p>\n<h1 style=\"text-align: center;\">Lass uns<br \/>\n<strong>Ihr Projekt anfangen<\/strong><\/h1>\n<p>[\/vc_column_text]<hr class=\"vertical-space1\">[vc_column_text]<\/p>\n<p class=\"slog-tx2 aligncenter\">Wir helfen Ihnen, Ihre Ziele zu erreichen und Ihr Gesch\u00e4ft aufzubauen.<\/p>\n<p>[\/vc_column_text]<hr class=\"vertical-space1\"><a href=\"http:\/\/evolve.al\/de\/request-a-quote\/\" class=\"button skyblue  medium bordered-bot \" target=\"_self\">EIN ANGEBOT ANFORDERN<\/a><hr class=\"vertical-space4\">[\/vc_column][\/vc_row][vc_row row_type=&#8221;2&#8243; blox_image=&#8221;9171&#8243; blox_cover=&#8221;false&#8221; blox_repeat=&#8221;repeat&#8221; blox_dark=&#8221;true&#8221; blox_bgcolor=&#8221;#00c2e5&#8243;][vc_column]<hr class=\"vertical-space3\">[vc_row_inner][vc_column_inner el_class=&#8221;aligncenter&#8221;][vc_column_text]<\/p>\n<h1 style=\"text-align: center;\">WAS WIR GETAN <strong>HABEN<\/strong><\/h1>\n<p style=\"text-align: center;\">Wir bauen Br\u00fccken in der Web-Technologie, um das Ziel des Kunden mit der Realit\u00e4t im Verbindung zu setzen.<\/p>\n<p>[\/vc_column_text]<a href=\"http:\/\/evolve.al\/de\/projects\/\" class=\"button white  medium bordered-bot \" target=\"_self\">SEHEN SIE UNSERE PROJEKTE AN<\/a>[\/vc_column_inner][\/vc_row_inner]<hr class=\"vertical-space2\">[\/vc_column][\/vc_row]<\/p>","protected":false},"excerpt":{"rendered":"<p>[vc_row row_type=&#8221;3&#8243; blox_image=&#8221;9467&#8243; align_center=&#8221;aligncenter&#8221; page_title=&#8221;page-title-x&#8221; blox_dark=&#8221;true&#8221; blox_class=&#8221;breadcrumb&#8221; parallax_speed=&#8221;7&#8243;][vc_column][vc_column_text] WORDPRESS WEBSEITE [\/vc_column_text][\/vc_column][\/vc_row][vc_row][vc_column width=&#8221;1\/4&#8243;][\/vc_column][vc_column width=&#8221;1\/2&#8243; el_class=&#8221;aligncenter&#8221;][vc_column_text] Warum WordPress? Ein CMS oder Content-Management-System ist ein Tool, mit dem Sie den Inhalt Ihrer Webseite unabh\u00e4ngig verwalten k\u00f6nnen. WordPress ist flexibel, hochgradig anpassbar, super benutzerfreundlich und ein gro\u00dfartiges Content-Management-System (CMS). Sie k\u00f6nnen es f\u00fcr Blogs, kleine Business-Webseites und sogar E-Commerce verwenden. Wir haben hochqualifizierte Entwickler, die Ihre Webseite auf den neuesten Stand bringen und die von Ihnen gew\u00fcnschte individuelle Touch hinzuf\u00fcgen k\u00f6nnen. [\/vc_column_text][\/vc_column][vc_column width=&#8221;1\/4&#8243;][\/vc_column][\/vc_row][vc_row row_type=&#8221;2&#8243; blox_padding_top=&#8221;70&#8243; blox_bgcolor=&#8221;#f6f8f9&#8243;][vc_column][vc_row_inner][vc_column_inner][vc_column_text]Warum mussen wir WordPress verwenden? Warum sollten wir unsere Website mit WordPress erstellen? Im Folgenden sind einige Gr\u00fcnde, warum WordPress ganz interessant ist : WordPress ist kostenlos Es spielt keine Rolle, ob Sie ein Blogger sind, der gerade erst anf\u00e4ngt oder ein Unternehmen , der ein flexibles Website ben\u00f6tigt. WordPress eignet sich f\u00fcr jede Art von kleinen, gr\u00f6sseren oder sehr umfangreichen Websites. WordPress hat sich immer wieder als das vertrauensw\u00fcrdigste Content Management System (CMS) erwiesen. Sie m\u00fcssen sich nie um versteckte Geb\u00fchren sorgen, auch wenn die Popularit\u00e4t Ihrer Website hinaus steigt. WordPress steht Ihnen immer frei zur Verf\u00fcgung. Am wichtigsten ist, dass WordPress Open Source ist. Sie k\u00f6nnen Ihren Code jederzeit \u00e4ndern, ohne einen einzigen Cent daf\u00fcr ausgeben zu m\u00fcssen. Sie k\u00f6nnen auch \u00c4nderungen an Ihrer WordPress-Website vornehmen, ohne die Programmierung zu kennen. Das ist vielleicht das wichtigste Vorteil an WordPress. Spart Geld Bei der Auswahl einer Plattform sind die Kosten immer zu hoch. WordPress ist eine kostenlose Open-Source-Software. Sie finden eine Menge Quellen, wenn Sie bei der Verwaltung und Personalisierung Ihrer Website Hilfe ben\u00f6tigen. Hinzu kommt eine Vielzahl an kostenlosen Themes und Plugins.Gl\u00fccklicherweise ist WordPress eine freie Software. Dies ist jedoch nicht der einzige Bereich, in dem Sie Geld sparen. Da WordPress Open Source und benutzerfreundlich ist, m\u00fcssen Sie keine Webdesigner oder -techniker einstellen, um Ihre WordPress-Site zu&#8230; <\/p>\n<p><a class=\"readmore\" href=\"https:\/\/evolve.al\/de\/wordpress-website\/\">Continue Reading<\/a><\/p>\n","protected":false},"author":1,"featured_media":0,"parent":0,"menu_order":0,"comment_status":"closed","ping_status":"closed","template":"","meta":[],"_links":{"self":[{"href":"https:\/\/evolve.al\/de\/wp-json\/wp\/v2\/pages\/9433"}],"collection":[{"href":"https:\/\/evolve.al\/de\/wp-json\/wp\/v2\/pages"}],"about":[{"href":"https:\/\/evolve.al\/de\/wp-json\/wp\/v2\/types\/page"}],"author":[{"embeddable":true,"href":"https:\/\/evolve.al\/de\/wp-json\/wp\/v2\/users\/1"}],"replies":[{"embeddable":true,"href":"https:\/\/evolve.al\/de\/wp-json\/wp\/v2\/comments?post=9433"}],"version-history":[{"count":8,"href":"https:\/\/evolve.al\/de\/wp-json\/wp\/v2\/pages\/9433\/revisions"}],"predecessor-version":[{"id":11558,"href":"https:\/\/evolve.al\/de\/wp-json\/wp\/v2\/pages\/9433\/revisions\/11558"}],"wp:attachment":[{"href":"https:\/\/evolve.al\/de\/wp-json\/wp\/v2\/media?parent=9433"}],"curies":[{"name":"wp","href":"https:\/\/api.w.org\/{rel}","templated":true}]}}