{"id":9416,"date":"2016-04-11T05:07:38","date_gmt":"2016-04-11T05:07:38","guid":{"rendered":"http:\/\/webnus.biz\/themes\/easyweb\/design\/?page_id=9416"},"modified":"2019-03-15T16:22:35","modified_gmt":"2019-03-15T15:22:35","slug":"pay-per-click","status":"publish","type":"page","link":"https:\/\/evolve.al\/de\/pay-per-click\/","title":{"rendered":"Pay Per Klick"},"content":{"rendered":"<p>[vc_row row_type=&#8221;3&#8243; blox_image=&#8221;9334&#8243; align_center=&#8221;aligncenter&#8221; page_title=&#8221;page-title-x&#8221; blox_dark=&#8221;true&#8221; parallax_speed=&#8221;7&#8243;][vc_column]<hr class=\"vertical-space5\"><hr class=\"vertical-space5\"><hr class=\"vertical-space3\">[vc_column_text]<\/p>\n<h2 class=\"respo-tagline\" style=\"text-align: center; letter-spacing: 1px;\"><strong>Pay Per Klick<\/strong><\/h2>\n<p>[\/vc_column_text]<hr class=\"vertical-space5\"><hr class=\"vertical-space5\">[\/vc_column][\/vc_row][vc_row row_type=&#8221;2&#8243; page_title=&#8221;page-title-x&#8221; blox_padding_top=&#8221;50&#8243; blox_padding_bottom=&#8221;50&#8243; blox_bgcolor=&#8221;#f7f7f7&#8243;][vc_column width=&#8221;1\/4&#8243;][\/vc_column][vc_column width=&#8221;1\/2&#8243;]<hr class=\"vertical-space5\">[vc_column_text]<\/p>\n<h3 style=\"text-align: center;\"><strong>Was ist Pay Per Klick?<\/strong><\/h3>\n<p style=\"text-align: center;\"><strong>PPC<\/strong> steht f\u00fcr Pay-per-Click, ein Modell des Internetmarketings, bei dem Werbetreibende bei jedem Klick auf eine ihrer Anzeigen eine Geb\u00fchr entrichten. Im Wesentlichen ist es eine M\u00f6glichkeit, Besuche auf Ihrer Webseite zu kaufen, anstatt zu versuchen, diese Besuche organisch zu \u201cverdienen\u201d.<br \/>\nSuchmaschinenwerbung ist eine der beliebtesten Formen von PPC. Es erm\u00f6glicht Werbetreibenden, f\u00fcr Anzeigenplatzierungen in gesponserten Links einer Suchmaschine zu bieten, wenn ein Nutzer nach einem Keyword sucht, das mit seinem Gesch\u00e4ftsangebot verkn\u00fcpft ist.<\/p>\n<p>[\/vc_column_text]<hr class=\"vertical-space5\">[\/vc_column][vc_column width=&#8221;1\/4&#8243;][\/vc_column][\/vc_row][vc_row][vc_column width=&#8221;1\/2&#8243;]<hr class=\"vertical-space5\">[vc_column_text]<\/p>\n<h4><strong>PPC-Verwaltung<\/strong><\/h4>\n<p>Plattformen wie Google AdWords und Bing Ads sind wichtig f\u00fcr Ihr Unternehmen. Mit unserer Pay-per-Click-Marketing (PPC) -Kompetenz k\u00f6nnen wir dazu beitragen, Ihre Konten auf die n\u00e4chste Ebene zu bringen. Wir passen Strategie und Reporting individuell an Ihre Bed\u00fcrfnisse an.<br \/>\nWir bieten die Unterst\u00fctzung und Anleitung, die Sie ben\u00f6tigen, um Ihr Ziel zu erreichen, sei es die Maximierung des Return on Investment, die Erh\u00f6hung von Leads oder die Steigerung der Markenbekanntheit.<\/p>\n<p>[\/vc_column_text]<hr class=\"vertical-space4\">[\/vc_column][vc_column width=&#8221;1\/2&#8243;]<hr class=\"vertical-space5\">[vc_column_text]<\/p>\n<h4><strong>Lieferbar<\/strong><\/h4>\n<p>Wir berichten monatlich \u00fcber den Erfolg Ihrer Kampagne in Bezug auf die Keyword-Auswahl und die Textauswahl und erstellen einen Rangbericht, damit Sie wissen, wo Sie bei den Keywords, f\u00fcr die Sie bezahlen, organisch rangieren. Nachdem Sie den Bericht gelesen haben, buchen wir einen einst\u00fcndigen Anruf mit den Mitgliedern Ihres Teams, um den Fortschritt und die Ausrichtung Ihrer Kampagne zu erl\u00e4utern und Ihre Fragen zu beantworten.<\/p>\n<p>[\/vc_column_text]<hr class=\"vertical-space4\">[\/vc_column][\/vc_row][vc_row row_type=&#8221;2&#8243; blox_padding_top=&#8221;70&#8243; blox_bgcolor=&#8221;#f7f7f7&#8243;][vc_column][vc_row_inner][vc_column_inner][vc_column_text]PPC (Pay-per-Click) ist ein Online-Werbemodell, bei dem Unternehmen bei jedem Klick auf eine ihrer Anzeigen eine Geb\u00fchr zahlen. Grunds\u00e4tzlich ist dies eine gro\u00dfartige M\u00f6glichkeit, Besuche auf Ihrer Website zu erwerben. Pay-per-Click ist eine Zahlungsmethode und findet vor allem im Onlinemarketing eine gro\u00dfe Anwendung.<\/p>\n<p>Pay-per-Click-Werbung (PPC) ist heute das erfolgreichste Werbemodell im Internet.Dies erm\u00f6glicht es Werbetreibenden, f\u00fcr das Anbieten von Anzeigen in gesponserten Links in eine Suchmaschine zu bieten. Dies wird angezeigt, wenn jemand nach einem Keyword fragt, das sich auf das betreffende Produkt oder die betreffende Dienstleistung bezieht.<br \/>\nHier einige Gr\u00fcnde, warum das Marketing per Pay-per-Click f\u00fcr alle gut ist:<br \/>\n<strong><br \/>\nEs ist wichitg f\u00fcr Suchen im Internet<\/strong><\/p>\n<p>Die Forschung zeigt, dass Suchende klicken Sie auf bezahlte Werbung in Suchmaschinen \u00f6fter als jede andere Form der digitalen Werbung. Wir verwenden Suchmaschinen ,wenn wir nach Produkten und Dienstleistungen suchen, sind Ergebnisse, einschlie\u00dflich Werbe- und Marketingkampagnen sehr wichtig. Dar\u00fcber hinaus hat Google eine hervorragende Formel entwickelt, um sicherzustellen, dass die PPC-Werbung den Bed\u00fcrfnissen der Nutzer entspricht. Suchmaschinenwerbung ist eine Goldgrube.<\/p>\n<p>Es ist gut f\u00fcr Werbetreibende<\/p>\n<p>Werbetreibenden bietet eine einzigartige M\u00f6glichkeit, ihre Aussage vor einer Zielgruppe die aktiv und gezielt nach ihrem Produkt sucht, zu versehen. Die Kunden erkennen ihren Zweck durch eine Begriffssuche oder durch einen Suchbegriff, k\u00f6nnen Werbetreibende die Verkehrsqualit\u00e4t messen. Von Kunden verwendete Schl\u00fcsselw\u00f6rter k\u00f6nnen auch in den Suchergebnissen gefunden werden. Kunden k\u00f6nnen Indikatoren wie Klickraten (Click-through-Rates &#8211; CTRs)d. H. Wie viele Besucher auf die Conversion-Rate Ihrer Anzeigen klicken, den Anzeigenrang und viele andere Indikatoren messen.<\/p>\n<p><strong>Es ist gut f\u00fcr Suchmaschinen<\/strong><\/p>\n<p>PPC erm\u00f6glicht Suchmaschinen,die beiden Forscher und Werbetreibende zur gleichen Zeit zu besorgen. Die Forscher stellen ihre Nutzerbasis, w\u00e4hrend Werbetreibende bieten ihrer Einnahmequelle. Motoren wollen in erster Linie relevante Ergebnisse liefern, durch einen sehr gezielten Werbekanal anzubieten.<br \/>\n<strong>Sofortige Sichtbarkeit<\/strong><\/p>\n<p>Die Einrichtung einer PPC-Kampagne in Google AdWords dauert im Allgemeinen nicht mehr als ein paar Stunden: W\u00e4hlen Sie einfach eine Reihe relevanter Keywords aus, erstellen Sie eine Anzeigengruppe, legen Sie ein Tagesbudget fest und w\u00e4hlen Sie die Zielgruppe aus, zu der der Aufruf aufgerufen werden soll. Zu diesem Zeitpunkt kann die Anzeigenkampagne abheben und Ihr Firmenname wird sofort unter den Ergebnissen des Google-Netzwerks sichtbar.<\/p>\n<p><strong>R\u00fcckverfolgbarkeit<\/strong><\/p>\n<p>Die R\u00fcckverfolgbarkeit von PPC-Anzeigen ist einer der Hauptgr\u00fcnde, warum Pay-per-Click im Laufe der Zeit zu einem von vielen Vermarktern bevorzugten Werkzeug geworden ist. Eine gut organisierte PPC-Kampagne bietet eine Reihe detaillierter Statistiken zu Impressionen, Klicks, Kosten pro Klick, und vielen anderen n\u00fctzlichen Daten.<br \/>\nAlle Daten, die zur Analyse des Kampagnenfortschritts benutzen werden und zum Vergleich der erzielten Ergebnisse mit den in der Planungsphase festgelegten Zielen erforderlich sind.<\/p>\n<p>Erreichen Sie das Ziel zu einem bestimmten Zeitpunkt<\/p>\n<p>Pay-per-Click-Werbung ist ideal f\u00fcr ein bestimmtes Ziel in einem bestimmten Ort, zu einer bestimmten Zeit des Tages beteiligt, durch gezielte Anzeigen. Die Optionen f\u00fcr das Senden und die Positionsbestimmungs, zusammen mit den spezifischen Einstellungen auf dem Ger\u00e4t (zum Beispiel des Smartphone), k\u00f6nnen Ihnen pr\u00e4zise Nachrichten an ein bestimmtes Ziel der Verbraucher senden, an den vorher festgelegten Zeiten.<\/p>\n<p><strong>Pay per Click ist auch f\u00fcr andere Marketingkan\u00e4le hilfreich<\/strong><\/p>\n<p>Wenn das SEO-Team einer Webagentur wissen m\u00f6chte, ob ein Keyword gut \u00fcbersetzt wird, kann die Antwort von den Ergebnisseiten von PPC und Suchmaschinen bekommen. Es ist auch m\u00f6glich, ein neues Produkt oder eine neue Dienstleistung mit Pay-per-Click-Werbung zu testen, die Frage zu formulieren und sofort zu verstehen, wie die Nachricht empfangen wird.<\/p>\n<p>[\/vc_column_text][\/vc_column_inner][\/vc_row_inner]\n\t<div class=\"max-title max-title3\">\n\t\t<h2>UNSER PAY PER KLICK <strong>DIENSTLEISTUNG<\/strong><\/h2>\n\t<\/div>[vc_row_inner][vc_column_inner][\/vc_column_inner][\/vc_row_inner][\/vc_column][\/vc_row][vc_row row_type=&#8221;2&#8243; blox_padding_top=&#8221;1&#8243; blox_padding_bottom=&#8221;15&#8243; blox_bgcolor=&#8221;#f7f7f7&#8243;][vc_column width=&#8221;1\/3&#8243;]<hr class=\"vertical-space3\"><article class=\"icon-box\" ><i class=\"sl-eyeglass\" style=\"\"><\/i><h4>PPC-Audits<br \/>\n<\/h4><p>Unser PPC-Audit-Prozess beginnt mit dem Verst\u00e4ndnis des Pr\u00fcfungsziels, der Abdeckung und der Durchf\u00fchrung der Datenanalyse.<\/p>\n<\/article><hr class=\"vertical-space2\"><article class=\"icon-box\" ><i class=\"fa-windows\" style=\"\"><\/i><h4>Bing Werbung<br \/>\n<\/h4><p>Unser internes Bing Werbeagentur-Team verf\u00fcgt \u00fcber das n\u00f6tige Training und Know-how, um die beliebte PPC-Plattform von Bing optimal zu nutzen.<\/p>\n<\/article><hr class=\"vertical-space4\">[\/vc_column][vc_column width=&#8221;1\/3&#8243;]<hr class=\"vertical-space3\"><article class=\"icon-box\" ><i class=\"sl-rocket\" style=\"\"><\/i><h4>Soziale Werbung<br \/>\n<\/h4><p>Evolve Studio kann Ihnen mit bezahlten Social-Media-Kampagnen helfen, die Ihre Zielgruppe auf die gew\u00fcnschten Aktionen lenken k\u00f6nnen.<\/p>\n<\/article><hr class=\"vertical-space2\"><article class=\"icon-box\" ><i class=\"fa-bullhorn\" style=\"\"><\/i><h4>Werbung anzeigen<br \/>\n<\/h4><p>Ihre Display-Anzeigen werden auf eine Zielgruppe ausgerichtet, die bereits Interesse an Ihrem Service oder Produkt gezeigt hat.<\/p>\n<\/article><hr class=\"vertical-space4\">[\/vc_column][vc_column width=&#8221;1\/3&#8243;]<hr class=\"vertical-space3\"><article class=\"icon-box\" ><i class=\"fa-google\" style=\"\"><\/i><h4>Google AdWords<br \/>\n<\/h4><p>Wenn Sie uns einstellen, erhalten Sie den Vorteil eines Vollzeit-AdWords-Experten ohne die zus\u00e4tzlichen Kosten f\u00fcr die Einstellung eines weiteren Vollzeitmitarbeiters.<\/p>\n<\/article><hr class=\"vertical-space2\"><article class=\"icon-box\" ><i class=\"sl-refresh\" style=\"\"><\/i><h4>Remarketing und Retargeting<br \/>\n<\/h4><p>Verbessern Sie den ROI und steigern Sie die Conversions durch Marketing f\u00fcr Nutzer, die Ihre Webseite bereits besucht haben.<\/p>\n<\/article><hr class=\"vertical-space4\">[\/vc_column][\/vc_row][vc_row][vc_column width=&#8221;1\/2&#8243;]<hr class=\"vertical-space4\">[vc_single_image image=&#8221;9420&#8243; img_size=&#8221;full&#8221;]<hr class=\"vertical-space2\">[\/vc_column][vc_column width=&#8221;1\/2&#8243;]<hr class=\"vertical-space1\"><hr class=\"vertical-space5\">[vc_column_text]<\/p>\n<h4><strong>Kurzer Prozess unserer Pay-per-Klick-Kampagne:<\/strong><\/h4>\n<p>Unser Pay-per-Click (PPC) -Managementdienst umfasst folgende Komponenten:<\/p>\n<ul class=\"check\">\n<li>PPC Suchkampagnenstrategie<\/li>\n<li>Keyword Recherche und Auswahl<\/li>\n<li>Kreative Anzeigenentwicklung<\/li>\n<li>Kampagnenaufbau<\/li>\n<li>Bid-Management und ROI-Tracking<\/li>\n<li>Zielseitenoptimierung und -entwicklung<\/li>\n<li>Kampagnenmanagement und -analyse<\/li>\n<\/ul>\n<p>[\/vc_column_text]<hr class=\"vertical-space3\">[\/vc_column][\/vc_row][vc_row][vc_column]\n\t<div class=\"max-title max-title3\">\n\t\t<h2>UNSERE GL\u00dcCKLICHEN KUNDEN<\/h2>\n\t<\/div><hr class=\"vertical-space1\"><div class=\"aligncenter\"><hr class=\"vertical-space1\"><div class=\"col-md-12 our-clients-wrap crsl\"><ul id=\"our-clients\" class=\"our-clients crsl\"><li><img alt=\"\" src=\"https:\/\/evolve.al\/admin\/core-wp\/..\/..\/site\/resources-global\/content-data\/uploads\/dga_logo_landscape_v1.jpg\"\/><\/li><li><img alt=\"\" src=\"https:\/\/evolve.al\/admin\/core-wp\/..\/..\/site\/resources-global\/content-data\/uploads\/ardeno-mobileri-al_logo_2.jpg\"\/><\/li><li><img alt=\"\" src=\"https:\/\/evolve.al\/admin\/core-wp\/..\/..\/site\/resources-global\/content-data\/uploads\/salillari-shpk_logo.jpg\"\/><\/li><li><img alt=\"\" src=\"https:\/\/evolve.al\/admin\/core-wp\/..\/..\/site\/resources-global\/content-data\/uploads\/alb-pastrim_logo.jpg\"\/><\/li><li><img alt=\"\" src=\"https:\/\/evolve.al\/admin\/core-wp\/..\/..\/site\/resources-global\/content-data\/uploads\/supersport_logo_v1.jpg\"\/><\/li><li><img alt=\"\" src=\"https:\/\/evolve.al\/admin\/core-wp\/..\/..\/site\/resources-global\/content-data\/uploads\/dpm-gov-al_logo.jpg\"\/><\/li><li><img alt=\"\" src=\"https:\/\/evolve.al\/admin\/core-wp\/..\/..\/site\/resources-global\/content-data\/uploads\/mmsr-gov-al_logo.jpg\"\/><\/li><li><img alt=\"\" src=\"https:\/\/evolve.al\/admin\/core-wp\/..\/..\/site\/resources-global\/content-data\/uploads\/biznes-albania_logo.jpg\"\/><\/li><li><img alt=\"\" src=\"https:\/\/evolve.al\/admin\/core-wp\/..\/..\/site\/resources-global\/content-data\/uploads\/su-shefqet-ndroqi_logo.jpg\"\/><\/li><li><img alt=\"\" src=\"https:\/\/evolve.al\/admin\/core-wp\/..\/..\/site\/resources-global\/content-data\/uploads\/ekb_logo.jpg\"\/><\/li><li><img alt=\"\" src=\"https:\/\/evolve.al\/admin\/core-wp\/..\/..\/site\/resources-global\/content-data\/uploads\/leon-kons_logo.jpg\"\/><\/li><li><img alt=\"\" src=\"https:\/\/evolve.al\/admin\/core-wp\/..\/..\/site\/resources-global\/content-data\/uploads\/alushi-trans-al_logo.jpg\"\/><\/li><\/ul><\/div><hr class=\"vertical-space2\"><\/div>[\/vc_column][\/vc_row][vc_row row_type=&#8221;2&#8243; blox_height=&#8221;452&#8243; blox_image=&#8221;9705&#8243; blox_bgcolor=&#8221;#f7f7f7&#8243;][vc_column el_class=&#8221;aligncenter&#8221;]<hr class=\"vertical-space5\"><hr class=\"vertical-space1\">[vc_column_text]<\/p>\n<h1 style=\"text-align: center;\">Lass uns anfangen<br \/>\n<strong>Ihr Projekt<\/strong><\/h1>\n<p>[\/vc_column_text]<hr class=\"vertical-space1\">[vc_column_text]<\/p>\n<p class=\"slog-tx2 aligncenter\">Wir helfen Ihnen, Ihre Ziele zu erreichen und Ihr Gesch\u00e4ft aufzubauen.<\/p>\n<p>[\/vc_column_text]<hr class=\"vertical-space1\"><a href=\"http:\/\/evolve.al\/de\/request-a-quote\/\" class=\"button skyblue  medium bordered-bot \" target=\"_self\">EIN ANGEBOT ANFORDERN<\/a><hr class=\"vertical-space4\">[\/vc_column][\/vc_row][vc_row row_type=&#8221;2&#8243; blox_image=&#8221;9171&#8243; blox_cover=&#8221;false&#8221; blox_repeat=&#8221;repeat&#8221; blox_dark=&#8221;true&#8221; blox_bgcolor=&#8221;#00c2e5&#8243;][vc_column]<hr class=\"vertical-space3\">[vc_row_inner][vc_column_inner el_class=&#8221;aligncenter&#8221;][vc_column_text]<\/p>\n<h1 style=\"text-align: center;\">WAS WIR GETAN <strong>HABEN<\/strong><\/h1>\n<p style=\"text-align: center;\">Wir bauen Br\u00fccken in der Web-Technologie, um das Ziel des Kunden mit der Realit\u00e4t im Verbindung zu setzen.<\/p>\n<p>[\/vc_column_text]<a href=\"http:\/\/evolve.al\/de\/projects\/\" class=\"button white  medium bordered-bot \" target=\"_self\">SEHEN SIE UNSERE PROJEKTE AN<\/a>[\/vc_column_inner][\/vc_row_inner]<hr class=\"vertical-space2\">[\/vc_column][\/vc_row]<\/p>","protected":false},"excerpt":{"rendered":"<p>[vc_row row_type=&#8221;3&#8243; blox_image=&#8221;9334&#8243; align_center=&#8221;aligncenter&#8221; page_title=&#8221;page-title-x&#8221; blox_dark=&#8221;true&#8221; parallax_speed=&#8221;7&#8243;][vc_column][vc_column_text] Pay Per Klick [\/vc_column_text][\/vc_column][\/vc_row][vc_row row_type=&#8221;2&#8243; page_title=&#8221;page-title-x&#8221; blox_padding_top=&#8221;50&#8243; blox_padding_bottom=&#8221;50&#8243; blox_bgcolor=&#8221;#f7f7f7&#8243;][vc_column width=&#8221;1\/4&#8243;][\/vc_column][vc_column width=&#8221;1\/2&#8243;][vc_column_text] Was ist Pay Per Klick? PPC steht f\u00fcr Pay-per-Click, ein Modell des Internetmarketings, bei dem Werbetreibende bei jedem Klick auf eine ihrer Anzeigen eine Geb\u00fchr entrichten. Im Wesentlichen ist es eine M\u00f6glichkeit, Besuche auf Ihrer Webseite zu kaufen, anstatt zu versuchen, diese Besuche organisch zu \u201cverdienen\u201d. Suchmaschinenwerbung ist eine der beliebtesten Formen von PPC. Es erm\u00f6glicht Werbetreibenden, f\u00fcr Anzeigenplatzierungen in gesponserten Links einer Suchmaschine zu bieten, wenn ein Nutzer nach einem Keyword sucht, das mit seinem Gesch\u00e4ftsangebot verkn\u00fcpft ist. [\/vc_column_text][\/vc_column][vc_column width=&#8221;1\/4&#8243;][\/vc_column][\/vc_row][vc_row][vc_column width=&#8221;1\/2&#8243;][vc_column_text] PPC-Verwaltung Plattformen wie Google AdWords und Bing Ads sind wichtig f\u00fcr Ihr Unternehmen. Mit unserer Pay-per-Click-Marketing (PPC) -Kompetenz k\u00f6nnen wir dazu beitragen, Ihre Konten auf die n\u00e4chste Ebene zu bringen. Wir passen Strategie und Reporting individuell an Ihre Bed\u00fcrfnisse an. Wir bieten die Unterst\u00fctzung und Anleitung, die Sie ben\u00f6tigen, um Ihr Ziel zu erreichen, sei es die Maximierung des Return on Investment, die Erh\u00f6hung von Leads oder die Steigerung der Markenbekanntheit. [\/vc_column_text][\/vc_column][vc_column width=&#8221;1\/2&#8243;][vc_column_text] Lieferbar Wir berichten monatlich \u00fcber den Erfolg Ihrer Kampagne in Bezug auf die Keyword-Auswahl und die Textauswahl und erstellen einen Rangbericht, damit Sie wissen, wo Sie bei den Keywords, f\u00fcr die Sie bezahlen, organisch rangieren. Nachdem Sie den Bericht gelesen haben, buchen wir einen einst\u00fcndigen Anruf mit den Mitgliedern Ihres Teams, um den Fortschritt und die Ausrichtung Ihrer Kampagne zu erl\u00e4utern und Ihre Fragen zu beantworten. [\/vc_column_text][\/vc_column][\/vc_row][vc_row row_type=&#8221;2&#8243; blox_padding_top=&#8221;70&#8243; blox_bgcolor=&#8221;#f7f7f7&#8243;][vc_column][vc_row_inner][vc_column_inner][vc_column_text]PPC (Pay-per-Click) ist ein Online-Werbemodell, bei dem Unternehmen bei jedem Klick auf eine ihrer Anzeigen eine Geb\u00fchr zahlen. Grunds\u00e4tzlich ist dies eine gro\u00dfartige M\u00f6glichkeit, Besuche auf Ihrer Website zu erwerben. Pay-per-Click ist eine Zahlungsmethode und findet vor allem im Onlinemarketing eine gro\u00dfe Anwendung. Pay-per-Click-Werbung (PPC) ist heute das erfolgreichste Werbemodell im Internet.Dies erm\u00f6glicht es Werbetreibenden, f\u00fcr das Anbieten&#8230; <\/p>\n<p><a class=\"readmore\" href=\"https:\/\/evolve.al\/de\/pay-per-click\/\">Continue Reading<\/a><\/p>\n","protected":false},"author":1,"featured_media":0,"parent":0,"menu_order":0,"comment_status":"closed","ping_status":"closed","template":"","meta":[],"_links":{"self":[{"href":"https:\/\/evolve.al\/de\/wp-json\/wp\/v2\/pages\/9416"}],"collection":[{"href":"https:\/\/evolve.al\/de\/wp-json\/wp\/v2\/pages"}],"about":[{"href":"https:\/\/evolve.al\/de\/wp-json\/wp\/v2\/types\/page"}],"author":[{"embeddable":true,"href":"https:\/\/evolve.al\/de\/wp-json\/wp\/v2\/users\/1"}],"replies":[{"embeddable":true,"href":"https:\/\/evolve.al\/de\/wp-json\/wp\/v2\/comments?post=9416"}],"version-history":[{"count":5,"href":"https:\/\/evolve.al\/de\/wp-json\/wp\/v2\/pages\/9416\/revisions"}],"predecessor-version":[{"id":11190,"href":"https:\/\/evolve.al\/de\/wp-json\/wp\/v2\/pages\/9416\/revisions\/11190"}],"wp:attachment":[{"href":"https:\/\/evolve.al\/de\/wp-json\/wp\/v2\/media?parent=9416"}],"curies":[{"name":"wp","href":"https:\/\/api.w.org\/{rel}","templated":true}]}}