{"id":9407,"date":"2016-04-10T12:14:58","date_gmt":"2016-04-10T12:14:58","guid":{"rendered":"http:\/\/webnus.biz\/themes\/easyweb\/design\/?page_id=9407"},"modified":"2019-04-10T11:06:16","modified_gmt":"2019-04-10T10:06:16","slug":"marketing-online","status":"publish","type":"page","link":"https:\/\/evolve.al\/de\/marketing-online\/","title":{"rendered":"SOCIAL MEDIA MARKETING"},"content":{"rendered":"<p>[vc_row row_type=&#8221;3&#8243; blox_image=&#8221;9334&#8243; align_center=&#8221;aligncenter&#8221; page_title=&#8221;page-title-x&#8221; blox_dark=&#8221;true&#8221; parallax_speed=&#8221;7&#8243;][vc_column]<hr class=\"vertical-space5\"><hr class=\"vertical-space5\"><hr class=\"vertical-space3\">[vc_column_text]<\/p>\n<h2 class=\"respo-tagline\" style=\"text-align: center; letter-spacing: 1px;\"><strong>SOCIAL MEDIA MARKETING<\/strong><\/h2>\n<p>[\/vc_column_text]<hr class=\"vertical-space5\"><hr class=\"vertical-space5\">[\/vc_column][\/vc_row][vc_row row_type=&#8221;2&#8243; page_title=&#8221;page-title-x&#8221; blox_padding_top=&#8221;50&#8243; blox_padding_bottom=&#8221;50&#8243; blox_bgcolor=&#8221;#f7f7f7&#8243;][vc_column width=&#8221;1\/6&#8243;][\/vc_column][vc_column width=&#8221;2\/3&#8243;]<hr class=\"vertical-space5\">[vc_column_text]<\/p>\n<h1 style=\"text-align: center;\"><strong>SOCIAL MEDIA MARKETING<br \/>\n<\/strong><\/h1>\n<p style=\"text-align: center;\">Ein leistungsstarkes Werkzeug der Kommunikation, soziale Medien erm\u00f6glicht es Unternehmen, ihre Kunden dort zu erreichen, wo sie sind, und gleichzeitig ihre Marken zu charakterisieren und ihre Kundenbasis zu erweitern. Wenn es richtig gemacht wird, kann Social-Media-Marketing auch die Wirksamkeit anderer Marketing-Techniken \u2013 einschlie\u00dflich SEO und SEM \u2013 erh\u00f6hen, indem es dabei hilft, nat\u00fcrliche Verbindungen aufzubauen und Verkehr, Bekanntheit, Markenbekanntheit und Goodwill zu f\u00f6rdern. Wenn Sie mit Social Media Strategie, Management oder Werbung zu k\u00e4mpfen haben, k\u00f6nnen wir Ihnen helfen.<\/p>\n<p>[\/vc_column_text]<hr class=\"vertical-space5\">[\/vc_column][vc_column width=&#8221;1\/6&#8243;][\/vc_column][\/vc_row][vc_row][vc_column][vc_row_inner][vc_column_inner][vc_column_text]Online-Marketing in sozialen Netzwerken<\/p>\n<p>Social Media sind ein leistungsf\u00e4higes Kommunikationsmittel. Social Media-Marketing hilft Unternehmen, eine Verbindung mit Kunden und Interessenten aufzubauen. Die Nutzung der verschiedenen Plattformen machen einen Austausch zwischen Kunden und Interessenten sehr leicht m\u00f6glich. Viele Menschen nutzen t\u00e4glich ein oder mehrere soziale Netzwerke. Daher richten Unternehmen und Firmen Online-Marketingstrategien in sozialen Netzwerken gro\u00dfe Aufmerksamkeit. Online-Marketing ist heute eine wichtige und schnelle L\u00f6sung, mit seinen Dienstleistungen und Produkten dort zu sein, wo Kunden sind.<br \/>\nOnline-Marketing kann Unternehmen helfen, Kunden schnell und einfach zu erreichen. Online-Marketing erm\u00f6glicht es Unternehmen, ihre Pr\u00e4senz online zu erh\u00f6hen. Wenn dies richtig gemacht wird, kann Online-Social-Media-Marketing die Effizienz anderer Online-Marketing-Techniken steigern. Dazu geh\u00f6ren SEO und SEM. Wenn Sie Schwierigkeiten beim Erstellen einer Marketingstrategie f\u00fcr soziale Online-Netzwerke haben, k\u00f6nnen wir Ihnen helfen. Soziale Netzwerke sind der einfachste und schnellste Weg, um Ihre Verkaufschancen zu erh\u00f6hen und die Produkte oder Dienstleistungen der Verbraucher zu steigern.<\/p>\n<p>Was ist Online-Marketing in sozialen Netzwerken?<\/p>\n<p>Online-Social-Media-Marketing (SMM) ist eine Form des Online-Marketings. Das Online-Marketing f\u00fcr soziale Medien umfasst Aktivit\u00e4ten, die Inhalten, Videos und Bildern f\u00fcr Marketingzwecke verteielen.<\/p>\n<p>Marketing in sozialen Netzwerken ist eine Form des Internet-Marketings, deren Hauptziel ist die Nutzung der gro\u00dfen M\u00f6glichkeiten, die verschiedene soziale Netzwerke bieten k\u00f6nnen, um die gesetzten Ziele von Ihrem Unternehmen zu erreichen. Eine Social Media Plattform, ist ein wichtiger Kanal, um Produkte und Dienstleistungen gro\u00dffl\u00e4chig und mit einer sehr go\u00dfen Reichweite vermarkten zu k\u00f6nnen.<\/p>\n<p>Jeder Anbieter, jedes Unternehmen sollte dort werben, wo sich potenzielle Neukunden aufhalten \u2013 in den Social Media Netzwerken. Dieses ist auch mit einem kleineren Budget umsetzbar.<\/p>\n<p>Diese Ziele k\u00f6nnen unterschiedlich sein,von der Markenerkennung bis hin zum Verkauf von Produkten \/ Dienstleistungen. Die Hauptaktivit\u00e4ten des Online-Marketings in sozialen Netzwerken sind die Verbreitung verschiedener Inhalte, Beitr\u00e4ge, Videos und Bilder zu Marketingzwecken. Soziale Netzwerke sind eine \u00e4u\u00dferst effektive und kostenlose M\u00f6glichkeit, mit der jedes Unternehmen mit bestehenden Kunden in Kontakt bleiben kann oder Sie k\u00f6nnen die Anzahl potenzieller Kunden erh\u00f6hen. Dies ist so, weil Sie damit Kunden entweder in demografischer, geografischer oder beruflicher Hinsicht oder in Bezug auf ihr Verhalten und ihre Interessen ansprechen k\u00f6nnen.<\/p>\n<p>Die Marke, eigene Produkte und Inhalte z.B. aus dem eigenen Blog zu pr\u00e4sentieren ist f\u00fcr ein Unternehmen eine effiziente Form des Markenaufbaus und der Bindung von Kunden bzw. Zielgruppen.<\/p>\n<p>Online-Marketing hilft Unternehmen dabei, ihre Clowns zu vergr\u00f6\u00dfern und ihre Ertr\u00e4ge im Vergleich zu herk\u00f6mmlichen Marketingmethoden schneller und einfacher zu steigern. Mit Online-Marketing braucht es Zeit, um Ihre Produkte oder Dienstleistungen zu bewerben.<\/p>\n<p>Online-Marketing \u00fcber soziale Netzwerke erfordert viele und unaufhaltsame Lesitungen um aktuelle und potenzielle Kunden davon zu \u00fcberzeugen, dass ihre Produkte oder Dienstleistungen gekauft werden. Auf diese Weise haben Unternehmen, die die soziale Netzwerke nutzen, den Hauptzweck, ihre Produkte oder Dienstleistungen zu verkaufen. Heutige soziale Netzwerke haben eine gro\u00dfe Anzahl von Besuchern und der Einfluss sozialer Netzwerke in Ihrem Unternehmensmarketing ist gro\u00df. Online-Marketing hat gro\u00dfe Dimensionen angenommen und ist von gro\u00dfer Bedeutung. Das Management sozialer Netzwerke bietet Unternehmen die M\u00f6glichkeit, online aktiv zu sein und so viele Kunden wie m\u00f6glich zu haben. Online-Marketing in sozialen Netzwerken ist f\u00fcr Unternehmen heute sehr wichtig.<\/p>\n<p>Wenn Online-Marketingstrategien richtig konzipiert und implementiert werden, steigern sie die Effektivit\u00e4t anderer Marketingstrategien, einschlie\u00dflich Online-SEO. Durch Online-Marketing in sozialen Netzwerken k\u00f6nnen Sie dort pr\u00e4sent sein, wo Ihre aktuellen und potenziellen Kunden sind. Dar\u00fcber hinaus k\u00f6nnen Sie Datenverkehr oder Besucher Ihrer Webseiten anzeigen, die Sichtbarkeit Ihrer Marke verbessern und vor allem Gewinne erzielen. Bei Evolve finden Sie einen Mitarbeiter, der auf Online-Marketingstrategien und -techniken in sozialen Netzwerken, deren Management und Effizienzsteigerung spezialisiert ist. Wir helfen Ihnen gerne weiter.[\/vc_column_text][\/vc_column_inner][\/vc_row_inner]<hr class=\"vertical-space1\">[\/vc_column][\/vc_row][vc_row][vc_column]<hr class=\"vertical-space2\">\n\t<div class=\"max-title max-title5\">\n\t\t<h1>UNSERE <strong>DIENSTLEISTUNGEN<\/strong><\/h2>\n\t<\/div>[\/vc_column][\/vc_row][vc_row][vc_column width=&#8221;1\/3&#8243;]<hr class=\"vertical-space2\"><article class=\"icon-box18\" ><i class=\"sl-puzzle\" style=\"\"><\/i><h4>SOCIAL MEDIA STRATEGIE ENTWICKLUNG<br \/>\n<\/h4><p>Wir bieten eine Reihe von hochwertigen Social-Media-Beratungsleistungen, mit denen wir Ihnen helfen, greifbare Ergebnisse aus ihren Social-Media-Aktivit\u00e4ten zu erzielen.<\/p>\n<\/article><hr class=\"vertical-space1\">[\/vc_column][vc_column width=&#8221;1\/3&#8243;]<hr class=\"vertical-space2\"><article class=\"icon-box18\" ><i class=\"sl-layers\" style=\"\"><\/i><h4>SOCIAL MEDIA WERBEMANAGEMENT<br \/>\n<\/h4><p>Unsere Social Media Werbe Dienstleistungen beschleunigen nachweislich das Wachstum. Durch Werbung in den sozialen Medien haben 100% unserer Kunden Ergebnisse erzielt.<\/p>\n<\/article><hr class=\"vertical-space1\">[\/vc_column][vc_column width=&#8221;1\/3&#8243;]<hr class=\"vertical-space2\"><article class=\"icon-box18\" ><i class=\"sl-pencil\" style=\"\"><\/i><h4>SOCIAL MEDIA INHALTSERSTELLUNG<br \/>\n<\/h4><p>Wir bieten eine Reihe von Social-Media-Diensten zum Schreiben und Posten an, mit denen Sie Ihre Angebote direkt oder indirekt \u00fcber soziale Online-Medien vermarkten k\u00f6nnen.<\/p>\n<\/article><hr class=\"vertical-space1\">[\/vc_column][\/vc_row][vc_row][vc_column]<hr class=\"vertical-space1\">[\/vc_column][\/vc_row][vc_row][vc_column width=&#8221;1\/2&#8243;]<hr class=\"vertical-space5\">[vc_column_text]<\/p>\n<h4><strong>Was ist Social Media Marketing?<br \/>\n<\/strong><\/h4>\n<p>Social Media Marketing, kurz SMM, ist eine Form des Internet-Marketings, das verschiedene Social-Media-Netzwerke implementiert, um Marketing-Kommunikation und Branding-Ziele zu erreichen. Social-Media-Marketing umfasst vor allem Aktivit\u00e4ten zum sozialen Teilen von Inhalten, Videos und Bildern zu Marketingzwecken sowie bezahlte Social-Media-Werbung.<\/p>\n<p>[\/vc_column_text]<hr class=\"vertical-space2\">[\/vc_column][vc_column width=&#8221;1\/2&#8243;][vc_single_image image=&#8221;9412&#8243; img_size=&#8221;full&#8221; alignment=&#8221;center&#8221;]<hr class=\"vertical-space2\">[\/vc_column][\/vc_row][vc_row][vc_column width=&#8221;1\/2&#8243;][vc_column_text]<\/p>\n<h4><strong>Warum brauchen Sie ein Social Media Management?<\/strong><\/h4>\n<p>&nbsp;<\/p>\n<h5><strong style=\"font-weght: 600;\">Ihre Kunden sind in sozialen Netzwerken.<br \/>\n<\/strong><\/h5>\n<p>Unabh\u00e4ngig davon, in welcher Branche sich Ihr Unternehmen befindet, nutzen Ihre Kunden t\u00e4glich Social Media. Es ist wichtig, dass Sie mit Ihrer Marke verbunden bleiben und mit ihr verbunden sind, damit Sie immer die erste Wahl sind.<\/p>\n<h5><strong style=\"font-weght: 600;\">Es gibt Menschen, die nach Ihrer Firma suchen.<\/strong><\/h5>\n<p>Wenn Ihr Unternehmen ein Produkt oder eine Dienstleistung anbietet, k\u00f6nnen Sie darauf wetten, dass es Leute gibt, die dar\u00fcber reden und nach Unternehmen suchen, die es anbieten. Unser Social-Media-Management-Service hilft Ihrem Unternehmen, an der Konversation teilzunehmen und neue Leads zu generieren.<\/p>\n<h5><\/h5>\n<p>[\/vc_column_text][\/vc_column][vc_column width=&#8221;1\/2&#8243;][vc_column_text]<\/p>\n<h4><strong style=\"font-weght: 600;\">In sozialen Medien wird \u00fcber Ihre Firma gesprochen.<\/strong><\/h4>\n<p>Sie m\u00fcssen h\u00f6ren, was Ihre Kunden \u00fcber Ihr Unternehmen in sozialen Medien sagen und auf ihre Bedenken reagieren. Unsere Social-Media-Management-Services konzentrieren sich darauf, die positiven Aspekte Ihres Unternehmens aufzuzeigen und negative Anmerkungen zu beantworten.<\/p>\n<h5><strong style=\"font-weght: 600;\">Unternehmen verdienen ein professionelles Social-Media-Management.<\/strong><\/h5>\n<p>Die meisten Gesch\u00e4ftsinhaber und Marketingmanager haben keine Zeit, alle ihre Social-Media-Kan\u00e4le zu verwalten. Jedes Mitglied unseres Unternehmens hat seine Zertifizierung im Bereich Social Media Management erhalten und unsere Agentur kann Ihnen helfen, Ihre Marketingziele und einen neuen Kundenstamm zu erreichen.<\/p>\n<p>[\/vc_column_text][\/vc_column][\/vc_row][vc_row][vc_column]<hr class=\"vertical-space3\">\n\t<div class=\"max-title max-title5\">\n\t\t<h1>UNSER <strong>PROZESS<\/strong> <\/h2>\n\t<\/div><hr class=\"vertical-space1\"><div class=\"our-process-wrap\">\n\t\t\t\t<div class=\"our-process-item \">\n\t\t\t\t\t<i class=\"fa fa-cubes\"><\/i>\n\t\t\t\t\t<h4><strong>STRATEGIEENTWICKLUNG<\/strong><\/h4>\n\t\t\t\t\t<p><\/p>\n\t\t\t\t<\/div>\n\t\t\t\t<div class=\"our-process-item \">\n\t\t\t\t\t<i class=\"fa fa-bullhorn\"><\/i>\n\t\t\t\t\t<h4><strong>WERBEMANAGEMENT<\/strong> <\/h4>\n\t\t\t\t\t<p><\/p>\n\t\t\t\t<\/div>\n\t\t\t\t<div class=\"our-process-item \">\n\t\t\t\t\t<i class=\"fa fa-male\"><\/i>\n\t\t\t\t\t<h4><strong>COMMUNITYMANAGEMENT<\/strong><\/h4>\n\t\t\t\t\t<p><\/p>\n\t\t\t\t<\/div>\n\t\t\t\t<div class=\"our-process-item \">\n\t\t\t\t\t<i class=\"fa fa-pencil\"><\/i>\n\t\t\t\t\t<h4><strong>EFFEKTIVE INHALTBESCHREIBUNG<\/strong><\/h4>\n\t\t\t\t\t<p><\/p>\n\t\t\t\t<\/div>\n\t\t\t\t<div class=\"our-process-item \">\n\t\t\t\t\t<i class=\"fa fa-area-chart\"><\/i>\n\t\t\t\t\t<h4><strong>MESSUNG <\/strong>& BERICHTERSTATTUNG<\/h4>\n\t\t\t\t\t<p><\/p>\n\t\t\t\t<\/div><\/div><hr class=\"vertical-space5\">[\/vc_column][\/vc_row][vc_row][vc_column]\n\t<div class=\"max-title max-title3\">\n\t\t<h2>UNSERE GL\u00dcCKLICHEN KUNDEN<\/h2>\n\t<\/div><hr class=\"vertical-space1\"><div class=\"aligncenter\"><hr class=\"vertical-space1\"><div class=\"col-md-12 our-clients-wrap crsl\"><ul id=\"our-clients\" class=\"our-clients crsl\"><li><img alt=\"\" src=\"https:\/\/evolve.al\/admin\/core-wp\/..\/..\/site\/resources-global\/content-data\/uploads\/dga_logo_landscape_v1.jpg\"\/><\/li><li><img alt=\"\" src=\"https:\/\/evolve.al\/admin\/core-wp\/..\/..\/site\/resources-global\/content-data\/uploads\/ardeno-mobileri-al_logo_2.jpg\"\/><\/li><li><img alt=\"\" src=\"https:\/\/evolve.al\/admin\/core-wp\/..\/..\/site\/resources-global\/content-data\/uploads\/salillari-shpk_logo.jpg\"\/><\/li><li><img alt=\"\" src=\"https:\/\/evolve.al\/admin\/core-wp\/..\/..\/site\/resources-global\/content-data\/uploads\/alb-pastrim_logo.jpg\"\/><\/li><li><img alt=\"\" src=\"https:\/\/evolve.al\/admin\/core-wp\/..\/..\/site\/resources-global\/content-data\/uploads\/supersport_logo_v1.jpg\"\/><\/li><li><img alt=\"\" src=\"https:\/\/evolve.al\/admin\/core-wp\/..\/..\/site\/resources-global\/content-data\/uploads\/dpm-gov-al_logo.jpg\"\/><\/li><li><img alt=\"\" src=\"https:\/\/evolve.al\/admin\/core-wp\/..\/..\/site\/resources-global\/content-data\/uploads\/mmsr-gov-al_logo.jpg\"\/><\/li><li><img alt=\"\" src=\"https:\/\/evolve.al\/admin\/core-wp\/..\/..\/site\/resources-global\/content-data\/uploads\/biznes-albania_logo.jpg\"\/><\/li><li><img alt=\"\" src=\"https:\/\/evolve.al\/admin\/core-wp\/..\/..\/site\/resources-global\/content-data\/uploads\/su-shefqet-ndroqi_logo.jpg\"\/><\/li><li><img alt=\"\" src=\"https:\/\/evolve.al\/admin\/core-wp\/..\/..\/site\/resources-global\/content-data\/uploads\/ekb_logo.jpg\"\/><\/li><li><img alt=\"\" src=\"https:\/\/evolve.al\/admin\/core-wp\/..\/..\/site\/resources-global\/content-data\/uploads\/leon-kons_logo.jpg\"\/><\/li><li><img alt=\"\" src=\"https:\/\/evolve.al\/admin\/core-wp\/..\/..\/site\/resources-global\/content-data\/uploads\/alushi-trans-al_logo.jpg\"\/><\/li><\/ul><\/div><hr class=\"vertical-space2\"><\/div>[\/vc_column][\/vc_row][vc_row][vc_column][vc_column_text]<\/p>\n<p>[\/vc_column_text][\/vc_column][\/vc_row][vc_row row_type=&#8221;2&#8243; blox_height=&#8221;452&#8243; blox_image=&#8221;9705&#8243; blox_bgcolor=&#8221;#f7f7f7&#8243;][vc_column el_class=&#8221;aligncenter&#8221;]<hr class=\"vertical-space5\"><hr class=\"vertical-space1\">[vc_column_text]<\/p>\n<h1 style=\"text-align: center;\">Lass uns anfangen<br \/>\n<strong>Ihr Projekt<\/strong><\/h1>\n<p>[\/vc_column_text]<hr class=\"vertical-space1\">[vc_column_text]<\/p>\n<p class=\"slog-tx2 aligncenter\">Wir helfen Ihnen, Ihre Ziele zu erreichen und Ihr Gesch\u00e4ft aufzubauen.<\/p>\n<p>[\/vc_column_text]<hr class=\"vertical-space1\"><a href=\"http:\/\/evolve.al\/de\/request-a-quote\/\" class=\"button skyblue  medium bordered-bot \" target=\"_self\">EIN ANGEBOT ANFORDERN<\/a><hr class=\"vertical-space4\">[\/vc_column][\/vc_row][vc_row][vc_column][vc_column_text]<\/p>\n<p>[\/vc_column_text][\/vc_column][\/vc_row][vc_row row_type=&#8221;2&#8243; blox_image=&#8221;9171&#8243; blox_cover=&#8221;false&#8221; blox_repeat=&#8221;repeat&#8221; blox_dark=&#8221;true&#8221; blox_bgcolor=&#8221;#00c2e5&#8243;][vc_column]<hr class=\"vertical-space3\">[vc_row_inner][vc_column_inner el_class=&#8221;aligncenter&#8221;][vc_column_text]<\/p>\n<h1 style=\"text-align: center;\">WAS WIR GETAN <strong>HABEN<\/strong><\/h1>\n<p style=\"text-align: center;\">Wir bauen Br\u00fccken in der Web-Technologie, um das Ziel des Kunden mit der Realit\u00e4t im Verbindung zu setzen.<\/p>\n<p>[\/vc_column_text]<a href=\"http:\/\/evolve.al\/de\/projects\/\" class=\"button white  medium bordered-bot \" target=\"_self\">SEHEN SIE UNSERE PROJEKTE AN<\/a>[\/vc_column_inner][\/vc_row_inner]<hr class=\"vertical-space2\">[\/vc_column][\/vc_row]<\/p>","protected":false},"excerpt":{"rendered":"<p>[vc_row row_type=&#8221;3&#8243; blox_image=&#8221;9334&#8243; align_center=&#8221;aligncenter&#8221; page_title=&#8221;page-title-x&#8221; blox_dark=&#8221;true&#8221; parallax_speed=&#8221;7&#8243;][vc_column][vc_column_text] SOCIAL MEDIA MARKETING [\/vc_column_text][\/vc_column][\/vc_row][vc_row row_type=&#8221;2&#8243; page_title=&#8221;page-title-x&#8221; blox_padding_top=&#8221;50&#8243; blox_padding_bottom=&#8221;50&#8243; blox_bgcolor=&#8221;#f7f7f7&#8243;][vc_column width=&#8221;1\/6&#8243;][\/vc_column][vc_column width=&#8221;2\/3&#8243;][vc_column_text] SOCIAL MEDIA MARKETING Ein leistungsstarkes Werkzeug der Kommunikation, soziale Medien erm\u00f6glicht es Unternehmen, ihre Kunden dort zu erreichen, wo sie sind, und gleichzeitig ihre Marken zu charakterisieren und ihre Kundenbasis zu erweitern. Wenn es richtig gemacht wird, kann Social-Media-Marketing auch die Wirksamkeit anderer Marketing-Techniken \u2013 einschlie\u00dflich SEO und SEM \u2013 erh\u00f6hen, indem es dabei hilft, nat\u00fcrliche Verbindungen aufzubauen und Verkehr, Bekanntheit, Markenbekanntheit und Goodwill zu f\u00f6rdern. Wenn Sie mit Social Media Strategie, Management oder Werbung zu k\u00e4mpfen haben, k\u00f6nnen wir Ihnen helfen. [\/vc_column_text][\/vc_column][vc_column width=&#8221;1\/6&#8243;][\/vc_column][\/vc_row][vc_row][vc_column][vc_row_inner][vc_column_inner][vc_column_text]Online-Marketing in sozialen Netzwerken Social Media sind ein leistungsf\u00e4higes Kommunikationsmittel. Social Media-Marketing hilft Unternehmen, eine Verbindung mit Kunden und Interessenten aufzubauen. Die Nutzung der verschiedenen Plattformen machen einen Austausch zwischen Kunden und Interessenten sehr leicht m\u00f6glich. Viele Menschen nutzen t\u00e4glich ein oder mehrere soziale Netzwerke. Daher richten Unternehmen und Firmen Online-Marketingstrategien in sozialen Netzwerken gro\u00dfe Aufmerksamkeit. Online-Marketing ist heute eine wichtige und schnelle L\u00f6sung, mit seinen Dienstleistungen und Produkten dort zu sein, wo Kunden sind. Online-Marketing kann Unternehmen helfen, Kunden schnell und einfach zu erreichen. Online-Marketing erm\u00f6glicht es Unternehmen, ihre Pr\u00e4senz online zu erh\u00f6hen. Wenn dies richtig gemacht wird, kann Online-Social-Media-Marketing die Effizienz anderer Online-Marketing-Techniken steigern. Dazu geh\u00f6ren SEO und SEM. Wenn Sie Schwierigkeiten beim Erstellen einer Marketingstrategie f\u00fcr soziale Online-Netzwerke haben, k\u00f6nnen wir Ihnen helfen. Soziale Netzwerke sind der einfachste und schnellste Weg, um Ihre Verkaufschancen zu erh\u00f6hen und die Produkte oder Dienstleistungen der Verbraucher zu steigern. Was ist Online-Marketing in sozialen Netzwerken? Online-Social-Media-Marketing (SMM) ist eine Form des Online-Marketings. Das Online-Marketing f\u00fcr soziale Medien umfasst Aktivit\u00e4ten, die Inhalten, Videos und Bildern f\u00fcr Marketingzwecke verteielen. Marketing in sozialen Netzwerken ist eine Form des Internet-Marketings, deren Hauptziel ist die Nutzung der gro\u00dfen M\u00f6glichkeiten, die verschiedene soziale Netzwerke bieten k\u00f6nnen,&#8230; <\/p>\n<p><a class=\"readmore\" href=\"https:\/\/evolve.al\/de\/marketing-online\/\">Continue Reading<\/a><\/p>\n","protected":false},"author":1,"featured_media":0,"parent":0,"menu_order":0,"comment_status":"closed","ping_status":"closed","template":"","meta":[],"_links":{"self":[{"href":"https:\/\/evolve.al\/de\/wp-json\/wp\/v2\/pages\/9407"}],"collection":[{"href":"https:\/\/evolve.al\/de\/wp-json\/wp\/v2\/pages"}],"about":[{"href":"https:\/\/evolve.al\/de\/wp-json\/wp\/v2\/types\/page"}],"author":[{"embeddable":true,"href":"https:\/\/evolve.al\/de\/wp-json\/wp\/v2\/users\/1"}],"replies":[{"embeddable":true,"href":"https:\/\/evolve.al\/de\/wp-json\/wp\/v2\/comments?post=9407"}],"version-history":[{"count":7,"href":"https:\/\/evolve.al\/de\/wp-json\/wp\/v2\/pages\/9407\/revisions"}],"predecessor-version":[{"id":11187,"href":"https:\/\/evolve.al\/de\/wp-json\/wp\/v2\/pages\/9407\/revisions\/11187"}],"wp:attachment":[{"href":"https:\/\/evolve.al\/de\/wp-json\/wp\/v2\/media?parent=9407"}],"curies":[{"name":"wp","href":"https:\/\/api.w.org\/{rel}","templated":true}]}}