{"id":9309,"date":"2016-03-31T08:35:50","date_gmt":"2016-03-31T08:35:50","guid":{"rendered":"http:\/\/webnus.biz\/themes\/easyweb\/design\/?page_id=9309"},"modified":"2019-03-13T17:37:56","modified_gmt":"2019-03-13T16:37:56","slug":"digital-branding","status":"publish","type":"page","link":"https:\/\/evolve.al\/de\/digital-branding\/","title":{"rendered":"DIGITALE MARKEN"},"content":{"rendered":"<p>[vc_row row_type=&#8221;3&#8243; blox_image=&#8221;9334&#8243; align_center=&#8221;aligncenter&#8221; page_title=&#8221;page-title-x&#8221; blox_dark=&#8221;true&#8221; parallax_speed=&#8221;7&#8243;][vc_column]<hr class=\"vertical-space5\"><hr class=\"vertical-space5\"><hr class=\"vertical-space3\">[vc_column_text]<\/p>\n<h2 class=\"respo-tagline\" style=\"text-align: center; letter-spacing: 1px;\"><strong>DIGITALE MARKEN<br \/>\n<\/strong><\/h2>\n<p>[\/vc_column_text]<hr class=\"vertical-space5\"><hr class=\"vertical-space5\">[\/vc_column][\/vc_row][vc_row row_type=&#8221;2&#8243; page_title=&#8221;page-title-x&#8221; blox_padding_top=&#8221;50&#8243; blox_padding_bottom=&#8221;50&#8243; blox_bgcolor=&#8221;#f7f7f7&#8243;][vc_column width=&#8221;1\/6&#8243;][\/vc_column][vc_column width=&#8221;2\/3&#8243;]<hr class=\"vertical-space5\">[vc_column_text]<\/p>\n<h3 style=\"text-align: center;\"><strong>DIGITALE MARKEN&amp; REPUTATIONSMANAGEMENT<br \/>\n<\/strong><\/h3>\n<p style=\"text-align: center;\">Im Gesch\u00e4ft ist die Reputation alles. Dank Social Media und Bewertungsseiten wie Yelp kannst du schnell einen guten Online-Ruf aufbauen. Es gibt nur ein Problem: Das Internet bewegt sich schnell, und mit ein paar Fehlschl\u00e4gen k\u00f6nnen Sie genauso schnell den Tiefpunkt erreichen, wie Sie diese begehrte 5-Sterne-Bewertung erreicht haben.<\/p>\n<p>[\/vc_column_text]<hr class=\"vertical-space5\">[\/vc_column][vc_column width=&#8221;1\/6&#8243;][\/vc_column][\/vc_row][vc_row][vc_column width=&#8221;1\/2&#8243;]<hr class=\"vertical-space5\">[vc_column_text]<\/p>\n<h4><strong>Unser Know-How<\/strong><\/h4>\n<p>Wir wissen, dass verschiedene Unternehmen und Einzelpersonen unterschiedliche Anforderungen an das Reputationsmanagement haben. Unsere Mitarbeiter recherchierten und rezensierten Dutzende von Reputationsmanagement-Dienstleistungen und stellten diejenigen vor, die unserer Meinung nach sowohl f\u00fcr Unternehmen als auch f\u00fcr Einzelpersonen am besten geeignet sind.<br \/>\nWir bieten Dienstleistungen f\u00fcr Regierungen, kleine und gro\u00dfe Unternehmen aus einer Vielzahl von Branchen und Bereichen.<br \/>\nUnsere exklusiven L\u00f6sungen konzentrieren sich nicht nur auf die \u00f6ffentliche Wahrnehmung, sondern auch auf unser Verst\u00e4ndnis, Treiber f\u00fcr bestimmte Produkte zu kaufen.<br \/>\nDie \u00f6ffentliche Wahrnehmung ist \u00e4u\u00dferst wichtig, aber unsere propriet\u00e4ren L\u00f6sungen konzentrieren sich darauf, was den Umsatz f\u00fcr Ihre Produkte oder Dienstleistungen antreibt.<\/p>\n<p>[\/vc_column_text]<hr class=\"vertical-space2\">[\/vc_column][vc_column width=&#8221;1\/2&#8243;]<hr class=\"vertical-space5\">[vc_column_text]<\/p>\n<h4><strong>WAS UNS ANDERS MACHT<\/strong><\/h4>\n<p>Wenn Sie derzeit ein Problem mit dem Online-Reputationsmanagement haben, k\u00f6nnen unsere Online-Reputationsberater Ihnen die Tools zur Verf\u00fcgung stellen, die Sie ben\u00f6tigen, um sie zu erkennen und in aller Ruhe aus den Suchmaschinen zu entfernen. Wenn Sie das Gl\u00fcck haben, (noch) kein Markenproblem zu haben, werden wir Ihnen eine Reputation-Monitoring-Software vorstellen, die Sie auf dem Laufenden h\u00e4lt, was \u00fcber Ihre Marke gesagt wird.<\/p>\n<p>[\/vc_column_text]<hr class=\"vertical-space2\">[\/vc_column][\/vc_row][vc_row][vc_column][vc_row_inner][vc_column_inner][vc_column_text]Wie Ihre pers\u00f6nliche Identit\u00e4t Sie einzigartig macht, so ist Ihre Markenidentit\u00e4t ein einzigartiges Merkmal Ihres Unternehmens, dass Sie von allen anderen Unternehmen unterscheidet. Und Ihre Markenidentit\u00e4t zu gestalten? Es ist das, was Ihr Unternehmen braucht!<\/p>\n<p>Aber was ist die Markenidentit\u00e4t?<br \/>\nWie k\u00f6nnen Sie eine starke Markenidentit\u00e4t schaffen, die Ihr Unternehmen auf die n\u00e4chste Stufe bringt?<\/p>\n<p>Die Begriffe &#8220;Marke&#8221; und &#8220;Markenidentit\u00e4t&#8221; werden manchmal als austauschbar behandelt, dies ist jedoch nicht der Fall.<\/p>\n<p>Marke ist die Wahrnehmung des Unternehmens in den Augen der Welt.<br \/>\nBranding beinhaltet Marketingpraktiken, um aktiv eine unverwechselbare Marke zu bilden.<br \/>\nMarkenidentit\u00e4t ist die Sammlung aller Markenelemente, die das Unternehmen erstellt, um Kunden das richtige Image von sich selbst zu vermitteln.<\/p>\n<p>Ihr Unternehmen unterscheidet sich nicht so sehr von einer Person: Es hat Eigenschaften, Qualit\u00e4t, eine bestimmte Sprache als Kommunikationsm\u00f6glichkeit, hat eine Geschichte seiner Enwicklung und die Ziele,die kurz- und langfristig erreicht werden sollen. Um Ihr Unternehmen Erfolg zu haben, ist es f\u00fcr Sie vor allem wichtig, eine wichtige Markenidentit\u00e4t zu haben. Sie m\u00fcssen sich dar\u00fcber im Klaren sein, wie Sie mit jedem Projekt umgehen, in dem Sie die richtige Strategie verfolgen!<\/p>\n<p><strong>Was ist die Markenidentit\u00e4t?<\/strong><\/p>\n<p>Die Markenidentit\u00e4t ist die Menge von visuellen und sprachlichen Merkmalen, die eine Marke bekannt machen und sich von der Konkurrenz unterscheiden. Aus diesem Grund ist die Markenidentit\u00e4t der erste Beitrag zum Erfolg des Produkts oder der Dienstleistung, die Ihr Unternehmen bietet.Die Markenidentit\u00e4t nimmt gro\u00dfen Einfluss auf die St\u00e4rke, die Bekanntheit und Beliebtheit einer Marke.<br \/>\nIdealerweise stimmt die Markenidentit\u00e4t mit dem Markenimage \u00fcberein. Der Aufbau einer starken Markenidentit\u00e4t ist aber nicht nur im Bereich der Produktentwicklung und Vermarktung, sondern auch auf dem Dienstleistungssektor von enormer Bedeutung. Die Identit\u00e4t dr\u00fcckt aus, welche W\u00fcnsche eine Marke erf\u00fcllt und welche Bed\u00fcrfnisse sie stillt.<\/p>\n<p>Um auf dem ges\u00e4ttigten Produkt- und Dienstleistungsmarkt herausstechen zu k\u00f6nnen, brauchen Marken eine aussagekr\u00e4ftige Markenidentit\u00e4t. Auf visueller und sprachlich wahrnehmbarer Ebene definiert diese sich neben anderen Attributen \u00fcber den Namen, Slogans und Claims, Jingles, Farben und Formen.<\/p>\n<p>Markenidentit\u00e4t gilt es als prim\u00e4res Ziel des Unternehmers. Es ist sehr wichtig die Markenidentit\u00e4t aufzubauen, weiter zu st\u00e4rken und sie intern wie extern zu verbreiten.<\/p>\n<p>Warum ist die Markenidentit\u00e4t wichtig?<br \/>\nAus diesen zwei Gr\u00fcnden:<br \/>\n1. Es handelt sich um einen Kommunikationsleitfaden f\u00fcr Kunden. Die Markenidentit\u00e4t ist der Leitfaden f\u00fcr die Unternehmenskommunikation, ein Instrument, das Ihre Medienstrategie und -kan\u00e4le anpasst und das Fehlerrisiko reduziert.<br \/>\n2. Es ist der Ausweis des Unternehmens auf dem Markt. Die Markenidentit\u00e4t vermittelt ein Gef\u00fchl der Nachhaltigkeit und Glaubw\u00fcrdigkeit des Unternehmens. Brand Identity bietet Verhaltensweisen und Werte f\u00fcr die Mitarbeiter.<br \/>\nOhne Markenidentit\u00e4t ist es schwieriger, Texte zu schreiben, Werbeaktionen oder Marketingkampagnen durchzuf\u00fchren. Ohne Markenidentit\u00e4t riskiert das Unternehmen die Orientierung zu verlieren und keine gemeinsamen Werte zu haben.<br \/>\nDie Markenidentit\u00e4t ist wichtiger Insbesondere in Zeiten der Digitalisierung sind Marken, die Glaubw\u00fcrdigkeit, Konstanz und Vertrauen ausstrahlen, erfolgsentscheidend f\u00fcr die Wahl beim Kunden.<\/p>\n<p>Was Unternehmen glaubw\u00fcrdig macht, ist eine starke Markenidentit\u00e4t !<\/p>\n<p>1. Stellen Sie sich das Unternehmen als Person vor. Was sind Ihre Eigenschaften, Merkmale, eine Beschreibung der Pers\u00f6nlichkeit einer Person, also auch f\u00fcr Ihr Unternehmen.<br \/>\n2. Wer ist deine Zielgruppe? Wer ist Ihr Service oder Produkt, wer sind Ihre Kunden, Ihr Ziel, an denen Sie jeden Tag arbeiten und dienen.<\/p>\n<p>3. Was macht dich besonders? Warum sollten sie dich w\u00e4hlen?<br \/>\nAn dieser Stelle m\u00fcssen Sie Ihren potenziellen Kunden Ihren besonderen charakteristischen Punkt der von Ihnen angebotenen Produkte oder Dienstleistungen vorstellen. Sie sollten in wenigen Zeilen erl\u00e4utern, warum Ihr Unternehmen die beste Wahl ist, wie Ihr Produkt die Situation verbessert oder ausw\u00e4hlt. Machen Sie klare, konkrete, vollst\u00e4ndige und kurze S\u00e4tze.<br \/>\n4.Was ist Ihre Mission, Vision und Werte?<br \/>\nEin Unternehmen sollte eine klar definierte Mission, Vision und Werte haben. Zuerst m\u00fcssen Sie die Geschichte des Unternehmens erz\u00e4hlen, Ziele und Werte die Sie leiten. Auf der anderen Seite ist es f\u00fcr das Unternehmen wichtig, eine genauere Vision f\u00fcr die Zukunft zu haben.<\/p>\n<p>Wer ist an der Definition der Markenidentit\u00e4t beteiligt?<br \/>\nSelbstverst\u00e4ndlich helfen Ihnen Ihr Kommunikationsb\u00fcro und Ihre Internetagentur. Wir folgen Ihnen Schritt f\u00fcr Schritt bei der Zusammenstellung Ihrer Markenidentit\u00e4t im visuellen und textlichen Aspekt des Internets.<br \/>\nWir erstellen vollst\u00e4ndige Markenrichtlinien f\u00fcr Firmeneinf\u00fchrung, Logo, Farben, Typografie, Hinweise zur Verwendung von Grafiken, Texten und Signaturen.<br \/>\nDamit ein Unternehmen erfolgreich sein kann, sollte es von der Zielgruppe, an die es sich richtet, ein klares und verst\u00e4ndliches Image haben. Image-Design ist daher einer der Kernprozesse bei der Schaffung von Business-Identity und der erste Schritt auf dem Markt.<\/p>\n<p>Visuelle Identit\u00e4t schaffen hei\u00dft, Ihre Markenwerte grunds\u00e4tzlich in jedem Aspekt anzuwenden.<\/p>\n<p><strong>Was ist daran beteiligt?<\/strong><\/p>\n<p>Die Markenbezeichnung umfasst Design wie Brosch\u00fcren, A4, A3, Banner, Citylight, Verkaufskataloge, Verpackungen, Personaluniformen usw. Alle diese personalisierten Produkte werden speziell f\u00fcr Ihr Unternehmen entwickelt.<br \/>\nWas unterscheidet uns?<\/p>\n<p>Wenn Sie derzeit ein Problem mit dem Online-Reputationsmanagement haben, k\u00f6nnen unsere Online-Reputationsberater die Tools bereitstellen, die Sie ben\u00f6tigen, um das Problem zu erkennen und es aus den Suchmaschinen zu entfernen. Wenn Sie das Gl\u00fcck haben, (noch) kein Markenproblem zu haben, werden wir Sie mit einer Reputations\u00fcberwachungssoftware vertraut machen, die Sie auf dem Laufenden h\u00e4lt, was \u00fcber Ihre Marke gesagt wird.[\/vc_column_text][\/vc_column_inner][\/vc_row_inner]<hr class=\"vertical-space1\">[\/vc_column][\/vc_row][vc_row][vc_column]\n\t<div class=\"max-title max-title3\">\n\t\t<h2>UNSERE GL\u00dcCKLICHEN KUNDEN<\/h2>\n\t<\/div><hr class=\"vertical-space1\"><div class=\"aligncenter\"><hr class=\"vertical-space1\"><div class=\"col-md-12 our-clients-wrap crsl\"><ul id=\"our-clients\" class=\"our-clients crsl\"><li><img alt=\"\" src=\"https:\/\/evolve.al\/admin\/core-wp\/..\/..\/site\/resources-global\/content-data\/uploads\/dga_logo_landscape_v1.jpg\"\/><\/li><li><img alt=\"\" src=\"https:\/\/evolve.al\/admin\/core-wp\/..\/..\/site\/resources-global\/content-data\/uploads\/ardeno-mobileri-al_logo_2.jpg\"\/><\/li><li><img alt=\"\" src=\"https:\/\/evolve.al\/admin\/core-wp\/..\/..\/site\/resources-global\/content-data\/uploads\/salillari-shpk_logo.jpg\"\/><\/li><li><img alt=\"\" src=\"https:\/\/evolve.al\/admin\/core-wp\/..\/..\/site\/resources-global\/content-data\/uploads\/alb-pastrim_logo.jpg\"\/><\/li><li><img alt=\"\" src=\"https:\/\/evolve.al\/admin\/core-wp\/..\/..\/site\/resources-global\/content-data\/uploads\/supersport_logo_v1.jpg\"\/><\/li><li><img alt=\"\" src=\"https:\/\/evolve.al\/admin\/core-wp\/..\/..\/site\/resources-global\/content-data\/uploads\/dpm-gov-al_logo.jpg\"\/><\/li><li><img alt=\"\" src=\"https:\/\/evolve.al\/admin\/core-wp\/..\/..\/site\/resources-global\/content-data\/uploads\/mmsr-gov-al_logo.jpg\"\/><\/li><li><img alt=\"\" src=\"https:\/\/evolve.al\/admin\/core-wp\/..\/..\/site\/resources-global\/content-data\/uploads\/biznes-albania_logo.jpg\"\/><\/li><li><img alt=\"\" src=\"https:\/\/evolve.al\/admin\/core-wp\/..\/..\/site\/resources-global\/content-data\/uploads\/su-shefqet-ndroqi_logo.jpg\"\/><\/li><li><img alt=\"\" src=\"https:\/\/evolve.al\/admin\/core-wp\/..\/..\/site\/resources-global\/content-data\/uploads\/ekb_logo.jpg\"\/><\/li><li><img alt=\"\" src=\"https:\/\/evolve.al\/admin\/core-wp\/..\/..\/site\/resources-global\/content-data\/uploads\/leon-kons_logo.jpg\"\/><\/li><li><img alt=\"\" src=\"https:\/\/evolve.al\/admin\/core-wp\/..\/..\/site\/resources-global\/content-data\/uploads\/alushi-trans-al_logo.jpg\"\/><\/li><\/ul><\/div><hr class=\"vertical-space2\"><\/div>[\/vc_column][\/vc_row][vc_row row_type=&#8221;2&#8243; blox_height=&#8221;452&#8243; blox_image=&#8221;9705&#8243; blox_bgcolor=&#8221;#f7f7f7&#8243;][vc_column el_class=&#8221;aligncenter&#8221;]<hr class=\"vertical-space5\"><hr class=\"vertical-space1\">[vc_column_text]<\/p>\n<h1 style=\"text-align: center;\">Lass uns<br \/>\n<strong>Ihr Projekt anfangen <\/strong><\/h1>\n<p>[\/vc_column_text]<hr class=\"vertical-space1\">[vc_column_text]<\/p>\n<p class=\"slog-tx2 aligncenter\">Wir helfen Ihnen, Ihre Ziele zu erreichen und Ihr Gesch\u00e4ft aufzubauen.<\/p>\n<p>[\/vc_column_text]<hr class=\"vertical-space1\"><a href=\"http:\/\/evolve.al\/de\/request-a-quote\/\" class=\"button skyblue  medium bordered-bot \" target=\"_self\">EIN ANGEBOT ANFORDERN<\/a><hr class=\"vertical-space4\">[\/vc_column][\/vc_row][vc_row row_type=&#8221;2&#8243; blox_image=&#8221;9171&#8243; blox_cover=&#8221;false&#8221; blox_repeat=&#8221;repeat&#8221; blox_dark=&#8221;true&#8221; blox_bgcolor=&#8221;#00c2e5&#8243;][vc_column]<hr class=\"vertical-space3\">[vc_row_inner][vc_column_inner el_class=&#8221;aligncenter&#8221;][vc_column_text]<\/p>\n<h1 style=\"text-align: center;\">WAS WIR GETAN HABEN<\/h1>\n<p style=\"text-align: center;\">Wir bauen Br\u00fccken in der Web-Technologie, um das Ziel des Kunden mit der Realit\u00e4t im Verbindung zu setzen.<\/p>\n<p>[\/vc_column_text]<a href=\"http:\/\/evolve.al\/de\/projects\/\" class=\"button white  medium bordered-bot \" target=\"_self\">SEHEN SIE UNSERE PROJEKTE AN<\/a>[\/vc_column_inner][\/vc_row_inner]<hr class=\"vertical-space2\">[\/vc_column][\/vc_row]<\/p>","protected":false},"excerpt":{"rendered":"<p>[vc_row row_type=&#8221;3&#8243; blox_image=&#8221;9334&#8243; align_center=&#8221;aligncenter&#8221; page_title=&#8221;page-title-x&#8221; blox_dark=&#8221;true&#8221; parallax_speed=&#8221;7&#8243;][vc_column][vc_column_text] DIGITALE MARKEN [\/vc_column_text][\/vc_column][\/vc_row][vc_row row_type=&#8221;2&#8243; page_title=&#8221;page-title-x&#8221; blox_padding_top=&#8221;50&#8243; blox_padding_bottom=&#8221;50&#8243; blox_bgcolor=&#8221;#f7f7f7&#8243;][vc_column width=&#8221;1\/6&#8243;][\/vc_column][vc_column width=&#8221;2\/3&#8243;][vc_column_text] DIGITALE MARKEN&amp; REPUTATIONSMANAGEMENT Im Gesch\u00e4ft ist die Reputation alles. Dank Social Media und Bewertungsseiten wie Yelp kannst du schnell einen guten Online-Ruf aufbauen. Es gibt nur ein Problem: Das Internet bewegt sich schnell, und mit ein paar Fehlschl\u00e4gen k\u00f6nnen Sie genauso schnell den Tiefpunkt erreichen, wie Sie diese begehrte 5-Sterne-Bewertung erreicht haben. [\/vc_column_text][\/vc_column][vc_column width=&#8221;1\/6&#8243;][\/vc_column][\/vc_row][vc_row][vc_column width=&#8221;1\/2&#8243;][vc_column_text] Unser Know-How Wir wissen, dass verschiedene Unternehmen und Einzelpersonen unterschiedliche Anforderungen an das Reputationsmanagement haben. Unsere Mitarbeiter recherchierten und rezensierten Dutzende von Reputationsmanagement-Dienstleistungen und stellten diejenigen vor, die unserer Meinung nach sowohl f\u00fcr Unternehmen als auch f\u00fcr Einzelpersonen am besten geeignet sind. Wir bieten Dienstleistungen f\u00fcr Regierungen, kleine und gro\u00dfe Unternehmen aus einer Vielzahl von Branchen und Bereichen. Unsere exklusiven L\u00f6sungen konzentrieren sich nicht nur auf die \u00f6ffentliche Wahrnehmung, sondern auch auf unser Verst\u00e4ndnis, Treiber f\u00fcr bestimmte Produkte zu kaufen. Die \u00f6ffentliche Wahrnehmung ist \u00e4u\u00dferst wichtig, aber unsere propriet\u00e4ren L\u00f6sungen konzentrieren sich darauf, was den Umsatz f\u00fcr Ihre Produkte oder Dienstleistungen antreibt. [\/vc_column_text][\/vc_column][vc_column width=&#8221;1\/2&#8243;][vc_column_text] WAS UNS ANDERS MACHT Wenn Sie derzeit ein Problem mit dem Online-Reputationsmanagement haben, k\u00f6nnen unsere Online-Reputationsberater Ihnen die Tools zur Verf\u00fcgung stellen, die Sie ben\u00f6tigen, um sie zu erkennen und in aller Ruhe aus den Suchmaschinen zu entfernen. Wenn Sie das Gl\u00fcck haben, (noch) kein Markenproblem zu haben, werden wir Ihnen eine Reputation-Monitoring-Software vorstellen, die Sie auf dem Laufenden h\u00e4lt, was \u00fcber Ihre Marke gesagt wird. [\/vc_column_text][\/vc_column][\/vc_row][vc_row][vc_column][vc_row_inner][vc_column_inner][vc_column_text]Wie Ihre pers\u00f6nliche Identit\u00e4t Sie einzigartig macht, so ist Ihre Markenidentit\u00e4t ein einzigartiges Merkmal Ihres Unternehmens, dass Sie von allen anderen Unternehmen unterscheidet. Und Ihre Markenidentit\u00e4t zu gestalten? Es ist das, was Ihr Unternehmen braucht! Aber was ist die Markenidentit\u00e4t? Wie k\u00f6nnen Sie eine starke Markenidentit\u00e4t schaffen, die Ihr Unternehmen auf die n\u00e4chste Stufe bringt? Die Begriffe &#8220;Marke&#8221;&#8230; <\/p>\n<p><a class=\"readmore\" href=\"https:\/\/evolve.al\/de\/digital-branding\/\">Continue Reading<\/a><\/p>\n","protected":false},"author":1,"featured_media":0,"parent":0,"menu_order":0,"comment_status":"closed","ping_status":"closed","template":"","meta":[],"_links":{"self":[{"href":"https:\/\/evolve.al\/de\/wp-json\/wp\/v2\/pages\/9309"}],"collection":[{"href":"https:\/\/evolve.al\/de\/wp-json\/wp\/v2\/pages"}],"about":[{"href":"https:\/\/evolve.al\/de\/wp-json\/wp\/v2\/types\/page"}],"author":[{"embeddable":true,"href":"https:\/\/evolve.al\/de\/wp-json\/wp\/v2\/users\/1"}],"replies":[{"embeddable":true,"href":"https:\/\/evolve.al\/de\/wp-json\/wp\/v2\/comments?post=9309"}],"version-history":[{"count":6,"href":"https:\/\/evolve.al\/de\/wp-json\/wp\/v2\/pages\/9309\/revisions"}],"predecessor-version":[{"id":11170,"href":"https:\/\/evolve.al\/de\/wp-json\/wp\/v2\/pages\/9309\/revisions\/11170"}],"wp:attachment":[{"href":"https:\/\/evolve.al\/de\/wp-json\/wp\/v2\/media?parent=9309"}],"curies":[{"name":"wp","href":"https:\/\/api.w.org\/{rel}","templated":true}]}}