{"id":9297,"date":"2016-03-30T12:50:23","date_gmt":"2016-03-30T12:50:23","guid":{"rendered":"http:\/\/webnus.biz\/themes\/easyweb\/design\/?page_id=9297"},"modified":"2019-01-17T11:47:53","modified_gmt":"2019-01-17T10:47:53","slug":"seo","status":"publish","type":"page","link":"https:\/\/evolve.al\/de\/seo\/","title":{"rendered":"SEO"},"content":{"rendered":"<p>[vc_row row_type=&#8221;3&#8243; blox_image=&#8221;9477&#8243; align_center=&#8221;aligncenter&#8221; page_title=&#8221;page-title-x&#8221; blox_dark=&#8221;true&#8221; parallax_speed=&#8221;7&#8243;][vc_column]<hr class=\"vertical-space5\"><hr class=\"vertical-space5\"><hr class=\"vertical-space3\">[vc_column_text]<\/p>\n<h2 class=\"respo-tagline\" style=\"text-align: center; letter-spacing: 1px;\"><strong>SEO<\/strong><\/h2>\n<p>[\/vc_column_text]<hr class=\"vertical-space5\"><hr class=\"vertical-space5\">[\/vc_column][\/vc_row][vc_row row_type=&#8221;2&#8243; page_title=&#8221;page-title-x&#8221; blox_padding_top=&#8221;50&#8243; blox_padding_bottom=&#8221;50&#8243; blox_bgcolor=&#8221;#f7f7f7&#8243;][vc_column width=&#8221;7\/12&#8243;]<hr class=\"vertical-space5\">[vc_column_text]<\/p>\n<h2><strong>Suchmaschinenoptimierung<\/strong><\/h2>\n<p>Ist der Prozess der Beeinflussung der Sichtbarkeit einer Webseite oder einer Webseite in den unbezahlten Ergebnissen einer Suchmaschine \u2013 oft als \u201cnat\u00fcrliche\u201d, \u201corganische\u201d oder \u201cverdiente\u201d Ergebnisse bezeichnet. Im Allgemeinen gilt: Je fr\u00fcher (oder h\u00f6her auf der Suchergebnisseite) und h\u00e4ufiger eine Webseite in der Suchergebnisliste angezeigt wird, desto mehr Besucher erhalten sie von den Nutzern der Suchmaschine. SEO kann auf verschiedene Arten der Suche zielen, einschlie\u00dflich Bildsuche, lokale Suche, Videosuche, akademische Suche, Nachrichtensuche und branchenspezifische vertikale Suchmaschinen.[\/vc_column_text]<hr class=\"vertical-space5\">[\/vc_column][vc_column width=&#8221;5\/12&#8243;][vc_single_image image=&#8221;9304&#8243; img_size=&#8221;full&#8221; alignment=&#8221;right&#8221; css_animation=&#8221;bottom-to-top&#8221;][\/vc_column][\/vc_row][vc_row][vc_column][vc_row_inner][vc_column_inner][vc_column_text]Bei der Optimierung von Suchmaschinen f\u00fcr eine Website haben einige Unternehmen m\u00f6glicherweise Angst vor der Menge an Informationen. Und wenn sie nicht die Hilfe eines SEO-Beraters haben, tun sie oft nichts. Gl\u00fccklicherweise bietet Evolve Studio SEO-Services zu einem unglaublich g\u00fcnstigen Preis.<\/p>\n<p>Jedes Unternehmen sollte in die Optimierung von Suchmaschinen investieren. Die Optimierung Ihrer Website f\u00fcr Suchmaschinen-Algorithmen ist der Prozess der Optimierung Ihrer Website, um den organischen Verkehr zu maximieren.<\/p>\n<p>Hier einige Gr\u00fcnde, warum Sie SEO f\u00fcr Ihr Unternehmen benutzen sollten:<\/p>\n<p>Steigern Sie durch SEO die Sichtbarkeit Ihres Unternehmens. Mit einer gezielten Suchmaschinenoptimierung (SEO) schie\u00dfen die Besucherzahlen auf Ihrer Webseite in die H\u00f6he<\/p>\n<p><strong>Es gibt Leute, die in Suchmaschinen nach Ihren Produkten oder Dienstleistungen suchen.<\/strong><\/p>\n<p>Die meisten User gelangen nicht direkt auf eine Homepage, sie finden \u00fcber Google und anderen Suchmaschinen auf eine Webseite.\u00dcber zwei Milliarden Menschen sind online. 93% der Online-Aktivit\u00e4ten beginnen in einer Suchmaschine. Pro Sekunde werden etwa 40.000 Suchanfragen und etwa 3,5 Milliarden Suchanfragen pro Tag durchgef\u00fchrt. Es gibt Millionen von M\u00f6glichkeiten, dass die Leute Ihr Unternehmen in Suchmaschinen finden werden.<\/p>\n<p><strong>Wenn Sie nicht auf der ersten Seite sind, gewinnen Sie nicht.<\/strong><\/p>\n<p>Es ist kein Geheimnis in der SEO-Welt, dass wenn Sie nicht auf der ersten Seite sind, die Chancen stehen, dass Sie nicht im Eile auf Klicks von Nutzern gewinnen. Eine aktuelle Studie zeigt, dass die ersten drei Positionen im Suchranking fast 40% aller Click ausmachen, w\u00e4hrend bis zu 30% aller Ergebnisse auf Seite 1 und 2 \u00fcberhaupt nicht angeklickt werden. Was bedeutet das? Zwei Dinge: Wenn Sie sich nicht auf Seite 1 befinden, m\u00fcssen Sie dort sein. Es gibt immer noch zu viele F\u00e4lle, in denen ein Benutzer eine Suchanfrage eingibt und nicht genau das findet, wonach er sucht.<\/p>\n<p><strong>Local Seo bedeutet mehr Beteiligung, Verkehr und Conversions.<\/strong><\/p>\n<p>Durch die wachsende Dominanz des mobilen Verkehrs ist die lokale Forschung zu einem Schl\u00fcsselelement f\u00fcr den Erfolg kleiner und mittlerer Unternehmen geworden. Lokale Suchmaschinenoptimierung zielt darauf ab, die digitalen Eigenschaften so zu optimieren, dass die Menschen schnell und einfach das Gesuchte finden. Lokale Optimierungen konzentrieren sich auf St\u00e4dte, Regionen und sogar bestimmte Bundesstaaten, um eine g\u00fcltige Methode f\u00fcr die lokale Kommunikation einer Marke festzulegen. Um dies zu tun, muss der SEO die Website optimieren und die hohe Qualit\u00e4t der Inhalte, die Hervorhebung der lokalen Zitate und Backlinks, sowie die lokalen Verzeichnissen, die f\u00fcr die Position und die Wirtschaft einer Marke. Es sollte auch eine starke Betonung auf User-Bewertungen sein.<\/p>\n<p><strong>SEO ist eine langfristige Strategie<\/strong><\/p>\n<p>SEO ist eine langfristige Strategie. Wie alles, was wirklich wichtig ist, ben\u00f6tigt SEO auch einige Zeit, um Ergebnisse zu liefern. Es kann 6-12 Monate dauern, bis die optimalen Ranglisten angezeigt werden. Da es jedoch einige Zeit dauert, um in der Reihenfolge nach oben zu gelangen, ist ein Absturz erforderlich. Wenn Sie bei Google eine hohes Ranking einnehmen, gehen Sie selten unter. Der einzige Grund, warum sich dies \u00e4ndern wird, liegt in einem erh\u00f6hten SEO-Wettbewerb oder \u00c4nderungen im Google-Algorithmus.Eine solide Suchmaschinenoptimierung zu Ihrer Webseite ist ein fortlaufender Prozess, deshalb ist es elementar auf konstante und durchweg fehlerfrei Optimierungsmethoden zu setzen.<\/p>\n<p><strong>Ihre Konkurrenten nutzen SEO, um zu wachsen<\/strong><\/p>\n<p>&#8220;T\u00f6ten oder T\u00f6ten&#8221;. Ihre Kunden starten ihre Online-Ranking mit einer Suche. Ihre Konkurrenten nutzen die Suche, um ihr Gesch\u00e4ft zu steigern. Fr\u00fcher oder sp\u00e4ter, wenn Sie die Suche nicht zur Steigerung Ihres Gesch\u00e4fts nutzen, haben Sie kein Gesch\u00e4ft!<\/p>\n<p><strong>SEO kann kleinen Unternehmen einen Vorteil gegen\u00fcber gro\u00dfen Unternehmen verschaffen<\/strong><\/p>\n<p>Wenn Sie ein kleines Unternehmen haben, hwissen Sie genau, dass es schwierig ist, die gr\u00f6\u00dften Konkurrenten in AdWords zu \u00fcbergeben. Mit einer effektiven SEO-Strategie k\u00f6nnen Sie jedoch h\u00f6heres Rangking erzielen. W\u00e4hrend die gr\u00f6\u00dften Unternehmen auf Werbung setzen, k\u00f6nnen Sie sich auf eine SEO-Strategie verlassen, um so viele Kunden wie m\u00f6glich zu gewinnen.Gute Inhalte, eine schnelle Webseite, die Optimierung aller Seiten f\u00fcr gute Findbarkeit in Google und nicht zuletzt Links ergeben in der Summe ein gutes Ranking.<\/p>\n<p><strong>SEO steigert den Wert Ihres Unternehmens<br \/>\n<\/strong><br \/>\nIhr Unternehmen wird mit zunehmendem Eintrag bei Google und anderen Suchmaschinen wertvoller. Wenn Sie sich auf dem Markt befinden, um Ihr Unternehmen zu verkaufen, werden viele K\u00e4ufer bei Google gute Rankings als wertvolles Gut sehen. Dies ist wahrscheinlich darauf zur\u00fcckzuf\u00fchren, dass das Ranking dank SEO dazu neigt, seinen Wert zu behalten und sich \u00fcber die Jahre zu verlassen.<\/p>\n<p><strong>SEO ist die beste Strategie der PR<\/strong><\/p>\n<p>SEO ist die neue Strategie &#8220;PR&#8221;. Dies macht Public Relations (PER) sinnvoll. Um in den Suchmaschinen einen hohen Rang einzunehmen, sollten Sie \u00fcber qualitativ hochwertige Backlinks verf\u00fcgen. Backlinks sind Links von externen Websites, die mit Ihrer Website verlinkt sind. Je mehr Sie haben, desto wichtiger Ihre Website ist. Je wichtiger Ihre Website ist, desto h\u00f6her wird sie bewertet.Links von anderen Webseiten spielen eine Schl\u00fcsselrolle bei der Festlegung des Rankings der Seite bei Google und auch anderen Suchmaschinen. Das Link kann als ein Qualit\u00e4tsmerkmal von anderen Websites angesehen werden , Seiten, die Links von vielen anderen Seiten erhalten, gewinnen aus Sicht der Suchmaschinen an Bedeutung, insbesondere dann, wenn die Seiten, die zu diesen verlinken, selbst von gro\u00dfer Bedeutung sind.<\/p>\n<p><strong> SEO wird Ihre Anh\u00e4nger in Social Media erh\u00f6hen.<\/strong><\/p>\n<p>SEO wird weitere Social-Media-Anh\u00e4nger hinzuf\u00fcgen. W\u00e4hrend Ihre Besucher nach Ihrer Website suchen, klicken Sie wahrscheinlich auf die Symbole Ihrer sozialen Medien, um Sie zu finden. Durch eine effektive SEO-Kampagne werden Tausende von Internetbesuchern erstellt, von denen Sie erwarten k\u00f6nnen, dass sie einen kleineren Prozentsatz von Followern \u00fcbersetzen.<\/p>\n<p><strong>SEO erh\u00f6ht Ihren Blog-Traffic<\/strong><\/p>\n<p>SEO erh\u00f6ht Ihren Blog-Traffic. Wenn Ihre Website-Position in Suchmaschinen steigt,der individuelle Blog-Rang bei Google wird steigen. Blog-Inhalte werden bei Google gefunden. In letzter Zeit erhalten Sie wahrscheinlich mehr Empfehlungsverkehr von Ihrer Website, in dem Sie Ihr Blog auf Ihrer gesamten Website bewerben. Au\u00dferdem ist SEO mobilfreundlich.<\/p>\n<p><strong>Es ist messbar.<\/strong><\/p>\n<p>Selbst wenn SEO keinen ROI bietet, der einfacher zu berechnen ist als bezahlte Forschung, ist es m\u00f6glich, fast alles mit angemessener \u00dcberwachung und Analyse zu messen. Das gro\u00dfe Problem ist der Versuch, die Punkte miteinander zu verbinden, da es keinen definitiven Weg gibt, die Korrelation zwischen allen durchgef\u00fchrten Aktionen zu verstehen. Es lohnt sich jedoch zu verstehen, wie bestimmte Ma\u00dfnahmen die Leistung und das Wachstum beeinflussen.<\/p>\n<p><strong>SEO ist die intelligenteste Marketinginvestition, die Sie immer brauchen <\/strong><\/p>\n<p>Die Vorteile von SEO sind endlos. SEO ist die intelligenteste Marketinginvestition, die Sie brauchen. Es ist ein langfristiges Wert f\u00fcr Ihr Unternehmen. Es generiert Verkehr, Laufwerke und Verk\u00e4ufe. Ben\u00f6tigt keine Werbung investieren Sie heute in eine SEO-Kampagne.Im Bereich der Suchmaschinenoptimierung (SEO) Ihrer Webseite, erweitern wir im ersten Schritt Ihre Homepage nach und nach mit optimierten Texten, welche relevante Schl\u00fcsselbegriffe f\u00fcr Ihr Angebot beinhalten. Hierf\u00fcr arbeiten wir mit professionellen Textern zusammen, diese gew\u00e4hrleisten stilistisch einwandfreien und themenrelevanten Content mit inhaltlichem Mehrwert.<\/p>\n<p>SEO ist ein sehr gutes Marketinginstrument, das zusammen mit Zielseiten und effektivem Content-Marketing Ihr Unternehmen auf den Weg bringen.<br \/>\nSuchergebnisse werden in einer sortierten Liste ausgegeben und je h\u00f6her eine Seite auf dieser Liste ist, umso gr\u00f6\u00dfer ist das Besucheraufkommen, dass diese Seite erh\u00e4lt.<br \/>\nStudien zeigen, dass SEO einen besseren ROI (Return on Investment) als traditionelle Marketingformen (Fernsehen, Presse, Radio usw.) bieten kann. SEO sollte ein wichtiges Tool Ihrer Strategie f\u00fcr digitales Marketing sein.[\/vc_column_text][\/vc_column_inner][\/vc_row_inner]<hr class=\"vertical-space5\">\n\t<div class=\"max-title max-title3\">\n\t\t<h1>BRINGEN SIE IHR GESCH\u00c4FT <strong>AUF DIE N\u00c4CHSTE EBENE<\/strong><\/h2>\n\t<\/div>[vc_column_text]<\/p>\n<p class=\"slog-tx2 aligncenter\">Evolve Studio kann den Suchmaschinenrang und den Webseite-Traffic eines Unternehmens erh\u00f6hen. Das Fachwissen unserer Mitarbeiter in den Bereichen Technik und Texterstellung erm\u00f6glicht es uns, die Anforderungen von Unternehmen mit komplexen Webseites in wettbewerbsintensiven Branchen erfolgreich zu erf\u00fcllen.<\/p>\n<p>[\/vc_column_text][\/vc_column][\/vc_row][vc_row][vc_column width=&#8221;1\/12&#8243;][\/vc_column][vc_column width=&#8221;5\/12&#8243;]<hr class=\"vertical-space5\"><hr class=\"vertical-space4\">[vc_column_text]<\/p>\n<h4><strong>Analysiere eine Webseite<\/strong><\/h4>\n<p>Wir analysieren zuerst eine Website, gefolgt von einem Schritt-f\u00fcr-Schritt-Plan, damit die Webseite Schl\u00fcsselw\u00f6rter effektiver an Suchmaschinen kommunizieren kann. Unser oberstes Ziel ist es, unseren Kunden mehr Besucher und eine h\u00f6here Umsatz- und Lead-Conversion zu bieten.[\/vc_column_text]<hr class=\"vertical-space2\">[\/vc_column][vc_column width=&#8221;6\/12&#8243;]<hr class=\"vertical-space2\">[vc_single_image image=&#8221;9457&#8243; img_size=&#8221;full&#8221;]<hr class=\"vertical-space1\">[\/vc_column][\/vc_row][vc_row][vc_column]<hr><hr class=\"vertical-space3\">\n\t<div class=\"max-title max-title3\">\n\t\t<h1>WIE WIR ES <strong>MACHEN<\/strong> <\/h2>\n\t<\/div>[vc_column_text]<\/p>\n<p class=\"slog-tx2 aligncenter\">Bevor Sie ein Suchmaschinenoptimierungsprojekt (SEO) beginnen, ist es wichtig, den Prozess einer effektiven SEO-Kampagne zu verstehen. Evolve Studio richtet sich an Kunden, die einen intensiven Full-Service-Ansatz f\u00fcr Suchmaschinenmarketing ben\u00f6tigen.<\/p>\n<p>[\/vc_column_text]<hr class=\"vertical-space1\"><div class=\"our-process-wrap\">\n\t\t\t\t<div class=\"our-process-item \">\n\t\t\t\t\t<i class=\"fa fa-key\"><\/i>\n\t\t\t\t\t<h4><strong>STICHWORTSUCHE<\/strong><\/h4>\n\t\t\t\t\t<p>Die Keyword-Dichte gibt an, wie oft ein Suchbegriff in einem Text in Bezug auf die Gesamtzahl der darin enthaltenen W\u00f6rter angezeigt wird.\n\n<\/p>\n\t\t\t\t<\/div>\n\t\t\t\t<div class=\"our-process-item \">\n\t\t\t\t\t<i class=\"fa fa-flask\"><\/i>\n\t\t\t\t\t<h4><strong>ONSITE<\/strong>-OPTIMIERUNG<\/h4>\n\t\t\t\t\t<p>Onpage-Optimierung bezieht sich auf alle Ma\u00dfnahmen, die direkt auf der Webseite getroffen werden k\u00f6nnen, um ihre Position zu verbessern.\n\n<\/p>\n\t\t\t\t<\/div>\n\t\t\t\t<div class=\"our-process-item \">\n\t\t\t\t\t<i class=\"fa fa-anchor\"><\/i>\n\t\t\t\t\t<h4><strong>LINKAUFBAU<\/strong><\/h4>\n\t\t\t\t\t<p>Im Bereich SEO beschreibt Link Building Ma\u00dfnahmen, die darauf abzielen, die Anzahl und Qualit\u00e4t eingehender Links zu einer Webseite zu erh\u00f6hen\n\n<\/p>\n\t\t\t\t<\/div>\n\t\t\t\t<div class=\"our-process-item \">\n\t\t\t\t\t<i class=\"fa fa-bar-chart\"><\/i>\n\t\t\t\t\t<h4><strong>BERICHTERSTATTUNG <\/strong>UND ANALYSE<\/h4>\n\t\t\t\t\t<p>Unsere SEO-\u00dcberpr\u00fcfung besteht aus mehreren Faktoren wie einem Inhalt, einer Link-Struktur, Social-Media-Bem\u00fchungen und dem Vertrauen in das Internet.\n\n<\/p>\n\t\t\t\t<\/div><\/div><hr class=\"vertical-space4\">[\/vc_column][\/vc_row][vc_row row_type=&#8221;2&#8243; blox_bgcolor=&#8221;#f9f9f9&#8243;][vc_column]<hr class=\"vertical-space4\">[vc_row_inner][vc_column_inner width=&#8221;1\/4&#8243;]<hr class=\"vertical-space2\"><div class=\"s-counter max-counter\" data-effecttype=\"counter\" data-counter=\"6\"><i class=\"icon-counter sl-key\" style=\"color:#a2d67e\"><\/i><span class=\"max-count\">6<\/span><span class=\"suf-counter\">x<\/span><h5>Wachstum im Keyword-Ranking<\/h5><\/div><hr class=\"vertical-space1\">[\/vc_column_inner][vc_column_inner width=&#8221;1\/4&#8243;]<hr class=\"vertical-space2\"><div class=\"s-counter max-counter\" data-effecttype=\"counter\" data-counter=\"398\"><i class=\"icon-counter sl-globe-alt\" style=\"color:#fb8b4b\"><\/i><span class=\"max-count\">398<\/span><span class=\"suf-counter\">%<\/span><h5>Zunahme des organischen Verkehrs<\/h5><\/div><hr class=\"vertical-space1\">[\/vc_column_inner][vc_column_inner width=&#8221;1\/4&#8243;]<hr class=\"vertical-space2\"><div class=\"s-counter max-counter\" data-effecttype=\"counter\" data-counter=\"1105\"><i class=\"icon-counter sl-rocket\" style=\"color:#b78ce2\"><\/i><span class=\"max-count\">1105<\/span><span class=\"suf-counter\">%<\/span><h5>Anstieg in den Top 10 Ranking<\/h5><\/div><hr class=\"vertical-space1\">[\/vc_column_inner][vc_column_inner width=&#8221;1\/4&#8243;]<hr class=\"vertical-space2\"><div class=\"s-counter max-counter\" data-effecttype=\"counter\" data-counter=\"60\"><i class=\"icon-counter sl-hourglass\" style=\"color:#19d1e5\"><\/i><span class=\"max-count\">60<\/span><span class=\"suf-counter\">%<\/span><h5>Zunahme des Webbesuchs<\/h5><\/div><hr class=\"vertical-space1\">[\/vc_column_inner][\/vc_row_inner]<hr class=\"vertical-space3\">[\/vc_column][\/vc_row][vc_row row_type=&#8221;2&#8243; blox_image=&#8221;9532&#8243; blox_padding_top=&#8221;90&#8243; blox_padding_bottom=&#8221;60&#8243; blox_dark=&#8221;true&#8221; blox_bgcolor=&#8221;#00c2e5&#8243;][vc_column]\n\t<div class=\"max-title max-title3\">\n\t\t<h1><strong>WARUM IST SEO <\/strong>F\u00dcR IHR GESCH\u00c4FT VORTEILHAFT??<\/h2>\n\t<\/div><hr class=\"vertical-space2\">[\/vc_column][vc_column width=&#8221;1\/3&#8243;]<article class=\"icon-box20\" ><i class=\"sl-directions\" style=\"\"><\/i><h4><strong>Ranking <\/strong>Wichtigkeit<br \/>\n<\/h4><p>In diesem Jahr zeigen Untersuchungen, dass ungef\u00e4hr 85% aller Websites \u00fcber Suchmaschinen gefunden werden.<\/p>\n<\/article><hr class=\"vertical-space1\"><article class=\"icon-box20\" ><i class=\"sl-flag\" style=\"\"><\/i><h4><strong>Wichtige <\/strong>Suchmaschinen<br \/>\n<\/h4><p>96% der Internetnutzer beginnen ihre Websuche \u00fcber eine gro\u00dfe Suchmaschine (Google, Bing, Yahoo, AOL).<\/p>\n<\/article>[\/vc_column][vc_column width=&#8221;1\/3&#8243;]<article class=\"icon-box20\" ><i class=\"sl-bulb\" style=\"\"><\/i><h4><strong>Effektive <\/strong>Strategie<br \/>\n<\/h4><p>SEO erm\u00f6glicht es Ihnen, Keyword-Phrasen f\u00fcr Suchanfragen potenzieller Kunden auszuw\u00e4hlen.<\/p>\n<\/article><hr class=\"vertical-space1\"><article class=\"icon-box20\" ><i class=\"sl-layers\" style=\"\"><\/i><h4><strong>342 Milliarden <\/strong>Suchergebnisse<br \/>\n<\/h4><p>Im Januar 2017 wurden mehr als 17,5 Milliarden Suchanfragen mit 342 Milliarden Suchresultaten durchgef\u00fchrt.<\/p>\n<\/article>[\/vc_column][vc_column width=&#8221;1\/3&#8243;]<article class=\"icon-box20\" ><i class=\"sl-bell\" style=\"\"><\/i><h4><strong>Bring <\/strong>Besucher<br \/>\n<\/h4><p>Mit Solides SEO und suchfreundliches Webdesign werden dazu beitragen, Besucher auf Ihre Webseite zu bringen.<\/p>\n<\/article><hr class=\"vertical-space1\"><article class=\"icon-box20\" ><i class=\"sl-eyeglass\" style=\"\"><\/i><h4><strong>Kundenwahrnehmung<\/strong><\/h4><p>Kundenwahrnehmung ist, dass eine Website in einer Suchmaschine h\u00f6her eingestuft wird<\/p><\/article>[\/vc_column][\/vc_row][vc_row][vc_column]<hr class=\"vertical-space4\">\n\t<div class=\"max-title max-title3\">\n\t\t<h2>UNSERE GL\u00dcCKLICHEN KUNDEN<\/h2>\n\t<\/div><hr class=\"vertical-space1\"><div class=\"aligncenter\"><hr class=\"vertical-space1\"><div class=\"col-md-12 our-clients-wrap crsl\"><ul id=\"our-clients\" class=\"our-clients crsl\"><li><img alt=\"\" src=\"https:\/\/evolve.al\/admin\/core-wp\/..\/..\/site\/resources-global\/content-data\/uploads\/dga_logo_landscape_v1.jpg\"\/><\/li><li><img alt=\"\" src=\"https:\/\/evolve.al\/admin\/core-wp\/..\/..\/site\/resources-global\/content-data\/uploads\/ardeno-mobileri-al_logo_2.jpg\"\/><\/li><li><img alt=\"\" src=\"https:\/\/evolve.al\/admin\/core-wp\/..\/..\/site\/resources-global\/content-data\/uploads\/salillari-shpk_logo.jpg\"\/><\/li><li><img alt=\"\" src=\"https:\/\/evolve.al\/admin\/core-wp\/..\/..\/site\/resources-global\/content-data\/uploads\/alb-pastrim_logo.jpg\"\/><\/li><li><img alt=\"\" src=\"https:\/\/evolve.al\/admin\/core-wp\/..\/..\/site\/resources-global\/content-data\/uploads\/supersport_logo_v1.jpg\"\/><\/li><li><img alt=\"\" src=\"https:\/\/evolve.al\/admin\/core-wp\/..\/..\/site\/resources-global\/content-data\/uploads\/dpm-gov-al_logo.jpg\"\/><\/li><li><img alt=\"\" src=\"https:\/\/evolve.al\/admin\/core-wp\/..\/..\/site\/resources-global\/content-data\/uploads\/mmsr-gov-al_logo.jpg\"\/><\/li><li><img alt=\"\" src=\"https:\/\/evolve.al\/admin\/core-wp\/..\/..\/site\/resources-global\/content-data\/uploads\/biznes-albania_logo.jpg\"\/><\/li><li><img alt=\"\" src=\"https:\/\/evolve.al\/admin\/core-wp\/..\/..\/site\/resources-global\/content-data\/uploads\/su-shefqet-ndroqi_logo.jpg\"\/><\/li><li><img alt=\"\" src=\"https:\/\/evolve.al\/admin\/core-wp\/..\/..\/site\/resources-global\/content-data\/uploads\/ekb_logo.jpg\"\/><\/li><li><img alt=\"\" src=\"https:\/\/evolve.al\/admin\/core-wp\/..\/..\/site\/resources-global\/content-data\/uploads\/leon-kons_logo.jpg\"\/><\/li><li><img alt=\"\" src=\"https:\/\/evolve.al\/admin\/core-wp\/..\/..\/site\/resources-global\/content-data\/uploads\/alushi-trans-al_logo.jpg\"\/><\/li><\/ul><\/div><hr class=\"vertical-space2\"><\/div>[\/vc_column][\/vc_row][vc_row row_type=&#8221;2&#8243; blox_height=&#8221;452&#8243; blox_bgcolor=&#8221;#f7f7f7&#8243;][vc_column el_class=&#8221;aligncenter&#8221;]<hr class=\"vertical-space5\"><hr class=\"vertical-space1\">[vc_column_text]<\/p>\n<h1 style=\"text-align: center;\">Lass uns anfangen<br \/>\n<strong>Ihr Projekt<\/strong><\/h1>\n<p>[\/vc_column_text]<hr class=\"vertical-space1\">[vc_column_text]<\/p>\n<p class=\"slog-tx2 aligncenter\">Wir helfen Ihnen, Ihre Ziele zu erreichen und Ihr Gesch\u00e4ft aufzubauen.<\/p>\n<p>[\/vc_column_text]<hr class=\"vertical-space1\"><a href=\"http:\/\/evolve.al\/de\/request-a-quote\/\" class=\"button skyblue  medium bordered-bot \" target=\"_self\">EIN ANGEBOT ANFORDERN<\/a><hr class=\"vertical-space4\">[\/vc_column][\/vc_row]<\/p>","protected":false},"excerpt":{"rendered":"<p>[vc_row row_type=&#8221;3&#8243; blox_image=&#8221;9477&#8243; align_center=&#8221;aligncenter&#8221; page_title=&#8221;page-title-x&#8221; blox_dark=&#8221;true&#8221; parallax_speed=&#8221;7&#8243;][vc_column][vc_column_text] SEO [\/vc_column_text][\/vc_column][\/vc_row][vc_row row_type=&#8221;2&#8243; page_title=&#8221;page-title-x&#8221; blox_padding_top=&#8221;50&#8243; blox_padding_bottom=&#8221;50&#8243; blox_bgcolor=&#8221;#f7f7f7&#8243;][vc_column width=&#8221;7\/12&#8243;][vc_column_text] Suchmaschinenoptimierung Ist der Prozess der Beeinflussung der Sichtbarkeit einer Webseite oder einer Webseite in den unbezahlten Ergebnissen einer Suchmaschine \u2013 oft als \u201cnat\u00fcrliche\u201d, \u201corganische\u201d oder \u201cverdiente\u201d Ergebnisse bezeichnet. Im Allgemeinen gilt: Je fr\u00fcher (oder h\u00f6her auf der Suchergebnisseite) und h\u00e4ufiger eine Webseite in der Suchergebnisliste angezeigt wird, desto mehr Besucher erhalten sie von den Nutzern der Suchmaschine. SEO kann auf verschiedene Arten der Suche zielen, einschlie\u00dflich Bildsuche, lokale Suche, Videosuche, akademische Suche, Nachrichtensuche und branchenspezifische vertikale Suchmaschinen.[\/vc_column_text][\/vc_column][vc_column width=&#8221;5\/12&#8243;][vc_single_image image=&#8221;9304&#8243; img_size=&#8221;full&#8221; alignment=&#8221;right&#8221; css_animation=&#8221;bottom-to-top&#8221;][\/vc_column][\/vc_row][vc_row][vc_column][vc_row_inner][vc_column_inner][vc_column_text]Bei der Optimierung von Suchmaschinen f\u00fcr eine Website haben einige Unternehmen m\u00f6glicherweise Angst vor der Menge an Informationen. Und wenn sie nicht die Hilfe eines SEO-Beraters haben, tun sie oft nichts. Gl\u00fccklicherweise bietet Evolve Studio SEO-Services zu einem unglaublich g\u00fcnstigen Preis. Jedes Unternehmen sollte in die Optimierung von Suchmaschinen investieren. Die Optimierung Ihrer Website f\u00fcr Suchmaschinen-Algorithmen ist der Prozess der Optimierung Ihrer Website, um den organischen Verkehr zu maximieren. Hier einige Gr\u00fcnde, warum Sie SEO f\u00fcr Ihr Unternehmen benutzen sollten: Steigern Sie durch SEO die Sichtbarkeit Ihres Unternehmens. Mit einer gezielten Suchmaschinenoptimierung (SEO) schie\u00dfen die Besucherzahlen auf Ihrer Webseite in die H\u00f6he Es gibt Leute, die in Suchmaschinen nach Ihren Produkten oder Dienstleistungen suchen. Die meisten User gelangen nicht direkt auf eine Homepage, sie finden \u00fcber Google und anderen Suchmaschinen auf eine Webseite.\u00dcber zwei Milliarden Menschen sind online. 93% der Online-Aktivit\u00e4ten beginnen in einer Suchmaschine. Pro Sekunde werden etwa 40.000 Suchanfragen und etwa 3,5 Milliarden Suchanfragen pro Tag durchgef\u00fchrt. Es gibt Millionen von M\u00f6glichkeiten, dass die Leute Ihr Unternehmen in Suchmaschinen finden werden. Wenn Sie nicht auf der ersten Seite sind, gewinnen Sie nicht. Es ist kein Geheimnis in der SEO-Welt, dass wenn Sie nicht auf der ersten Seite sind, die Chancen stehen, dass&#8230; <\/p>\n<p><a class=\"readmore\" href=\"https:\/\/evolve.al\/de\/seo\/\">Continue Reading<\/a><\/p>\n","protected":false},"author":1,"featured_media":0,"parent":0,"menu_order":0,"comment_status":"closed","ping_status":"closed","template":"","meta":[],"_links":{"self":[{"href":"https:\/\/evolve.al\/de\/wp-json\/wp\/v2\/pages\/9297"}],"collection":[{"href":"https:\/\/evolve.al\/de\/wp-json\/wp\/v2\/pages"}],"about":[{"href":"https:\/\/evolve.al\/de\/wp-json\/wp\/v2\/types\/page"}],"author":[{"embeddable":true,"href":"https:\/\/evolve.al\/de\/wp-json\/wp\/v2\/users\/1"}],"replies":[{"embeddable":true,"href":"https:\/\/evolve.al\/de\/wp-json\/wp\/v2\/comments?post=9297"}],"version-history":[{"count":7,"href":"https:\/\/evolve.al\/de\/wp-json\/wp\/v2\/pages\/9297\/revisions"}],"predecessor-version":[{"id":11013,"href":"https:\/\/evolve.al\/de\/wp-json\/wp\/v2\/pages\/9297\/revisions\/11013"}],"wp:attachment":[{"href":"https:\/\/evolve.al\/de\/wp-json\/wp\/v2\/media?parent=9297"}],"curies":[{"name":"wp","href":"https:\/\/api.w.org\/{rel}","templated":true}]}}