{"id":9288,"date":"2016-03-30T12:36:46","date_gmt":"2016-03-30T12:36:46","guid":{"rendered":"http:\/\/webnus.biz\/themes\/easyweb\/design\/?page_id=9288"},"modified":"2019-05-13T16:13:09","modified_gmt":"2019-05-13T15:13:09","slug":"online-marketing","status":"publish","type":"page","link":"https:\/\/evolve.al\/de\/online-marketing\/","title":{"rendered":"Online-Marketing"},"content":{"rendered":"<p>[vc_row row_type=&#8221;3&#8243; blox_image=&#8221;9334&#8243; align_center=&#8221;aligncenter&#8221; page_title=&#8221;page-title-x&#8221; blox_dark=&#8221;true&#8221; parallax_speed=&#8221;7&#8243;][vc_column]<hr class=\"vertical-space5\"><hr class=\"vertical-space5\"><hr class=\"vertical-space3\">[vc_column_text]<\/p>\n<h2 class=\"respo-tagline\" style=\"text-align: center; letter-spacing: 1px;\"><strong>Online-Marketing<\/strong><\/h2>\n<p>[\/vc_column_text]<hr class=\"vertical-space5\"><hr class=\"vertical-space5\">[\/vc_column][\/vc_row][vc_row][vc_column width=&#8221;1\/6&#8243;][\/vc_column][vc_column width=&#8221;2\/3&#8243;]<hr class=\"vertical-space5\"><hr class=\"vertical-space2\">[vc_column_text]<\/p>\n<h3 style=\"text-align: center;\"><strong>Erschwingliches Online-Marketing<\/strong><\/h3>\n<p style=\"text-align: center;\">Unser neuer verhaltener Werbeansatz ist darauf ausgerichtet, eine gro\u03b2e  Liebe f\u00fcr Ihre Marke zu schaffen und zu entwickeln. Wir verfolgen einen nicht traditionellen Ansatz gegen\u00fcber traditionellen medienbrechenden Standards, Methoden und \u00fcberholten Praktiken der Einbindung des Publikums<\/p>\n<p>[\/vc_column_text]<hr class=\"vertical-space1\"><hr class=\"vertical-space3\">[\/vc_column][vc_column width=&#8221;1\/6&#8243;][\/vc_column][\/vc_row][vc_row row_type=&#8221;2&#8243; page_title=&#8221;page-title-x&#8221; blox_padding_top=&#8221;50&#8243; blox_padding_bottom=&#8221;50&#8243; blox_bgcolor=&#8221;#f7f7f7&#8243;][vc_column width=&#8221;7\/12&#8243;]<hr class=\"vertical-space5\">[vc_column_text]<\/p>\n<h1><strong>E-Mail-Marketing-Kampagnen<\/strong><\/h1>\n<p>Wir f\u00fchren attraktive E-Mail-Marketing-Kampagnen mit einfachen Drag-and-Drop-Tools. Ihre Marketingkampagne wird in jedem Posteingang und auf jedem Ger\u00e4t gro\u00dfartig aussehen garantiert. Wir bieten Ihnen ein beispielloses Ma\u00df an Komfort und Benutzerfreundlichkeit beim Erstellen und Versenden von E-Mail-Marketingkampagnen.[\/vc_column_text]<hr class=\"vertical-space5\">[\/vc_column][vc_column width=&#8221;5\/12&#8243;][vc_single_image image=&#8221;9293&#8243; img_size=&#8221;full&#8221; alignment=&#8221;right&#8221; css_animation=&#8221;bottom-to-top&#8221;][\/vc_column][\/vc_row][vc_row][vc_column width=&#8221;1\/2&#8243;]<hr class=\"vertical-space5\">[vc_column_text]<\/p>\n<h3>Track-Kampagnen. Monitor-Berichte.<\/h3>\n<p>Mit der E-Mail-Marketing-Software EasyWeb k\u00f6nnen Sie die Leistung Ihrer E-Mail-Marketingkampagne leichter nachverfolgen. Sie k\u00f6nnen leicht herausfinden, wie viele Empf\u00e4nger Ihre E-Mail ge\u00f6ffnet haben, wie viele E-Mails zur\u00fcckgeschickt wurden, Raten f\u00fcr die Abbestellung aufheben und Statistiken abrufen. EasyWeb bietet verschiedene M\u00f6glichkeiten zur Analyse und Interpretation Ihrer Kampagnenleistung anhand von Diagrammen und Daten, die Sie bei der Verbesserung Ihrer Kampagnen unterst\u00fctzen.[\/vc_column_text]<hr class=\"vertical-space2\">[\/vc_column][vc_column width=&#8221;1\/2&#8243;]<hr class=\"vertical-space5\">[vc_column_text]<\/p>\n<h3>Senden Sie Ihre Kampagne und stellen Sie die Lieferung sicher.<\/h3>\n<p>E-Mail-Kampagnen k\u00f6nnen nach Belieben verschickt werden, da wir sie in der Cloud gespeichert haben. Sie k\u00f6nnen also jederzeit und von jedem Ort aus \u00fcber Ihren Desktop, Ihr Tablet oder Ihr iPhone darauf zugreifen. Planen Sie Ihre Kampagne oder senden Sie sie sofort ab. Pr\u00fcfen Sie die Lieferung in unseren Berichten und Statistiken sofort. Hohe Zustellungsraten sind garantiert, da wir bei allen gro\u00dfen Internet Service Providern Feedback-Schleifen haben.[\/vc_column_text]<hr class=\"vertical-space2\">[\/vc_column][\/vc_row][vc_row row_type=&#8221;2&#8243; page_title=&#8221;page-title-x&#8221; blox_padding_top=&#8221;50&#8243; blox_padding_bottom=&#8221;50&#8243; blox_bgcolor=&#8221;#f7f7f7&#8243;][vc_column width=&#8221;7\/12&#8243;]<hr class=\"vertical-space5\">[vc_column_text]<\/p>\n<h1><strong>Sociale Medien  Marketing<\/strong><\/h1>\n<p>Ein leistungsf\u00e4higes Werkzeug der Kommunikation, Social Media erm\u00f6glicht es Unternehmen, ihre Kunden zu erreichen, wo sie sind, w\u00e4hrend auch ihre Marken zu charakterisieren und ihre Kundenbasis zu erweitern. Wenn es richtig gemacht, kann Social Media Marketing erh\u00f6ht auch die Wirksamkeit anderer Marketing-Techniken \u2013 wie SEO und SEM &#8211; durch nat\u00fcrlichen Links, Hilfe beim Aufbau und Trafik  Aufmerksamkeit und Markenbekanntheit und die guten Willen. Wenn Sie mit der Strategie, dem Management oder der Werbung von Social Media zu k\u00e4mpfen haben, k\u00f6nnen wir Ihnen helfen.[\/vc_column_text]<hr class=\"vertical-space5\">[\/vc_column][vc_column width=&#8221;5\/12&#8243;][vc_single_image image=&#8221;9294&#8243; img_size=&#8221;full&#8221; alignment=&#8221;right&#8221; css_animation=&#8221;bottom-to-top&#8221;][\/vc_column][\/vc_row][vc_row][vc_column width=&#8221;1\/2&#8243;]<hr class=\"vertical-space5\">[vc_column_text]<\/p>\n<h4><strong>Was ist Soziale Medien Marketing?<\/strong><\/h4>\n<p>Social Media Marketing (SMM) ist eine Form des Internet-Marketings, die verschiedene Social Media-Netzwerke implementiert, um Marketingkommunikation und Branding-Ziele zu erreichen. Social-Media-Marketing umfasst haupts\u00e4chlich Aktivit\u00e4ten, die den sozialen Austausch von Inhalten, Videos und Bildern zu Marketingzwecken sowie kostenpflichtige Social-Media-Werbung umfassen.[\/vc_column_text]<hr class=\"vertical-space2\">[vc_column_text]<\/p>\n<h4><strong>Wie k\u00f6nnen wir Ihnen helfen?<\/strong><\/h4>\n<p>Wir sind eine gesellige Gruppe und unser neues Gesch\u00e4ft basiert haupts\u00e4chlich auf Empfehlungen und Empfehlungen von Kunden und Freunden, die wissen, wie wir arbeiten. Wir denken nicht, dass Verk\u00e4ufer alles f\u00fcr uns sprechen sollten. Daher empfehlen wir Ihnen, direkt mit unseren Kunden zu sprechen, um zu verstehen, wer wir sind und was wir tun.<\/p>\n<p>Unsere Social-Media-Pricing ist vollst\u00e4ndig ma\u00dfgeschneiderte und basiert auf der aktuellen Situation und Ihre Ziele.[\/vc_column_text]<hr class=\"vertical-space2\">[\/vc_column][vc_column width=&#8221;1\/2&#8243;]<hr class=\"vertical-space5\">[vc_column_text]<\/p>\n<h4><strong>Warum brauchen wir  Soziale Medien Marketing ?<\/strong><\/h4>\n<p><strong>Ihre Kunden sind im Soziale Medien<\/strong><\/p>\n<p>Unabh\u00e4ngig davon, in welcher Branche sich Ihr Unternehmen befindet, nutzen Ihre Kunden t\u00e4glich soziale Medien. Es ist wichtig, dass Sie sie engagieren und mit Ihrer Marke in Verbindung zu bleiben, so dass Sie immer die erste Option sind.<\/p>\n<p><strong>Es gibt Leute, die nach Ihrem Unternehmen suchen. <\/strong><\/p>\n<p>Wenn Ihr Unternehmen ein Produkt oder eine Dienstleistung anbietet, k\u00f6nnen Sie darauf wetten, dass die Leute dar\u00fcber sprechen und nach Unternehmen suchen, die es anbieten. . Unsere Soziale Medien Marketing Mangament wird Ihnen helfen um neue Lesitungen zu erstellen. <\/p>\n<p><strong>In Social Media wird \u00fcber Ihr Unternehmen gesprochen.<\/strong><\/p>\n<p>Sie m\u00fcssen h\u00f6ren, was Ihre Kunden in sozialen Medien \u00fcber Ihr Unternehmen sagen und auf deren Anliegen eingehen. Unsere Social-Media-Management-Services konzentrieren sich darauf, die positiven Aspekte Ihres Unternehmens hervorzuheben und reagieren auf negative Bemerkungen ernsthaft.<\/p>\n<p><strong>Unternehmen verdienen kompetentes Social Media Management.<\/strong><\/p>\n<p>Die meisten Unternehmer und Marketingmanager haben keine Zeit, alle ihre Social-Media-Kan\u00e4le zu verwalten. Jedes Mitglied unserer Firma hat eine Zertifizierung im Bereich Social Media Management erhalten. Unsere Agentur kann Ihnen dabei helfen, Ihre Marketingziele und einen neuen Kundenstamm zu erreichen.[\/vc_column_text]<hr class=\"vertical-space2\">[\/vc_column][\/vc_row][vc_row row_type=&#8221;2&#8243; page_title=&#8221;page-title-x&#8221; blox_padding_top=&#8221;50&#8243; blox_padding_bottom=&#8221;50&#8243; blox_bgcolor=&#8221;#f7f7f7&#8243;][vc_column width=&#8221;7\/12&#8243;]<hr class=\"vertical-space5\">[vc_column_text]<\/p>\n<h1><strong>Mobiles Marketing<\/strong><\/h1>\n<p>Mobile Marketing ist die neueste Technologie, mit der Sie mehr neue Kunden gewinnen k\u00f6nnen &#8211; Kunden, die h\u00e4ufiger mehr Geld ausgeben !!! Wir k\u00f6nnen Ihnen dabei helfen, eine erfolgreiche Mobile-Marketing-Kampagne zu starten, mit der Sie Ihre Kunden immer wieder aufs Neue verbinden und kommunizieren k\u00f6nnen.[\/vc_column_text]<hr class=\"vertical-space5\">[\/vc_column][vc_column width=&#8221;5\/12&#8243;][vc_single_image image=&#8221;9295&#8243; img_size=&#8221;full&#8221; alignment=&#8221;right&#8221; css_animation=&#8221;bottom-to-top&#8221;][\/vc_column][\/vc_row][vc_row][vc_column width=&#8221;1\/2&#8243;]<hr class=\"vertical-space5\">[vc_column_text]<\/p>\n<h3>Was wir tun<\/h3>\n<p>Online-Marketing gilt als eine der beliebtesten Marketingmethoden. Aber die schiere Anzahl von mobilen Nutzern macht das Potenzial einer Online-Marketingkampagne zu klein. Da die Anzahl der Handynutzer gr\u00f6\u00dfer ist, w\u00e4re die Effektivit\u00e4t und der Erfolg einer mobilen Marketingkampagne weitaus st\u00e4rker als die, die Sie von einer Online-Marketingkampagne erwarten k\u00f6nnen, die nach wie vor eine sehr beliebte Marketingmethode ist[\/vc_column_text]<hr class=\"vertical-space2\">[\/vc_column][vc_column width=&#8221;1\/2&#8243;]<hr class=\"vertical-space5\">[vc_column_text]<\/p>\n<h3>Unsere mobilen Marketingdienstleistungen<\/h3>\n<ul>\n<li>Mobile Websites<\/li>\n<li>SMS-Marketing<\/li>\n<li>Mobile Suchkampagnen<\/li>\n<li>HTML5 and CSS3<\/li>\n<li>Mobile Commerce<\/li>\n<li>2D Barcodes\/QR Codes<\/li>\n<li>Mobile App-Entwicklung<\/li>\n<li>Mobile Marketing-Anzeigenkampagnen<\/li>\n<\/ul>\n<p>[\/vc_column_text]<hr class=\"vertical-space2\">[\/vc_column][\/vc_row][vc_row][vc_column]\n\t<div class=\"max-title max-title3\">\n\t\t<h2>NSERE GL\u00dcCKLICHEN KUNDEN <\/h2>\n\t<\/div><hr class=\"vertical-space1\"><div class=\"aligncenter\"><hr class=\"vertical-space1\"><div class=\"col-md-12 our-clients-wrap crsl\"><ul id=\"our-clients\" class=\"our-clients crsl\"><li><img alt=\"\" src=\"https:\/\/evolve.al\/admin\/core-wp\/..\/..\/site\/resources-global\/content-data\/uploads\/dga_logo_landscape_v1.jpg\"\/><\/li><li><img alt=\"\" src=\"https:\/\/evolve.al\/admin\/core-wp\/..\/..\/site\/resources-global\/content-data\/uploads\/ardeno-mobileri-al_logo_2.jpg\"\/><\/li><li><img alt=\"\" src=\"https:\/\/evolve.al\/admin\/core-wp\/..\/..\/site\/resources-global\/content-data\/uploads\/salillari-shpk_logo.jpg\"\/><\/li><li><img alt=\"\" src=\"https:\/\/evolve.al\/admin\/core-wp\/..\/..\/site\/resources-global\/content-data\/uploads\/alb-pastrim_logo.jpg\"\/><\/li><li><img alt=\"\" src=\"https:\/\/evolve.al\/admin\/core-wp\/..\/..\/site\/resources-global\/content-data\/uploads\/supersport_logo_v1.jpg\"\/><\/li><li><img alt=\"\" src=\"https:\/\/evolve.al\/admin\/core-wp\/..\/..\/site\/resources-global\/content-data\/uploads\/dpm-gov-al_logo.jpg\"\/><\/li><li><img alt=\"\" src=\"https:\/\/evolve.al\/admin\/core-wp\/..\/..\/site\/resources-global\/content-data\/uploads\/mmsr-gov-al_logo.jpg\"\/><\/li><li><img alt=\"\" src=\"https:\/\/evolve.al\/admin\/core-wp\/..\/..\/site\/resources-global\/content-data\/uploads\/biznes-albania_logo.jpg\"\/><\/li><li><img alt=\"\" src=\"https:\/\/evolve.al\/admin\/core-wp\/..\/..\/site\/resources-global\/content-data\/uploads\/su-shefqet-ndroqi_logo.jpg\"\/><\/li><li><img alt=\"\" src=\"https:\/\/evolve.al\/admin\/core-wp\/..\/..\/site\/resources-global\/content-data\/uploads\/ekb_logo.jpg\"\/><\/li><li><img alt=\"\" src=\"https:\/\/evolve.al\/admin\/core-wp\/..\/..\/site\/resources-global\/content-data\/uploads\/leon-kons_logo.jpg\"\/><\/li><li><img alt=\"\" src=\"https:\/\/evolve.al\/admin\/core-wp\/..\/..\/site\/resources-global\/content-data\/uploads\/alushi-trans-al_logo.jpg\"\/><\/li><\/ul><\/div><hr class=\"vertical-space2\"><\/div>[\/vc_column][\/vc_row][vc_row row_type=&#8221;2&#8243; blox_height=&#8221;452&#8243; blox_image=&#8221;9705&#8243; blox_bgcolor=&#8221;#f7f7f7&#8243;][vc_column el_class=&#8221;aligncenter&#8221;]<hr class=\"vertical-space5\"><hr class=\"vertical-space1\">[vc_column_text]<\/p>\n<h1 style=\"text-align: center;\">Lass uns anfangen<br \/>\n<strong>Ihr Projekt<\/strong><\/h1>\n<p>[\/vc_column_text]<hr class=\"vertical-space1\">[vc_column_text]<\/p>\n<p class=\"slog-tx2 aligncenter\">Wir konzentrieren uns stark auf Funktion und Benutzerfreundlichkeit und schulen Sie im Management Ihrer Website als Business Asset. Wir unternehmen alles, um sicherzustellen, dass Ihre Inhalte so bereitgestellt werden, dass Besucher die gew\u00fcnschten Informationen leicht und intuitiv finden k\u00f6nnen, was zu einer angenehmen und produktiven Benutzererfahrung f\u00fchrt.<\/p>\n<p>[\/vc_column_text]<hr class=\"vertical-space1\"><a href=\"http:\/\/evolve.al\/de\/request-a-quote\/\" class=\"button skyblue  medium bordered-bot \" target=\"_self\">EIN ANGEBOT ANFORDERN<\/a><hr class=\"vertical-space4\">[\/vc_column][\/vc_row][vc_row row_type=&#8221;2&#8243; blox_image=&#8221;9171&#8243; blox_cover=&#8221;false&#8221; blox_repeat=&#8221;repeat&#8221; blox_dark=&#8221;true&#8221; blox_bgcolor=&#8221;#00c2e5&#8243;][vc_column]<hr class=\"vertical-space3\">[vc_row_inner][vc_column_inner el_class=&#8221;aligncenter&#8221;][vc_column_text]<\/p>\n<h1 style=\"text-align: center;\">WAS WIR GETAN <strong>HABEN<\/strong><\/h1>\n<p style=\"text-align: center;\">Wir bauen Br\u00fccken in der Web-Technologie, um das Ziel des Kunden mit der Realit\u00e4t im Verbindung zu setzen.<\/p>\n<p>[\/vc_column_text]<a href=\"http:\/\/evolve.al\/de\/projects\/\" class=\"button white  medium bordered-bot \" target=\"_self\">SEHEN SIE UNSERE PROJEKTE AN<\/a>[\/vc_column_inner][\/vc_row_inner]<hr class=\"vertical-space2\">[\/vc_column][\/vc_row]<\/p>","protected":false},"excerpt":{"rendered":"<p>[vc_row row_type=&#8221;3&#8243; blox_image=&#8221;9334&#8243; align_center=&#8221;aligncenter&#8221; page_title=&#8221;page-title-x&#8221; blox_dark=&#8221;true&#8221; parallax_speed=&#8221;7&#8243;][vc_column][vc_column_text] Online-Marketing [\/vc_column_text][\/vc_column][\/vc_row][vc_row][vc_column width=&#8221;1\/6&#8243;][\/vc_column][vc_column width=&#8221;2\/3&#8243;][vc_column_text] Erschwingliches Online-Marketing Unser neuer verhaltener Werbeansatz ist darauf ausgerichtet, eine gro\u03b2e Liebe f\u00fcr Ihre Marke zu schaffen und zu entwickeln. Wir verfolgen einen nicht traditionellen Ansatz gegen\u00fcber traditionellen medienbrechenden Standards, Methoden und \u00fcberholten Praktiken der Einbindung des Publikums [\/vc_column_text][\/vc_column][vc_column width=&#8221;1\/6&#8243;][\/vc_column][\/vc_row][vc_row row_type=&#8221;2&#8243; page_title=&#8221;page-title-x&#8221; blox_padding_top=&#8221;50&#8243; blox_padding_bottom=&#8221;50&#8243; blox_bgcolor=&#8221;#f7f7f7&#8243;][vc_column width=&#8221;7\/12&#8243;][vc_column_text] E-Mail-Marketing-Kampagnen Wir f\u00fchren attraktive E-Mail-Marketing-Kampagnen mit einfachen Drag-and-Drop-Tools. Ihre Marketingkampagne wird in jedem Posteingang und auf jedem Ger\u00e4t gro\u00dfartig aussehen garantiert. Wir bieten Ihnen ein beispielloses Ma\u00df an Komfort und Benutzerfreundlichkeit beim Erstellen und Versenden von E-Mail-Marketingkampagnen.[\/vc_column_text][\/vc_column][vc_column width=&#8221;5\/12&#8243;][vc_single_image image=&#8221;9293&#8243; img_size=&#8221;full&#8221; alignment=&#8221;right&#8221; css_animation=&#8221;bottom-to-top&#8221;][\/vc_column][\/vc_row][vc_row][vc_column width=&#8221;1\/2&#8243;][vc_column_text] Track-Kampagnen. Monitor-Berichte. Mit der E-Mail-Marketing-Software EasyWeb k\u00f6nnen Sie die Leistung Ihrer E-Mail-Marketingkampagne leichter nachverfolgen. Sie k\u00f6nnen leicht herausfinden, wie viele Empf\u00e4nger Ihre E-Mail ge\u00f6ffnet haben, wie viele E-Mails zur\u00fcckgeschickt wurden, Raten f\u00fcr die Abbestellung aufheben und Statistiken abrufen. EasyWeb bietet verschiedene M\u00f6glichkeiten zur Analyse und Interpretation Ihrer Kampagnenleistung anhand von Diagrammen und Daten, die Sie bei der Verbesserung Ihrer Kampagnen unterst\u00fctzen.[\/vc_column_text][\/vc_column][vc_column width=&#8221;1\/2&#8243;][vc_column_text] Senden Sie Ihre Kampagne und stellen Sie die Lieferung sicher. E-Mail-Kampagnen k\u00f6nnen nach Belieben verschickt werden, da wir sie in der Cloud gespeichert haben. Sie k\u00f6nnen also jederzeit und von jedem Ort aus \u00fcber Ihren Desktop, Ihr Tablet oder Ihr iPhone darauf zugreifen. Planen Sie Ihre Kampagne oder senden Sie sie sofort ab. Pr\u00fcfen Sie die Lieferung in unseren Berichten und Statistiken sofort. Hohe Zustellungsraten sind garantiert, da wir bei allen gro\u00dfen Internet Service Providern Feedback-Schleifen haben.[\/vc_column_text][\/vc_column][\/vc_row][vc_row row_type=&#8221;2&#8243; page_title=&#8221;page-title-x&#8221; blox_padding_top=&#8221;50&#8243; blox_padding_bottom=&#8221;50&#8243; blox_bgcolor=&#8221;#f7f7f7&#8243;][vc_column width=&#8221;7\/12&#8243;][vc_column_text] Sociale Medien Marketing Ein leistungsf\u00e4higes Werkzeug der Kommunikation, Social Media erm\u00f6glicht es Unternehmen, ihre Kunden zu erreichen, wo sie sind, w\u00e4hrend auch ihre Marken zu charakterisieren und ihre Kundenbasis zu erweitern. Wenn es richtig gemacht, kann Social Media Marketing erh\u00f6ht auch die Wirksamkeit anderer Marketing-Techniken \u2013 wie SEO und SEM &#8211; durch nat\u00fcrlichen Links, Hilfe&#8230; <\/p>\n<p><a class=\"readmore\" href=\"https:\/\/evolve.al\/de\/online-marketing\/\">Continue Reading<\/a><\/p>\n","protected":false},"author":1,"featured_media":0,"parent":0,"menu_order":0,"comment_status":"closed","ping_status":"closed","template":"","meta":[],"_links":{"self":[{"href":"https:\/\/evolve.al\/de\/wp-json\/wp\/v2\/pages\/9288"}],"collection":[{"href":"https:\/\/evolve.al\/de\/wp-json\/wp\/v2\/pages"}],"about":[{"href":"https:\/\/evolve.al\/de\/wp-json\/wp\/v2\/types\/page"}],"author":[{"embeddable":true,"href":"https:\/\/evolve.al\/de\/wp-json\/wp\/v2\/users\/1"}],"replies":[{"embeddable":true,"href":"https:\/\/evolve.al\/de\/wp-json\/wp\/v2\/comments?post=9288"}],"version-history":[{"count":7,"href":"https:\/\/evolve.al\/de\/wp-json\/wp\/v2\/pages\/9288\/revisions"}],"predecessor-version":[{"id":11257,"href":"https:\/\/evolve.al\/de\/wp-json\/wp\/v2\/pages\/9288\/revisions\/11257"}],"wp:attachment":[{"href":"https:\/\/evolve.al\/de\/wp-json\/wp\/v2\/media?parent=9288"}],"curies":[{"name":"wp","href":"https:\/\/api.w.org\/{rel}","templated":true}]}}