{"id":9242,"date":"2016-03-29T10:40:24","date_gmt":"2016-03-29T10:40:24","guid":{"rendered":"http:\/\/webnus.biz\/themes\/easyweb\/design\/?page_id=9242"},"modified":"2023-02-24T09:10:34","modified_gmt":"2023-02-24T08:10:34","slug":"progettazione-siti-web","status":"publish","type":"page","link":"https:\/\/evolve.al\/de\/progettazione-siti-web\/","title":{"rendered":"WEBDESIGN"},"content":{"rendered":"<p>[vc_row row_type=&#8221;3&#8243; blox_image=&#8221;9467&#8243; align_center=&#8221;aligncenter&#8221; page_title=&#8221;page-title-x&#8221; blox_dark=&#8221;true&#8221; parallax_speed=&#8221;7&#8243;][vc_column]<hr class=\"vertical-space5\"><hr class=\"vertical-space5\"><hr class=\"vertical-space3\">[vc_column_text]<\/p>\n<h2 class=\"respo-tagline\" style=\"text-align: center; letter-spacing: 1px;\"><strong>WEBDESIGN<\/strong><\/h2>\n<p>[\/vc_column_text]<hr class=\"vertical-space5\"><hr class=\"vertical-space5\">[\/vc_column][\/vc_row][vc_row][vc_column width=&#8221;1\/6&#8243;][\/vc_column][vc_column width=&#8221;2\/3&#8243;]<hr class=\"vertical-space5\"><hr class=\"vertical-space2\">[vc_column_text]<\/p>\n<h3 style=\"text-align: center;\"><strong>WEBDESIGN-UND WEBENTWICKLUNGSDIENSTE<\/strong><\/h3>\n<p style=\"text-align: center;\"><strong>Webdesign ist eine Kunst!<\/strong> Ihr Website-Design zeigt Ihren Gesch\u00e4ftseinblick. Ein bekanntes Sprichwort<br \/>\nlautet: <em>&#8220;Der erste Eindruck ist der bleibende&#8221;<\/em>. Bei Webtechnologien ist Ihre Website die erste Einheit ,<br \/>\ndie mit dem Besucher interagiert. Daher sollte Ihre Website selbst sprechen<\/p>\n<p style=\"text-align: center;\">Die Websites, die wir erstellen, sind sauber und frisch und alle einzigartig gestaltet. Dar\u00fcber hinaus<br \/>\nbem\u00fchen wir uns sicherzustellen, dass alle unsere Websites den vom World Wide Web Consortium<br \/>\ngeforderten Standards f\u00fcr die Barrierefreiheit entsprechen. Unsere Websites werden in den h\u00e4ufigsten<br \/>\nverwendeten Browsern mit unterschiedlichen Bildschirmaufl\u00f6sungen getestet.<\/p>\n<p>[\/vc_column_text]<hr class=\"vertical-space1\"><hr class=\"vertical-space1\">[\/vc_column][vc_column width=&#8221;1\/6&#8243;][\/vc_column][\/vc_row][vc_row][vc_column][vc_row_inner][vc_column_inner][vc_column_text]Wir sind spezialisiert auf professionelle Webdesign- und E-Commerce-Website-Design-L\u00f6sungen, die sich auf Ihre Ziele und Gesch\u00e4ftsziele konzentrieren. Unser Expertenteam aus Designern, Entwicklern und Experten f\u00fcr Suchmaschinenmarketing verwendet die neueste Technologie, um verwertbare Ergebnisse und eine Rendite f\u00fcr Ihre Investition zu erzielen.<br \/>\nWir arbeiten daran, Ihre Ziele zu verstehen und bieten L\u00f6sungen, die Ihren Bed\u00fcrfnissen entsprechen.<\/p>\n<p>Die Websites, die wir erstellen, sind sauber und frisch und alle individuell gestaltet. Dar\u00fcber hinaus bem\u00fchen wir uns sicherzustellen, dass alle unsere Websites den vom World Wide Web Consortium geforderten Standards f\u00fcr die Barrierefreiheit entsprechen.<\/p>\n<p>EVOLVE Studio entwickelt professionelle Website f\u00fcr alle Arten von Unternehmen, ob f\u00fcr gro\u00dfe oder kleine Unternehmen. Web-Entwicklung, Web-Design und Website-Pflege sind Teil unseres Serviceangebots. Wir entwickeln Website schnell, mit Qualit\u00e4t und nehmen alle W\u00fcnsche unserer Kunden an. Wir entwickeln professionelle Websites f\u00fcr Ihr Unternehmen.<\/p>\n<p>Wir haben ein Expertenteam und entwickeln sehr professionelle Websites. Wir haben mehr als 8 Jahre Erfahrung in der Entwicklung professioneller Websites. Wir k\u00f6nnen Sie bei der Gestaltung Ihrer Website unterst\u00fctzen und eine professionelle Website mit einem professionellen Team entwickeln.<br \/>\nWir haben umfangreiche Erfahrung in der Entwicklung von Websites und Anwendungen aller Art, je nach Schwierigkeitsgrad und Budget. Evolve Studio verf\u00fcgt \u00fcber die richtigen Erfahrungen bei der Entwicklung von Websites und mobilen Anwendungen. Wir entwickeln Webseiten f\u00fcr unsere Kunden. Wir haben \u00fcber 8 Jahre Erfahrung in der Entwicklung von Websites und f\u00fcr alle Kunden. Wir entwickeln und pflegen alle Websiten. Wir haben die L\u00f6sung f\u00fcr die Pflege Ihrer Website. Kontaktieren Sie uns, um auf Ihre Anfragen zu Website-Entwicklung, Webdesign und Website-Pflege zu reagieren<\/p>\n<p><strong>Unser Service<\/strong><\/p>\n<p>EVOLVE Studio bietet eine professionelle Website f\u00fcr alle Unternehmen mit mittleren und gro\u00dfen Volumen. Website-Entwicklung, Website-Design, Website-Pflege ist eine breite Palette von Dienstleistungen, die wir anbieten. Wir erstellen Websites schnell, qualitativ und passen uns jeder Anfrage unserer Kunden an. Wir erstellen Websites f\u00fcr jede Anforderung.<\/p>\n<p>Unsere Philosophie ist einfach: Ein zufriedener Kunde ist eine gute Sache. Ein treuer Kunde ist immer am wichtigsten. Wir bieten unsere Dienstleistungen an und arbeiten eng mit unseren Kunden zusammen, um sicherzustellen, dass jedes Projekt p\u00fcnktlich und mit bester Qualit\u00e4t geliefert wird.<br \/>\nSie fragen uns und wir antworten Ihnen. Die Kunden sind immer zufrieden mit dem Aufbau der professionellen Websites, die wir f\u00fcr sie implementieren. Wir erstellen Websites nach den Anforderungen der Kunden. Die Gestaltung einer Website ist f\u00fcr ein Unternehmen von besonderer Bedeutung und f\u00fcr uns ist die Erstellung einer Website f\u00fcr jedes Unternehmen, das sich mit uns in Verbindung setzt, von gro\u00dfer Bedeutung. Wir entwickeln Websites gem\u00e4\u00df den Bed\u00fcrfnissen der Kunden. Unsere Dienstleistungen umfassen Websites und Apps. Wir erstellen Websites und sind seit 8 Jahren Experten f\u00fcr die Entwicklung einer dynamischen, modernen und koh\u00e4renten Website.<\/p>\n<p>Mit unserem Expertenteam f\u00fcr die Erstellung von Websites und unserer Website-Wartungsberatung bieten wir Ihnen einen schnellen und sicheren Service. Wir von EVOLVE bieten professionelle Website-Entwicklung und Website-Pflege.<br \/>\nProfessionelle Websites, Website-Pflege und Design zu wettbewerbsf\u00e4higen Preisen. Bei EVOLVE finden Sie professionelle Website-Erstellung, Website-Pflege, Business-Website f\u00fcr jede Art von Gesch\u00e4ft.<\/p>\n<p>Aufbau einer professionellen Website, Pflege und Design der Website. Das Design Ihrer Website ist eine Art von Visitenkarte f\u00fcr Ihr Unternehmen. Der erste Eindruck ist sehr wichtig. Viele Kunden suchen Ihr Gesch\u00e4ft online. Sehr wichtig ist die Erstellung einer professionellen Website. Wir sorgen daf\u00fcr, dass Ihre Website einfach und profesionell ausieht. Wir leben im digitalen Zeitalter, wir haben die M\u00f6glichkeit, dynamische Seiten und die Pflege Ihrer Website zu entwickeln.<\/p>\n<p>Wir entwickeln eine professionelle Website mit einer einzigartigen Design- und Wartungs-Website. Bauen Sie Ihre Website jetzt auf und steigern Sie Ihr Gesch\u00e4ft an. Jetzt ist es der Zeit, eine professionelle Website zu haben. Wir k\u00f6nnen jede Website, die Sie ben\u00f6tigen, erstellen.<\/p>\n<p>Gestalten Sie die Website basierend auf den neuesten Techniken und der Professionalit\u00e4t unseres Teams, um Ihnen einen maximalen Kundenservice zu bieten. Eine professionelle Website ist die erste Visitenkarte eines Unternehmens.<br \/>\nKunden fragen immer nach Ihrer Website. Wir erstellen Websites, um alle Anforderungen jeder Kunden zu erf\u00fcllen, der uns kontaktiert. Oft stellt sich die Frage, wie eine Website erstellt wird, warum eine Website erstellt wird, und unsere Antwort auf alle lautet, dass mit der Welt, in der wir leben, eine professionelle Website, eine st\u00e4rkere Werbung f\u00fcr Ihr Unternehmen bei Ihren bestehenden und potenziellen Kunden bedeutet.<\/p>\n<p>Professionelle Websites bieten die gr\u00f6\u00dften Chancen f\u00fcr Ihr Unternehmen.<br \/>\nWarum muss eine Website gepflegt werden? Um schnell produktiv zu sein und sich an technologische Anforderungen und Innovationen anzupassen, muss jede Website produktiv sein.<\/p>\n<p>Mit EVOLVE ist es m\u00f6glich, eine Online-Website zu erstellen. Bei der Pflege der Website musste der Prozess immer dynamisch, sicher und erfolgreich sein. [\/vc_column_text][\/vc_column_inner][\/vc_row_inner]<hr class=\"vertical-space5\">[vc_column_text]<\/p>\n<h1 style=\"text-align: center;\">Servise <strong>Prozesse<\/strong><\/h1>\n<p>[\/vc_column_text]<div class=\"our-process-wrap\">\n\t\t\t\t<div class=\"our-process-item \">\n\t\t\t\t\t<i class=\"fa fa-lightbulb-o\"><\/i>\n\t\t\t\t\t<h4><strong>Strategie<\/strong> <\/h4>\n\t\t\t\t\t<p>Marktanalyse zu erstellen\n\nKeyword-Recherche\n\nStrategie erstellen<\/p>\n\t\t\t\t<\/div>\n\t\t\t\t<div class=\"our-process-item \">\n\t\t\t\t\t<i class=\"fa fa-laptop\"><\/i>\n\t\t\t\t\t<h4><strong>DESIGN<\/strong> <\/h4>\n\t\t\t\t\t<p>Wir bieten den  Erstentwurf  der Gestalltung und dann entschieden sich f\u00fcr diese  Website-Konzept.\n\n<\/p>\n\t\t\t\t<\/div>\n\t\t\t\t<div class=\"our-process-item \">\n\t\t\t\t\t<i class=\"fa fa-keyboard-o\"><\/i>\n\t\t\t\t\t<h4><strong>Entwicklung<\/strong> <\/h4>\n\t\t\t\t\t<p>Inhalte, Informationen, visuelle Gestaltung zusammen zu stellen.\n\n<\/p>\n\t\t\t\t<\/div>\n\t\t\t\t<div class=\"our-process-item \">\n\t\t\t\t\t<i class=\"fa fa-line-chart\"><\/i>\n\t\t\t\t\t<h4><strong>Aufstellen<\/strong><\/h4>\n\t\t\t\t\t<p>Alle Mitarbeiterinnen und Mitarbeiter stehen Ihnen nat\u00fcrlich zur Verf\u00fcgung<\/p>\n\t\t\t\t<\/div><\/div><hr class=\"vertical-space5\">[\/vc_column][\/vc_row][vc_row row_type=&#8221;2&#8243; blox_bgcolor=&#8221;#f7f7f7&#8243;][vc_column]<hr class=\"vertical-space5\">[vc_column_text]<\/p>\n<h1 style=\"text-align: center;\">Unsere <strong>Servise<\/strong><\/h1>\n<p>[\/vc_column_text]<hr class=\"vertical-space2\">[vc_row_inner][vc_column_inner width=&#8221;1\/3&#8243;]<article class=\"icon-box5\" ><i class=\"sl-check\" style=\"\"><\/i><h4>Reaktionsf\u00e4higes Design \/ Responsive Webdesign<\/h4><\/article><hr class=\"vertical-space1\"><article class=\"icon-box5\" ><i class=\"sl-check\" style=\"\"><\/i><h4>Nutzbarkeit und die Wettbewerbsanalyse<\/h4><\/article><hr class=\"vertical-space1\"><article class=\"icon-box5\" ><i class=\"sl-check\" style=\"\"><\/i><h4>information architecture design<\/h4><\/article><hr class=\"vertical-space1\">[\/vc_column_inner][vc_column_inner width=&#8221;1\/3&#8243;]<article class=\"icon-box5\" ><i class=\"sl-check\" style=\"\"><\/i><h4>User Experience Design\/Benutzererfahrungen Design <\/h4><\/article><hr class=\"vertical-space1\"><article class=\"icon-box5\" ><i class=\"sl-check\" style=\"\"><\/i><h4>WEB Inhalt Strategie\/ Content Strategie<\/h4><\/article><hr class=\"vertical-space1\"><article class=\"icon-box5\" ><i class=\"sl-check\" style=\"\"><\/i><h4>Installation und Setup<\/h4><\/article><hr class=\"vertical-space1\">[\/vc_column_inner][vc_column_inner width=&#8221;1\/3&#8243;]<article class=\"icon-box5\" ><i class=\"sl-check\" style=\"\"><\/i><h4>CMS E-COMMERCE<\/h4><\/article><hr class=\"vertical-space1\"><article class=\"icon-box5\" ><i class=\"sl-check\" style=\"\"><\/i><h4>Cross Browser und Platfotm Testen<\/h4><\/article><hr class=\"vertical-space1\"><article class=\"icon-box5\" ><i class=\"sl-check\" style=\"\"><\/i><h4>Betreuung<\/h4><\/article><hr class=\"vertical-space1\">[\/vc_column_inner][\/vc_row_inner]<hr class=\"vertical-space4\">[\/vc_column][\/vc_row][vc_row][vc_column]<hr class=\"vertical-space4\">\n\t<div class=\"max-title max-title3\">\n\t\t<h2>UNSERE GL\u00dcCKLICHEN KUNDEN<\/h2>\n\t<\/div><hr class=\"vertical-space1\"><div class=\"aligncenter\"><hr class=\"vertical-space1\"><div class=\"col-md-12 our-clients-wrap crsl\"><ul id=\"our-clients\" class=\"our-clients crsl\"><li><img alt=\"\" src=\"https:\/\/evolve.al\/admin\/core-wp\/..\/..\/site\/resources-global\/content-data\/uploads\/dga_logo_landscape_v1.jpg\"\/><\/li><li><img alt=\"\" src=\"https:\/\/evolve.al\/admin\/core-wp\/..\/..\/site\/resources-global\/content-data\/uploads\/ardeno-mobileri-al_logo_2.jpg\"\/><\/li><li><img alt=\"\" src=\"https:\/\/evolve.al\/admin\/core-wp\/..\/..\/site\/resources-global\/content-data\/uploads\/salillari-shpk_logo.jpg\"\/><\/li><li><img alt=\"\" src=\"https:\/\/evolve.al\/admin\/core-wp\/..\/..\/site\/resources-global\/content-data\/uploads\/alb-pastrim_logo.jpg\"\/><\/li><li><img alt=\"\" src=\"https:\/\/evolve.al\/admin\/core-wp\/..\/..\/site\/resources-global\/content-data\/uploads\/supersport_logo_v1.jpg\"\/><\/li><li><img alt=\"\" src=\"https:\/\/evolve.al\/admin\/core-wp\/..\/..\/site\/resources-global\/content-data\/uploads\/dpm-gov-al_logo.jpg\"\/><\/li><li><img alt=\"\" src=\"https:\/\/evolve.al\/admin\/core-wp\/..\/..\/site\/resources-global\/content-data\/uploads\/mmsr-gov-al_logo.jpg\"\/><\/li><li><img alt=\"\" src=\"https:\/\/evolve.al\/admin\/core-wp\/..\/..\/site\/resources-global\/content-data\/uploads\/biznes-albania_logo.jpg\"\/><\/li><li><img alt=\"\" src=\"https:\/\/evolve.al\/admin\/core-wp\/..\/..\/site\/resources-global\/content-data\/uploads\/su-shefqet-ndroqi_logo.jpg\"\/><\/li><li><img alt=\"\" src=\"https:\/\/evolve.al\/admin\/core-wp\/..\/..\/site\/resources-global\/content-data\/uploads\/ekb_logo.jpg\"\/><\/li><li><img alt=\"\" src=\"https:\/\/evolve.al\/admin\/core-wp\/..\/..\/site\/resources-global\/content-data\/uploads\/leon-kons_logo.jpg\"\/><\/li><li><img alt=\"\" src=\"https:\/\/evolve.al\/admin\/core-wp\/..\/..\/site\/resources-global\/content-data\/uploads\/alushi-trans-al_logo.jpg\"\/><\/li><\/ul><\/div><hr class=\"vertical-space2\"><\/div>[\/vc_column][\/vc_row][vc_row row_type=&#8221;2&#8243; blox_height=&#8221;452&#8243; blox_image=&#8221;9705&#8243; blox_bgcolor=&#8221;#f7f7f7&#8243;][vc_column el_class=&#8221;aligncenter&#8221;]<hr class=\"vertical-space5\"><hr class=\"vertical-space1\">[vc_column_text]<\/p>\n<h1 style=\"text-align: center;\">Lass uns anfangen<br \/>\n<strong>Ihr Projekt<\/strong><\/h1>\n<p>[\/vc_column_text]<hr class=\"vertical-space1\">[vc_column_text]<\/p>\n<p class=\"slog-tx2 aligncenter\">Wir helfen Ihnen, Ihre Ziele zu erreichen und Ihr Gesch\u00e4ft aufzubauen.<\/p>\n<p>[\/vc_column_text]<hr class=\"vertical-space1\"><a href=\"http:\/\/evolve.al\/de\/request-a-quote\/\" class=\"button skyblue  medium bordered-bot \" target=\"_self\">EIN ANGEBOT ANFORDERN<\/a><hr class=\"vertical-space4\">[\/vc_column][\/vc_row][vc_row row_type=&#8221;2&#8243; blox_image=&#8221;9171&#8243; blox_cover=&#8221;false&#8221; blox_repeat=&#8221;repeat&#8221; blox_dark=&#8221;true&#8221; blox_bgcolor=&#8221;#00c2e5&#8243;][vc_column]<hr class=\"vertical-space3\">[vc_row_inner][vc_column_inner el_class=&#8221;aligncenter&#8221;][vc_column_text]<\/p>\n<h1 style=\"text-align: center;\">WAS WIR GETAN <strong>HABEN<\/strong><\/h1>\n<p style=\"text-align: center;\">Wir bauen Br\u00fccken in der Web-Technologie, um das Ziel des Kunden mit der Realit\u00e4t im Verbindung zu setzen.<\/p>\n<p>[\/vc_column_text]<a href=\"http:\/\/evolve.al\/de\/projects\/\" class=\"button white  medium bordered-bot \" target=\"_self\">SEHEN SIE UNSERE PROJEKTE AN<\/a>[\/vc_column_inner][\/vc_row_inner]<hr class=\"vertical-space2\">[\/vc_column][\/vc_row]<\/p>","protected":false},"excerpt":{"rendered":"<p>[vc_row row_type=&#8221;3&#8243; blox_image=&#8221;9467&#8243; align_center=&#8221;aligncenter&#8221; page_title=&#8221;page-title-x&#8221; blox_dark=&#8221;true&#8221; parallax_speed=&#8221;7&#8243;][vc_column][vc_column_text] WEBDESIGN [\/vc_column_text][\/vc_column][\/vc_row][vc_row][vc_column width=&#8221;1\/6&#8243;][\/vc_column][vc_column width=&#8221;2\/3&#8243;][vc_column_text] WEBDESIGN-UND WEBENTWICKLUNGSDIENSTE Webdesign ist eine Kunst! Ihr Website-Design zeigt Ihren Gesch\u00e4ftseinblick. Ein bekanntes Sprichwort lautet: &#8220;Der erste Eindruck ist der bleibende&#8221;. Bei Webtechnologien ist Ihre Website die erste Einheit , die mit dem Besucher interagiert. Daher sollte Ihre Website selbst sprechen Die Websites, die wir erstellen, sind sauber und frisch und alle einzigartig gestaltet. Dar\u00fcber hinaus bem\u00fchen wir uns sicherzustellen, dass alle unsere Websites den vom World Wide Web Consortium geforderten Standards f\u00fcr die Barrierefreiheit entsprechen. Unsere Websites werden in den h\u00e4ufigsten verwendeten Browsern mit unterschiedlichen Bildschirmaufl\u00f6sungen getestet. [\/vc_column_text][\/vc_column][vc_column width=&#8221;1\/6&#8243;][\/vc_column][\/vc_row][vc_row][vc_column][vc_row_inner][vc_column_inner][vc_column_text]Wir sind spezialisiert auf professionelle Webdesign- und E-Commerce-Website-Design-L\u00f6sungen, die sich auf Ihre Ziele und Gesch\u00e4ftsziele konzentrieren. Unser Expertenteam aus Designern, Entwicklern und Experten f\u00fcr Suchmaschinenmarketing verwendet die neueste Technologie, um verwertbare Ergebnisse und eine Rendite f\u00fcr Ihre Investition zu erzielen. Wir arbeiten daran, Ihre Ziele zu verstehen und bieten L\u00f6sungen, die Ihren Bed\u00fcrfnissen entsprechen. Die Websites, die wir erstellen, sind sauber und frisch und alle individuell gestaltet. Dar\u00fcber hinaus bem\u00fchen wir uns sicherzustellen, dass alle unsere Websites den vom World Wide Web Consortium geforderten Standards f\u00fcr die Barrierefreiheit entsprechen. EVOLVE Studio entwickelt professionelle Website f\u00fcr alle Arten von Unternehmen, ob f\u00fcr gro\u00dfe oder kleine Unternehmen. Web-Entwicklung, Web-Design und Website-Pflege sind Teil unseres Serviceangebots. Wir entwickeln Website schnell, mit Qualit\u00e4t und nehmen alle W\u00fcnsche unserer Kunden an. Wir entwickeln professionelle Websites f\u00fcr Ihr Unternehmen. Wir haben ein Expertenteam und entwickeln sehr professionelle Websites. Wir haben mehr als 8 Jahre Erfahrung in der Entwicklung professioneller Websites. Wir k\u00f6nnen Sie bei der Gestaltung Ihrer Website unterst\u00fctzen und eine professionelle Website mit einem professionellen Team entwickeln. Wir haben umfangreiche Erfahrung in der Entwicklung von Websites und Anwendungen aller Art, je nach Schwierigkeitsgrad und Budget. Evolve Studio verf\u00fcgt \u00fcber die richtigen Erfahrungen bei der Entwicklung&#8230; <\/p>\n<p><a class=\"readmore\" href=\"https:\/\/evolve.al\/de\/progettazione-siti-web\/\">Continue Reading<\/a><\/p>\n","protected":false},"author":1,"featured_media":0,"parent":0,"menu_order":0,"comment_status":"closed","ping_status":"closed","template":"","meta":[],"_links":{"self":[{"href":"https:\/\/evolve.al\/de\/wp-json\/wp\/v2\/pages\/9242"}],"collection":[{"href":"https:\/\/evolve.al\/de\/wp-json\/wp\/v2\/pages"}],"about":[{"href":"https:\/\/evolve.al\/de\/wp-json\/wp\/v2\/types\/page"}],"author":[{"embeddable":true,"href":"https:\/\/evolve.al\/de\/wp-json\/wp\/v2\/users\/1"}],"replies":[{"embeddable":true,"href":"https:\/\/evolve.al\/de\/wp-json\/wp\/v2\/comments?post=9242"}],"version-history":[{"count":7,"href":"https:\/\/evolve.al\/de\/wp-json\/wp\/v2\/pages\/9242\/revisions"}],"predecessor-version":[{"id":11259,"href":"https:\/\/evolve.al\/de\/wp-json\/wp\/v2\/pages\/9242\/revisions\/11259"}],"wp:attachment":[{"href":"https:\/\/evolve.al\/de\/wp-json\/wp\/v2\/media?parent=9242"}],"curies":[{"name":"wp","href":"https:\/\/api.w.org\/{rel}","templated":true}]}}