{"id":9131,"date":"2016-02-23T10:40:20","date_gmt":"2016-02-23T10:40:20","guid":{"rendered":"http:\/\/webnus.biz\/themes\/easyweb\/design\/?page_id=9131"},"modified":"2023-05-01T13:58:27","modified_gmt":"2023-05-01T12:58:27","slug":"evolve","status":"publish","type":"page","link":"https:\/\/evolve.al\/de\/evolve\/","title":{"rendered":"\u00dcBER UNS"},"content":{"rendered":"<p>[vc_row row_type=&#8221;3&#8243; blox_image=&#8221;9467&#8243; align_center=&#8221;aligncenter&#8221; page_title=&#8221;page-title-x&#8221; blox_dark=&#8221;true&#8221; blox_class=&#8221;breadcrumb&#8221; parallax_speed=&#8221;7&#8243;][vc_column]<hr class=\"vertical-space5\">[vc_column_text]<\/p>\n<h2 class=\"respo-tagline\" style=\"text-align: center; letter-spacing: 1px;\"><strong>WIR SIND KREATIV<\/strong><\/h2>\n<p>[\/vc_column_text]<hr class=\"vertical-space5\">[\/vc_column][\/vc_row][vc_row][vc_column]<hr class=\"vertical-space5\">[\/vc_column][vc_column width=&#8221;1\/2&#8243;]\n\t<div class=\"subtitle-element subtitle-element2\">\n\t\t<h3>UNSERE <strong>GESCHICHTE<\/strong><\/h3>\n\t<\/div>[vc_column_text]Evolve ist eine digitale Agentur, die sich auf Qualit\u00e4t, Innovation und Arbeitsgeschwindigkeit konzentriert. Wir haben Technologien eingesetzt, um Ergebnisse zu erzielen, die das Gesch\u00e4ft unserer Kunden wachsen lassen. Wir sind stolz auf eine gute Arbeitsethik, Integrit\u00e4t und Endergebnisse.<br \/>\nWir entwickeln seit \u00fcber 8 Jahren verschiedene und oft sehr ma\u00dfgeschneiderte L\u00f6sungen und haben in dieser Zeit weit \u00fcber 240 Kunden unterst\u00fctzt, von Branding \u00fcber Webseites, E-Commerce-Plattformen, integrierte Marketingkampagnen, verschiedene IT-L\u00f6sungen bis hin zu Spielen.<br \/>\nWir haben Unterst\u00fctzung in fast allen Industriebereichen, einschlie\u00dflich Bildung, Regierung, IT und Kommunikation, Einzelhandel, Finanzen und nat\u00fcrlich eine breite Reihe von Business-to-Consumer- und Business-to-Business-Unternehmen<\/p>\n<h5><strong>Mission<\/strong><\/h5>\n<p>Wir lieben es einfach, an Projekten zu arbeiten, die unsere F\u00e4higkeiten und unser Wissen f\u00f6rdern. Als Team arbeiten wir harmonisch und nahtlos mit unseren Kunden zusammen, um sicherzustellen, dass Projekte auf hohem Niveau und mit gro\u00dfer Effizienz durchgef\u00fchrt werden..[\/vc_column_text]<hr class=\"vertical-space4\">[\/vc_column][vc_column width=&#8221;1\/2&#8243;]<hr class=\"vertical-space1\">[vc_single_image image=&#8221;10206&#8243; img_size=&#8221;full&#8221; alignment=&#8221;right&#8221;]<hr class=\"vertical-space4\">[\/vc_column][\/vc_row][vc_row][vc_column][vc_row_inner][vc_column_inner width=&#8221;1\/2&#8243;]\n\t<div class=\"subtitle-element subtitle-element2\">\n\t\t<h3>Our <strong>Team<\/strong><\/h3>\n\t<\/div>[\/vc_column_inner][vc_column_inner width=&#8221;1\/2&#8243;][\/vc_column_inner][\/vc_row_inner][vc_column_text]<div class=\"tmm tmm_evolve\"><div class=\"tmm_4_columns tmm_wrap \"><span class=\"tmm_two_containers_tablet\"><\/span><div class=\"tmm_container\"><div class=\"tmm_member\" style=\"border-top:#40d0eb solid 5px;\"><div class=\"tmm_photo tmm_phover_evolve_0\" style=\"background: url(http:\/\/evolve.al\/admin\/core-wp\/..\/..\/site\/resources-global\/content-data\/uploads\/man-user.jpg); margin-left:auto; margin-right:auto; background-size:cover !important;\"><\/div><div class=\"tmm_textblock\"><div class=\"tmm_names\"><span class=\"tmm_fname\">Endrit <\/span> <span class=\"tmm_lname\">Shehu<\/span><\/div><div class=\"tmm_job\">Administrator<\/div><div class=\"tmm_scblock\"><a target=\"_blank\" class=\"tmm_sociallink\" href=\"https:\/\/www.facebook.com\/evolvestudioalbania\/\" title=\"\"><img alt=\"\" src=\"https:\/\/evolve.al\/site\/plugins\/team-members\/inc\/img\/links\/facebook.png\"\/><\/a><a target=\"_blank\" class=\"tmm_sociallink\" href=\"https:\/\/www.linkedin.com\/company\/evolve-studio-albania\" title=\"\"><img alt=\"\" src=\"https:\/\/evolve.al\/site\/plugins\/team-members\/inc\/img\/links\/linkedin.png\"\/><\/a><\/div><\/div><\/div><div class=\"tmm_member\" style=\"border-top:#40d0eb solid 5px;\"><div class=\"tmm_photo tmm_phover_evolve_1\" style=\"background: url(http:\/\/evolve.al\/admin\/core-wp\/..\/..\/site\/resources-global\/content-data\/uploads\/man-user.jpg); margin-left:auto; margin-right:auto; background-size:cover !important;\"><\/div><div class=\"tmm_textblock\"><div class=\"tmm_names\"><span class=\"tmm_fname\">Dritan<\/span> <span class=\"tmm_lname\">Manaj<\/span><\/div><div class=\"tmm_job\">Sales Manager<\/div><div class=\"tmm_scblock\"><a target=\"_blank\" class=\"tmm_sociallink\" href=\"https:\/\/www.facebook.com\/evolvestudioalbania\/\" title=\"\"><img alt=\"\" src=\"https:\/\/evolve.al\/site\/plugins\/team-members\/inc\/img\/links\/facebook.png\"\/><\/a><a target=\"_blank\" class=\"tmm_sociallink\" href=\"https:\/\/www.linkedin.com\/company\/evolve-studio-albania\" title=\"\"><img alt=\"\" src=\"https:\/\/evolve.al\/site\/plugins\/team-members\/inc\/img\/links\/linkedin.png\"\/><\/a><\/div><\/div><\/div><span class=\"tmm_two_containers_tablet\"><\/span><div class=\"tmm_member\" style=\"border-top:#40d0eb solid 5px;\"><div class=\"tmm_photo tmm_phover_evolve_2\" style=\"background: url(https:\/\/evolve.al\/admin\/core-wp\/..\/..\/site\/resources-global\/content-data\/uploads\/man-user.jpg); margin-left:auto; margin-right:auto; background-size:cover !important;\"><\/div><div class=\"tmm_textblock\"><div class=\"tmm_names\"><span class=\"tmm_fname\">Blerina <\/span> <span class=\"tmm_lname\">Fusha<\/span><\/div><div class=\"tmm_job\">Coordinator<\/div><div class=\"tmm_scblock\"><a target=\"_blank\" class=\"tmm_sociallink\" href=\"https:\/\/www.facebook.com\/evolvestudioalbania\/\" title=\"\"><img alt=\"\" src=\"https:\/\/evolve.al\/site\/plugins\/team-members\/inc\/img\/links\/facebook.png\"\/><\/a><a target=\"_blank\" class=\"tmm_sociallink\" href=\"https:\/\/www.linkedin.com\/company\/evolve-studio-albania\" title=\"\"><img alt=\"\" src=\"https:\/\/evolve.al\/site\/plugins\/team-members\/inc\/img\/links\/linkedin.png\"\/><\/a><\/div><\/div><\/div><div class=\"tmm_member\" style=\"border-top:#40d0eb solid 5px;\"><div class=\"tmm_photo tmm_phover_evolve_3\" style=\"background: url(http:\/\/evolve.al\/admin\/core-wp\/..\/..\/site\/resources-global\/content-data\/uploads\/man-user.jpg); margin-left:auto; margin-right:auto; background-size:cover !important;\"><\/div><div class=\"tmm_textblock\"><div class=\"tmm_names\"><span class=\"tmm_fname\">Ani<\/span> <span class=\"tmm_lname\">Spahiu<\/span><\/div><div class=\"tmm_job\">Senior Full Stack<\/div><div class=\"tmm_scblock\"><a target=\"_blank\" class=\"tmm_sociallink\" href=\"https:\/\/www.facebook.com\/evolvestudioalbania\/\" title=\"\"><img alt=\"\" src=\"https:\/\/evolve.al\/site\/plugins\/team-members\/inc\/img\/links\/facebook.png\"\/><\/a><a target=\"_blank\" class=\"tmm_sociallink\" href=\"https:\/\/www.linkedin.com\/company\/evolve-studio-albania\" title=\"\"><img alt=\"\" src=\"https:\/\/evolve.al\/site\/plugins\/team-members\/inc\/img\/links\/linkedin.png\"\/><\/a><\/div><\/div><\/div><span class=\"tmm_two_containers_tablet\"><\/span><\/div><span class=\"tmm_columns_containers_desktop\"><\/span><div class=\"tmm_container\"><div class=\"tmm_member\" style=\"border-top:#40d0eb solid 5px;\"><div class=\"tmm_photo tmm_phover_evolve_4\" style=\"background: url(http:\/\/evolve.al\/admin\/core-wp\/..\/..\/site\/resources-global\/content-data\/uploads\/man-user.jpg); margin-left:auto; margin-right:auto; background-size:cover !important;\"><\/div><div class=\"tmm_textblock\"><div class=\"tmm_names\"><span class=\"tmm_fname\">Ergest<\/span> <span class=\"tmm_lname\">Imaj<\/span><\/div><div class=\"tmm_job\">Software Engineer<\/div><div class=\"tmm_scblock\"><a target=\"_blank\" class=\"tmm_sociallink\" href=\"https:\/\/www.facebook.com\/evolvestudioalbania\/\" title=\"\"><img alt=\"\" src=\"https:\/\/evolve.al\/site\/plugins\/team-members\/inc\/img\/links\/facebook.png\"\/><\/a><a target=\"_blank\" class=\"tmm_sociallink\" href=\"https:\/\/www.linkedin.com\/company\/evolve-studio-albania\" title=\"\"><img alt=\"\" src=\"https:\/\/evolve.al\/site\/plugins\/team-members\/inc\/img\/links\/linkedin.png\"\/><\/a><\/div><\/div><\/div><div class=\"tmm_member\" style=\"border-top:#40d0eb solid 5px;\"><div class=\"tmm_photo tmm_phover_evolve_5\" style=\"background: url(http:\/\/evolve.al\/admin\/core-wp\/..\/..\/site\/resources-global\/content-data\/uploads\/man-user.jpg); margin-left:auto; margin-right:auto; background-size:cover !important;\"><\/div><div class=\"tmm_textblock\"><div class=\"tmm_names\"><span class=\"tmm_fname\">Ardit<\/span> <span class=\"tmm_lname\">Cela<\/span><\/div><div class=\"tmm_job\"> Frontend Developer<\/div><div class=\"tmm_scblock\"><a target=\"_blank\" class=\"tmm_sociallink\" href=\"https:\/\/www.facebook.com\/evolvestudioalbania\/\" title=\"\"><img alt=\"\" src=\"https:\/\/evolve.al\/site\/plugins\/team-members\/inc\/img\/links\/facebook.png\"\/><\/a><a target=\"_blank\" class=\"tmm_sociallink\" href=\"https:\/\/www.linkedin.com\/company\/evolve-studio-albania\" title=\"\"><img alt=\"\" src=\"https:\/\/evolve.al\/site\/plugins\/team-members\/inc\/img\/links\/linkedin.png\"\/><\/a><\/div><\/div><\/div><span class=\"tmm_two_containers_tablet\"><\/span><div class=\"tmm_member\" style=\"border-top:#40d0eb solid 5px;\"><div class=\"tmm_photo tmm_phover_evolve_6\" style=\"background: url(http:\/\/evolve.al\/admin\/core-wp\/..\/..\/site\/resources-global\/content-data\/uploads\/man-user.jpg); margin-left:auto; margin-right:auto; background-size:cover !important;\"><\/div><div class=\"tmm_textblock\"><div class=\"tmm_names\"><span class=\"tmm_fname\">Eri<\/span> <span class=\"tmm_lname\">Vila<\/span><\/div><div class=\"tmm_job\">SEO Specialist<\/div><div class=\"tmm_scblock\"><a target=\"_blank\" class=\"tmm_sociallink\" href=\"https:\/\/www.facebook.com\/evolvestudioalbania\/\" title=\"\"><img alt=\"\" src=\"https:\/\/evolve.al\/site\/plugins\/team-members\/inc\/img\/links\/facebook.png\"\/><\/a><a target=\"_blank\" class=\"tmm_sociallink\" href=\"https:\/\/www.linkedin.com\/company\/evolve-studio-albania\" title=\"\"><img alt=\"\" src=\"https:\/\/evolve.al\/site\/plugins\/team-members\/inc\/img\/links\/linkedin.png\"\/><\/a><\/div><\/div><\/div><div class=\"tmm_member\" style=\"border-top:#40d0eb solid 5px;\"><div class=\"tmm_photo tmm_phover_evolve_7\" style=\"background: url(http:\/\/evolve.al\/admin\/core-wp\/..\/..\/site\/resources-global\/content-data\/uploads\/man-user.jpg); margin-left:auto; margin-right:auto; background-size:cover !important;\"><\/div><div class=\"tmm_textblock\"><div class=\"tmm_names\"><span class=\"tmm_fname\">Gerti<\/span> <span class=\"tmm_lname\">Prifti<\/span><\/div><div class=\"tmm_job\">Android Developer<\/div><div class=\"tmm_scblock\"><a target=\"_blank\" class=\"tmm_sociallink\" href=\"https:\/\/www.facebook.com\/evolvestudioalbania\/\" title=\"\"><img alt=\"\" src=\"https:\/\/evolve.al\/site\/plugins\/team-members\/inc\/img\/links\/facebook.png\"\/><\/a><a target=\"_blank\" class=\"tmm_sociallink\" href=\"https:\/\/www.linkedin.com\/company\/evolve-studio-albania\" title=\"\"><img alt=\"\" src=\"https:\/\/evolve.al\/site\/plugins\/team-members\/inc\/img\/links\/linkedin.png\"\/><\/a><\/div><\/div><\/div><span class=\"tmm_two_containers_tablet\"><\/span><\/div><span class=\"tmm_columns_containers_desktop\"><\/span><div class=\"tmm_container\"><div class=\"tmm_member\" style=\"border-top:#40d0eb solid 5px;\"><div class=\"tmm_photo tmm_phover_evolve_8\" style=\"background: url(http:\/\/evolve.al\/admin\/core-wp\/..\/..\/site\/resources-global\/content-data\/uploads\/man-user.jpg); margin-left:auto; margin-right:auto; background-size:cover !important;\"><\/div><div class=\"tmm_textblock\"><div class=\"tmm_names\"><span class=\"tmm_fname\">Marlind<\/span> <span class=\"tmm_lname\">Parllaku<\/span><\/div><div class=\"tmm_job\">Backend Developer<\/div><div class=\"tmm_scblock\"><a target=\"_blank\" class=\"tmm_sociallink\" href=\"https:\/\/www.facebook.com\/evolvestudioalbania\/\" title=\"\"><img alt=\"\" src=\"https:\/\/evolve.al\/site\/plugins\/team-members\/inc\/img\/links\/facebook.png\"\/><\/a><a target=\"_blank\" class=\"tmm_sociallink\" href=\"https:\/\/www.linkedin.com\/company\/evolve-studio-albania\" title=\"\"><img alt=\"\" src=\"https:\/\/evolve.al\/site\/plugins\/team-members\/inc\/img\/links\/linkedin.png\"\/><\/a><\/div><\/div><\/div><div class=\"tmm_member\" style=\"border-top:#40d0eb solid 5px;\"><div class=\"tmm_photo tmm_phover_evolve_9\" style=\"background: url(http:\/\/evolve.al\/admin\/core-wp\/..\/..\/site\/resources-global\/content-data\/uploads\/man-user.jpg); margin-left:auto; margin-right:auto; background-size:cover !important;\"><\/div><div class=\"tmm_textblock\"><div class=\"tmm_names\"><span class=\"tmm_fname\">Eljo<\/span> <span class=\"tmm_lname\">Prifti<\/span><\/div><div class=\"tmm_job\">iOS Developer<\/div><div class=\"tmm_scblock\"><a target=\"_blank\" class=\"tmm_sociallink\" href=\"https:\/\/www.facebook.com\/evolvestudioalbania\/\" title=\"\"><img alt=\"\" src=\"https:\/\/evolve.al\/site\/plugins\/team-members\/inc\/img\/links\/facebook.png\"\/><\/a><a target=\"_blank\" class=\"tmm_sociallink\" href=\"https:\/\/www.linkedin.com\/company\/evolve-studio-albania\" title=\"\"><img alt=\"\" src=\"https:\/\/evolve.al\/site\/plugins\/team-members\/inc\/img\/links\/linkedin.png\"\/><\/a><\/div><\/div><\/div><span class=\"tmm_two_containers_tablet\"><\/span><div class=\"tmm_member\" style=\"border-top:#40d0eb solid 5px;\"><div class=\"tmm_photo tmm_phover_evolve_10\" style=\"background: url(http:\/\/evolve.al\/admin\/core-wp\/..\/..\/site\/resources-global\/content-data\/uploads\/man-user.jpg); margin-left:auto; margin-right:auto; background-size:cover !important;\"><\/div><div class=\"tmm_textblock\"><div class=\"tmm_names\"><span class=\"tmm_fname\">Rizan<\/span> <span class=\"tmm_lname\">Shahu<\/span><\/div><div class=\"tmm_job\">Email &amp; MArketing<\/div><div class=\"tmm_scblock\"><a target=\"_blank\" class=\"tmm_sociallink\" href=\"https:\/\/www.facebook.com\/evolvestudioalbania\/\" title=\"\"><img alt=\"\" src=\"https:\/\/evolve.al\/site\/plugins\/team-members\/inc\/img\/links\/facebook.png\"\/><\/a><a target=\"_blank\" class=\"tmm_sociallink\" href=\"https:\/\/www.linkedin.com\/company\/evolve-studio-albania\" title=\"\"><img alt=\"\" src=\"https:\/\/evolve.al\/site\/plugins\/team-members\/inc\/img\/links\/linkedin.png\"\/><\/a><\/div><\/div><\/div><div style=\"clear:both;\"><\/div><\/div><\/div><\/div>[\/vc_column_text][\/vc_column][\/vc_row][vc_row row_type=&#8221;2&#8243; blox_bgcolor=&#8221;#f6f8f9&#8243;][vc_column width=&#8221;1\/12&#8243;][\/vc_column][vc_column width=&#8221;4\/12&#8243;]<hr class=\"vertical-space5\">[vc_column_text]<\/p>\n<h3 style=\"text-align: center;\"><strong>Design<\/strong> Gruppe<\/h3>\n<p style=\"text-align: center;\">Mit unseren hauseigenen preisgekr\u00f6nten Designern erkennen wir die Tatsache, dass Benutzerfreundlichkeit, Funktionalit\u00e4t und Visualisierung drei der wichtigsten Faktoren bei der Gestaltung von Schnittstellen oder Webseites sind. Mit dieser Strategie arbeiten wir mit Ihnen zusammen, um sicherzustellen, dass Ihre Messaging- und Marketingziele mit den von uns erstellten Designs verwirklicht warden. Wir arbeiten mit Ihnen zusammen und bringen Ihre Idee zum Leben.<\/p>\n<p>[\/vc_column_text]<hr class=\"vertical-space3\">[\/vc_column][vc_column width=&#8221;2\/12&#8243;][\/vc_column][vc_column width=&#8221;4\/12&#8243;]<hr class=\"vertical-space5\">[vc_column_text]<\/p>\n<h3 style=\"text-align: center;\"><strong>Entwicklungsgruppe<\/strong><\/h3>\n<p style=\"text-align: center;\">Als f\u00fchrendes Unternehmen f\u00fcr die Entwicklung von Web- und mobilen Anwendungen verf\u00fcgt Evolve \u00fcber umfangreiche Erfahrung bei der Entwicklung leistungsstarker, funktionsreicher nativer mobiler Anwendungen f\u00fcr alle wichtigen mobilen Plattformen wie iOS, Android, BlackBerry OS und Windows Mobile. Entwickeln Sie Entwickler von mobilen Apps und erstellen Sie die passende App f\u00fcr Ihre gesch\u00e4ftlichen, branchenspezifischen und \/ oder vertikalen Anforderungen.<\/p>\n<p>[\/vc_column_text]<hr class=\"vertical-space5\">[\/vc_column][vc_column width=&#8221;1\/12&#8243;][\/vc_column][\/vc_row][vc_row][vc_column]<hr class=\"vertical-space4\">\n\t<div class=\"max-title max-title3\">\n\t\t<h2>UNSERE <strong>GL\u00dcCKLICHEN KUNDEN<\/strong> <\/h2>\n\t<\/div><div class=\"aligncenter\"><hr class=\"vertical-space1\"><div class=\"col-md-12 our-clients-wrap crsl\"><ul id=\"our-clients\" class=\"our-clients crsl\"><li><img alt=\"\" src=\"https:\/\/evolve.al\/admin\/core-wp\/..\/..\/site\/resources-global\/content-data\/uploads\/dga_logo_landscape_v1.jpg\"\/><\/li><li><img alt=\"\" src=\"https:\/\/evolve.al\/admin\/core-wp\/..\/..\/site\/resources-global\/content-data\/uploads\/ardeno-mobileri-al_logo_2.jpg\"\/><\/li><li><img alt=\"\" src=\"https:\/\/evolve.al\/admin\/core-wp\/..\/..\/site\/resources-global\/content-data\/uploads\/salillari-shpk_logo.jpg\"\/><\/li><li><img alt=\"\" src=\"https:\/\/evolve.al\/admin\/core-wp\/..\/..\/site\/resources-global\/content-data\/uploads\/alb-pastrim_logo.jpg\"\/><\/li><li><img alt=\"\" src=\"https:\/\/evolve.al\/admin\/core-wp\/..\/..\/site\/resources-global\/content-data\/uploads\/supersport_logo_v1.jpg\"\/><\/li><li><img alt=\"\" src=\"https:\/\/evolve.al\/admin\/core-wp\/..\/..\/site\/resources-global\/content-data\/uploads\/dpm-gov-al_logo.jpg\"\/><\/li><li><img alt=\"\" src=\"https:\/\/evolve.al\/admin\/core-wp\/..\/..\/site\/resources-global\/content-data\/uploads\/mmsr-gov-al_logo.jpg\"\/><\/li><li><img alt=\"\" src=\"https:\/\/evolve.al\/admin\/core-wp\/..\/..\/site\/resources-global\/content-data\/uploads\/biznes-albania_logo.jpg\"\/><\/li><li><img alt=\"\" src=\"https:\/\/evolve.al\/admin\/core-wp\/..\/..\/site\/resources-global\/content-data\/uploads\/su-shefqet-ndroqi_logo.jpg\"\/><\/li><li><img alt=\"\" src=\"https:\/\/evolve.al\/admin\/core-wp\/..\/..\/site\/resources-global\/content-data\/uploads\/ekb_logo.jpg\"\/><\/li><li><img alt=\"\" src=\"https:\/\/evolve.al\/admin\/core-wp\/..\/..\/site\/resources-global\/content-data\/uploads\/leon-kons_logo.jpg\"\/><\/li><li><img alt=\"\" src=\"https:\/\/evolve.al\/admin\/core-wp\/..\/..\/site\/resources-global\/content-data\/uploads\/alushi-trans-al_logo.jpg\"\/><\/li><\/ul><\/div><hr class=\"vertical-space2\"><\/div>[\/vc_column][\/vc_row][vc_row row_type=&#8221;2&#8243; blox_height=&#8221;452&#8243; blox_image=&#8221;9123&#8243; blox_class=&#8221;fix-h1-mob&#8221;][vc_column el_class=&#8221;aligncenter&#8221;]<hr class=\"vertical-space5\"><hr class=\"vertical-space1\">[vc_column_text]<\/p>\n<h1 style=\"text-align: center;\"><strong>Lass uns<br \/>\nIhr Projekt anfangen<\/strong><\/h1>\n<p style=\"text-align: center;\">Wir helfen Ihnen, Ihre Ziele zu erreichen und Ihr Gesch\u00e4ft aufzubauen.<\/p>\n<p>[\/vc_column_text]<a href=\"http:\/\/evolve.al\/de\/request-a-quote\/\" class=\"button theme-skin  medium  \" target=\"_self\">EIN ANGEBOT ANFORDERN<\/a><hr class=\"vertical-space3\">[\/vc_column][\/vc_row][vc_row][vc_column][vc_column_text]<\/p>\n<p>[\/vc_column_text][\/vc_column][\/vc_row][vc_row row_type=&#8221;2&#8243; blox_image=&#8221;9171&#8243; blox_cover=&#8221;false&#8221; blox_repeat=&#8221;repeat&#8221; blox_dark=&#8221;true&#8221; blox_bgcolor=&#8221;#00c2e5&#8243;][vc_column]<hr class=\"vertical-space3\">[vc_row_inner][vc_column_inner el_class=&#8221;aligncenter&#8221;][vc_column_text]<\/p>\n<h1 style=\"text-align: center;\">Things we have\u00a0<strong>Done<\/strong><\/h1>\n<p style=\"text-align: center;\">We are building bridges in web technology in order to connect the client\u2019s goal to reality<\/p>\n<p>[\/vc_column_text]<a href=\"http:\/\/evolve.al\/projects\/\" class=\"button white  medium bordered-bot \" target=\"_self\">VIEW OUR PROJECTS<\/a>[\/vc_column_inner][\/vc_row_inner]<hr class=\"vertical-space2\">[\/vc_column][\/vc_row]<\/p>","protected":false},"excerpt":{"rendered":"<p>[vc_row row_type=&#8221;3&#8243; blox_image=&#8221;9467&#8243; align_center=&#8221;aligncenter&#8221; page_title=&#8221;page-title-x&#8221; blox_dark=&#8221;true&#8221; blox_class=&#8221;breadcrumb&#8221; parallax_speed=&#8221;7&#8243;][vc_column][vc_column_text] WIR SIND KREATIV [\/vc_column_text][\/vc_column][\/vc_row][vc_row][vc_column][\/vc_column][vc_column width=&#8221;1\/2&#8243;][vc_column_text]Evolve ist eine digitale Agentur, die sich auf Qualit\u00e4t, Innovation und Arbeitsgeschwindigkeit konzentriert. Wir haben Technologien eingesetzt, um Ergebnisse zu erzielen, die das Gesch\u00e4ft unserer Kunden wachsen lassen. Wir sind stolz auf eine gute Arbeitsethik, Integrit\u00e4t und Endergebnisse. Wir entwickeln seit \u00fcber 8 Jahren verschiedene und oft sehr ma\u00dfgeschneiderte L\u00f6sungen und haben in dieser Zeit weit \u00fcber 240 Kunden unterst\u00fctzt, von Branding \u00fcber Webseites, E-Commerce-Plattformen, integrierte Marketingkampagnen, verschiedene IT-L\u00f6sungen bis hin zu Spielen. Wir haben Unterst\u00fctzung in fast allen Industriebereichen, einschlie\u00dflich Bildung, Regierung, IT und Kommunikation, Einzelhandel, Finanzen und nat\u00fcrlich eine breite Reihe von Business-to-Consumer- und Business-to-Business-Unternehmen Mission Wir lieben es einfach, an Projekten zu arbeiten, die unsere F\u00e4higkeiten und unser Wissen f\u00f6rdern. Als Team arbeiten wir harmonisch und nahtlos mit unseren Kunden zusammen, um sicherzustellen, dass Projekte auf hohem Niveau und mit gro\u00dfer Effizienz durchgef\u00fchrt werden..[\/vc_column_text][\/vc_column][vc_column width=&#8221;1\/2&#8243;][vc_single_image image=&#8221;10206&#8243; img_size=&#8221;full&#8221; alignment=&#8221;right&#8221;][\/vc_column][\/vc_row][vc_row][vc_column][vc_row_inner][vc_column_inner width=&#8221;1\/2&#8243;][\/vc_column_inner][vc_column_inner width=&#8221;1\/2&#8243;][\/vc_column_inner][\/vc_row_inner][vc_column_text][\/vc_column_text][\/vc_column][\/vc_row][vc_row row_type=&#8221;2&#8243; blox_bgcolor=&#8221;#f6f8f9&#8243;][vc_column width=&#8221;1\/12&#8243;][\/vc_column][vc_column width=&#8221;4\/12&#8243;][vc_column_text] Design Gruppe Mit unseren hauseigenen preisgekr\u00f6nten Designern erkennen wir die Tatsache, dass Benutzerfreundlichkeit, Funktionalit\u00e4t und Visualisierung drei der wichtigsten Faktoren bei der Gestaltung von Schnittstellen oder Webseites sind. Mit dieser Strategie arbeiten wir mit Ihnen zusammen, um sicherzustellen, dass Ihre Messaging- und Marketingziele mit den von uns erstellten Designs verwirklicht warden. Wir arbeiten mit Ihnen zusammen und bringen Ihre Idee zum Leben. [\/vc_column_text][\/vc_column][vc_column width=&#8221;2\/12&#8243;][\/vc_column][vc_column width=&#8221;4\/12&#8243;][vc_column_text] Entwicklungsgruppe Als f\u00fchrendes Unternehmen f\u00fcr die Entwicklung von Web- und mobilen Anwendungen verf\u00fcgt Evolve \u00fcber umfangreiche Erfahrung bei der Entwicklung leistungsstarker, funktionsreicher nativer mobiler Anwendungen f\u00fcr alle wichtigen mobilen Plattformen wie iOS, Android, BlackBerry OS und Windows Mobile. Entwickeln Sie Entwickler von mobilen Apps und erstellen Sie die passende App f\u00fcr Ihre gesch\u00e4ftlichen, branchenspezifischen und \/ oder vertikalen Anforderungen. [\/vc_column_text][\/vc_column][vc_column width=&#8221;1\/12&#8243;][\/vc_column][\/vc_row][vc_row][vc_column][\/vc_column][\/vc_row][vc_row row_type=&#8221;2&#8243; blox_height=&#8221;452&#8243; blox_image=&#8221;9123&#8243; blox_class=&#8221;fix-h1-mob&#8221;][vc_column el_class=&#8221;aligncenter&#8221;][vc_column_text] Lass uns Ihr Projekt anfangen Wir helfen Ihnen, Ihre Ziele&#8230; <\/p>\n<p><a class=\"readmore\" href=\"https:\/\/evolve.al\/de\/tmm\/evolve\/\">Continue Reading<\/a><\/p>\n","protected":false},"author":1,"featured_media":0,"parent":0,"menu_order":0,"comment_status":"closed","ping_status":"closed","template":"","meta":[],"_links":{"self":[{"href":"https:\/\/evolve.al\/de\/wp-json\/wp\/v2\/pages\/9131"}],"collection":[{"href":"https:\/\/evolve.al\/de\/wp-json\/wp\/v2\/pages"}],"about":[{"href":"https:\/\/evolve.al\/de\/wp-json\/wp\/v2\/types\/page"}],"author":[{"embeddable":true,"href":"https:\/\/evolve.al\/de\/wp-json\/wp\/v2\/users\/1"}],"replies":[{"embeddable":true,"href":"https:\/\/evolve.al\/de\/wp-json\/wp\/v2\/comments?post=9131"}],"version-history":[{"count":7,"href":"https:\/\/evolve.al\/de\/wp-json\/wp\/v2\/pages\/9131\/revisions"}],"predecessor-version":[{"id":11590,"href":"https:\/\/evolve.al\/de\/wp-json\/wp\/v2\/pages\/9131\/revisions\/11590"}],"wp:attachment":[{"href":"https:\/\/evolve.al\/de\/wp-json\/wp\/v2\/media?parent=9131"}],"curies":[{"name":"wp","href":"https:\/\/api.w.org\/{rel}","templated":true}]}}