{"id":11028,"date":"2019-02-14T16:57:38","date_gmt":"2019-02-14T15:57:38","guid":{"rendered":"https:\/\/evolve.al\/?page_id=11028"},"modified":"2019-02-15T14:29:54","modified_gmt":"2019-02-15T13:29:54","slug":"siguria-kibernetike","status":"publish","type":"page","link":"https:\/\/evolve.al\/de\/home\/siguria-kibernetike\/","title":{"rendered":"Cybersicherheit"},"content":{"rendered":"<p>[vc_row][vc_column][vc_column_text]Cyberkriminalit\u00e4t ist ein weltweites Ph\u00e4nomen. Jedes Unternehmen, ob \u00f6ffentlich oder privat, ist st\u00e4ndig von Cyberkriminalit\u00e4t und Cyberterroristen bedroht: Von der Erstellung von Phishing-Sites \u00fcber den Diebstahl pers\u00f6nlicher Daten und digitaler Identit\u00e4ten bis hin zur Einf\u00fchrung von Viren und Malware in den Unternehmenssystemen. Sie kann \u00fcberall stattfinden, wo Menschen Computer, Smartphones und andere IT-Ger\u00e4te benutzen \u2013 in Firmen, Beh\u00f6rden, Universit\u00e4ten, zu Hause und unterwegs.<br \/>\nUnternehmen sollten zur Bek\u00e4mpfung der Cyberkriminalit\u00e4t technische Sicherheitsma\u00dfnahmen durchf\u00fchren. Dazu geh\u00f6ren zum Beispiel die Absicherung von Netz\u00fcberg\u00e4ngen, die Verschl\u00fcsselung der E-Mail-Kommunikation, die Erstellung von Notfallpl\u00e4nen oder auch regelm\u00e4\u00dfige Sensibilisierungsma\u00dfnahmen f\u00fcr alle Mitarbeiter. Zu den Hauptfolgen der Cyberkriminalit\u00e4t, mit denen sich Unternehmen oder \u00f6ffentliche Unternehmen konfrontiert sehen k\u00f6nnen, geh\u00f6ren:<br \/>\nWichtige Informationen zum Verlust<br \/>\nUnterbrechung der Unternehmensprozesse<br \/>\nder Image-Schaden f\u00fcr Unternehmen und Marken<br \/>\nSch\u00e4den an nationalen und \/ oder Sicherheitsinfrastrukturen.<br \/>\nOrganisationen m\u00fcssen die Risiken, die von Cyberbedrohungen ausgehen, verstehen und sich darauf konzentrieren<br \/>\nNeue Strategie zur Verringerung ihren Auswirkungen[\/vc_column_text][\/vc_column][\/vc_row][vc_row][vc_column][vc_column_text]EVOLVE STUDIO bietet Services der n\u00e4chsten Generation, IT-Infrastrukturen und Gesch\u00e4ftsanwendungen, die die h\u00f6chsten Sicherheitsstandards erf\u00fcllen k\u00f6nnen.<\/p>\n<p>EVOLVE Studio verf\u00fcgt \u00fcber umfassende Kenntnisse der Sicherheitsbedrohungen im Internet und die langj\u00e4hrige Erfahrung in der IT-Sicherheit . Sie unterst\u00fctzt die Unternehmen Komplettl\u00f6sungen f\u00fcr die Cybersicherheit zu entwickeln. EVOLVE bietet agile Cyber-\u00dcberlegenheit, Cyber-Sicherheit und Intelligenz, um selbst die fortgeschrittensten Angriffe abzuwehren.<\/p>\n<p>EVOLVE Studio f\u00fchrender Anbieter von Dienstleistungen zur Erstellung von Daten und Analysen f\u00fcr die IT-Sicherheit, wird,fur Ihre Unternhmer seine strategischen Beratungsdienstleistungen in anbieten um Sicherheitsexperten und -teams dabei zu helfen, ihre dringlichen Cyber-Sicherheitsherausforderungen zu l\u00f6sen<\/p>\n<p>Das Verfahren von EVOLVE , hilft Unternehmen dabei, ihre Sicherheitsprogramme so zu ver\u00e4ndern, dass sie dank datengest\u00fctzter, risikobasierter Analysen relevanter, besser umsetzbar und nachhaltiger sind. Wir helfen Ihnen, alle Computer-Ausr\u00fcstung von komplexen Angriffen zu sichern, durch L\u00f6sungen und Dienstleistungen basieren auf der technologischen Innovation und ausgezeichnete Professionalit\u00e4t.[\/vc_column_text][\/vc_column][\/vc_row][vc_row][vc_column][vc_column_text]VORTEILE<\/p>\n<p>\u2022 EVOLVE unterst\u00fctzt Sie mit L\u00f6sungen und Implementierungen von Cybersicherheitsl\u00f6sungen, die f\u00fcr Ihr Unternehmen wichtig sind und die Ihren Bedarf und Ihre Anforderungen am besten erf\u00fcllt.<br \/>\n\u2022 Unser Know-how begleitet von unserem Dienstleistungskatalog (Advisory und Managed) gibt Ihren Unternehmen die M\u00f6glichkeit der Entwicklung einer wichtige Business-Driven Security-Strategie zu haben<br \/>\n\u2022 Die SOC- und NOC-Strukturen von EVOLVE sind synergetische Funktionen zur gemeinsamen Nutzung von Tools und Zielen, um Netzwerksicherheit und -verf\u00fcgbarkeit zu gew\u00e4hrleisten. Sie bieten einen Service, der Ihre Anforderungen Zeit flexibel erf\u00fcllen kann (Outsourcing, Co-Sourcing). ).<br \/>\n\u2022 Unser Team aus erfahrenen und hochqualifizierten Fachleuten hilft Ihnen gerne weiter.<br \/>\nUnsere Leistungen<br \/>\nDank einer grossen Erfahrung , haben wir eine Reihe von Dienstleistungen entwickelt, die exzellente Verteidigung gegen einem hohen Anzahl von Cyber-Bedrohungen und die Unterst\u00fctzung f\u00fcr die Identifizierung und Eind\u00e4mmung von Bedrohungen .Die Softwareprodukte und Dienstleistungen von EVOLVE f\u00fcr die IT-Sicherheit helfen Unternehmen, das Risiko von Datenpannen zu verringern, Angriffe schnell zu erkennen und zu untersuchen sowie effektive IT-Sicherheitsprogramme zu implementieren<br \/>\n[\/vc_column_text][\/vc_column][\/vc_row][vc_row][vc_column][vc_column_text]MANAGED SECURITY SERVICE<\/p>\n<p>Um die Qualit\u00e4t der Analyse zu verbessern und die IT-Abteilung zu unterst\u00fctzen, bietet sich EVOLVE als Partner an, der MSS-Services anbieten kann. Dies ist eine systemische Moglichkeit , auf die Notwendigkeit zu reagieren, Unternehmen zu sch\u00fctzen. Unser Fokus liegt auf \u00dcberwachung und Unterst\u00fctzung .Nach der Bewertung folgen ma\u00dfgeschneiderte Empfehlungen, um die spezifischen Bedrohungen, die Risikobereitschaft und Gesch\u00e4ftsziele des Unternehmens anzugehen<\/p>\n<p>Penetrationstest<\/p>\n<p>Durch unseren effektiven Penetrationstest k\u00f6nnen Sie die Angriffsfl\u00e4che f\u00fcr die potentielle Hacker reduzieren und k\u00f6nnen Sie die Sicherheit Ihrer IT-Systeme und mobilen Ger\u00e4te erh\u00f6hen. Sie erhalten von unseren qualifizierten Spezialisten einen \u00dcberblick \u00fcber die konkreten Schwachstellen und dann zeigen wir Ihnen au\u00dferdem Wege auf, sich dauerhaft vor Netzwerkangriffen zu sch\u00fctzen.<\/p>\n<p>Mit einer stabilen Netzwerksicherheit gew\u00e4hrleisten Sie die Vertraulichkeit und Unversehrtheit Ihrer Daten und verringern das Haftungsrisiko. Unsere Experten erl\u00e4utern den Report der Sicherheitsanalyse auf Wunsch .<br \/>\n&#8211; OWASP (OpenWeb Application Security Project) Testing Guide<br \/>\n&#8211; NIST Techincal Guide to Information Security Testing and Assessment<br \/>\n&#8211; SANS Common Weakness Enumeration<br \/>\n&#8211; OWASP Top 10<br \/>\n&#8211; Web Application Security Consortium guidelines<br \/>\n&#8211; ISO \/ IEC 27001: 2005 of which some team members are certified &#8220;Lead Auditor&#8221;<br \/>\n&#8211; PCI DSS<br \/>\n[\/vc_column_text][\/vc_column][\/vc_row][vc_row][vc_column][vc_column_text]Pr\u00e4diktiver Schutz vor Ransomware<\/p>\n<p>Unter Ransomware versteht man eine spezielle Art sch\u00e4dlicher Software, die den Zugriff auf Ger\u00e4te sperrt oder darauf enthaltene Daten verschl\u00fcsselt und anschlie\u00dfend vom Opfer ein L\u00f6segeld f\u00fcr die Wiederherstellung verlangt. Ransomware geh\u00f6rt zu den gef\u00e4hrlichsten Typen von Schadsoftware<\/p>\n<p>Wir helfen Ihnen dabei, mithilfe der neuen Technologie und unserer Consulting-, Verwaltungs- und technischen Services eine pr\u00e4diktive Cybersicherheits-Umgebung zu schaffen. Das erm\u00f6glichen es Ihnen, Ransomware-Angriffe zu verhindern und Reaktionen zu automatisieren. Dies ist dank unserer langj\u00e4hrigen Erfahrung in der L\u00f6sung von Problemen dieser Art von Angriffen m\u00f6glich.<\/p>\n<p>Eine einfache Ransomware kann das System des Opfers blockieren, aber es kann einfach von einem Experten freigeschaltet werden. Stattdessen verwenden fortgeschrittene Infektionen eine Technik, die als &#8220;Cryptovirus-Erpressung&#8221; bezeichnet wird. Dabei werden die Dateien des Opfers verschl\u00fcsselt, sodass sie nicht zug\u00e4nglich sind.<\/p>\n<p>Unser Team kann Sie in beiden F\u00e4llen unterst\u00fctzen.<\/p>\n<p>Die Secure Code Review<\/p>\n<p>Die Secure Code Review ist ein Testprozess, der gezielt ist Sicherheitsfehler des Quellcodes von Software und Anwendungen zu identifizieren und dann wieter diese Fehler zu korrigieren die w\u00e4hrend der Entwicklung m\u00f6glicherweise bekannt wurden<br \/>\nDer Secure Code Review-Prozess erm\u00f6glicht:<\/p>\n<p>Verhinderung der SQL-Injektion; Verhinderung von Cross-Site Scripting (XSS); Verhinderung anderer Injektionsarten (LDAP, OS-Injektion, XPATH-Injektion, Mitigation Log Injection usw.); Verhinderung des Puffer\u00fcberlaufs;Sicherung des Authentifizierungs- und Autorisierungssystems; Cross-Site-Request Forger Prevention (CSFR); Clickjacking-Pr\u00e4vention; Implementierung eines sicherheitsorientierten Fehlerprotokoll- und Managementsystems<br \/>\nSicherheitsrisikobewertung [\/vc_column_text][\/vc_column][\/vc_row][vc_row][vc_column][vc_column_text]Die SQL-Sicherheitsrisikobewertung ist ein benutzerfreundliches Tool, das Sie beim Ermitteln, Verfolgen und Beheben potenzieller Datenbank-Sicherheitsrisiken unterst\u00fctzt. Verwenden Sie es zur proaktiven Verbesserung Ihrer Datenbanksicherheit.<\/p>\n<p>Der Sicherheits Tutor Service bietet eine externe Figur in der Analyse der Sicherheit spezialisiert und hat das Ziel, zu identifizieren, zu korrelieren und Schwachstellen in Gesch\u00e4ftsprozesse und organisatorische Probleme zu analysieren, um m\u00f6gliche kritische Punkte hervorzuheben.<br \/>\nDiese Beratung zielt darauf ab, sowohl die Verwaltung als auch die technische Abteilungen zu unterst\u00fctzen und die erforderlichen Ma\u00dfnahmen und Ma\u00dfnahmen zu ergreifen, ihre Abwehrkr\u00e4fte zu st\u00e4rken.<br \/>\nIncident Response<br \/>\n[\/vc_column_text][\/vc_column][\/vc_row][vc_row][vc_column][vc_column_text]Diese Services erkennen, behandeln und beseitigen Bedrohungen mithilfe bew\u00e4hrter Methoden, Prozesse und Incident Respondern. Die skalierbaren, wiederholbaren, umfangreichen und ausgereiften Services bieten folgende Optionen:<\/p>\n<p>Services f\u00fcr die Erstreaktion<br \/>\nBewertung zur Incident Response-Bereitschaft<br \/>\nBewertung zur Kompromittierung<br \/>\nEntwicklung eines Incident Response-Programms<br \/>\nIncident Response-Retainer<br \/>\nServices zur Disaster Recovery<\/p>\n<p>Fur Unternehmenist es sehr wichtig Ihre Disaster Recovery-Strategien \u00fcberzudenken.<br \/>\nDie Kosten f\u00fcr ungeplante Ausf\u00e4lle von Infrastrukturen und unternehmenskritischen Anwendungen k\u00f6nnen sich pro Stunde auf mehrere Millionen belaufen. Die h\u00e4ufigeren Cyberangriffen auf Unternehmensdaten und der Gefahr von Datenlecks geh\u00f6rt die Business Continuity und Risikoeind\u00e4mmung f\u00fcr jeden CEO heute zu den Top-Priorit\u00e4ten. Unsere Disaster Recovery-Service bietet IT-Ausfallsicherheit sowie eine kosteng\u00fcnstige und zeitnahe Wiederherstellung. Wir helfen Ihrem Unternehmen dabei, Server oder Mainframes mit Backups wiederherzustellen und lokale Konnektivit\u00e4tsbereiche zu schaffen, um sofort mit allen Aktivit\u00e4ten fortzufahren.<br \/>\n[\/vc_column_text][\/vc_column][\/vc_row]<\/p>","protected":false},"excerpt":{"rendered":"<p>[vc_row][vc_column][vc_column_text]Cyberkriminalit\u00e4t ist ein weltweites Ph\u00e4nomen. Jedes Unternehmen, ob \u00f6ffentlich oder privat, ist st\u00e4ndig von Cyberkriminalit\u00e4t und Cyberterroristen bedroht: Von der Erstellung von Phishing-Sites \u00fcber den Diebstahl pers\u00f6nlicher Daten und digitaler Identit\u00e4ten bis hin zur Einf\u00fchrung von Viren und Malware in den Unternehmenssystemen. Sie kann \u00fcberall stattfinden, wo Menschen Computer, Smartphones und andere IT-Ger\u00e4te benutzen \u2013 in Firmen, Beh\u00f6rden, Universit\u00e4ten, zu Hause und unterwegs. Unternehmen sollten zur Bek\u00e4mpfung der Cyberkriminalit\u00e4t technische Sicherheitsma\u00dfnahmen durchf\u00fchren. Dazu geh\u00f6ren zum Beispiel die Absicherung von Netz\u00fcberg\u00e4ngen, die Verschl\u00fcsselung der E-Mail-Kommunikation, die Erstellung von Notfallpl\u00e4nen oder auch regelm\u00e4\u00dfige Sensibilisierungsma\u00dfnahmen f\u00fcr alle Mitarbeiter. Zu den Hauptfolgen der Cyberkriminalit\u00e4t, mit denen sich Unternehmen oder \u00f6ffentliche Unternehmen konfrontiert sehen k\u00f6nnen, geh\u00f6ren: Wichtige Informationen zum Verlust Unterbrechung der Unternehmensprozesse der Image-Schaden f\u00fcr Unternehmen und Marken Sch\u00e4den an nationalen und \/ oder Sicherheitsinfrastrukturen. Organisationen m\u00fcssen die Risiken, die von Cyberbedrohungen ausgehen, verstehen und sich darauf konzentrieren Neue Strategie zur Verringerung ihren Auswirkungen[\/vc_column_text][\/vc_column][\/vc_row][vc_row][vc_column][vc_column_text]EVOLVE STUDIO bietet Services der n\u00e4chsten Generation, IT-Infrastrukturen und Gesch\u00e4ftsanwendungen, die die h\u00f6chsten Sicherheitsstandards erf\u00fcllen k\u00f6nnen. EVOLVE Studio verf\u00fcgt \u00fcber umfassende Kenntnisse der Sicherheitsbedrohungen im Internet und die langj\u00e4hrige Erfahrung in der IT-Sicherheit . Sie unterst\u00fctzt die Unternehmen Komplettl\u00f6sungen f\u00fcr die Cybersicherheit zu entwickeln. EVOLVE bietet agile Cyber-\u00dcberlegenheit, Cyber-Sicherheit und Intelligenz, um selbst die fortgeschrittensten Angriffe abzuwehren. EVOLVE Studio f\u00fchrender Anbieter von Dienstleistungen zur Erstellung von Daten und Analysen f\u00fcr die IT-Sicherheit, wird,fur Ihre Unternhmer seine strategischen Beratungsdienstleistungen in anbieten um Sicherheitsexperten und -teams dabei zu helfen, ihre dringlichen Cyber-Sicherheitsherausforderungen zu l\u00f6sen Das Verfahren von EVOLVE , hilft Unternehmen dabei, ihre Sicherheitsprogramme so zu ver\u00e4ndern, dass sie dank datengest\u00fctzter, risikobasierter Analysen relevanter, besser umsetzbar und nachhaltiger sind. Wir helfen Ihnen, alle Computer-Ausr\u00fcstung von komplexen Angriffen zu sichern, durch L\u00f6sungen und Dienstleistungen basieren auf der technologischen Innovation und ausgezeichnete Professionalit\u00e4t.[\/vc_column_text][\/vc_column][\/vc_row][vc_row][vc_column][vc_column_text]VORTEILE \u2022 EVOLVE unterst\u00fctzt Sie mit L\u00f6sungen und Implementierungen von Cybersicherheitsl\u00f6sungen, die f\u00fcr&#8230; <\/p>\n<p><a class=\"readmore\" href=\"https:\/\/evolve.al\/de\/home\/siguria-kibernetike\/\">Continue Reading<\/a><\/p>\n","protected":false},"author":4,"featured_media":0,"parent":5710,"menu_order":0,"comment_status":"closed","ping_status":"closed","template":"","meta":[],"_links":{"self":[{"href":"https:\/\/evolve.al\/de\/wp-json\/wp\/v2\/pages\/11028"}],"collection":[{"href":"https:\/\/evolve.al\/de\/wp-json\/wp\/v2\/pages"}],"about":[{"href":"https:\/\/evolve.al\/de\/wp-json\/wp\/v2\/types\/page"}],"author":[{"embeddable":true,"href":"https:\/\/evolve.al\/de\/wp-json\/wp\/v2\/users\/4"}],"replies":[{"embeddable":true,"href":"https:\/\/evolve.al\/de\/wp-json\/wp\/v2\/comments?post=11028"}],"version-history":[{"count":6,"href":"https:\/\/evolve.al\/de\/wp-json\/wp\/v2\/pages\/11028\/revisions"}],"predecessor-version":[{"id":11038,"href":"https:\/\/evolve.al\/de\/wp-json\/wp\/v2\/pages\/11028\/revisions\/11038"}],"up":[{"embeddable":true,"href":"https:\/\/evolve.al\/de\/wp-json\/wp\/v2\/pages\/5710"}],"wp:attachment":[{"href":"https:\/\/evolve.al\/de\/wp-json\/wp\/v2\/media?parent=11028"}],"curies":[{"name":"wp","href":"https:\/\/api.w.org\/{rel}","templated":true}]}}