{"id":10809,"date":"2018-12-17T16:53:51","date_gmt":"2018-12-17T15:53:51","guid":{"rendered":"https:\/\/evolve.al\/?page_id=10809"},"modified":"2019-01-16T17:10:02","modified_gmt":"2019-01-16T16:10:02","slug":"privacy-cookies-policy","status":"publish","type":"page","link":"https:\/\/evolve.al\/de\/privacy-cookies-policy\/","title":{"rendered":"Datenschutzerkl\u00e4rung"},"content":{"rendered":"<p><\/p>\n<h1>Datenschutzerkl\u00e4rung<\/h1>\n<p>&nbsp;<\/p>\n<p>Wir freuen uns \u00fcber Ihren Besuch auf unserer Webseite sowie \u00fcber Ihr Interesse an unserem<br \/>\nUnternehmen. Wir verstehen Datenschutz als kundenorientiertes Qualit\u00e4tsmerkmal. Der Schutz<br \/>\nIhrer pers\u00f6nlichen Daten und die Wahrung Ihres Pers\u00f6nlichkeitsrechts sind uns wichtig. Wir<br \/>\nverarbeiten und nutzen pers\u00f6nliche Daten, die beim Besuch unserer Webseiten erhoben werden,<br \/>\ngem\u00e4\u00df den jeweils aktuellen gesetzlichen Bestimmungen zum Schutz personenbezogener Daten.<br \/>\nUnsere Webseiten k\u00f6nnen Links zu Webseiten anderer Anbieter enthalten, auf die sich diese<br \/>\nDatenschutzerkl\u00e4rung nicht erstreckt.<\/p>\n<p><strong>Datenschutz<\/strong><\/p>\n<p>Datenschutz ist Vertrauenssache und Ihr Vertrauen ist uns wichtig. Damit Sie sich beim Besuch<br \/>\nunserer Website sicher f\u00fchlen k\u00f6nnen, beachten wir bei der Verarbeitung Ihrer<br \/>\npersonenbezogenen Daten streng die gesetzlichen Bestimmungen und m\u00f6chten Sie hier \u00fcber<br \/>\nunsere Datenerhebung und Datenverwendung informieren. Die nachfolgende<br \/>\nDatenschutzerkl\u00e4rung erl\u00e4utert Ihnen, welche Ihrer Daten auf unserer Website erhoben werden,<br \/>\nwelche dieser Daten wir auf welche Art und Weise verarbeiten oder nutzen und an wen Sie sich<br \/>\nmit diesbez\u00fcglichen Anliegen wenden k\u00f6nnen.<\/p>\n<p>Wir weisen darauf hin, dass die Daten\u00fcbertragung im Internet (z.\u2009B. bei der Kommunikation per<br \/>\nE-Mail) Sicherheitsl\u00fccken aufweisen kann. Ein l\u00fcckenloser Schutz der Daten vor dem Zugriff<br \/>\ndurch Dritte ist nicht m\u00f6glich.<\/p>\n<p><strong>Verantwortliche Stelle<\/strong><\/p>\n<p>Verantwortliche Stelle f\u00fcr die Erhebung, Verarbeitung und Nutzung Ihrer personenbezogenen<br \/>\nDaten im Sinne der DSGVO ist EVOLVE STUDIO . Das EVOLVE ist als verantwortliche<br \/>\nStelle unter den nachfolgend genannten Kontaktdaten f\u00fcr Sie erreichbar:<br \/>\nEVOLVE STUDIO<br \/>\nUID : L72429007F<br \/>\nRruga Brigada VIII Nd. Teknoproject 1, H1, Kt.3, Apt 9, Tiran\u00eb 1019, Albania<br \/>\nTelefon: 355 69 45 88 269<br \/>\nE-Mail: info@evolve-al.com<br \/>\nGesch\u00e4ftsf\u00fchrung: Endrit Shehu<\/p>\n<p><strong>Rechte des Betroffenen \u2013 Auskunft, Sperrung, L\u00f6schung<\/strong><\/p>\n<p>Sie k\u00f6nnen jederzeit unentgeltlich Auskunft \u00fcber Ihre bei uns gespeicherten Daten erhalten<br \/>\nsowie Ihr Recht auf Berichtigung, Sperrung oder L\u00f6schung Ihrer Daten geltend machen. Nutzen<br \/>\nSie hierzu bitte die oben genannten Kontaktdaten. Sofern Sie der Erhebung, Verarbeitung oder<br \/>\nNutzung Ihrer Daten durch das EVOLVE nach Ma\u00dfgabe dieser Datenschutzbestimmungen<br \/>\ninsgesamt oder f\u00fcr einzelne Ma\u00dfnahmen widersprechen wollen, wenden Sie sich per E-Mail oder<br \/>\nBrief an die oben genannten Adressen.<\/p>\n<p><strong>Erhebung und Nutzung personenbezogener Daten<\/strong><\/p>\n<p>Personenbezogene Daten sind Angaben \u00fcber sachliche oder pers\u00f6nliche Verh\u00e4ltnisse einer<br \/>\nbestimmten oder bestimmbaren nat\u00fcrlichen Person. Darunter fallen beispielsweise Name,<br \/>\nTelefonnummer, Anschrift sowie s\u00e4mtliche Bestandsdaten. Wenn Sie unsere Website besuchen<br \/>\noder mit uns korrespondieren, teilen Sie uns m\u00f6glicherweise Daten \u00fcber sich selbst mit. Darunter<br \/>\nk\u00f6nnen sich auch Daten befinden, die R\u00fcckschl\u00fcsse auf Ihre Person zulassen<br \/>\n(\u201epersonenbezogene Daten\u201c).<\/p>\n<p>Wenn Sie unsere Webseiten besuchen, speichern unsere Webserver standardm\u00e4\u00dfig technische<br \/>\nZugriffsdaten wie IP-Adresse des Rechners, der die Daten angefordert hat, die Objekte, die Sie<br \/>\nbei uns angefragt und abgerufen haben sowie Datum und Uhrzeit der Anforderung. Diese Daten<br \/>\nk\u00f6nnen jedoch nicht einer bestimmten Person zugeordnet werden. &#8211; Wir verwenden diese<br \/>\ntechnischen Zugriffsinformationen ausschlie\u00dflich, um die Attraktivit\u00e4t und Bedienbarkeit<br \/>\nunserer Webseiten zu verbessern und ggf. technische Probleme auf unserer Webseite fr\u00fchzeitig<br \/>\nzu erkennen.<\/p>\n<p>Gem\u00e4\u00df dem Grundsatz der Datenvermeidung und Datensparsamkeit erheben und speichern wir<br \/>\npers\u00f6nliche Daten nur, wenn sie f\u00fcr den von Ihnen gew\u00fcnschten Zweck zwingend erforderlich<br \/>\nsind und Sie diese von sich aus angegeben haben. Ihre pers\u00f6nlichen Daten verwenden wir, um<br \/>\nIhren Auftrag zu bearbeiten, Ihre Anfrage zu beantworten, Ihnen Zugang zu speziellen<br \/>\nInformationen und Angeboten zu verschaffen oder Ihnen besondere Dienste zu erbringen.<br \/>\nAutomatisch erhobene Daten: Wenn Sie unsere Website besuchen, k\u00f6nnen wir automatisch<br \/>\nfolgende Daten erheben:<\/p>\n<p>Ihre IP-Adresse<br \/>\nLog-in Daten<br \/>\nStandort<br \/>\nBrowser Plugin-Typen und -Versionen<\/p>\n<p>Betriebssystem und -plattform<br \/>\nInformationen zu Ihrem Besuch einschlie\u00dflich des URL-Clickstreams (Folge von Seitenaufrufen<br \/>\nauf unserer Website)<br \/>\nDownload-Fehler<br \/>\ndie Dauer des Besuchs von bestimmten Seiten und Interaktionen zwischen den Seiten<br \/>\nDie automatische Datenerhebung erfolgt durch den Einsatz verschiedener Technologien. Wir<br \/>\nverwenden jene Daten, die automatisch von uns erhoben werden, umunsere Website f\u00fcr interne<br \/>\nT\u00e4tigkeiten \u2013 einschlie\u00dflich f\u00fcr Zwecke der Fehlerbehebung \u2013 zu verwalten,sicherzustellen, dass<br \/>\ndie Inhalte unserer Website f\u00fcr Sie auf Ihren Endger\u00e4ten so effektiv wie m\u00f6glich dargestellt<br \/>\nwerden,Schutz und Sicherheit unserer Website zu gew\u00e4hrleisten,Ihnen und anderen Nutzerinnen<br \/>\nund Nutzern unserer Website interessenbasierte Empfehlungen zu Produkten und Leistungen<br \/>\nvorzuschlagen.<\/p>\n<p><strong>Nutzung und Weitergabe pers\u00f6nlicher Daten und Zweckbindung<\/strong><\/p>\n<p>Wir verwenden Ihre pers\u00f6nlichen Daten nur zu den auf dieser Informationsseite zum<br \/>\nDatenschutz angef\u00fchrten Zwecken. Dar\u00fcber hinaus werden personenbezogene Daten nur dann<br \/>\nvon uns erhoben, verarbeitet oder genutzt, wenn es nach sorgf\u00e4ltiger Abw\u00e4gung aller Interessen<br \/>\nzur Wahrung der berechtigten gesch\u00e4ftlichen Interessen der EVOLVE Studio erforderlich ist.<br \/>\nWir werden die von Ihnen \u00fcbermittelten pers\u00f6nlichen Daten ohne Ihre ausdr\u00fcckliche<br \/>\nZustimmung nur in dem f\u00fcr eine Auftragsdurchf\u00fchrung erforderlichen Ma\u00df an daran beteiligte<br \/>\nTochtergesellschaften bzw. Gesch\u00e4ftspartner \u00fcbermitteln, aber nicht an sonstige Dritte<br \/>\nweitergeben und insbesondere nicht an gewerbliche Nutzer verkaufen oder diesen in anderer<br \/>\nForm zur Nutzung \u00fcberlassen.<\/p>\n<p><strong>Auskunft, \u00c4nderung und L\u00f6schung Ihrer Daten<\/strong><\/p>\n<p>Sie k\u00f6nnen jederzeit schriftlich gem\u00e4\u00df dem geltenden Recht anfragen, ob und welche<br \/>\npers\u00f6nlichen Daten \u00fcber Sie bei uns gespeichert sind. Wir werden Ihnen dann eine entsprechende<br \/>\nMitteilung zusenden. Bitte richten Sie Ihre Anfragen an unseren Beauftragten f\u00fcr den<br \/>\nDatenschutz (siehe unten). \u00dcber ihn k\u00f6nnen Sie auch Berichtigungen und L\u00f6schungen Ihrer<br \/>\nDaten veranlassen.<\/p>\n<p><strong>Cookies<\/strong><\/p>\n<p>Die Internetseiten verwenden an mehreren Stellen so genannte Cookies. Sie dienen dazu, unser<br \/>\nAngebot nutzerfreundlicher, effektiver und sicherer zu machen. Cookies sind kleine Textdateien,<br \/>\ndie auf Ihrem Rechner abgelegt werden und die Ihr Browser speichert. Die meisten der von uns<\/p>\n<p>verwendeten Cookies sind so genannte \u201eSession-Cookies\u201c. Sie werden nach Ende Ihres Besuchs<br \/>\nautomatisch gel\u00f6scht. Cookies richten auf Ihrem Rechner keinen Schaden an und enthalten keine<br \/>\nViren.<\/p>\n<p><strong>Sichere Daten\u00fcbertragung<\/strong><\/p>\n<p>Diese Seite nutzt aus Sicherheitsgr\u00fcnden und zum Schutz der \u00dcbertragung vertraulicher Inhalte,<br \/>\nwie zum Beispiel Anfragen usw., die Sie an uns als Seitenbetreiber senden, eine SSL- bzw. TLS-<br \/>\nVerschl\u00fcsselung. Eine verschl\u00fcsselte Verbindung erkennen Sie daran, dass die Adresszeile des<br \/>\nBrowsers von \u201chttp:\/\/\u201d auf \u201chttps:\/\/\u201d wechselt, und an dem Schloss-Symbol in Ihrer<br \/>\nBrowserzeile. Wenn die SSL- bzw. TLS-Verschl\u00fcsselung aktiviert ist, k\u00f6nnen die Daten, die Sie<br \/>\nan uns \u00fcbermitteln, nicht von Dritten mitgelesen werden. Des Weiteren sichern wir unsere<br \/>\nWebsite und sonstigen Systeme durch technische und organisatorische Ma\u00dfnahmen gegen<br \/>\nVerlust, Zerst\u00f6rung, Zugriff, Ver\u00e4nderung oder Verbreitung Ihrer Daten durch unbefugte<br \/>\nPersonen ab. Alle Daten, die Sie uns zur Verf\u00fcgung stellen, werden auf sicheren Servern<br \/>\ngespeichert.<\/p>\n<p><strong>Datenaufbewahrung<\/strong><\/p>\n<p>Wir bewahren Ihre Daten nicht l\u00e4nger auf, als es f\u00fcr unsere Gesch\u00e4ftszwecke bzw. aufgrund<br \/>\nrechtlicher Anforderungen notwendig ist, es die Erbringung der von Ihnen angeforderten<br \/>\nDienstleistung erfordert oder es in einer entsprechenden Einwilligung festgelegt wurde.<\/p>\n<p><strong>Google Analytics<\/strong><\/p>\n<p>\u201eDiese Website benutzt Google Analytics, einen Webanalysedienst der Google Inc. (\u201eGoogle\u201c).<br \/>\nGoogle Analytics verwendet sog. \u201eCookies\u201c, Textdateien, die auf Ihrem Computer gespeichert<br \/>\nwerden und die eine Analyse der Benutzung der Website durch Sie erm\u00f6glichen. Die durch den<br \/>\nCookie erzeugten Informationen \u00fcber Ihre Benutzung dieser Website werden in der Regel an<br \/>\neinen Server von Google in den USA \u00fcbertragen und dort gespeichert. Im Falle der Aktivierung<br \/>\nder IP-Anonymisierung auf dieser Webseite, wird Ihre IP-Adresse von Google jedoch innerhalb<br \/>\nvon Mitgliedstaaten der Europ\u00e4ischen Union oder in anderen Vertragsstaaten des Abkommens<br \/>\n\u00fcber den Europ\u00e4ischen Wirtschaftsraum zuvor gek\u00fcrzt. Nur in Ausnahmef\u00e4llen wird die volle<br \/>\nIP-Adresse an einen Server von Google in den USA \u00fcbertragen und dort gek\u00fcrzt. Im Auftrag des<br \/>\nBetreibers dieser Website wird Google diese Informationen benutzen, um Ihre Nutzung der<br \/>\nWebsite auszuwerten, um Reports \u00fcber die Websiteaktivit\u00e4ten zusammenzustellen und um<br \/>\nweitere mit der Websitenutzung und der Internetnutzung verbundene Dienstleistungen gegen\u00fcber<br \/>\ndem Websitebetreiber zu erbringen. Die im Rahmen von Google Analytics von Ihrem Browser<br \/>\n\u00fcbermittelte IP-Adresse wird nicht mit anderen Daten von Google zusammengef\u00fchrt. Sie k\u00f6nnen<\/p>\n<p>die Speicherung der Cookies durch eine entsprechende Einstellung Ihrer Browser-Software<br \/>\nverhindern; wir weisen Sie jedoch darauf hin, dass Sie in diesem Fall gegebenenfalls nicht<br \/>\ns\u00e4mtliche Funktionen dieser Website vollumf\u00e4nglich werden nutzen k\u00f6nnen. Sie k\u00f6nnen dar\u00fcber<br \/>\nhinaus die Erfassung der durch das Cookie erzeugten und auf Ihre Nutzung der Website<br \/>\nbezogenen Daten (inkl. Ihrer IP-Adresse) an Google sowie die Verarbeitung dieser Daten durch<br \/>\nGoogle verhindern, indem sie das unter dem folgenden Link<br \/>\n(http:\/\/tools.google.com\/dlpage\/gaoptout?hl=de) verf\u00fcgbare Browser-Plugin herunterladen und<br \/>\ninstallieren.<\/p>\n<p><strong>N\u00e4here Informationen hierzu finden Sie unter<\/strong><\/p>\n<p>http:\/\/www.google.com\/intl\/de\/analytics\/privacyoverview.html (allgemeine Informationen zu<br \/>\nGoogle Analytics und Datenschutz).Wir weisen Sie darauf hin, dass auf dieser Webseite Google<br \/>\nAnalytics um den Code \u201egat._anonymizeIp();\u201c erweitert wurde, um eine anonymisierte<br \/>\nErfassung von IP-Adressen (sog. IP-Masking) zu gew\u00e4hrleisten.\u201c<\/p>\n<p><strong>Sicherheit Ihrer Daten<\/strong><\/p>\n<p>Die von Ihnen \u00fcbermittelten Daten werden bei uns durch geeignete technische und<br \/>\norganisatorische Mittel gesch\u00fctzt, um sie vor zuf\u00e4lligen oder vors\u00e4tzlichen Manipulationen,<br \/>\nVerlust, Zerst\u00f6rung oder Zugriff unberechtigter Personen zu sch\u00fctzen. Unsere<br \/>\nSicherheitsma\u00dfnahmen werden entsprechend der technologischen Entwicklung und<br \/>\norganisatorischer M\u00f6glichkeiten fortlaufend kontrolliert und verbessert.<\/p>\n<p><strong>Weitere Informationen<\/strong><\/p>\n<p>Ihr Vertrauen ist uns wichtig. Daher m\u00f6chten wir Ihnen jederzeit Rede und Antwort bez\u00fcglich<br \/>\nder Verarbeitung Ihrer personenbezogenen Daten stehen. Wenn Sie Fragen haben, die Ihnen<br \/>\ndiese Datenschutzerkl\u00e4rung nicht beantworten konnte oder wenn Sie zu einem Punkt vertiefte<br \/>\nInformationen w\u00fcnschen, wenden Sie sich bitte jederzeit an den Datenschutzbeauftragten.<\/p>\n<p><strong>Analyse-Tools und Tools von Drittanbietern<\/strong><\/p>\n<p>Beim Besuch unserer Website kann Ihr Surf-Verhalten statistisch ausgewertet werden. Das<br \/>\ngeschieht mit sogenannten Analyseprogrammen. Die Analyse Ihres Surf-Verhaltens erfolgt in<br \/>\nder Regel anonym, das Surf-Verhalten kann nicht zu Ihnen zur\u00fcckverfolgt werden. Sie k\u00f6nnen<br \/>\ndiese Analyse durch Benutzung bestimmter Tools verhindern.<\/p>\n<p><strong>Einbindung von Diensten und Inhalten Dritter<\/strong><\/p>\n<p>Auf dieser Website sind auch Inhalte Dritter, wie zum Beispiel Videos auf YouTube,<br \/>\nKartenmaterial von Google-Maps oder Grafiken anderer Websites, eingebunden. F\u00fcr die<br \/>\n\u00dcbermittlung der Inhalte an den Browser des jeweiligen Nutzers ben\u00f6tigen diese Anbieter (in der<br \/>\nFolge \u201eDritt-Anbieter\u201c genannt) die IP-Adresse des Nutzers. Ohne IP-Adresse ist die Darstellung<br \/>\nder Inhalte nicht m\u00f6glich. Wir sind bestrebt, nur Inhalte von Dritt-Anbietern bereitzustellen,<br \/>\nwelche die IP-Adresse ausschlie\u00dflich zur \u00dcbermittlung der Inhalte verwenden. Jedoch haben wir<br \/>\nkeinen Einfluss darauf, falls Dritt-Anbieter die IP-Adresse beispielsweise f\u00fcr statistische Zwecke<br \/>\nspeichern.<\/p>","protected":false},"excerpt":{"rendered":"<p>Datenschutzerkl\u00e4rung &nbsp; Wir freuen uns \u00fcber Ihren Besuch auf unserer Webseite sowie \u00fcber Ihr Interesse an unserem Unternehmen. Wir verstehen Datenschutz als kundenorientiertes Qualit\u00e4tsmerkmal. Der Schutz Ihrer pers\u00f6nlichen Daten und die Wahrung Ihres Pers\u00f6nlichkeitsrechts sind uns wichtig. Wir verarbeiten und nutzen pers\u00f6nliche Daten, die beim Besuch unserer Webseiten erhoben werden, gem\u00e4\u00df den jeweils aktuellen gesetzlichen Bestimmungen zum Schutz personenbezogener Daten. Unsere Webseiten k\u00f6nnen Links zu Webseiten anderer Anbieter enthalten, auf die sich diese Datenschutzerkl\u00e4rung nicht erstreckt. Datenschutz Datenschutz ist Vertrauenssache und Ihr Vertrauen ist uns wichtig. Damit Sie sich beim Besuch unserer Website sicher f\u00fchlen k\u00f6nnen, beachten wir bei der Verarbeitung Ihrer personenbezogenen Daten streng die gesetzlichen Bestimmungen und m\u00f6chten Sie hier \u00fcber unsere Datenerhebung und Datenverwendung informieren. Die nachfolgende Datenschutzerkl\u00e4rung erl\u00e4utert Ihnen, welche Ihrer Daten auf unserer Website erhoben werden, welche dieser Daten wir auf welche Art und Weise verarbeiten oder nutzen und an wen Sie sich mit diesbez\u00fcglichen Anliegen wenden k\u00f6nnen. Wir weisen darauf hin, dass die Daten\u00fcbertragung im Internet (z.\u2009B. bei der Kommunikation per E-Mail) Sicherheitsl\u00fccken aufweisen kann. Ein l\u00fcckenloser Schutz der Daten vor dem Zugriff durch Dritte ist nicht m\u00f6glich. Verantwortliche Stelle Verantwortliche Stelle f\u00fcr die Erhebung, Verarbeitung und Nutzung Ihrer personenbezogenen Daten im Sinne der DSGVO ist EVOLVE STUDIO . Das EVOLVE ist als verantwortliche Stelle unter den nachfolgend genannten Kontaktdaten f\u00fcr Sie erreichbar: EVOLVE STUDIO UID : L72429007F Rruga Brigada VIII Nd. Teknoproject 1, H1, Kt.3, Apt 9, Tiran\u00eb 1019, Albania Telefon: 355 69 45 88 269 E-Mail: info@evolve-al.com Gesch\u00e4ftsf\u00fchrung: Endrit Shehu Rechte des Betroffenen \u2013 Auskunft, Sperrung, L\u00f6schung Sie k\u00f6nnen jederzeit unentgeltlich Auskunft \u00fcber Ihre bei uns gespeicherten Daten erhalten sowie Ihr Recht auf Berichtigung, Sperrung oder L\u00f6schung Ihrer Daten geltend machen. Nutzen Sie hierzu bitte die oben genannten Kontaktdaten. Sofern Sie der Erhebung, Verarbeitung oder Nutzung Ihrer Daten durch das EVOLVE nach&#8230; <\/p>\n<p><a class=\"readmore\" href=\"https:\/\/evolve.al\/de\/privacy-cookies-policy\/\">Continue Reading<\/a><\/p>\n","protected":false},"author":2,"featured_media":0,"parent":0,"menu_order":0,"comment_status":"closed","ping_status":"closed","template":"","meta":[],"_links":{"self":[{"href":"https:\/\/evolve.al\/de\/wp-json\/wp\/v2\/pages\/10809"}],"collection":[{"href":"https:\/\/evolve.al\/de\/wp-json\/wp\/v2\/pages"}],"about":[{"href":"https:\/\/evolve.al\/de\/wp-json\/wp\/v2\/types\/page"}],"author":[{"embeddable":true,"href":"https:\/\/evolve.al\/de\/wp-json\/wp\/v2\/users\/2"}],"replies":[{"embeddable":true,"href":"https:\/\/evolve.al\/de\/wp-json\/wp\/v2\/comments?post=10809"}],"version-history":[{"count":5,"href":"https:\/\/evolve.al\/de\/wp-json\/wp\/v2\/pages\/10809\/revisions"}],"predecessor-version":[{"id":11011,"href":"https:\/\/evolve.al\/de\/wp-json\/wp\/v2\/pages\/10809\/revisions\/11011"}],"wp:attachment":[{"href":"https:\/\/evolve.al\/de\/wp-json\/wp\/v2\/media?parent=10809"}],"curies":[{"name":"wp","href":"https:\/\/api.w.org\/{rel}","templated":true}]}}