{"id":9931,"date":"2016-06-21T10:52:26","date_gmt":"2016-06-21T10:52:26","guid":{"rendered":"http:\/\/webnus.biz\/themes\/easyweb\/small\/?page_id=9931"},"modified":"2019-03-15T17:08:22","modified_gmt":"2019-03-15T16:08:22","slug":"soluzioni-it","status":"publish","type":"page","link":"https:\/\/evolve.al\/al\/soluzioni-it\/","title":{"rendered":"Sh\u00ebrbime IT"},"content":{"rendered":"<p>[vc_row row_type=&#8221;2&#8243; blox_image=&#8221;9951&#8243; page_title=&#8221;page-title-x&#8221; blox_dark=&#8221;true&#8221; row_pattern=&#8221;max-pat2&#8243;][vc_column]<hr class=\"vertical-space5\"><hr class=\"vertical-space5\">[vc_column_text]<\/p>\n<h2 class=\"respo-tagline\" style=\"text-align: center; letter-spacing: 1px;\"><strong>Sh\u00ebrbime IT Tiran\u00eb<\/strong><\/h2>\n<p>[\/vc_column_text]<hr class=\"vertical-space5\"><hr class=\"vertical-space5\">[\/vc_column][\/vc_row][vc_row][vc_column]<hr class=\"vertical-space5\">\n\t<div class=\"subtitle-element subtitle-element1\">\n\t\t<h4><strong>Zgjidhje IT<\/strong> Evolve <\/h4>\n\t<\/div><hr class=\"vertical-space1\">[vc_row_inner][vc_column_inner width=&#8221;1\/3&#8243;]<article class=\"icon-box25\" ><i class=\"sl-screen-desktop\" style=\"\"><\/i><h4>Suport IT p\u00ebr bizneset<\/h4><p>Ruajtja e t\u00eb dh\u00ebnave online<br \/>\nMir\u00ebmbajtja e serverit<br \/>\nSistemet e emaile-ve<\/p><\/article><hr class=\"vertical-space2\"><article class=\"icon-box25\" ><i class=\"sl-mouse\" style=\"\"><\/i><h4>Zgjidhje IT t\u00eb avancuara<\/h4><p>Virtualizim<br \/>\nRiparimi i VPN-s\u00eb<br \/>\nKamera me IP<\/p><\/article><hr class=\"vertical-space2\">[\/vc_column_inner][vc_column_inner width=&#8221;1\/3&#8243;]<article class=\"icon-box25\" ><i class=\"sl-umbrella\" style=\"\"><\/i><h4>Email<\/h4><p>Microsoft Exchange<br \/>\nHosting i sistemit t\u00eb email-eve<br \/>\nAplikacionet e Google<\/p><\/article><hr class=\"vertical-space2\"><article class=\"icon-box25\" ><i class=\"sl-share-alt\" style=\"\"><\/i><h4>Linux<\/h4><p>Mb\u00ebshtetje p\u00ebr Centos Server<br \/>\nMb\u00ebshtetje p\u00ebr Ubuntu Server<br \/>\nShp\u00ebrndarje t\u00eb tjera<\/p><\/article><hr class=\"vertical-space2\">[\/vc_column_inner][vc_column_inner width=&#8221;1\/3&#8243;]<article class=\"icon-box25\" ><i class=\"sl-globe-alt\" style=\"\"><\/i><h4>Network<\/h4><p>Dizajni i rrjetit Wireless<br \/>\nIT<br \/>\nMb\u00ebshtetje Cisco<\/p><\/article><hr class=\"vertical-space2\"><article class=\"icon-box25\" ><i class=\"sl-ghost\" style=\"\"><\/i><h4>Siguri<\/h4><p>Siguria dhe ruajtja e t\u00eb dh\u00ebnave n\u00eb rast sulmesh kibernetike<br \/>\nBack up n\u00eb \u00e7do moment.<\/p><\/article><hr class=\"vertical-space2\">[\/vc_column_inner][\/vc_row_inner]<hr class=\"vertical-space2\">[vc_row_inner][vc_column_inner][vc_column_text]Kur drejtoni nj\u00eb biznes, mb\u00ebshtetja dhe sh\u00ebrbimet IT mund t\u00eb jen\u00eb shum\u00eb t\u00eb shtrenjta. Ja se si mund t\u00eb ndihmojm\u00eb duke ulur ndjesh\u00ebm shpenzimet tuaja pa kompromentuar besueshm\u00ebrin\u00eb.<\/p>\n<p>P\u00ebr fat t\u00eb keq, teknologjia mund t\u00eb jet\u00eb gjithashtu e shtrenjt\u00eb, vet\u00ebm duke u siguruar q\u00eb t\u00eb funksionoj\u00eb n\u00eb m\u00ebnyr\u00eb produktive dhe efikase. Transferimi i mb\u00ebshtetjes suaj t\u00eb IT-s\u00eb do t\u00eb \u00e7liroj\u00eb koh\u00ebn tuaj dhe do t&#8217;ju jap\u00eb nj\u00eb sh\u00ebrbim premium, duke shmangur k\u00ebshtu kostot e tep\u00ebrta.<\/p>\n<p>Sh\u00ebrbimet e Teknologjis\u00eb s\u00eb Informacionit jan\u00eb kritike p\u00ebr suksesin e nj\u00eb biznesi n\u00eb drejtim t\u00eb drejtimit t\u00eb p\u00ebrditsh\u00ebm dhe si nj\u00eb dallues. Dit\u00ebt e sotme , kjo \u00ebsht\u00eb nj\u00eb domosdoshm\u00ebri p\u00ebr t\u00eb patur sukses n\u00eb treg.<\/p>\n<p>P\u00ebrfitimet e sh\u00ebrbimit ton\u00eb t\u00eb IT<\/p>\n<p><strong>Modeli yn\u00eb i \u00e7mimeve<\/strong><\/p>\n<p>T\u00eb gjitha \u00e7mimet tona jan\u00eb transparente, ndaj \u00e7do klient mund t\u00eb krijoj\u00eb nj\u00eb ide paraprake t\u00eb kostove p\u00ebr sh\u00ebrbimet p\u00ebrkat\u00ebse.<\/p>\n<p><strong>P\u00ebrvoja dhe ekspertiza<\/strong><\/p>\n<p>Stafi i Evolve Studio ka p\u00ebrvoj\u00eb shum\u00ebvje\u00e7are n\u00eb zgjidhjen e problemeve t\u00eb ndryshme q\u00eb lidhen me teknologjin\u00eb e informacionit. Ju merrni p\u00ebrvoj\u00ebn dhe ekspertiz\u00ebn n\u00eb nj\u00eb pjes\u00eb t\u00eb kostos s\u00eb pun\u00ebsimit dhe trajnimit t\u00eb ekipit tuaj.<\/p>\n<p><strong>Parandalimi i problemeve teknike<\/strong><\/p>\n<p>Ne kemi investuar n\u00eb krijimin e nj\u00eb sistemi efikas t\u00eb menaxhimit t\u00eb problemeve k\u00ebshtu q\u00eb ju nuk keni nevoj\u00eb m\u00eb t\u00eb k\u00ebrkoni p\u00ebr zgjidhje komplekse q\u00eb marrin koh\u00eb dhe para. Kjo na lejon t\u00eb zgjidhim shpejt \u00e7do \u00e7\u00ebshtje q\u00eb mund t\u00eb keni dhe p\u00ebr t\u00eb siguruar q\u00eb t\u00eb gjitha \u00e7\u00ebshtjet t\u00eb zgjidhen shpejt dhe haptazi, me nj\u00eb kosto t\u00eb p\u00ebrballueshme.<\/p>\n<p><strong>Ndihm\u00eb dhe k\u00ebshilla<\/strong><\/p>\n<p>Me ndryshimet e vazhdueshme n\u00eb teknologji dhe me konkurrenc\u00ebn q\u00eb sa vjen e rritet, mund t\u00eb jet\u00eb e nd\u00ebrlikuar p\u00ebr t\u00eb siguruar q\u00eb \u00e7do gj\u00eb t\u00eb funksionoj\u00eb n\u00eb m\u00ebnyr\u00eb optimale dhe q\u00eb t\u00eb keni sistemet m\u00eb t\u00eb mira p\u00ebr vendin e pun\u00ebs.<\/p>\n<p>Ne jemi gjithmon\u00eb t\u00eb gatsh\u00ebm p\u00ebr nj\u00eb diskutim miq\u00ebsor n\u00eb lidhje me opsionet dhe ve\u00e7orit\u00eb n\u00ebse keni nevoj\u00eb p\u00ebr ne. Gjith\u00e7ka q\u00eb ju duhet t\u00eb b\u00ebni \u00ebsht\u00eb t\u00eb na kontaktoni.[\/vc_column_text][\/vc_column_inner][\/vc_row_inner][\/vc_column][\/vc_row][vc_row row_type=&#8221;2&#8243; blox_class=&#8221;topborder bottomborder&#8221; blox_bgcolor=&#8221;#f6f8f9&#8243;][vc_column]<hr class=\"vertical-space5\">\n\t<div class=\"subtitle-element subtitle-element1\">\n\t\t<h4>P\u00ebrshkrime <strong>teknike<\/strong> p\u00ebr Hosting<\/h4>\n\t<\/div><hr class=\"vertical-space1\">[vc_row_inner][vc_column_inner width=&#8221;1\/3&#8243;]<article class=\"icon-box\" ><i class=\"sl-layers\" style=\"\"><\/i><h4>Karakteristikat e hosting<\/h4><p>CPanel i leht\u00eb p\u00ebr t'u p\u00ebrdorur<br \/>\nBandwidth pa limit<br \/>\nN\u00ebn domain-et pa limit<br \/>\nFTP dhe Email<br \/>\n99.9% Garanci <\/p><\/article><hr class=\"vertical-space4\"><article class=\"icon-box\" ><i class=\"sl-wrench\" style=\"\"><\/i><h4>Aplikimi Hosting<\/h4><p>75 skriptet open-source (falas)<br \/>\nWordPress Hosting<br \/>\nHosting i blogut tuaj<br \/>\nMagento Hosting<\/p><\/article><hr class=\"vertical-space4\"><article class=\"icon-box\" ><i class=\"sl-envelope-open\" style=\"\"><\/i><h4>Karakteristikat e email-it<\/h4><p>Llogarit\u00eb email pa limit t\u00eb POP3<br \/>\nLlogarit\u00eb Email Pafund SMTP<br \/>\nWebMail: Horda, SquirrelMail<br \/>\nE-mail n\u00eb telefonin tuaj<br \/>\nParandalimi i spamit (Detajet)<br \/>\nAutoresponders, Sulmuesit<\/p><\/article>[\/vc_column_inner][vc_column_inner width=&#8221;1\/3&#8243;]<article class=\"icon-box\" ><i class=\"sl-cloud-upload\" style=\"\"><\/i><h4>Kontrolli Cloud<\/h4><p>Menaxheri i Nd\u00ebrmarrjes<br \/>\nKontrolli Cloud<br \/>\nOracle ACE (Detajet)<br \/>\nMenaxhimi i t\u00eb dh\u00ebnave<br \/>\nNd\u00ebrfaqja e linj\u00ebs s\u00eb komand\u00ebs EM<br \/>\nRaporte aktive t\u00eb ADDM<\/p><\/article><hr class=\"vertical-space4\"><article class=\"icon-box\" ><i class=\"li_data\" style=\"\"><\/i><h4>Benefitet e Hosting<\/h4><p>Weebly SiteBuilder<br \/>\n4,500 modele t\u00eb lira<br \/>\nTransferimi i faqes<br \/>\n52 skripte falas<\/p><\/article><hr class=\"vertical-space4\"><article class=\"icon-box\" ><i class=\"sl-chemistry\" style=\"\"><\/i><h4>Programim dhe bazat e t\u00eb dh\u00ebnave<\/h4><p>Bazat e t\u00eb dh\u00ebnave t\u00eb pakufizuara t\u00eb MySQL<br \/>\nCGI, Fast CGI (Detajet)<br \/>\nPHP 5, Perl, Python<br \/>\nModulet: Curl, CPAN, GD Library<br \/>\nQasja SSH<br \/>\nCron job<br \/>\n<\/p><\/article>[\/vc_column_inner][vc_column_inner width=&#8221;1\/3&#8243;]<article class=\"icon-box\" ><i class=\"sl-settings\" style=\"\"><\/i><h4>Paneli i kontrollit<\/h4><p>Versioni i fundit CPanel<br \/>\nAWStats, Webalizer<br \/>\nShportat e \u00e7astit<br \/>\nBloget, Portalet, Forumet<br \/>\nFjal\u00ebkalimi i mbrojtur<br \/>\nMenaxheri i skedar\u00ebve t\u00eb bazuar n\u00eb ueb<br \/>\n<\/p><\/article><hr class=\"vertical-space4\"><article class=\"icon-box\" ><i class=\"sl-earphones-alt\" style=\"\"><\/i><h4>Suport<\/h4><p>Mb\u00ebshtetje p\u00ebrmes Live Chat,<br \/>\nSistemi i biletave (Email)<br \/>\nRuajtja e p\u00ebrditshme<br \/>\nPortali i mb\u00ebshtetjes online<br \/>\n<\/p><\/article><hr class=\"vertical-space4\"><article class=\"icon-box\" ><i class=\"sl-lock\" style=\"\"><\/i><h4>Siguri<\/h4><p>Qasja e Administrat\u00ebs mbi SSL<br \/>\nAplikimi Web Firewall (WAF) Mbrojtja<br \/>\nN\u00eb k\u00ebrkimin e virusit dhe skanimit t\u00eb malware<br \/>\nK\u00ebrkesat p\u00ebr forcimin e fjal\u00ebkalimit<br \/>\nMbrojtja nga sulmet kibernetike<br \/>\n\u00c7ertifikat\u00eb e lir\u00eb SSL e ndar\u00eb<\/p><\/article>[\/vc_column_inner][\/vc_row_inner]<hr class=\"vertical-space5\">[\/vc_column][\/vc_row][vc_row][vc_column][vc_column_text]<\/p>\n<p>[\/vc_column_text][\/vc_column][\/vc_row][vc_row][vc_column]\n\t<div class=\"max-title max-title3\">\n\t\t<h2>KLIENT\u00cbT TAN\u00cb<\/h2>\n\t<\/div><hr class=\"vertical-space1\"><div class=\"aligncenter\"><hr class=\"vertical-space1\"><div class=\"col-md-12 our-clients-wrap crsl\"><ul id=\"our-clients\" class=\"our-clients crsl\"><li><img alt=\"\" src=\"https:\/\/evolve.al\/admin\/core-wp\/..\/..\/site\/resources-global\/content-data\/uploads\/dga_logo_landscape_v1.jpg\"\/><\/li><li><img alt=\"\" src=\"https:\/\/evolve.al\/admin\/core-wp\/..\/..\/site\/resources-global\/content-data\/uploads\/ardeno-mobileri-al_logo_2.jpg\"\/><\/li><li><img alt=\"\" src=\"https:\/\/evolve.al\/admin\/core-wp\/..\/..\/site\/resources-global\/content-data\/uploads\/salillari-shpk_logo.jpg\"\/><\/li><li><img alt=\"\" src=\"https:\/\/evolve.al\/admin\/core-wp\/..\/..\/site\/resources-global\/content-data\/uploads\/alb-pastrim_logo.jpg\"\/><\/li><li><img alt=\"\" src=\"https:\/\/evolve.al\/admin\/core-wp\/..\/..\/site\/resources-global\/content-data\/uploads\/supersport_logo_v1.jpg\"\/><\/li><li><img alt=\"\" src=\"https:\/\/evolve.al\/admin\/core-wp\/..\/..\/site\/resources-global\/content-data\/uploads\/dpm-gov-al_logo.jpg\"\/><\/li><li><img alt=\"\" src=\"https:\/\/evolve.al\/admin\/core-wp\/..\/..\/site\/resources-global\/content-data\/uploads\/mmsr-gov-al_logo.jpg\"\/><\/li><li><img alt=\"\" src=\"https:\/\/evolve.al\/admin\/core-wp\/..\/..\/site\/resources-global\/content-data\/uploads\/biznes-albania_logo.jpg\"\/><\/li><li><img alt=\"\" src=\"https:\/\/evolve.al\/admin\/core-wp\/..\/..\/site\/resources-global\/content-data\/uploads\/su-shefqet-ndroqi_logo.jpg\"\/><\/li><li><img alt=\"\" src=\"https:\/\/evolve.al\/admin\/core-wp\/..\/..\/site\/resources-global\/content-data\/uploads\/ekb_logo.jpg\"\/><\/li><li><img alt=\"\" src=\"https:\/\/evolve.al\/admin\/core-wp\/..\/..\/site\/resources-global\/content-data\/uploads\/leon-kons_logo.jpg\"\/><\/li><li><img alt=\"\" src=\"https:\/\/evolve.al\/admin\/core-wp\/..\/..\/site\/resources-global\/content-data\/uploads\/alushi-trans-al_logo.jpg\"\/><\/li><\/ul><\/div><hr class=\"vertical-space2\"><\/div>[\/vc_column][\/vc_row][vc_row row_type=&#8221;2&#8243; blox_height=&#8221;452&#8243; blox_image=&#8221;9705&#8243; blox_bgcolor=&#8221;#f7f7f7&#8243;][vc_column el_class=&#8221;aligncenter&#8221;]<hr class=\"vertical-space5\"><hr class=\"vertical-space1\">[vc_column_text]<\/p>\n<h1 style=\"text-align: center;\">Le t\u00eb fillojm\u00eb<br \/>\n<strong>projektin tuaj<\/strong><\/h1>\n<p>[\/vc_column_text]<hr class=\"vertical-space1\">[vc_column_text]<\/p>\n<p class=\"slog-tx2 aligncenter\">Ne p\u00ebrq\u00ebndrohemi n\u00eb funksionimin dhe p\u00ebrdorshm\u00ebrin\u00eb e faqes tuaj dhe ju m\u00ebsojme m\u00ebnyren\u00a0 p\u00ebr t\u00eb menaxhuar faqen tuaj si nj\u00eb aset biznesi. Ne sigurohemi\u00a0 q\u00eb p\u00ebrmbajtja jote t\u00eb shp\u00ebrndahet n\u00eb m\u00ebnyr\u00eb t\u00eb till\u00eb q\u00eb vizitor\u00ebt t\u00eb gjejn\u00eb leht\u00ebsisht informacionin q\u00eb k\u00ebrkojn\u00eb, duke rezultuar k\u00ebshtu n\u00eb nj\u00eb eksperienc\u00eb t\u00eb k\u00ebndshme p\u00ebrdorimi. Evolve Studio ofron sh\u00ebrbime t\u00eb ndryshme IT n\u00eb Tirane. P\u00ebrvoja jon\u00eb shum\u00ebvje\u00e7are \u00ebsht\u00eb garancia jon\u00eb p\u00ebr \u00e7do projekt tuajin, sado i nd\u00ebrlikuar qoft\u00eb ai.<\/p>\n<p>Biznesi juaj \u00ebsht\u00eb unik, prandaj edhe k\u00ebrkesat tuaja t\u00eb teknologjis\u00eb jan\u00eb po t\u00eb tilla. Fal\u00eb p\u00ebrvoj\u00ebs son\u00eb t\u00eb gjat\u00eb n\u00eb fush\u00ebn e teknologjis\u00eb s\u00eb informacionit, ne sigurohemi q\u00eb ju t\u00eb keni mjetet e gatshme p\u00ebr t\u00eb p\u00ebrballuar \u00e7do sfid\u00eb, p\u00ebr t\u00eb zgjidhur \u00e7do problem q\u00eb mund t\u00eb hasni n\u00eb pun\u00ebn tuaj.<\/p>\n<p>Evolve Studio \u00ebsht\u00eb e specializuar n\u00eb\u00a0<a href=\"http:\/\/evolve.al\/admin\/core-wp\/wp-admin\/post.php?post=9464&amp;action=edit\">nd\u00ebrtimin e faqeve t\u00eb internetit<\/a>, aplikacioneve mobile, CMS-ve t\u00eb personalizuara, etj. Para se t\u00eb fillojm\u00eb projektin tuaj, m\u00eb par\u00eb shqyrtojm\u00eb rastin tuaj me kujdes dhe m\u00eb tej i japim zgjidhjen m\u00eb t\u00eb mir\u00eb dhe t\u00eb shpejt\u00eb.[\/vc_column_text]<hr class=\"vertical-space1\"><a href=\"http:\/\/evolve.al\/request-a-quote\/\" class=\"button skyblue  medium bordered-bot \" target=\"_self\">KERKO KONSULTIM<\/a><hr class=\"vertical-space4\">[\/vc_column][\/vc_row][vc_row row_type=&#8221;2&#8243; blox_image=&#8221;9171&#8243; blox_cover=&#8221;false&#8221; blox_repeat=&#8221;repeat&#8221; blox_dark=&#8221;true&#8221; blox_bgcolor=&#8221;#00c2e5&#8243;][vc_column]<hr class=\"vertical-space3\">[vc_row_inner][vc_column_inner el_class=&#8221;aligncenter&#8221;][vc_column_text]<\/p>\n<h1 style=\"text-align: center;\">Projektet q\u00eb ne kemi <strong>p\u00ebrfunduar<\/strong><\/h1>\n<p>Fal\u00eb teknologjis\u00eb, ne nd\u00ebrtojm\u00eb ura bashk\u00ebpunimi dhe vem\u00eb n\u00eb jet\u00eb idet\u00eb tuaja[\/vc_column_text]<a href=\"http:\/\/evolve.al\/projects\/\" class=\"button white  medium bordered-bot \" target=\"_self\">VIESHIKO PROJEKTET TONA<\/a>[\/vc_column_inner][\/vc_row_inner]<hr class=\"vertical-space2\">[\/vc_column][\/vc_row]<\/p>","protected":false},"excerpt":{"rendered":"<p>[vc_row row_type=&#8221;2&#8243; blox_image=&#8221;9951&#8243; page_title=&#8221;page-title-x&#8221; blox_dark=&#8221;true&#8221; row_pattern=&#8221;max-pat2&#8243;][vc_column][vc_column_text] Sh\u00ebrbime IT Tiran\u00eb [\/vc_column_text][\/vc_column][\/vc_row][vc_row][vc_column][vc_row_inner][vc_column_inner width=&#8221;1\/3&#8243;][\/vc_column_inner][vc_column_inner width=&#8221;1\/3&#8243;][\/vc_column_inner][vc_column_inner width=&#8221;1\/3&#8243;][\/vc_column_inner][\/vc_row_inner][vc_row_inner][vc_column_inner][vc_column_text]Kur drejtoni nj\u00eb biznes, mb\u00ebshtetja dhe sh\u00ebrbimet IT mund t\u00eb jen\u00eb shum\u00eb t\u00eb shtrenjta. Ja se si mund t\u00eb ndihmojm\u00eb duke ulur ndjesh\u00ebm shpenzimet tuaja pa kompromentuar besueshm\u00ebrin\u00eb. P\u00ebr fat t\u00eb keq, teknologjia mund t\u00eb jet\u00eb gjithashtu e shtrenjt\u00eb, vet\u00ebm duke u siguruar q\u00eb t\u00eb funksionoj\u00eb n\u00eb m\u00ebnyr\u00eb produktive dhe efikase. Transferimi i mb\u00ebshtetjes suaj t\u00eb IT-s\u00eb do t\u00eb \u00e7liroj\u00eb koh\u00ebn tuaj dhe do t&#8217;ju jap\u00eb nj\u00eb sh\u00ebrbim premium, duke shmangur k\u00ebshtu kostot e tep\u00ebrta. Sh\u00ebrbimet e Teknologjis\u00eb s\u00eb Informacionit jan\u00eb kritike p\u00ebr suksesin e nj\u00eb biznesi n\u00eb drejtim t\u00eb drejtimit t\u00eb p\u00ebrditsh\u00ebm dhe si nj\u00eb dallues. Dit\u00ebt e sotme , kjo \u00ebsht\u00eb nj\u00eb domosdoshm\u00ebri p\u00ebr t\u00eb patur sukses n\u00eb treg. P\u00ebrfitimet e sh\u00ebrbimit ton\u00eb t\u00eb IT Modeli yn\u00eb i \u00e7mimeve T\u00eb gjitha \u00e7mimet tona jan\u00eb transparente, ndaj \u00e7do klient mund t\u00eb krijoj\u00eb nj\u00eb ide paraprake t\u00eb kostove p\u00ebr sh\u00ebrbimet p\u00ebrkat\u00ebse. P\u00ebrvoja dhe ekspertiza Stafi i Evolve Studio ka p\u00ebrvoj\u00eb shum\u00ebvje\u00e7are n\u00eb zgjidhjen e problemeve t\u00eb ndryshme q\u00eb lidhen me teknologjin\u00eb e informacionit. Ju merrni p\u00ebrvoj\u00ebn dhe ekspertiz\u00ebn n\u00eb nj\u00eb pjes\u00eb t\u00eb kostos s\u00eb pun\u00ebsimit dhe trajnimit t\u00eb ekipit tuaj. Parandalimi i problemeve teknike Ne kemi investuar n\u00eb krijimin e nj\u00eb sistemi efikas t\u00eb menaxhimit t\u00eb problemeve k\u00ebshtu q\u00eb ju nuk keni nevoj\u00eb m\u00eb t\u00eb k\u00ebrkoni p\u00ebr zgjidhje komplekse q\u00eb marrin koh\u00eb dhe para. Kjo na lejon t\u00eb zgjidhim shpejt \u00e7do \u00e7\u00ebshtje q\u00eb mund t\u00eb keni dhe p\u00ebr t\u00eb siguruar q\u00eb t\u00eb gjitha \u00e7\u00ebshtjet t\u00eb zgjidhen shpejt dhe haptazi, me nj\u00eb kosto t\u00eb p\u00ebrballueshme. Ndihm\u00eb dhe k\u00ebshilla Me ndryshimet e vazhdueshme n\u00eb teknologji dhe me konkurrenc\u00ebn q\u00eb sa vjen e rritet, mund t\u00eb jet\u00eb e nd\u00ebrlikuar p\u00ebr t\u00eb siguruar q\u00eb \u00e7do gj\u00eb t\u00eb funksionoj\u00eb n\u00eb m\u00ebnyr\u00eb optimale dhe q\u00eb t\u00eb keni sistemet m\u00eb t\u00eb mira p\u00ebr vendin e&#8230; <\/p>\n<p><a class=\"readmore\" href=\"https:\/\/evolve.al\/al\/soluzioni-it\/\">Continue Reading<\/a><\/p>\n","protected":false},"author":2,"featured_media":0,"parent":0,"menu_order":0,"comment_status":"closed","ping_status":"closed","template":"","meta":[],"_links":{"self":[{"href":"https:\/\/evolve.al\/al\/wp-json\/wp\/v2\/pages\/9931"}],"collection":[{"href":"https:\/\/evolve.al\/al\/wp-json\/wp\/v2\/pages"}],"about":[{"href":"https:\/\/evolve.al\/al\/wp-json\/wp\/v2\/types\/page"}],"author":[{"embeddable":true,"href":"https:\/\/evolve.al\/al\/wp-json\/wp\/v2\/users\/2"}],"replies":[{"embeddable":true,"href":"https:\/\/evolve.al\/al\/wp-json\/wp\/v2\/comments?post=9931"}],"version-history":[{"count":5,"href":"https:\/\/evolve.al\/al\/wp-json\/wp\/v2\/pages\/9931\/revisions"}],"predecessor-version":[{"id":11193,"href":"https:\/\/evolve.al\/al\/wp-json\/wp\/v2\/pages\/9931\/revisions\/11193"}],"wp:attachment":[{"href":"https:\/\/evolve.al\/al\/wp-json\/wp\/v2\/media?parent=9931"}],"curies":[{"name":"wp","href":"https:\/\/api.w.org\/{rel}","templated":true}]}}