{"id":9735,"date":"2017-05-06T11:29:10","date_gmt":"2017-05-06T10:29:10","guid":{"rendered":"http:\/\/evolve.al\/?page_id=9735"},"modified":"2019-03-15T14:38:31","modified_gmt":"2019-03-15T13:38:31","slug":"e-mail-marketing","status":"publish","type":"page","link":"https:\/\/evolve.al\/al\/e-mail-marketing\/","title":{"rendered":"Marketing me email"},"content":{"rendered":"<p>[vc_row row_type=&#8221;3&#8243; blox_image=&#8221;9235&#8243; align_center=&#8221;aligncenter&#8221; page_title=&#8221;page-title-x&#8221; blox_dark=&#8221;true&#8221; parallax_speed=&#8221;7&#8243;][vc_column]<hr class=\"vertical-space5\"><hr class=\"vertical-space5\"><hr class=\"vertical-space3\">[vc_column_text]<\/p>\n<h2 class=\"respo-tagline\" style=\"text-align: center; letter-spacing: 1px;\"><strong>MARKETING ME E-MAIL\u00a0<\/strong><\/h2>\n<p>[\/vc_column_text]<hr class=\"vertical-space5\"><hr class=\"vertical-space5\">[\/vc_column][\/vc_row][vc_row row_type=&#8221;2&#8243; page_title=&#8221;page-title-x&#8221; blox_padding_top=&#8221;50&#8243; blox_padding_bottom=&#8221;50&#8243; blox_bgcolor=&#8221;#f7f7f7&#8243;][vc_column width=&#8221;7\/12&#8243;]<hr class=\"vertical-space5\">[vc_column_text]<\/p>\n<h1><strong>120.000 emaile shqiptare<\/strong><\/h1>\n<p>Ne ndihmojm\u00eb n\u00eb nd\u00ebrtimin e fushatave t\u00eb marketingut me email. Pamja vizive e email-it tuaj t\u00eb marketingut do jet\u00eb mjaft t\u00ebrheq\u00ebse dhe kjo do t\u00eb rris\u00eb ndjesh\u00ebm numrin e vizitor\u00ebve.[\/vc_column_text]<hr class=\"vertical-space5\">[\/vc_column][vc_column width=&#8221;5\/12&#8243;][vc_single_image image=&#8221;9293&#8243; img_size=&#8221;full&#8221; alignment=&#8221;right&#8221; css_animation=&#8221;bottom-to-top&#8221;][\/vc_column][\/vc_row][vc_row][vc_column][vc_column_text]<\/p>\n<p>[\/vc_column_text][vc_row_inner][vc_column_inner][vc_column_text]Pavar\u00ebsisht futjes n\u00eb treg t\u00eb platformave t\u00eb reja dhe inovative t\u00eb marketingut, marketingu p\u00ebrmes email-it mbetet nj\u00eb nd\u00ebr m\u00ebnyrat kryesore t\u00eb komunikimit me klient\u00ebt ekzistues si dhe ata potencial\u00eb.<br \/>\nMe kaq shum\u00eb m\u00ebnyra p\u00ebr t\u00eb arritur klient\u00ebt, shum\u00eb ekspert\u00eb marketingu dhe pronar\u00eb biznesi pyesin, a \u00ebsht\u00eb ende e vlefshme t\u00eb d\u00ebrgosh email?<\/p>\n<p>P\u00ebrgjigja e shkurt\u00ebr: Marketingu me email \u00ebsht\u00eb k\u00ebtu p\u00ebr t\u00eb q\u00ebndruar.<br \/>\nPa marr\u00eb parasysh se \u00e7far\u00eb grupmoshe synoni ose ku ndodheni, emaili mbetet nj\u00eb m\u00ebnyr\u00eb e shk\u00eblqyer p\u00ebr t\u00eb arritur audienc\u00ebn tuaj. T\u00eb b\u00ebsh marketing me email \u00ebsht\u00eb jo vet\u00ebm me lir\u00eb, por edhe m\u00eb efektive n\u00ebse realizohet n\u00eb m\u00ebnyr\u00ebn e duhur.<\/p>\n<p>Mit: Njer\u00ebzit urrejn\u00eb t\u00eb marrin mesazhe publicitare p\u00ebrmes emailit. N\u00eb t\u00eb gjitha faktet, hulumtimet e ndryshme mb\u00ebshtesin faktin q\u00eb njer\u00ebzit lexojn\u00eb email-et e tyre dhe nuk e kan\u00eb kan\u00eb problem se sa t\u00eb shpeshta jan\u00eb ato p\u00ebr sa koh\u00eb q\u00eb emailit jan\u00eb t\u00eb r\u00ebnd\u00ebsishme, interesante dhe specifike p\u00ebr nevojat e tyre.<\/p>\n<p>Marketingu me email nuk ka &#8216;vdekur&#8217; ashtu sikurse shprehen disa; marketingu me email thjesht po ndryshon.<br \/>\nK\u00ebtu jan\u00eb disa arsye pse marketingu p\u00ebrmes emailit nuk ka vdekur dhe pse duhet t\u00eb jet\u00eb absolutisht pjes\u00eb e strategjis\u00eb s\u00eb marketingut t\u00eb kompanis\u00eb suaj.<\/p>\n<p><strong>Telefonat celular\u00eb<\/strong><\/p>\n<p>Tashm\u00eb \u00ebsht\u00eb shum\u00eb m\u00eb e leht\u00eb q\u00eb t\u00eb zhvilloni fushata marketingu p\u00ebrmes email-it.<\/p>\n<p>P\u00ebrmes marketingut me email, kompania juaj mund t\u00eb p\u00ebrfitoj\u00eb cil\u00ebsi dhe komunikim t\u00eb drejtp\u00ebrdrejt\u00eb me klient\u00ebt tuaj\u00a0 potencial\u00eb. Emaili mund t\u00eb lexohet po aq leht\u00eb dhe t\u00eb trajtohet me shpejt\u00ebsi gjat\u00eb koh\u00ebs q\u00eb njer\u00ebzit jan\u00eb n\u00eb l\u00ebvizje.<\/p>\n<p><strong>Kuponat dhe informacioni<\/strong><\/p>\n<p>Njer\u00ebzit duan t\u00eb q\u00ebndrojn\u00eb t\u00eb informuar p\u00ebr gj\u00ebrat q\u00eb u interesojn\u00eb, qofshin k\u00ebto mesazhe publicitare nga kompanite e tyre t\u00eb preferuara, apo zbritje p\u00ebr nj\u00eb produkt apo sh\u00ebrbim t\u00eb caktuar. N\u00ebse ajo q\u00eb ju ofroni \u00ebsht\u00eb v\u00ebrtet me vler\u00eb p\u00ebr klient\u00ebt tuaj, ata do t\u00eb lexojn\u00eb emailet q\u00eb ju d\u00ebrgoni. E th\u00ebn\u00eb ndryshe, njer\u00ebzit do kontrollojn\u00eb email-in p\u00ebr t\u00eb par\u00eb n\u00ebse ka di\u00e7ka t\u00eb re nga kompania juaj, n\u00ebse ka zbritje, etj. Shumica e konsumator\u00ebve do donin t\u00eb merrnin oferta tunduese p\u00ebrmes email-it. Marketingu me email \u00ebsht\u00eb nj\u00eb nd\u00ebr m\u00ebnyrat m\u00eb efektive p\u00ebr p\u00ebrmir\u00ebsimin e imazhit tuaj n\u00eb syt\u00eb e klientit.<\/p>\n<p>Mos ngurroni q\u00eb t\u00eb d\u00ebrgoni email edhe tek ata q\u00eb jan\u00eb ende t\u00eb l\u00ebkundur. N\u00eb k\u00ebt\u00eb m\u00ebnyr\u00eb, maksimizoni p\u00ebrpjekjet tuaja n\u00eb nj\u00eb audienc\u00eb q\u00eb ka m\u00eb shum\u00eb gjasa t\u00eb b\u00ebj\u00eb nj\u00eb blerje.<\/p>\n<p><strong>Email nuk kushton nj\u00eb gj\u00eb<\/strong><\/p>\n<p>Marketingu me email \u00ebsht\u00eb jasht\u00ebzakonisht i volitsh\u00ebm, sidomos kur krahasohet me metoda t\u00eb tjera si reklamat n\u00eb radio apo televizion. N\u00ebse nj\u00eb fushat\u00eb nuk \u00ebsht\u00eb ajo e duhura, kostoja amortizohet leht\u00eb, b\u00ebhen korrigjime dhe p\u00ebrgatitet nj\u00eb fushate e re p\u00ebrmes email-it.<\/p>\n<p>Me marketingun permes email-it, t\u00eb ardhurat mund t\u00eb shtohen, gjithmon\u00eb n\u00ebse b\u00ebhet n\u00eb m\u00ebnyr\u00ebn e duhur.<\/p>\n<p><strong>Njer\u00ebzit ende po kontrollojn\u00eb email-in<\/strong><\/p>\n<p>Arsyeja num\u00ebr nj\u00eb se p\u00ebrse duhet t\u00eb b\u00ebni marketing me email \u00ebsht\u00eb fakti q\u00eb njer\u00ebzit kontrollojn\u00eb vazhdimisht post\u00ebn e tyre elektonike. Interesi q\u00eb tregojn\u00eb njer\u00ebzit n\u00eb lidhje me mediat sociale mund t\u00eb varioj\u00eb, por e-maili vazhdimisht ka patur nj\u00eb kthim mbi investimi t\u00eb lart\u00eb p\u00ebr \u00e7do dollar t\u00eb shpenzuar. Njer\u00ebzit kontrollojn\u00eb email-in e tyre \u00e7do dit\u00eb dhe kjo \u00ebsht\u00eb nj\u00eb mund\u00ebsi e art\u00eb p\u00ebr ju.<\/p>\n<p>Marketingu p\u00ebrmes email-it do t\u00eb vazhdoj\u00eb p\u00ebr aq koh\u00eb sa emaili \u00ebsht\u00eb ende m\u00ebnyra m\u00eb e lir\u00eb, m\u00eb e shpejt\u00eb dhe m\u00eb e efektshme p\u00ebr t\u00eb shk\u00ebmbyer informacion shpejt. Krijoni edhe ju fushat\u00ebn tuaj t\u00eb marketingut p\u00ebrmes email-it, me Evolve Studio.<\/p>\n<p><strong>Pjes\u00eb e strategjis\u00eb<\/strong><\/p>\n<p>Email-i mund t\u00eb integrohet n\u00eb \u00e7do strategji marketingu.<\/p>\n<p>Email funksionon me blogun tuaj p\u00ebr t\u00eb ndar\u00eb postimet e fundit; ajo mund t\u00eb bashkoj\u00eb mesazhet tuaja m\u00eb interesante n\u00eb mediat sociale p\u00ebr nj\u00eb auditor t\u00eb painteresuar p\u00ebr t\u00eb qen\u00eb n\u00eb mediat sociale drejtp\u00ebrs\u00ebdrejti; ajo mund t\u00eb lajm\u00ebroj\u00eb njer\u00ebzit p\u00ebr webinaret, marr\u00ebveshjet dhe afatet e ofertave; ajo mund t\u00eb lidhet edhe me fushat\u00ebn tuaj t\u00eb marketingut.<\/p>\n<p><strong>\u00cbsht\u00eb personal<\/strong><\/p>\n<p>N\u00ebse ju nd\u00ebrtoni nj\u00eb fushat\u00eb marketingu me email ku mesazhi \u00ebsht\u00eb i personalizuar, ju keni m\u00eb tep\u00ebr shanse q\u00eb t\u00eb t\u00ebrhiqni v\u00ebmendjen e klient\u00ebve.<\/p>\n<p>Ky \u00ebsht\u00eb vet\u00ebm hapi i par\u00eb drejt d\u00ebrgimit t\u00eb emailit si nj\u00eb mesazh personal n\u00eb vend t\u00eb spamit. K\u00ebto jan\u00eb disa m\u00ebnyra t\u00eb tjera q\u00eb biznesi juaj i vog\u00ebl mund t\u00eb inkurajoj\u00eb nj\u00eb klikim:<\/p>\n<p>Duke d\u00ebrguar nj\u00eb email t\u00eb ve\u00e7ant\u00eb p\u00ebr abonent\u00ebt n\u00eb dit\u00eblindjen e tyre ose p\u00ebrvjetorin e kompanin\u00eb tuaj.<\/p>\n<p>P\u00ebrmes nj\u00eb oferte produktesh ose zbritjeje q\u00eb lidhet me blerjet e m\u00ebparshme t\u00eb klient\u00ebve tuaj.<\/p>\n<p>Me nj\u00eb email t\u00eb nd\u00ebrtuar mir\u00eb, bazuar n\u00eb k\u00ebrkesat dhe preferencat e audienc\u00ebs tuaj, ju mund t\u00eb automatizoni k\u00ebt\u00eb proces dhe t\u00eb mb\u00ebrrini m\u00eb shum\u00eb klient\u00eb potencial\u00eb.[\/vc_column_text][\/vc_column_inner][\/vc_row_inner][\/vc_column][\/vc_row][vc_row][vc_column]<hr class=\"vertical-space5\">\n\t<div class=\"max-title max-title5\">\n\t\t<h1>\u00c7far\u00eb <strong>b\u00ebjm\u00eb<\/strong> <\/h2>\n\t<\/div>[\/vc_column][\/vc_row][vc_row][vc_column width=&#8221;1\/3&#8243;]<hr class=\"vertical-space2\"><article class=\"icon-box\" ><i class=\"sl-screen-tablet\" style=\"\"><\/i><h4>Dizejnimi responsiv i email-it<\/h4><p>Ne do t\u00eb programojm\u00eb email-in tuaj n\u00eb HTML dhe CSS q\u00eb p\u00ebrdor media query p\u00ebr t\u00eb ndihmuar n\u00eb arritjen e formatimit optimal, n\u00eb t\u00eb gjitha pajisjet e t\u00eb gjitha madh\u00ebsive.<\/p><\/article><hr class=\"vertical-space2\"><article class=\"icon-box\" ><i class=\"sl-layers\" style=\"\"><\/i><h4>Email marketing i automatizuar<\/h4><p>Ekspert\u00ebt tan\u00eb t\u00eb marketingut t\u00eb automatizuar do t'ju ndihmojn\u00eb t\u00eb rrisni shitjet tuaja dhe t\u00eb gjeneroni m\u00eb shum\u00eb mund\u00ebsi biznesi, duke ju kursyer koh\u00eb dhe para.<\/p><\/article><hr class=\"vertical-space2\">[\/vc_column][vc_column width=&#8221;1\/3&#8243;]<hr class=\"vertical-space2\"><article class=\"icon-box\" ><i class=\"sl-note\" style=\"\"><\/i><h4>Copywriting<\/h4><p>Sh\u00ebrbimi yn\u00eb i copywrite t\u00eb email-it do t'ju mund\u00ebsoj\u00eb t\u00eb gjeneroni fitime m\u00eb t\u00eb m\u00ebdha nga kanali i marketingut me kthim t\u00eb lart\u00eb mbi investimin.<\/p><\/article><hr class=\"vertical-space2\"><article class=\"icon-box\" ><i class=\"sl-equalizer\" style=\"\"><\/i><h4>Menaxhimit i plot\u00eb i marketingut me email<\/h4><p>Sh\u00ebrbimi yn\u00eb i menaxhuar plot\u00ebsisht p\u00ebrfshin krijimin e fushatave t\u00eb email-it, t\u00eb gjitha t\u00eb dizajnuara dhe t\u00eb shkruara n\u00eb m\u00ebnyr\u00eb profesionale p\u00ebr ju.<\/p><\/article><hr class=\"vertical-space2\">[\/vc_column][vc_column width=&#8221;1\/3&#8243;]<hr class=\"vertical-space2\"><article class=\"icon-box\" ><i class=\"sl-envelope-letter\" style=\"\"><\/i><h4>Krijimi dhe shp\u00ebrndarja e fushat\u00ebs<\/h4><p>Ne p\u00ebrq\u00ebndrohemi n\u00eb ndihm\u00ebn tuaj p\u00ebr t\u00eb maksimizuar performanc\u00ebn e biznesit tuaj <\/p><\/article><hr class=\"vertical-space2\"><hr class=\"vertical-space2\"><article class=\"icon-box\" ><i class=\"sl-reload\" style=\"\"><\/i><h4>Pastrimi i list\u00ebs s\u00eb emaileve<\/h4><p>Ne do t\u00eb pastrojm\u00eb adresat tuaja t\u00eb vjetra dhe t\u00eb perdorura dhe do te sigurohemi q\u00eb lista juaj t\u00eb jet\u00eb e past\u00ebr dhe e gatshme p\u00ebr t\u00eb arritur n\u00eb destinacion.<\/p><\/article><hr class=\"vertical-space2\">[\/vc_column][\/vc_row][vc_row row_type=&#8221;2&#8243; blox_padding_top=&#8221;40&#8243; blox_bgcolor=&#8221;#f6f8f9&#8243;][vc_column]<hr class=\"vertical-space3\">\n\t<div class=\"max-title max-title5\">\n\t\t<h1>Si e <strong>b\u00ebjm\u00eb <\/strong> <\/h2>\n\t<\/div><hr class=\"vertical-space2\">[\/vc_column][\/vc_row][vc_row row_type=&#8221;1&#8243;][vc_column]\n\t<div class=\"buy-process-wrap\">\n\t\t<div class=\"buy-process-items\">\n\t\t\t\t<div class=\"buy-process-item\">\n\t\t\t\t\t<div class=\"text-wrap\">\n\t\t\t\t\t\t<h4>Newsletter <strong>krijuese<\/strong><\/h4>\n\t\t\t\t\t\t<p>Hartimi i fushatave t\u00eb marketingut me email me teknika t\u00eb thjeshta. T\u00eb shpejt\u00eb dhe t\u00eb thjesht\u00eb!<\/p>\n\t\t\t\t\t<\/div>\n\t\t\t\t\t<span>1<\/span>\n\t\t\t\t\t<div class=\"icon-wrapper\">\n\t\t\t\t\t\t<i class=\"fa fa-rss\"><\/i>\n\t\t\t\t\t<\/div>\n\t\t\t\t<\/div>\n\t\t\t\t<div class=\"buy-process-item\">\n\t\t\t\t\t<div class=\"text-wrap\">\n\t\t\t\t\t\t<h4>Testimi i <strong>shp\u00ebrndarjes<\/strong><\/h4>\n\t\t\t\t\t\t<p>Evolve Studio ju lejon t\u00eb kryeni nj\u00eb test shp\u00ebrndarje p\u00ebr ofruesit e sh\u00ebrbimeve me nj\u00eb klikim t\u00eb vet\u00ebm.<\/p>\n\t\t\t\t\t<\/div>\n\t\t\t\t\t<span>2<\/span>\n\t\t\t\t\t<div class=\"icon-wrapper\">\n\t\t\t\t\t\t<i class=\"fa fa-inbox\"><\/i>\n\t\t\t\t\t<\/div>\n\t\t\t\t<\/div>\n\t\t\t\t<div class=\"buy-process-item featured\">\n\t\t\t\t\t<div class=\"text-wrap\">\n\t\t\t\t\t\t<h4>Testimi<strong> A\/B<\/strong><\/h4>\n\t\t\t\t\t\t<p>D\u00ebrgo dy e-maile paksa t\u00eb ndryshme, shikoni se cili ka m\u00eb shum\u00eb rezultate dhe d\u00ebrgoni versionin m\u00eb t\u00eb mir\u00eb te pjesa tjet\u00ebr e abonent\u00ebve.<\/p>\n\t\t\t\t\t<\/div>\n\t\t\t\t\t<span>3<\/span>\n\t\t\t\t\t<div class=\"icon-wrapper\">\n\t\t\t\t\t\t<i class=\"fa fa-random\"><\/i>\n\t\t\t\t\t<\/div>\n\t\t\t\t<\/div>\n\t\t\t\t<div class=\"buy-process-item\">\n\t\t\t\t\t<div class=\"text-wrap\">\n\t\t\t\t\t\t<h4><strong>D\u00ebrgo <\/strong>fushat\u00ebn t\u00ebnde<\/h4>\n\t\t\t\t\t\t<p>Programoni fushat\u00ebn tuaj ose d\u00ebrgojeni menj\u00ebher\u00eb. Kontrolloni dor\u00ebzimin n\u00eb raportet tona dhe statistikat .<\/p>\n\t\t\t\t\t<\/div>\n\t\t\t\t\t<span>4<\/span>\n\t\t\t\t\t<div class=\"icon-wrapper\">\n\t\t\t\t\t\t<i class=\"fa fa-paper-plane-o\"><\/i>\n\t\t\t\t\t<\/div>\n\t\t\t\t<\/div>\n\t\t\t\t<div class=\"buy-process-item\">\n\t\t\t\t\t<div class=\"text-wrap\">\n\t\t\t\t\t\t<h4><strong>Gjurmimi<\/strong> i fushat\u00ebs<\/h4>\n\t\t\t\t\t\t<p>Gjurmoni \u00e7do gj\u00eb: klikimet, ankesat me spam, email-et e lexuara, etj. <\/p>\n\t\t\t\t\t<\/div>\n\t\t\t\t\t<span>5<\/span>\n\t\t\t\t\t<div class=\"icon-wrapper\">\n\t\t\t\t\t\t<i class=\"fa fa-bar-chart\"><\/i>\n\t\t\t\t\t<\/div>\n\t\t\t\t<\/div>\n\t\t<\/div>\n\t<\/div>[\/vc_column][\/vc_row][vc_row][vc_column][vc_column_text]<\/p>\n<p>[\/vc_column_text][\/vc_column][\/vc_row][vc_row][vc_column width=&#8221;1\/2&#8243;]<hr class=\"vertical-space5\">[vc_column_text]<\/p>\n<h3>Ndiq fushat\u00ebn nga af\u00ebr dhe v\u00ebzhgo raportet.<\/h3>\n<p>Ndjekja e performanc\u00ebs s\u00eb fushat\u00ebs tuaj t\u00eb email marketingut \u00ebsht\u00eb m\u00eb e leht\u00eb me softuerin <em>EasyWeb<\/em>. Ju mund t\u00eb kuptoni se sa vizitor\u00eb kan\u00eb hapur email-in tuaj dhe shum\u00eb tregues t\u00eb tjer\u00eb. <em>EasyWeb<\/em> ofron m\u00ebnyra t\u00eb ndryshme p\u00ebr t\u00eb analizuar performanc\u00ebn e fushat\u00ebs tuaj. K\u00ebshtu mund t\u00eb\u00a0 p\u00ebrmir\u00ebsoni fushatat tuaja t\u00eb marketingut me email.[\/vc_column_text]<hr class=\"vertical-space2\">[\/vc_column][vc_column width=&#8221;1\/2&#8243;]<hr class=\"vertical-space5\">[vc_column_text]<\/p>\n<h3>Krijo fushat\u00ebn dhe v\u00ebzhgo ecurin\u00eb e saj<\/h3>\n<p>Fushatat e marketingut me email mund t\u00eb d\u00ebrgohen leht\u00ebsisht, n\u00eb \u00e7do koh\u00eb dhe kudo duke p\u00ebrdorur desktopin, tabletin ose smartfonin tuaj. Krijoni fushat\u00ebn tuaj tani\u00a0 dhe kontrolloni suksesin e saj p\u00ebrmes raporteve tona dhe statistikave t\u00eb ndryshme.[\/vc_column_text]<hr class=\"vertical-space2\">[\/vc_column][\/vc_row][vc_row][vc_column]\n\t<div class=\"max-title max-title3\">\n\t\t<h2>KLIENTET TANE<\/h2>\n\t<\/div><hr class=\"vertical-space1\"><div class=\"aligncenter\"><hr class=\"vertical-space1\"><div class=\"col-md-12 our-clients-wrap crsl\"><ul id=\"our-clients\" class=\"our-clients crsl\"><li><img alt=\"\" src=\"https:\/\/evolve.al\/admin\/core-wp\/..\/..\/site\/resources-global\/content-data\/uploads\/dga_logo_landscape_v1.jpg\"\/><\/li><li><img alt=\"\" src=\"https:\/\/evolve.al\/admin\/core-wp\/..\/..\/site\/resources-global\/content-data\/uploads\/ardeno-mobileri-al_logo_2.jpg\"\/><\/li><li><img alt=\"\" src=\"https:\/\/evolve.al\/admin\/core-wp\/..\/..\/site\/resources-global\/content-data\/uploads\/salillari-shpk_logo.jpg\"\/><\/li><li><img alt=\"\" src=\"https:\/\/evolve.al\/admin\/core-wp\/..\/..\/site\/resources-global\/content-data\/uploads\/alb-pastrim_logo.jpg\"\/><\/li><li><img alt=\"\" src=\"https:\/\/evolve.al\/admin\/core-wp\/..\/..\/site\/resources-global\/content-data\/uploads\/supersport_logo_v1.jpg\"\/><\/li><li><img alt=\"\" src=\"https:\/\/evolve.al\/admin\/core-wp\/..\/..\/site\/resources-global\/content-data\/uploads\/dpm-gov-al_logo.jpg\"\/><\/li><li><img alt=\"\" src=\"https:\/\/evolve.al\/admin\/core-wp\/..\/..\/site\/resources-global\/content-data\/uploads\/mmsr-gov-al_logo.jpg\"\/><\/li><li><img alt=\"\" src=\"https:\/\/evolve.al\/admin\/core-wp\/..\/..\/site\/resources-global\/content-data\/uploads\/biznes-albania_logo.jpg\"\/><\/li><li><img alt=\"\" src=\"https:\/\/evolve.al\/admin\/core-wp\/..\/..\/site\/resources-global\/content-data\/uploads\/su-shefqet-ndroqi_logo.jpg\"\/><\/li><li><img alt=\"\" src=\"https:\/\/evolve.al\/admin\/core-wp\/..\/..\/site\/resources-global\/content-data\/uploads\/ekb_logo.jpg\"\/><\/li><li><img alt=\"\" src=\"https:\/\/evolve.al\/admin\/core-wp\/..\/..\/site\/resources-global\/content-data\/uploads\/leon-kons_logo.jpg\"\/><\/li><li><img alt=\"\" src=\"https:\/\/evolve.al\/admin\/core-wp\/..\/..\/site\/resources-global\/content-data\/uploads\/alushi-trans-al_logo.jpg\"\/><\/li><\/ul><\/div><hr class=\"vertical-space2\"><\/div>[\/vc_column][\/vc_row][vc_row row_type=&#8221;2&#8243; blox_height=&#8221;452&#8243; blox_image=&#8221;9705&#8243; blox_bgcolor=&#8221;#f7f7f7&#8243;][vc_column el_class=&#8221;aligncenter&#8221;]<hr class=\"vertical-space5\"><hr class=\"vertical-space1\">[vc_column_text]<\/p>\n<h1 style=\"text-align: center;\">Le t\u00eb fillojm\u00eb<br \/>\n<strong>projektin tuaj<\/strong><\/h1>\n<p>[\/vc_column_text]<hr class=\"vertical-space1\">[vc_column_text]<\/p>\n<p style=\"margin: 0cm; margin-bottom: .0001pt; background: white; vertical-align: baseline;\">Ne p\u00ebrq\u00ebndrohemi n\u00eb funksionimin e thjesht\u00eb dhe p\u00ebrdorshm\u00ebrin\u00eb e faqes suaj dhe ju m\u00ebsojm\u00eb m\u00ebnyr\u00ebn e menaxhimit t\u00eb saj si nj\u00eb aset i \u00e7muar biznesi. Ne sigurohemi q\u00eb p\u00ebrmbajtja jote t\u00eb shp\u00ebrndahet n\u00eb m\u00ebnyr\u00eb t\u00eb till\u00eb q\u00eb vizitor\u00ebt t\u00eb gjejn\u00eb leht\u00ebsisht informacionin q\u00eb k\u00ebrkojn\u00eb, duke rezultuar n\u00eb nj\u00eb eksperienc\u00eb t\u00eb k\u00ebndshme p\u00ebrdorimi.<\/p>\n<p>[\/vc_column_text]<hr class=\"vertical-space1\"><a href=\"http:\/\/evolve.al\/request-a-quote\/\" class=\"button skyblue  medium bordered-bot \" target=\"_self\">K\u00ebRKO KONSULTIM<\/a><hr class=\"vertical-space4\">[\/vc_column][\/vc_row][vc_row row_type=&#8221;2&#8243; blox_image=&#8221;9171&#8243; blox_cover=&#8221;false&#8221; blox_repeat=&#8221;repeat&#8221; blox_dark=&#8221;true&#8221; blox_bgcolor=&#8221;#00c2e5&#8243;][vc_column]<hr class=\"vertical-space3\">[vc_row_inner][vc_column_inner el_class=&#8221;aligncenter&#8221;][vc_column_text]<\/p>\n<h1 style=\"text-align: center;\">Projektet q\u00eb ne kemi <strong>p\u00ebrfunduar<\/strong><\/h1>\n<p>Fal\u00eb teknologjis\u00eb, ne nd\u00ebrtojm\u00eb ura bashk\u00ebpunimi dhe vem\u00eb n\u00eb jet\u00eb idet\u00eb tuaja[\/vc_column_text]<a href=\"http:\/\/evolve.al\/projects\/\" class=\"button white  medium bordered-bot \" target=\"_self\">SHIKO PROJEKTET TONA<\/a>[\/vc_column_inner][\/vc_row_inner]<hr class=\"vertical-space2\">[\/vc_column][\/vc_row]<\/p>","protected":false},"excerpt":{"rendered":"<p>[vc_row row_type=&#8221;3&#8243; blox_image=&#8221;9235&#8243; align_center=&#8221;aligncenter&#8221; page_title=&#8221;page-title-x&#8221; blox_dark=&#8221;true&#8221; parallax_speed=&#8221;7&#8243;][vc_column][vc_column_text] MARKETING ME E-MAIL\u00a0 [\/vc_column_text][\/vc_column][\/vc_row][vc_row row_type=&#8221;2&#8243; page_title=&#8221;page-title-x&#8221; blox_padding_top=&#8221;50&#8243; blox_padding_bottom=&#8221;50&#8243; blox_bgcolor=&#8221;#f7f7f7&#8243;][vc_column width=&#8221;7\/12&#8243;][vc_column_text] 120.000 emaile shqiptare Ne ndihmojm\u00eb n\u00eb nd\u00ebrtimin e fushatave t\u00eb marketingut me email. Pamja vizive e email-it tuaj t\u00eb marketingut do jet\u00eb mjaft t\u00ebrheq\u00ebse dhe kjo do t\u00eb rris\u00eb ndjesh\u00ebm numrin e vizitor\u00ebve.[\/vc_column_text][\/vc_column][vc_column width=&#8221;5\/12&#8243;][vc_single_image image=&#8221;9293&#8243; img_size=&#8221;full&#8221; alignment=&#8221;right&#8221; css_animation=&#8221;bottom-to-top&#8221;][\/vc_column][\/vc_row][vc_row][vc_column][vc_column_text] [\/vc_column_text][vc_row_inner][vc_column_inner][vc_column_text]Pavar\u00ebsisht futjes n\u00eb treg t\u00eb platformave t\u00eb reja dhe inovative t\u00eb marketingut, marketingu p\u00ebrmes email-it mbetet nj\u00eb nd\u00ebr m\u00ebnyrat kryesore t\u00eb komunikimit me klient\u00ebt ekzistues si dhe ata potencial\u00eb. Me kaq shum\u00eb m\u00ebnyra p\u00ebr t\u00eb arritur klient\u00ebt, shum\u00eb ekspert\u00eb marketingu dhe pronar\u00eb biznesi pyesin, a \u00ebsht\u00eb ende e vlefshme t\u00eb d\u00ebrgosh email? P\u00ebrgjigja e shkurt\u00ebr: Marketingu me email \u00ebsht\u00eb k\u00ebtu p\u00ebr t\u00eb q\u00ebndruar. Pa marr\u00eb parasysh se \u00e7far\u00eb grupmoshe synoni ose ku ndodheni, emaili mbetet nj\u00eb m\u00ebnyr\u00eb e shk\u00eblqyer p\u00ebr t\u00eb arritur audienc\u00ebn tuaj. T\u00eb b\u00ebsh marketing me email \u00ebsht\u00eb jo vet\u00ebm me lir\u00eb, por edhe m\u00eb efektive n\u00ebse realizohet n\u00eb m\u00ebnyr\u00ebn e duhur. Mit: Njer\u00ebzit urrejn\u00eb t\u00eb marrin mesazhe publicitare p\u00ebrmes emailit. N\u00eb t\u00eb gjitha faktet, hulumtimet e ndryshme mb\u00ebshtesin faktin q\u00eb njer\u00ebzit lexojn\u00eb email-et e tyre dhe nuk e kan\u00eb kan\u00eb problem se sa t\u00eb shpeshta jan\u00eb ato p\u00ebr sa koh\u00eb q\u00eb emailit jan\u00eb t\u00eb r\u00ebnd\u00ebsishme, interesante dhe specifike p\u00ebr nevojat e tyre. Marketingu me email nuk ka &#8216;vdekur&#8217; ashtu sikurse shprehen disa; marketingu me email thjesht po ndryshon. K\u00ebtu jan\u00eb disa arsye pse marketingu p\u00ebrmes emailit nuk ka vdekur dhe pse duhet t\u00eb jet\u00eb absolutisht pjes\u00eb e strategjis\u00eb s\u00eb marketingut t\u00eb kompanis\u00eb suaj. Telefonat celular\u00eb Tashm\u00eb \u00ebsht\u00eb shum\u00eb m\u00eb e leht\u00eb q\u00eb t\u00eb zhvilloni fushata marketingu p\u00ebrmes email-it. P\u00ebrmes marketingut me email, kompania juaj mund t\u00eb p\u00ebrfitoj\u00eb cil\u00ebsi dhe komunikim t\u00eb drejtp\u00ebrdrejt\u00eb me klient\u00ebt tuaj\u00a0 potencial\u00eb. Emaili mund t\u00eb lexohet po aq leht\u00eb dhe t\u00eb trajtohet me shpejt\u00ebsi gjat\u00eb koh\u00ebs q\u00eb njer\u00ebzit&#8230; <\/p>\n<p><a class=\"readmore\" href=\"https:\/\/evolve.al\/al\/e-mail-marketing\/\">Continue Reading<\/a><\/p>\n","protected":false},"author":2,"featured_media":0,"parent":0,"menu_order":0,"comment_status":"closed","ping_status":"closed","template":"","meta":[],"_links":{"self":[{"href":"https:\/\/evolve.al\/al\/wp-json\/wp\/v2\/pages\/9735"}],"collection":[{"href":"https:\/\/evolve.al\/al\/wp-json\/wp\/v2\/pages"}],"about":[{"href":"https:\/\/evolve.al\/al\/wp-json\/wp\/v2\/types\/page"}],"author":[{"embeddable":true,"href":"https:\/\/evolve.al\/al\/wp-json\/wp\/v2\/users\/2"}],"replies":[{"embeddable":true,"href":"https:\/\/evolve.al\/al\/wp-json\/wp\/v2\/comments?post=9735"}],"version-history":[{"count":6,"href":"https:\/\/evolve.al\/al\/wp-json\/wp\/v2\/pages\/9735\/revisions"}],"predecessor-version":[{"id":11180,"href":"https:\/\/evolve.al\/al\/wp-json\/wp\/v2\/pages\/9735\/revisions\/11180"}],"wp:attachment":[{"href":"https:\/\/evolve.al\/al\/wp-json\/wp\/v2\/media?parent=9735"}],"curies":[{"name":"wp","href":"https:\/\/api.w.org\/{rel}","templated":true}]}}