{"id":9479,"date":"2016-04-12T09:21:15","date_gmt":"2016-04-12T09:21:15","guid":{"rendered":"http:\/\/webnus.biz\/themes\/easyweb\/design\/?page_id=9479"},"modified":"2019-03-12T17:07:53","modified_gmt":"2019-03-12T16:07:53","slug":"siti-web-cms-personalizzati","status":"publish","type":"page","link":"https:\/\/evolve.al\/al\/siti-web-cms-personalizzati\/","title":{"rendered":"CMS t\u00eb personalizuar"},"content":{"rendered":"<p>[vc_row row_type=&#8221;3&#8243; blox_image=&#8221;9971&#8243; align_center=&#8221;aligncenter&#8221; page_title=&#8221;page-title-x&#8221; blox_dark=&#8221;true&#8221; parallax_speed=&#8221;7&#8243;][vc_column]<hr class=\"vertical-space5\"><hr class=\"vertical-space5\"><hr class=\"vertical-space3\">[vc_column_text]<\/p>\n<h2 class=\"respo-tagline\" style=\"text-align: center; letter-spacing: 1px;\"><strong>CMS T\u00cb PERSONALIZUAR<\/strong><\/h2>\n<p>[\/vc_column_text]<hr class=\"vertical-space5\"><hr class=\"vertical-space5\">[\/vc_column][\/vc_row][vc_row][vc_column width=&#8221;1\/4&#8243;][\/vc_column][vc_column width=&#8221;1\/2&#8243; el_class=&#8221;aligncenter&#8221;]<hr class=\"vertical-space5\"><i class=\"sl-layers\" style=\" font-size:64px; color:#d6d6d6;\"><\/i><hr class=\"vertical-space1\">[vc_column_text]<\/p>\n<h3 style=\"text-align: center;\"><strong>CMS t\u00eb personalizuar<\/strong><\/h3>\n<p>N\u00ebse keni nevoj\u00eb t\u00eb ndryshoni shpesh faqen tuaj t\u00eb internetit, duhet t\u00eb konsideroni nj\u00eb faqe interneti CMS n\u00eb vend t\u00eb nj\u00eb faqeje statike. Nj\u00eb sistem i menaxhimit t\u00eb P\u00ebrmbajtjes ju lejon t\u00eb redaktoni n\u00eb \u00e7do moment p\u00ebrmbajtjen n\u00eb faqen tuaj t\u00eb internetit. K\u00ebto sisteme jan\u00eb t\u00eb dobishme sepse nuk keni nevoj\u00eb t\u00eb m\u00ebsoni programim p\u00ebr t\u00eb shtuar faqe t\u00eb reja, ose thjesht p\u00ebr t\u00eb redaktuar faqen tuaj.[\/vc_column_text]<hr class=\"vertical-space3\">[vc_row_inner][vc_column_inner][vc_column_text]Tregu i sotsh\u00ebm \u00ebsht\u00eb shum\u00eb dinamik, prandaj nevojiten zgjidhje q\u00eb rrisin biznesin tuaj. Ajo q\u00eb mund t\u00eb b\u00ebni b\u00ebni ju \u00ebsht\u00eb shum\u00eb e thjesht\u00eb: zgjidhni nj\u00eb CMS t\u00eb personalizuar.\u00a0A e dini si do mund t\u00eb rrisni besueshm\u00ebrin\u00eb tek klient\u00ebt tuaj? Nj\u00eb CMS e personalizuar do t\u00eb leht\u00ebsoj\u00eb pun\u00ebn tuaj. N\u00ebp\u00ebrmjet CMS-s\u00eb ju do dini si do te menaxhoni faqen tuaj dhe do mund t\u00eb publikoni p\u00ebrmbajtje, ta ndryshoni at\u00eb kur t\u00eb d\u00ebshironi. E gjitha kjo pa q\u00ebn\u00eb nevoja t\u00eb m\u00ebsoni t\u00eb programoni.<\/p>\n<p>Ne ofrojm\u00eb dizajnin e plot\u00eb dhe gjith\u00ebp\u00ebrfshir\u00ebs dhe zhvillimin e faqeve online dhe aplikacioneve t\u00eb fuqishme me CMS-t\u00eb m\u00eb moderne, popullore dhe t\u00eb fuqishme. Ju vet\u00ebm zgjidhni at\u00eb q\u00eb p\u00ebrshtatet me nevojat dhe k\u00ebrkesat tuaja dhe ne do t\u2019ju mund\u00ebsojm\u00eb faqe interneti me dizajne unike dhe fleksib\u00ebl p\u00ebr cdo madh\u00ebsi ekrani. Gjithashtu, ne ju ofrojm\u00eb mir\u00ebmbajtje t\u00eb vazhdueshme p\u00ebr t\u00eb ndihmuar t\u00eb gjith\u00eb t\u00eb nd\u00ebrtojn\u00eb nj\u00eb faqe mbres\u00ebl\u00ebn\u00ebse t\u00eb personalizuar.<\/p>\n<p>Pasi t\u00eb keni idet\u00eb tuaja n\u00eb let\u00ebr, ne mund t\u2019i kthejm\u00eb ato n\u00eb nj\u00eb faqe interneti plot\u00ebsisht funksionale dhe profesionale. Gjithashtu, ju mund t\u00eb keni idet\u00eb tuaja n\u00eb programin photoshop dhe ne kemi fuqin\u00eb p\u00ebr ta kthyer at\u00eb n\u00eb faqen e internetit mbres\u00ebl\u00ebn\u00ebse q\u00eb ju nevojitet. Ne mund te konvertojm\u00eb n\u00eb nj\u00eb faqe internet cdo dizajn q\u00eb ju d\u00ebshironi. Kjo \u00ebsht\u00eb nj\u00eb m\u00ebnyr\u00eb p\u00ebr t\u00eb siguruar p\u00ebrmbajtje me cil\u00ebsi t\u00eb lart\u00eb dhe grafik\u00eb t\u00eb cil\u00ebsis\u00eb s\u00eb lart\u00eb sipas trendeve dhe teknologjive m\u00eb t\u00eb fundit.[\/vc_column_text][\/vc_column_inner][\/vc_row_inner][\/vc_column][vc_column width=&#8221;1\/4&#8243;][\/vc_column][\/vc_row][vc_row row_type=&#8221;2&#8243; blox_bgcolor=&#8221;#f7f7f7&#8243;][vc_column width=&#8221;1\/2&#8243;]<hr class=\"vertical-space5\">\n\t<div class=\"max-title max-title3\">\n\t\t<h2>\u00c7far\u00eb <strong>b\u00ebjm\u00eb<\/strong><\/h2>\n\t<\/div>[vc_column_text]Ne krijojm\u00eb platforma CMS t\u00eb personalizuara p\u00ebr klient\u00ebt t\u00eb cil\u00ebt kan\u00eb nevoj\u00eb p\u00ebr nj\u00eb zgjidhje specifike p\u00ebr nj\u00eb faqe interneti, ose sistem t\u00eb bazuar n\u00eb ueb. Disa nga p\u00ebrfitimet e shumta q\u00eb ne ofrojm\u00eb, s\u00ebbashku me sh\u00ebrbimet tona t\u00eb personalizuara vijojn\u00eb si m\u00eb posht\u00eb:[\/vc_column_text]<hr class=\"vertical-space3\">[vc_separator][vc_column_text]Pasi t\u00eb keni idet\u00eb tuaja n\u00eb let\u00ebr, ne mund t\u2019i kthejm\u00eb ato n\u00eb nj\u00eb faqe interneti plot\u00ebsisht funksionale dhe profesionale. Gjithashtu, ju mund t\u00eb keni idet\u00eb tuaja n\u00eb programin photoshop dhe ne kemi fuqin\u00eb p\u00ebr ta kthyer at\u00eb n\u00eb faqen e internetit mbres\u00ebl\u00ebn\u00ebse q\u00eb ju nevojitet. Ne mund te konvertojm\u00eb n\u00eb nj\u00eb faqe internet cdo dizajn q\u00eb ju d\u00ebshironi. Kjo \u00ebsht\u00eb nj\u00eb m\u00ebnyr\u00eb p\u00ebr t\u00eb siguruar p\u00ebrmbajtje me cil\u00ebsi t\u00eb lart\u00eb dhe grafik\u00eb t\u00eb cil\u00ebsis\u00eb s\u00eb lart\u00eb sipas trendeve dhe teknologjive m\u00eb t\u00eb fundit. Nuk \u00ebsht\u00eb e leht\u00eb t\u00eb parashikosh si do te jete e ardhmja e uebit, por di\u00e7ka dihet me siguri: WordPress do vazhdoj\u00eb t\u00eb jet\u00eb nj\u00eb nd\u00ebr platformat m\u00eb t\u00eb p\u00ebrdorura n\u00eb nd\u00ebrtimin e faqeve t\u00eb internetit.<\/p>\n<p>Duke kombinuar grafik\u00ebn perfekte t\u00eb Photoshop-it dhe shp\u00ebrndarjen e p\u00ebrmbajtjes me cil\u00ebsi t\u00eb lart\u00eb p\u00ebrmes Joomla, ne mund t\u00eb krijojm\u00eb faqe internetit t\u00eb fuqishme q\u00eb plot\u00ebsojn\u00eb t\u00eb gjitha k\u00ebrkesat tuaja. Krijimi i nj\u00eb \u201ctemplate\u2019 n\u00eb Joomla nga formati n\u00eb photoshop \u00ebsht\u00eb nj\u00eb teknik\u00eb e p\u00ebrdorur shpesh p\u00ebr t\u00eb pasur nj\u00eb grafik unik dhe te personalizuar p\u00ebr klient\u00ebt tan\u00eb. Ju mund t\u00eb keni besimin se ekipi yn\u00eb do t\u00eb transformoj\u00eb dizajnin tuaj nga photoshop-i n\u00eb nj\u00eb faqe plot\u00ebsisht funksionale n\u00eb Joomla.<\/p>\n<p>Ekipi yn\u00eb do t&#8217;i transformoj\u00eb idet\u00eb tuaja n\u00eb realitet.[\/vc_column_text][\/vc_column][vc_column width=&#8221;1\/2&#8243;][\/vc_column][\/vc_row][vc_row row_type=&#8221;2&#8243; blox_padding_bottom=&#8221;80&#8243; blox_bgcolor=&#8221;#f7f7f7&#8243;][vc_column width=&#8221;1\/2&#8243;]<article class=\"icon-box7\" ><i class=\"sl-check\" style=\" color:#00c2e5;\"><\/i><h4>Ju ofrojm\u00eb at\u00eb \u00e7ka ju k\u00ebrkoni<\/h4><\/article><article class=\"icon-box7\" ><i class=\"sl-check\" style=\" color:#00c2e5;\"><\/i><h4>Implementim dhe suport p\u00ebr CMS<\/h4><\/article><article class=\"icon-box7\" ><i class=\"sl-check\" style=\" color:#00c2e5;\"><\/i><h4>Zgjidhje cil\u00ebsore<\/h4><\/article>[\/vc_column][vc_column width=&#8221;1\/2&#8243;]<article class=\"icon-box7\" ><i class=\"sl-check\" style=\" color:#00c2e5;\"><\/i><h4>Teknologjit\u00eb m\u00eb t\u00eb mira me \u00e7mime konkuruese<\/h4><\/article><article class=\"icon-box7\" ><i class=\"sl-check\" style=\" color:#00c2e5;\"><\/i><h4>Mbajm\u00eb web-in t\u00eb optimizuar dhe sa m\u00eb lart n\u00eb Google<\/h4><\/article><article class=\"icon-box7\" ><i class=\"sl-check\" style=\" color:#00c2e5;\"><\/i><h4>Projekt menaxher t\u00eb dedikuar dhe me eksperienc\u00eb<\/h4><\/article>[\/vc_column][\/vc_row][vc_row][vc_column]<hr class=\"vertical-space5\">\n\t<div class=\"max-title max-title3\">\n\t\t<h2><strong>Karakteristikat <\/strong> tona p\u00ebr CMS<\/h2>\n\t<\/div>[vc_column_text]<\/p>\n<p class=\"slog-tx3 aligncenter\">Sistemi i menaxhimit t\u00eb p\u00ebrmbajtjes \u00ebsht\u00eb i leht\u00eb p\u00ebr p\u00ebrdorim dhe ju lejon t\u00eb krijoni, modifikoni dhe publikoni p\u00ebrmbajtjen e faqes tuaj.<\/p>\n<p>[\/vc_column_text]<hr class=\"vertical-space2\">[vc_row_inner][vc_column_inner width=&#8221;1\/2&#8243;]<hr class=\"vertical-space2\">[vc_single_image image=&#8221;9482&#8243; img_size=&#8221;full&#8221;][\/vc_column_inner][vc_column_inner width=&#8221;1\/2&#8243;]<hr class=\"vertical-space2\"><article class=\"icon-box5\" ><i class=\"sl-check\" style=\" color:#00c2e5;\"><\/i><h4>P\u00ebrdit\u00ebsoni tekstin e faqes, linket<\/h4><\/article><article class=\"icon-box5\" ><i class=\"sl-check\" style=\" color:#00c2e5;\"><\/i><h4>Menaxhim pa limit t\u00eb faqeve<\/h4><\/article><article class=\"icon-box5\" ><i class=\"sl-check\" style=\" color:#00c2e5;\"><\/i><h4>Galeri Fotosh<\/h4><\/article><article class=\"icon-box5\" ><i class=\"sl-check\" style=\" color:#00c2e5;\"><\/i><h4>Katalog Produktesh<\/h4><\/article><article class=\"icon-box5\" ><i class=\"sl-check\" style=\" color:#00c2e5;\"><\/i><h4>Banera dhe grafika p\u00ebr web-in<\/h4><\/article><article class=\"icon-box5\" ><i class=\"sl-check\" style=\" color:#00c2e5;\"><\/i><h4>Log-in t\u00eb sigurta<\/h4><\/article><article class=\"icon-box5\" ><i class=\"sl-check\" style=\" color:#00c2e5;\"><\/i><h4>Menaxhimi i menuve dhe linkeve<\/h4><\/article><article class=\"icon-box5\" ><i class=\"sl-check\" style=\" color:#00c2e5;\"><\/i><h4>Editor t\u00eb thjesht\u00eb p\u00ebr HTML<\/h4><\/article><article class=\"icon-box5\" ><i class=\"sl-check\" style=\" color:#00c2e5;\"><\/i><h4>Blog<\/h4><\/article><article class=\"icon-box5\" ><i class=\"sl-check\" style=\" color:#00c2e5;\"><\/i><h4>Struktur\u00eb Seo<\/h4><\/article><article class=\"icon-box5\" ><i class=\"sl-check\" style=\" color:#00c2e5;\"><\/i><h4>Integrimi i rrjeteve sociale<\/h4><\/article><article class=\"icon-box5\" ><i class=\"sl-check\" style=\" color:#00c2e5;\"><\/i><h4>Integrimi i Google Map <\/h4><\/article>[\/vc_column_inner][\/vc_row_inner]<hr class=\"vertical-space4\">[\/vc_column][\/vc_row][vc_row][vc_column]<hr class=\"vertical-space2\">\n\t<div class=\"max-title max-title3\">\n\t\t<h2>Sh\u00ebrbimet tona <strong> profesionale <\/strong><\/h2>\n\t<\/div>[\/vc_column][\/vc_row][vc_row][vc_column width=&#8221;1\/3&#8243;]<article class=\"icon-box\" ><i class=\"sl-wrench\" style=\"\"><\/i><h4>Zhvillimi i Template-ve<\/h4><p>Ne do t'ju japim nj\u00eb baz\u00eb t\u00eb p\u00ebrsosur pixel, SEO, nd\u00ebr-platform\u00eb dme standarte cilesore per te ndertuar webin tuaj.<\/p><\/article>[\/vc_column][vc_column width=&#8221;1\/3&#8243;]<article class=\"icon-box\" ><i class=\"sl-layers\" style=\"\"><\/i><h4>Zhvillimi i CMS-ve t\u00eb personalizuara<\/h4><p>N\u00ebse po k\u00ebrkoni t\u00eb krijoni nj\u00eb aplikacion me porosi , le t\u00eb nd\u00ebrtojm\u00eb at\u00eb p\u00ebr ju.<\/p><\/article>[\/vc_column][vc_column width=&#8221;1\/3&#8243;]<article class=\"icon-box\" ><i class=\"sl-screen-desktop\" style=\"\"><\/i><h4>Migrimi i faqeve<\/h4><p>A po k\u00ebrkoni t\u00eb l\u00ebvizni faqen tuaj n\u00eb CMS? Ne do t\u00eb merremi me migracionin p\u00ebr ju, ose t\u00eb ndihmojm\u00eb ekipin tuaj t\u00eb p\u00ebrshpejtoj\u00eb pro\u00e7esin.<\/p><\/article>[\/vc_column][\/vc_row][vc_row][vc_column]<hr class=\"vertical-space1\">[vc_row_inner][vc_column_inner][vc_column_text]A po k\u00ebrkoni t\u00eb l\u00ebvizni faqen tuaj ne CMS? Ne do t\u00eb merremi me migracionin p\u00ebr ju, ose t\u00eb ndihmojm\u00eb ekipin tuaj t\u00eb p\u00ebrshpejtoj\u00eb procesin.<\/p>\n<p>Nd\u00ebrtoni faqen tuaj t\u00ebrheq\u00ebse dhe miq\u00ebsore me CMS-n\u00eb m\u00eb t\u00eb leht\u00eb dhe nj\u00ebkoh\u00ebsisht m\u00eb t\u00eb fuqishme, e cila ofron mund\u00ebsi t\u00eb pafundme dhe p\u00ebrshtatje p\u00ebr sipas d\u00ebshirave tuaja nj\u00eb faqe me dizajnin optimal dhe inovativ. WordPress lejon t\u00eb nd\u00ebrtojm\u00eb faqe p\u00ebr t\u00eb gjitha madh\u00ebsit\u00eb e ekraneve dhe na frym\u00ebzon t\u00eb krijojm\u00eb e menaxhojm\u00eb faqe funksionale dhe mahnit\u00ebse duke plot\u00ebsuar t\u00eb gjitha k\u00ebrkesat tuaja specifike p\u00ebr at\u00eb q\u00eb d\u00ebshironi t\u00eb ofroni p\u00ebr vizitor\u00ebt tuaj.<br \/>\nGjithashtu ofron mund\u00ebsin\u00eb e krijimit t\u00eb faqeve n\u00eb gjuh\u00eb t\u00eb ndryshm\u00eb p\u00ebr t\u00eb t\u00ebrhequr e angazhuar sa m\u00eb shum\u00eb vizitor\u00eb dhe p\u00ebr t\u00eb zgjeruar tregun tuaj. \u00cbsht\u00eb e v\u00ebrtet\u00eb q\u00eb WordPress \u00ebsht\u00eb p\u00ebrdorur kryesisht p\u00ebr t\u00eb krijuar blogje, por me t\u00eb v\u00ebrtet\u00eb ka fuqin\u00eb dhe t\u00eb gjitha mjetet p\u00ebr t\u00eb nd\u00ebrtuar edhe faqe interneti funksionale dhe aplikacione online.<\/p>\n<p>Nd\u00ebrtoni faqen tuaj profesionale me Drupal!<\/p>\n<p>Drupal ofron mjete p\u00ebr nd\u00ebrtimin e llojeve t\u00eb ndryshme t\u00eb faqeve t\u00eb fuqishme. \u00cbsht\u00eb nj\u00eb sistem mjaft fleksib\u00ebl dhe shum\u00eb i shkall\u00ebzuar i menaxhimit t\u00eb mir\u00ebmbajtjes. Drupal p\u00ebrdoret n\u00eb t\u00eb gjith\u00eb bot\u00ebn nga nd\u00ebrmarrje nd\u00ebrkomb\u00ebtare, institucione qeveritare, institucione t\u00eb arsimit t\u00eb lart\u00eb dhe organizatave jo-qeveritare.<\/p>\n<p>Me an\u00eb t\u00eb Drupal ne nd\u00ebrtojm\u00eb faqe interneti q\u00eb i p\u00ebrshtaten q\u00ebllimeve tuaja dhe q\u00eb kan\u00eb nj\u00eb dizajn t\u00eb mrekulluesh\u00ebm p\u00ebr t\u00eb t\u00ebrhequr m\u00eb shum\u00eb vizitor\u00eb. Drupal ofron zgjidhje p\u00ebr \u00e7do k\u00ebrkes\u00eb dhe mund\u00ebsob ofrimin e faqeve jo vet\u00ebm t\u00eb bukura, por gjithashtu t\u00eb fuqishme dhe funksionale.[\/vc_column_text][\/vc_column_inner][\/vc_row_inner][\/vc_column][\/vc_row][vc_row][vc_column]\n\t<div class=\"max-title max-title3\">\n\t\t<h2>KLIENT\u00cbT TAN\u00cb<\/h2>\n\t<\/div><hr class=\"vertical-space1\"><div class=\"aligncenter\"><hr class=\"vertical-space1\"><div class=\"col-md-12 our-clients-wrap crsl\"><ul id=\"our-clients\" class=\"our-clients crsl\"><li><img alt=\"\" src=\"https:\/\/evolve.al\/admin\/core-wp\/..\/..\/site\/resources-global\/content-data\/uploads\/dga_logo_landscape_v1.jpg\"\/><\/li><li><img alt=\"\" src=\"https:\/\/evolve.al\/admin\/core-wp\/..\/..\/site\/resources-global\/content-data\/uploads\/ardeno-mobileri-al_logo_2.jpg\"\/><\/li><li><img alt=\"\" src=\"https:\/\/evolve.al\/admin\/core-wp\/..\/..\/site\/resources-global\/content-data\/uploads\/salillari-shpk_logo.jpg\"\/><\/li><li><img alt=\"\" src=\"https:\/\/evolve.al\/admin\/core-wp\/..\/..\/site\/resources-global\/content-data\/uploads\/alb-pastrim_logo.jpg\"\/><\/li><li><img alt=\"\" src=\"https:\/\/evolve.al\/admin\/core-wp\/..\/..\/site\/resources-global\/content-data\/uploads\/supersport_logo_v1.jpg\"\/><\/li><li><img alt=\"\" src=\"https:\/\/evolve.al\/admin\/core-wp\/..\/..\/site\/resources-global\/content-data\/uploads\/dpm-gov-al_logo.jpg\"\/><\/li><li><img alt=\"\" src=\"https:\/\/evolve.al\/admin\/core-wp\/..\/..\/site\/resources-global\/content-data\/uploads\/mmsr-gov-al_logo.jpg\"\/><\/li><li><img alt=\"\" src=\"https:\/\/evolve.al\/admin\/core-wp\/..\/..\/site\/resources-global\/content-data\/uploads\/biznes-albania_logo.jpg\"\/><\/li><li><img alt=\"\" src=\"https:\/\/evolve.al\/admin\/core-wp\/..\/..\/site\/resources-global\/content-data\/uploads\/su-shefqet-ndroqi_logo.jpg\"\/><\/li><li><img alt=\"\" src=\"https:\/\/evolve.al\/admin\/core-wp\/..\/..\/site\/resources-global\/content-data\/uploads\/ekb_logo.jpg\"\/><\/li><li><img alt=\"\" src=\"https:\/\/evolve.al\/admin\/core-wp\/..\/..\/site\/resources-global\/content-data\/uploads\/leon-kons_logo.jpg\"\/><\/li><li><img alt=\"\" src=\"https:\/\/evolve.al\/admin\/core-wp\/..\/..\/site\/resources-global\/content-data\/uploads\/alushi-trans-al_logo.jpg\"\/><\/li><\/ul><\/div><hr class=\"vertical-space2\"><\/div>[\/vc_column][\/vc_row][vc_row row_type=&#8221;2&#8243; blox_height=&#8221;452&#8243; blox_image=&#8221;9705&#8243; blox_bgcolor=&#8221;#f7f7f7&#8243;][vc_column el_class=&#8221;aligncenter&#8221;]<hr class=\"vertical-space5\"><hr class=\"vertical-space1\">[vc_column_text]<\/p>\n<h1 style=\"text-align: center;\">Le t\u00eb fillojm\u00eb<br \/>\n<strong>projektin tuaj<\/strong><\/h1>\n<p>[\/vc_column_text]<hr class=\"vertical-space1\">[vc_column_text]<\/p>\n<p class=\"slog-tx2 aligncenter\">Ne do t\u2019ju ndihmojm\u00eb t\u00eb arrini q\u00ebllimet tuaja dhe t\u00eb rrisni biznesin tuaj.<\/p>\n<p>[\/vc_column_text]<hr class=\"vertical-space1\"><a href=\"http:\/\/evolve.al\/request-a-quote\/\" class=\"button skyblue  medium bordered-bot \" target=\"_self\">KERKONI KONSULTIM<\/a><hr class=\"vertical-space4\">[\/vc_column][\/vc_row][vc_row row_type=&#8221;2&#8243; blox_image=&#8221;9171&#8243; blox_cover=&#8221;false&#8221; blox_repeat=&#8221;repeat&#8221; blox_dark=&#8221;true&#8221; blox_bgcolor=&#8221;#00c2e5&#8243;][vc_column]<hr class=\"vertical-space3\">[vc_row_inner][vc_column_inner el_class=&#8221;aligncenter&#8221;][vc_column_text]<\/p>\n<h1 style=\"text-align: center;\">Projektet q\u00eb ne kemi <strong>p\u00ebrfunduar<\/strong><\/h1>\n<p style=\"text-align: center;\">Ne p\u00ebrdorim teknologjin\u00eb p\u00ebr t\u00eb sjell\u00eb n\u00eb jet\u00eb idet\u00eb e klient\u00ebve<\/p>\n<p>[\/vc_column_text]<a href=\"http:\/\/evolve.al\/projects\/\" class=\"button white  medium bordered-bot \" target=\"_self\">SHIKO PROJEKTET TONA<\/a>[\/vc_column_inner][\/vc_row_inner]<hr class=\"vertical-space2\">[\/vc_column][\/vc_row]<\/p>","protected":false},"excerpt":{"rendered":"<p>[vc_row row_type=&#8221;3&#8243; blox_image=&#8221;9971&#8243; align_center=&#8221;aligncenter&#8221; page_title=&#8221;page-title-x&#8221; blox_dark=&#8221;true&#8221; parallax_speed=&#8221;7&#8243;][vc_column][vc_column_text] CMS T\u00cb PERSONALIZUAR [\/vc_column_text][\/vc_column][\/vc_row][vc_row][vc_column width=&#8221;1\/4&#8243;][\/vc_column][vc_column width=&#8221;1\/2&#8243; el_class=&#8221;aligncenter&#8221;][vc_column_text] CMS t\u00eb personalizuar N\u00ebse keni nevoj\u00eb t\u00eb ndryshoni shpesh faqen tuaj t\u00eb internetit, duhet t\u00eb konsideroni nj\u00eb faqe interneti CMS n\u00eb vend t\u00eb nj\u00eb faqeje statike. Nj\u00eb sistem i menaxhimit t\u00eb P\u00ebrmbajtjes ju lejon t\u00eb redaktoni n\u00eb \u00e7do moment p\u00ebrmbajtjen n\u00eb faqen tuaj t\u00eb internetit. K\u00ebto sisteme jan\u00eb t\u00eb dobishme sepse nuk keni nevoj\u00eb t\u00eb m\u00ebsoni programim p\u00ebr t\u00eb shtuar faqe t\u00eb reja, ose thjesht p\u00ebr t\u00eb redaktuar faqen tuaj.[\/vc_column_text][vc_row_inner][vc_column_inner][vc_column_text]Tregu i sotsh\u00ebm \u00ebsht\u00eb shum\u00eb dinamik, prandaj nevojiten zgjidhje q\u00eb rrisin biznesin tuaj. Ajo q\u00eb mund t\u00eb b\u00ebni b\u00ebni ju \u00ebsht\u00eb shum\u00eb e thjesht\u00eb: zgjidhni nj\u00eb CMS t\u00eb personalizuar.\u00a0A e dini si do mund t\u00eb rrisni besueshm\u00ebrin\u00eb tek klient\u00ebt tuaj? Nj\u00eb CMS e personalizuar do t\u00eb leht\u00ebsoj\u00eb pun\u00ebn tuaj. N\u00ebp\u00ebrmjet CMS-s\u00eb ju do dini si do te menaxhoni faqen tuaj dhe do mund t\u00eb publikoni p\u00ebrmbajtje, ta ndryshoni at\u00eb kur t\u00eb d\u00ebshironi. E gjitha kjo pa q\u00ebn\u00eb nevoja t\u00eb m\u00ebsoni t\u00eb programoni. Ne ofrojm\u00eb dizajnin e plot\u00eb dhe gjith\u00ebp\u00ebrfshir\u00ebs dhe zhvillimin e faqeve online dhe aplikacioneve t\u00eb fuqishme me CMS-t\u00eb m\u00eb moderne, popullore dhe t\u00eb fuqishme. Ju vet\u00ebm zgjidhni at\u00eb q\u00eb p\u00ebrshtatet me nevojat dhe k\u00ebrkesat tuaja dhe ne do t\u2019ju mund\u00ebsojm\u00eb faqe interneti me dizajne unike dhe fleksib\u00ebl p\u00ebr cdo madh\u00ebsi ekrani. Gjithashtu, ne ju ofrojm\u00eb mir\u00ebmbajtje t\u00eb vazhdueshme p\u00ebr t\u00eb ndihmuar t\u00eb gjith\u00eb t\u00eb nd\u00ebrtojn\u00eb nj\u00eb faqe mbres\u00ebl\u00ebn\u00ebse t\u00eb personalizuar. Pasi t\u00eb keni idet\u00eb tuaja n\u00eb let\u00ebr, ne mund t\u2019i kthejm\u00eb ato n\u00eb nj\u00eb faqe interneti plot\u00ebsisht funksionale dhe profesionale. Gjithashtu, ju mund t\u00eb keni idet\u00eb tuaja n\u00eb programin photoshop dhe ne kemi fuqin\u00eb p\u00ebr ta kthyer at\u00eb n\u00eb faqen e internetit mbres\u00ebl\u00ebn\u00ebse q\u00eb ju nevojitet. Ne mund te konvertojm\u00eb n\u00eb nj\u00eb faqe internet cdo dizajn q\u00eb ju d\u00ebshironi. Kjo \u00ebsht\u00eb nj\u00eb m\u00ebnyr\u00eb p\u00ebr t\u00eb&#8230; <\/p>\n<p><a class=\"readmore\" href=\"https:\/\/evolve.al\/al\/siti-web-cms-personalizzati\/\">Continue Reading<\/a><\/p>\n","protected":false},"author":1,"featured_media":0,"parent":0,"menu_order":0,"comment_status":"closed","ping_status":"closed","template":"","meta":[],"_links":{"self":[{"href":"https:\/\/evolve.al\/al\/wp-json\/wp\/v2\/pages\/9479"}],"collection":[{"href":"https:\/\/evolve.al\/al\/wp-json\/wp\/v2\/pages"}],"about":[{"href":"https:\/\/evolve.al\/al\/wp-json\/wp\/v2\/types\/page"}],"author":[{"embeddable":true,"href":"https:\/\/evolve.al\/al\/wp-json\/wp\/v2\/users\/1"}],"replies":[{"embeddable":true,"href":"https:\/\/evolve.al\/al\/wp-json\/wp\/v2\/comments?post=9479"}],"version-history":[{"count":6,"href":"https:\/\/evolve.al\/al\/wp-json\/wp\/v2\/pages\/9479\/revisions"}],"predecessor-version":[{"id":11155,"href":"https:\/\/evolve.al\/al\/wp-json\/wp\/v2\/pages\/9479\/revisions\/11155"}],"wp:attachment":[{"href":"https:\/\/evolve.al\/al\/wp-json\/wp\/v2\/media?parent=9479"}],"curies":[{"name":"wp","href":"https:\/\/api.w.org\/{rel}","templated":true}]}}