{"id":9464,"date":"2016-04-12T05:26:38","date_gmt":"2016-04-12T05:26:38","guid":{"rendered":"http:\/\/webnus.biz\/themes\/easyweb\/design\/?page_id=9464"},"modified":"2023-02-24T09:11:48","modified_gmt":"2023-02-24T08:11:48","slug":"faqe-interneti-2","status":"publish","type":"page","link":"https:\/\/evolve.al\/al\/faqe-interneti-2\/","title":{"rendered":"Ndertim faqe interneti"},"content":{"rendered":"<p>[vc_row row_type=&#8221;2&#8243; blox_image=&#8221;9961&#8243; page_title=&#8221;page-title-x&#8221; blox_dark=&#8221;true&#8221; row_pattern=&#8221;max-pat2&#8243;][vc_column]<hr class=\"vertical-space5\"><hr class=\"vertical-space5\"><hr class=\"vertical-space3\">[vc_column_text]<\/p>\n<h2 class=\"respo-tagline\" style=\"text-align: center; letter-spacing: 1px;\"><strong> Ndertim faqe interneti<\/strong><\/h2>\n<p>[\/vc_column_text]<hr class=\"vertical-space5\"><hr class=\"vertical-space5\">[\/vc_column][\/vc_row][vc_row][vc_column width=&#8221;1\/2&#8243;]<hr class=\"vertical-space5\"><i class=\"icon-global\" style=\" font-size:64px; color:#d6d6d6;\"><\/i><hr class=\"vertical-space1\">[vc_column_text]<\/p>\n<h3 style=\"text-align: left;\"><strong>Perse duhet nje faqe interneti?<\/strong><\/h3>\n<p style=\"text-align: left;\">Sot pothuajse te gjithe bizneset kan\u00eb filluar t\u00eb jen\u00eb prezent online me nje faqe interneti. Shume prej tyre, pjesen me te madhe te shitjeve e kryejn\u00eb dhe menaxhojn\u00eb n\u00eb websitet e tyre dhe kjo \u00ebsht\u00eb nj\u00eb avantazh i madh krahasuar me nj\u00eb biznes q\u00eb nuk \u00ebsht\u00eb online dhe q\u00eb nuk disponon nj\u00eb website p\u00ebr prezantim. Faqja juaj e internetit \u00ebsht\u00eb mjeti m\u00eb efektiv i shitjeve dhe marketingut n\u00eb arsenalin tuaj pasi sic edhe e dini kohet e fundit jane rritur shume blerje online.<\/p>\n<p>[\/vc_column_text]<ul class=\"plus\" ><li class=\"\">Nd\u00ebrtimi i nje faqeje web per biznesin tuaj \u00ebsht\u00eb i r\u00ebnd\u00ebsish\u00ebm p\u00ebr t\u00eb informuar audienc\u00ebn tuaj, p\u00ebr t\u00eb rritur njohjen e mark\u00ebs dhe p\u00ebr t\u00eb nxitur shitjet<br \/>\n<\/li><br \/>\n<li class=\"\">P\u00ebr t\u00eb nd\u00ebrtuar nj\u00eb <a href=\"https:\/\/evolve.al\/al\/faqe-biznesi-evolve-studio\/\">faqe interneti biznes<\/a>i, s\u00eb pari duhet t\u00eb zgjidhni nj\u00eb em\u00ebr domaini dhe nj\u00eb host t\u00eb sigurt n\u00eb internet. Pastaj, optimizoni faqen tuaj t\u00eb internetit p\u00ebr t\u00eb p\u00ebrmir\u00ebsuar renditjen ne motorit e k\u00ebrkimit dhe p\u00ebr t\u00eb rritur trafikun.<\/li><br \/>\n<li class=\"\">Mbajeni faqen tuaj online te internetit t\u00eb p\u00ebrdit\u00ebsuar dhe t\u00eb optimizuar p\u00ebr pajisjet celulare. Gjithashtu, sigurohuni q\u00eb shpejt\u00ebsia e faqes suaj t\u00eb jet\u00eb e mjaftueshme p\u00ebr t\u00eb p\u00ebrmir\u00ebsuar renditjen e saj n\u00eb motorr\u00ebt e k\u00ebrkimit.<\/li><\/ul>[vc_column_text]<\/p>\n<p style=\"text-align: left;\">N\u00eb dit\u00ebt e sotme nuk mund t\u00eb drejtosh nj\u00eb biznes, qoft\u00eb edhe me tulla dhe lla\u00e7, pa nj\u00eb prani n\u00eb internet apo pa prani ne rrjetet sociale. Konsumator\u00ebt i drejtohen internetit p\u00ebr gjith\u00e7ka, nga k\u00ebrkimi i produktit te vendndodhja dhe or\u00ebt e funksionimit. Edhe nj\u00eb faqe interneti e thjesht\u00eb dhe e dizajnuar mir\u00eb mund t&#8217;ju jap\u00eb nj\u00eb avantazh t\u00eb madh n\u00eb fush\u00ebn tuaj, dhe n\u00ebse keni produkte p\u00ebr t\u00eb shitur, faqja juaj mund t\u00eb hap\u00eb tregje t\u00eb reja dhe t\u00eb zgjeroj\u00eb biznesin tuaj.<\/p>\n<p>[\/vc_column_text][\/vc_column][vc_column width=&#8221;1\/2&#8243;]<hr class=\"vertical-space5\"><i class=\"icon-target\" style=\" font-size:64px; color:#d6d6d6;\"><\/i><hr class=\"vertical-space1\">[vc_column_text]<\/p>\n<h3 style=\"text-align: left;\"><strong>Pse duhet e zgjidhni Evolve Studio ?<\/strong><\/h3>\n<p>Me mbi 10 vjet ne kete industri, ne kemi krijuar nj\u00eb eksperience unike ne zhvillimin t\u00eb faqeve t\u00eb internetit. Ne ju ofrojme klienteve tane eksperiencen tone, pasi nje Web i mire do te sjelle me shume kliente, dhe ky eshte dhe qellimi.<\/p>\n<p>Duke qene qe dizajni i faqes suaj \u00ebsht\u00eb si nj\u00eb lloj kart\u00ebvizite p\u00ebr biznesin tuaj, ne sigurohemi q\u00eb faqja juaj e internetit t\u00eb jete origjinale dhe leht\u00ebsisht e perdorshme. Kjo do te beje dallimin e biznesin tuaj nga konkurrent\u00ebt.[\/vc_column_text][\/vc_column][\/vc_row][vc_row][vc_column width=&#8221;1\/4&#8243;][\/vc_column][vc_column width=&#8221;1\/2&#8243; el_class=&#8221;aligncenter&#8221;]<hr class=\"vertical-space5\"><i class=\"fa-keyboard-o\" style=\" font-size:64px; color:#d6d6d6;\"><\/i><hr class=\"vertical-space1\">[vc_column_text]<\/p>\n<h3 style=\"text-align: center;\"><strong>Zhvillimi<\/strong><\/h3>\n<p style=\"text-align: left;\"><strong>Evolve Studio<\/strong> ka p\u00ebrvoj\u00ebn e duhur per nd\u00ebrtimin e faqeve t\u00eb internetit dhe aplikacioneve mobile. Eksperienca jone n\u00eb nd\u00ebrtimin e website-ve dhe aplikacioneve na jep mundesine te krijikme, p\u00ebr t\u00eb gjith\u00eb klientet, faqe interneti t\u00eb shum\u00ebllojshme.<\/p>\n<p style=\"text-align: left;\">Kur platformat e gatshme, CMS-t\u00eb ose Ecommerce nuk jan\u00eb zgjidhja ideale p\u00ebr klient\u00ebt tan\u00eb, ne ofrojme mund\u00ebsin\u00eb e zhvillimit t\u00eb nj\u00eb website t\u00eb personalizuar. Ne kemi p\u00ebrvoj\u00eb t\u00eb gjer\u00eb n\u00eb krijimin e nje faqe web, dhe aplikacioneve t\u00eb t\u00eb gjitha llojeve, n\u00eb var\u00ebsi t\u00eb shkall\u00ebs s\u00eb v\u00ebshtir\u00ebsis\u00eb dhe buxhetit.<\/p>\n<p>[\/vc_column_text]<hr class=\"vertical-space1\">[\/vc_column][vc_column width=&#8221;1\/4&#8243;][\/vc_column][\/vc_row][vc_row][vc_column width=&#8221;1\/4&#8243;][\/vc_column][vc_column width=&#8221;1\/2&#8243; el_class=&#8221;aligncenter&#8221;]<hr class=\"vertical-space1\"><i class=\"li_bulb\" style=\" font-size:64px; color:#d6d6d6;\"><\/i><hr class=\"vertical-space1\">[vc_column_text]<\/p>\n<h3 style=\"text-align: center;\"><strong>Sh\u00ebrbimi yn\u00eb<\/strong><\/h3>\n<p style=\"text-align: left;\">Evolve Studio eshte nje agjenci dixhitale shqiptare\u00a0me p\u00ebrvoj\u00eb t\u00eb gjat\u00eb n\u00eb tregun shqiptar dhe nderkombetar qe ofron nd\u00ebrtim faqe interneti profesionale (<a href=\"https:\/\/evolve.al\/top-web-design\">web design<\/a>) p\u00ebr t\u00eb gjitha bizneset, t\u00eb vogla, t\u00eb mesme dhe t\u00eb m\u00ebdha. Nd\u00ebrtimi, dizenjimi dhe mirembajtja e faqeve t\u00eb internetit jan\u00eb gama e gjer\u00eb e sh\u00ebrbimeve q\u00eb ne ofrojm\u00eb. Ne krijojm\u00eb\u00a0faqe internet ne nje kohe te \u00a0shpejte, n\u00eb m\u00ebnyr\u00eb cil\u00ebsore dhe i p\u00ebrshtatemi \u00e7do lloj k\u00ebrkese t\u00eb klient\u00ebve tan\u00eb. Gjithashtu sh\u00ebrbime t\u00eb tjera mund t\u00eb implementohen n\u00eb faqen e internetit sipas kerkeses se klienteve.<\/p>\n<p style=\"text-align: left;\">Filozofia jon\u00eb \u00ebsht\u00eb e thjesht\u00eb: nj\u00eb klient i k\u00ebnaqur \u00ebsht\u00eb gj\u00eb e mir\u00eb; nj\u00eb klient besnik s\u2019ka t\u00eb paguar. Ne bashk\u00ebpunojm\u00eb ngusht\u00eb me klient\u00ebt tan\u00eb, duke u siguruar q\u00eb \u00e7do projekt t\u00eb dor\u00ebzohet n\u00eb koh\u00eb, me cil\u00ebsin\u00eb m\u00eb t\u00eb mir\u00eb dhe duke ushqyer nj\u00eb frym\u00eb t\u00eb hapur komunikimi me ta. Ne sigurohemi qe klient\u00ebt tan\u00eb te mbeten gjithmon\u00eb t\u00eb k\u00ebnaqur nga nd\u00ebrtimi i faqeve profesionale q\u00eb ne realizojm\u00eb p\u00ebr ta.<\/p>\n<p style=\"text-align: left;\">Dizajn grafik\u00a0i nj\u00eb <strong>\u201cweb pages\u201d<\/strong> ose ndryshe <strong>\u201cFaqe internetit\u201d<\/strong>, \u00ebsht\u00eb i nj\u00eb r\u00ebnd\u00ebsie t\u00eb vecant\u00eb p\u00ebr nj\u00eb kompani. Ne krijojm\u00eb\u00a0faqe interneti profesionale\u00a0sipas k\u00ebrkesave dhe nevojave t\u00eb klientit. Me skuadr\u00ebn ton\u00eb eksperte, ndertimi i nje faqeje web, do te jete i shpejte dhe i sigurt.<\/p>\n<p style=\"text-align: left;\">Mir\u00ebmbajtja e nj\u00eb\u00a0faqe interneti eshte gjithashtu nje element shume i rendesishem pasi perdoruesit kane nevoje per informacion te perditesuar, ne kete menyre ata te vizitojne faqen tuaj online m\u00eb shpesh. \u00a0Nese klient\u00ebt potencial\u00eb qe do t\u00eb vazhdojn\u00eb t\u00eb vizitojn\u00eb faqen e internetit t\u00eb kompanis\u00eb, t\u00eb adresuar nga motor\u00ebt e k\u00ebrkimit, dhe do t\u00eb gjejn\u00eb p\u00ebrmbajtje t\u00eb vjet\u00ebr, ose m\u00eb keq, nuk do t\u00eb jen\u00eb m\u00eb t\u00eb vlefshme, do te largoheshin menjehere dhe kjo ka nje efekt shume negative per web dhe biznesin tuaj.<\/p>\n<p style=\"text-align: left;\">Duhet t\u00eb planifikoni nj\u00eb takim \u00e7do tre ose kat\u00ebr muaj p\u00ebr t\u00eb diskutuar ndryshimet q\u00eb duhet t\u00eb b\u00ebhen n\u00eb faqen e internetit t\u00eb kompanis\u00eb. Kostoja e p\u00ebrdit\u00ebsimit t\u00eb faqes suaj \u00ebsht\u00eb shum\u00eb m\u00eb e ul\u00ebt sesa humbja e klient\u00ebve ekzistues dhe potencial\u00eb.<\/p>\n<p style=\"text-align: left;\">Ne kemi zgjidhjen ideale p\u00ebr krijimin e web-t tuaj online, mir\u00ebmbajtjen dhe perditesimin e tij, me cilesi t\u00eb larte dhe nj\u00eb \u00e7mim konkurues p\u00ebr t\u2019u p\u00ebrshtatur edhe buxhetit tuaj.<\/p>\n<p>[\/vc_column_text]<hr class=\"vertical-space4\">[vc_row_inner][vc_column_inner][\/vc_column_inner][\/vc_row_inner][\/vc_column][vc_column width=&#8221;1\/4&#8243;][\/vc_column][\/vc_row][vc_row row_type=&#8221;2&#8243; blox_padding_top=&#8221;70&#8243; blox_bgcolor=&#8221;#f6f8f9&#8243;][vc_column]\n\t<div class=\"max-title max-title3\">\n\t\t<h2><strong>Procesi<\/strong> Yne<\/h2>\n\t<\/div><hr class=\"vertical-space2\">[\/vc_column][\/vc_row][vc_row row_type=&#8221;1&#8243;][vc_column]\n\t<div class=\"buy-process-wrap\">\n\t\t<div class=\"buy-process-items\">\n\t\t\t\t<div class=\"buy-process-item\">\n\t\t\t\t\t<div class=\"text-wrap\">\n\t\t\t\t\t\t<h4><strong>PLANIFIKIMI<\/strong><\/h4>\n\t\t\t\t\t\t<p>Projektimi i asaj \u00e7far\u00eb ju k\u00ebrkoni nga faqja juaj dhe si e arrijm\u00eb at\u00eb<\/p>\n\t\t\t\t\t<\/div>\n\t\t\t\t\t<span>1<\/span>\n\t\t\t\t\t<div class=\"icon-wrapper\">\n\t\t\t\t\t\t<i class=\"fa fa-calendar\"><\/i>\n\t\t\t\t\t<\/div>\n\t\t\t\t<\/div>\n\t\t\t\t<div class=\"buy-process-item\">\n\t\t\t\t\t<div class=\"text-wrap\">\n\t\t\t\t\t\t<h4><strong>Zhvillimi<\/strong><\/h4>\n\t\t\t\t\t\t<p>P\u00ebr klient\u00ebt t\u00eb cil\u00ebt kan\u00eb k\u00ebrkesa t\u00eb thjeshta, ne i nd\u00ebrtojm\u00eb atyre nj\u00eb CMS<\/p>\n\t\t\t\t\t<\/div>\n\t\t\t\t\t<span>2<\/span>\n\t\t\t\t\t<div class=\"icon-wrapper\">\n\t\t\t\t\t\t<i class=\"fa fa-keyboard-o\"><\/i>\n\t\t\t\t\t<\/div>\n\t\t\t\t<\/div>\n\t\t\t\t<div class=\"buy-process-item featured\">\n\t\t\t\t\t<div class=\"text-wrap\">\n\t\t\t\t\t\t<h4><strong>Rishikimi & Testimi<\/strong><\/h4>\n\t\t\t\t\t\t<p>Sapo webi t\u00eb jet\u00eb gati, duhet t\u00eb kontrollohet dhe t\u00eb testohet p\u00ebr t\u00eb siguruar q\u00eb \u00e7do gj\u00eb \u00ebsht\u00eb n\u00eb rregull<\/p>\n\t\t\t\t\t<\/div>\n\t\t\t\t\t<span>3<\/span>\n\t\t\t\t\t<div class=\"icon-wrapper\">\n\t\t\t\t\t\t<i class=\"fa fa-flask\"><\/i>\n\t\t\t\t\t<\/div>\n\t\t\t\t<\/div>\n\t\t\t\t<div class=\"buy-process-item\">\n\t\t\t\t\t<div class=\"text-wrap\">\n\t\t\t\t\t\t<h4><strong>Nxjerrja Online<\/strong><\/h4>\n\t\t\t\t\t\t<p>Pasi testimi dhe rishikimi t\u00eb ket\u00eb mbaruar, faqja del online<\/p>\n\t\t\t\t\t<\/div>\n\t\t\t\t\t<span>4<\/span>\n\t\t\t\t\t<div class=\"icon-wrapper\">\n\t\t\t\t\t\t<i class=\"fa fa-paper-plane\"><\/i>\n\t\t\t\t\t<\/div>\n\t\t\t\t<\/div>\n\t\t\t\t<div class=\"buy-process-item\">\n\t\t\t\t\t<div class=\"text-wrap\">\n\t\t\t\t\t\t<h4><strong>Asistenca<\/strong><\/h4>\n\t\t\t\t\t\t<p>Pasi webi t\u00eb jet\u00eb funksional, ne do t\u00eb kujdesemi gjat\u00eb gjith\u00eb koh\u00ebs q\u00eb \u00e7do gj\u00eb t\u00eb jet\u00eb n\u00eb rregull<\/p>\n\t\t\t\t\t<\/div>\n\t\t\t\t\t<span>5<\/span>\n\t\t\t\t\t<div class=\"icon-wrapper\">\n\t\t\t\t\t\t<i class=\"fa fa-shield\"><\/i>\n\t\t\t\t\t<\/div>\n\t\t\t\t<\/div>\n\t\t<\/div>\n\t<\/div>[\/vc_column][\/vc_row][vc_row][vc_column]\n\t<div class=\"max-title max-title3\">\n\t\t<h2>\u00c7far\u00eb <strong>ofrojm\u00eb<\/strong><\/h2>\n\t<\/div>[\/vc_column][\/vc_row][vc_row][vc_column width=&#8221;1\/2&#8243;]<article class=\"icon-box7\" ><i class=\"sl-check\" style=\" color:#00c2e5;\"><\/i><h4>Aktivizimi i web app<\/h4><\/article><article class=\"icon-box7\" ><i class=\"sl-check\" style=\" color:#00c2e5;\"><\/i><h4>Portale t\u00eb personalizuara<\/h4><\/article><article class=\"icon-box7\" ><i class=\"sl-check\" style=\" color:#00c2e5;\"><\/i><h4>Zhvillime webi p\u00ebr komunitete<\/h4><\/article><article class=\"icon-box7\" ><i class=\"sl-check\" style=\" color:#00c2e5;\"><\/i><h4>Zhvillimi i nj\u00eb rrjeti social<\/h4><\/article><article class=\"icon-box7\" ><i class=\"sl-check\" style=\" color:#00c2e5;\"><\/i><h4>Zgjidhje p\u00ebr e-Commerce<\/h4><\/article>[\/vc_column][vc_column width=&#8221;1\/2&#8243;]<article class=\"icon-box7\" ><i class=\"sl-check\" style=\" color:#00c2e5;\"><\/i><h4>Zgjidhje p\u00ebr internet dhe intranet<\/h4><\/article><article class=\"icon-box7\" ><i class=\"sl-check\" style=\" color:#00c2e5;\"><\/i><h4>Aplikacione specifike sipas k\u00ebrkes\u00ebs s\u00eb klientit<\/h4><\/article><article class=\"icon-box7\" ><i class=\"sl-check\" style=\" color:#00c2e5;\"><\/i><h4>Website p\u00ebr korporata<\/h4><\/article><article class=\"icon-box7\" ><i class=\"sl-check\" style=\" color:#00c2e5;\"><\/i><h4>Aplikacione p\u00ebr biznese<\/h4><\/article><article class=\"icon-box7\" ><i class=\"sl-check\" style=\" color:#00c2e5;\"><\/i><h4>Integrimi i m\u00ebnyrave t\u00eb pagesave<\/h4><\/article>[\/vc_column][\/vc_row][vc_row][vc_column]\n\t<div class=\"max-title max-title3\">\n\t\t<h2>P\u00ebrse t\u00eb na zgjidhni<strong>ne<\/strong><\/h2>\n\t<\/div>[\/vc_column][\/vc_row][vc_row][vc_column width=&#8221;1\/2&#8243;]<article class=\"icon-box5\" ><i class=\"sl-check\" style=\" color:#00c2e5;\"><\/i><h4>Faqet e internetit qe ne nd\u00ebrtojm\u00eb jan\u00eb t\u00eb gjitha t\u00eb optimizuara<\/h4><\/article><article class=\"icon-box5\" ><i class=\"sl-check\" style=\" color:#00c2e5;\"><\/i><h4>Metoda tep\u00ebr funksionale dhe efi\u00e7ente<\/h4><\/article><article class=\"icon-box5\" ><i class=\"sl-check\" style=\" color:#00c2e5;\"><\/i><h4>P\u00ebrq\u00ebndrim t\u00eb lart\u00eb tek k\u00ebrkesat e biznesit dhe ROI (kthim mbi investimin)<\/h4><\/article><article class=\"icon-box5\" ><i class=\"sl-check\" style=\" color:#00c2e5;\"><\/i><h4>Nuk b\u00ebjm\u00eb kompromise rreth cil\u00ebsis\u00eb s\u00eb faqes s\u00eb internetit<\/h4><\/article><article class=\"icon-box5\" ><i class=\"sl-check\" style=\" color:#00c2e5;\"><\/i><h4>I p\u00ebrgjigjemi me p\u00ebrpikm\u00ebri k\u00ebrkesave t\u00eb klientiit<\/h4><\/article>[\/vc_column][vc_column width=&#8221;1\/2&#8243;]<article class=\"icon-box5\" ><i class=\"sl-check\" style=\" color:#00c2e5;\"><\/i><h4>Zgjidhjet e duhura p\u00ebr biznesin tuaj<\/h4><\/article><article class=\"icon-box5\" ><i class=\"sl-check\" style=\" color:#00c2e5;\"><\/i><h4>Kemi nj\u00eb ekip t\u00eb shk\u00eblqyer programuesish<\/h4><\/article><article class=\"icon-box5\" ><i class=\"sl-check\" style=\" color:#00c2e5;\"><\/i><h4>Programuesit tan\u00eb jan\u00eb me eksperienc\u00eb dhe t\u00eb \u00e7ertifikuar<\/h4><\/article><article class=\"icon-box5\" ><i class=\"sl-check\" style=\" color:#00c2e5;\"><\/i><h4>Ne nd\u00ebrtojm\u00eb faqe interneti q\u00eb p\u00ebrshtaten me \u00e7do lloj ekrani<\/h4><\/article><article class=\"icon-box5\" ><i class=\"sl-check\" style=\" color:#00c2e5;\"><\/i><h4>Eksperienc\u00eb n\u00eb menaxhimin e projekteve<\/h4><\/article>[\/vc_column][\/vc_row][vc_row][vc_column]<hr class=\"vertical-space2\">[\/vc_column][\/vc_row][vc_row][vc_column]\n\t<div class=\"max-title max-title3\">\n\t\t<h2>Klient\u00ebt Tan\u00eb<\/h2>\n\t<\/div><hr class=\"vertical-space1\"><div class=\"aligncenter\"><hr class=\"vertical-space1\"><div class=\"col-md-12 our-clients-wrap crsl\"><ul id=\"our-clients\" class=\"our-clients crsl\"><li><img alt=\"\" src=\"https:\/\/evolve.al\/admin\/core-wp\/..\/..\/site\/resources-global\/content-data\/uploads\/dga_logo_landscape_v1.jpg\"\/><\/li><li><img alt=\"\" src=\"https:\/\/evolve.al\/admin\/core-wp\/..\/..\/site\/resources-global\/content-data\/uploads\/ardeno-mobileri-al_logo_2.jpg\"\/><\/li><li><img alt=\"\" src=\"https:\/\/evolve.al\/admin\/core-wp\/..\/..\/site\/resources-global\/content-data\/uploads\/salillari-shpk_logo.jpg\"\/><\/li><li><img alt=\"\" src=\"https:\/\/evolve.al\/admin\/core-wp\/..\/..\/site\/resources-global\/content-data\/uploads\/alb-pastrim_logo.jpg\"\/><\/li><li><img alt=\"\" src=\"https:\/\/evolve.al\/admin\/core-wp\/..\/..\/site\/resources-global\/content-data\/uploads\/supersport_logo_v1.jpg\"\/><\/li><li><img alt=\"\" src=\"https:\/\/evolve.al\/admin\/core-wp\/..\/..\/site\/resources-global\/content-data\/uploads\/dpm-gov-al_logo.jpg\"\/><\/li><li><img alt=\"\" src=\"https:\/\/evolve.al\/admin\/core-wp\/..\/..\/site\/resources-global\/content-data\/uploads\/mmsr-gov-al_logo.jpg\"\/><\/li><li><img alt=\"\" src=\"https:\/\/evolve.al\/admin\/core-wp\/..\/..\/site\/resources-global\/content-data\/uploads\/biznes-albania_logo.jpg\"\/><\/li><li><img alt=\"\" src=\"https:\/\/evolve.al\/admin\/core-wp\/..\/..\/site\/resources-global\/content-data\/uploads\/su-shefqet-ndroqi_logo.jpg\"\/><\/li><li><img alt=\"\" src=\"https:\/\/evolve.al\/admin\/core-wp\/..\/..\/site\/resources-global\/content-data\/uploads\/ekb_logo.jpg\"\/><\/li><li><img alt=\"\" src=\"https:\/\/evolve.al\/admin\/core-wp\/..\/..\/site\/resources-global\/content-data\/uploads\/leon-kons_logo.jpg\"\/><\/li><li><img alt=\"\" src=\"https:\/\/evolve.al\/admin\/core-wp\/..\/..\/site\/resources-global\/content-data\/uploads\/alushi-trans-al_logo.jpg\"\/><\/li><\/ul><\/div><hr class=\"vertical-space2\"><\/div>[\/vc_column][\/vc_row][vc_row row_type=&#8221;2&#8243; blox_height=&#8221;452&#8243; blox_image=&#8221;9705&#8243; blox_bgcolor=&#8221;#f7f7f7&#8243;][vc_column el_class=&#8221;aligncenter&#8221;]<hr class=\"vertical-space5\"><hr class=\"vertical-space1\">[vc_column_text]<\/p>\n<h1 style=\"text-align: center;\">Le t\u00eb nd\u00ebrtojm\u00eb faqen tuaj t\u00eb internetit<\/h1>\n<p>[\/vc_column_text]<hr class=\"vertical-space1\">[vc_column_text]<\/p>\n<p class=\"slog-tx2 aligncenter\">Ne do t\u2019ju ndihmojm\u00eb t\u00eb arrini q\u00ebllimet tuaja dhe t\u00eb rrisni biznesin tuaj.<\/p>\n<p>[\/vc_column_text]<hr class=\"vertical-space1\"><a href=\"http:\/\/evolve.al\/request-a-quote\/\" class=\"button skyblue  medium bordered-bot \" target=\"_self\">KERKONI KONSULTIM<\/a><hr class=\"vertical-space4\">[\/vc_column][\/vc_row][vc_row row_type=&#8221;2&#8243; blox_image=&#8221;9171&#8243; blox_cover=&#8221;false&#8221; blox_repeat=&#8221;repeat&#8221; blox_dark=&#8221;true&#8221; blox_bgcolor=&#8221;#00c2e5&#8243;][vc_column]<hr class=\"vertical-space3\">[vc_row_inner][vc_column_inner el_class=&#8221;aligncenter&#8221;][vc_column_text]<\/p>\n<h1 style=\"text-align: center;\">Projektet q\u00eb ne kemi <strong>p\u00ebrfunduar<\/strong><\/h1>\n<p>Fal\u00eb teknologjis\u00eb s\u00eb internetit, ne nd\u00ebrtojm\u00eb ura bashk\u00ebpunimi dhe vem\u00eb n\u00eb jet\u00eb idet\u00eb tuaja.[\/vc_column_text]<a href=\"http:\/\/evolve.al\/projects\/\" class=\"button white  medium bordered-bot \" target=\"_self\">SHIKO PROJEKTET TONA<\/a>[\/vc_column_inner][\/vc_row_inner]<hr class=\"vertical-space2\">[\/vc_column][\/vc_row]<\/p>","protected":false},"excerpt":{"rendered":"<p>[vc_row row_type=&#8221;2&#8243; blox_image=&#8221;9961&#8243; page_title=&#8221;page-title-x&#8221; blox_dark=&#8221;true&#8221; row_pattern=&#8221;max-pat2&#8243;][vc_column][vc_column_text] Ndertim faqe interneti [\/vc_column_text][\/vc_column][\/vc_row][vc_row][vc_column width=&#8221;1\/2&#8243;][vc_column_text] Perse duhet nje faqe interneti? Sot pothuajse te gjithe bizneset kan\u00eb filluar t\u00eb jen\u00eb prezent online me nje faqe interneti. Shume prej tyre, pjesen me te madhe te shitjeve e kryejn\u00eb dhe menaxhojn\u00eb n\u00eb websitet e tyre dhe kjo \u00ebsht\u00eb nj\u00eb avantazh i madh krahasuar me nj\u00eb biznes q\u00eb nuk \u00ebsht\u00eb online dhe q\u00eb nuk disponon nj\u00eb website p\u00ebr prezantim. Faqja juaj e internetit \u00ebsht\u00eb mjeti m\u00eb efektiv i shitjeve dhe marketingut n\u00eb arsenalin tuaj pasi sic edhe e dini kohet e fundit jane rritur shume blerje online. [\/vc_column_text][vc_column_text] N\u00eb dit\u00ebt e sotme nuk mund t\u00eb drejtosh nj\u00eb biznes, qoft\u00eb edhe me tulla dhe lla\u00e7, pa nj\u00eb prani n\u00eb internet apo pa prani ne rrjetet sociale. Konsumator\u00ebt i drejtohen internetit p\u00ebr gjith\u00e7ka, nga k\u00ebrkimi i produktit te vendndodhja dhe or\u00ebt e funksionimit. Edhe nj\u00eb faqe interneti e thjesht\u00eb dhe e dizajnuar mir\u00eb mund t&#8217;ju jap\u00eb nj\u00eb avantazh t\u00eb madh n\u00eb fush\u00ebn tuaj, dhe n\u00ebse keni produkte p\u00ebr t\u00eb shitur, faqja juaj mund t\u00eb hap\u00eb tregje t\u00eb reja dhe t\u00eb zgjeroj\u00eb biznesin tuaj. [\/vc_column_text][\/vc_column][vc_column width=&#8221;1\/2&#8243;][vc_column_text] Pse duhet e zgjidhni Evolve Studio ? Me mbi 10 vjet ne kete industri, ne kemi krijuar nj\u00eb eksperience unike ne zhvillimin t\u00eb faqeve t\u00eb internetit. Ne ju ofrojme klienteve tane eksperiencen tone, pasi nje Web i mire do te sjelle me shume kliente, dhe ky eshte dhe qellimi. Duke qene qe dizajni i faqes suaj \u00ebsht\u00eb si nj\u00eb lloj kart\u00ebvizite p\u00ebr biznesin tuaj, ne sigurohemi q\u00eb faqja juaj e internetit t\u00eb jete origjinale dhe leht\u00ebsisht e perdorshme. Kjo do te beje dallimin e biznesin tuaj nga konkurrent\u00ebt.[\/vc_column_text][\/vc_column][\/vc_row][vc_row][vc_column width=&#8221;1\/4&#8243;][\/vc_column][vc_column width=&#8221;1\/2&#8243; el_class=&#8221;aligncenter&#8221;][vc_column_text] Zhvillimi Evolve Studio ka p\u00ebrvoj\u00ebn e duhur per nd\u00ebrtimin e faqeve t\u00eb internetit dhe aplikacioneve mobile. Eksperienca jone n\u00eb nd\u00ebrtimin e website-ve dhe aplikacioneve&#8230; <\/p>\n<p><a class=\"readmore\" href=\"https:\/\/evolve.al\/al\/faqe-interneti-2\/\">Continue Reading<\/a><\/p>\n","protected":false},"author":1,"featured_media":0,"parent":0,"menu_order":0,"comment_status":"closed","ping_status":"closed","template":"","meta":[],"_links":{"self":[{"href":"https:\/\/evolve.al\/al\/wp-json\/wp\/v2\/pages\/9464"}],"collection":[{"href":"https:\/\/evolve.al\/al\/wp-json\/wp\/v2\/pages"}],"about":[{"href":"https:\/\/evolve.al\/al\/wp-json\/wp\/v2\/types\/page"}],"author":[{"embeddable":true,"href":"https:\/\/evolve.al\/al\/wp-json\/wp\/v2\/users\/1"}],"replies":[{"embeddable":true,"href":"https:\/\/evolve.al\/al\/wp-json\/wp\/v2\/comments?post=9464"}],"version-history":[{"count":6,"href":"https:\/\/evolve.al\/al\/wp-json\/wp\/v2\/pages\/9464\/revisions"}],"predecessor-version":[{"id":11414,"href":"https:\/\/evolve.al\/al\/wp-json\/wp\/v2\/pages\/9464\/revisions\/11414"}],"wp:attachment":[{"href":"https:\/\/evolve.al\/al\/wp-json\/wp\/v2\/media?parent=9464"}],"curies":[{"name":"wp","href":"https:\/\/api.w.org\/{rel}","templated":true}]}}