{"id":9443,"date":"2016-04-11T12:37:14","date_gmt":"2016-04-11T12:37:14","guid":{"rendered":"http:\/\/webnus.biz\/themes\/easyweb\/design\/?page_id=9443"},"modified":"2019-04-10T10:29:04","modified_gmt":"2019-04-10T09:29:04","slug":"soluzioni-mobili","status":"publish","type":"page","link":"https:\/\/evolve.al\/al\/soluzioni-mobili\/","title":{"rendered":"Aplikacione mobile"},"content":{"rendered":"<p>[vc_row row_type=&#8221;3&#8243; blox_image=&#8221;9450&#8243; align_center=&#8221;aligncenter&#8221; page_title=&#8221;page-title-x&#8221; blox_dark=&#8221;true&#8221; parallax_speed=&#8221;7&#8243;][vc_column]<hr class=\"vertical-space5\"><hr class=\"vertical-space5\"><hr class=\"vertical-space3\">[vc_column_text]<\/p>\n<h2 class=\"respo-tagline\" style=\"text-align: center; letter-spacing: 1px;\"><strong>APLIKACIONE MOBILE<\/strong><\/h2>\n<p>[\/vc_column_text]<hr class=\"vertical-space5\"><hr class=\"vertical-space5\">[\/vc_column][\/vc_row][vc_row row_type=&#8221;2&#8243; page_title=&#8221;page-title-x&#8221; blox_padding_top=&#8221;50&#8243; blox_padding_bottom=&#8221;50&#8243; blox_bgcolor=&#8221;#f7f7f7&#8243;][vc_column width=&#8221;7\/12&#8243;]<hr class=\"vertical-space5\">[vc_column_text]<\/p>\n<h1><strong>Aplikacione mobile<\/strong><\/h1>\n<p>Aplikacione mobile p\u00ebr t\u00eb zgjeruar pranin\u00eb tuaj n\u00eb bot\u00ebn dixhitale. A keni nevoj\u00eb p\u00ebr nj\u00eb aplikacion me porosi, iOS, Android ose Windows? A preferoni nj\u00eb aplikacion ueb t\u00eb p\u00ebrshtatsh\u00ebm p\u00ebr \u00e7do platform\u00eb? K\u00ebrkon nj\u00eb backend t\u00eb sigurt\u00eb? Ne zhvillojm\u00eb aplikacione gjith\u00ebp\u00ebrfshir\u00ebse p\u00ebr smartfona: logo, harta dhe tekste p\u00ebr t\u00eb siguruar q\u00eb p\u00ebrdoruesit t\u00eb jen\u00eb plot\u00ebsisht t\u00eb k\u00ebnaqur.<\/p>\n<p>Ne e b\u00ebjm\u00eb p\u00ebrvoj\u00ebn e p\u00ebrdoruesit m\u00eb t\u00eb p\u00ebrshtatsh\u00ebm p\u00ebr aplikacionin t\u00ebnd. P\u00ebrvoja e p\u00ebrdoruesit \u00ebsht\u00eb disiplina e menaxhimit t\u00eb p\u00ebrmbajtjes: ne studiojm\u00eb hapat q\u00eb ndjek nj\u00eb p\u00ebrdorues brenda aplikacionit tuaj dhe krijojme aplikacionin p\u00ebr ta b\u00ebr\u00eb p\u00ebrvoj\u00ebn e p\u00ebrdorimit sa m\u00eb t\u00eb k\u00ebndshme.<br \/>\nNe e dim\u00eb si t\u00eb sigurohemi q\u00eb aplikacioni juaj t\u00eb jet\u00eb krejt\u00ebsisht i lundruesh\u00ebm nga \u00e7do pajisje, iOS dhe Android.<\/p>\n<p>Ne nd\u00ebrtojm\u00eb aplikacione mobile t\u00eb cilat u p\u00ebrshtaten nevojave gjithnj\u00eb e n\u00eb rritje t\u00eb tregut. P\u00ebr shkak t\u00eb faktit se industria mobile ka njohur zhvillim t\u00eb madh, nd\u00ebrtimi i aplikacioneve mobile ka k\u00ebrkesa masive. N\u00eb dit\u00ebt e sotme t\u00eb gjitha bizneset jan\u00eb t\u00eb vet\u00ebdijshme p\u00ebr fuqin\u00eb dhe r\u00ebnd\u00ebsin\u00eb e nd\u00ebrtimit t\u00eb aplikacioneve mobile si nj\u00eb ur\u00eb lidh\u00ebse dhe bashk\u00ebvepruse me t\u00eb gjith\u00eb klient\u00ebt e tyre .<\/p>\n<p>Ne tek Evolve Studio me ekipin ton\u00eb prej ekspert\u00ebsh, do ju ofrojm\u00eb eksperienc\u00ebn m\u00eb t\u00eb mir\u00eb p\u00ebr p\u00ebrdoruesit e aplikacioneve, me performanc\u00ebn m\u00eb t\u00eb lart\u00eb. Fal\u00eb ekspertiz\u00ebs s\u00eb tyre me profesionalizim n\u00eb nd\u00ebrtimin e aplikacioneve, ekipi yn\u00eb profesional mund t\u00eb zhvilloj\u00eb aplikacione t\u00eb shk\u00eblqyeshme mobile p\u00ebr t\u00eb arritur funksionim dhe paraqitje mbres\u00ebl\u00ebn\u00ebse n\u00eb t\u00eb gjitha pajisjet. Duke shfryt\u00ebzuar t\u00eb gjitha funksionet q\u00eb platforma ofron, ne krijojm\u00eb eksperiencat m\u00eb t\u00eb jasht\u00ebzakonshme, m\u00eb t\u00eb besueshme dhe m\u00eb t\u00eb vler\u00ebsuara mobile. Ne ndjekim praktikat m\u00eb t\u00eb mira t\u00eb industris\u00eb p\u00ebr t\u00eb nd\u00ebrtuar aplikacionet mobile.<\/p>\n<p>Evolve Studio nd\u00ebrton aplikacione p\u00ebr t&#8217;ju \u00a0p\u00ebrshtatur gjithmon\u00eb e m\u00eb shum\u00eb nevojave n\u00eb rritje t\u00eb tregut dhe bizneseve. Duke marre parasysh faktin q\u00eb industria mobile ka njohur zhvillim t\u00eb shpejt\u00eb, k\u00ebrkesa p\u00ebr zhvillimin e aplikacioneve mobile \u00ebsht\u00eb shum\u00eb e lart\u00eb. N\u00eb dit\u00ebt e sotme t\u00eb gjitha bizneset jan\u00eb t\u00eb vet\u00ebdijshme p\u00ebr fuqin\u00eb dhe r\u00ebnd\u00ebsin\u00eb e nd\u00ebrtimit t\u00eb aplikacioneve mobile si nj\u00eb ur\u00eb lidh\u00ebse dhe bashk\u00ebvepruse me t\u00eb gjith\u00eb klient\u00ebt e tyre.<\/p>\n<p>Nd\u00ebrtimi i aplikacioneve mobile \u00ebsht\u00eb nj\u00eb domosdoshm\u00ebri n\u00eb bot\u00ebn dixhitale q\u00eb ne jetojm\u00eb. \u00c7do biznes e ka t\u00eb nevojsh\u00ebm nd\u00ebrtimin e aplikacioneve mobile sepse k\u00ebshtu e ka m\u00eb t\u00eb leht\u00eb lidhjen me klient\u00ebt kudo dhe kurdo. Nd\u00ebrtimi i aplikacioneve mobile p\u00ebr \u00e7do sistem \u00ebsht\u00eb nj\u00eb mund\u00ebsi p\u00ebr t\u00eb rritur fitimin p\u00ebr kompanin\u00eb tuaj, pavarsisht se \u00e7far\u00eb produkti ose sh\u00ebrbimi ofroni.<\/p>\n<p>Nd\u00ebrtimi i aplikacioneve mobile sjell m\u00eb af\u00ebr sh\u00ebrbimin tuaj tek klient\u00ebt dhe gjithashtu sjell rritjen e numrit t\u00eb klient\u00ebve t\u00eb rinj q\u00eb mund t\u00eb njihen m\u00eb shpejt dhe n\u00eb m\u00ebnyr\u00eb m\u00eb t\u00eb sigurt\u00eb me produktet ose sh\u00ebrbimet q\u00eb ju ofroni.<\/p>\n<p>Aplikacionet mobile, si nj\u00eb zgjidhje shum\u00eb e thjesht\u00eb por shum\u00eb fitimprurese p\u00ebr bizneset sot, sjell nj\u00eb rritje t\u00eb k\u00ebrkesave n\u00eb ndertimin e aplikacioneve mobile t\u00eb shum\u00ebllojshme, t\u00eb ndryshme p\u00ebr \u00e7do biznes dhe kjo sjell p\u00ebr ne nj\u00eb mund\u00ebsi q\u00eb t\u00eb plot\u00ebsojme k\u00ebrkesat e shumta t\u00eb shum\u00eb bizneseve .[\/vc_column_text]<hr class=\"vertical-space5\">[vc_row_inner][vc_column_inner][\/vc_column_inner][\/vc_row_inner][\/vc_column][vc_column width=&#8221;5\/12&#8243;][vc_single_image image=&#8221;9447&#8243; img_size=&#8221;full&#8221; alignment=&#8221;right&#8221; css_animation=&#8221;bottom-to-top&#8221;][\/vc_column][\/vc_row][vc_row][vc_column]<hr class=\"vertical-space1\">[\/vc_column][\/vc_row][vc_row][vc_column]<hr class=\"vertical-space2\">\n\t<div class=\"max-title max-title3\">\n\t\t<h2><strong>Sh\u00ebrbimet<\/strong> tona<\/h2>\n\t<\/div>[\/vc_column][\/vc_row][vc_row][vc_column width=&#8221;1\/3&#8243;]<hr class=\"vertical-space3\"><article class=\"icon-box8\" ><i class=\"sl-screen-tablet\" style=\"\"><\/i><h4>Zhvillimi i aplikacioneve<\/h4><p>Ne ju ndihmojm\u00eb t\u00eb krijoni nj\u00eb eksperienc\u00eb t\u00eb pand\u00ebrprer\u00eb p\u00ebr aplikacionet tuaja n\u00eb internet n\u00eb pajisjet mobile duke p\u00ebrdorur dizajn responsiv, HTML5 dhe CSS3.<\/p><\/article><hr class=\"vertical-space1\">[\/vc_column][vc_column width=&#8221;1\/3&#8243;]<hr class=\"vertical-space3\"><article class=\"icon-box8\" ><i class=\"sl-globe-alt\" style=\"\"><\/i><h4>Sherbimet e Web Mobile<\/h4><p>Si agjenci me sh\u00ebrbim t\u00eb plot\u00eb, ne ofrojm\u00eb nj\u00eb s\u00ebr\u00eb sh\u00ebrbimesh t\u00eb l\u00ebvizshme t\u00eb internetit. Kjo p\u00ebrfshin dizajnin celular, strategjin\u00eb dhe zhvillimin e aplikacioneve.<\/p><\/article><hr class=\"vertical-space1\">[\/vc_column][vc_column width=&#8221;1\/3&#8243;]<hr class=\"vertical-space3\"><article class=\"icon-box8\" ><i class=\"sl-note\" style=\"\"><\/i><h4>Marketing me SMS <\/h4><p>Platforma jon\u00eb e marketingut p\u00ebrmes SMS-ve e krijuar p\u00ebr biznesin tuaj, lejon tregtar\u00ebt t\u00eb komunikojn\u00eb n\u00eb \u00e7ast dhe t\u00eb angazhojn\u00eb klient\u00ebt n\u00eb l\u00ebvizje.<\/p><\/article><hr class=\"vertical-space1\">[\/vc_column][\/vc_row][vc_row][vc_column]<hr>[\/vc_column][\/vc_row][vc_row][vc_column width=&#8221;1\/2&#8243;]<hr class=\"vertical-space3\">[vc_single_image image=&#8221;9446&#8243; img_size=&#8221;full&#8221; alignment=&#8221;center&#8221;]<hr class=\"vertical-space2\">[\/vc_column][vc_column width=&#8221;1\/2&#8243;]<hr class=\"vertical-space5\">[vc_column_text]<\/p>\n<h3>Sh\u00ebrbimet tona mobile<\/h3>\n<p>&nbsp;<\/p>\n<ul class=\"check\">\n<li>Nd\u00ebrtim aplikacione mobile<\/li>\n<li>Uebfaqe mobile<\/li>\n<li>Fushata k\u00ebrkimi mobile<\/li>\n<li>Tregti online p\u00ebrmes telefonit<\/li>\n<li>2D Barcodes\/QR Codes<\/li>\n<li>Marketing p\u00ebrmes SMS-ve<\/li>\n<li>Fushatat e shfaqjes s\u00eb marketingut mobile<\/li>\n<\/ul>\n<p>[\/vc_column_text]<hr class=\"vertical-space2\">[\/vc_column][\/vc_row][vc_row][vc_column][vc_row_inner][vc_column_inner][vc_column_text]Aplikacionet mobile jan\u00eb b\u00ebr\u00eb sot nj\u00eb element shume i r\u00ebndesishem n\u00eb realizimin e p\u00ebrgjithsh\u00ebm t\u00eb marketingut t\u00eb industrive t\u00eb ndryshme. Me dinamizmin q\u00eb ka marr\u00eb sot jeta e njer\u00ebzve, fakti q\u00eb ato jan\u00eb gjithnj\u00eb e m\u00eb shum\u00eb n\u00eb l\u00ebvizje, ata k\u00ebrkojn\u00eb mund\u00ebsi t\u00eb reja p\u00ebr t\u00eb aksesuar infomacione shpejt dhe n\u00eb m\u00ebnyr\u00eb t\u00eb sigurt\u00eb. Kjo d\u00ebshir\u00eb p\u00ebr informim t\u00eb shpejt\u00eb dhe t\u00eb gjith\u00ebansh\u00ebm, solli rritjen e k\u00ebrkesave p\u00eb zhvillimin e aplikacioneve mobile q\u00eb jan\u00ebs sot nd\u00ebr m\u00eb te perdorua nga bizneset p\u00ebr t\u00eb arritu direkt klient\u00ebt e tyre, kudo q\u00eb ndodhen.<\/p>\n<p>Aplikacionet mobile, p\u00ebrvecse mbajn\u00eb n\u00eb kontakt klient\u00ebt egzistues, ndihmojn\u00eb kompanit\u00eb n\u00eb fitimin e klient\u00ebve t\u00eb rinj besnik duke rritur ndjesh\u00ebm shitjet.Nd\u00ebrtimi i aplikacioneve mobile ndihmon bizneset t\u00eb jen\u00eb gjithmon\u00eb pran\u00eb klienteve t\u00eb tyre, qofshin k\u00ebto t\u00eb rinj ose ato besnik\u00eb prej disa koh\u00ebsh. Aplikacionet mobile jan\u00eb zgjidhja m\u00eb inovative p\u00ebr biznesin tuaj.<\/p>\n<p>Nd\u00ebrtimi i aplikacioneve mobile me Evolve Studio \u00ebsht\u00eb mund\u00ebsia e t\u00eb pasurit aplikacione mobile t\u00eb shpejta, t\u00eb sigurta dhe q\u00eb p\u00ebrmbushin pritshm\u00ebrit\u00eb e \u00e7do lloj biznesi q\u00eb ju keni.<\/p>\n<p>Nd\u00ebrtimi i apikacionit mobile ndihmon biznesit tuaj p\u00ebr t\u00eb q\u00ebn\u00eb sa m\u00eb af\u00ebr klientit, por dhe klientin q\u00eb t\u00eb gjej\u00eb dhe t\u00eb ket\u00eb sh\u00ebrbimin tuaj gjithmon\u00eb kur ai ka nevoj\u00eb.<\/p>\n<p>Nj\u00eb aplikacion mobile mund t\u00eb jet\u00eb nj\u00eb mjet i mir\u00eb marketingu, nj\u00eb mjet q\u00eb mund t\u00eb b\u00ebj\u00eb shum\u00eb njer\u00ebz t\u00eb shohin dhe t\u00eb njihen me biznesin duke krijuar k\u00ebshtu edhe nj\u00eb m\u00ebnyr\u00eb t\u00eb re p\u00ebr t\u00eb qen\u00eb sa m\u00eb pran\u00eb konsumatorit.<\/p>\n<p>Nd\u00ebrtimi i aplikacioneve mobile p\u00ebrb\u00ebn sot zgjidhje shum\u00eb efektive p\u00ebr bizneset dhe p\u00ebr klient\u00ebt q\u00eb t\u00eb lidhen m\u00eb shum\u00eb me njeri-tjetrin.[\/vc_column_text][\/vc_column_inner][\/vc_row_inner]\n\t<div class=\"max-title max-title3\">\n\t\t<h2>KLIENT\u00cbT TAN\u00cb<\/h2>\n\t<\/div><hr class=\"vertical-space1\"><div class=\"aligncenter\"><hr class=\"vertical-space1\"><div class=\"col-md-12 our-clients-wrap crsl\"><ul id=\"our-clients\" class=\"our-clients crsl\"><li><img alt=\"\" src=\"https:\/\/evolve.al\/admin\/core-wp\/..\/..\/site\/resources-global\/content-data\/uploads\/dga_logo_landscape_v1.jpg\"\/><\/li><li><img alt=\"\" src=\"https:\/\/evolve.al\/admin\/core-wp\/..\/..\/site\/resources-global\/content-data\/uploads\/ardeno-mobileri-al_logo_2.jpg\"\/><\/li><li><img alt=\"\" src=\"https:\/\/evolve.al\/admin\/core-wp\/..\/..\/site\/resources-global\/content-data\/uploads\/salillari-shpk_logo.jpg\"\/><\/li><li><img alt=\"\" src=\"https:\/\/evolve.al\/admin\/core-wp\/..\/..\/site\/resources-global\/content-data\/uploads\/alb-pastrim_logo.jpg\"\/><\/li><li><img alt=\"\" src=\"https:\/\/evolve.al\/admin\/core-wp\/..\/..\/site\/resources-global\/content-data\/uploads\/supersport_logo_v1.jpg\"\/><\/li><li><img alt=\"\" src=\"https:\/\/evolve.al\/admin\/core-wp\/..\/..\/site\/resources-global\/content-data\/uploads\/dpm-gov-al_logo.jpg\"\/><\/li><li><img alt=\"\" src=\"https:\/\/evolve.al\/admin\/core-wp\/..\/..\/site\/resources-global\/content-data\/uploads\/mmsr-gov-al_logo.jpg\"\/><\/li><li><img alt=\"\" src=\"https:\/\/evolve.al\/admin\/core-wp\/..\/..\/site\/resources-global\/content-data\/uploads\/biznes-albania_logo.jpg\"\/><\/li><li><img alt=\"\" src=\"https:\/\/evolve.al\/admin\/core-wp\/..\/..\/site\/resources-global\/content-data\/uploads\/su-shefqet-ndroqi_logo.jpg\"\/><\/li><li><img alt=\"\" src=\"https:\/\/evolve.al\/admin\/core-wp\/..\/..\/site\/resources-global\/content-data\/uploads\/ekb_logo.jpg\"\/><\/li><li><img alt=\"\" src=\"https:\/\/evolve.al\/admin\/core-wp\/..\/..\/site\/resources-global\/content-data\/uploads\/leon-kons_logo.jpg\"\/><\/li><li><img alt=\"\" src=\"https:\/\/evolve.al\/admin\/core-wp\/..\/..\/site\/resources-global\/content-data\/uploads\/alushi-trans-al_logo.jpg\"\/><\/li><\/ul><\/div><hr class=\"vertical-space2\"><\/div>[\/vc_column][\/vc_row][vc_row row_type=&#8221;2&#8243; blox_height=&#8221;452&#8243; blox_image=&#8221;9705&#8243; blox_bgcolor=&#8221;#f7f7f7&#8243;][vc_column el_class=&#8221;aligncenter&#8221;]<hr class=\"vertical-space5\"><hr class=\"vertical-space1\">[vc_column_text]<\/p>\n<h1 style=\"text-align: center;\">Le t\u00eb krijojm\u00eb aplikacionin tuaj mobile<\/h1>\n<p>[\/vc_column_text]<hr class=\"vertical-space1\">[vc_column_text]<\/p>\n<p class=\"slog-tx2 aligncenter\">Ne do t\u2019ju ndihmoj\u00eb t\u00eb arrini q\u00ebllimet tuaja dhe t\u00eb rrisni biznesin tuaj.<\/p>\n<p>[\/vc_column_text]<hr class=\"vertical-space1\"><a href=\"http:\/\/evolve.al\/request-a-quote\/\" class=\"button skyblue  medium bordered-bot \" target=\"_self\">KERKO MOBILE<\/a><hr class=\"vertical-space4\">[\/vc_column][\/vc_row][vc_row row_type=&#8221;2&#8243; blox_image=&#8221;9171&#8243; blox_cover=&#8221;false&#8221; blox_repeat=&#8221;repeat&#8221; blox_dark=&#8221;true&#8221; blox_bgcolor=&#8221;#00c2e5&#8243;][vc_column]<hr class=\"vertical-space3\">[vc_row_inner][vc_column_inner el_class=&#8221;aligncenter&#8221;][vc_column_text]<\/p>\n<h1 style=\"text-align: center;\">Projektet q\u00eb ne kemi <strong>p\u00ebrfunduar<\/strong><\/h1>\n<p>Fal\u00eb teknologjis\u00eb s\u00eb internetit, ne nd\u00ebrtojm\u00eb ura bashk\u00ebpunimi dhe vem\u00eb n\u00eb jet\u00eb idet\u00eb tuaja.[\/vc_column_text]<a href=\"http:\/\/evolve.al\/projects\/\" class=\"button white  medium bordered-bot \" target=\"_self\">SHIKO PROJEKTET TONA<\/a>[\/vc_column_inner][\/vc_row_inner]<hr class=\"vertical-space2\">[\/vc_column][\/vc_row]<\/p>","protected":false},"excerpt":{"rendered":"<p>[vc_row row_type=&#8221;3&#8243; blox_image=&#8221;9450&#8243; align_center=&#8221;aligncenter&#8221; page_title=&#8221;page-title-x&#8221; blox_dark=&#8221;true&#8221; parallax_speed=&#8221;7&#8243;][vc_column][vc_column_text] APLIKACIONE MOBILE [\/vc_column_text][\/vc_column][\/vc_row][vc_row row_type=&#8221;2&#8243; page_title=&#8221;page-title-x&#8221; blox_padding_top=&#8221;50&#8243; blox_padding_bottom=&#8221;50&#8243; blox_bgcolor=&#8221;#f7f7f7&#8243;][vc_column width=&#8221;7\/12&#8243;][vc_column_text] Aplikacione mobile Aplikacione mobile p\u00ebr t\u00eb zgjeruar pranin\u00eb tuaj n\u00eb bot\u00ebn dixhitale. A keni nevoj\u00eb p\u00ebr nj\u00eb aplikacion me porosi, iOS, Android ose Windows? A preferoni nj\u00eb aplikacion ueb t\u00eb p\u00ebrshtatsh\u00ebm p\u00ebr \u00e7do platform\u00eb? K\u00ebrkon nj\u00eb backend t\u00eb sigurt\u00eb? Ne zhvillojm\u00eb aplikacione gjith\u00ebp\u00ebrfshir\u00ebse p\u00ebr smartfona: logo, harta dhe tekste p\u00ebr t\u00eb siguruar q\u00eb p\u00ebrdoruesit t\u00eb jen\u00eb plot\u00ebsisht t\u00eb k\u00ebnaqur. Ne e b\u00ebjm\u00eb p\u00ebrvoj\u00ebn e p\u00ebrdoruesit m\u00eb t\u00eb p\u00ebrshtatsh\u00ebm p\u00ebr aplikacionin t\u00ebnd. P\u00ebrvoja e p\u00ebrdoruesit \u00ebsht\u00eb disiplina e menaxhimit t\u00eb p\u00ebrmbajtjes: ne studiojm\u00eb hapat q\u00eb ndjek nj\u00eb p\u00ebrdorues brenda aplikacionit tuaj dhe krijojme aplikacionin p\u00ebr ta b\u00ebr\u00eb p\u00ebrvoj\u00ebn e p\u00ebrdorimit sa m\u00eb t\u00eb k\u00ebndshme. Ne e dim\u00eb si t\u00eb sigurohemi q\u00eb aplikacioni juaj t\u00eb jet\u00eb krejt\u00ebsisht i lundruesh\u00ebm nga \u00e7do pajisje, iOS dhe Android. Ne nd\u00ebrtojm\u00eb aplikacione mobile t\u00eb cilat u p\u00ebrshtaten nevojave gjithnj\u00eb e n\u00eb rritje t\u00eb tregut. P\u00ebr shkak t\u00eb faktit se industria mobile ka njohur zhvillim t\u00eb madh, nd\u00ebrtimi i aplikacioneve mobile ka k\u00ebrkesa masive. N\u00eb dit\u00ebt e sotme t\u00eb gjitha bizneset jan\u00eb t\u00eb vet\u00ebdijshme p\u00ebr fuqin\u00eb dhe r\u00ebnd\u00ebsin\u00eb e nd\u00ebrtimit t\u00eb aplikacioneve mobile si nj\u00eb ur\u00eb lidh\u00ebse dhe bashk\u00ebvepruse me t\u00eb gjith\u00eb klient\u00ebt e tyre . Ne tek Evolve Studio me ekipin ton\u00eb prej ekspert\u00ebsh, do ju ofrojm\u00eb eksperienc\u00ebn m\u00eb t\u00eb mir\u00eb p\u00ebr p\u00ebrdoruesit e aplikacioneve, me performanc\u00ebn m\u00eb t\u00eb lart\u00eb. Fal\u00eb ekspertiz\u00ebs s\u00eb tyre me profesionalizim n\u00eb nd\u00ebrtimin e aplikacioneve, ekipi yn\u00eb profesional mund t\u00eb zhvilloj\u00eb aplikacione t\u00eb shk\u00eblqyeshme mobile p\u00ebr t\u00eb arritur funksionim dhe paraqitje mbres\u00ebl\u00ebn\u00ebse n\u00eb t\u00eb gjitha pajisjet. Duke shfryt\u00ebzuar t\u00eb gjitha funksionet q\u00eb platforma ofron, ne krijojm\u00eb eksperiencat m\u00eb t\u00eb jasht\u00ebzakonshme, m\u00eb t\u00eb besueshme dhe m\u00eb t\u00eb vler\u00ebsuara mobile. Ne ndjekim praktikat m\u00eb t\u00eb mira t\u00eb industris\u00eb p\u00ebr t\u00eb nd\u00ebrtuar aplikacionet mobile. Evolve Studio nd\u00ebrton aplikacione&#8230; <\/p>\n<p><a class=\"readmore\" href=\"https:\/\/evolve.al\/al\/soluzioni-mobili\/\">Continue Reading<\/a><\/p>\n","protected":false},"author":1,"featured_media":0,"parent":0,"menu_order":0,"comment_status":"closed","ping_status":"closed","template":"","meta":[],"_links":{"self":[{"href":"https:\/\/evolve.al\/al\/wp-json\/wp\/v2\/pages\/9443"}],"collection":[{"href":"https:\/\/evolve.al\/al\/wp-json\/wp\/v2\/pages"}],"about":[{"href":"https:\/\/evolve.al\/al\/wp-json\/wp\/v2\/types\/page"}],"author":[{"embeddable":true,"href":"https:\/\/evolve.al\/al\/wp-json\/wp\/v2\/users\/1"}],"replies":[{"embeddable":true,"href":"https:\/\/evolve.al\/al\/wp-json\/wp\/v2\/comments?post=9443"}],"version-history":[{"count":6,"href":"https:\/\/evolve.al\/al\/wp-json\/wp\/v2\/pages\/9443\/revisions"}],"predecessor-version":[{"id":11196,"href":"https:\/\/evolve.al\/al\/wp-json\/wp\/v2\/pages\/9443\/revisions\/11196"}],"wp:attachment":[{"href":"https:\/\/evolve.al\/al\/wp-json\/wp\/v2\/media?parent=9443"}],"curies":[{"name":"wp","href":"https:\/\/api.w.org\/{rel}","templated":true}]}}