{"id":9433,"date":"2016-04-11T10:23:08","date_gmt":"2016-04-11T10:23:08","guid":{"rendered":"http:\/\/webnus.biz\/themes\/easyweb\/design\/?page_id=9433"},"modified":"2023-04-14T14:00:17","modified_gmt":"2023-04-14T13:00:17","slug":"wordpress-website","status":"publish","type":"page","link":"https:\/\/evolve.al\/al\/wordpress-website\/","title":{"rendered":"Faqe interneti n\u00eb WordPress"},"content":{"rendered":"<p>[vc_row row_type=&#8221;3&#8243; blox_image=&#8221;9467&#8243; align_center=&#8221;aligncenter&#8221; page_title=&#8221;page-title-x&#8221; blox_dark=&#8221;true&#8221; blox_class=&#8221;breadcrumb&#8221; parallax_speed=&#8221;7&#8243;][vc_column]<hr class=\"vertical-space5\">[vc_column_text]<\/p>\n<h2 class=\"respo-tagline\" style=\"text-align: center; letter-spacing: 1px;\"><strong>FAQE INTERNETI NE WORDPRESS <\/strong><\/h2>\n<p>[\/vc_column_text]<hr class=\"vertical-space5\">[\/vc_column][\/vc_row][vc_row][vc_column width=&#8221;1\/4&#8243;][\/vc_column][vc_column width=&#8221;1\/2&#8243; el_class=&#8221;aligncenter&#8221;]<hr class=\"vertical-space5\"><i class=\"fa-wordpress\" style=\" font-size:64px; color:#d6d6d6;\"><\/i><hr class=\"vertical-space1\">[vc_column_text]<\/p>\n<h3 style=\"text-align: center;\"><strong>Pse WordPress?<\/strong><\/h3>\n<p>Faqe interneti ne WordPress. Nj\u00eb CMS, ose sistemi i menaxhimit t\u00eb p\u00ebrmbajtjes, \u00ebsht\u00eb nj\u00eb mjet q\u00eb ju lejon t\u00eb menaxhoni p\u00ebrmbajtjen e faqes suaj t\u00eb internetit n\u00eb m\u00ebnyr\u00eb t\u00eb pavarur. WordPress \u00ebsht\u00eb fleksib\u00ebl, shum\u00eb i p\u00ebrshtatsh\u00ebm, leht\u00ebsisht i p\u00ebrdorsh\u00ebm si dhe \u00ebsht\u00eb nj\u00eb sistem i shk\u00eblqyer p\u00ebr menaxhimin e p\u00ebrmbajtjes (CMS). Ju mund ta p\u00ebrdorni at\u00eb p\u00ebr bloget, faqet e internetit t\u00eb biznesit t\u00eb vog\u00ebl si dhe p\u00ebr shitjet online.<\/p>\n<p>Ekipi yn\u00eb i talentuar p\u00ebrdit\u00ebson dhe p\u00ebrmir\u00ebson faqen tuaj t\u00eb biznesit duke p\u00ebrdorur mjetet e shumta q\u00eb ofron WordPress-i.[\/vc_column_text]<hr class=\"vertical-space4\">[\/vc_column][vc_column width=&#8221;1\/4&#8243;][\/vc_column][\/vc_row][vc_row row_type=&#8221;2&#8243; blox_padding_top=&#8221;70&#8243; blox_bgcolor=&#8221;#f6f8f9&#8243;][vc_column]\n\t<div class=\"max-title max-title3\">\n\t\t<h2><strong>Pro\u00e7esi<\/strong> Yn\u00eb<\/h2>\n\t<\/div><hr class=\"vertical-space2\">[\/vc_column][\/vc_row][vc_row row_type=&#8221;1&#8243;][vc_column]\n\t<div class=\"buy-process-wrap\">\n\t\t<div class=\"buy-process-items\">\n\t\t\t\t<div class=\"buy-process-item\">\n\t\t\t\t\t<div class=\"text-wrap\">\n\t\t\t\t\t\t<h4>INSTALIMI I  <strong>TEM\u00cbS<\/strong><\/h4>\n\t\t\t\t\t\t<p>Ne do t\u00eb instalojm\u00eb ndonj\u00eb tem\u00eb t\u00eb lir\u00eb ose premium WordPress dhe e b\u00ebjm\u00eb t\u00eb duket si nj\u00eb pres faqeve t\u00eb demos.<\/p>\n\t\t\t\t\t<\/div>\n\t\t\t\t\t<span>1<\/span>\n\t\t\t\t\t<div class=\"icon-wrapper\">\n\t\t\t\t\t\t<i class=\"fa fa-download\"><\/i>\n\t\t\t\t\t<\/div>\n\t\t\t\t<\/div>\n\t\t\t\t<div class=\"buy-process-item\">\n\t\t\t\t\t<div class=\"text-wrap\">\n\t\t\t\t\t\t<h4><strong>Plugine<\/strong> Premium<\/h4>\n\t\t\t\t\t\t<p>Ne do t\u00eb instalojm\u00eb  plug-ins p\u00ebr ju, pa marr\u00eb parasysh se \u00e7far\u00eb pakete zgjidhni.<\/p>\n\t\t\t\t\t<\/div>\n\t\t\t\t\t<span>2<\/span>\n\t\t\t\t\t<div class=\"icon-wrapper\">\n\t\t\t\t\t\t<i class=\"fa fa-plug\"><\/i>\n\t\t\t\t\t<\/div>\n\t\t\t\t<\/div>\n\t\t\t\t<div class=\"buy-process-item featured\">\n\t\t\t\t\t<div class=\"text-wrap\">\n\t\t\t\t\t\t<h4> <strong>Personalizimi <\/strong> i Tem\u00ebs<\/h4>\n\t\t\t\t\t\t<p>Evolve Studio ofron gam\u00eb t\u00eb plot\u00eb t\u00eb temave WordPress.<\/p>\n\t\t\t\t\t<\/div>\n\t\t\t\t\t<span>3<\/span>\n\t\t\t\t\t<div class=\"icon-wrapper\">\n\t\t\t\t\t\t<i class=\"fa fa-cogs\"><\/i>\n\t\t\t\t\t<\/div>\n\t\t\t\t<\/div>\n\t\t\t\t<div class=\"buy-process-item\">\n\t\t\t\t\t<div class=\"text-wrap\">\n\t\t\t\t\t\t<h4> <strong>Zhvillimi<\/strong> i p\u00ebrmbajtjes<\/h4>\n\t\t\t\t\t\t<p>Zhvillim unik p\u00ebr faqen dhe blogun tuaj p\u00ebr t\u00eb siguruar q\u00eb ju t\u00eb jeni nj\u00eb p\u00ebrpara konkurent\u00ebve tuaj.<\/p>\n\t\t\t\t\t<\/div>\n\t\t\t\t\t<span>4<\/span>\n\t\t\t\t\t<div class=\"icon-wrapper\">\n\t\t\t\t\t\t<i class=\"fa fa-file-text\"><\/i>\n\t\t\t\t\t<\/div>\n\t\t\t\t<\/div>\n\t\t\t\t<div class=\"buy-process-item\">\n\t\t\t\t\t<div class=\"text-wrap\">\n\t\t\t\t\t\t<h4><strong>SEO<\/strong><\/h4>\n\t\t\t\t\t\t<p>Nj\u00eb set i plot\u00eb i sh\u00ebrbimeve SEO p\u00ebr t\u00eb ndihmuar klient\u00ebt t\u00eb gjenerojn\u00eb kontakte, t\u00eb fitojn\u00eb konsumator\u00eb dhe t\u00eb rrisin fitimet.<\/p>\n\t\t\t\t\t<\/div>\n\t\t\t\t\t<span>5<\/span>\n\t\t\t\t\t<div class=\"icon-wrapper\">\n\t\t\t\t\t\t<i class=\"fa fa-bar-chart\"><\/i>\n\t\t\t\t\t<\/div>\n\t\t\t\t<\/div>\n\t\t<\/div>\n\t<\/div>[\/vc_column][\/vc_row][vc_row][vc_column width=&#8221;1\/2&#8243;]<hr class=\"vertical-space5\"><hr class=\"vertical-space5\">[vc_column_text]<\/p>\n<h4><strong>Personalizimi i Tem\u00ebs WordPress<\/strong><\/h4>\n<p>\u00c7do gj\u00eb \u2018WordPress\u2019 \u00ebsht\u00eb pika\u00a0 jon\u00eb e fort\u00eb dhe ne p\u00ebrpiqemi t\u2019ju ofrojm\u00eb sh\u00ebrbime t\u00eb personalizimit t\u00eb\u00a0 temave WordPress, gj\u00eb e cila ju lejon t\u00eb transformoni temat tuaja n\u00eb zgjidhje q\u00eb jan\u00eb gjithp\u00ebrfshir\u00ebse dhe te gjithanshme. Nd\u00ebrsa ju rreshtoni temat tuaja p\u00ebr t\u2019iu p\u00ebrshtatur k\u00ebrkesave t\u00eb biznesit tuaj, ne sigurohemi qe ajo t\u00eb jet\u00eb funksionale dhe e p\u00ebrshtatshme p\u00ebr \u00e7do platform\u00eb. Personalizimi i tem\u00ebs suaj t\u00eb WordPress-it i jep nj\u00eb tjet\u00ebr shtytje biznesit tuaj.[\/vc_column_text]<hr class=\"vertical-space4\">[\/vc_column][vc_column width=&#8221;1\/2&#8243;]<hr class=\"vertical-space5\">[vc_single_image image=&#8221;9437&#8243; img_size=&#8221;full&#8221;]<hr class=\"vertical-space2\">[\/vc_column][\/vc_row][vc_row row_type=&#8221;2&#8243; blox_padding_top=&#8221;70&#8243; blox_bgcolor=&#8221;#f7f7f7&#8243;][vc_column]<hr class=\"vertical-space2\">\n\t<div class=\"max-title max-title3\">\n\t\t<h2>Sherbimi wp me <strong>tema<\/strong><\/h2>\n\t<\/div>[\/vc_column][\/vc_row][vc_row row_type=&#8221;2&#8243; blox_padding_top=&#8221;1&#8243; blox_padding_bottom=&#8221;15&#8243; blox_bgcolor=&#8221;#f7f7f7&#8243;][vc_column width=&#8221;1\/3&#8243;]<hr class=\"vertical-space3\"><article class=\"icon-box\" ><i class=\"sl-layers\" style=\"\"><\/i><h4>instalimi i temes<\/h4><p>Ne do t\u00eb instalojm\u00eb WordPress dhe \u00e7do tem\u00eb t\u00eb lir\u00eb ose premium WordPress dhe e b\u00ebjn\u00eb at\u00eb t\u00eb duket si nj\u00eb prej faqeve te demos.<br \/>\n<\/p><\/article><hr class=\"vertical-space2\"><article class=\"icon-box\" ><i class=\"sl-globe-alt\" style=\"\"><\/i><h4> SEO WordPress<\/h4><p>Ne i ndihmojm\u00eb bloger\u00ebt e WordPress dhe pronar\u00ebt e faqeve t\u00eb internetit t\u00eb p\u00ebrmir\u00ebsojn\u00eb dukshm\u00ebrin\u00eb e faqes s\u00eb tyre t\u00eb internetit ose blogun n\u00eb motor\u00ebt e k\u00ebrkimit si Google.<\/p><\/article><hr class=\"vertical-space4\">[\/vc_column][vc_column width=&#8221;1\/3&#8243;]<hr class=\"vertical-space3\"><article class=\"icon-box\" ><i class=\"sl-pencil\" style=\"\"><\/i><h4>Zhvillimi i kontentit<\/h4><p>Ne ofrojm\u00eb sh\u00ebrbime t\u00eb zhvillimit t\u00eb p\u00ebrmbajtjes si planifikimi i p\u00ebrmbajtjes, shkrimi dhe redaktimi dhe analizimi i fjaleve ky\u00e7e.<\/p>\n<\/article><hr class=\"vertical-space2\"><article class=\"icon-box\" ><i class=\"sl-lock\" style=\"\"><\/i><h4>Siguria n\u00eb WordPress<\/h4><p>Instalimi i WordPress \u00ebsht\u00eb i leht\u00eb. Instalimi i sigurt i WordPress dhe menaxhimi i vazhduesh\u00ebm i WordPress Security nuk \u00ebsht\u00eb aq i leht\u00eb, si instalimi i WP.<\/p><\/article><hr class=\"vertical-space4\">[\/vc_column][vc_column width=&#8221;1\/3&#8243;]<hr class=\"vertical-space3\"><article class=\"icon-box\" ><i class=\"sl-puzzle\" style=\"\"><\/i><h4>Plugine Prenium <\/h4><p>Ju do t\u00eb filloni duke pasur nj\u00eb faqe interneti. Natyrisht, ne mund t\u00eb instalojm\u00eb dhe t\u00eb vendosim sa m\u00eb shum\u00eb plug-ins q\u00eb ju d\u00ebshironi ose keni nevoj\u00eb.<br \/>\n<\/p><\/article><hr class=\"vertical-space2\"><article class=\"icon-box\" ><i class=\"sl-share-alt\" style=\"\"><\/i><h4>Transferime Hosti<\/h4><p>Ne do t\u00eb l\u00ebvizim me siguri t\u00ebr\u00eb faqen tuaj t\u00eb WordPress, email dhe bazat e t\u00eb dh\u00ebnave n\u00eb llogarin\u00eb tuaj t\u00eb re hosting.<br \/>\n<\/p><\/article><hr class=\"vertical-space4\">[\/vc_column][\/vc_row][vc_row][vc_column]<hr class=\"vertical-space4\">\n\t<div class=\"max-title max-title3\">\n\t\t<h2>KLIENTET TANE<\/h2>\n\t<\/div><hr class=\"vertical-space1\"><div class=\"aligncenter\"><hr class=\"vertical-space1\"><div class=\"col-md-12 our-clients-wrap crsl\"><ul id=\"our-clients\" class=\"our-clients crsl\"><li><img alt=\"\" src=\"https:\/\/evolve.al\/admin\/core-wp\/..\/..\/site\/resources-global\/content-data\/uploads\/dga_logo_landscape_v1.jpg\"\/><\/li><li><img alt=\"\" src=\"https:\/\/evolve.al\/admin\/core-wp\/..\/..\/site\/resources-global\/content-data\/uploads\/ardeno-mobileri-al_logo_2.jpg\"\/><\/li><li><img alt=\"\" src=\"https:\/\/evolve.al\/admin\/core-wp\/..\/..\/site\/resources-global\/content-data\/uploads\/salillari-shpk_logo.jpg\"\/><\/li><li><img alt=\"\" src=\"https:\/\/evolve.al\/admin\/core-wp\/..\/..\/site\/resources-global\/content-data\/uploads\/alb-pastrim_logo.jpg\"\/><\/li><li><img alt=\"\" src=\"https:\/\/evolve.al\/admin\/core-wp\/..\/..\/site\/resources-global\/content-data\/uploads\/supersport_logo_v1.jpg\"\/><\/li><li><img alt=\"\" src=\"https:\/\/evolve.al\/admin\/core-wp\/..\/..\/site\/resources-global\/content-data\/uploads\/dpm-gov-al_logo.jpg\"\/><\/li><li><img alt=\"\" src=\"https:\/\/evolve.al\/admin\/core-wp\/..\/..\/site\/resources-global\/content-data\/uploads\/mmsr-gov-al_logo.jpg\"\/><\/li><li><img alt=\"\" src=\"https:\/\/evolve.al\/admin\/core-wp\/..\/..\/site\/resources-global\/content-data\/uploads\/biznes-albania_logo.jpg\"\/><\/li><li><img alt=\"\" src=\"https:\/\/evolve.al\/admin\/core-wp\/..\/..\/site\/resources-global\/content-data\/uploads\/su-shefqet-ndroqi_logo.jpg\"\/><\/li><li><img alt=\"\" src=\"https:\/\/evolve.al\/admin\/core-wp\/..\/..\/site\/resources-global\/content-data\/uploads\/ekb_logo.jpg\"\/><\/li><li><img alt=\"\" src=\"https:\/\/evolve.al\/admin\/core-wp\/..\/..\/site\/resources-global\/content-data\/uploads\/leon-kons_logo.jpg\"\/><\/li><li><img alt=\"\" src=\"https:\/\/evolve.al\/admin\/core-wp\/..\/..\/site\/resources-global\/content-data\/uploads\/alushi-trans-al_logo.jpg\"\/><\/li><\/ul><\/div><hr class=\"vertical-space2\"><\/div>[\/vc_column][\/vc_row][vc_row row_type=&#8221;2&#8243; blox_height=&#8221;452&#8243; blox_image=&#8221;9705&#8243; blox_bgcolor=&#8221;#f7f7f7&#8243;][vc_column el_class=&#8221;aligncenter&#8221;]<hr class=\"vertical-space5\"><hr class=\"vertical-space1\">[vc_column_text]<\/p>\n<h1 style=\"text-align: center;\">Le t\u00eb fillojm\u00eb<br \/>\n<strong>me projektin tuaj<\/strong><\/h1>\n<p>[\/vc_column_text]<hr class=\"vertical-space1\">[vc_column_text]<\/p>\n<p class=\"slog-tx2 aligncenter\">Ne do t&#8217;ju ndihmojm\u00eb t\u00eb arrini q\u00ebllimet tuaja dhe t\u00eb rrisni biznesin tuaj.<\/p>\n<p>[\/vc_column_text]<hr class=\"vertical-space1\"><a href=\"http:\/\/evolve.al\/request-a-quote\/\" class=\"button skyblue  medium bordered-bot \" target=\"_self\">KERKO NJE KONSULTIM<\/a><hr class=\"vertical-space4\">[\/vc_column][\/vc_row][vc_row row_type=&#8221;2&#8243; blox_image=&#8221;9171&#8243; blox_cover=&#8221;false&#8221; blox_repeat=&#8221;repeat&#8221; blox_dark=&#8221;true&#8221; blox_bgcolor=&#8221;#00c2e5&#8243;][vc_column]<hr class=\"vertical-space3\">[vc_row_inner][vc_column_inner el_class=&#8221;aligncenter&#8221;][vc_column_text]<\/p>\n<h1 style=\"text-align: center;\">Projektet q\u00eb ne kemi <strong>p\u00ebrfunduar<\/strong><\/h1>\n<p>Fal\u00eb teknologjis\u00eb risiprur\u00ebse, ne nd\u00ebrtojm\u00eb ura bashk\u00ebpunimi dhe vem\u00eb n\u00eb jet\u00eb idet\u00eb tuaja.[\/vc_column_text]<a href=\"http:\/\/evolve.al\/projects\/\" class=\"button white  medium bordered-bot \" target=\"_self\">SHIKO PROJEKTET TONA<\/a>[\/vc_column_inner][\/vc_row_inner]<hr class=\"vertical-space2\">[\/vc_column][\/vc_row]<\/p>","protected":false},"excerpt":{"rendered":"<p>[vc_row row_type=&#8221;3&#8243; blox_image=&#8221;9467&#8243; align_center=&#8221;aligncenter&#8221; page_title=&#8221;page-title-x&#8221; blox_dark=&#8221;true&#8221; blox_class=&#8221;breadcrumb&#8221; parallax_speed=&#8221;7&#8243;][vc_column][vc_column_text] FAQE INTERNETI NE WORDPRESS [\/vc_column_text][\/vc_column][\/vc_row][vc_row][vc_column width=&#8221;1\/4&#8243;][\/vc_column][vc_column width=&#8221;1\/2&#8243; el_class=&#8221;aligncenter&#8221;][vc_column_text] Pse WordPress? Faqe interneti ne WordPress. Nj\u00eb CMS, ose sistemi i menaxhimit t\u00eb p\u00ebrmbajtjes, \u00ebsht\u00eb nj\u00eb mjet q\u00eb ju lejon t\u00eb menaxhoni p\u00ebrmbajtjen e faqes suaj t\u00eb internetit n\u00eb m\u00ebnyr\u00eb t\u00eb pavarur. WordPress \u00ebsht\u00eb fleksib\u00ebl, shum\u00eb i p\u00ebrshtatsh\u00ebm, leht\u00ebsisht i p\u00ebrdorsh\u00ebm si dhe \u00ebsht\u00eb nj\u00eb sistem i shk\u00eblqyer p\u00ebr menaxhimin e p\u00ebrmbajtjes (CMS). Ju mund ta p\u00ebrdorni at\u00eb p\u00ebr bloget, faqet e internetit t\u00eb biznesit t\u00eb vog\u00ebl si dhe p\u00ebr shitjet online. Ekipi yn\u00eb i talentuar p\u00ebrdit\u00ebson dhe p\u00ebrmir\u00ebson faqen tuaj t\u00eb biznesit duke p\u00ebrdorur mjetet e shumta q\u00eb ofron WordPress-i.[\/vc_column_text][\/vc_column][vc_column width=&#8221;1\/4&#8243;][\/vc_column][\/vc_row][vc_row row_type=&#8221;2&#8243; blox_padding_top=&#8221;70&#8243; blox_bgcolor=&#8221;#f6f8f9&#8243;][vc_column][\/vc_column][\/vc_row][vc_row row_type=&#8221;1&#8243;][vc_column][\/vc_column][\/vc_row][vc_row][vc_column width=&#8221;1\/2&#8243;][vc_column_text] Personalizimi i Tem\u00ebs WordPress \u00c7do gj\u00eb \u2018WordPress\u2019 \u00ebsht\u00eb pika\u00a0 jon\u00eb e fort\u00eb dhe ne p\u00ebrpiqemi t\u2019ju ofrojm\u00eb sh\u00ebrbime t\u00eb personalizimit t\u00eb\u00a0 temave WordPress, gj\u00eb e cila ju lejon t\u00eb transformoni temat tuaja n\u00eb zgjidhje q\u00eb jan\u00eb gjithp\u00ebrfshir\u00ebse dhe te gjithanshme. Nd\u00ebrsa ju rreshtoni temat tuaja p\u00ebr t\u2019iu p\u00ebrshtatur k\u00ebrkesave t\u00eb biznesit tuaj, ne sigurohemi qe ajo t\u00eb jet\u00eb funksionale dhe e p\u00ebrshtatshme p\u00ebr \u00e7do platform\u00eb. Personalizimi i tem\u00ebs suaj t\u00eb WordPress-it i jep nj\u00eb tjet\u00ebr shtytje biznesit tuaj.[\/vc_column_text][\/vc_column][vc_column width=&#8221;1\/2&#8243;][vc_single_image image=&#8221;9437&#8243; img_size=&#8221;full&#8221;][\/vc_column][\/vc_row][vc_row row_type=&#8221;2&#8243; blox_padding_top=&#8221;70&#8243; blox_bgcolor=&#8221;#f7f7f7&#8243;][vc_column][\/vc_column][\/vc_row][vc_row row_type=&#8221;2&#8243; blox_padding_top=&#8221;1&#8243; blox_padding_bottom=&#8221;15&#8243; blox_bgcolor=&#8221;#f7f7f7&#8243;][vc_column width=&#8221;1\/3&#8243;][\/vc_column][vc_column width=&#8221;1\/3&#8243;][\/vc_column][vc_column width=&#8221;1\/3&#8243;][\/vc_column][\/vc_row][vc_row][vc_column][\/vc_column][\/vc_row][vc_row row_type=&#8221;2&#8243; blox_height=&#8221;452&#8243; blox_image=&#8221;9705&#8243; blox_bgcolor=&#8221;#f7f7f7&#8243;][vc_column el_class=&#8221;aligncenter&#8221;][vc_column_text] Le t\u00eb fillojm\u00eb me projektin tuaj [\/vc_column_text][vc_column_text] Ne do t&#8217;ju ndihmojm\u00eb t\u00eb arrini q\u00ebllimet tuaja dhe t\u00eb rrisni biznesin tuaj. [\/vc_column_text][\/vc_column][\/vc_row][vc_row row_type=&#8221;2&#8243; blox_image=&#8221;9171&#8243; blox_cover=&#8221;false&#8221; blox_repeat=&#8221;repeat&#8221; blox_dark=&#8221;true&#8221; blox_bgcolor=&#8221;#00c2e5&#8243;][vc_column][vc_row_inner][vc_column_inner el_class=&#8221;aligncenter&#8221;][vc_column_text] Projektet q\u00eb ne kemi p\u00ebrfunduar Fal\u00eb teknologjis\u00eb risiprur\u00ebse, ne nd\u00ebrtojm\u00eb ura bashk\u00ebpunimi dhe vem\u00eb n\u00eb jet\u00eb idet\u00eb tuaja.[\/vc_column_text][\/vc_column_inner][\/vc_row_inner][\/vc_column][\/vc_row]<\/p>\n","protected":false},"author":1,"featured_media":0,"parent":0,"menu_order":0,"comment_status":"closed","ping_status":"closed","template":"","meta":[],"_links":{"self":[{"href":"https:\/\/evolve.al\/al\/wp-json\/wp\/v2\/pages\/9433"}],"collection":[{"href":"https:\/\/evolve.al\/al\/wp-json\/wp\/v2\/pages"}],"about":[{"href":"https:\/\/evolve.al\/al\/wp-json\/wp\/v2\/types\/page"}],"author":[{"embeddable":true,"href":"https:\/\/evolve.al\/al\/wp-json\/wp\/v2\/users\/1"}],"replies":[{"embeddable":true,"href":"https:\/\/evolve.al\/al\/wp-json\/wp\/v2\/comments?post=9433"}],"version-history":[{"count":8,"href":"https:\/\/evolve.al\/al\/wp-json\/wp\/v2\/pages\/9433\/revisions"}],"predecessor-version":[{"id":11558,"href":"https:\/\/evolve.al\/al\/wp-json\/wp\/v2\/pages\/9433\/revisions\/11558"}],"wp:attachment":[{"href":"https:\/\/evolve.al\/al\/wp-json\/wp\/v2\/media?parent=9433"}],"curies":[{"name":"wp","href":"https:\/\/api.w.org\/{rel}","templated":true}]}}