{"id":9407,"date":"2016-04-10T12:14:58","date_gmt":"2016-04-10T12:14:58","guid":{"rendered":"http:\/\/webnus.biz\/themes\/easyweb\/design\/?page_id=9407"},"modified":"2019-04-10T11:06:16","modified_gmt":"2019-04-10T10:06:16","slug":"marketing-online","status":"publish","type":"page","link":"https:\/\/evolve.al\/al\/marketing-online\/","title":{"rendered":"Marketing online n\u00eb rrjetet sociale"},"content":{"rendered":"<p>[vc_row row_type=&#8221;3&#8243; blox_image=&#8221;9334&#8243; align_center=&#8221;aligncenter&#8221; page_title=&#8221;page-title-x&#8221; blox_dark=&#8221;true&#8221; parallax_speed=&#8221;7&#8243;][vc_column]<hr class=\"vertical-space5\"><hr class=\"vertical-space5\"><hr class=\"vertical-space3\">[vc_column_text]<\/p>\n<h2 class=\"respo-tagline\" style=\"text-align: center; letter-spacing: 1px;\"><strong>MARKETING ONLINE N\u00cb RRJETET SOCIALE<\/strong><\/h2>\n<p>[\/vc_column_text]<hr class=\"vertical-space5\"><hr class=\"vertical-space5\">[\/vc_column][\/vc_row][vc_row row_type=&#8221;2&#8243; page_title=&#8221;page-title-x&#8221; blox_padding_top=&#8221;50&#8243; blox_padding_bottom=&#8221;50&#8243; blox_bgcolor=&#8221;#f7f7f7&#8243;][vc_column width=&#8221;1\/6&#8243;][\/vc_column][vc_column width=&#8221;2\/3&#8243;]<hr class=\"vertical-space5\">[vc_column_text]<\/p>\n<h1 style=\"text-align: center;\"><strong>Marketing online n\u00eb rrjetet sociale<\/strong><\/h1>\n<p style=\"text-align: center;\">Mediat sociale jan\u00eb nj\u00eb mjet mjaft i fuqish\u00ebm i komunikimit. Ato mund t\u00eb ndihmojn\u00eb kompanit\u00eb t\u00eb arrijn\u00eb klient\u00ebt shpejt dhe leht\u00eb. Kjo i ndihmon ato q\u00eb t\u00eb rrisin pranin\u00eb e tyre online. N\u00ebse b\u00ebhet si\u00e7 duhet, marketingu i mediave sociale mund t\u00eb rris\u00eb efikasitetin e teknikave t\u00eb tjera t\u00eb marketingut online. K\u00ebtu p\u00ebrfshihen SEO dhe SEM. N\u00ebse hasni v\u00ebshtir\u00ebsi n\u00eb nd\u00ebrtimin e nj\u00eb strategjie p\u00ebr marketingun n\u00eb rrjetet sociale, ne mund t\u00eb ndihmojm\u00eb.<\/p>\n<p>Mediat sociale jan\u00eb nj\u00eb mjet mjaft i fuqish\u00ebm i komunikimit. Ato po njohin ditet e sotme nj\u00eb p\u00ebrdorim tejet t\u00eb madh. Rrjetet sociale jane nj\u00eb treg shum\u00eb i fuqish\u00ebm reklamimi. Shum\u00eb individ\u00eb jan\u00eb p\u00ebrdorues t\u00eb p\u00ebrditsh\u00ebm t\u00eb nj\u00eb apo disa rrjetetve sociale. K\u00ebshtu q\u00eb kompanit\u00eb dhe bizneset po i kushtojn\u00eb rend\u00ebsi t\u00eb madhe strategjive t\u00eb marketingut online n\u00eb rrjetet sociale. Me q\u00ebllim q\u00eb t\u00eb jen\u00eb prezent\u00eb me sh\u00ebrbimet dhe produktet e tyre atje ku konsumator\u00ebt jan\u00eb, marketingu online \u00ebsht\u00eb sot nj\u00eb zgjidhje e r\u00ebnd\u00ebsishme dhe e shpejt\u00eb.<\/p>\n<p>Marketingu online mund t\u00eb ndihmoj\u00eb kompanit\u00eb t\u00eb arrijn\u00eb klient\u00ebt e tyre shpejt dhe leht\u00eb. Marketingu online ndihmon kompanit\u00eb t\u00eb rrisin pranin\u00eb e tyre online. N\u00ebse b\u00ebhet si\u00e7 duhet, marketingu online me an\u00eb t\u00eb mediave sociale mund t\u00eb rris\u00eb efikasitetin e teknikave t\u00eb tjera t\u00eb marketingut online. K\u00ebtu p\u00ebrfshihen SEO dhe SEM. N\u00ebse hasni v\u00ebshtir\u00ebsi n\u00eb nd\u00ebrtimin e nj\u00eb strategjie p\u00ebr marketingun online n\u00eb rrjetet sociale, ne mund t\u00eb ndihmojm\u00eb. Rrjetet sociale jan\u00eb forma m\u00eb e leht\u00eb dhe m\u00eb e shpejt\u00eb q\u00eb t\u00eb rrisni mund\u00ebsit\u00eb e shitjeve dhe rritjen e konsumator\u00ebve t\u00eb produkteve ose sh\u00ebrbimeve tuaja.<\/p>\n<p>N\u00eb marketingun online n\u00ebp\u00ebrmjet rrjeteve sociale p\u00ebrfshihen p\u00ebrpjekjet e shumta dhe t\u00eb pandalshme q\u00eb realizohen n\u00eb rrjetet sociale p\u00ebr t\u00eb bindur klient\u00ebt aktual\u00eb dhe ata potencial\u00eb t\u00eb blejn\u00eb nj\u00eb produkt t\u00eb caktuar. Rrjetet sociale kan\u00eb sot nj\u00eb num\u00ebr shum\u00eb t\u00eb madh vizitor\u00ebsh dhe r\u00ebnd\u00ebsia dhe ndikimi i rrjeteve sociale n\u00eb marketingun e biznesit tuaj \u00ebsht\u00eb shum\u00eb i madh. Marketingu online ka marr\u00eb p\u00ebrmasa t\u00eb m\u00ebdha dhe ka nj\u00eb r\u00ebnd\u00ebsi shum\u00eb t\u00eb madhe. Menaxhimi i rrjeteve sociale \u00ebsht\u00eb nj\u00eb mund\u00ebsi p\u00ebr kompanit\u00eb q\u00eb t\u00eb jen\u00eb\u00a0 aktive dhe t\u00eb ken\u00eb sa m\u00eb shum\u00eb klient\u00eb. Marketingu online n\u00eb rrjetet sociale \u00ebsht\u00eb shum\u00eb i r\u00ebnd\u00ebsish\u00ebm p\u00ebr kompanit\u00eb sot.<\/p>\n<p>Kur strategjit\u00eb e marketingut online hartohen dhe implementohen n\u00eb m\u00ebnyr\u00eb korrekte ato rrisin efikasitetin e strategjive t\u00eb tjera t\u00eb marketingut online, duke p\u00ebrfshir\u00eb edhe SEO. Marketingu online n\u00eb rrjetet sociale ju mund\u00ebson t\u00eb jeni atu ku klient\u00ebt tuaj t\u00eb tanish\u00ebm dhe ata potencial\u00eb jan\u00eb. Gjithashtu, ju mund\u00ebson t\u00eb keni trafik ose vizitor\u00eb n\u00eb faqet tuaja t\u00eb internetit, rritjen e shikueshm\u00ebris\u00eb s\u00eb mark\u00ebs dhe m\u00eb e rend\u00ebsishmja, t\u00eb keni fitime. Tek Evolve Studio, do t\u00eb gjeni nj\u00eb staf t\u00eb specializuar n\u00eb strategjit\u00eb dhe teknikat e marketingut online n\u00eb rrjetet sociale, n\u00eb menaxhimin e tyre dhe rritjen e efikasitetit. Jemi t\u00eb gatshm\u00ebm p\u00ebr t&#8217;ju ndihmuar .[\/vc_column_text]<hr class=\"vertical-space5\">[\/vc_column][vc_column width=&#8221;1\/6&#8243;][\/vc_column][\/vc_row][vc_row][vc_column]<hr class=\"vertical-space1\">[\/vc_column][\/vc_row][vc_row][vc_column]<hr class=\"vertical-space2\">\n\t<div class=\"max-title max-title5\">\n\t\t<h1><strong>Sh\u00ebrbimet<\/strong> tona<\/h2>\n\t<\/div>[\/vc_column][\/vc_row][vc_row][vc_column width=&#8221;1\/3&#8243;]<hr class=\"vertical-space2\"><article class=\"icon-box18\" ><i class=\"sl-puzzle\" style=\"\"><\/i><h4>Krijimi i strategjis\u00eb n\u00eb rrjetet sociale<\/h4><p>Ne ofrojm\u00eb nj\u00eb s\u00ebr\u00eb sh\u00ebrbimesh t\u00eb konsulenc\u00ebs p\u00ebr mediat sociale me vler\u00eb t\u00eb lart\u00eb p\u00ebrmes s\u00eb cil\u00ebs ju ndihmojm\u00eb t\u00eb arrini rezultate t\u00eb prekshme nga aktivitetet e tyre n\u00eb media sociale.<\/p><\/article><hr class=\"vertical-space1\">[\/vc_column][vc_column width=&#8221;1\/3&#8243;]<hr class=\"vertical-space2\"><article class=\"icon-box18\" ><i class=\"sl-layers\" style=\"\"><\/i><h4>Marketing n\u00eb rrjetet sociale<\/h4><p>Sh\u00ebrbimet tona t\u00eb medias sociale jan\u00eb efektive. Duke reklamuar p\u00ebrmes mediave sociale, 100% e klient\u00ebve tan\u00eb kan\u00eb par\u00eb rezultate.<\/p><\/article><hr class=\"vertical-space1\">[\/vc_column][vc_column width=&#8221;1\/3&#8243;]<hr class=\"vertical-space2\"><article class=\"icon-box18\" ><i class=\"sl-pencil\" style=\"\"><\/i><h4>Krijimi i postimeve p\u00ebr rrjetet sociale<\/h4><p>Ne ofrojm\u00eb nj\u00eb s\u00ebr\u00eb sh\u00ebrbimesh t\u00eb shkrimit dhe postimit n\u00eb mediat sociale q\u00eb t'ju ndihmojn\u00eb drejtp\u00ebrdrejt ose t\u00ebrthorazi t\u00eb b\u00ebni ofertat tuaja n\u00ebp\u00ebrmjet rrjeteve sociale. <\/p><\/article><hr class=\"vertical-space1\">[\/vc_column][\/vc_row][vc_row][vc_column]<hr class=\"vertical-space1\">[\/vc_column][\/vc_row][vc_row][vc_column width=&#8221;1\/2&#8243;]<hr class=\"vertical-space5\">[vc_column_text]<\/p>\n<h4><strong>\u00c7far\u00eb \u00ebsht\u00eb marketingu online n\u00eb rrjetet sociale?<\/strong><\/h4>\n<p>Marketingu online i mediave sociale, ose SMM, \u00ebsht\u00eb nj\u00eb form\u00eb e marketingut n\u00eb internet. Marketingu i mediave sociale mbulon aktivitete q\u00eb p\u00ebrfshijn\u00eb shp\u00ebrndarjen e p\u00ebrmbajtjes p\u00ebr q\u00ebllime marketingu. Gjithashtu, ajo p\u00ebrfshin reklamimin e medias sociale t\u00eb paguar.<\/p>\n<p>Marketingu n\u00eb rrjetet sociale \u00ebsht\u00eb nj\u00eb form\u00eb e marketingu n\u00eb internet q\u00eb ka si q\u00ebllim kryesor p\u00ebrdorimin e mund\u00ebsive t\u00eb shumta q\u00eb ofrojn\u00eb rrjetet e ndryshme sociale n\u00eb m\u00ebnyr\u00eb q\u00eb t\u00eb arrihen objektivat e vendosura nga biznesi juaj. K\u00ebto objektiva mund t\u00eb jen\u00eb t\u00eb ndryshme duke filluar nga njohja e mark\u00ebs deri n\u00eb shitjen e produkteve\/sh\u00ebrbimeve. Aktivitetet kryesore q\u00eb p\u00ebrfshihen n\u00eb marketingun online n\u00eb rrjetet sociale jan\u00eb shp\u00ebrndarja e p\u00ebrmbajtjeve t\u00eb ndryshme, posteve, videove dhe imazheve me q\u00ebllime marketingu.<\/p>\n<p>Rrjetet sociale jan\u00eb m\u00ebnyr\u00eb shum\u00eb efektive dhe e lir\u00eb q\u00eb i mund\u00ebson \u00e7do lloj biznesi t\u00eb ket\u00eb kontakt qoft\u00eb me konsumator\u00ebt ekzistues, ashtu edhe me ata potencial\u00eb. Kjo p\u00ebr arsye se ato ju mund\u00ebsojn\u00eb t&#8217;i targetoni klient\u00ebt qoft\u00eb n\u00eb pik\u00ebpamje demografike, gjeografike, profesioni apo edhe n\u00eb baz\u00eb t\u00eb sjelljeve dhe interesave t\u00eb tyre. Marketingu online u jep mund\u00ebsi bizneseve t\u00eb vogla q\u00eb me nj\u00eb investim modest t\u00eb arrijn\u00eb synimet e p\u00ebrcaktuara nga ta. Marketingu online ndihmon bizneset n\u00eb rritjen e numrit t\u00eb klient\u00ebve dhe n\u00eb rritjen e fitimeve m\u00eb shpejt dhe m\u00eb thjesht krahasuar me metodat tradicionale t\u00eb t\u00eb b\u00ebrit marketing.<\/p>\n<p>Me marketingun online fiton koh\u00eb n\u00eb promovimin e produkteve ose sh\u00ebrbimeve tuaja. Marketingu online nuk ka kufizime n\u00eb shtrirjen gjeografike t\u00eb firm\u00ebs suaj dhe arritja e klient\u00ebve tuaj potencial\u00eb p\u00ebrmes marketingut online \u00ebsht\u00eb m\u00eb i thjesht\u00eb. Marketingu online \u00ebsht\u00eb i shpejt\u00eb dhe i sigurt\u00eb.[\/vc_column_text]<hr class=\"vertical-space2\">[\/vc_column][vc_column width=&#8221;1\/2&#8243;][vc_single_image image=&#8221;9412&#8243; img_size=&#8221;full&#8221; alignment=&#8221;center&#8221;]<hr class=\"vertical-space2\">[\/vc_column][\/vc_row][vc_row][vc_column width=&#8221;1\/2&#8243;][vc_column_text]<\/p>\n<h4><strong>Pse ju nevojitet nj\u00eb menaxher p\u00ebr rrjetet sociale?<\/strong><\/h4>\n<p>&nbsp;<\/p>\n<h5><strong style=\"font-weght: 600;\">Klient\u00ebt tuaj jan\u00eb n\u00eb rrjetet sociale.<\/strong><\/h5>\n<p>Pa marr\u00eb parasysh se n\u00eb \u00e7far\u00eb industrie \u00ebsht\u00eb kompania juaj, klient\u00ebt tuaj p\u00ebrdorin mediat sociale p\u00ebrdit\u00eb. \u00cbsht\u00eb e r\u00ebnd\u00ebsishme q\u00eb t&#8217;i mbani t\u00eb angazhuar dhe t\u00eb lidhur me mark\u00ebn tuaj n\u00eb m\u00ebnyr\u00eb q\u00eb t\u00eb jeni gjithmon\u00eb opsioni i tyre i par\u00eb. Nuk ka rend\u00ebsi industria ku operoni, sepse konsumator\u00ebt jan\u00eb duke p\u00ebrdorur rrjetet sociale akoma m\u00eb shum\u00eb p\u00ebr t\u00eb k\u00ebrkuar informacion mbi sh\u00ebrbimet dhe produktet q\u00eb ju ofroni. T\u00eb qenurit gjithmon\u00eb prezent online \u00ebsht\u00eb gjithmon\u00eb nj\u00eb mund\u00ebsi p\u00ebr t\u00eb patur komunikim t\u00eb vazhdueshem me klient\u00ebt tuaj ekzistues dhe ata potencial\u00eb. Ju duhet t\u00eb jeni aty p\u00ebr t\u00eb mbajtur komunikim t\u00eb vazhduesh\u00ebm me ta, duhet t\u00eb jeni aty p\u00ebr t&#8217;i njohur me produktet dhe sh\u00ebrbimet e reja, ofertat dhe promocionet, p\u00ebr t\u00eb qen\u00eb gjithmon\u00eb zgjedhja e par\u00eb p\u00ebr klient\u00ebt tuaj. Me marketingun online, je gjithmon\u00eb pran\u00eb klientit.<\/p>\n<p>&nbsp;<\/p>\n<h5><strong style=\"font-weght: 600;\">Ka njer\u00ebz t\u00eb cil\u00ebt k\u00ebrkojn\u00eb p\u00ebr kompanine tuaj.<\/strong><\/h5>\n<p>N\u00ebse kompania juaj ofron nj\u00eb produkt ose sh\u00ebrbim, ka edhe njer\u00ebz q\u00eb k\u00ebrkojn\u00eb kompanit\u00eb q\u00eb ofrojn\u00eb at\u00eb. Ne ndihmojm\u00eb biznesin tuaj t\u00eb rritet p\u00ebrmes marketingut online dhe mediave sociale. Klient\u00ebt sot kan\u00eb gjithmon\u00eb nevoj\u00ebn p\u00ebr t&#8217;u informuar online ndaj ato gjithmon\u00eb do k\u00ebrkojn\u00eb p\u00ebr kompanin\u00eb tuaj online, ndaj marketingu online \u00ebsht\u00eb shum\u00eb i r\u00ebnd\u00ebsish\u00ebm. Rrjetet sociale p\u00ebrdoren nga shumica e njer\u00ebzve sot p\u00ebr t\u00eb k\u00ebrkuar dhe p\u00ebr t&#8217;u njohur me firmat dhe produktet q\u00eb ato ofrojn\u00eb. Koha e gjat\u00eb q\u00eb kalojn\u00eb njer\u00ebzit n\u00eb rrjetet sociale \u00ebsht\u00eb nj\u00eb tjet\u00ebr faktor q\u00eb e b\u00ebn marketingun online nj\u00eb zgjedhje shum\u00eb t\u00eb r\u00ebnd\u00ebsishme p\u00ebr industrin\u00eb tuaj, pavar\u00ebsisht madh\u00ebsise, sh\u00ebrbimit ose produktit q\u00eb ato ofrojn\u00eb dhe pavarsisht shtrirjes gjeografike t\u00eb biznesit tuaj dhe t\u00eb klienteve q\u00eb keni.<\/p>\n<h5><\/h5>\n<p>[\/vc_column_text][\/vc_column][vc_column width=&#8221;1\/2&#8243;][vc_column_text]<\/p>\n<h4><strong style=\"font-weght: 600;\">Njer\u00ebzit po flasin p\u00ebr kompanin\u00eb tuaj n\u00eb rrjetet sociale.<\/strong><\/h4>\n<p>Ju duhet t\u00eb d\u00ebgjoni at\u00eb q\u00eb klient\u00ebt tuaj po thon\u00eb p\u00ebr kompanin\u00eb tuaj n\u00eb mediat sociale dhe t&#8217;u p\u00ebrgjigjeni shqet\u00ebsimeve t\u00eb tyre. Sh\u00ebrbimet tona t\u00eb menaxhimit t\u00eb mediave sociale fokusohen n\u00eb theksimin e aspekteve pozitive t\u00eb asaj q\u00eb kompania juaj ka p\u00ebr t\u00eb ofruar dhe p\u00ebr t&#8217;iu p\u00ebrgjigjur sinqerisht v\u00ebrejtjeve negative. Prezenca online e firm\u00ebs suaj do t\u00eb thot\u00eb t\u00eb jeni prezent p\u00ebr klientet tuaj virtual, t\u00eb d\u00ebgjoni \u00e7far\u00eb ata thon\u00eb dhe t&#8217;ju p\u00ebrgjigjeni m\u00eb s\u00eb miri k\u00ebrkesave, kritikave dhe ndryshimeve q\u00eb ato mund t\u00eb sugjerojn\u00eb.<\/p>\n<p>&nbsp;<\/p>\n<h5>Kompanit\u00eb meritojn\u00eb menaxhimin prej ekspert\u00ebve t\u00eb mediave sociale.<\/h5>\n<p>Shumica e pronar\u00ebve t\u00eb bizneseve dhe menaxher\u00ebve t\u00eb marketingut nuk kan\u00eb koh\u00eb p\u00ebr t\u00eb menaxhuar t\u00eb gjitha kanalet e tyre t\u00eb mediave sociale. Evolve Studio ju ndihmon n\u00eb arritjen e q\u00ebllimeve tuaja t\u00eb marketingut online. Gjithashtu, ne ju ndihmojm\u00eb t\u00eb merrni maksimumin nga rrjetet sociale. Menaxhimi i sakt\u00eb i rrjeteve sociale \u00ebsht\u00eb nj\u00eb domosdoshm\u00ebri p\u00ebr t\u00eb patur sukses. Menaxhimi i rrjeteve sociale do t\u00eb thot\u00eb shfryt\u00ebzim sa m\u00eb i mir\u00eb i t\u00eb gjitha mund\u00ebsive q\u00eb t\u00eb ofrojn\u00eb rrjetet sociale. Menaxhimi i rrjeteve sociale duhet b\u00ebr\u00eb me shum\u00eb kujdes q\u00eb t\u00eb p\u00ebrcaktohet m\u00eb s\u00eb miri imazhi i kompanis\u00eb suaj, \u00e7far\u00eb ajo ofron dhe t\u00eb jet\u00eb konform k\u00ebrkesave dhe pritshm\u00ebrive t\u00eb klient\u00ebve ekzistues apo atyre potencial\u00eb. Menaxhimi i mediave sociale ofron mund\u00ebsin\u00eb e pozicionimit sa m\u00eb t\u00eb mir\u00eb t\u00eb biznesit tuaj n\u00eb bot\u00ebn virtuale. Menaxhimi i mediave sociale siguron rritjen e klienteve q\u00eb d\u00ebshirojn\u00eb t\u00eb blejn\u00eb produktet ose sh\u00ebrbimet e kompanis\u00eb suaj, rrit mund\u00ebsine e pasjes s\u00eb nj\u00eb numri akoma m\u00eb t\u00eb madh t\u00eb klient\u00ebve potencial\u00eb. Menaxhimi i mediave sociale rrit n\u00eb m\u00ebnyr\u00eb t\u00eb thjesht\u00eb dhe shum\u00eb t\u00eb shpejt\u00eb prezenc\u00ebn tuaj online si forma m\u00eb e mir\u00eb dhe m\u00eb fitimprur\u00ebse krahasuar me marketingun tradicional. Menaxhimi i mediave sociale do t\u00eb thot\u00eb qe t\u00eb jeni prezent gjithmon\u00eb n\u00eb rrjetet sociale, aty ku jan\u00eb dhe konsumator\u00ebt tuaj.[\/vc_column_text][\/vc_column][\/vc_row][vc_row][vc_column]<hr class=\"vertical-space3\">\n\t<div class=\"max-title max-title5\">\n\t\t<h1><strong>Pro\u00e7esi<\/strong> yn\u00eb<\/h2>\n\t<\/div><hr class=\"vertical-space1\"><div class=\"our-process-wrap\">\n\t\t\t\t<div class=\"our-process-item \">\n\t\t\t\t\t<i class=\"fa fa-cubes\"><\/i>\n\t\t\t\t\t<h4><strong>Krijimi i<\/strong> strategjis\u00eb<\/h4>\n\t\t\t\t\t<p><\/p>\n\t\t\t\t<\/div>\n\t\t\t\t<div class=\"our-process-item \">\n\t\t\t\t\t<i class=\"fa fa-bullhorn\"><\/i>\n\t\t\t\t\t<h4><strong>Menaxhimi i<\/strong> fushat\u00ebs<\/h4>\n\t\t\t\t\t<p><\/p>\n\t\t\t\t<\/div>\n\t\t\t\t<div class=\"our-process-item \">\n\t\t\t\t\t<i class=\"fa fa-male\"><\/i>\n\t\t\t\t\t<h4><strong>Menaxhimi i<\/strong> komunitetit<\/h4>\n\t\t\t\t\t<p><\/p>\n\t\t\t\t<\/div>\n\t\t\t\t<div class=\"our-process-item \">\n\t\t\t\t\t<i class=\"fa fa-pencil\"><\/i>\n\t\t\t\t\t<h4><strong>Krijimi i p\u00ebrmbajtjes<\/strong> origjinale<\/h4>\n\t\t\t\t\t<p><\/p>\n\t\t\t\t<\/div>\n\t\t\t\t<div class=\"our-process-item \">\n\t\t\t\t\t<i class=\"fa fa-area-chart\"><\/i>\n\t\t\t\t\t<h4><strong>Matja<\/strong> & Raportimi<\/h4>\n\t\t\t\t\t<p><\/p>\n\t\t\t\t<\/div><\/div><hr class=\"vertical-space5\">[\/vc_column][\/vc_row][vc_row][vc_column]\n\t<div class=\"max-title max-title3\">\n\t\t<h2>KLIENT\u00cbT TAN\u00cb<\/h2>\n\t<\/div><hr class=\"vertical-space1\"><div class=\"aligncenter\"><hr class=\"vertical-space1\"><div class=\"col-md-12 our-clients-wrap crsl\"><ul id=\"our-clients\" class=\"our-clients crsl\"><li><img alt=\"\" src=\"https:\/\/evolve.al\/admin\/core-wp\/..\/..\/site\/resources-global\/content-data\/uploads\/dga_logo_landscape_v1.jpg\"\/><\/li><li><img alt=\"\" src=\"https:\/\/evolve.al\/admin\/core-wp\/..\/..\/site\/resources-global\/content-data\/uploads\/ardeno-mobileri-al_logo_2.jpg\"\/><\/li><li><img alt=\"\" src=\"https:\/\/evolve.al\/admin\/core-wp\/..\/..\/site\/resources-global\/content-data\/uploads\/salillari-shpk_logo.jpg\"\/><\/li><li><img alt=\"\" src=\"https:\/\/evolve.al\/admin\/core-wp\/..\/..\/site\/resources-global\/content-data\/uploads\/alb-pastrim_logo.jpg\"\/><\/li><li><img alt=\"\" src=\"https:\/\/evolve.al\/admin\/core-wp\/..\/..\/site\/resources-global\/content-data\/uploads\/supersport_logo_v1.jpg\"\/><\/li><li><img alt=\"\" src=\"https:\/\/evolve.al\/admin\/core-wp\/..\/..\/site\/resources-global\/content-data\/uploads\/dpm-gov-al_logo.jpg\"\/><\/li><li><img alt=\"\" src=\"https:\/\/evolve.al\/admin\/core-wp\/..\/..\/site\/resources-global\/content-data\/uploads\/mmsr-gov-al_logo.jpg\"\/><\/li><li><img alt=\"\" src=\"https:\/\/evolve.al\/admin\/core-wp\/..\/..\/site\/resources-global\/content-data\/uploads\/biznes-albania_logo.jpg\"\/><\/li><li><img alt=\"\" src=\"https:\/\/evolve.al\/admin\/core-wp\/..\/..\/site\/resources-global\/content-data\/uploads\/su-shefqet-ndroqi_logo.jpg\"\/><\/li><li><img alt=\"\" src=\"https:\/\/evolve.al\/admin\/core-wp\/..\/..\/site\/resources-global\/content-data\/uploads\/ekb_logo.jpg\"\/><\/li><li><img alt=\"\" src=\"https:\/\/evolve.al\/admin\/core-wp\/..\/..\/site\/resources-global\/content-data\/uploads\/leon-kons_logo.jpg\"\/><\/li><li><img alt=\"\" src=\"https:\/\/evolve.al\/admin\/core-wp\/..\/..\/site\/resources-global\/content-data\/uploads\/alushi-trans-al_logo.jpg\"\/><\/li><\/ul><\/div><hr class=\"vertical-space2\"><\/div>[\/vc_column][\/vc_row][vc_row][vc_column][vc_column_text]<\/p>\n<p>[\/vc_column_text][\/vc_column][\/vc_row][vc_row row_type=&#8221;2&#8243; blox_height=&#8221;452&#8243; blox_image=&#8221;9705&#8243; blox_bgcolor=&#8221;#f7f7f7&#8243;][vc_column el_class=&#8221;aligncenter&#8221;]<hr class=\"vertical-space5\"><hr class=\"vertical-space1\">[vc_column_text]<\/p>\n<h1 style=\"text-align: center;\">Le t\u00eb fillojm\u00eb<br \/>\n<strong>projektin tuaj<\/strong><\/h1>\n<p>[\/vc_column_text]<hr class=\"vertical-space1\">[vc_column_text]<\/p>\n<p class=\"slog-tx2 aligncenter\">Ne do t\u2019ju ndihmojm\u00eb t\u00eb arrini q\u00ebllimet tuaja dhe t\u00eb rrisni biznesin tuaj.<\/p>\n<p>[\/vc_column_text]<hr class=\"vertical-space1\"><a href=\"http:\/\/evolve.al\/request-a-quote\/\" class=\"button skyblue  medium bordered-bot \" target=\"_self\">KERKO KONSULTIM<\/a><hr class=\"vertical-space4\">[\/vc_column][\/vc_row][vc_row][vc_column][vc_column_text]<\/p>\n<p>[\/vc_column_text][\/vc_column][\/vc_row][vc_row row_type=&#8221;2&#8243; blox_image=&#8221;9171&#8243; blox_cover=&#8221;false&#8221; blox_repeat=&#8221;repeat&#8221; blox_dark=&#8221;true&#8221; blox_bgcolor=&#8221;#00c2e5&#8243;][vc_column]<hr class=\"vertical-space3\">[vc_row_inner][vc_column_inner el_class=&#8221;aligncenter&#8221;][vc_column_text]<\/p>\n<h1 style=\"text-align: center;\">Projektet q\u00eb ne kemi <strong>p\u00ebrfunduar<\/strong><\/h1>\n<p style=\"text-align: center;\">Ne nd\u00ebrtojm\u00eb ura midis teknologjive t\u00eb internetit p\u00ebr t\u00eb b\u00ebr\u00eb realitet q\u00ebllimin e klient\u00ebve<\/p>\n<p>[\/vc_column_text]<a href=\"http:\/\/evolve.al\/projects\/\" class=\"button white  medium bordered-bot \" target=\"_self\">SHIKO PROJEKTET TONA<\/a>[\/vc_column_inner][\/vc_row_inner]<hr class=\"vertical-space2\">[\/vc_column][\/vc_row]<\/p>","protected":false},"excerpt":{"rendered":"<p>[vc_row row_type=&#8221;3&#8243; blox_image=&#8221;9334&#8243; align_center=&#8221;aligncenter&#8221; page_title=&#8221;page-title-x&#8221; blox_dark=&#8221;true&#8221; parallax_speed=&#8221;7&#8243;][vc_column][vc_column_text] MARKETING ONLINE N\u00cb RRJETET SOCIALE [\/vc_column_text][\/vc_column][\/vc_row][vc_row row_type=&#8221;2&#8243; page_title=&#8221;page-title-x&#8221; blox_padding_top=&#8221;50&#8243; blox_padding_bottom=&#8221;50&#8243; blox_bgcolor=&#8221;#f7f7f7&#8243;][vc_column width=&#8221;1\/6&#8243;][\/vc_column][vc_column width=&#8221;2\/3&#8243;][vc_column_text] Marketing online n\u00eb rrjetet sociale Mediat sociale jan\u00eb nj\u00eb mjet mjaft i fuqish\u00ebm i komunikimit. Ato mund t\u00eb ndihmojn\u00eb kompanit\u00eb t\u00eb arrijn\u00eb klient\u00ebt shpejt dhe leht\u00eb. Kjo i ndihmon ato q\u00eb t\u00eb rrisin pranin\u00eb e tyre online. N\u00ebse b\u00ebhet si\u00e7 duhet, marketingu i mediave sociale mund t\u00eb rris\u00eb efikasitetin e teknikave t\u00eb tjera t\u00eb marketingut online. K\u00ebtu p\u00ebrfshihen SEO dhe SEM. N\u00ebse hasni v\u00ebshtir\u00ebsi n\u00eb nd\u00ebrtimin e nj\u00eb strategjie p\u00ebr marketingun n\u00eb rrjetet sociale, ne mund t\u00eb ndihmojm\u00eb. Mediat sociale jan\u00eb nj\u00eb mjet mjaft i fuqish\u00ebm i komunikimit. Ato po njohin ditet e sotme nj\u00eb p\u00ebrdorim tejet t\u00eb madh. Rrjetet sociale jane nj\u00eb treg shum\u00eb i fuqish\u00ebm reklamimi. Shum\u00eb individ\u00eb jan\u00eb p\u00ebrdorues t\u00eb p\u00ebrditsh\u00ebm t\u00eb nj\u00eb apo disa rrjetetve sociale. K\u00ebshtu q\u00eb kompanit\u00eb dhe bizneset po i kushtojn\u00eb rend\u00ebsi t\u00eb madhe strategjive t\u00eb marketingut online n\u00eb rrjetet sociale. Me q\u00ebllim q\u00eb t\u00eb jen\u00eb prezent\u00eb me sh\u00ebrbimet dhe produktet e tyre atje ku konsumator\u00ebt jan\u00eb, marketingu online \u00ebsht\u00eb sot nj\u00eb zgjidhje e r\u00ebnd\u00ebsishme dhe e shpejt\u00eb. Marketingu online mund t\u00eb ndihmoj\u00eb kompanit\u00eb t\u00eb arrijn\u00eb klient\u00ebt e tyre shpejt dhe leht\u00eb. Marketingu online ndihmon kompanit\u00eb t\u00eb rrisin pranin\u00eb e tyre online. N\u00ebse b\u00ebhet si\u00e7 duhet, marketingu online me an\u00eb t\u00eb mediave sociale mund t\u00eb rris\u00eb efikasitetin e teknikave t\u00eb tjera t\u00eb marketingut online. K\u00ebtu p\u00ebrfshihen SEO dhe SEM. N\u00ebse hasni v\u00ebshtir\u00ebsi n\u00eb nd\u00ebrtimin e nj\u00eb strategjie p\u00ebr marketingun online n\u00eb rrjetet sociale, ne mund t\u00eb ndihmojm\u00eb. Rrjetet sociale jan\u00eb forma m\u00eb e leht\u00eb dhe m\u00eb e shpejt\u00eb q\u00eb t\u00eb rrisni mund\u00ebsit\u00eb e shitjeve dhe rritjen e konsumator\u00ebve t\u00eb produkteve ose sh\u00ebrbimeve tuaja. N\u00eb marketingun online n\u00ebp\u00ebrmjet rrjeteve sociale p\u00ebrfshihen p\u00ebrpjekjet e shumta dhe t\u00eb pandalshme q\u00eb realizohen n\u00eb rrjetet sociale p\u00ebr t\u00eb&#8230; <\/p>\n<p><a class=\"readmore\" href=\"https:\/\/evolve.al\/al\/marketing-online\/\">Continue Reading<\/a><\/p>\n","protected":false},"author":1,"featured_media":0,"parent":0,"menu_order":0,"comment_status":"closed","ping_status":"closed","template":"","meta":[],"_links":{"self":[{"href":"https:\/\/evolve.al\/al\/wp-json\/wp\/v2\/pages\/9407"}],"collection":[{"href":"https:\/\/evolve.al\/al\/wp-json\/wp\/v2\/pages"}],"about":[{"href":"https:\/\/evolve.al\/al\/wp-json\/wp\/v2\/types\/page"}],"author":[{"embeddable":true,"href":"https:\/\/evolve.al\/al\/wp-json\/wp\/v2\/users\/1"}],"replies":[{"embeddable":true,"href":"https:\/\/evolve.al\/al\/wp-json\/wp\/v2\/comments?post=9407"}],"version-history":[{"count":7,"href":"https:\/\/evolve.al\/al\/wp-json\/wp\/v2\/pages\/9407\/revisions"}],"predecessor-version":[{"id":11187,"href":"https:\/\/evolve.al\/al\/wp-json\/wp\/v2\/pages\/9407\/revisions\/11187"}],"wp:attachment":[{"href":"https:\/\/evolve.al\/al\/wp-json\/wp\/v2\/media?parent=9407"}],"curies":[{"name":"wp","href":"https:\/\/api.w.org\/{rel}","templated":true}]}}