{"id":9297,"date":"2016-03-30T12:50:23","date_gmt":"2016-03-30T12:50:23","guid":{"rendered":"http:\/\/webnus.biz\/themes\/easyweb\/design\/?page_id=9297"},"modified":"2019-01-17T11:47:53","modified_gmt":"2019-01-17T10:47:53","slug":"seo","status":"publish","type":"page","link":"https:\/\/evolve.al\/al\/seo\/","title":{"rendered":"Optimizimi i motor\u00ebve t\u00eb k\u00ebrkimit"},"content":{"rendered":"<p>[vc_row row_type=&#8221;3&#8243; blox_image=&#8221;9477&#8243; align_center=&#8221;aligncenter&#8221; page_title=&#8221;page-title-x&#8221; blox_dark=&#8221;true&#8221; parallax_speed=&#8221;7&#8243;][vc_column]<hr class=\"vertical-space5\"><hr class=\"vertical-space5\"><hr class=\"vertical-space3\">[vc_column_text]<\/p>\n<h2 class=\"respo-tagline\" style=\"text-align: center; letter-spacing: 1px;\"><strong>SEO<\/strong><\/h2>\n<p>[\/vc_column_text]<hr class=\"vertical-space5\"><hr class=\"vertical-space5\">[\/vc_column][\/vc_row][vc_row row_type=&#8221;2&#8243; page_title=&#8221;page-title-x&#8221; blox_padding_top=&#8221;50&#8243; blox_padding_bottom=&#8221;50&#8243; blox_bgcolor=&#8221;#f7f7f7&#8243;][vc_column width=&#8221;7\/12&#8243;]<hr class=\"vertical-space5\">[vc_column_text]<\/p>\n<h2><strong>Optimizimi i motor\u00ebve t\u00eb k\u00ebrkimit<\/strong><\/h2>\n<p>\u00cbsht\u00eb procesi i ndikimit n\u00eb dukshm\u00ebrin\u00eb e nj\u00eb faqe interneti ose t\u00eb nj\u00eb faqeje ueb n\u00eb rezultatet e papaguara t\u00eb nj\u00eb motori k\u00ebrkimi, shpesh t\u00eb referuara si rezultate &#8220;natyrale&#8221;, &#8220;organike&#8221; ose &#8220;t\u00eb fituara&#8221;. N\u00eb p\u00ebrgjith\u00ebsi, sa m\u00eb lart e renditur n\u00eb faqen e rezultateve t\u00eb k\u00ebrkimit dhe sa m\u00eb shpesh nj\u00eb faqe shfaqet n\u00eb list\u00ebn e rezultateve t\u00eb k\u00ebrkimit, aq m\u00eb shum\u00eb vizitor\u00eb do t\u00eb marrin nga p\u00ebrdoruesit e motor\u00ebve t\u00eb k\u00ebrkimit. SEO mund t\u00eb synoj\u00eb lloje t\u00eb ndryshme k\u00ebrkimi, duke p\u00ebrfshir\u00eb k\u00ebrkimin e imazhit, k\u00ebrkimin lokal, k\u00ebrkimin e videove, k\u00ebrkimin akademik, k\u00ebrkimim e lajmeve, etj.[\/vc_column_text]<hr class=\"vertical-space5\">[\/vc_column][vc_column width=&#8221;5\/12&#8243;][vc_single_image image=&#8221;9304&#8243; img_size=&#8221;full&#8221; alignment=&#8221;right&#8221; css_animation=&#8221;bottom-to-top&#8221;][\/vc_column][\/vc_row][vc_row][vc_column][vc_row_inner][vc_column_inner][vc_column_text]Kur \u00ebsht\u00eb fjala p\u00ebr optimizimin e motor\u00ebve t\u00eb k\u00ebrkimit p\u00ebr nje faqe interneti, disa biznese mund t\u00eb frik\u00ebsohen p\u00ebr shkak t\u00eb sasis\u00eb s\u00eb informacionit atje. Dhe shpesh, n\u00ebse nuk kan\u00eb ndihm\u00ebn e nj\u00eb konsulenti SEO, ata nuk do t\u00eb b\u00ebjn\u00eb asgj\u00eb.<\/p>\n<p>\u00c7do biznes duhet t\u00eb investoj\u00eb n\u00eb optimizimin e motor\u00ebve t\u00eb k\u00ebrkimit. Optimizimi i motor\u00ebve t\u00eb k\u00ebrkimit \u00ebsht\u00eb procesi i optimizimit t\u00eb faqes tuaj per te maksimizuar trafikun organik.<\/p>\n<p>Ja disa nga arsyet se p\u00ebrse duhet t\u00eb konsideroni SEO-n si hallk\u00eb ky\u00e7e e biznesit tuaj.<\/p>\n<p><strong>Ka njer\u00ebz q\u00eb k\u00ebrkojn\u00eb produktet ose sh\u00ebrbimet tuaja n\u00eb motor\u00ebt e kerkimit. <\/strong><\/p>\n<p>Ka mbi 2 miliard\u00eb njer\u00ebz q\u00eb jan\u00eb online. 93% e aktiviteteve online fillojn\u00eb n\u00eb nj\u00eb motor k\u00ebrkimi. Cdo sekond\u00eb kryhen rreth 40,000 k\u00ebrkime dhe 3.5 miliard k\u00ebrkime n\u00eb dit\u00eb. Ka miliona mund\u00ebsi p\u00ebr biznesin tuaj q\u00eb t\u00eb gjenden n\u00eb motor\u00ebt e k\u00ebrkimit. Nj\u00eb nga p\u00ebrfitimet m\u00eb t\u00eb r\u00ebnd\u00ebsishme t\u00eb SEO \u00ebsht\u00eb se klient\u00ebt tuaj po p\u00ebrdorin motor\u00eb k\u00ebrkimi \u00e7do dit\u00eb.<\/p>\n<p><strong>Trafiku SEO ka m\u00eb shum\u00eb gjasa t\u00eb konvertohet<\/strong><\/p>\n<p>Trafiku SEO ka m\u00eb shum\u00eb gjasa t\u00eb konvertohet sesa burimet e tjera t\u00eb trafikut. N\u00eb fakt, ky lloj trafiku ka normat m\u00eb t\u00eb mira t\u00eb konvertimit p\u00ebr shumic\u00ebn e faqeve t\u00eb internetit. Duke pozicionuar veten n\u00eb motor\u00ebt e k\u00ebrkimit, ju ndihmoni biznesin tuaj p\u00ebr t\u00eb rritur m\u00eb tep\u00ebr konvertimet dhe t\u00eb rrisni gjithashtu dukshm\u00ebrin\u00eb tuaj.<\/p>\n<p><strong>SEO \u00ebsht\u00eb nj\u00eb strategji afatgjat\u00eb<\/strong><\/p>\n<p>SEO \u00ebsht\u00eb nj\u00eb strategji afatgjat\u00eb. Ashtu sikurse \u00e7do gj\u00eb q\u00eb v\u00ebrtet ia vlen, edhe SEO k\u00ebrkon pak koh\u00eb q\u00eb t\u00eb jap\u00eb rezultate. Mund t\u00eb duhen 6-12 muaj p\u00ebr t\u00eb par\u00eb renditjen optimale. Megjithat\u00eb, ashtu si\u00e7 k\u00ebrkon koh\u00eb p\u00ebr t\u00eb l\u00ebvizur lart n\u00eb renditje, duhet koh\u00eb p\u00ebr t\u00eb r\u00ebn\u00eb posht\u00eb. Pasi t\u00eb renditeni lart n\u00eb Google, rrall\u00eb shkoni posht\u00eb. E vetmja arsye q\u00eb kjo do t\u00eb ndryshoj\u00eb \u00ebsht\u00eb p\u00ebr shkak t\u00eb rritjes s\u00eb konkurrenc\u00ebs s\u00eb SEO ose ndryshimeve n\u00eb algoritmin e Google.<\/p>\n<p><strong>Konkurrent\u00ebt tuaj po p\u00ebrdorin SEO p\u00ebr t&#8217;u rritur<br \/>\n<\/strong><br \/>\n&#8220;Vrisni ose vrituni&#8221;. Klient\u00ebt tuaj fillojn\u00eb udh\u00ebtimin e tyre n\u00eb internet me nj\u00eb k\u00ebrkim. Konkurrent\u00ebt tuaj po p\u00ebrdorin k\u00ebrkimin p\u00ebr t\u00eb rritur biznesin e tyre. Her\u00ebt ose von\u00eb, n\u00ebse nuk po p\u00ebrdorni k\u00ebrkimin p\u00ebr t\u00eb rritur biznesin tuaj, nuk do t\u00eb keni nj\u00eb biznes!<\/p>\n<p><strong>SEO mund t&#8217;u jap\u00eb bizneseve m\u00eb t\u00eb vogla nj\u00eb avantazh kundrejt kompanive t\u00eb m\u00ebdha<\/strong><\/p>\n<p>N\u00ebse keni nj\u00eb biznes t\u00eb vog\u00ebl, mund ta keni kuptuar q\u00eb \u00ebsht\u00eb e v\u00ebshtir\u00eb t\u00eb kalosh konkurrent\u00ebt m\u00eb t\u00eb m\u00ebdhenj n\u00eb AdWords. Megjithat\u00eb, nj\u00eb strategji SEO efektive mund t\u00eb jet\u00eb m\u00ebnyra juaj p\u00ebr t\u00eb fituar renditje m\u00eb t\u00eb larta. Nd\u00ebrkoh\u00eb q\u00eb kompanit\u00eb m\u00eb t\u00eb m\u00ebdha mb\u00ebshteten n\u00eb reklamat, ju mund t\u00eb mb\u00ebshteteni n\u00eb nj\u00eb strategji SEO p\u00ebr t\u00eb t\u00ebrhequr sa m\u00eb tep\u00ebr klient\u00eb.<\/p>\n<p><strong>SEO rrit vler\u00ebn e biznesit tuaj<\/strong><\/p>\n<p>Biznesi juaj b\u00ebhet m\u00eb i vlefsh\u00ebm pasi renditja e kompanis\u00eb tuaj n\u00eb Google dhe motor\u00ebt e tjer\u00eb t\u00eb k\u00ebrkimit rritet. N\u00ebse jeni n\u00eb treg p\u00ebr t\u00eb shitur biznesin tuaj, shum\u00eb bler\u00ebs do e shohin renditjen e mire ne Google si nj\u00eb aset t\u00eb \u00e7muar. Kjo ka t\u00eb ngjar\u00eb, sepse renditja fal\u00eb SEO ka tendenc\u00eb t\u00eb mbaj\u00eb vler\u00ebn e saj dhe t\u00eb mb\u00ebshtetet p\u00ebrgjat\u00eb viteve.<\/p>\n<p><strong>SEO \u00ebsht\u00eb strategjia m\u00eb e mir\u00eb e PR<\/strong><\/p>\n<p>SEO \u00ebsht\u00eb strategjia e re &#8220;PR&#8221;. Kjo i ben Public Relations(PER) t\u00eb ken\u00eb kuptim. N\u00eb m\u00ebnyr\u00eb q\u00eb t\u00eb renditeni lart n\u00eb motor\u00ebt e k\u00ebrkimit, ju duhet t\u00eb keni backlinks cil\u00ebsor\u00eb. Backlinks jan\u00eb lidhje nga faqet e internetit t\u00eb jashtme q\u00eb lidhen me faqen tuaj te internetit. Sa m\u00eb shum\u00eb q\u00eb keni, aq m\u00eb e r\u00ebnd\u00ebsishme \u00ebsht\u00eb faqja juaj. Sa m\u00eb e r\u00ebnd\u00ebsishme t\u00eb jet\u00eb faqja juaj e internetit, aq m\u00eb lart do t\u00eb renditet. Fitimi i backlinks cil\u00ebsor\u00eb mund t\u00eb k\u00ebrkoj\u00eb publicitet. Sa m\u00eb shum\u00eb publicitet keni, aq m\u00eb shum\u00eb mund\u00ebsi q\u00eb t\u00eb fitoni backlink cil\u00ebsor\u00eb. T\u00eb dyja shkojn\u00eb krah p\u00ebr krah.<\/p>\n<p><strong>SEO do t\u00eb rris\u00eb ndjek\u00ebsit tuaj n\u00eb mediat sociale.<\/strong><\/p>\n<p>SEO do t\u00eb shtoj\u00eb m\u00eb shum\u00eb ndjek\u00ebs t\u00eb medias sociale. Nd\u00ebrsa vizitor\u00ebt tuaj po k\u00ebrkojn\u00eb faqen tuaj t\u00eb internetit, ata ka t\u00eb ngjar\u00eb t\u00eb klikojn\u00eb ikonat e mediave tuaja sociale p\u00ebr t&#8217;ju ndjekur. Nj\u00eb fushat\u00eb efektive SEO do t\u00eb krijoj\u00eb mij\u00ebra vizitor\u00eb t\u00eb internetit, t\u00eb cilat mund t\u00eb prisni t\u00eb p\u00ebrktheni n\u00eb nj\u00eb p\u00ebrqindje m\u00eb t\u00eb vog\u00ebl t\u00eb pasuesve.<\/p>\n<p><strong>SEO do t\u00eb rris\u00eb trafikun e blogut tuaj<br \/>\n<\/strong><br \/>\nSEO do t\u00eb rris\u00eb trafikun e blogut tuaj. Nd\u00ebrsa autoriteti i internetit tuaj ngrihet me motor\u00ebt e k\u00ebrkimit, disa gj\u00ebra do t\u00eb ndodhin. Rangimi individual i blogut n\u00eb Google do t\u00eb rritet. P\u00ebrmbajtja e blogut ka m\u00eb shum\u00eb gjasa t\u00eb gjendet n\u00eb Google. Dhe s\u00eb fundmi, ka gjasa q\u00eb t\u00eb fitoni m\u00eb shum\u00eb trafik t\u00eb referimit nga faqja juaj e internetit duke promovuar blogun tuaj n\u00eb t\u00eb gjith\u00eb faqen tuaj.<\/p>\n<p><strong>SEO \u00ebsht\u00eb investimi m\u00eb i zgjuar i marketingut q\u00eb mund t\u00eb b\u00ebni<\/strong><\/p>\n<p>P\u00ebrfitimet e SEO jan\u00eb t\u00eb pafundme. SEO \u00ebsht\u00eb investimi m\u00eb i zgjuar i marketingut q\u00eb mund t\u00eb b\u00ebni. \u00cbsht\u00eb nj\u00eb pasuri afatgjat\u00eb p\u00ebr biznesin tuaj. Ai gjeneron trafikun, drejton dhe shitjet. Nuk k\u00ebrkon ndonj\u00eb reklamim. Klient\u00ebt tuaj po k\u00ebrkojn\u00eb n\u00eb t\u00eb tani. Dhe, nj\u00eb nga konkurrent\u00ebt tuaj po rrit biznesin tuaj n\u00eb m\u00ebnyr\u00eb t\u00eb konsiderueshme nga ajo. N\u00ebse doni t\u00eb rriteni biznesin tuaj pa telefonime t\u00eb ftohta, rrjet\u00ebzime ose forma t\u00eb tjera t\u00eb reklamimit &#8220;shtytje&#8221;, investoni n\u00eb nj\u00eb fushat\u00eb SEO sot.<\/p>\n<p>[\/vc_column_text][\/vc_column_inner][\/vc_row_inner]<hr class=\"vertical-space5\">\n\t<div class=\"max-title max-title3\">\n\t\t<h1>Rriteni biznesin tuaj ne <strong>nj\u00cb tjet\u00cbr nivel<\/strong><\/h2>\n\t<\/div>[vc_column_text]<\/p>\n<p class=\"slog-tx2 aligncenter\">Evolve Studio mund t\u00eb rris\u00eb renditjen e nj\u00eb faqeje n\u00eb motor\u00ebt e ndrysh\u00ebm t\u00eb k\u00ebrkimit dhe trafikun e vizitor\u00ebve. Ekspertiza e ofruar nga stafi yn\u00eb teknik na mund\u00ebson q\u00eb t\u00eb p\u00ebrmbushim me sukses nevojat e kompanive me faqe interneti komplekse dhe n\u00eb industri konkurruese.<\/p>\n<p>[\/vc_column_text][\/vc_column][\/vc_row][vc_row][vc_column width=&#8221;1\/12&#8243;][\/vc_column][vc_column width=&#8221;5\/12&#8243;]<hr class=\"vertical-space5\"><hr class=\"vertical-space4\">[vc_column_text]<\/p>\n<h4><strong>Analizimi i web-it<\/strong><\/h4>\n<p>Ne s\u00eb pari analizojm\u00eb nj\u00eb faqe interneti, e ndjekur nga nj\u00eb plan hap pas hapi p\u00ebr t\u00eb lejuar at\u00eb q\u00eb p\u00ebrmes fjal\u00ebve ky\u00e7e t\u00eb komunikoj\u00eb efektivisht me motor\u00ebt e k\u00ebrkimit. Q\u00ebllimi yn\u00eb p\u00ebrfundimtar \u00ebsht\u00eb q\u00eb klient\u00ebt tan\u00eb t\u00eb ken\u00eb sa m\u00eb tep\u00ebr vizitor\u00eb, gj\u00eb e cila p\u00ebrkthehet n\u00eb m\u00eb shum\u00eb shitje.[\/vc_column_text]<hr class=\"vertical-space2\">[\/vc_column][vc_column width=&#8221;6\/12&#8243;]<hr class=\"vertical-space2\">[vc_single_image image=&#8221;9457&#8243; img_size=&#8221;full&#8221;]<hr class=\"vertical-space1\">[\/vc_column][\/vc_row][vc_row][vc_column]<hr><hr class=\"vertical-space3\">\n\t<div class=\"max-title max-title3\">\n\t\t<h1>SI E <strong>B\u00cbJM\u00cb<\/strong><\/h2>\n\t<\/div>[vc_column_text]<\/p>\n<p class=\"slog-tx2 aligncenter\">Para se t\u00eb filloni nj\u00eb projekt t\u00eb optimizimit t\u00eb motor\u00ebve t\u00eb k\u00ebrkimit (SEO), \u00ebsht\u00eb e r\u00ebnd\u00ebsishme t\u00eb kuptoni hapat n\u00eb t\u00eb cilat duhet t\u00eb kaloj\u00eb nj\u00eb fushat\u00eb efektive SEO. Evolve Studio u sh\u00ebrben klient\u00ebve t\u00eb cil\u00ebt k\u00ebrkojn\u00eb nj\u00eb qasje ndryshe dhe q\u00eb synojn\u00eb t\u00eb rriten m\u00eb shum\u00eb.<\/p>\n<p>[\/vc_column_text]<hr class=\"vertical-space1\"><div class=\"our-process-wrap\">\n\t\t\t\t<div class=\"our-process-item \">\n\t\t\t\t\t<i class=\"fa fa-key\"><\/i>\n\t\t\t\t\t<h4>K\u00cbRKIMI I <strong>FJAL\u00cbVE KYCE<\/strong> RESEARCH<\/h4>\n\t\t\t\t\t<p>Densiteti me fjal\u00eb ky\u00e7e ju tregon sa shpesh shfaqet nj\u00eb term k\u00ebrkimi n\u00eb nj\u00eb tekst n\u00eb lidhje me numrin e p\u00ebrgjithsh\u00ebm t\u00eb fjal\u00ebve q\u00eb p\u00ebrmban<\/p>\n\t\t\t\t<\/div>\n\t\t\t\t<div class=\"our-process-item \">\n\t\t\t\t\t<i class=\"fa fa-flask\"><\/i>\n\t\t\t\t\t<h4>OPTIMIZIMI <strong>ONSITE<\/strong><\/h4>\n\t\t\t\t\t<p>Optimizimi n\u00eb faqe i referohet t\u00eb gjitha masave q\u00eb mund t\u00eb merren drejtp\u00ebrs\u00ebdrejti brenda faqes s\u00eb internetit n\u00eb m\u00ebnyr\u00eb q\u00eb t\u00eb p\u00ebrmir\u00ebsohet pozicioni i saj<\/p>\n\t\t\t\t<\/div>\n\t\t\t\t<div class=\"our-process-item \">\n\t\t\t\t\t<i class=\"fa fa-anchor\"><\/i>\n\t\t\t\t\t<h4>KRIJIMI I<strong>LINK-EVE<\/strong><\/h4>\n\t\t\t\t\t<p>N\u00eb fush\u00ebn e SEO, nd\u00ebrtimi i lidhjeve p\u00ebrshkruan veprime q\u00eb synojn\u00eb rritjen e numrit dhe cil\u00ebsis\u00eb s\u00eb lidhjeve p\u00ebrbrenda n\u00eb nj\u00eb faqe interneti<\/p>\n\t\t\t\t<\/div>\n\t\t\t\t<div class=\"our-process-item \">\n\t\t\t\t\t<i class=\"fa fa-bar-chart\"><\/i>\n\t\t\t\t\t<h4><strong>RAPORTIMIET<\/strong> DHE ANALIZAT<\/h4>\n\t\t\t\t\t<p>Rishikimi yn\u00eb i SEO p\u00ebrb\u00ebhet nga disa faktor\u00eb si p\u00ebrmbajtja, struktura lidh\u00ebse, p\u00ebrpjekjet e mediave sociale dhe besimi i tij n\u00eb internet<\/p>\n\t\t\t\t<\/div><\/div><hr class=\"vertical-space4\">[\/vc_column][\/vc_row][vc_row row_type=&#8221;2&#8243; blox_bgcolor=&#8221;#f9f9f9&#8243;][vc_column]<hr class=\"vertical-space4\">[vc_row_inner][vc_column_inner width=&#8221;1\/4&#8243;]<hr class=\"vertical-space2\"><div class=\"s-counter max-counter\" data-effecttype=\"counter\" data-counter=\"6\"><i class=\"icon-counter sl-key\" style=\"color:#a2d67e\"><\/i><span class=\"max-count\">6<\/span><span class=\"suf-counter\">x<\/span><h5>Rritje ne rankim nga flalet kyce<\/h5><\/div><hr class=\"vertical-space1\">[\/vc_column_inner][vc_column_inner width=&#8221;1\/4&#8243;]<hr class=\"vertical-space2\"><div class=\"s-counter max-counter\" data-effecttype=\"counter\" data-counter=\"398\"><i class=\"icon-counter sl-globe-alt\" style=\"color:#fb8b4b\"><\/i><span class=\"max-count\">398<\/span><span class=\"suf-counter\">%<\/span><h5>Rritje te trafikut organik<\/h5><\/div><hr class=\"vertical-space1\">[\/vc_column_inner][vc_column_inner width=&#8221;1\/4&#8243;]<hr class=\"vertical-space2\"><div class=\"s-counter max-counter\" data-effecttype=\"counter\" data-counter=\"1105\"><i class=\"icon-counter sl-rocket\" style=\"color:#b78ce2\"><\/i><span class=\"max-count\">1105<\/span><span class=\"suf-counter\">%<\/span><h5>Rritje ne 10 vendet e para<\/h5><\/div><hr class=\"vertical-space1\">[\/vc_column_inner][vc_column_inner width=&#8221;1\/4&#8243;]<hr class=\"vertical-space2\"><div class=\"s-counter max-counter\" data-effecttype=\"counter\" data-counter=\"60\"><i class=\"icon-counter sl-hourglass\" style=\"color:#19d1e5\"><\/i><span class=\"max-count\">60<\/span><span class=\"suf-counter\">%<\/span><h5>Rritja e vizitave ne Web<\/h5><\/div><hr class=\"vertical-space1\">[\/vc_column_inner][\/vc_row_inner]<hr class=\"vertical-space3\">[\/vc_column][\/vc_row][vc_row row_type=&#8221;2&#8243; blox_image=&#8221;9532&#8243; blox_padding_top=&#8221;90&#8243; blox_padding_bottom=&#8221;60&#8243; blox_dark=&#8221;true&#8221; blox_bgcolor=&#8221;#00c2e5&#8243;][vc_column]\n\t<div class=\"max-title max-title3\">\n\t\t<h1><strong>Perse Seo ju sjell perfitime<\/strong> ne biznesin tuaj?<\/h2>\n\t<\/div><hr class=\"vertical-space2\">[\/vc_column][vc_column width=&#8221;1\/3&#8243;]<article class=\"icon-box20\" ><i class=\"sl-directions\" style=\"\"><\/i><h4>Rendesia ne <strong>Renditje <\/strong><\/h4><p>Hulumtimet e k\u00ebtij viti tregojn\u00eb se rreth 85% e t\u00eb gjitha faqeve t\u00eb internetit gjenden n\u00ebp\u00ebrmjet motor\u00ebve t\u00eb k\u00ebrkimit<\/p><\/article><hr class=\"vertical-space1\"><article class=\"icon-box20\" ><i class=\"sl-flag\" style=\"\"><\/i><h4>Motorr kerkimi me te <strong>Forte<\/strong><\/h4><p>96% e p\u00ebrdoruesve t\u00eb internetit fillojn\u00eb k\u00ebrkimin e tyre p\u00ebrmes nj\u00eb motor k\u00ebrkimi t\u00eb madh (Google, Bing, Yahoo, AOL)<\/p><\/article>[\/vc_column][vc_column width=&#8221;1\/3&#8243;]<article class=\"icon-box20\" ><i class=\"sl-bulb\" style=\"\"><\/i><h4>Strategji <strong>Efektive <\/strong><\/h4><p>SEO ju lejon mund\u00ebsin\u00eb p\u00ebr t\u00eb zgjedhur fraza fjal\u00ebsh p\u00ebr k\u00ebrkimet e kryera nga klient\u00ebt potencial\u00eb<\/p><\/article><hr class=\"vertical-space1\"><article class=\"icon-box20\" ><i class=\"sl-layers\" style=\"\"><\/i><h4><strong>342 billion <\/strong>Rezultate Kerkimi<\/h4><p>N\u00eb janar 2017, m\u00eb shum\u00eb se 17.5 miliard\u00eb k\u00ebrkime u kryen me 342 miliard\u00eb rezultate k\u00ebrkimi<\/p><\/article>[\/vc_column][vc_column width=&#8221;1\/3&#8243;]<article class=\"icon-box20\" ><i class=\"sl-bell\" style=\"\"><\/i><h4><strong>Sjellja <\/strong>e Vizitoreve<\/h4><p>Web-i i mire SEO dhe k\u00ebrkimi miq\u00ebsor i uebit do t\u00eb ndihmojn\u00eb t\u00eb sjellin vizitor\u00ebt n\u00eb faqen tuaj <\/p><\/article><hr class=\"vertical-space1\"><article class=\"icon-box20\" ><i class=\"sl-eyeglass\" style=\"\"><\/i><h4>Perceptimi i <strong>Klienteve <\/strong><\/h4><p>Perceptimi i konsumatorit \u00ebsht\u00eb se sa m\u00eb i lart\u00eb nj\u00eb faqe interneti renditet n\u00eb nj\u00eb motor k\u00ebrkimi<\/p><\/article>[\/vc_column][\/vc_row][vc_row][vc_column]<hr class=\"vertical-space4\">\n\t<div class=\"max-title max-title3\">\n\t\t<h2>KLIENTET TANE<\/h2>\n\t<\/div><hr class=\"vertical-space1\"><div class=\"aligncenter\"><hr class=\"vertical-space1\"><div class=\"col-md-12 our-clients-wrap crsl\"><ul id=\"our-clients\" class=\"our-clients crsl\"><li><img alt=\"\" src=\"https:\/\/evolve.al\/admin\/core-wp\/..\/..\/site\/resources-global\/content-data\/uploads\/dga_logo_landscape_v1.jpg\"\/><\/li><li><img alt=\"\" src=\"https:\/\/evolve.al\/admin\/core-wp\/..\/..\/site\/resources-global\/content-data\/uploads\/ardeno-mobileri-al_logo_2.jpg\"\/><\/li><li><img alt=\"\" src=\"https:\/\/evolve.al\/admin\/core-wp\/..\/..\/site\/resources-global\/content-data\/uploads\/salillari-shpk_logo.jpg\"\/><\/li><li><img alt=\"\" src=\"https:\/\/evolve.al\/admin\/core-wp\/..\/..\/site\/resources-global\/content-data\/uploads\/alb-pastrim_logo.jpg\"\/><\/li><li><img alt=\"\" src=\"https:\/\/evolve.al\/admin\/core-wp\/..\/..\/site\/resources-global\/content-data\/uploads\/supersport_logo_v1.jpg\"\/><\/li><li><img alt=\"\" src=\"https:\/\/evolve.al\/admin\/core-wp\/..\/..\/site\/resources-global\/content-data\/uploads\/dpm-gov-al_logo.jpg\"\/><\/li><li><img alt=\"\" src=\"https:\/\/evolve.al\/admin\/core-wp\/..\/..\/site\/resources-global\/content-data\/uploads\/mmsr-gov-al_logo.jpg\"\/><\/li><li><img alt=\"\" src=\"https:\/\/evolve.al\/admin\/core-wp\/..\/..\/site\/resources-global\/content-data\/uploads\/biznes-albania_logo.jpg\"\/><\/li><li><img alt=\"\" src=\"https:\/\/evolve.al\/admin\/core-wp\/..\/..\/site\/resources-global\/content-data\/uploads\/su-shefqet-ndroqi_logo.jpg\"\/><\/li><li><img alt=\"\" src=\"https:\/\/evolve.al\/admin\/core-wp\/..\/..\/site\/resources-global\/content-data\/uploads\/ekb_logo.jpg\"\/><\/li><li><img alt=\"\" src=\"https:\/\/evolve.al\/admin\/core-wp\/..\/..\/site\/resources-global\/content-data\/uploads\/leon-kons_logo.jpg\"\/><\/li><li><img alt=\"\" src=\"https:\/\/evolve.al\/admin\/core-wp\/..\/..\/site\/resources-global\/content-data\/uploads\/alushi-trans-al_logo.jpg\"\/><\/li><\/ul><\/div><hr class=\"vertical-space2\"><\/div>[\/vc_column][\/vc_row][vc_row row_type=&#8221;2&#8243; blox_height=&#8221;452&#8243; blox_bgcolor=&#8221;#f7f7f7&#8243;][vc_column el_class=&#8221;aligncenter&#8221;]<hr class=\"vertical-space5\"><hr class=\"vertical-space1\">[vc_column_text]<\/p>\n<h1 style=\"text-align: center;\">Le t\u00eb fillojm\u00eb<br \/>\n<strong>projektin tuaj<\/strong><\/h1>\n<p>[\/vc_column_text]<hr class=\"vertical-space1\">[vc_column_text]<\/p>\n<p class=\"slog-tx2 aligncenter\">Ne p\u00ebrq\u00ebndrohemi n\u00eb funksionimin e thjesht\u00eb dhe p\u00ebrdorshm\u00ebrin\u00eb e faqes tuaj si dhe menaxhimin si nj\u00eb aset i \u00e7muar biznesi. Ne sigurohemi q\u00eb p\u00ebrmbajtja jote t\u00eb shp\u00ebrndahet n\u00eb m\u00ebnyr\u00eb t\u00eb till\u00eb q\u00eb vizitor\u00ebt t\u00eb gjejn\u00eb leht\u00ebsisht informacionin q\u00eb k\u00ebrkojn\u00eb, duke rezultuar n\u00eb nj\u00eb p\u00ebrvoj\u00eb t\u00eb k\u00ebndshme p\u00ebrdorimi.<\/p>\n<p>[\/vc_column_text]<hr class=\"vertical-space1\"><a href=\"http:\/\/evolve.al\/request-a-quote\/\" class=\"button skyblue  medium bordered-bot \" target=\"_self\">KERKO KONSULTIM<\/a><hr class=\"vertical-space4\">[\/vc_column][\/vc_row]<\/p>","protected":false},"excerpt":{"rendered":"<p>[vc_row row_type=&#8221;3&#8243; blox_image=&#8221;9477&#8243; align_center=&#8221;aligncenter&#8221; page_title=&#8221;page-title-x&#8221; blox_dark=&#8221;true&#8221; parallax_speed=&#8221;7&#8243;][vc_column][vc_column_text] SEO [\/vc_column_text][\/vc_column][\/vc_row][vc_row row_type=&#8221;2&#8243; page_title=&#8221;page-title-x&#8221; blox_padding_top=&#8221;50&#8243; blox_padding_bottom=&#8221;50&#8243; blox_bgcolor=&#8221;#f7f7f7&#8243;][vc_column width=&#8221;7\/12&#8243;][vc_column_text] Optimizimi i motor\u00ebve t\u00eb k\u00ebrkimit \u00cbsht\u00eb procesi i ndikimit n\u00eb dukshm\u00ebrin\u00eb e nj\u00eb faqe interneti ose t\u00eb nj\u00eb faqeje ueb n\u00eb rezultatet e papaguara t\u00eb nj\u00eb motori k\u00ebrkimi, shpesh t\u00eb referuara si rezultate &#8220;natyrale&#8221;, &#8220;organike&#8221; ose &#8220;t\u00eb fituara&#8221;. N\u00eb p\u00ebrgjith\u00ebsi, sa m\u00eb lart e renditur n\u00eb faqen e rezultateve t\u00eb k\u00ebrkimit dhe sa m\u00eb shpesh nj\u00eb faqe shfaqet n\u00eb list\u00ebn e rezultateve t\u00eb k\u00ebrkimit, aq m\u00eb shum\u00eb vizitor\u00eb do t\u00eb marrin nga p\u00ebrdoruesit e motor\u00ebve t\u00eb k\u00ebrkimit. SEO mund t\u00eb synoj\u00eb lloje t\u00eb ndryshme k\u00ebrkimi, duke p\u00ebrfshir\u00eb k\u00ebrkimin e imazhit, k\u00ebrkimin lokal, k\u00ebrkimin e videove, k\u00ebrkimin akademik, k\u00ebrkimim e lajmeve, etj.[\/vc_column_text][\/vc_column][vc_column width=&#8221;5\/12&#8243;][vc_single_image image=&#8221;9304&#8243; img_size=&#8221;full&#8221; alignment=&#8221;right&#8221; css_animation=&#8221;bottom-to-top&#8221;][\/vc_column][\/vc_row][vc_row][vc_column][vc_row_inner][vc_column_inner][vc_column_text]Kur \u00ebsht\u00eb fjala p\u00ebr optimizimin e motor\u00ebve t\u00eb k\u00ebrkimit p\u00ebr nje faqe interneti, disa biznese mund t\u00eb frik\u00ebsohen p\u00ebr shkak t\u00eb sasis\u00eb s\u00eb informacionit atje. Dhe shpesh, n\u00ebse nuk kan\u00eb ndihm\u00ebn e nj\u00eb konsulenti SEO, ata nuk do t\u00eb b\u00ebjn\u00eb asgj\u00eb. \u00c7do biznes duhet t\u00eb investoj\u00eb n\u00eb optimizimin e motor\u00ebve t\u00eb k\u00ebrkimit. Optimizimi i motor\u00ebve t\u00eb k\u00ebrkimit \u00ebsht\u00eb procesi i optimizimit t\u00eb faqes tuaj per te maksimizuar trafikun organik. Ja disa nga arsyet se p\u00ebrse duhet t\u00eb konsideroni SEO-n si hallk\u00eb ky\u00e7e e biznesit tuaj. Ka njer\u00ebz q\u00eb k\u00ebrkojn\u00eb produktet ose sh\u00ebrbimet tuaja n\u00eb motor\u00ebt e kerkimit. Ka mbi 2 miliard\u00eb njer\u00ebz q\u00eb jan\u00eb online. 93% e aktiviteteve online fillojn\u00eb n\u00eb nj\u00eb motor k\u00ebrkimi. Cdo sekond\u00eb kryhen rreth 40,000 k\u00ebrkime dhe 3.5 miliard k\u00ebrkime n\u00eb dit\u00eb. Ka miliona mund\u00ebsi p\u00ebr biznesin tuaj q\u00eb t\u00eb gjenden n\u00eb motor\u00ebt e k\u00ebrkimit. Nj\u00eb nga p\u00ebrfitimet m\u00eb t\u00eb r\u00ebnd\u00ebsishme t\u00eb SEO \u00ebsht\u00eb se klient\u00ebt tuaj po p\u00ebrdorin motor\u00eb k\u00ebrkimi \u00e7do dit\u00eb. Trafiku SEO ka m\u00eb shum\u00eb gjasa t\u00eb konvertohet Trafiku SEO ka m\u00eb shum\u00eb gjasa t\u00eb konvertohet sesa burimet e tjera t\u00eb trafikut. N\u00eb&#8230; <\/p>\n<p><a class=\"readmore\" href=\"https:\/\/evolve.al\/al\/seo\/\">Continue Reading<\/a><\/p>\n","protected":false},"author":1,"featured_media":0,"parent":0,"menu_order":0,"comment_status":"closed","ping_status":"closed","template":"","meta":[],"_links":{"self":[{"href":"https:\/\/evolve.al\/al\/wp-json\/wp\/v2\/pages\/9297"}],"collection":[{"href":"https:\/\/evolve.al\/al\/wp-json\/wp\/v2\/pages"}],"about":[{"href":"https:\/\/evolve.al\/al\/wp-json\/wp\/v2\/types\/page"}],"author":[{"embeddable":true,"href":"https:\/\/evolve.al\/al\/wp-json\/wp\/v2\/users\/1"}],"replies":[{"embeddable":true,"href":"https:\/\/evolve.al\/al\/wp-json\/wp\/v2\/comments?post=9297"}],"version-history":[{"count":7,"href":"https:\/\/evolve.al\/al\/wp-json\/wp\/v2\/pages\/9297\/revisions"}],"predecessor-version":[{"id":11013,"href":"https:\/\/evolve.al\/al\/wp-json\/wp\/v2\/pages\/9297\/revisions\/11013"}],"wp:attachment":[{"href":"https:\/\/evolve.al\/al\/wp-json\/wp\/v2\/media?parent=9297"}],"curies":[{"name":"wp","href":"https:\/\/api.w.org\/{rel}","templated":true}]}}