{"id":9288,"date":"2016-03-30T12:36:46","date_gmt":"2016-03-30T12:36:46","guid":{"rendered":"http:\/\/webnus.biz\/themes\/easyweb\/design\/?page_id=9288"},"modified":"2019-05-13T16:13:09","modified_gmt":"2019-05-13T15:13:09","slug":"online-marketing","status":"publish","type":"page","link":"https:\/\/evolve.al\/al\/online-marketing\/","title":{"rendered":"Marketing Online"},"content":{"rendered":"<p>[vc_row row_type=&#8221;3&#8243; blox_image=&#8221;9334&#8243; align_center=&#8221;aligncenter&#8221; page_title=&#8221;page-title-x&#8221; blox_dark=&#8221;true&#8221; parallax_speed=&#8221;7&#8243;][vc_column]<hr class=\"vertical-space5\"><hr class=\"vertical-space5\"><hr class=\"vertical-space3\">[vc_column_text]<\/p>\n<h2 class=\"respo-tagline\" style=\"text-align: center; letter-spacing: 1px;\"><strong>MARKETING ONLINE<\/strong><\/h2>\n<p>[\/vc_column_text]<hr class=\"vertical-space5\"><hr class=\"vertical-space5\">[\/vc_column][\/vc_row][vc_row][vc_column width=&#8221;1\/6&#8243;][\/vc_column][vc_column width=&#8221;2\/3&#8243;]<hr class=\"vertical-space5\"><hr class=\"vertical-space2\">[vc_column_text]<\/p>\n<h3 style=\"text-align: center;\"><strong>Marketing online me \u00e7mime konkurruese<\/strong><\/h3>\n<p style=\"text-align: center;\">N\u00eb bot\u00ebn dixihitale n\u00eb t\u00eb cil\u00ebn jetojm\u00eb, prania online \u00ebsht\u00eb domosdoshm\u00ebri p\u00ebr \u00e7do biznes. Ne ofrojm\u00eb nj\u00eb qasje jo tradicionale ndaj metodave tradicionale t\u00eb t\u00eb b\u00ebrit marketing. Ofrojm\u00eb gjithashtu\u00a0 nj\u00eb qasje t\u00eb re mbi praktikat n\u00eb l\u00ebmin e marketingut online.<\/p>\n<p>[\/vc_column_text]<hr class=\"vertical-space1\"><hr class=\"vertical-space3\">[\/vc_column][vc_column width=&#8221;1\/6&#8243;][\/vc_column][\/vc_row][vc_row row_type=&#8221;2&#8243; page_title=&#8221;page-title-x&#8221; blox_padding_top=&#8221;50&#8243; blox_padding_bottom=&#8221;50&#8243; blox_bgcolor=&#8221;#f7f7f7&#8243;][vc_column width=&#8221;7\/12&#8243;]<hr class=\"vertical-space5\">[vc_column_text]<\/p>\n<h1><strong>Marketing me email<\/strong><\/h1>\n<p>Hartimi i fushatave t\u00eb marketingut p\u00ebrmes email-it me mjete t\u00eb thjeshta dhe q\u00eb garantojn\u00eb rezultate konkrete. Ekipi yn\u00eb sigurohet q\u00eb fushatat tuaja t\u00eb marketingut p\u00ebrmes email-it t\u00eb jen\u00eb dobiprur\u00ebse dhe t\u00eb thjeshta p\u00ebr t&#8217;u realizuar. Ju b\u00ebni k\u00ebrkes\u00ebn, ne e kryejm\u00eb at\u00eb.[\/vc_column_text]<hr class=\"vertical-space5\">[\/vc_column][vc_column width=&#8221;5\/12&#8243;][vc_single_image image=&#8221;9293&#8243; img_size=&#8221;full&#8221; alignment=&#8221;right&#8221; css_animation=&#8221;bottom-to-top&#8221;][\/vc_column][\/vc_row][vc_row][vc_column width=&#8221;1\/2&#8243;]<hr class=\"vertical-space5\">[vc_column_text]<\/p>\n<h3>Ndjekja e fushatave dhe monitorimi i raporteve.<\/h3>\n<p>Ndjekja e performanc\u00ebs s\u00eb fushat\u00ebs tuaj t\u00eb marketingut me email \u00ebsht\u00eb m\u00eb e leht\u00eb me softuerin <em>EasyWeb<\/em>.\u00a0 Mund t\u00eb kuptoni kollaj\u00a0 sa persona kan\u00eb lexuar email-in tuaj dhe plot tregues t\u00eb tjer\u00eb.\u00a0 EasyWeb ofron m\u00ebnyra t\u00eb ndryshme p\u00ebr t\u00eb analizuar dhe interpretuar performanc\u00ebn e fushat\u00ebs tuaj.\u00a0 Grafik\u00ebt dhe t\u00eb dh\u00ebnat\u00a0 ju ndihmojn\u00eb t\u00eb p\u00ebrmir\u00ebsoni fushatat tuaja.[\/vc_column_text]<hr class=\"vertical-space2\">[\/vc_column][vc_column width=&#8221;1\/2&#8243;]<hr class=\"vertical-space5\">[vc_column_text]<\/p>\n<h3>Filloni fushat\u00ebn tuaj dhe rrisni p\u00ebrfitimet<\/h3>\n<p>Fushatat e marketingut me email mund t\u00eb nd\u00ebrtohen dhe zhvillohen fare leht\u00eb. Ju mund t\u00eb v\u00ebzhgoni ecurin\u00eb e tyre n\u00eb \u00e7do koh\u00eb. Filloni fushat\u00ebn tuaj t\u00eb marketingut tani dhe kontrolloni ecurin\u00eb\u00a0 e saj p\u00ebrmes raporteve dhe\u00a0 statistikave t\u00eb ndryshme.[\/vc_column_text]<hr class=\"vertical-space2\">[\/vc_column][\/vc_row][vc_row row_type=&#8221;2&#8243; page_title=&#8221;page-title-x&#8221; blox_padding_top=&#8221;50&#8243; blox_padding_bottom=&#8221;50&#8243; blox_bgcolor=&#8221;#f7f7f7&#8243;][vc_column width=&#8221;7\/12&#8243;]<hr class=\"vertical-space5\">[vc_column_text]<\/p>\n<h1><strong>Marketing n\u00eb rrjetet sociale<\/strong><\/h1>\n<p>Mediat sociale mund t\u00eb ndihmojn\u00eb kompanit\u00eb t\u00eb arrijn\u00eb klient\u00ebt e tyre aty ku jan\u00eb. Ato gjithashtu karakterizojn\u00eb markat e tyre dhe zgjerimin e baz\u00ebs s\u00eb tyre t\u00eb konsumator\u00ebve. N\u00ebse b\u00ebhet si\u00e7 duhet, marketingu i mediave sociale mund t\u00eb rris\u00eb efikasitetin e teknikave t\u00eb tjera t\u00eb marketingut. K\u00ebtu p\u00ebrfshihen SEO dhe SEM. K\u00ebto t\u00eb dyja ndihmojn\u00eb n\u00eb nd\u00ebrtimin e marr\u00ebdh\u00ebnieve t\u00eb forta mes klientit dhe biznesit.\u00a0 N\u00ebse nuk dini se \u00e7far\u00eb strategji duhet t\u00eb ndiqni, ne jemi k\u00ebtu p\u00ebr t\u00eb ndihmuar.[\/vc_column_text]<hr class=\"vertical-space5\">[\/vc_column][vc_column width=&#8221;5\/12&#8243;][vc_single_image image=&#8221;9294&#8243; img_size=&#8221;full&#8221; alignment=&#8221;right&#8221; css_animation=&#8221;bottom-to-top&#8221;][\/vc_column][\/vc_row][vc_row][vc_column width=&#8221;1\/2&#8243;]<hr class=\"vertical-space5\">[vc_column_text]<\/p>\n<h1 id=\"firstHeading\" class=\"firstHeading\" lang=\"sq\">\u00c7<strong>far\u00eb \u00ebsht\u00eb marketingu n\u00eb rrjetet sociale?<\/strong><\/h1>\n<p>Marketingu i mediave sociale, ose SMM, \u00ebsht\u00eb nj\u00eb form\u00eb e marketingut n\u00eb internet q\u00eb shfryt\u00ebzon rrjete e ndryshme sociale n\u00eb m\u00ebnyr\u00eb q\u00eb t\u00eb arrij\u00eb q\u00ebllimet e ndryshme t\u00eb tij. Marketingu i mediave sociale mbulon kryesisht aktivitete q\u00eb p\u00ebrfshijn\u00eb ndarjen sociale t\u00eb p\u00ebrmbajtjeve, videove dhe imazheve p\u00ebr q\u00ebllime marketingu, si dhe reklamimin e medias sociale t\u00eb paguar.[\/vc_column_text]<hr class=\"vertical-space2\">[vc_column_text]<\/p>\n<h4><strong>Si mund t&#8217;ju ndihmojme?<\/strong><\/h4>\n<p>Ne jemi nj\u00eb ekip i talentuar dhe klient\u00ebt tan\u00eb vijn\u00eb kryesisht nga rekomandimet e klient\u00ebve tan\u00eb ekzistues dhe miq\u00ebve q\u00eb e din\u00eb se si punojm\u00eb. Ne nuk mendojm\u00eb se shit\u00ebsit duhet t\u00eb b\u00ebjn\u00eb t\u00eb gjitha duke folur p\u00ebr ne dhe k\u00ebshtu q\u00eb ne ju k\u00ebshillojm\u00eb q\u00eb t\u00eb flisni direkt me klient\u00ebt tan\u00eb p\u00ebr t\u00eb kuptuar se kush jemi dhe \u00e7far\u00eb b\u00ebjm\u00eb ne.<br \/>\n\u00c7mimi q\u00eb vendosim ne p\u00ebr marketingun n\u00eb rrjetet sociale \u00ebsht\u00eb t\u00ebr\u00ebsisht i besuesh\u00ebm dhe bazohet n\u00eb situat\u00ebn tuaj aktuale si dhe n\u00eb objektivat tuaja.[\/vc_column_text]<hr class=\"vertical-space2\">[\/vc_column][vc_column width=&#8221;1\/2&#8243;]<hr class=\"vertical-space5\">[vc_column_text]<\/p>\n<h4><strong>Pse ju nevojitet nj\u00eb menaxhim i rrjeteve sociale?<\/strong><\/h4>\n<p><strong>Klient\u00ebt tuaj jan\u00eb n\u00eb rrjetet sociale.<\/strong><\/p>\n<p>Pa marr\u00eb parasysh se n\u00eb \u00e7far\u00eb industri \u00ebsht\u00eb kompania juaj, klient\u00ebt tuaj p\u00ebrdorin rregullisht rrjetet sociale. \u00cbsht\u00eb e r\u00ebnd\u00ebsishme q\u00eb t&#8217;i mbani t\u00eb angazhuar dhe t\u00eb lidhur me mark\u00ebn tuaj n\u00eb m\u00ebnyr\u00eb q\u00eb t\u00eb jeni gjithmon\u00eb zgjedhja e tyre e par\u00eb.<\/p>\n<p><strong>Ka njer\u00ebz t\u00eb cil\u00ebt k\u00ebrkojn\u00eb p\u00ebr kompanin\u00eb tuaj.<\/strong><\/p>\n<p>N\u00ebse kompania juaj ofron nj\u00eb produkt ose sh\u00ebrbim, mund t\u00eb jeni t\u00eb sigurt se ka njer\u00ebz q\u00eb flasin p\u00ebr t\u00eb dhe k\u00ebrkojn\u00eb kompanit\u00eb q\u00eb ofrojn\u00eb at\u00eb produkt ose sh\u00ebrbim. Sh\u00ebrbimi yn\u00eb i menaxhimit t\u00eb mediave sociale do t\u00eb ndihmoj\u00eb biznesin tuaj p\u00ebr t&#8217;u bashkuar me klient\u00ebt tuaj potencial\u00eb.<\/p>\n<p><strong>Njer\u00ebzit po flasin n\u00eb rrjetetet sociale rreth kompanis\u00eb tuaj.<\/strong><\/p>\n<p>Ju duhet t\u00eb d\u00ebgjoni at\u00eb q\u00eb klient\u00ebt tuaj po thon\u00eb p\u00ebr kompanin\u00eb tuaj n\u00eb mediat sociale dhe t&#8217;iu p\u00ebrgjigjeni shqet\u00ebsimeve t\u00eb tyre. Sh\u00ebrbimet tona t\u00eb menaxhimit t\u00eb mediave sociale p\u00ebrq\u00ebndrohen n\u00eb theksimin e aspekteve pozitive t\u00eb asaj q\u00eb kompania juaj ka p\u00ebr t\u00eb ofruar dhe p\u00ebr t&#8217;iu p\u00ebrgjigjur sinqerisht v\u00ebrejtjeve negative t\u00eb klient\u00ebve.<\/p>\n<p><strong>T\u00eb gjitha kompanit\u00eb kan\u00eb nevoj\u00eb p\u00ebr nj\u00eb menaxhues p\u00ebr rrjetet sociale.<\/strong><\/p>\n<p>Shumica e pronar\u00ebve t\u00eb bizneseve dhe menaxher\u00ebve t\u00eb marketingut nuk kan\u00eb koh\u00eb p\u00ebr t\u00eb menaxhuar t\u00eb gjitha kanalet e tyre t\u00eb mediave sociale. \u00c7do an\u00ebtar i firm\u00ebs son\u00eb ka marr\u00eb \u00e7ertifikimin e tyre n\u00eb menaxhimin e mediave sociale dhe agjencia jon\u00eb mund t&#8217;ju ndihmoj\u00eb t\u00eb arrini q\u00ebllimet tuaja t\u00eb marketingut dhe t\u00eb zgjeroni baz\u00ebn tuaj t\u00eb klient\u00ebve.[\/vc_column_text]<hr class=\"vertical-space2\">[\/vc_column][\/vc_row][vc_row row_type=&#8221;2&#8243; page_title=&#8221;page-title-x&#8221; blox_padding_top=&#8221;50&#8243; blox_padding_bottom=&#8221;50&#8243; blox_bgcolor=&#8221;#f7f7f7&#8243;][vc_column width=&#8221;7\/12&#8243;]<hr class=\"vertical-space5\">[vc_column_text]<\/p>\n<h1><strong>\u00a0Marketing n\u00eb telefon<\/strong><\/h1>\n<p>Marketingu n\u00eb telefon \u00ebsht\u00eb teknologjia m\u00eb e fundit q\u00eb ju ndihmon t\u00eb t\u00ebrhiqni m\u00eb shum\u00eb klient\u00eb t\u00eb rinj &#8211; persona q\u00eb shpenzojn\u00eb m\u00eb shum\u00eb para, m\u00eb shpesh! Ne mund t&#8217;ju ndihmojm\u00eb t\u00eb nisni nj\u00eb fushat\u00eb t\u00eb suksesshme t\u00eb marketingut n\u00eb telefon n\u00eb m\u00ebnyr\u00eb q\u00eb t\u00eb mb\u00ebrrini klient\u00ebt tuaj shpejt dhe leht\u00eb.[\/vc_column_text]<hr class=\"vertical-space5\">[\/vc_column][vc_column width=&#8221;5\/12&#8243;][vc_single_image image=&#8221;9295&#8243; img_size=&#8221;full&#8221; alignment=&#8221;right&#8221; css_animation=&#8221;bottom-to-top&#8221;][\/vc_column][\/vc_row][vc_row][vc_column width=&#8221;1\/2&#8243;]<hr class=\"vertical-space5\">[vc_column_text]<\/p>\n<h3>\u00c7far\u00eb b\u00ebjm\u00eb ne?<\/h3>\n<p>Marketingu n\u00eb internet cil\u00ebsohet si nj\u00eb nd\u00ebr metodat m\u00eb efektive t\u00eb marketingut. Numri i\u00a0 lart\u00eb i p\u00ebrdoruesve t\u00eb telefonave celular\u00ebve rrit potencialin e nj\u00eb fushate marketingu online. Meq\u00ebn\u00ebse p\u00ebrdoruesit e telefonave celular\u00eb jan\u00eb t\u00eb shumt\u00eb shum\u00eb n\u00eb num\u00ebr, efektiviteti dhe suksesi i mundsh\u00ebm i nj\u00eb fushate t\u00eb marketingut n\u00eb telefonat celular \u00ebsht\u00eb vet\u00ebm nj\u00eb hap larg.[\/vc_column_text]<hr class=\"vertical-space2\">[\/vc_column][vc_column width=&#8221;1\/2&#8243;]<hr class=\"vertical-space5\">[vc_column_text]<\/p>\n<h3>Sh\u00ebrbimi i marketingut n\u00eb telefon<\/h3>\n<ul>\n<li>Website p\u00ebr telefon<\/li>\n<li>Marketing me SMS<\/li>\n<li>Fushata p\u00ebr k\u00ebrkimet nga telefoni<\/li>\n<li>HTML5 dhe CSS3<\/li>\n<li>Shitje nga telefoni<\/li>\n<li>2D Barcodes\/QR Codes<\/li>\n<li>Aplikacione mobile<\/li>\n<li>Fushata marketingu n\u00eb telefon<\/li>\n<\/ul>\n<p>[\/vc_column_text]<hr class=\"vertical-space2\">[\/vc_column][\/vc_row][vc_row][vc_column]\n\t<div class=\"max-title max-title3\">\n\t\t<h2>KLIENTET TANE<\/h2>\n\t<\/div><hr class=\"vertical-space1\"><div class=\"aligncenter\"><hr class=\"vertical-space1\"><div class=\"col-md-12 our-clients-wrap crsl\"><ul id=\"our-clients\" class=\"our-clients crsl\"><li><img alt=\"\" src=\"https:\/\/evolve.al\/admin\/core-wp\/..\/..\/site\/resources-global\/content-data\/uploads\/dga_logo_landscape_v1.jpg\"\/><\/li><li><img alt=\"\" src=\"https:\/\/evolve.al\/admin\/core-wp\/..\/..\/site\/resources-global\/content-data\/uploads\/ardeno-mobileri-al_logo_2.jpg\"\/><\/li><li><img alt=\"\" src=\"https:\/\/evolve.al\/admin\/core-wp\/..\/..\/site\/resources-global\/content-data\/uploads\/salillari-shpk_logo.jpg\"\/><\/li><li><img alt=\"\" src=\"https:\/\/evolve.al\/admin\/core-wp\/..\/..\/site\/resources-global\/content-data\/uploads\/alb-pastrim_logo.jpg\"\/><\/li><li><img alt=\"\" src=\"https:\/\/evolve.al\/admin\/core-wp\/..\/..\/site\/resources-global\/content-data\/uploads\/supersport_logo_v1.jpg\"\/><\/li><li><img alt=\"\" src=\"https:\/\/evolve.al\/admin\/core-wp\/..\/..\/site\/resources-global\/content-data\/uploads\/dpm-gov-al_logo.jpg\"\/><\/li><li><img alt=\"\" src=\"https:\/\/evolve.al\/admin\/core-wp\/..\/..\/site\/resources-global\/content-data\/uploads\/mmsr-gov-al_logo.jpg\"\/><\/li><li><img alt=\"\" src=\"https:\/\/evolve.al\/admin\/core-wp\/..\/..\/site\/resources-global\/content-data\/uploads\/biznes-albania_logo.jpg\"\/><\/li><li><img alt=\"\" src=\"https:\/\/evolve.al\/admin\/core-wp\/..\/..\/site\/resources-global\/content-data\/uploads\/su-shefqet-ndroqi_logo.jpg\"\/><\/li><li><img alt=\"\" src=\"https:\/\/evolve.al\/admin\/core-wp\/..\/..\/site\/resources-global\/content-data\/uploads\/ekb_logo.jpg\"\/><\/li><li><img alt=\"\" src=\"https:\/\/evolve.al\/admin\/core-wp\/..\/..\/site\/resources-global\/content-data\/uploads\/leon-kons_logo.jpg\"\/><\/li><li><img alt=\"\" src=\"https:\/\/evolve.al\/admin\/core-wp\/..\/..\/site\/resources-global\/content-data\/uploads\/alushi-trans-al_logo.jpg\"\/><\/li><\/ul><\/div><hr class=\"vertical-space2\"><\/div>[\/vc_column][\/vc_row][vc_row row_type=&#8221;2&#8243; blox_height=&#8221;452&#8243; blox_image=&#8221;9705&#8243; blox_bgcolor=&#8221;#f7f7f7&#8243;][vc_column el_class=&#8221;aligncenter&#8221;]<hr class=\"vertical-space5\"><hr class=\"vertical-space1\">[vc_column_text]<\/p>\n<h1 style=\"text-align: center;\">Le t\u00eb fillojm\u00eb<br \/>\n<strong>projektin tuaj<\/strong><\/h1>\n<p>[\/vc_column_text]<hr class=\"vertical-space1\">[vc_column_text]<\/p>\n<p class=\"slog-tx2 aligncenter\">Ne p\u00ebrq\u00ebndrohemi n\u00eb funksionimin dhe p\u00ebrdorshm\u00ebrin\u00eb e leht\u00eb t\u00eb faqes tuaj si dhe m\u00ebnyrat\u00a0 p\u00ebr t\u00eb menaxhuar faqen tuaj si nj\u00eb aset biznesi. Ne sigurohemi q\u00eb p\u00ebrmbajtja jote t\u00eb shp\u00ebrndahet n\u00eb m\u00ebnyr\u00eb t\u00eb till\u00eb q\u00eb vizitor\u00ebt t\u00eb gjejn\u00eb leht\u00ebsisht at\u00eb q\u00eb k\u00ebrkojn\u00eb.<\/p>\n<p>[\/vc_column_text]<hr class=\"vertical-space1\"><a href=\"http:\/\/evolve.al\/request-a-quote\/\" class=\"button skyblue  medium bordered-bot \" target=\"_self\">KERKO KONSULTIM<\/a><hr class=\"vertical-space4\">[\/vc_column][\/vc_row][vc_row row_type=&#8221;2&#8243; blox_image=&#8221;9171&#8243; blox_cover=&#8221;false&#8221; blox_repeat=&#8221;repeat&#8221; blox_dark=&#8221;true&#8221; blox_bgcolor=&#8221;#00c2e5&#8243;][vc_column]<hr class=\"vertical-space3\">[vc_row_inner][vc_column_inner el_class=&#8221;aligncenter&#8221;][vc_column_text]<\/p>\n<h1 style=\"text-align: center;\">Projektet qe ne kemi <strong>p\u00ebrfunduar<\/strong><\/h1>\n<p>Fal\u00eb teknologjis\u00eb s\u00eb internetit, ne nd\u00ebrtojm\u00eb ura bashk\u00ebpunimi dhe vem\u00eb n\u00eb jet\u00eb idet\u00eb tuaja.[\/vc_column_text]<a href=\"http:\/\/evolve.al\/projects\/\" class=\"button white  medium bordered-bot \" target=\"_self\">SHIKO PROJEKTET<\/a>[\/vc_column_inner][\/vc_row_inner]<hr class=\"vertical-space2\">[\/vc_column][\/vc_row]<\/p>","protected":false},"excerpt":{"rendered":"<p>[vc_row row_type=&#8221;3&#8243; blox_image=&#8221;9334&#8243; align_center=&#8221;aligncenter&#8221; page_title=&#8221;page-title-x&#8221; blox_dark=&#8221;true&#8221; parallax_speed=&#8221;7&#8243;][vc_column][vc_column_text] MARKETING ONLINE [\/vc_column_text][\/vc_column][\/vc_row][vc_row][vc_column width=&#8221;1\/6&#8243;][\/vc_column][vc_column width=&#8221;2\/3&#8243;][vc_column_text] Marketing online me \u00e7mime konkurruese N\u00eb bot\u00ebn dixihitale n\u00eb t\u00eb cil\u00ebn jetojm\u00eb, prania online \u00ebsht\u00eb domosdoshm\u00ebri p\u00ebr \u00e7do biznes. Ne ofrojm\u00eb nj\u00eb qasje jo tradicionale ndaj metodave tradicionale t\u00eb t\u00eb b\u00ebrit marketing. Ofrojm\u00eb gjithashtu\u00a0 nj\u00eb qasje t\u00eb re mbi praktikat n\u00eb l\u00ebmin e marketingut online. [\/vc_column_text][\/vc_column][vc_column width=&#8221;1\/6&#8243;][\/vc_column][\/vc_row][vc_row row_type=&#8221;2&#8243; page_title=&#8221;page-title-x&#8221; blox_padding_top=&#8221;50&#8243; blox_padding_bottom=&#8221;50&#8243; blox_bgcolor=&#8221;#f7f7f7&#8243;][vc_column width=&#8221;7\/12&#8243;][vc_column_text] Marketing me email Hartimi i fushatave t\u00eb marketingut p\u00ebrmes email-it me mjete t\u00eb thjeshta dhe q\u00eb garantojn\u00eb rezultate konkrete. Ekipi yn\u00eb sigurohet q\u00eb fushatat tuaja t\u00eb marketingut p\u00ebrmes email-it t\u00eb jen\u00eb dobiprur\u00ebse dhe t\u00eb thjeshta p\u00ebr t&#8217;u realizuar. Ju b\u00ebni k\u00ebrkes\u00ebn, ne e kryejm\u00eb at\u00eb.[\/vc_column_text][\/vc_column][vc_column width=&#8221;5\/12&#8243;][vc_single_image image=&#8221;9293&#8243; img_size=&#8221;full&#8221; alignment=&#8221;right&#8221; css_animation=&#8221;bottom-to-top&#8221;][\/vc_column][\/vc_row][vc_row][vc_column width=&#8221;1\/2&#8243;][vc_column_text] Ndjekja e fushatave dhe monitorimi i raporteve. Ndjekja e performanc\u00ebs s\u00eb fushat\u00ebs tuaj t\u00eb marketingut me email \u00ebsht\u00eb m\u00eb e leht\u00eb me softuerin EasyWeb.\u00a0 Mund t\u00eb kuptoni kollaj\u00a0 sa persona kan\u00eb lexuar email-in tuaj dhe plot tregues t\u00eb tjer\u00eb.\u00a0 EasyWeb ofron m\u00ebnyra t\u00eb ndryshme p\u00ebr t\u00eb analizuar dhe interpretuar performanc\u00ebn e fushat\u00ebs tuaj.\u00a0 Grafik\u00ebt dhe t\u00eb dh\u00ebnat\u00a0 ju ndihmojn\u00eb t\u00eb p\u00ebrmir\u00ebsoni fushatat tuaja.[\/vc_column_text][\/vc_column][vc_column width=&#8221;1\/2&#8243;][vc_column_text] Filloni fushat\u00ebn tuaj dhe rrisni p\u00ebrfitimet Fushatat e marketingut me email mund t\u00eb nd\u00ebrtohen dhe zhvillohen fare leht\u00eb. Ju mund t\u00eb v\u00ebzhgoni ecurin\u00eb e tyre n\u00eb \u00e7do koh\u00eb. Filloni fushat\u00ebn tuaj t\u00eb marketingut tani dhe kontrolloni ecurin\u00eb\u00a0 e saj p\u00ebrmes raporteve dhe\u00a0 statistikave t\u00eb ndryshme.[\/vc_column_text][\/vc_column][\/vc_row][vc_row row_type=&#8221;2&#8243; page_title=&#8221;page-title-x&#8221; blox_padding_top=&#8221;50&#8243; blox_padding_bottom=&#8221;50&#8243; blox_bgcolor=&#8221;#f7f7f7&#8243;][vc_column width=&#8221;7\/12&#8243;][vc_column_text] Marketing n\u00eb rrjetet sociale Mediat sociale mund t\u00eb ndihmojn\u00eb kompanit\u00eb t\u00eb arrijn\u00eb klient\u00ebt e tyre aty ku jan\u00eb. Ato gjithashtu karakterizojn\u00eb markat e tyre dhe zgjerimin e baz\u00ebs s\u00eb tyre t\u00eb konsumator\u00ebve. N\u00ebse b\u00ebhet si\u00e7 duhet, marketingu i mediave sociale mund t\u00eb rris\u00eb efikasitetin e teknikave t\u00eb tjera t\u00eb marketingut. K\u00ebtu p\u00ebrfshihen SEO dhe SEM. K\u00ebto t\u00eb dyja ndihmojn\u00eb n\u00eb nd\u00ebrtimin e marr\u00ebdh\u00ebnieve t\u00eb forta mes klientit dhe biznesit.\u00a0&#8230; <\/p>\n<p><a class=\"readmore\" href=\"https:\/\/evolve.al\/al\/online-marketing\/\">Continue Reading<\/a><\/p>\n","protected":false},"author":1,"featured_media":0,"parent":0,"menu_order":0,"comment_status":"closed","ping_status":"closed","template":"","meta":[],"_links":{"self":[{"href":"https:\/\/evolve.al\/al\/wp-json\/wp\/v2\/pages\/9288"}],"collection":[{"href":"https:\/\/evolve.al\/al\/wp-json\/wp\/v2\/pages"}],"about":[{"href":"https:\/\/evolve.al\/al\/wp-json\/wp\/v2\/types\/page"}],"author":[{"embeddable":true,"href":"https:\/\/evolve.al\/al\/wp-json\/wp\/v2\/users\/1"}],"replies":[{"embeddable":true,"href":"https:\/\/evolve.al\/al\/wp-json\/wp\/v2\/comments?post=9288"}],"version-history":[{"count":7,"href":"https:\/\/evolve.al\/al\/wp-json\/wp\/v2\/pages\/9288\/revisions"}],"predecessor-version":[{"id":11257,"href":"https:\/\/evolve.al\/al\/wp-json\/wp\/v2\/pages\/9288\/revisions\/11257"}],"wp:attachment":[{"href":"https:\/\/evolve.al\/al\/wp-json\/wp\/v2\/media?parent=9288"}],"curies":[{"name":"wp","href":"https:\/\/api.w.org\/{rel}","templated":true}]}}