{"id":9242,"date":"2016-03-29T10:40:24","date_gmt":"2016-03-29T10:40:24","guid":{"rendered":"http:\/\/webnus.biz\/themes\/easyweb\/design\/?page_id=9242"},"modified":"2023-02-24T09:10:34","modified_gmt":"2023-02-24T08:10:34","slug":"progettazione-siti-web","status":"publish","type":"page","link":"https:\/\/evolve.al\/al\/progettazione-siti-web\/","title":{"rendered":"Faqe interneti profesionale"},"content":{"rendered":"<p>[vc_row row_type=&#8221;3&#8243; blox_image=&#8221;9467&#8243; align_center=&#8221;aligncenter&#8221; page_title=&#8221;page-title-x&#8221; blox_dark=&#8221;true&#8221; parallax_speed=&#8221;7&#8243;][vc_column]<hr class=\"vertical-space5\"><hr class=\"vertical-space5\"><hr class=\"vertical-space3\">[vc_column_text]<\/p>\n<h1 style=\"text-align: center;\">\u00a0 \u00a0 \u00a0 \u00a0 <strong>Faqe interneti profesionale<\/strong><\/h1>\n<p>[\/vc_column_text]<hr class=\"vertical-space5\"><hr class=\"vertical-space5\">[\/vc_column][\/vc_row][vc_row][vc_column width=&#8221;1\/6&#8243;][\/vc_column][vc_column width=&#8221;2\/3&#8243;]<hr class=\"vertical-space5\"><hr class=\"vertical-space2\">[vc_column_text]<\/p>\n<h3 style=\"text-align: center;\"><strong>Faqe interneti profesionale dhe dizajn me \u00e7mime konkuruese<\/strong><\/h3>\n<p style=\"text-align: center;\">\u00a0Ndertim faqe interneti profesionale dhe dizajn. Dizajni i faqes suaj \u00ebsht\u00eb nj\u00eb lloj kart\u00ebvizite p\u00ebr biznesin tuaj. P\u00ebrshtypja e par\u00eb ka shum\u00eb r\u00ebnd\u00ebsi. Ne sigurohemi q\u00eb faqja juaj e internetit t\u00eb p\u00ebrdoret leht\u00ebsisht.<\/p>\n<p style=\"text-align: center;\">\u00a0Ne nd\u00ebrtojm\u00eb faqe interneti profesionale, me nj\u00eb\u00a0 dizajn unik.\u00a0Faqet e internetit q\u00eb nd\u00ebrtojm\u00eb ne u p\u00ebrgjigjen \u00e7do k\u00ebrkese. Nd\u00ebrtoni faqen tuaj web tani dhe jepini nj\u00eb shtys\u00eb biznesit tuaj. Tani \u00ebsht\u00eb koha e duhur p\u00ebr t\u00eb patur nj\u00eb faqe interneti profesionale.<\/p>\n<p>[\/vc_column_text]<hr class=\"vertical-space1\"><hr class=\"vertical-space1\">[\/vc_column][vc_column width=&#8221;1\/6&#8243;][\/vc_column][\/vc_row][vc_row][vc_column]<hr class=\"vertical-space5\">[vc_column_text]<\/p>\n<h1 style=\"text-align: center;\"><strong>Procesi<\/strong><\/h1>\n<p>[\/vc_column_text]<div class=\"our-process-wrap\">\n\t\t\t\t<div class=\"our-process-item \">\n\t\t\t\t\t<i class=\"fa fa-lightbulb-o\"><\/i>\n\t\t\t\t\t<h4><strong>STRATEGJIA<\/strong> <\/h4>\n\t\t\t\t\t<p>Definimi i analiz\u00ebs objektive t\u00eb markave, hulumtimi i fjal\u00ebve dhe strategjia e pozicionimit.<\/p>\n\t\t\t\t<\/div>\n\t\t\t\t<div class=\"our-process-item \">\n\t\t\t\t\t<i class=\"fa fa-laptop\"><\/i>\n\t\t\t\t\t<h4><strong>DESIGN<\/strong> <\/h4>\n\t\t\t\t\t<p>Ne vendosim n\u00eb disa draftet fillestare t\u00eb dizajnit p\u00ebr faqen tuaj dhe zgjidhni nj\u00eb koncept.<\/p>\n\t\t\t\t<\/div>\n\t\t\t\t<div class=\"our-process-item \">\n\t\t\t\t\t<i class=\"fa fa-keyboard-o\"><\/i>\n\t\t\t\t\t<h4><strong>ZHVILLIMI<\/strong> <\/h4>\n\t\t\t\t\t<p>P\u00ebr t\u00eb b\u00ebr\u00eb p\u00ebrmbajtjen, arkitektur\u00ebn e informacionit, dizajnin vizual t\u00eb gjith\u00eb punojn\u00eb dhe funksionojn\u00eb s\u00eb bashku.<\/p>\n\t\t\t\t<\/div>\n\t\t\t\t<div class=\"our-process-item \">\n\t\t\t\t\t<i class=\"fa fa-line-chart\"><\/i>\n\t\t\t\t\t<h4><strong>ASISTENCA<\/strong><\/h4>\n\t\t\t\t\t<p>Ekipi yn\u00eb i ekspert\u00ebve \u00ebsht\u00eb gjithnj\u00eb i disponuesh\u00ebm p\u00ebr \u00e7do p\u00ebrdit\u00ebsim q\u00eb ju nevojitet.<\/p>\n\t\t\t\t<\/div><\/div><hr class=\"vertical-space5\">[\/vc_column][\/vc_row][vc_row row_type=&#8221;2&#8243; blox_bgcolor=&#8221;#f7f7f7&#8243;][vc_column]<hr class=\"vertical-space5\">[vc_column_text]<\/p>\n<h1 style=\"text-align: center;\">Sh\u00ebrbimi yn\u00eb p<strong>\u00ebrfshin<\/strong><\/h1>\n<p>[\/vc_column_text]<hr class=\"vertical-space2\">[vc_row_inner][vc_column_inner width=&#8221;1\/3&#8243;]<article class=\"icon-box5\" ><i class=\"sl-check\" style=\"\"><\/i><h4>Nd\u00ebrtim faqesh interneti t\u00eb p\u00ebrshtatur p\u00ebr \u00e7do ekran dhe pajisje<\/h4><\/article><hr class=\"vertical-space1\"><article class=\"icon-box5\" ><i class=\"sl-check\" style=\"\"><\/i><h4>P\u00ebrdorshm\u00ebria dhe analiza e konkurrenc\u00ebs<\/h4><\/article><hr class=\"vertical-space1\"><article class=\"icon-box5\" ><i class=\"sl-check\" style=\"\"><\/i><h4>Dizajni i arkitektur\u00ebs s\u00eb informacionit<\/h4><\/article><hr class=\"vertical-space1\">[\/vc_column_inner][vc_column_inner width=&#8221;1\/3&#8243;]<article class=\"icon-box5\" ><i class=\"sl-check\" style=\"\"><\/i><h4> Dizajn i eksperienc\u00ebs s\u00eb p\u00ebrdoruesit<\/h4><\/article><hr class=\"vertical-space1\"><article class=\"icon-box5\" ><i class=\"sl-check\" style=\"\"><\/i><h4>Strategjia e p\u00ebrmbajtjes s\u00eb faqes<\/h4><\/article><hr class=\"vertical-space1\"><article class=\"icon-box5\" ><i class=\"sl-check\" style=\"\"><\/i><h4>Instalimi<\/h4><\/article><hr class=\"vertical-space1\">[\/vc_column_inner][vc_column_inner width=&#8221;1\/3&#8243;]<article class=\"icon-box5\" ><i class=\"sl-check\" style=\"\"><\/i><h4>Integrimi i CMS dhe e-Commerce<\/h4><\/article><hr class=\"vertical-space1\"><article class=\"icon-box5\" ><i class=\"sl-check\" style=\"\"><\/i><h4>Testimi ne browser<\/h4><\/article><hr class=\"vertical-space1\"><article class=\"icon-box5\" ><i class=\"sl-check\" style=\"\"><\/i><h4>Asistenc\u00eb<\/h4><\/article><hr class=\"vertical-space1\">[\/vc_column_inner][\/vc_row_inner]<hr class=\"vertical-space4\">[\/vc_column][\/vc_row][vc_row][vc_column]<hr class=\"vertical-space4\">\n\t<div class=\"max-title max-title3\">\n\t\t<h2>KLIENTET TANE<\/h2>\n\t<\/div><hr class=\"vertical-space1\"><div class=\"aligncenter\"><hr class=\"vertical-space1\"><div class=\"col-md-12 our-clients-wrap crsl\"><ul id=\"our-clients\" class=\"our-clients crsl\"><li><img alt=\"\" src=\"https:\/\/evolve.al\/admin\/core-wp\/..\/..\/site\/resources-global\/content-data\/uploads\/dga_logo_landscape_v1.jpg\"\/><\/li><li><img alt=\"\" src=\"https:\/\/evolve.al\/admin\/core-wp\/..\/..\/site\/resources-global\/content-data\/uploads\/ardeno-mobileri-al_logo_2.jpg\"\/><\/li><li><img alt=\"\" src=\"https:\/\/evolve.al\/admin\/core-wp\/..\/..\/site\/resources-global\/content-data\/uploads\/salillari-shpk_logo.jpg\"\/><\/li><li><img alt=\"\" src=\"https:\/\/evolve.al\/admin\/core-wp\/..\/..\/site\/resources-global\/content-data\/uploads\/alb-pastrim_logo.jpg\"\/><\/li><li><img alt=\"\" src=\"https:\/\/evolve.al\/admin\/core-wp\/..\/..\/site\/resources-global\/content-data\/uploads\/supersport_logo_v1.jpg\"\/><\/li><li><img alt=\"\" src=\"https:\/\/evolve.al\/admin\/core-wp\/..\/..\/site\/resources-global\/content-data\/uploads\/dpm-gov-al_logo.jpg\"\/><\/li><li><img alt=\"\" src=\"https:\/\/evolve.al\/admin\/core-wp\/..\/..\/site\/resources-global\/content-data\/uploads\/mmsr-gov-al_logo.jpg\"\/><\/li><li><img alt=\"\" src=\"https:\/\/evolve.al\/admin\/core-wp\/..\/..\/site\/resources-global\/content-data\/uploads\/biznes-albania_logo.jpg\"\/><\/li><li><img alt=\"\" src=\"https:\/\/evolve.al\/admin\/core-wp\/..\/..\/site\/resources-global\/content-data\/uploads\/su-shefqet-ndroqi_logo.jpg\"\/><\/li><li><img alt=\"\" src=\"https:\/\/evolve.al\/admin\/core-wp\/..\/..\/site\/resources-global\/content-data\/uploads\/ekb_logo.jpg\"\/><\/li><li><img alt=\"\" src=\"https:\/\/evolve.al\/admin\/core-wp\/..\/..\/site\/resources-global\/content-data\/uploads\/leon-kons_logo.jpg\"\/><\/li><li><img alt=\"\" src=\"https:\/\/evolve.al\/admin\/core-wp\/..\/..\/site\/resources-global\/content-data\/uploads\/alushi-trans-al_logo.jpg\"\/><\/li><\/ul><\/div><hr class=\"vertical-space2\"><\/div>[\/vc_column][\/vc_row][vc_row row_type=&#8221;2&#8243; blox_height=&#8221;452&#8243; blox_image=&#8221;9705&#8243; blox_bgcolor=&#8221;#f7f7f7&#8243;][vc_column el_class=&#8221;aligncenter&#8221;]<hr class=\"vertical-space5\"><hr class=\"vertical-space1\">[vc_column_text]<\/p>\n<h1 style=\"text-align: center;\">Le t\u00eb nd\u00ebrtojm\u00eb faqen tuaj t\u00eb internetit<\/h1>\n<p>[\/vc_column_text]<hr class=\"vertical-space1\">[vc_column_text]<\/p>\n<p class=\"slog-tx2 aligncenter\">Ne p\u00ebrq\u00ebndrohemi n\u00eb funksionimin dhe p\u00ebrdorshm\u00ebrin\u00eb e faqes tuaj. Ju m\u00ebsoni si ta p\u00ebrdorini at\u00eb si nj\u00eb aset biznesi. Sigurohemi q\u00eb faqja juaj t\u00eb gjehet kollaj. K\u00ebshtu vizitor\u00ebt do gjejn\u00eb leht\u00ebsisht informacionin q\u00eb k\u00ebrkojn\u00eb.\u00a0 Kjo sjell nj\u00eb eksperienc\u00eb t\u00eb k\u00ebndshme p\u00ebrdorimi.<\/p>\n<p>Nj\u00eb dizajn\u00a0 i k\u00ebndsh\u00ebm \u00ebsht\u00eb nj\u00eb thesar i vyer p\u00ebr biznesin tuaj. Ne nd\u00ebrtojm\u00eb faqen tuaj t\u00eb internetit sipas k\u00ebrkesave tuaja. Le t\u00eb fillojm\u00eb t\u00eb nd\u00ebrtojm\u00eb faqen tuaj web. Evolve Studio nd\u00ebrton faqen tuaj t\u00eb internetit. Gjithashtu, ne kujdesemi q\u00eb gjith\u00e7ka t\u00eb funksionoj\u00eb si\u00e7 duhet.[\/vc_column_text]<hr class=\"vertical-space1\"><a href=\"http:\/\/evolve.al\/request-a-quote\/\" class=\"button skyblue  medium bordered-bot \" target=\"_self\">KERKO NJE KONSULTIM<\/a><hr class=\"vertical-space4\">[\/vc_column][\/vc_row][vc_row row_type=&#8221;2&#8243; blox_image=&#8221;9171&#8243; blox_cover=&#8221;false&#8221; blox_repeat=&#8221;repeat&#8221; blox_dark=&#8221;true&#8221; blox_bgcolor=&#8221;#00c2e5&#8243;][vc_column]<hr class=\"vertical-space3\">[vc_row_inner][vc_column_inner el_class=&#8221;aligncenter&#8221;][vc_column_text]<\/p>\n<h1 style=\"text-align: center;\">Projektet qe ne kemi <strong>perfunduar<\/strong><\/h1>\n<p style=\"text-align: center;\">Ne nd\u00ebrtojm\u00eb ura midis teknologjis\u00eb s\u00eb internetit p\u00ebr t\u00eb realitet q\u00ebllimin e klient\u00ebve<\/p>\n<p>[\/vc_column_text]<a href=\"http:\/\/evolve.al\/projects\/\" class=\"button white  medium bordered-bot \" target=\"_self\">SHIKO PROJEKTET TONA<\/a>[\/vc_column_inner][\/vc_row_inner]<hr class=\"vertical-space2\">[\/vc_column][\/vc_row]<\/p>","protected":false},"excerpt":{"rendered":"<p>[vc_row row_type=&#8221;3&#8243; blox_image=&#8221;9467&#8243; align_center=&#8221;aligncenter&#8221; page_title=&#8221;page-title-x&#8221; blox_dark=&#8221;true&#8221; parallax_speed=&#8221;7&#8243;][vc_column][vc_column_text] \u00a0 \u00a0 \u00a0 \u00a0 Faqe interneti profesionale [\/vc_column_text][\/vc_column][\/vc_row][vc_row][vc_column width=&#8221;1\/6&#8243;][\/vc_column][vc_column width=&#8221;2\/3&#8243;][vc_column_text] Faqe interneti profesionale dhe dizajn me \u00e7mime konkuruese \u00a0Ndertim faqe interneti profesionale dhe dizajn. Dizajni i faqes suaj \u00ebsht\u00eb nj\u00eb lloj kart\u00ebvizite p\u00ebr biznesin tuaj. P\u00ebrshtypja e par\u00eb ka shum\u00eb r\u00ebnd\u00ebsi. Ne sigurohemi q\u00eb faqja juaj e internetit t\u00eb p\u00ebrdoret leht\u00ebsisht. \u00a0Ne nd\u00ebrtojm\u00eb faqe interneti profesionale, me nj\u00eb\u00a0 dizajn unik.\u00a0Faqet e internetit q\u00eb nd\u00ebrtojm\u00eb ne u p\u00ebrgjigjen \u00e7do k\u00ebrkese. Nd\u00ebrtoni faqen tuaj web tani dhe jepini nj\u00eb shtys\u00eb biznesit tuaj. Tani \u00ebsht\u00eb koha e duhur p\u00ebr t\u00eb patur nj\u00eb faqe interneti profesionale. [\/vc_column_text][\/vc_column][vc_column width=&#8221;1\/6&#8243;][\/vc_column][\/vc_row][vc_row][vc_column][vc_column_text] Procesi [\/vc_column_text][\/vc_column][\/vc_row][vc_row row_type=&#8221;2&#8243; blox_bgcolor=&#8221;#f7f7f7&#8243;][vc_column][vc_column_text] Sh\u00ebrbimi yn\u00eb p\u00ebrfshin [\/vc_column_text][vc_row_inner][vc_column_inner width=&#8221;1\/3&#8243;][\/vc_column_inner][vc_column_inner width=&#8221;1\/3&#8243;][\/vc_column_inner][vc_column_inner width=&#8221;1\/3&#8243;][\/vc_column_inner][\/vc_row_inner][\/vc_column][\/vc_row][vc_row][vc_column][\/vc_column][\/vc_row][vc_row row_type=&#8221;2&#8243; blox_height=&#8221;452&#8243; blox_image=&#8221;9705&#8243; blox_bgcolor=&#8221;#f7f7f7&#8243;][vc_column el_class=&#8221;aligncenter&#8221;][vc_column_text] Le t\u00eb nd\u00ebrtojm\u00eb faqen tuaj t\u00eb internetit [\/vc_column_text][vc_column_text] Ne p\u00ebrq\u00ebndrohemi n\u00eb funksionimin dhe p\u00ebrdorshm\u00ebrin\u00eb e faqes tuaj. Ju m\u00ebsoni si ta p\u00ebrdorini at\u00eb si nj\u00eb aset biznesi. Sigurohemi q\u00eb faqja juaj t\u00eb gjehet kollaj. K\u00ebshtu vizitor\u00ebt do gjejn\u00eb leht\u00ebsisht informacionin q\u00eb k\u00ebrkojn\u00eb.\u00a0 Kjo sjell nj\u00eb eksperienc\u00eb t\u00eb k\u00ebndshme p\u00ebrdorimi. Nj\u00eb dizajn\u00a0 i k\u00ebndsh\u00ebm \u00ebsht\u00eb nj\u00eb thesar i vyer p\u00ebr biznesin tuaj. Ne nd\u00ebrtojm\u00eb faqen tuaj t\u00eb internetit sipas k\u00ebrkesave tuaja. Le t\u00eb fillojm\u00eb t\u00eb nd\u00ebrtojm\u00eb faqen tuaj web. Evolve Studio nd\u00ebrton faqen tuaj t\u00eb internetit. Gjithashtu, ne kujdesemi q\u00eb gjith\u00e7ka t\u00eb funksionoj\u00eb si\u00e7 duhet.[\/vc_column_text][\/vc_column][\/vc_row][vc_row row_type=&#8221;2&#8243; blox_image=&#8221;9171&#8243; blox_cover=&#8221;false&#8221; blox_repeat=&#8221;repeat&#8221; blox_dark=&#8221;true&#8221; blox_bgcolor=&#8221;#00c2e5&#8243;][vc_column][vc_row_inner][vc_column_inner el_class=&#8221;aligncenter&#8221;][vc_column_text] Projektet qe ne kemi perfunduar Ne nd\u00ebrtojm\u00eb ura midis teknologjis\u00eb s\u00eb internetit p\u00ebr t\u00eb realitet q\u00ebllimin e klient\u00ebve [\/vc_column_text][\/vc_column_inner][\/vc_row_inner][\/vc_column][\/vc_row]<\/p>\n","protected":false},"author":1,"featured_media":0,"parent":0,"menu_order":0,"comment_status":"closed","ping_status":"closed","template":"","meta":[],"_links":{"self":[{"href":"https:\/\/evolve.al\/al\/wp-json\/wp\/v2\/pages\/9242"}],"collection":[{"href":"https:\/\/evolve.al\/al\/wp-json\/wp\/v2\/pages"}],"about":[{"href":"https:\/\/evolve.al\/al\/wp-json\/wp\/v2\/types\/page"}],"author":[{"embeddable":true,"href":"https:\/\/evolve.al\/al\/wp-json\/wp\/v2\/users\/1"}],"replies":[{"embeddable":true,"href":"https:\/\/evolve.al\/al\/wp-json\/wp\/v2\/comments?post=9242"}],"version-history":[{"count":7,"href":"https:\/\/evolve.al\/al\/wp-json\/wp\/v2\/pages\/9242\/revisions"}],"predecessor-version":[{"id":11259,"href":"https:\/\/evolve.al\/al\/wp-json\/wp\/v2\/pages\/9242\/revisions\/11259"}],"wp:attachment":[{"href":"https:\/\/evolve.al\/al\/wp-json\/wp\/v2\/media?parent=9242"}],"curies":[{"name":"wp","href":"https:\/\/api.w.org\/{rel}","templated":true}]}}