{"id":11028,"date":"2019-02-14T16:57:38","date_gmt":"2019-02-14T15:57:38","guid":{"rendered":"https:\/\/evolve.al\/?page_id=11028"},"modified":"2019-02-15T14:29:54","modified_gmt":"2019-02-15T13:29:54","slug":"siguria-kibernetike","status":"publish","type":"page","link":"https:\/\/evolve.al\/al\/home\/siguria-kibernetike\/","title":{"rendered":"SIGURIA KIBERNETIKE"},"content":{"rendered":"<p>[vc_row][vc_column][vc_column_text]\u00c7do kompani, qoft\u00eb publike apo private, k\u00ebrc\u00ebnohet vazhdimisht nga krimi kibernetik dhe veprimet terroriste kibernetike: nga krijimi i faqeve t\u00eb phishing, vjedhja e t\u00eb dh\u00ebnave personale dhe identiteteve, futja e viruseve dhe malware n\u00eb sistemet e korporatave.<br \/>\nPasojat mund t\u00eb jen\u00eb shum\u00eb serioze dhe mund t\u00eb shkaktojn\u00eb d\u00ebme t\u00eb konsiderueshme p\u00ebr biznesin dhe mark\u00ebn e nj\u00eb kompanie. Nd\u00ebr pasojat kryesore t\u00eb krimit kibernetik, kompanit\u00eb mund t\u00eb ballafaqohen me:<\/p>\n<p>\u2022 Humbjen e informacionit kritik<br \/>\n\u2022 Nd\u00ebrprerjen e proceseve t\u00eb kompanis\u00eb<br \/>\n\u2022 D\u00ebme t\u00eb konsiderueshme p\u00ebr imazhin e kompanis\u00eb<br \/>\n\u2022 D\u00ebmtimin e infrastruktur\u00ebs komb\u00ebtare dhe \/ ose t\u00eb siguris\u00eb.<br \/>\n\u2022 Organizatat duhet t\u00eb kuptojn\u00eb rreziqet q\u00eb sjellin dhe p\u00ebrqendrohen k\u00ebrc\u00ebnimet kibernetike<br \/>\n\u2022 miratimin e strategjive p\u00ebr zvog\u00eblimin e ndikimit t\u00eb tyre.<\/p>\n<p><strong>EVOLVE STUDIO<\/strong><\/p>\n<p>EVOLVE STUDIO ofron sh\u00ebrbime t\u00eb gjenerat\u00ebs s\u00eb ardhshme p\u00ebr t\u00eb mund\u00ebsuar q\u00eb infrastruktura e IT dhe aplikacionet e biznesit t\u00eb jen\u00eb n\u00eb p\u00ebrputhje me standardet m\u00eb t\u00eb larta t\u00eb siguris\u00eb. Duke njohur mir\u00eb k\u00ebrc\u00ebnimet e siguris\u00eb n\u00eb internet dhe duke patur nj\u00eb p\u00ebrvoj\u00eb t\u00eb gjat\u00eb n\u00eb sigurin\u00eb e IT, EVOLVE Studio ofron sh\u00ebrbime p\u00ebr t\u00eb ndihmuar kompanit\u00eb t\u00eb krijojn\u00eb zgjidhje t\u00eb plota p\u00ebr sigurin\u00eb kibernetike. EVOLVE siguron nj\u00eb ep\u00ebrsi t\u00eb shkath\u00ebt kibernetike, siguri kibernetike dhe inteligjenc\u00eb p\u00ebr t\u00eb luftuar edhe sulmet m\u00eb t\u00eb p\u00ebrparuara.<\/p>\n<p>Detyra jon\u00eb \u00ebsht\u00eb t\u00eb sigurojm\u00eb q\u00eb infrastruktura IT e biznesi tuaj t\u00eb jet\u00eb e pajisur me mjetet e duhura dhe \u00ebsht\u00eb caktuar p\u00ebr t\u00eb identifikuar, bllokuar dhe hequr k\u00ebrc\u00ebnimet kibernetike t\u00eb jashtme dhe t\u00eb brendshme. Ne veprojm\u00eb n\u00eb fusha t\u00eb ndryshme t\u00eb siguris\u00eb kibernetike, ofrojm\u00eb sh\u00ebrbime t\u00eb mbrojtjes n\u00eb internet. Ne ju ndihmojm\u00eb t\u00eb siguroni t\u00eb gjitha pajisjet kompjuterike nga sulme t\u00eb sofistikuara, p\u00ebrmes zgjidhjeve dhe sh\u00ebrbimeve t\u00eb bazuara n\u00eb inovacionin teknologjik dhe profesionalizmin e shk\u00eblqyer.[\/vc_column_text][\/vc_column][\/vc_row][vc_row][vc_column][vc_column_text]<strong>P\u00cbRFITIMET<\/strong><\/p>\n<p>\u2022 EVOLVE mund t&#8217;ju ndihmoj\u00eb t\u00eb p\u00ebrcaktoni zgjidhjet dhe t\u00eb zbatoni zgjidhjet e siguris\u00eb n\u00eb internet q\u00eb jan\u00eb m\u00eb t\u00eb p\u00ebrshtatshme p\u00ebr biznesin tuaj<br \/>\n\u2022 Ekspertiza jon\u00eb e madhe, e shoq\u00ebruar me katalogun ton\u00eb t\u00eb sh\u00ebrbimeve (k\u00ebshilluese dhe t\u00eb menaxhuara) i jep kompanis\u00eb suaj mund\u00ebsin\u00eb p\u00ebr t\u00eb b\u00ebr\u00eb p\u00ebrparim t\u00eb shpejt\u00eb dhe t\u00eb preksh\u00ebm n\u00eb zhvillimin e nj\u00eb strategjie t\u00eb Siguris\u00eb s\u00eb Biznesit.<br \/>\n\u2022 Strukturat e SOC dhe NOC t\u00eb EVOLVE jan\u00eb funksione sinergjike n\u00eb ndarjen e mjeteve dhe objektivave p\u00ebr t\u00eb garantuar sigurin\u00eb dhe disponueshm\u00ebrin\u00eb e rrjetit, duke ofruar nj\u00eb sh\u00ebrbim t\u00eb aft\u00eb p\u00ebr t\u00eb p\u00ebrmbushur nevojat tuaja n\u00eb m\u00ebnyr\u00eb fleksibile n\u00eb terma dhe koh\u00eb (Transferime, Bashk\u00eb-Sourcing). ).<br \/>\n\u2022 Ekipi yn\u00eb i profesionist\u00ebve t\u00eb industris\u00eb me p\u00ebrvoj\u00eb dhe shum\u00eb t\u00eb aft\u00eb do t\u00eb jet\u00eb gati p\u00ebr t&#8217;ju ndihmuar.<\/p>\n<p><strong>SH\u00cbRBIMET E SIGURIS\u00cb KIBERNETIKE<\/strong><\/p>\n<p>Fal\u00eb nj\u00eb eksperience t\u00eb konsoliduar gjat\u00eb viteve, ne kemi zhvilluar nj\u00eb s\u00ebr\u00eb sh\u00ebrbimesh q\u00eb ofrojn\u00eb mbrojtje t\u00eb shk\u00eblqyeshme nga nj\u00eb num\u00ebr i lart\u00eb i k\u00ebrc\u00ebnimeve kibernetike dhe mb\u00ebshtetje p\u00ebr identifikimin dhe zbutjen e k\u00ebrc\u00ebnimeve<\/p>\n<p><strong>SH\u00cbRBIMI I MENAXHIMIT T\u00cb SIGURIMIT<\/strong><\/p>\n<p>P\u00ebr t\u00eb p\u00ebrmir\u00ebsuar cil\u00ebsin\u00eb e analiz\u00ebs dhe p\u00ebr t\u00eb mb\u00ebshtetur departamentin e IT, EVOLVE propozon veten si nj\u00eb partner n\u00eb gjendje t\u00eb ofroj\u00eb sh\u00ebrbime t\u00eb MSS. Kjo \u00ebsht\u00eb nj\u00eb qasje sistematike p\u00ebr t&#8217;u p\u00ebrgjigjur nevoj\u00ebs p\u00ebr t&#8217;i mbajtur kompanit\u00eb t\u00eb sigurta. Fokusi yn\u00eb \u00ebsht\u00eb n\u00eb monitorimin dhe mb\u00ebshtetjen \/ adresimin e aktiviteteve t\u00eb rehabilitimit:<\/p>\n<p><strong>TEST PENETRIMI<\/strong><\/p>\n<p>Testimi i penetrimit identifikon \u00e7\u00ebshtjet e siguris\u00eb, duke simuluar metodat e sulmeve t\u00eb p\u00ebrdorura nga persona fizik\u00eb (kriminel\u00eb kibernetik\u00eb) ose nga malware p\u00ebr t\u00eb b\u00ebr\u00eb kompromis konfidencialitetin, disponueshm\u00ebrin\u00eb dhe integritetin e t\u00eb dh\u00ebnave dhe \/ ose sistemeve t\u00eb biznesit.<\/p>\n<p>EVOLVE kryen aktivitete t\u00eb ndryshme duke ndjekur metodologjit\u00eb kryesore dhe rregullat e p\u00ebrputhshm\u00ebris\u00eb t\u00eb miratuara aktualisht n\u00eb nivel nd\u00ebrkomb\u00ebtar:<\/p>\n<p>&#8211; OWASP (Projekti i Siguris\u00eb s\u00eb Aplikimit t\u00eb OpenWeb) Udh\u00ebzues p\u00ebr Testimin<br \/>\n&#8211; Udh\u00ebzues i NIST Techincal p\u00ebr Testimin dhe Vler\u00ebsimin e Siguris\u00eb s\u00eb Informacionit<br \/>\n&#8211; Num\u00ebrimi i dob\u00ebt i SANS<br \/>\n&#8211; OWASP Top 10<br \/>\n&#8211; Udh\u00ebzimet e Konsorciumit t\u00eb Siguris\u00eb s\u00eb Aplikimit t\u00eb Uebit<br \/>\n&#8211; ISO \/ IEC 27001: 2005 nga t\u00eb cilat disa an\u00ebtar\u00eb t\u00eb ekipit jan\u00eb t\u00eb certifikuar &#8220;Auditori kryesor&#8221;<br \/>\n&#8211; PCI DSS<\/p>\n<p>Ne analizojm\u00eb perimet\u00ebr t\u00eb ndrysh\u00ebm, si rrjetet ashtu edhe aplikacionet n\u00eb internet, p\u00ebr t\u00eb vler\u00ebsuar nivelin e tyre t\u00eb siguris\u00eb dhe prioritizimin e zgjidhjes s\u00eb ndonj\u00eb dob\u00ebsie.[\/vc_column_text][\/vc_column][\/vc_row][vc_row][vc_column][vc_column_text]<strong>RIPARIMI I T\u00cb DH\u00cbNAVE CRYPTO RANSOMWARE<\/strong><\/p>\n<p>Ne ofrojm\u00eb mb\u00ebshtetje 360 grad\u00eb p\u00ebr troubleshooting dhe ruajtjen e t\u00eb dh\u00ebnave pas nj\u00eb &#8216;infektimi&#8217; Crypto Ransomware. Kjo \u00ebsht\u00eb e mundur n\u00eb saj\u00eb t\u00eb p\u00ebrvoj\u00ebs son\u00eb shum\u00ebvje\u00e7are n\u00eb zgjidhjen e problemeve nga ky lloj sulmi.<br \/>\nCrypto Ransomware \u00ebsht\u00eb nj\u00eb lloj i softuerit me q\u00ebllim t\u00eb keq q\u00eb parandalon viktim\u00ebn nga qasja n\u00eb t\u00eb dh\u00ebnat e tyre derisa t\u00eb paguhet nj\u00eb shp\u00ebrblim. Nj\u00eb ransomware e thjesht\u00eb mund t\u00eb bllokoj\u00eb sistemin e viktim\u00ebs, por thjesht mund t\u00eb hapet nga nj\u00eb ekspert. N\u00eb vend t\u00eb k\u00ebsaj, infeksionet m\u00eb t\u00eb avancuara p\u00ebrdorin nj\u00eb teknik\u00eb t\u00eb quajtur &#8220;kryengritje kriptovirale&#8221;, e cila kodon skedar\u00ebt e viktim\u00ebs, duke i b\u00ebr\u00eb ato t\u00eb paarritshme.<br \/>\nEkipi yn\u00eb \u00ebsht\u00eb n\u00eb gjendje t&#8217;ju mb\u00ebshtes\u00eb n\u00eb t\u00eb dy rastet.<\/p>\n<p><strong>RISHIKIMI I KODIT T\u00cb SIGURIS\u00cb<\/strong><\/p>\n<p>Rishikimi i Kodit t\u00eb Sigurt \u00ebsht\u00eb nj\u00eb proces testimi q\u00eb synon identifikimin dhe korrigjimin e gabimeve t\u00eb siguris\u00eb t\u00eb kodit burimor t\u00eb softuerit dhe aplikacioneve dhe korrigjimin e gabimeve q\u00eb mund t\u00eb jen\u00eb kryer gjat\u00eb zhvillimit.<\/p>\n<p>Procesi i Rishikimit t\u00eb Kodit t\u00eb Sigurt lejon: parandalimin e SQL Injection; parandalimi i skriptimit t\u00eb kryq\u00ebzimeve (XSS); parandalimi i llojeve t\u00eb tjera t\u00eb injektimit (LDAP, injektimi i OS, injektimi i XPATH, injektimi i regjistrit t\u00eb zbutjes, etj.); kontrollin e sesionit t\u00eb aplikimit; sigurimi i sistemit t\u00eb legalizimit dhe autorizimit; Parandalimi i falsifikimit t\u00eb k\u00ebrkesave nga krijuesit (CSFR); Parandalimi i Clickjacking; zbatimi i nj\u00eb log-identifikimi dhe sistemi t\u00eb menaxhimit t\u00eb orientuar drejt siguris\u00eb; miratimi i bibliotekave \/ klasave p\u00ebr menaxhimin e siguris\u00eb.<\/p>\n<p><strong>P\u00cbRGJIGJE NDAJ INCIDENTIT<\/strong><\/p>\n<p>N\u00eb rastin e nj\u00eb incidenti t\u00eb siguris\u00eb n\u00eb sistemet e IT, \u00ebsht\u00eb e mundur t\u00eb k\u00ebrkohet nd\u00ebrhyrja e nj\u00eb ose m\u00eb shum\u00eb specialist\u00ebve p\u00ebr t\u00eb verifikuar shkall\u00ebn e kompromentimit dhe p\u00ebr t\u00eb ndihmuar klientin n\u00eb zbutjen m\u00eb t\u00eb efektshme dhe zgjidhjen e problemit.<\/p>\n<p>Ne monitorojm\u00eb rrjetin e klientit dhe korrelacionet e regjistrave \/ alarmeve q\u00eb vijn\u00eb nga k\u00ebto. SOC \u00ebsht\u00eb n\u00eb gjendje t\u00eb gjeneroj\u00eb \/ menaxhoj\u00eb alarmet parandaluese sipas interpretimit t\u00eb informatave t\u00eb gatshme q\u00eb merr nga sistemet e tij, duke identifikuar \u00e7do faj t\u00eb nj\u00eb ose m\u00eb shum\u00eb komponent\u00ebve t\u00eb rrjetit, duke ndjekur aktivitete anormale dhe t\u00eb rrezikshme nga pik\u00ebpamja e siguris\u00eb.[\/vc_column_text][\/vc_column][\/vc_row][vc_row][vc_column][vc_column_text]<strong>PERSONI I SIGURIMIT &#8211; VLER\u00cbSIMI I C\u00cbNUESHM\u00cbRIS\u00cb (VA)<\/strong><\/p>\n<p>Sh\u00ebrbimi i Sigurimit t\u00eb Siguris\u00eb ofron nj\u00eb figur\u00eb t\u00eb jashtme t\u00eb specializuar n\u00eb analiz\u00ebn e siguris\u00eb dhe ka p\u00ebr q\u00ebllim identifikimin dhe analiz\u00ebn e dob\u00ebsive n\u00eb proceset e biznesit dhe problemet organizative n\u00eb m\u00ebnyr\u00eb q\u00eb t\u00eb nxjerr\u00eb n\u00eb pah \u00e7\u00ebshtjet e mundshme kritike.<\/p>\n<p>Kjo konsulenc\u00eb synon t\u00eb ndihmoj\u00eb departamentet teknike n\u00eb marrjen e veprimeve dhe masave t\u00eb nevojshme p\u00ebr t\u00eb forcuar mbrojtjen e tyre.<\/p>\n<p>Gjithashtu mund t\u00eb marrim kurse trajnimi t\u00eb personalizuara p\u00ebr t\u00eb parandaluar nd\u00ebrhyrjen fizike dhe intelektuale, humbjen e t\u00eb dh\u00ebnave ose spiunazhin industrial. Ky \u00ebsht\u00eb nj\u00eb aktivitet q\u00eb synon identifikimin e numrit m\u00eb t\u00eb madh t\u00eb dob\u00ebsive t\u00eb pranishme n\u00eb asetet e ndryshme t\u00eb IT-s\u00eb t\u00eb korporat\u00ebs. Gjat\u00eb k\u00ebtij pro\u00e7esi, prania e problemeve \u00ebsht\u00eb zbuluar pa kryer asnj\u00eb lloj sulmi apo shkelje t\u00eb sistemit; zbulimi kryhet ekskluzivisht p\u00ebrmes analiz\u00ebs s\u00eb sistemit, regjistrimit t\u00eb sh\u00ebrbimit dhe verifikimit t\u00eb bazave t\u00eb t\u00eb dh\u00ebnave t\u00eb publikuara t\u00eb cenueshm\u00ebris\u00eb.<\/p>\n<p><strong>VAZHDIMI DHE ZBULIMI I BIZNESIT<\/strong><\/p>\n<p>Vazhdimi i biznesit p\u00ebrfshin nj\u00eb plan dhe p\u00ebrgatitje q\u00eb siguron q\u00eb kompania t\u00eb mund t\u00eb vazhdoj\u00eb aktivitetet e saj n\u00eb rast t\u00eb incidenteve t\u00eb r\u00ebnda. Ky plan gjithashtu jep mund\u00ebsin\u00eb p\u00ebr t\u00eb rivendosur nj\u00eb nivel t\u00eb mir\u00eb t\u00eb veprimit n\u00eb nj\u00eb koh\u00eb t\u00eb shkurt\u00ebr.<\/p>\n<p>Ne ndihmojm\u00eb kompanin\u00eb tuaj t\u00eb rivendos\u00eb serverat ose mainframes me backup, duke krijuar zona lidhjesh lokale, p\u00ebr t\u00eb vazhduar menj\u00ebher\u00eb me t\u00eb gjitha aktivitetet.[\/vc_column_text][\/vc_column][\/vc_row]<\/p>","protected":false},"excerpt":{"rendered":"<p>[vc_row][vc_column][vc_column_text]\u00c7do kompani, qoft\u00eb publike apo private, k\u00ebrc\u00ebnohet vazhdimisht nga krimi kibernetik dhe veprimet terroriste kibernetike: nga krijimi i faqeve t\u00eb phishing, vjedhja e t\u00eb dh\u00ebnave personale dhe identiteteve, futja e viruseve dhe malware n\u00eb sistemet e korporatave. Pasojat mund t\u00eb jen\u00eb shum\u00eb serioze dhe mund t\u00eb shkaktojn\u00eb d\u00ebme t\u00eb konsiderueshme p\u00ebr biznesin dhe mark\u00ebn e nj\u00eb kompanie. Nd\u00ebr pasojat kryesore t\u00eb krimit kibernetik, kompanit\u00eb mund t\u00eb ballafaqohen me: \u2022 Humbjen e informacionit kritik \u2022 Nd\u00ebrprerjen e proceseve t\u00eb kompanis\u00eb \u2022 D\u00ebme t\u00eb konsiderueshme p\u00ebr imazhin e kompanis\u00eb \u2022 D\u00ebmtimin e infrastruktur\u00ebs komb\u00ebtare dhe \/ ose t\u00eb siguris\u00eb. \u2022 Organizatat duhet t\u00eb kuptojn\u00eb rreziqet q\u00eb sjellin dhe p\u00ebrqendrohen k\u00ebrc\u00ebnimet kibernetike \u2022 miratimin e strategjive p\u00ebr zvog\u00eblimin e ndikimit t\u00eb tyre. EVOLVE STUDIO EVOLVE STUDIO ofron sh\u00ebrbime t\u00eb gjenerat\u00ebs s\u00eb ardhshme p\u00ebr t\u00eb mund\u00ebsuar q\u00eb infrastruktura e IT dhe aplikacionet e biznesit t\u00eb jen\u00eb n\u00eb p\u00ebrputhje me standardet m\u00eb t\u00eb larta t\u00eb siguris\u00eb. Duke njohur mir\u00eb k\u00ebrc\u00ebnimet e siguris\u00eb n\u00eb internet dhe duke patur nj\u00eb p\u00ebrvoj\u00eb t\u00eb gjat\u00eb n\u00eb sigurin\u00eb e IT, EVOLVE Studio ofron sh\u00ebrbime p\u00ebr t\u00eb ndihmuar kompanit\u00eb t\u00eb krijojn\u00eb zgjidhje t\u00eb plota p\u00ebr sigurin\u00eb kibernetike. EVOLVE siguron nj\u00eb ep\u00ebrsi t\u00eb shkath\u00ebt kibernetike, siguri kibernetike dhe inteligjenc\u00eb p\u00ebr t\u00eb luftuar edhe sulmet m\u00eb t\u00eb p\u00ebrparuara. Detyra jon\u00eb \u00ebsht\u00eb t\u00eb sigurojm\u00eb q\u00eb infrastruktura IT e biznesi tuaj t\u00eb jet\u00eb e pajisur me mjetet e duhura dhe \u00ebsht\u00eb caktuar p\u00ebr t\u00eb identifikuar, bllokuar dhe hequr k\u00ebrc\u00ebnimet kibernetike t\u00eb jashtme dhe t\u00eb brendshme. Ne veprojm\u00eb n\u00eb fusha t\u00eb ndryshme t\u00eb siguris\u00eb kibernetike, ofrojm\u00eb sh\u00ebrbime t\u00eb mbrojtjes n\u00eb internet. Ne ju ndihmojm\u00eb t\u00eb siguroni t\u00eb gjitha pajisjet kompjuterike nga sulme t\u00eb sofistikuara, p\u00ebrmes zgjidhjeve dhe sh\u00ebrbimeve t\u00eb bazuara n\u00eb inovacionin teknologjik dhe profesionalizmin e shk\u00eblqyer.[\/vc_column_text][\/vc_column][\/vc_row][vc_row][vc_column][vc_column_text]P\u00cbRFITIMET \u2022 EVOLVE mund t&#8217;ju ndihmoj\u00eb t\u00eb p\u00ebrcaktoni zgjidhjet dhe t\u00eb zbatoni zgjidhjet e siguris\u00eb n\u00eb internet q\u00eb jan\u00eb m\u00eb&#8230; <\/p>\n<p><a class=\"readmore\" href=\"https:\/\/evolve.al\/al\/home\/siguria-kibernetike\/\">Continue Reading<\/a><\/p>\n","protected":false},"author":4,"featured_media":0,"parent":5710,"menu_order":0,"comment_status":"closed","ping_status":"closed","template":"","meta":[],"_links":{"self":[{"href":"https:\/\/evolve.al\/al\/wp-json\/wp\/v2\/pages\/11028"}],"collection":[{"href":"https:\/\/evolve.al\/al\/wp-json\/wp\/v2\/pages"}],"about":[{"href":"https:\/\/evolve.al\/al\/wp-json\/wp\/v2\/types\/page"}],"author":[{"embeddable":true,"href":"https:\/\/evolve.al\/al\/wp-json\/wp\/v2\/users\/4"}],"replies":[{"embeddable":true,"href":"https:\/\/evolve.al\/al\/wp-json\/wp\/v2\/comments?post=11028"}],"version-history":[{"count":6,"href":"https:\/\/evolve.al\/al\/wp-json\/wp\/v2\/pages\/11028\/revisions"}],"predecessor-version":[{"id":11038,"href":"https:\/\/evolve.al\/al\/wp-json\/wp\/v2\/pages\/11028\/revisions\/11038"}],"up":[{"embeddable":true,"href":"https:\/\/evolve.al\/al\/wp-json\/wp\/v2\/pages\/5710"}],"wp:attachment":[{"href":"https:\/\/evolve.al\/al\/wp-json\/wp\/v2\/media?parent=11028"}],"curies":[{"name":"wp","href":"https:\/\/api.w.org\/{rel}","templated":true}]}}