{"id":10809,"date":"2018-12-17T16:53:51","date_gmt":"2018-12-17T15:53:51","guid":{"rendered":"https:\/\/evolve.al\/?page_id=10809"},"modified":"2019-01-16T17:10:02","modified_gmt":"2019-01-16T16:10:02","slug":"privacy-cookies-policy","status":"publish","type":"page","link":"https:\/\/evolve.al\/al\/privacy-cookies-policy\/","title":{"rendered":"Privat\u00ebsia Dhe Kushtet e Sh\u00ebrbimit"},"content":{"rendered":"<p><\/p>\n<h1>Privat\u00ebsia Dhe Kushtet e Sh\u00ebrbimit<\/h1>\n<h2>1. Privat\u00ebsia<\/h2>\n<p>Privat\u00ebsia \u00ebsht\u00eb \u00e7\u00ebshtje besimi dhe besimi juaj \u00ebsht\u00eb i r\u00ebnd\u00ebsish\u00ebm p\u00ebr ne.<br \/>\nN\u00eb m\u00ebnyr\u00eb q\u00eb t\u00eb ndiheni t\u00eb sigurt kur vizitoni faqen ton\u00eb t\u00eb internetit, ne i zbatojm\u00eb rrept\u00ebsisht<br \/>\ndispozitat ligjore kur p\u00ebrpunojm\u00eb t\u00eb dh\u00ebnat tuaja personale dhe d\u00ebshirojm\u00eb t\u2019ju informojm\u00eb k\u00ebtu p\u00ebr<br \/>\nmbledhjen e t\u00eb dh\u00ebnave dhe p\u00ebr p\u00ebrdorimin e tyre.<br \/>\nPolitika e m\u00ebposhtme e privat\u00ebsis\u00eb ju shpjegon cilat t\u00eb dh\u00ebna tuaja mblidhen n\u00eb faqen ton\u00eb t\u00eb internetit,<br \/>\ncilat nga k\u00ebto t\u00eb dh\u00ebna p\u00ebrpunojm\u00eb dhe p\u00ebrdorim dhe k\u00eb mund t\u00eb kontaktoheni p\u00ebr ndonj\u00eb shqet\u00ebsim<br \/>\np\u00ebrkat\u00ebs.<\/p>\n<p>Ne theksojm\u00eb se transmetimi i t\u00eb dh\u00ebnave n\u00eb Internet (p.sh. n\u00eb rastin e komunikimit me e-mail) mund<br \/>\nt\u00eb ket\u00eb boshll\u00ebqe sigurie. Mbrojtja e plot\u00eb e t\u00eb dh\u00ebnave nga qasja nga pal\u00ebt e treta nuk \u00ebsht\u00eb e mundur.<\/p>\n<p><strong>2. Organi p\u00ebrgjegj\u00ebs<\/strong><\/p>\n<p>Organi p\u00ebrgjegj\u00ebs p\u00ebr grumbullimin, p\u00ebrpunimin dhe p\u00ebrdorimin e t\u00eb dh\u00ebnave tuaja personale brenda<br \/>\nkuptimit t\u00eb GDPR \u00ebsht\u00eb EVOLVE Studio si zyra p\u00ebrgjegj\u00ebse, mund t\u00eb arrihet n\u00ebn detajet e kontaktit:<br \/>\nRruga Brigada VIII Nd. Teknoproject 1, H1, Kt.3, Apt 9, Tiran\u00eb 1019, Albania<br \/>\nTelefon: +355 69 45 88 269| E-mail: info@evolve-al.com www.evolve.al<br \/>\nNIPT: L72429007F<br \/>\nDrejtor i p\u00ebrgjitshshem: Endrit Shehu<\/p>\n<p><strong>3. T\u00eb drejtat e personit t\u00eb interesuar \u2013 informacion, bllokim, fshirje<\/strong><\/p>\n<p>Ju mund t\u00eb merrni informacion n\u00eb lidhje me t\u00eb dh\u00ebnat tuaja t\u00eb ruajtura n\u00eb \u00e7do koh\u00eb, pa pages\u00eb dhe t\u00eb<br \/>\nk\u00ebrkoni t\u00eb drejt\u00ebn tuaj p\u00ebr t\u00eb korrigjuar, bllokuar ose fshir\u00eb t\u00eb dh\u00ebnat tuaja. Ju lutemi p\u00ebrdorni t\u00eb dh\u00ebnat<br \/>\ne kontaktit t\u00eb lartp\u00ebrmendura.<\/p>\n<p>N\u00ebse d\u00ebshironi t\u00eb kund\u00ebrshtoni mbledhjen, p\u00ebrpunimin ose p\u00ebrdorimin e t\u00eb dh\u00ebnave tuaja nga EVOLVE<br \/>\nn\u00eb p\u00ebrputhje me k\u00ebt\u00eb Politik\u00eb t\u00eb Privat\u00ebsis\u00eb si t\u00ebr\u00ebsi ose p\u00ebr masa individuale, ju lutem kontaktoni<br \/>\nadresat e m\u00ebsip\u00ebrme me e-mail ose let\u00ebr.<\/p>\n<p><strong>4. E drejta e ankes\u00ebs tek autoriteti mbik\u00ebqyr\u00ebs kompetent<\/strong><\/p>\n<p>N\u00eb rast t\u00eb shkeljes t\u00eb mbrojtjes s\u00eb t\u00eb dh\u00ebnave, subjektet e t\u00eb dh\u00ebnave kan\u00eb t\u00eb drejt\u00eb ankese ndaj zyrtarit<br \/>\np\u00ebrgjegj\u00ebs p\u00ebr mbrojtjen e t\u00eb dh\u00ebnave t\u00eb EVOLVE , n\u00eb info@evolve-al.com<\/p>\n<p><strong>5. Mbledhja dhe p\u00ebrdorimi i t\u00eb dh\u00ebnave personale<\/strong><\/p>\n<p>T\u00eb dh\u00ebnat personale jan\u00eb informacion rreth rrethanave faktike ose personale t\u00eb nj\u00eb personi fizik t\u00eb<br \/>\nve\u00e7ant\u00eb ose t\u00eb identifikuesh\u00ebm. Kjo p\u00ebrfshin, p\u00ebr shembull, emrin, numrin e telefonit, adres\u00ebn dhe t\u00eb<br \/>\ngjitha t\u00eb dh\u00ebnat e inventarit. N\u00ebse vizitoni faqen ton\u00eb t\u00eb internetit ose korrespondoni me ne, ju mund t\u00eb<br \/>\nndani informacion rreth vetes. Kjo gjithashtu mund t\u00eb p\u00ebrfshij\u00eb t\u00eb dh\u00ebna q\u00eb lejojn\u00eb p\u00ebrfundime n\u00eb lidhje<br \/>\nme personin tuaj (\u201ct\u00eb dh\u00ebnat personale\u201d).<\/p>\n<p><strong>6. Formulari kontakti<\/strong>t<\/p>\n<p>N\u00ebse na d\u00ebrgoni nj\u00eb k\u00ebrkes\u00eb p\u00ebrmes formularit t\u00eb kontaktit, detajet e kontaktit tuaj, si dhe informacione<br \/>\nt\u00eb m\u00ebtejshme mbi p\u00ebrpunimin e k\u00ebrkes\u00ebs apo pyetjeve pasuese do t\u00eb ruhen nga ne.<br \/>\nNe nuk do ta ndajm\u00eb k\u00ebt\u00eb informacion pa miratimin tuaj. P\u00ebrpunimi i t\u00eb dh\u00ebnave t\u00eb futura n\u00eb formularin<br \/>\ne kontaktit \u00ebsht\u00eb bazuar vet\u00ebm n\u00eb p\u00eblqimin tuaj (Neni 6 paragrafi 1. DSGVO).<br \/>\nJu mund ta revokoni k\u00ebt\u00eb p\u00eblqim n\u00eb \u00e7do koh\u00eb.<br \/>\nP\u00ebr ta b\u00ebr\u00eb k\u00ebt\u00eb, d\u00ebrgoni nj\u00eb mesazh joformal me e-mail tek info@evolve-al.com. Ligjshm\u00ebria e<br \/>\noperacioneve t\u00eb p\u00ebrpunimit t\u00eb t\u00eb dh\u00ebnave t\u00eb kryera deri n\u00eb revokim mbetet e paprekur nga revokimi.<br \/>\nT\u00eb dh\u00ebnat e dh\u00ebna nga ju n\u00eb formularin e kontaktit do t\u00eb ruhen nga ne deri sa t\u00eb na k\u00ebrkoni ti fshini, t\u00eb<br \/>\nanuloni p\u00eblqimin tuaj p\u00ebr ruajtjen ose q\u00ebllimin p\u00ebr ruajtjen e t\u00eb dh\u00ebnave (p.sh. pas p\u00ebrfundimit t\u00eb<br \/>\nk\u00ebrkes\u00ebs suaj). Dispozitat e detyrueshme ligjore \u2013 sidomos periudhat e mbajtjes \u2013 mbeten t\u00eb paprekura.<\/p>\n<p><strong>7. Pyetje rreth politik\u00ebs s\u00eb privat\u00ebsise<\/strong><\/p>\n<p>N\u00ebse keni pyetje, shqet\u00ebsime apo ankesa p\u00ebr politik\u00ebn ose m\u00ebnyr\u00ebn se si i trajtohen te dhenat tuaja, ju<br \/>\nlutemi na d\u00ebrgoni email tek info@evolve-al.com<\/p>","protected":false},"excerpt":{"rendered":"<p>Privat\u00ebsia Dhe Kushtet e Sh\u00ebrbimit 1. Privat\u00ebsia Privat\u00ebsia \u00ebsht\u00eb \u00e7\u00ebshtje besimi dhe besimi juaj \u00ebsht\u00eb i r\u00ebnd\u00ebsish\u00ebm p\u00ebr ne. N\u00eb m\u00ebnyr\u00eb q\u00eb t\u00eb ndiheni t\u00eb sigurt kur vizitoni faqen ton\u00eb t\u00eb internetit, ne i zbatojm\u00eb rrept\u00ebsisht dispozitat ligjore kur p\u00ebrpunojm\u00eb t\u00eb dh\u00ebnat tuaja personale dhe d\u00ebshirojm\u00eb t\u2019ju informojm\u00eb k\u00ebtu p\u00ebr mbledhjen e t\u00eb dh\u00ebnave dhe p\u00ebr p\u00ebrdorimin e tyre. Politika e m\u00ebposhtme e privat\u00ebsis\u00eb ju shpjegon cilat t\u00eb dh\u00ebna tuaja mblidhen n\u00eb faqen ton\u00eb t\u00eb internetit, cilat nga k\u00ebto t\u00eb dh\u00ebna p\u00ebrpunojm\u00eb dhe p\u00ebrdorim dhe k\u00eb mund t\u00eb kontaktoheni p\u00ebr ndonj\u00eb shqet\u00ebsim p\u00ebrkat\u00ebs. Ne theksojm\u00eb se transmetimi i t\u00eb dh\u00ebnave n\u00eb Internet (p.sh. n\u00eb rastin e komunikimit me e-mail) mund t\u00eb ket\u00eb boshll\u00ebqe sigurie. Mbrojtja e plot\u00eb e t\u00eb dh\u00ebnave nga qasja nga pal\u00ebt e treta nuk \u00ebsht\u00eb e mundur. 2. Organi p\u00ebrgjegj\u00ebs Organi p\u00ebrgjegj\u00ebs p\u00ebr grumbullimin, p\u00ebrpunimin dhe p\u00ebrdorimin e t\u00eb dh\u00ebnave tuaja personale brenda kuptimit t\u00eb GDPR \u00ebsht\u00eb EVOLVE Studio si zyra p\u00ebrgjegj\u00ebse, mund t\u00eb arrihet n\u00ebn detajet e kontaktit: Rruga Brigada VIII Nd. Teknoproject 1, H1, Kt.3, Apt 9, Tiran\u00eb 1019, Albania Telefon: +355 69 45 88 269| E-mail: info@evolve-al.com www.evolve.al NIPT: L72429007F Drejtor i p\u00ebrgjitshshem: Endrit Shehu 3. T\u00eb drejtat e personit t\u00eb interesuar \u2013 informacion, bllokim, fshirje Ju mund t\u00eb merrni informacion n\u00eb lidhje me t\u00eb dh\u00ebnat tuaja t\u00eb ruajtura n\u00eb \u00e7do koh\u00eb, pa pages\u00eb dhe t\u00eb k\u00ebrkoni t\u00eb drejt\u00ebn tuaj p\u00ebr t\u00eb korrigjuar, bllokuar ose fshir\u00eb t\u00eb dh\u00ebnat tuaja. Ju lutemi p\u00ebrdorni t\u00eb dh\u00ebnat e kontaktit t\u00eb lartp\u00ebrmendura. N\u00ebse d\u00ebshironi t\u00eb kund\u00ebrshtoni mbledhjen, p\u00ebrpunimin ose p\u00ebrdorimin e t\u00eb dh\u00ebnave tuaja nga EVOLVE n\u00eb p\u00ebrputhje me k\u00ebt\u00eb Politik\u00eb t\u00eb Privat\u00ebsis\u00eb si t\u00ebr\u00ebsi ose p\u00ebr masa individuale, ju lutem kontaktoni adresat e m\u00ebsip\u00ebrme me e-mail ose let\u00ebr. 4. E drejta e ankes\u00ebs tek autoriteti mbik\u00ebqyr\u00ebs kompetent N\u00eb rast t\u00eb shkeljes t\u00eb mbrojtjes s\u00eb t\u00eb dh\u00ebnave, subjektet&#8230; <\/p>\n<p><a class=\"readmore\" href=\"https:\/\/evolve.al\/al\/privacy-cookies-policy\/\">Continue Reading<\/a><\/p>\n","protected":false},"author":2,"featured_media":0,"parent":0,"menu_order":0,"comment_status":"closed","ping_status":"closed","template":"","meta":[],"_links":{"self":[{"href":"https:\/\/evolve.al\/al\/wp-json\/wp\/v2\/pages\/10809"}],"collection":[{"href":"https:\/\/evolve.al\/al\/wp-json\/wp\/v2\/pages"}],"about":[{"href":"https:\/\/evolve.al\/al\/wp-json\/wp\/v2\/types\/page"}],"author":[{"embeddable":true,"href":"https:\/\/evolve.al\/al\/wp-json\/wp\/v2\/users\/2"}],"replies":[{"embeddable":true,"href":"https:\/\/evolve.al\/al\/wp-json\/wp\/v2\/comments?post=10809"}],"version-history":[{"count":5,"href":"https:\/\/evolve.al\/al\/wp-json\/wp\/v2\/pages\/10809\/revisions"}],"predecessor-version":[{"id":11011,"href":"https:\/\/evolve.al\/al\/wp-json\/wp\/v2\/pages\/10809\/revisions\/11011"}],"wp:attachment":[{"href":"https:\/\/evolve.al\/al\/wp-json\/wp\/v2\/media?parent=10809"}],"curies":[{"name":"wp","href":"https:\/\/api.w.org\/{rel}","templated":true}]}}