{"id":9309,"date":"2016-03-31T08:35:50","date_gmt":"2016-03-31T08:35:50","guid":{"rendered":"http:\/\/webnus.biz\/themes\/easyweb\/design\/?page_id=9309"},"modified":"2019-03-13T17:37:56","modified_gmt":"2019-03-13T16:37:56","slug":"digital-branding","status":"publish","type":"page","link":"http:\/\/evolve.al\/it\/digital-branding\/","title":{"rendered":"Digital Branding"},"content":{"rendered":"<p>[vc_row row_type=&#8221;3&#8243; blox_image=&#8221;9334&#8243; align_center=&#8221;aligncenter&#8221; page_title=&#8221;page-title-x&#8221; blox_dark=&#8221;true&#8221; parallax_speed=&#8221;7&#8243;][vc_column]<hr class=\"vertical-space5\"><hr class=\"vertical-space5\"><hr class=\"vertical-space3\">[vc_column_text]<\/p>\n<h2 class=\"respo-tagline\" style=\"text-align: center; letter-spacing: 1px;\"><strong>DIGITAL BRANDING<\/strong><\/h2>\n<p>[\/vc_column_text]<hr class=\"vertical-space5\"><hr class=\"vertical-space5\">[\/vc_column][\/vc_row][vc_row row_type=&#8221;2&#8243; page_title=&#8221;page-title-x&#8221; blox_padding_top=&#8221;50&#8243; blox_padding_bottom=&#8221;50&#8243; blox_bgcolor=&#8221;#f7f7f7&#8243;][vc_column width=&#8221;1\/6&#8243;][\/vc_column][vc_column width=&#8221;2\/3&#8243;]<hr class=\"vertical-space5\">[vc_column_text]<\/p>\n<h3 style=\"text-align: center;\"><strong>Digital branding e gestione della reputazione<\/strong><\/h3>\n<p style=\"text-align: center;\">Nel mondo del business, la reputazione \u00e8 tutto. Grazie ai social media e ai siti di recensioni come Yelp, puoi creare velocemente un&#8217;ottima reputazione online. C&#8217;\u00e8 solo un problema: Internet si muove velocemente e, con pochi passi falsi, puoi colpire il fondo tanto velocemente quanto sei arrivato all&#8217;ambita valutazione a 5 stelle.<\/p>\n<p>[\/vc_column_text]<hr class=\"vertical-space5\">[vc_row_inner][vc_column_inner][\/vc_column_inner][\/vc_row_inner][vc_column_text]Le nostre soluzioni esclusive sono focalizzate non solo sulla percezione pubblica, ma anche sulla nostra comprensione dell&#8217;acquisto di driver per prodotti specifici.<\/p>\n<p>La percezione pubblica \u00e8 di vitale importanza, ma le nostre soluzioni proprietarie sono anche focalizzate su ci\u00f2 che spinge le vendite per i vostri prodotti o servizi.<\/p>\n<p>Proprio come la tua identit\u00e0 personale ti rende unica, la tua identit\u00e0 di marca \u00e8 una caratteristica unica della tua attivit\u00e0 che ti separa da qualsiasi altra attivit\u00e0 esistente. E progettando la tua identit\u00e0 di marca? \u00c8 ci\u00f2 che d\u00e0 forma alla tua azienda.<\/p>\n<p>Ma qual&#8217;\u00e8 esattamente l&#8217;identit\u00e0 del marchio? E il design? E come puoi creare una forte identit\u00e0 di marca che porta la tua attivit\u00e0 al livello successivo?<br \/>\nI termini &#8220;marca&#8221;, &#8220;marchio&#8221; e &#8220;identit\u00e0 del marchio&#8221; sono talvolta considerati intercambiabili, ma non \u00e8 cos\u00ec.<\/p>\n<p>Il marchio \u00e8 la percezione dell&#8217;azienda negli occhi del mondo.<br \/>\nIl branding implica la pratica di marketing per formare attivamente un marchio distintivo.<br \/>\nBrand Identity \u00e8 la raccolta di tutti gli elementi di marca che l&#8217;azienda crea per ritrarre la giusta immagine di te stesso al consumatore.<\/p>\n<p>La tua attivit\u00e0 non \u00e8 cos\u00ec diversa da una sola persona: ha caratteristiche, qualit\u00e0, una certa lingua come opportunit\u00e0 di comunicazione, ha una storia di formazione e definisce gli obiettivi da raggiungere a breve e lungo termine. Per avere successo con la tua attivit\u00e0, l&#8217;importanza primaria per la tua \u00e8 una migliore identit\u00e0 di marca, devi essere pienamente consapevole di come affrontare ogni progetto seguendo la giusta strategia!<\/p>\n<p>Qual \u00e8 l&#8217;identit\u00e0 del marchio?<\/p>\n<p>L&#8217;identit\u00e0 del marchio \u00e8 l&#8217;insieme di caratteristiche visive e linguistiche che rendono familiare un marchio, distinto dalla concorrenza. Questo \u00e8 ci\u00f2 che fa sembrare l&#8217;azienda un&#8217;unit\u00e0 forte e chiara da parte dei consumatori. Ecco perch\u00e9 l&#8217;identit\u00e0 di marca \u00e8 il primo contributore al successo del prodotto o del servizio offerto dalla tua azienda.<\/p>\n<p>Idealmente, l&#8217;identit\u00e0 del marchio coincide con l&#8217;immagine del marchio, che \u00e8 l&#8217;idea che i clienti hanno sul tuo marchio aziendale. Quando la societ\u00e0 riesce ad &#8220;avere&#8221; i suoi potenziali clienti per quello che \u00e8 e vuole fare, ha raggiunto uno degli obiettivi pi\u00f9 importanti.<\/p>\n<p>Gli aspetti dell&#8217;identit\u00e0 di marca sono molto simili alle caratteristiche di una persona che pu\u00f2 essere classificata e scarificata come i sei aspetti principali dell&#8217;identit\u00e0 di marca: elementi fisici, personalit\u00e0, cultura, relazione, immagine, riflesso e autorappresentazione.<br \/>\nBrand Identity \u00e8 il messaggio che il consumatore riceve dal prodotto, dalla persona o dalla cosa. L&#8217;identit\u00e0 del marchio collegher\u00e0 il riconoscimento del prodotto.<\/p>\n<p>Perch\u00e9 l&#8217;identit\u00e0 del marchio \u00e8 importante?<\/p>\n<p>Per questi due motivi:<\/p>\n<p>1. \u00c8 una guida alla comunicazione con i clienti L&#8217;identit\u00e0 del marchio \u00e8 la guida alla comunicazione aziendale, uno strumento che regola la strategia e i canali multimediali, riducendo il rischio di errori.<\/p>\n<p>2. \u00c8 la carta d&#8217;identit\u00e0 dell&#8217;azienda sul mercato. L&#8217;identit\u00e0 del marchio offre sentimenti di sostenibilit\u00e0 e credibilit\u00e0 del business. Identit\u00e0 del marchio offre uno schema comportamentale e valori per i dipendenti.<\/p>\n<p>Senza la brand identity \u00e8 pi\u00f9 complicato scrivere testi, fare promozioni o campagne di marketing. Senza la brand identity, l&#8217;azienda rischia di perdere l&#8217;orientamento, non avere valori comuni.<br \/>\nTutti i componenti relativi a un prodotto, servizio, azienda o persona sono &#8220;identit\u00e0 di marca&#8221;.<\/p>\n<p>1. Immagina la compagnia come persona. Quali sono le tue qualit\u00e0, caratteristiche, una descrizione della personalit\u00e0 di una persona, quindi \u00e8 anche per la tua azienda.<\/p>\n<p>2. Chi \u00e8 il tuo gruppo target? Chi \u00e8 il tuo servizio o prodotto, chi sono i tuoi clienti, il tuo target per chi lavori e ti servono ogni giorno.<\/p>\n<p>3. Cosa ti rende speciale? Perch\u00e9 dovrebbero scegliere te?<\/p>\n<p>A questo punto devi presentare il tuo particolare punto caratteristico dei prodotti o servizi che offri ai tuoi potenziali clienti. Dovresti spiegare in poche righe cosa rende la tua azienda la scelta migliore, in che modo il tuo prodotto migliora la situazione o la sceglie. Chiaro, frasi concrete, complete e brevi.<\/p>\n<p>4. Qual \u00e8 la tua missione, visione e valori?<\/p>\n<p>Un&#8217;azienda dovrebbe avere una missione, una visione e dei valori ben definiti. Per prima cosa devi raccontare la storia dell&#8217;azienda, la ragione della sua esistenza, i valori che ti guidano. D&#8217;altra parte, \u00e8 importante che l&#8217;azienda abbia una visione pi\u00f9 accurata per il futuro,<br \/>\nChi \u00e8 coinvolto nella definizione dell&#8217;identit\u00e0 di marca?<\/p>\n<p>Naturalmente, il tuo ufficio di comunicazione e la tua agenzia internet sono qui per aiutarti. Ti seguiamo passo dopo passo nella compilazione della tua brand identity nell&#8217;aspetto visivo e testuale di internet.<\/p>\n<p>Prepariamo linee guida complete del marchio per l&#8217;introduzione dell&#8217;azienda, il logo, i colori, la tipografia, le indicazioni sull&#8217;uso della grafica, il copywriting e le firme.<\/p>\n<p>Affinch\u00e9 un&#8217;azienda possa avere successo, dovrebbe avere un&#8217;immagine chiara e comprensibile dal gruppo target a cui \u00e8 indirizzata, quindi la progettazione delle immagini \u00e8 uno dei processi fondamentali nella creazione dell&#8217;identit\u00e0 aziendale e il primo passo verso la promozione nel mercato.<\/p>\n<p>Creare un&#8217;identit\u00e0 visiva significa sostanzialmente applicare i valori del tuo brand in ogni suo aspetto.<\/p>\n<p>Cosa c&#8217;entra?<\/p>\n<p>La designazione del marchio comprende design come brochure, a4-a3, banner, citylight, cataloghi di vendita, imballaggi, divise dello staff, ecc. Tutti questi prodotti personalizzati personalizzati appositamente per la tua attivit\u00e0.<br \/>\n[\/vc_column_text][\/vc_column][vc_column width=&#8221;1\/6&#8243;][\/vc_column][\/vc_row][vc_row][vc_column width=&#8221;1\/2&#8243;]<hr class=\"vertical-space5\">[vc_column_text]<\/p>\n<h4><strong>La nostra competenza<\/strong><\/h4>\n<p>Sappiamo che aziende e individui diversi hanno esigenze di gestione della reputazione distinte. Il nostro staff ha analizzato e recensito decine di servizi di gestione della reputazione e ha individuato quelli che riteniamo siano i migliori per aziende e privati.<br \/>\nOffriamo servizi a governi e aziende, sia di piccole che di grandi dimensioni, da una vasta gamma di settori e settori.<br \/>\nLe nostre soluzioni esclusive sono focalizzate non solo sulla percezione pubblica, ma anche sulla nostra comprensione dell&#8217;acquisto di driver per prodotti specifici.<br \/>\nLa percezione pubblica \u00e8 di vitale importanza, ma le nostre soluzioni proprietarie sono anche focalizzate su ci\u00f2 che spinge le vendite per i vostri prodotti o servizi.[\/vc_column_text]<hr class=\"vertical-space2\">[\/vc_column][vc_column width=&#8221;1\/2&#8243;]<hr class=\"vertical-space5\">[vc_column_text]<\/p>\n<h4><strong>Ci\u00f2 che ci rende diversi.<\/strong><\/h4>\n<p>Se al momento hai un problema di gestione della reputazione online, i nostri consulenti di reputazione online possono fornire gli strumenti necessari per individuarlo e rimuoverlo silenziosamente dai motori di ricerca. Se sei abbastanza fortunato da non avere ancora un problema con il marchio, ti presenteremo un software di monitoraggio della reputazione che ti aiuter\u00e0 a rimanere aggiornato su ci\u00f2 che viene detto sul tuo marchio.[\/vc_column_text]<hr class=\"vertical-space2\">[\/vc_column][\/vc_row][vc_row][vc_column]<hr class=\"vertical-space1\">[\/vc_column][\/vc_row][vc_row][vc_column]\n\t<div class=\"max-title max-title3\">\n\t\t<h2>I NOSTRI <strong>CLIENTI FELICI<\/strong><\/h2>\n\t<\/div><hr class=\"vertical-space1\"><div class=\"aligncenter\"><hr class=\"vertical-space1\"><div class=\"col-md-12 our-clients-wrap crsl\"><ul id=\"our-clients\" class=\"our-clients crsl\"><li><img alt=\"\" src=\"http:\/\/evolve.al\/admin\/core-wp\/..\/..\/site\/resources-global\/content-data\/uploads\/dga_logo_landscape_v1.jpg\"\/><\/li><li><img alt=\"\" src=\"http:\/\/evolve.al\/admin\/core-wp\/..\/..\/site\/resources-global\/content-data\/uploads\/ardeno-mobileri-al_logo_2.jpg\"\/><\/li><li><img alt=\"\" src=\"http:\/\/evolve.al\/admin\/core-wp\/..\/..\/site\/resources-global\/content-data\/uploads\/salillari-shpk_logo.jpg\"\/><\/li><li><img alt=\"\" src=\"http:\/\/evolve.al\/admin\/core-wp\/..\/..\/site\/resources-global\/content-data\/uploads\/alb-pastrim_logo.jpg\"\/><\/li><li><img alt=\"\" src=\"http:\/\/evolve.al\/admin\/core-wp\/..\/..\/site\/resources-global\/content-data\/uploads\/supersport_logo_v1.jpg\"\/><\/li><li><img alt=\"\" src=\"http:\/\/evolve.al\/admin\/core-wp\/..\/..\/site\/resources-global\/content-data\/uploads\/dpm-gov-al_logo.jpg\"\/><\/li><li><img alt=\"\" src=\"http:\/\/evolve.al\/admin\/core-wp\/..\/..\/site\/resources-global\/content-data\/uploads\/mmsr-gov-al_logo.jpg\"\/><\/li><li><img alt=\"\" src=\"http:\/\/evolve.al\/admin\/core-wp\/..\/..\/site\/resources-global\/content-data\/uploads\/biznes-albania_logo.jpg\"\/><\/li><li><img alt=\"\" src=\"http:\/\/evolve.al\/admin\/core-wp\/..\/..\/site\/resources-global\/content-data\/uploads\/su-shefqet-ndroqi_logo.jpg\"\/><\/li><li><img alt=\"\" src=\"http:\/\/evolve.al\/admin\/core-wp\/..\/..\/site\/resources-global\/content-data\/uploads\/ekb_logo.jpg\"\/><\/li><li><img alt=\"\" src=\"http:\/\/evolve.al\/admin\/core-wp\/..\/..\/site\/resources-global\/content-data\/uploads\/leon-kons_logo.jpg\"\/><\/li><li><img alt=\"\" src=\"http:\/\/evolve.al\/admin\/core-wp\/..\/..\/site\/resources-global\/content-data\/uploads\/alushi-trans-al_logo.jpg\"\/><\/li><\/ul><\/div><hr class=\"vertical-space2\"><\/div>[\/vc_column][\/vc_row][vc_row row_type=&#8221;2&#8243; blox_height=&#8221;452&#8243; blox_image=&#8221;9705&#8243; blox_bgcolor=&#8221;#f7f7f7&#8243;][vc_column el_class=&#8221;aligncenter&#8221;]<hr class=\"vertical-space5\"><hr class=\"vertical-space1\">[vc_column_text]<\/p>\n<h1 style=\"text-align: center;\">Iniziamo<br \/>\nil <strong>tuo progetto<\/strong><\/h1>\n<p>[\/vc_column_text]<hr class=\"vertical-space1\">[vc_column_text]<\/p>\n<p class=\"slog-tx2 aligncenter\">Ci concentriamo fortemente sulla funzione e sull&#8217;usabilit\u00e0 e ti addestriamo a gestire il tuo sito web come una risorsa aziendale. Facciamo del nostro meglio per assicurare che i tuoi contenuti vengano consegnati in modo tale che i visitatori possano trovare facilmente e intuitivamente le informazioni che cercano, ottenendo un&#8217;esperienza utente piacevole e produttiva.<\/p>\n<p>[\/vc_column_text]<hr class=\"vertical-space1\"><a href=\"http:\/\/evolve.al\/request-a-quote\/\" class=\"button skyblue  medium bordered-bot \" target=\"_self\">RICHIEDI UN PREVENTIVO<\/a><hr class=\"vertical-space4\">[\/vc_column][\/vc_row][vc_row row_type=&#8221;2&#8243; blox_image=&#8221;9171&#8243; blox_cover=&#8221;false&#8221; blox_repeat=&#8221;repeat&#8221; blox_dark=&#8221;true&#8221; blox_bgcolor=&#8221;#00c2e5&#8243;][vc_column]<hr class=\"vertical-space3\">[vc_row_inner][vc_column_inner el_class=&#8221;aligncenter&#8221;][vc_column_text]<\/p>\n<h1 style=\"text-align: center;\">Cose che abbiamo <strong>fatto<\/strong><\/h1>\n<p style=\"text-align: center;\">Siamo costruendo ponti nella tecnologia web per collegare l&#8217;obiettivo del cliente alla realt\u00e0<\/p>\n<p>[\/vc_column_text]<a href=\"http:\/\/evolve.al\/projects\/\" class=\"button white  medium bordered-bot \" target=\"_self\">VISUALIZZA I NOSTRI PROGETTI<\/a>[\/vc_column_inner][\/vc_row_inner]<hr class=\"vertical-space2\">[\/vc_column][\/vc_row]<\/p>","protected":false},"excerpt":{"rendered":"<p>[vc_row row_type=&#8221;3&#8243; blox_image=&#8221;9334&#8243; align_center=&#8221;aligncenter&#8221; page_title=&#8221;page-title-x&#8221; blox_dark=&#8221;true&#8221; parallax_speed=&#8221;7&#8243;][vc_column][vc_column_text] DIGITAL BRANDING [\/vc_column_text][\/vc_column][\/vc_row][vc_row row_type=&#8221;2&#8243; page_title=&#8221;page-title-x&#8221; blox_padding_top=&#8221;50&#8243; blox_padding_bottom=&#8221;50&#8243; blox_bgcolor=&#8221;#f7f7f7&#8243;][vc_column width=&#8221;1\/6&#8243;][\/vc_column][vc_column width=&#8221;2\/3&#8243;][vc_column_text] Digital branding e gestione della reputazione Nel mondo del business, la reputazione \u00e8 tutto. Grazie ai social media e ai siti di recensioni come Yelp, puoi creare velocemente un&#8217;ottima reputazione online. C&#8217;\u00e8 solo un problema: Internet si muove velocemente e, con pochi passi falsi, puoi colpire il fondo tanto velocemente quanto sei arrivato all&#8217;ambita valutazione a 5 stelle. [\/vc_column_text][vc_row_inner][vc_column_inner][\/vc_column_inner][\/vc_row_inner][vc_column_text]Le nostre soluzioni esclusive sono focalizzate non solo sulla percezione pubblica, ma anche sulla nostra comprensione dell&#8217;acquisto di driver per prodotti specifici. La percezione pubblica \u00e8 di vitale importanza, ma le nostre soluzioni proprietarie sono anche focalizzate su ci\u00f2 che spinge le vendite per i vostri prodotti o servizi. Proprio come la tua identit\u00e0 personale ti rende unica, la tua identit\u00e0 di marca \u00e8 una caratteristica unica della tua attivit\u00e0 che ti separa da qualsiasi altra attivit\u00e0 esistente. E progettando la tua identit\u00e0 di marca? \u00c8 ci\u00f2 che d\u00e0 forma alla tua azienda. Ma qual&#8217;\u00e8 esattamente l&#8217;identit\u00e0 del marchio? E il design? E come puoi creare una forte identit\u00e0 di marca che porta la tua attivit\u00e0 al livello successivo? I termini &#8220;marca&#8221;, &#8220;marchio&#8221; e &#8220;identit\u00e0 del marchio&#8221; sono talvolta considerati intercambiabili, ma non \u00e8 cos\u00ec. Il marchio \u00e8 la percezione dell&#8217;azienda negli occhi del mondo. Il branding implica la pratica di marketing per formare attivamente un marchio distintivo. Brand Identity \u00e8 la raccolta di tutti gli elementi di marca che l&#8217;azienda crea per ritrarre la giusta immagine di te stesso al consumatore. La tua attivit\u00e0 non \u00e8 cos\u00ec diversa da una sola persona: ha caratteristiche, qualit\u00e0, una certa lingua come opportunit\u00e0 di comunicazione, ha una storia di formazione e definisce gli obiettivi da raggiungere a breve e lungo termine. Per avere successo con la tua&#8230; <\/p>\n<p><a class=\"readmore\" href=\"http:\/\/evolve.al\/it\/digital-branding\/\">Continue Reading<\/a><\/p>\n","protected":false},"author":1,"featured_media":0,"parent":0,"menu_order":0,"comment_status":"closed","ping_status":"closed","template":"","meta":[],"_links":{"self":[{"href":"http:\/\/evolve.al\/it\/wp-json\/wp\/v2\/pages\/9309"}],"collection":[{"href":"http:\/\/evolve.al\/it\/wp-json\/wp\/v2\/pages"}],"about":[{"href":"http:\/\/evolve.al\/it\/wp-json\/wp\/v2\/types\/page"}],"author":[{"embeddable":true,"href":"http:\/\/evolve.al\/it\/wp-json\/wp\/v2\/users\/1"}],"replies":[{"embeddable":true,"href":"http:\/\/evolve.al\/it\/wp-json\/wp\/v2\/comments?post=9309"}],"version-history":[{"count":6,"href":"http:\/\/evolve.al\/it\/wp-json\/wp\/v2\/pages\/9309\/revisions"}],"predecessor-version":[{"id":11170,"href":"http:\/\/evolve.al\/it\/wp-json\/wp\/v2\/pages\/9309\/revisions\/11170"}],"wp:attachment":[{"href":"http:\/\/evolve.al\/it\/wp-json\/wp\/v2\/media?parent=9309"}],"curies":[{"name":"wp","href":"https:\/\/api.w.org\/{rel}","templated":true}]}}