{"id":9470,"date":"2016-04-12T07:23:56","date_gmt":"2016-04-12T07:23:56","guid":{"rendered":"http:\/\/webnus.biz\/themes\/easyweb\/design\/?page_id=9470"},"modified":"2023-11-13T09:59:30","modified_gmt":"2023-11-13T08:59:30","slug":"sito-web-e-commerce","status":"publish","type":"page","link":"http:\/\/evolve.al\/al\/sito-web-e-commerce\/","title":{"rendered":"Ndertim faqe interneti Ecommerce"},"content":{"rendered":"<p>[vc_row row_type=&#8221;3&#8243; blox_image=&#8221;9477&#8243; align_center=&#8221;aligncenter&#8221; page_title=&#8221;page-title-x&#8221; blox_dark=&#8221;true&#8221; blox_class=&#8221;breadcrumb&#8221; parallax_speed=&#8221;7&#8243;][vc_column]<hr class=\"vertical-space5\">[vc_column_text]<\/p>\n<h2 class=\"respo-tagline\" style=\"text-align: center; letter-spacing: 1px;\">Ndertim faqe interneti E-commerce<\/h2>\n<p>[\/vc_column_text]<hr class=\"vertical-space5\">[\/vc_column][\/vc_row][vc_row][vc_column width=&#8221;1\/6&#8243;][\/vc_column][vc_column width=&#8221;2\/3&#8243; el_class=&#8221;aligncenter&#8221;]<hr class=\"vertical-space5\"><i class=\"fa-shopping-cart\" style=\" font-size:64px; color:#d6d6d6;\"><\/i><hr class=\"vertical-space1\">[vc_column_text]<\/p>\n<h3 style=\"text-align: center;\"><strong>Nd\u00ebrtim faqe interneti E-Commerce<\/strong><\/h3>\n<p style=\"text-align: center;\">Gjithkush e di se dyqanet e shitjes\u00a0 jan\u00eb nj\u00eb biznes i mir\u00eb, pa marr\u00eb parasysh se \u00e7far\u00eb shitet; gjithmon\u00eb do t\u00eb ket\u00eb njer\u00ebz pran\u00eb jush q\u00eb b\u00ebjn\u00eb <strong>blerje online<\/strong>. Por nj\u00eb dyqan me pakic\u00eb \u00ebsht\u00eb i kufizuar n\u00eb vendndodhjen e saj gjeografike. Me nj\u00eb dyqan online, kufiri i vet\u00ebm \u00ebsht\u00eb imagjinata juaj. Me Evolve Studio, mund t\u00eb nd\u00ebrtoni faqen tuaj e-commerce.<\/p>\n<p>Nd\u00ebrtoni faqen tuaj E-commerce tani dhe p\u00ebrfitoni nga mund\u00ebsit\u00eb e shumta q\u00eb ofron bota e\u00a0<a href=\"http:\/\/evolve.al\/admin\/core-wp\/wp-admin\/post.php?post=9288&amp;action=edit\">marketingut online. <\/a>[\/vc_column_text][\/vc_column][vc_column width=&#8221;1\/6&#8243;][\/vc_column][\/vc_row][vc_row row_type=&#8221;2&#8243; blox_bgcolor=&#8221;#f7f7f7&#8243;][vc_column][vc_row_inner][vc_column_inner][vc_column_text]E-commerce, ose shitjet dhe<strong> blerje online<\/strong>, b\u00ebn t\u00eb mundur q\u00eb kompanit\u00eb t\u00eb promovojn\u00eb dhe marketojn\u00eb produktet dhe sh\u00ebrbimet e tyre n\u00eb internet. P\u00ebr shitjet dhe <strong>blerje online<\/strong>, ecommerce \u00ebsht\u00eb zgjidhja e duhur p\u00ebr ju. N\u00ebse keni nj\u00eb dyqan online dhe d\u00ebshironi q\u00eb t\u00eb shisni produktet dhe sh\u00ebrbimet tuaja, faqet ecommerce jan\u00eb zgjidhja q\u00eb ju duhet. Ne realizojm\u00eb <strong>faqe interneti profesionale<\/strong> dhe ofrojm\u00eb zgjidhjen e duhur p\u00ebr shitjet\u00a0 dhe <strong>blerje online<\/strong>.<\/p>\n<p>Shum\u00eb njer\u00ebz kan\u00eb vendosur t\u00eb ken\u00eb dyqanet e tyre online, ku mund t\u00eb shesin cdo lloj produkti, n\u00eb t\u00eb gjith\u00eb bot\u00ebn. Stafi yn\u00eb do t\u2019ju ndihmoj\u00eb t\u00eb nd\u00ebrtoni faqen tuaj profesionale e-commerce. Ne do t\u00eb ju ndihmojm\u00eb t\u00eb shfryt\u00ebzoni fuqin\u00eb e e-commerce. Ne ndertojm\u00eb p\u00ebr ju faqe e commerce profesionale.<\/p>\n<p>Faqet e internetit e-Commerce realizojn\u00eb n\u00eb m\u00ebnyr\u00eb t\u00eb thjesht\u00eb dhe t\u00eb sigurt\u00eb shitjen dhe blerjen e produkteve dhe sh\u00ebrbimeve online t\u00eb nj\u00eb kompanie nga e gjith\u00eb bota. E-Commerce \u00ebsht\u00eb nje nga tendencat kryesore t\u00eb viteve t\u00eb fundit n\u00eb shitjet dhe <strong>blerje online<\/strong>. Shum\u00eb njer\u00ebz kan\u00eb nd\u00ebrtuar dyqanet e tyre n\u00eb internet dhe ata shesin mallrat e tyre n\u00eb mbar\u00eb bot\u00ebn.<\/p>\n<p>Njer\u00ebzit p\u00ebrdorin termin \u201cecommerce\u201d ose \u201conline shopping\u201d p\u00ebr t\u00eb p\u00ebrshkruar procesin e k\u00ebrkimit dhe zgjedhjen e produkteve n\u00eb faqet e internetit e-Commerce dhe pastaj, pasi arrijn\u00eb t\u00eb gjejn\u00eb produktin e tyre, duke p\u00ebrdorur nj\u00eb kart\u00eb krediti ose debiti, p\u00ebr pak sekonda, ata mund t\u00eb kryejn\u00eb blerjen e produktit dhe t\u00eb kryejn\u00eb pages\u00ebn. Shitjet dhe <strong>blerje online<\/strong> n\u00ebp\u00ebrmjet internetit koh\u00ebt e fundit jan\u00eb rritur me shpejt\u00ebsi.<\/p>\n<p>Fal\u00eb p\u00ebrdorimit t\u00eb E-Commerce, dyqani juaj online mund t\u00eb vizitohet nga miliona p\u00ebrdorues t\u00eb internetit, t\u00eb cil\u00ebt jan\u00eb klient\u00eb potencial\u00eb p\u00ebr produktet ose sh\u00ebrbimet tuaja.[\/vc_column_text][\/vc_column_inner][\/vc_row_inner]<hr class=\"vertical-space3\">\n\t<div class=\"max-title max-title3\">\n\t\t<h2>\u00c7far\u00eb <strong>b\u00ebjm\u00eb<\/strong><\/h2>\n\t<\/div>[vc_column_text]Ne ju ndihmojm\u00eb t\u00eb gjeni dhe zhvilloni zgjidhje p\u00ebrfundimtare p\u00ebr dyqanin tuaj online si dhe p\u00ebr t\u00eb p\u00ebrmir\u00ebsuar komunikimin, automatizuar rrjedh\u00ebn e pun\u00ebs, menaxhimin e transaksioneve me volum t\u00eb lart\u00eb, menaxhimin dhe identifikimin e p\u00ebrdoruesve, menaxhimin e t\u00eb dh\u00ebnave dhe p\u00ebrmbajtjeve, aplikacionet e blerjeve online dhe integrimin e sistemit t\u00eb pagesave. Nd\u00ebrtoni faqen tuaj E-commerce tani. Evolve Studio nd\u00ebrton<strong> faqe interneti<\/strong> profesionale.<\/p>\n<p>Sh\u00ebrbimi yn\u00eb i krijimit p\u00ebrfshin:[\/vc_column_text]<hr class=\"vertical-space3\">[\/vc_column][\/vc_row][vc_row row_type=&#8221;2&#8243; blox_padding_bottom=&#8221;80&#8243; blox_bgcolor=&#8221;#f7f7f7&#8243;][vc_column width=&#8221;1\/2&#8243;]<article class=\"icon-box7\" ><i class=\"sl-check\" style=\" color:#00c2e5;\"><\/i><h4>Dizajnin e struktur\u00ebs online<\/h4><\/article><article class=\"icon-box7\" ><i class=\"sl-check\" style=\" color:#00c2e5;\"><\/i><h4>Krijimi i faqeve unike<\/h4><\/article><article class=\"icon-box7\" ><i class=\"sl-check\" style=\" color:#00c2e5;\"><\/i><h4>Krijimin e nj\u00eb emaili p\u00ebr fushat\u00eb <\/h4><\/article>[\/vc_column][vc_column width=&#8221;1\/2&#8243;]<article class=\"icon-box7\" ><i class=\"sl-check\" style=\" color:#00c2e5;\"><\/i><h4>Krijimin e nj\u00eb webi-i responsiv<\/h4><\/article><article class=\"icon-box7\" ><i class=\"sl-check\" style=\" color:#00c2e5;\"><\/i><h4>Hostim\/Regjistrim t\u00eb domain-it<\/h4><\/article><article class=\"icon-box7\" ><i class=\"sl-check\" style=\" color:#00c2e5;\"><\/i><h4>Optimizim i p\u00ebrmbajtjes p\u00ebr motor\u00ebt e k\u00ebrkimit<\/h4><\/article>[\/vc_column][\/vc_row][vc_row][vc_column]<hr class=\"vertical-space5\">\n\t<div class=\"max-title max-title3\">\n\t\t<h2>Zgjidhja jon\u00eb p\u00ebr <strong> E-Commerce<\/strong><\/h2>\n\t<\/div>[vc_column_text]Nd\u00ebrtim <strong>faqe interneti<\/strong> e-commerce\u00a0 p\u00ebr shitje dhe <strong>blerje online<\/strong>. Ne ju ofrojm\u00eb zgjidhje t\u00eb personalizuara p\u00ebr tregtin\u00eb online q\u00eb ju t\u00eb rriteni, bazuar n\u00eb q\u00ebllimet dhe k\u00ebrkesat tuaja specifike. Nd\u00ebrkoh\u00eb q\u00eb ju rriteni, ne sigurohemi q\u00eb t\u00eb ofrojm\u00eb nj\u00eb zgjidhje t\u00eb sigurt dhe risiprur\u00ebse p\u00ebr dyqanin tuaj online. Faqet e internetit p\u00ebr shitje dhe <strong>blerje online<\/strong> jan\u00eb zgjidhje e sigurt\u00eb dhe e shpejt\u00eb.[\/vc_column_text]<hr class=\"vertical-space2\">[vc_row_inner][vc_column_inner width=&#8221;1\/2&#8243;]<hr class=\"vertical-space4\"><article class=\"icon-box5\" ><i class=\"sl-check\" style=\" color:#00c2e5;\"><\/i><h4>Optimizim p\u00ebr motor\u00ebt e k\u00ebrkimit me linke Seo dhe sitemap<\/h4><\/article><article class=\"icon-box5\" ><i class=\"sl-check\" style=\" color:#00c2e5;\"><\/i><h4>Nj\u00eb faqe private p\u00ebr kryerjen e porosive<\/h4><\/article><article class=\"icon-box5\" ><i class=\"sl-check\" style=\" color:#00c2e5;\"><\/i><h4>Menaxhimi i stokut dhe inventar<\/h4><\/article><article class=\"icon-box5\" ><i class=\"sl-check\" style=\" color:#00c2e5;\"><\/i><h4>Variacione t\u00eb produktit p\u00ebr atribute t\u00eb ndryshme si ngjyra, pesha, p\u00ebrmasa.<\/h4><\/article><article class=\"icon-box5\" ><i class=\"sl-check\" style=\" color:#00c2e5;\"><\/i><h4>Raporte t\u00eb shitjeve t\u00eb cilat mund t'i printoni n\u00eb formate t\u00eb ndryshme<\/h4><\/article><article class=\"icon-box5\" ><i class=\"sl-check\" style=\" color:#00c2e5;\"><\/i><h4>Kupona, oferta dhe ulje \u00e7mimesh p\u00ebr produktet<\/h4><\/article>[\/vc_column_inner][vc_column_inner width=&#8221;1\/2&#8243;]<hr class=\"vertical-space4\"><article class=\"icon-box5\" ><i class=\"sl-check\" style=\" color:#00c2e5;\"><\/i><h4>Shport\u00eb porosish n\u00eb t\u00eb cil\u00ebn klient\u00ebt mund t\u00eb heqin dhe shtojn\u00eb porosit\u00eb<\/h4><\/article><article class=\"icon-box5\" ><i class=\"sl-check\" style=\" color:#00c2e5;\"><\/i><h4>Historiku i porosis\u00eb, statusi<\/h4><\/article><article class=\"icon-box5\" ><i class=\"sl-check\" style=\" color:#00c2e5;\"><\/i><h4>Sigurimi i t\u00eb dh\u00ebnave me \u00e7ertifikat\u00ebn 128-bit SSL <\/h4><\/article><article class=\"icon-box5\" ><i class=\"sl-check\" style=\" color:#00c2e5;\"><\/i><h4>Opsionin p\u00ebr paketimin e dhuratave si edhe vendosja e shkrimeve mbi t\u00eb<\/h4><\/article><article class=\"icon-box5\" ><i class=\"sl-check\" style=\" color:#00c2e5;\"><\/i><h4>Integrimi i PayPal si m\u00ebnyr\u00eb pagese si dhe 50 m\u00ebnyra t\u00eb tjera<\/h4><\/article><article class=\"icon-box5\" ><i class=\"sl-check\" style=\" color:#00c2e5;\"><\/i><h4>Shtimi dhe ndryshimi i \u00e7mimit si dhe i p\u00ebrshkrimit<\/h4><\/article>[\/vc_column_inner][\/vc_row_inner]<hr class=\"vertical-space3\">[vc_row_inner][vc_column_inner][vc_column_text]Ju mund t\u00eb realizoni menaxhimin e produkteve online. Kjo do t\u00eb thot\u00eb q\u00eb ju shum\u00eb thjesht\u00eb mund t\u00eb listoni ose t\u00eb shtoni produkte n\u00eb dyqanin tuaj online. Gama e gjer\u00eb e produkteve q\u00eb ju mund t\u00eb shisni online nuk p\u00ebrb\u00ebn problem; dyqani online q\u00eb realizojm\u00eb \u00ebsht\u00eb multi-funksional dhe mund ta p\u00ebrdorni p\u00ebr t\u00eb gjitha k\u00ebrkesat.<\/p>\n<p>Ne n\u00eb Evolve Studio zhvillojm\u00eb <strong>faqe interneti e-Commerce<\/strong> t\u00eb shpejt\u00eb dhe t\u00eb thjesht\u00eb p\u00ebr t&#8217;u p\u00ebrdorur. N\u00ebse keni d\u00ebshiruar q\u00eb produktet tuaja t\u2019i shisni jo vet\u00ebm n\u00eb dyqane fizike por edhe n\u00eb internet, zgjidhja e duhur \u00ebsht\u00eb E-commerce .<\/p>\n<p>Me faqet profesionale <strong>E-commerce<\/strong>, shitja do t\u00eb realizohet m\u00eb leht\u00eb, numri i vizitor\u00ebve dhe t\u00eb interesuarve do rritet, p\u00ebrqindja m\u00eb e madhe e k\u00ebtyre mund t\u00eb kthehen n\u00eb klient\u00eb potencial\u00eb. Shitja online \u00ebsht\u00eb m\u00eb e thjesht\u00eb me <strong>E-commerce<\/strong>. N\u00ebse d\u00ebshironi faqe interneti p\u00ebr shitje dhe <strong>blerje online<\/strong>, zgjidhja e duhur \u00ebsht\u00eb Evolve Studio.<\/p>\n<p>Ju mund t\u00eb zgjidhni at\u00eb \u00e7far\u00eb d\u00ebshironi t\u00eb shisni dhe ekipi yn\u00eb do realizoj\u00eb faqen tuaj <strong>e-commerce<\/strong>. Ne ju ofrojm\u00eb sigurin\u00eb q\u00eb i duhet dyqanit juaj online, mund\u00ebsi q\u00eb t\u00eb shini online produktet e shumta q\u00eb mund t\u00eb ket\u00eb biznesi juaj.<\/p>\n<p>Ekipi yn\u00eb i ekspert\u00ebve do t\u2019ju ndihmoj\u00eb q\u00eb t\u00eb nd\u00ebrtoni zgjidhje t\u00eb p\u00ebrsosur dhe m\u00eb t\u00eb p\u00ebrshtatshme e-commerce p\u00ebr biznesin tuaj, duke filluar nga konsultimi me ju p\u00ebr t&#8217;u njohur me nevojat q\u00eb keni.<\/p>\n<p>Ne ju ofrojm\u00eb faqe internet <strong>E-commerce<\/strong> bazuar n\u00eb k\u00ebrkesat e dyqanit tuaj online. Zgjidhja e-commerce p\u00ebr t\u00eb shitur online cdo lloj produkti \u00ebsht\u00eb nj\u00eb m\u00ebnyre e thjesht\u00eb dhe e sigurt\u00eb per t\u00eb arritur klient\u00eb t\u00eb shumt\u00eb n\u00eb num\u00ebr dhe pa u kusht\u00ebzuar nga vendodhja e tyre. Me zgjidhjet <strong>E-commerce<\/strong>, ju i jepni mund\u00ebsin\u00eb e duhur dyqanit tuaj online p\u00ebr t\u00eb shitur leht\u00eb dhe n\u00eb m\u00ebnyr\u00eb t\u00eb sigurt\u00eb.<\/p>\n<p>Si nj\u00eb nd\u00ebr m\u00ebnyrat m\u00eb t\u00eb thjeshta t\u00eb dit\u00ebve t\u00eb sotme p\u00ebr shitje\u00a0 dhe blerje online, faqet e-commerce jan\u00eb zgjidhje e sigurt\u00eb p\u00ebr biznesin tuaj online.[\/vc_column_text][\/vc_column_inner][\/vc_row_inner][\/vc_column][\/vc_row][vc_row][vc_column]\n\t<div class=\"max-title max-title3\">\n\t\t<h2>KLIENT\u00cbT TAN\u00cb<\/h2>\n\t<\/div><hr class=\"vertical-space1\"><div class=\"aligncenter\"><hr class=\"vertical-space1\"><div class=\"col-md-12 our-clients-wrap crsl\"><ul id=\"our-clients\" class=\"our-clients crsl\"><li><img alt=\"\" src=\"http:\/\/evolve.al\/admin\/core-wp\/..\/..\/site\/resources-global\/content-data\/uploads\/dga_logo_landscape_v1.jpg\"\/><\/li><li><img alt=\"\" src=\"http:\/\/evolve.al\/admin\/core-wp\/..\/..\/site\/resources-global\/content-data\/uploads\/ardeno-mobileri-al_logo_2.jpg\"\/><\/li><li><img alt=\"\" src=\"http:\/\/evolve.al\/admin\/core-wp\/..\/..\/site\/resources-global\/content-data\/uploads\/salillari-shpk_logo.jpg\"\/><\/li><li><img alt=\"\" src=\"http:\/\/evolve.al\/admin\/core-wp\/..\/..\/site\/resources-global\/content-data\/uploads\/alb-pastrim_logo.jpg\"\/><\/li><li><img alt=\"\" src=\"http:\/\/evolve.al\/admin\/core-wp\/..\/..\/site\/resources-global\/content-data\/uploads\/supersport_logo_v1.jpg\"\/><\/li><li><img alt=\"\" src=\"http:\/\/evolve.al\/admin\/core-wp\/..\/..\/site\/resources-global\/content-data\/uploads\/dpm-gov-al_logo.jpg\"\/><\/li><li><img alt=\"\" src=\"http:\/\/evolve.al\/admin\/core-wp\/..\/..\/site\/resources-global\/content-data\/uploads\/mmsr-gov-al_logo.jpg\"\/><\/li><li><img alt=\"\" src=\"http:\/\/evolve.al\/admin\/core-wp\/..\/..\/site\/resources-global\/content-data\/uploads\/biznes-albania_logo.jpg\"\/><\/li><li><img alt=\"\" src=\"http:\/\/evolve.al\/admin\/core-wp\/..\/..\/site\/resources-global\/content-data\/uploads\/su-shefqet-ndroqi_logo.jpg\"\/><\/li><li><img alt=\"\" src=\"http:\/\/evolve.al\/admin\/core-wp\/..\/..\/site\/resources-global\/content-data\/uploads\/ekb_logo.jpg\"\/><\/li><li><img alt=\"\" src=\"http:\/\/evolve.al\/admin\/core-wp\/..\/..\/site\/resources-global\/content-data\/uploads\/leon-kons_logo.jpg\"\/><\/li><li><img alt=\"\" src=\"http:\/\/evolve.al\/admin\/core-wp\/..\/..\/site\/resources-global\/content-data\/uploads\/alushi-trans-al_logo.jpg\"\/><\/li><\/ul><\/div><hr class=\"vertical-space2\"><\/div>[\/vc_column][\/vc_row][vc_row row_type=&#8221;2&#8243; blox_height=&#8221;452&#8243; blox_image=&#8221;9705&#8243; blox_bgcolor=&#8221;#f7f7f7&#8243;][vc_column el_class=&#8221;aligncenter&#8221;]<hr class=\"vertical-space5\"><hr class=\"vertical-space1\">[vc_column_text]<\/p>\n<h1 style=\"text-align: center;\">Le t\u00eb fillojm\u00eb<br \/>\n<strong>projektin tuaj<\/strong><\/h1>\n<p>[\/vc_column_text]<hr class=\"vertical-space1\">[vc_column_text]<\/p>\n<p class=\"slog-tx2 aligncenter\">Ne do t\u2019ju ndihmojm\u00eb t\u00eb arrini q\u00ebllimet tuaja dhe t\u00eb rrisni biznesin tuaj.<\/p>\n<p>[\/vc_column_text]<hr class=\"vertical-space1\"><a href=\"http:\/\/evolve.al\/request-a-quote\/\" class=\"button skyblue  medium bordered-bot \" target=\"_self\">KERKONI KONSULTIM<\/a><hr class=\"vertical-space4\">[\/vc_column][\/vc_row][vc_row row_type=&#8221;2&#8243; blox_image=&#8221;9171&#8243; blox_cover=&#8221;false&#8221; blox_repeat=&#8221;repeat&#8221; blox_dark=&#8221;true&#8221; blox_bgcolor=&#8221;#00c2e5&#8243;][vc_column]<hr class=\"vertical-space3\">[vc_row_inner][vc_column_inner el_class=&#8221;aligncenter&#8221;][vc_column_text]<\/p>\n<h1 style=\"text-align: center;\">Projektet qe ne kemi <strong>p\u00ebrfunduar<\/strong><\/h1>\n<p>Fal\u00eb teknologjis\u00eb s\u00eb internetit, ne nd\u00ebrtojm\u00eb ura bashk\u00ebpunimi dhe vem\u00eb n\u00eb jet\u00eb idet\u00eb tuaja.[\/vc_column_text]<a href=\"http:\/\/evolve.al\/projects\/\" class=\"button white  medium bordered-bot \" target=\"_self\">SHIKO PROJEKTET TONA<\/a>[\/vc_column_inner][\/vc_row_inner]<hr class=\"vertical-space2\">[\/vc_column][\/vc_row]<\/p>","protected":false},"excerpt":{"rendered":"<p>[vc_row row_type=&#8221;3&#8243; blox_image=&#8221;9477&#8243; align_center=&#8221;aligncenter&#8221; page_title=&#8221;page-title-x&#8221; blox_dark=&#8221;true&#8221; blox_class=&#8221;breadcrumb&#8221; parallax_speed=&#8221;7&#8243;][vc_column][vc_column_text] Ndertim faqe interneti E-commerce [\/vc_column_text][\/vc_column][\/vc_row][vc_row][vc_column width=&#8221;1\/6&#8243;][\/vc_column][vc_column width=&#8221;2\/3&#8243; el_class=&#8221;aligncenter&#8221;][vc_column_text] Nd\u00ebrtim faqe interneti E-Commerce Gjithkush e di se dyqanet e shitjes\u00a0 jan\u00eb nj\u00eb biznes i mir\u00eb, pa marr\u00eb parasysh se \u00e7far\u00eb shitet; gjithmon\u00eb do t\u00eb ket\u00eb njer\u00ebz pran\u00eb jush q\u00eb b\u00ebjn\u00eb blerje online. Por nj\u00eb dyqan me pakic\u00eb \u00ebsht\u00eb i kufizuar n\u00eb vendndodhjen e saj gjeografike. Me nj\u00eb dyqan online, kufiri i vet\u00ebm \u00ebsht\u00eb imagjinata juaj. Me Evolve Studio, mund t\u00eb nd\u00ebrtoni faqen tuaj e-commerce. Nd\u00ebrtoni faqen tuaj E-commerce tani dhe p\u00ebrfitoni nga mund\u00ebsit\u00eb e shumta q\u00eb ofron bota e\u00a0marketingut online. [\/vc_column_text][\/vc_column][vc_column width=&#8221;1\/6&#8243;][\/vc_column][\/vc_row][vc_row row_type=&#8221;2&#8243; blox_bgcolor=&#8221;#f7f7f7&#8243;][vc_column][vc_row_inner][vc_column_inner][vc_column_text]E-commerce, ose shitjet dhe blerje online, b\u00ebn t\u00eb mundur q\u00eb kompanit\u00eb t\u00eb promovojn\u00eb dhe marketojn\u00eb produktet dhe sh\u00ebrbimet e tyre n\u00eb internet. P\u00ebr shitjet dhe blerje online, ecommerce \u00ebsht\u00eb zgjidhja e duhur p\u00ebr ju. N\u00ebse keni nj\u00eb dyqan online dhe d\u00ebshironi q\u00eb t\u00eb shisni produktet dhe sh\u00ebrbimet tuaja, faqet ecommerce jan\u00eb zgjidhja q\u00eb ju duhet. Ne realizojm\u00eb faqe interneti profesionale dhe ofrojm\u00eb zgjidhjen e duhur p\u00ebr shitjet\u00a0 dhe blerje online. Shum\u00eb njer\u00ebz kan\u00eb vendosur t\u00eb ken\u00eb dyqanet e tyre online, ku mund t\u00eb shesin cdo lloj produkti, n\u00eb t\u00eb gjith\u00eb bot\u00ebn. Stafi yn\u00eb do t\u2019ju ndihmoj\u00eb t\u00eb nd\u00ebrtoni faqen tuaj profesionale e-commerce. Ne do t\u00eb ju ndihmojm\u00eb t\u00eb shfryt\u00ebzoni fuqin\u00eb e e-commerce. Ne ndertojm\u00eb p\u00ebr ju faqe e commerce profesionale. Faqet e internetit e-Commerce realizojn\u00eb n\u00eb m\u00ebnyr\u00eb t\u00eb thjesht\u00eb dhe t\u00eb sigurt\u00eb shitjen dhe blerjen e produkteve dhe sh\u00ebrbimeve online t\u00eb nj\u00eb kompanie nga e gjith\u00eb bota. E-Commerce \u00ebsht\u00eb nje nga tendencat kryesore t\u00eb viteve t\u00eb fundit n\u00eb shitjet dhe blerje online. Shum\u00eb njer\u00ebz kan\u00eb nd\u00ebrtuar dyqanet e tyre n\u00eb internet dhe ata shesin mallrat e tyre n\u00eb mbar\u00eb bot\u00ebn. Njer\u00ebzit p\u00ebrdorin termin \u201cecommerce\u201d ose \u201conline shopping\u201d p\u00ebr t\u00eb p\u00ebrshkruar procesin e k\u00ebrkimit dhe zgjedhjen e produkteve n\u00eb faqet e&#8230; <\/p>\n<p><a class=\"readmore\" href=\"http:\/\/evolve.al\/al\/sito-web-e-commerce\/\">Continue Reading<\/a><\/p>\n","protected":false},"author":1,"featured_media":0,"parent":0,"menu_order":0,"comment_status":"closed","ping_status":"closed","template":"","meta":[],"_links":{"self":[{"href":"http:\/\/evolve.al\/al\/wp-json\/wp\/v2\/pages\/9470"}],"collection":[{"href":"http:\/\/evolve.al\/al\/wp-json\/wp\/v2\/pages"}],"about":[{"href":"http:\/\/evolve.al\/al\/wp-json\/wp\/v2\/types\/page"}],"author":[{"embeddable":true,"href":"http:\/\/evolve.al\/al\/wp-json\/wp\/v2\/users\/1"}],"replies":[{"embeddable":true,"href":"http:\/\/evolve.al\/al\/wp-json\/wp\/v2\/comments?post=9470"}],"version-history":[{"count":6,"href":"http:\/\/evolve.al\/al\/wp-json\/wp\/v2\/pages\/9470\/revisions"}],"predecessor-version":[{"id":11685,"href":"http:\/\/evolve.al\/al\/wp-json\/wp\/v2\/pages\/9470\/revisions\/11685"}],"wp:attachment":[{"href":"http:\/\/evolve.al\/al\/wp-json\/wp\/v2\/media?parent=9470"}],"curies":[{"name":"wp","href":"https:\/\/api.w.org\/{rel}","templated":true}]}}