{"id":9416,"date":"2016-04-11T05:07:38","date_gmt":"2016-04-11T05:07:38","guid":{"rendered":"http:\/\/webnus.biz\/themes\/easyweb\/design\/?page_id=9416"},"modified":"2019-03-15T16:22:35","modified_gmt":"2019-03-15T15:22:35","slug":"pay-per-click","status":"publish","type":"page","link":"http:\/\/evolve.al\/al\/pay-per-click\/","title":{"rendered":"Pay Per Click"},"content":{"rendered":"<p>[vc_row row_type=&#8221;3&#8243; blox_image=&#8221;9334&#8243; align_center=&#8221;aligncenter&#8221; page_title=&#8221;page-title-x&#8221; blox_dark=&#8221;true&#8221; parallax_speed=&#8221;7&#8243;][vc_column]<hr class=\"vertical-space5\"><hr class=\"vertical-space5\"><hr class=\"vertical-space3\">[vc_column_text]<\/p>\n<h2 class=\"respo-tagline\" style=\"text-align: center; letter-spacing: 1px;\"><strong>PAY PER CLICK<\/strong><\/h2>\n<p>[\/vc_column_text]<hr class=\"vertical-space5\"><hr class=\"vertical-space5\">[\/vc_column][\/vc_row][vc_row row_type=&#8221;2&#8243; page_title=&#8221;page-title-x&#8221; blox_padding_top=&#8221;50&#8243; blox_padding_bottom=&#8221;50&#8243; blox_bgcolor=&#8221;#f7f7f7&#8243;][vc_column width=&#8221;1\/4&#8243;][\/vc_column][vc_column width=&#8221;1\/2&#8243;]<hr class=\"vertical-space5\">[vc_column_text]<\/p>\n<h3 style=\"text-align: center;\"><strong>\u00c7far\u00eb \u00ebsht\u00eb Pay Per Click?<\/strong><\/h3>\n<p style=\"text-align: center;\"><strong>PPC<\/strong>\u00a0\u00ebsht\u00eb shkurtimi i <em>pay-per-click<\/em>, nj\u00eb model i marketingut n\u00eb internet n\u00eb t\u00eb cilin reklamuesit paguajn\u00eb nj\u00eb tarif\u00eb \u00e7do her\u00eb q\u00eb klikohet nj\u00eb nga reklamat e tyre. N\u00eb thelb, kjo \u00ebsht\u00eb nj\u00eb m\u00ebnyr\u00eb p\u00ebr t\u00eb bler\u00eb vizita n\u00eb faqen tuaj.<br \/>\nReklamimi n\u00eb motor\u00ebt e k\u00ebrkimit \u00ebsht\u00eb nj\u00eb nga format m\u00eb t\u00eb njohura t\u00eb PPC. Kjo lejon q\u00eb reklamuesit t\u00eb b\u00ebjn\u00eb ofert\u00ebn p\u00ebr vendosjen e reklamave n\u00eb linket e sponsorizuara t\u00eb nj\u00eb motori k\u00ebrkimi dhe ajo shfaqet kur dikush k\u00ebrkon nj\u00eb fjal\u00eb ky\u00e7e q\u00eb lidhet me produktin ose sh\u00ebrbimin n\u00eb fjal\u00eb.<\/p>\n<p>[\/vc_column_text]<hr class=\"vertical-space5\">[vc_row_inner][vc_column_inner][vc_column_text]Ja cilat jan\u00eb disa arsyet p\u00ebrse marketingu p\u00ebrmes pay-per-click \u00ebsht\u00eb i mir\u00eb p\u00ebr biznesin tuaj:<\/p>\n<p><strong>\u00cbsht\u00eb mir\u00eb p\u00ebr ata q\u00eb k\u00ebrkojn\u00eb n\u00eb internet<\/strong><\/p>\n<p>Hulumtimet tregojn\u00eb se k\u00ebrkuesit klikojn\u00eb n\u00eb reklamat e k\u00ebrkimit t\u00eb paguar m\u00eb shpesh se \u00e7do form\u00eb tjet\u00ebr e reklamimit dixhital. Kjo do t\u00eb thot\u00eb q\u00eb njer\u00ebzit me t\u00eb v\u00ebrtet\u00eb duan t\u00eb marrin oferta, me kusht q\u00eb produktet dhe sh\u00ebrbimet e reklamuara t\u00eb p\u00ebrshtaten me nevojat e k\u00ebrkuesit. Dhe p\u00ebr shkak se ne p\u00ebrdorim motor\u00ebt e k\u00ebrkimit kur k\u00ebrkojm\u00eb produkte dhe sh\u00ebrbime, rezultatet, duke p\u00ebrfshir\u00eb reklamat, jan\u00eb n\u00eb p\u00ebrgjith\u00ebsi shum\u00eb t\u00eb r\u00ebnd\u00ebsishme p\u00ebr at\u00eb q\u00eb po k\u00ebrkojm\u00eb. Plus, Google ka zhvilluar nj\u00eb formul\u00eb t\u00eb shk\u00eblqyeshme p\u00ebr t\u00eb siguruar q\u00eb reklamat PPC t\u00eb p\u00ebrmbushin nevojat e p\u00ebrdoruesit.<\/p>\n<p><strong>\u00cbsht\u00eb e mir\u00eb p\u00ebr reklamuesit <\/strong><\/p>\n<p>Reklamuesit u ofrohet nj\u00eb m\u00ebnyr\u00eb unike p\u00ebr t\u00eb v\u00ebn\u00eb mesazhin e tyre para nj\u00eb audience q\u00eb \u00ebsht\u00eb n\u00eb m\u00ebnyr\u00eb aktive dhe specifike duke k\u00ebrkuar produktin e tyre. P\u00ebr shkak se klient\u00ebt zbulojn\u00eb q\u00ebllimin e tyre p\u00ebrmes nj\u00eb termi k\u00ebrkimi (search term), reklamuesit jan\u00eb n\u00eb gjendje t\u00eb matin cil\u00ebsin\u00eb e trafikut. Fjal\u00ebt ky\u00e7e q\u00eb p\u00ebrdorin klient\u00ebt mund t\u00eb shihen edhe n\u00eb search results (rezultatet e k\u00ebrkimit). Reklamuesit mund t\u00eb matin tregues si click through rates (CTR), conversion rate, ad rank dhe shum\u00eb tregues t\u00eb tjer\u00eb. Reklamat tuaja n\u00eb Google shfaqen si sponsored ads, pra si reklama t\u00eb sponsorizuara.<\/p>\n<p><strong>\u00cbsht\u00eb mir\u00eb p\u00ebr motor\u00ebt e k\u00ebrkimit<\/strong><\/p>\n<p>PPC u mund\u00ebson motor\u00ebve t\u00eb k\u00ebrkimit q\u00eb t\u00eb kujdesen p\u00ebr k\u00ebrkuesit dhe reklamuesit n\u00eb t\u00eb nj\u00ebjt\u00ebn koh\u00eb. Hulumtuesit p\u00ebrb\u00ebjn\u00eb baz\u00ebn e tyre t\u00eb p\u00ebrdoruesit, nd\u00ebrsa reklamuesit u sigurojn\u00eb atyre burimin e tyre t\u00eb t\u00eb ardhurave. Motor\u00ebt d\u00ebshirojn\u00eb t\u00eb japin rezultate relevante, para s\u00eb gjithash, duke ofruar nj\u00eb kanal reklamimi me orientim t\u00eb lart\u00eb n\u00eb drejtim t\u00eb reklamimit.[\/vc_column_text][\/vc_column_inner][\/vc_row_inner][\/vc_column][vc_column width=&#8221;1\/4&#8243;][\/vc_column][\/vc_row][vc_row][vc_column width=&#8221;1\/2&#8243;]<hr class=\"vertical-space5\">[vc_column_text]<\/p>\n<h4><strong>Menaxhimi i PPC<\/strong><\/h4>\n<p>Platformat si\u00e7 jan\u00eb Google AdWords dhe Bing Ads jan\u00eb t\u00eb r\u00ebnd\u00ebsishme p\u00ebr biznesin tuaj. Me ekspertiz\u00ebn ton\u00eb t\u00eb marketingut &#8220;Pay-per-click&#8221; (PPC), ne mund t&#8217;ju ndihmojm\u00eb q\u00eb biznesi juaj t\u00eb jet\u00eb gjithnj\u00eb nj\u00eb hap para konkurrenc\u00ebs. Ne p\u00ebrshtasim strategjin\u00eb tuaj t\u00eb PPC sipas nevojave tuaja.<br \/>\nNe ofrojm\u00eb mb\u00ebshtetjen dhe k\u00ebshillat tona n\u00eb m\u00ebnyr\u00eb q\u00eb t\u00eb arrini q\u00ebllimin tuaj, qoft\u00eb maksimizimin e kthimit mbi investimin, nxitjen e vet\u00ebdijes s\u00eb mark\u00ebs, etj.[\/vc_column_text]<hr class=\"vertical-space4\">[\/vc_column][vc_column width=&#8221;1\/2&#8243;]<hr class=\"vertical-space5\">[vc_column_text]<\/p>\n<h4><strong>Shp\u00ebrndarja<\/strong><\/h4>\n<p>Ne raportojm\u00eb \u00e7do muaj p\u00ebr suksesin e fushat\u00ebs tuaj n\u00eb lidhje me zgjedhjen e fjal\u00ebve dhe zgjedhjen e tekstit dhe gjithashtu krijojm\u00eb raporte p\u00ebrmes t\u00eb cilave ju kuptoni ku renditeni organikisht p\u00ebr fjal\u00ebt ky\u00e7e q\u00eb paguani. P\u00ebrve\u00e7 k\u00ebsaj, pasi ta keni shqyrtuar raportin, ne do jemi gjithnj\u00eb n\u00eb komunikim p\u00ebr \u00e7do paqart\u00ebsi q\u00eb mund t\u00eb keni.[\/vc_column_text]<hr class=\"vertical-space4\">[\/vc_column][\/vc_row][vc_row row_type=&#8221;2&#8243; blox_padding_top=&#8221;70&#8243; blox_bgcolor=&#8221;#f7f7f7&#8243;][vc_column]\n\t<div class=\"max-title max-title3\">\n\t\t<h2><strong>Sh\u00ebrbimi<\/strong> Pay Per Click <\/h2>\n\t<\/div>[\/vc_column][\/vc_row][vc_row row_type=&#8221;2&#8243; blox_padding_top=&#8221;1&#8243; blox_padding_bottom=&#8221;15&#8243; blox_bgcolor=&#8221;#f7f7f7&#8243;][vc_column width=&#8221;1\/3&#8243;]<hr class=\"vertical-space3\"><article class=\"icon-box\" ><i class=\"sl-eyeglass\" style=\"\"><\/i><h4>Auditimet PPC<\/h4><p>Pro\u00e7esi yn\u00eb i auditimit t\u00eb PPC-s\u00eb fillon nga kuptimi i objektivit t\u00eb auditimit, mbulimit dhe shkon drejt analiz\u00ebs s\u00eb t\u00eb dh\u00ebnave.<\/p>\n<\/article><hr class=\"vertical-space2\"><article class=\"icon-box\" ><i class=\"fa-windows\" style=\"\"><\/i><h4>Marketing n\u00eb Bing<\/h4><p>Ekipi yn\u00eb i agjensive t\u00eb reklamave n\u00eb Bing ka trajnimin dhe ekspertiz\u00ebn q\u00eb ju nevojitet p\u00ebr t\u00eb marr\u00eb maksimumin nga platforma popullore e PPC t\u00eb Bing-ut.<br \/>\n<\/p><\/article><hr class=\"vertical-space4\">[\/vc_column][vc_column width=&#8221;1\/3&#8243;]<hr class=\"vertical-space3\"><article class=\"icon-box\" ><i class=\"sl-rocket\" style=\"\"><\/i><h4>Marketingu Social<\/h4><p>Evolve Studio mund t'ju ndihmoj\u00eb me fushata sociale t\u00eb paguara q\u00eb mund t\u00eb drejtoj\u00eb audienc\u00ebn tuaj t\u00eb synuar drejt veprimeve t\u00eb d\u00ebshiruara.<\/p>\n<\/article><hr class=\"vertical-space2\"><article class=\"icon-box\" ><i class=\"fa-bullhorn\" style=\"\"><\/i><h4>Shfaqja e Reklamave<\/h4><p>Reklama juaj do t\u00eb synoj\u00eb nj\u00eb audienc\u00eb q\u00eb ka treguar tashm\u00eb nj\u00eb interes n\u00eb sh\u00ebrbimin ose produktin tuaj.<\/p>\n<\/article><hr class=\"vertical-space4\">[\/vc_column][vc_column width=&#8221;1\/3&#8243;]<hr class=\"vertical-space3\"><article class=\"icon-box\" ><i class=\"fa-google\" style=\"\"><\/i><h4>Google AdWords<\/h4><p>Bashkepunimi me ne ju mund\u00ebson p\u00ebrfitimin e nj\u00eb eksperti AdWords AdWords me koh\u00eb t\u00eb plot\u00eb, pa kosto shtes\u00eb .<\/p><\/article><hr class=\"vertical-space3\"><article class=\"icon-box\" ><i class=\"sl-refresh\" style=\"\"><\/i><h4>Rimarketing &amp; Ndryshimi i Target<\/h4><p>P\u00ebrmir\u00ebsimi i ROI dhe rritja e konvertimeve nga marketingu te njer\u00ebzit q\u00eb kan\u00eb vizituar faqen tuaj te internetit.<\/p>\n<\/article><hr class=\"vertical-space4\">[\/vc_column][\/vc_row][vc_row][vc_column width=&#8221;1\/2&#8243;]<hr class=\"vertical-space4\">[vc_single_image image=&#8221;9420&#8243; img_size=&#8221;full&#8221;]<hr class=\"vertical-space2\">[\/vc_column][vc_column width=&#8221;1\/2&#8243;]<hr class=\"vertical-space1\"><hr class=\"vertical-space5\">[vc_column_text]<\/p>\n<h4><strong>P\u00ebrshrkimi i shkurt\u00ebr i fushat\u00ebs Pay Per Click:<\/strong><\/h4>\n<p>Sh\u00ebrbimi yn\u00eb i menaxhimit Pay-per-Click (PPC) p\u00ebrfshin si m\u00eb posht\u00eb:<\/p>\n<ul class=\"check\">\n<li>Strategji p\u00ebr k\u00ebrkimin e PPC<\/li>\n<li>K\u00ebrkimi i fjaleve ky\u00e7e<\/li>\n<li>Pun\u00eb krijuese<\/li>\n<li>Formimi i fushat\u00ebs<\/li>\n<li>Menaxhimi dhe v\u00ebzhgimi i kthimit mbi investimin(ROI)<\/li>\n<li>Optimizim dhe zhvilim i faqes kryesore<\/li>\n<li>Menaxhimi dhe analizimi i fushat\u00ebs<\/li>\n<\/ul>\n<p>[\/vc_column_text]<hr class=\"vertical-space3\">[\/vc_column][\/vc_row][vc_row][vc_column]\n\t<div class=\"max-title max-title3\">\n\t\t<h2>KLIENT\u00cbT TAN\u00cb<\/h2>\n\t<\/div><hr class=\"vertical-space1\"><div class=\"aligncenter\"><hr class=\"vertical-space1\"><div class=\"col-md-12 our-clients-wrap crsl\"><ul id=\"our-clients\" class=\"our-clients crsl\"><li><img alt=\"\" src=\"http:\/\/evolve.al\/admin\/core-wp\/..\/..\/site\/resources-global\/content-data\/uploads\/dga_logo_landscape_v1.jpg\"\/><\/li><li><img alt=\"\" src=\"http:\/\/evolve.al\/admin\/core-wp\/..\/..\/site\/resources-global\/content-data\/uploads\/ardeno-mobileri-al_logo_2.jpg\"\/><\/li><li><img alt=\"\" src=\"http:\/\/evolve.al\/admin\/core-wp\/..\/..\/site\/resources-global\/content-data\/uploads\/salillari-shpk_logo.jpg\"\/><\/li><li><img alt=\"\" src=\"http:\/\/evolve.al\/admin\/core-wp\/..\/..\/site\/resources-global\/content-data\/uploads\/alb-pastrim_logo.jpg\"\/><\/li><li><img alt=\"\" src=\"http:\/\/evolve.al\/admin\/core-wp\/..\/..\/site\/resources-global\/content-data\/uploads\/supersport_logo_v1.jpg\"\/><\/li><li><img alt=\"\" src=\"http:\/\/evolve.al\/admin\/core-wp\/..\/..\/site\/resources-global\/content-data\/uploads\/dpm-gov-al_logo.jpg\"\/><\/li><li><img alt=\"\" src=\"http:\/\/evolve.al\/admin\/core-wp\/..\/..\/site\/resources-global\/content-data\/uploads\/mmsr-gov-al_logo.jpg\"\/><\/li><li><img alt=\"\" src=\"http:\/\/evolve.al\/admin\/core-wp\/..\/..\/site\/resources-global\/content-data\/uploads\/biznes-albania_logo.jpg\"\/><\/li><li><img alt=\"\" src=\"http:\/\/evolve.al\/admin\/core-wp\/..\/..\/site\/resources-global\/content-data\/uploads\/su-shefqet-ndroqi_logo.jpg\"\/><\/li><li><img alt=\"\" src=\"http:\/\/evolve.al\/admin\/core-wp\/..\/..\/site\/resources-global\/content-data\/uploads\/ekb_logo.jpg\"\/><\/li><li><img alt=\"\" src=\"http:\/\/evolve.al\/admin\/core-wp\/..\/..\/site\/resources-global\/content-data\/uploads\/leon-kons_logo.jpg\"\/><\/li><li><img alt=\"\" src=\"http:\/\/evolve.al\/admin\/core-wp\/..\/..\/site\/resources-global\/content-data\/uploads\/alushi-trans-al_logo.jpg\"\/><\/li><\/ul><\/div><hr class=\"vertical-space2\"><\/div>[\/vc_column][\/vc_row][vc_row row_type=&#8221;2&#8243; blox_height=&#8221;452&#8243; blox_image=&#8221;9705&#8243; blox_bgcolor=&#8221;#f7f7f7&#8243;][vc_column el_class=&#8221;aligncenter&#8221;]<hr class=\"vertical-space5\"><hr class=\"vertical-space1\">[vc_column_text]<\/p>\n<h1 style=\"text-align: center;\">Le t\u00eb fillojm\u00eb<br \/>\n<strong>projektin tuaj<\/strong><\/h1>\n<p>[\/vc_column_text]<hr class=\"vertical-space1\">[vc_column_text]<\/p>\n<p class=\"slog-tx2 aligncenter\">Ne do t\u2019ju ndihmojm\u00eb t\u00eb arrini q\u00ebllimet tuaja dhe t\u00eb rrisni biznesin tuaj.<\/p>\n<p>[\/vc_column_text]<hr class=\"vertical-space1\"><a href=\"http:\/\/evolve.al\/request-a-quote\/\" class=\"button skyblue  medium bordered-bot \" target=\"_self\">KERKO KONSULTIM<\/a><hr class=\"vertical-space4\">[\/vc_column][\/vc_row][vc_row row_type=&#8221;2&#8243; blox_image=&#8221;9171&#8243; blox_cover=&#8221;false&#8221; blox_repeat=&#8221;repeat&#8221; blox_dark=&#8221;true&#8221; blox_bgcolor=&#8221;#00c2e5&#8243;][vc_column]<hr class=\"vertical-space3\">[vc_row_inner][vc_column_inner el_class=&#8221;aligncenter&#8221;][vc_column_text]<\/p>\n<h1 style=\"text-align: center;\">Projektet q\u00eb ne kemi <strong>p\u00ebrfunduar<\/strong><\/h1>\n<p>Fal\u00eb teknologjis\u00eb, ne nd\u00ebrtojm\u00eb ura bashk\u00ebpunimi dhe vem\u00eb n\u00eb jet\u00eb idet\u00eb tuaja.[\/vc_column_text]<a href=\"http:\/\/evolve.al\/projects\/\" class=\"button white  medium bordered-bot \" target=\"_self\">SHIKO PROJEKTET TONA<\/a>[\/vc_column_inner][\/vc_row_inner]<hr class=\"vertical-space2\">[\/vc_column][\/vc_row]<\/p>","protected":false},"excerpt":{"rendered":"<p>[vc_row row_type=&#8221;3&#8243; blox_image=&#8221;9334&#8243; align_center=&#8221;aligncenter&#8221; page_title=&#8221;page-title-x&#8221; blox_dark=&#8221;true&#8221; parallax_speed=&#8221;7&#8243;][vc_column][vc_column_text] PAY PER CLICK [\/vc_column_text][\/vc_column][\/vc_row][vc_row row_type=&#8221;2&#8243; page_title=&#8221;page-title-x&#8221; blox_padding_top=&#8221;50&#8243; blox_padding_bottom=&#8221;50&#8243; blox_bgcolor=&#8221;#f7f7f7&#8243;][vc_column width=&#8221;1\/4&#8243;][\/vc_column][vc_column width=&#8221;1\/2&#8243;][vc_column_text] \u00c7far\u00eb \u00ebsht\u00eb Pay Per Click? PPC\u00a0\u00ebsht\u00eb shkurtimi i pay-per-click, nj\u00eb model i marketingut n\u00eb internet n\u00eb t\u00eb cilin reklamuesit paguajn\u00eb nj\u00eb tarif\u00eb \u00e7do her\u00eb q\u00eb klikohet nj\u00eb nga reklamat e tyre. N\u00eb thelb, kjo \u00ebsht\u00eb nj\u00eb m\u00ebnyr\u00eb p\u00ebr t\u00eb bler\u00eb vizita n\u00eb faqen tuaj. Reklamimi n\u00eb motor\u00ebt e k\u00ebrkimit \u00ebsht\u00eb nj\u00eb nga format m\u00eb t\u00eb njohura t\u00eb PPC. Kjo lejon q\u00eb reklamuesit t\u00eb b\u00ebjn\u00eb ofert\u00ebn p\u00ebr vendosjen e reklamave n\u00eb linket e sponsorizuara t\u00eb nj\u00eb motori k\u00ebrkimi dhe ajo shfaqet kur dikush k\u00ebrkon nj\u00eb fjal\u00eb ky\u00e7e q\u00eb lidhet me produktin ose sh\u00ebrbimin n\u00eb fjal\u00eb. [\/vc_column_text][vc_row_inner][vc_column_inner][vc_column_text]Ja cilat jan\u00eb disa arsyet p\u00ebrse marketingu p\u00ebrmes pay-per-click \u00ebsht\u00eb i mir\u00eb p\u00ebr biznesin tuaj: \u00cbsht\u00eb mir\u00eb p\u00ebr ata q\u00eb k\u00ebrkojn\u00eb n\u00eb internet Hulumtimet tregojn\u00eb se k\u00ebrkuesit klikojn\u00eb n\u00eb reklamat e k\u00ebrkimit t\u00eb paguar m\u00eb shpesh se \u00e7do form\u00eb tjet\u00ebr e reklamimit dixhital. Kjo do t\u00eb thot\u00eb q\u00eb njer\u00ebzit me t\u00eb v\u00ebrtet\u00eb duan t\u00eb marrin oferta, me kusht q\u00eb produktet dhe sh\u00ebrbimet e reklamuara t\u00eb p\u00ebrshtaten me nevojat e k\u00ebrkuesit. Dhe p\u00ebr shkak se ne p\u00ebrdorim motor\u00ebt e k\u00ebrkimit kur k\u00ebrkojm\u00eb produkte dhe sh\u00ebrbime, rezultatet, duke p\u00ebrfshir\u00eb reklamat, jan\u00eb n\u00eb p\u00ebrgjith\u00ebsi shum\u00eb t\u00eb r\u00ebnd\u00ebsishme p\u00ebr at\u00eb q\u00eb po k\u00ebrkojm\u00eb. Plus, Google ka zhvilluar nj\u00eb formul\u00eb t\u00eb shk\u00eblqyeshme p\u00ebr t\u00eb siguruar q\u00eb reklamat PPC t\u00eb p\u00ebrmbushin nevojat e p\u00ebrdoruesit. \u00cbsht\u00eb e mir\u00eb p\u00ebr reklamuesit Reklamuesit u ofrohet nj\u00eb m\u00ebnyr\u00eb unike p\u00ebr t\u00eb v\u00ebn\u00eb mesazhin e tyre para nj\u00eb audience q\u00eb \u00ebsht\u00eb n\u00eb m\u00ebnyr\u00eb aktive dhe specifike duke k\u00ebrkuar produktin e tyre. P\u00ebr shkak se klient\u00ebt zbulojn\u00eb q\u00ebllimin e tyre p\u00ebrmes nj\u00eb termi k\u00ebrkimi (search term), reklamuesit jan\u00eb n\u00eb gjendje t\u00eb matin cil\u00ebsin\u00eb e trafikut. Fjal\u00ebt ky\u00e7e q\u00eb p\u00ebrdorin klient\u00ebt mund t\u00eb shihen edhe n\u00eb search results (rezultatet e k\u00ebrkimit)&#8230;. <\/p>\n<p><a class=\"readmore\" href=\"http:\/\/evolve.al\/al\/pay-per-click\/\">Continue Reading<\/a><\/p>\n","protected":false},"author":1,"featured_media":0,"parent":0,"menu_order":0,"comment_status":"closed","ping_status":"closed","template":"","meta":[],"_links":{"self":[{"href":"http:\/\/evolve.al\/al\/wp-json\/wp\/v2\/pages\/9416"}],"collection":[{"href":"http:\/\/evolve.al\/al\/wp-json\/wp\/v2\/pages"}],"about":[{"href":"http:\/\/evolve.al\/al\/wp-json\/wp\/v2\/types\/page"}],"author":[{"embeddable":true,"href":"http:\/\/evolve.al\/al\/wp-json\/wp\/v2\/users\/1"}],"replies":[{"embeddable":true,"href":"http:\/\/evolve.al\/al\/wp-json\/wp\/v2\/comments?post=9416"}],"version-history":[{"count":5,"href":"http:\/\/evolve.al\/al\/wp-json\/wp\/v2\/pages\/9416\/revisions"}],"predecessor-version":[{"id":11190,"href":"http:\/\/evolve.al\/al\/wp-json\/wp\/v2\/pages\/9416\/revisions\/11190"}],"wp:attachment":[{"href":"http:\/\/evolve.al\/al\/wp-json\/wp\/v2\/media?parent=9416"}],"curies":[{"name":"wp","href":"https:\/\/api.w.org\/{rel}","templated":true}]}}