{"id":9131,"date":"2016-02-23T10:40:20","date_gmt":"2016-02-23T10:40:20","guid":{"rendered":"http:\/\/webnus.biz\/themes\/easyweb\/design\/?page_id=9131"},"modified":"2023-05-01T13:58:27","modified_gmt":"2023-05-01T12:58:27","slug":"evolve","status":"publish","type":"page","link":"http:\/\/evolve.al\/al\/evolve\/","title":{"rendered":"Rreth nesh"},"content":{"rendered":"<p>[vc_row row_type=&#8221;3&#8243; blox_image=&#8221;9467&#8243; align_center=&#8221;aligncenter&#8221; page_title=&#8221;page-title-x&#8221; blox_dark=&#8221;true&#8221; blox_class=&#8221;breadcrumb&#8221; parallax_speed=&#8221;7&#8243;][vc_column]<hr class=\"vertical-space5\">[vc_column_text]<\/p>\n<h2 class=\"respo-tagline\" style=\"text-align: center; letter-spacing: 1px;\"><strong> NE JEMI KRIJUES <\/strong><\/h2>\n<p>[\/vc_column_text]<hr class=\"vertical-space5\">[\/vc_column][\/vc_row][vc_row][vc_column]<hr class=\"vertical-space5\">[\/vc_column][vc_column width=&#8221;1\/2&#8243;]\n\t<div class=\"subtitle-element subtitle-element2\">\n\t\t<h3><strong>Historiku<\/strong> yn\u00eb<\/h3>\n\t<\/div>[vc_column_text]Evolve \u00ebsht\u00eb nj\u00eb agjenci dixhitale e cila p\u00ebrq\u00ebndrohet tek cil\u00ebsia, risia dhe shpejt\u00ebsia. Ne shfryt\u00ebzojm\u00eb teknologjin\u00eb p\u00ebr t\u00eb ndihmuar klient\u00ebt tan\u00eb t\u00eb rriten vazhdimisht. Ne krenohemi me etik\u00ebn ton\u00eb t\u00eb pun\u00ebs, integritetin dhe rezultatet e shkelqyera.<\/p>\n<p>Ne kemi\u00a0 m\u00eb tep\u00ebr se 8 vite q\u00eb ofrojm\u00eb zgjidhje nga m\u00eb t\u00eb ndryshmet dhe kemi ndihmuar m\u00eb tep\u00ebr se 240 klient\u00eb duke filluar nga nd\u00ebrtimi i faqeve t\u00eb internetit, platformat e tregtis\u00eb elektronike, fushatat e marketingut, zgjidhje t\u00eb ve\u00e7anta \u00a0n\u00eb fush\u00ebn e teknologjis\u00eb s\u00eb informacionit (IT), aplikacione t\u00eb ndryshme dhe deri tek loj\u00ebrat.<\/p>\n<p>Ne ofrojm\u00eb zgjidhje p\u00ebr pothuajse t\u00eb gjitha industrit\u00eb duke p\u00ebrfshir\u00eb arsimin, qeverisjen, teknologjin\u00eb e informacionit (IT), komunikimin, shitjen me pakice, financ\u00ebn, sh\u00ebndetin, arg\u00ebtimin, mobilerin\u00eb, nd\u00ebrtimin, turizmin, etj.<\/p>\n<p>Misioni<\/p>\n<p>Ajo q\u00eb na motivon \u00ebsht\u00eb d\u00ebshira e ethshme, puna dhe vendosm\u00ebria p\u00ebr t\u00eb marr\u00eb p\u00ebrsip\u00ebr projekte t\u00eb cilat na sfidojn\u00eb dhe na rrisin profesionalisht dhe personalisht. Ekipi yn\u00eb punon s\u00ebbashku dhe n\u00eb harmoni me klient\u00ebt tan\u00eb, duke u siguruar q\u00eb \u00e7do projekt t\u00eb dor\u00ebzohet n\u00eb koh\u00eb dhe me standartet m\u00eb t\u00eb larta.[\/vc_column_text]<hr class=\"vertical-space4\">[\/vc_column][vc_column width=&#8221;1\/2&#8243;]<hr class=\"vertical-space1\">[vc_single_image image=&#8221;10206&#8243; img_size=&#8221;full&#8221; alignment=&#8221;right&#8221;]<hr class=\"vertical-space4\">[\/vc_column][\/vc_row][vc_row][vc_column][vc_row_inner][vc_column_inner width=&#8221;1\/2&#8243;]\n\t<div class=\"subtitle-element subtitle-element2\">\n\t\t<h3><strong>EKIPI<\/strong> YNE<\/h3>\n\t<\/div>[\/vc_column_inner][vc_column_inner width=&#8221;1\/2&#8243;][\/vc_column_inner][\/vc_row_inner][vc_column_text]<div class=\"tmm tmm_evolve-sq\"><div class=\"tmm_4_columns tmm_wrap \"><span class=\"tmm_two_containers_tablet\"><\/span><div class=\"tmm_container\"><div class=\"tmm_member\" style=\"border-top:#40d0eb solid 5px;\"><div class=\"tmm_photo tmm_phover_evolve-sq_0\" style=\"background: url(http:\/\/evolve.al\/admin\/core-wp\/..\/..\/site\/resources-global\/content-data\/uploads\/man-user.jpg); margin-left:auto; margin-right:auto; background-size:cover !important;\"><\/div><div class=\"tmm_textblock\"><div class=\"tmm_names\"><span class=\"tmm_fname\">Endrit<\/span> <span class=\"tmm_lname\">Shehu<\/span><\/div><div class=\"tmm_job\">Administrator<\/div><div class=\"tmm_scblock\"><a target=\"_blank\" class=\"tmm_sociallink\" href=\"https:\/\/www.facebook.com\/evolvestudioalbania\/\" title=\"\"><img alt=\"\" src=\"http:\/\/evolve.al\/site\/plugins\/team-members\/inc\/img\/links\/facebook.png\"\/><\/a><a target=\"_blank\" class=\"tmm_sociallink\" href=\"https:\/\/www.linkedin.com\/company\/evolve-studio-albania\" title=\"\"><img alt=\"\" src=\"http:\/\/evolve.al\/site\/plugins\/team-members\/inc\/img\/links\/linkedin.png\"\/><\/a><\/div><\/div><\/div><div class=\"tmm_member\" style=\"border-top:#40d0eb solid 5px;\"><div class=\"tmm_photo tmm_phover_evolve-sq_1\" style=\"background: url(http:\/\/evolve.al\/admin\/core-wp\/..\/..\/site\/resources-global\/content-data\/uploads\/man-user.jpg); margin-left:auto; margin-right:auto; background-size:cover !important;\"><\/div><div class=\"tmm_textblock\"><div class=\"tmm_names\"><span class=\"tmm_fname\">Dritan<\/span> <span class=\"tmm_lname\">Manaj<\/span><\/div><div class=\"tmm_job\">Menaxher Shitjesh<\/div><div class=\"tmm_scblock\"><a target=\"_blank\" class=\"tmm_sociallink\" href=\"https:\/\/www.facebook.com\/evolvestudioalbania\/\" title=\"\"><img alt=\"\" src=\"http:\/\/evolve.al\/site\/plugins\/team-members\/inc\/img\/links\/facebook.png\"\/><\/a><a target=\"_blank\" class=\"tmm_sociallink\" href=\"https:\/\/www.linkedin.com\/company\/evolve-studio-albania\" title=\"\"><img alt=\"\" src=\"http:\/\/evolve.al\/site\/plugins\/team-members\/inc\/img\/links\/linkedin.png\"\/><\/a><\/div><\/div><\/div><span class=\"tmm_two_containers_tablet\"><\/span><div class=\"tmm_member\" style=\"border-top:#40d0eb solid 5px;\"><div class=\"tmm_photo tmm_phover_evolve-sq_2\" style=\"background: url(https:\/\/evolve.al\/admin\/core-wp\/..\/..\/site\/resources-global\/content-data\/uploads\/man-user.jpg); margin-left:auto; margin-right:auto; background-size:cover !important;\"><\/div><div class=\"tmm_textblock\"><div class=\"tmm_names\"><span class=\"tmm_fname\">Blerina <\/span> <span class=\"tmm_lname\">Fusha<\/span><\/div><div class=\"tmm_job\">Koordinatore<\/div><div class=\"tmm_scblock\"><a target=\"_blank\" class=\"tmm_sociallink\" href=\"https:\/\/www.facebook.com\/evolvestudioalbania\/\" title=\"\"><img alt=\"\" src=\"http:\/\/evolve.al\/site\/plugins\/team-members\/inc\/img\/links\/facebook.png\"\/><\/a><a target=\"_blank\" class=\"tmm_sociallink\" href=\"https:\/\/www.linkedin.com\/company\/evolve-studio-albania\" title=\"\"><img alt=\"\" src=\"http:\/\/evolve.al\/site\/plugins\/team-members\/inc\/img\/links\/linkedin.png\"\/><\/a><\/div><\/div><\/div><div class=\"tmm_member\" style=\"border-top:#40d0eb solid 5px;\"><div class=\"tmm_photo tmm_phover_evolve-sq_3\" style=\"background: url(http:\/\/evolve.al\/admin\/core-wp\/..\/..\/site\/resources-global\/content-data\/uploads\/man-user.jpg); margin-left:auto; margin-right:auto; background-size:cover !important;\"><\/div><div class=\"tmm_textblock\"><div class=\"tmm_names\"><span class=\"tmm_fname\">Ani<\/span> <span class=\"tmm_lname\">Spahiu<\/span><\/div><div class=\"tmm_job\">Senior full Stack<\/div><div class=\"tmm_scblock\"><a target=\"_blank\" class=\"tmm_sociallink\" href=\"https:\/\/www.facebook.com\/evolvestudioalbania\/\" title=\"\"><img alt=\"\" src=\"http:\/\/evolve.al\/site\/plugins\/team-members\/inc\/img\/links\/facebook.png\"\/><\/a><a target=\"_blank\" class=\"tmm_sociallink\" href=\"https:\/\/www.linkedin.com\/company\/evolve-studio-albania\" title=\"\"><img alt=\"\" src=\"http:\/\/evolve.al\/site\/plugins\/team-members\/inc\/img\/links\/linkedin.png\"\/><\/a><\/div><\/div><\/div><span class=\"tmm_two_containers_tablet\"><\/span><\/div><span class=\"tmm_columns_containers_desktop\"><\/span><div class=\"tmm_container\"><div class=\"tmm_member\" style=\"border-top:#40d0eb solid 5px;\"><div class=\"tmm_photo tmm_phover_evolve-sq_4\" style=\"background: url(http:\/\/evolve.al\/admin\/core-wp\/..\/..\/site\/resources-global\/content-data\/uploads\/man-user.jpg); margin-left:auto; margin-right:auto; background-size:cover !important;\"><\/div><div class=\"tmm_textblock\"><div class=\"tmm_names\"><span class=\"tmm_fname\">Ergest<\/span> <span class=\"tmm_lname\">Imaj<\/span><\/div><div class=\"tmm_job\">Software Engineer<\/div><div class=\"tmm_scblock\"><a target=\"_blank\" class=\"tmm_sociallink\" href=\"https:\/\/www.facebook.com\/evolvestudioalbania\/\" title=\"\"><img alt=\"\" src=\"http:\/\/evolve.al\/site\/plugins\/team-members\/inc\/img\/links\/facebook.png\"\/><\/a><a target=\"_blank\" class=\"tmm_sociallink\" href=\"https:\/\/www.linkedin.com\/company\/evolve-studio-albania\" title=\"\"><img alt=\"\" src=\"http:\/\/evolve.al\/site\/plugins\/team-members\/inc\/img\/links\/linkedin.png\"\/><\/a><\/div><\/div><\/div><div class=\"tmm_member\" style=\"border-top:#40d0eb solid 5px;\"><div class=\"tmm_photo tmm_phover_evolve-sq_5\" style=\"background: url(http:\/\/evolve.al\/admin\/core-wp\/..\/..\/site\/resources-global\/content-data\/uploads\/man-user.jpg); margin-left:auto; margin-right:auto; background-size:cover !important;\"><\/div><div class=\"tmm_textblock\"><div class=\"tmm_names\"><span class=\"tmm_fname\">Ardit<\/span> <span class=\"tmm_lname\">Cela<\/span><\/div><div class=\"tmm_job\">Programues Frontend<\/div><div class=\"tmm_scblock\"><a target=\"_blank\" class=\"tmm_sociallink\" href=\"https:\/\/www.facebook.com\/evolvestudioalbania\/\" title=\"\"><img alt=\"\" src=\"http:\/\/evolve.al\/site\/plugins\/team-members\/inc\/img\/links\/facebook.png\"\/><\/a><a target=\"_blank\" class=\"tmm_sociallink\" href=\"https:\/\/www.linkedin.com\/company\/evolve-studio-albania\" title=\"\"><img alt=\"\" src=\"http:\/\/evolve.al\/site\/plugins\/team-members\/inc\/img\/links\/linkedin.png\"\/><\/a><\/div><\/div><\/div><span class=\"tmm_two_containers_tablet\"><\/span><div class=\"tmm_member\" style=\"border-top:#40d0eb solid 5px;\"><div class=\"tmm_photo tmm_phover_evolve-sq_6\" style=\"background: url(http:\/\/evolve.al\/admin\/core-wp\/..\/..\/site\/resources-global\/content-data\/uploads\/man-user.jpg); margin-left:auto; margin-right:auto; background-size:cover !important;\"><\/div><div class=\"tmm_textblock\"><div class=\"tmm_names\"><span class=\"tmm_fname\">Egli<\/span> <span class=\"tmm_lname\">Goce<\/span><\/div><div class=\"tmm_job\">Senior SEO &amp; Copywriter<\/div><div class=\"tmm_scblock\"><a target=\"_blank\" class=\"tmm_sociallink\" href=\"https:\/\/www.facebook.com\/evolvestudioalbania\/\" title=\"\"><img alt=\"\" src=\"http:\/\/evolve.al\/site\/plugins\/team-members\/inc\/img\/links\/facebook.png\"\/><\/a><a target=\"_blank\" class=\"tmm_sociallink\" href=\"https:\/\/www.linkedin.com\/company\/evolve-studio-albania\" title=\"\"><img alt=\"\" src=\"http:\/\/evolve.al\/site\/plugins\/team-members\/inc\/img\/links\/linkedin.png\"\/><\/a><\/div><\/div><\/div><div class=\"tmm_member\" style=\"border-top:#40d0eb solid 5px;\"><div class=\"tmm_photo tmm_phover_evolve-sq_7\" style=\"background: url(http:\/\/evolve.al\/admin\/core-wp\/..\/..\/site\/resources-global\/content-data\/uploads\/man-user.jpg); margin-left:auto; margin-right:auto; background-size:cover !important;\"><\/div><div class=\"tmm_textblock\"><div class=\"tmm_names\"><span class=\"tmm_fname\">Eri<\/span> <span class=\"tmm_lname\">Vila<\/span><\/div><div class=\"tmm_job\">SEO Specialist<\/div><div class=\"tmm_scblock\"><a target=\"_blank\" class=\"tmm_sociallink\" href=\"https:\/\/www.facebook.com\/evolvestudioalbania\/\" title=\"\"><img alt=\"\" src=\"http:\/\/evolve.al\/site\/plugins\/team-members\/inc\/img\/links\/facebook.png\"\/><\/a><a target=\"_blank\" class=\"tmm_sociallink\" href=\"https:\/\/www.linkedin.com\/company\/evolve-studio-albania\" title=\"\"><img alt=\"\" src=\"http:\/\/evolve.al\/site\/plugins\/team-members\/inc\/img\/links\/linkedin.png\"\/><\/a><\/div><\/div><\/div><span class=\"tmm_two_containers_tablet\"><\/span><\/div><span class=\"tmm_columns_containers_desktop\"><\/span><div class=\"tmm_container\"><div class=\"tmm_member\" style=\"border-top:#40d0eb solid 5px;\"><div class=\"tmm_photo tmm_phover_evolve-sq_8\" style=\"background: url(http:\/\/evolve.al\/admin\/core-wp\/..\/..\/site\/resources-global\/content-data\/uploads\/man-user.jpg); margin-left:auto; margin-right:auto; background-size:cover !important;\"><\/div><div class=\"tmm_textblock\"><div class=\"tmm_names\"><span class=\"tmm_fname\">Gerti<\/span> <span class=\"tmm_lname\">Prifti<\/span><\/div><div class=\"tmm_job\">Programues Android<\/div><div class=\"tmm_scblock\"><a target=\"_blank\" class=\"tmm_sociallink\" href=\"https:\/\/www.facebook.com\/evolvestudioalbania\/\" title=\"\"><img alt=\"\" src=\"http:\/\/evolve.al\/site\/plugins\/team-members\/inc\/img\/links\/facebook.png\"\/><\/a><a target=\"_blank\" class=\"tmm_sociallink\" href=\"https:\/\/www.linkedin.com\/company\/evolve-studio-albania\" title=\"\"><img alt=\"\" src=\"http:\/\/evolve.al\/site\/plugins\/team-members\/inc\/img\/links\/linkedin.png\"\/><\/a><\/div><\/div><\/div><div class=\"tmm_member\" style=\"border-top:#40d0eb solid 5px;\"><div class=\"tmm_photo tmm_phover_evolve-sq_9\" style=\"background: url(http:\/\/evolve.al\/admin\/core-wp\/..\/..\/site\/resources-global\/content-data\/uploads\/man-user.jpg); margin-left:auto; margin-right:auto; background-size:cover !important;\"><\/div><div class=\"tmm_textblock\"><div class=\"tmm_names\"><span class=\"tmm_fname\">Marlind<\/span> <span class=\"tmm_lname\">Parllaku<\/span><\/div><div class=\"tmm_job\">Programues Backend<\/div><div class=\"tmm_scblock\"><a target=\"_blank\" class=\"tmm_sociallink\" href=\"https:\/\/www.facebook.com\/evolvestudioalbania\/\" title=\"\"><img alt=\"\" src=\"http:\/\/evolve.al\/site\/plugins\/team-members\/inc\/img\/links\/facebook.png\"\/><\/a><a target=\"_blank\" class=\"tmm_sociallink\" href=\"https:\/\/www.linkedin.com\/company\/evolve-studio-albania\" title=\"\"><img alt=\"\" src=\"http:\/\/evolve.al\/site\/plugins\/team-members\/inc\/img\/links\/linkedin.png\"\/><\/a><\/div><\/div><\/div><span class=\"tmm_two_containers_tablet\"><\/span><div class=\"tmm_member\" style=\"border-top:#40d0eb solid 5px;\"><div class=\"tmm_photo tmm_phover_evolve-sq_10\" style=\"background: url(http:\/\/evolve.al\/admin\/core-wp\/..\/..\/site\/resources-global\/content-data\/uploads\/man-user.jpg); margin-left:auto; margin-right:auto; background-size:cover !important;\"><\/div><div class=\"tmm_textblock\"><div class=\"tmm_names\"><span class=\"tmm_fname\">Eljo<\/span> <span class=\"tmm_lname\">Prifti<\/span><\/div><div class=\"tmm_job\">Programues IOS<\/div><div class=\"tmm_scblock\"><a target=\"_blank\" class=\"tmm_sociallink\" href=\"https:\/\/www.facebook.com\/evolvestudioalbania\/\" title=\"\"><img alt=\"\" src=\"http:\/\/evolve.al\/site\/plugins\/team-members\/inc\/img\/links\/facebook.png\"\/><\/a><a target=\"_blank\" class=\"tmm_sociallink\" href=\"https:\/\/www.linkedin.com\/company\/evolve-studio-albania\" title=\"\"><img alt=\"\" src=\"http:\/\/evolve.al\/site\/plugins\/team-members\/inc\/img\/links\/linkedin.png\"\/><\/a><\/div><\/div><\/div><div class=\"tmm_member\" style=\"border-top:#40d0eb solid 5px;\"><div class=\"tmm_photo tmm_phover_evolve-sq_11\" style=\"background: url(http:\/\/evolve.al\/admin\/core-wp\/..\/..\/site\/resources-global\/content-data\/uploads\/man-user.jpg); margin-left:auto; margin-right:auto; background-size:cover !important;\"><\/div><div class=\"tmm_textblock\"><div class=\"tmm_names\"><span class=\"tmm_fname\">Rizan<\/span> <span class=\"tmm_lname\">Shahu<\/span><\/div><div class=\"tmm_job\">Email &amp; Marketing<\/div><div class=\"tmm_scblock\"><a target=\"_blank\" class=\"tmm_sociallink\" href=\"https:\/\/www.facebook.com\/evolvestudioalbania\/\" title=\"\"><img alt=\"\" src=\"http:\/\/evolve.al\/site\/plugins\/team-members\/inc\/img\/links\/facebook.png\"\/><\/a><a target=\"_blank\" class=\"tmm_sociallink\" href=\"https:\/\/www.linkedin.com\/company\/evolve-studio-albania\" title=\"\"><img alt=\"\" src=\"http:\/\/evolve.al\/site\/plugins\/team-members\/inc\/img\/links\/linkedin.png\"\/><\/a><\/div><\/div><\/div><div style=\"clear:both;\"><\/div><\/div><\/div><\/div>[\/vc_column_text][\/vc_column][\/vc_row][vc_row row_type=&#8221;2&#8243; blox_bgcolor=&#8221;#f6f8f9&#8243;][vc_column width=&#8221;1\/12&#8243;][\/vc_column][vc_column width=&#8221;4\/12&#8243;]<hr class=\"vertical-space5\">[vc_column_text]<strong>Grupi i\u00a0krijimit<\/strong><\/p>\n<p>P\u00ebrdorshm\u00ebria, funksionaliteti dhe pamja e k\u00ebndshme jan\u00eb tre nga faktor\u00ebt m\u00eb t\u00eb r\u00ebnd\u00ebsish\u00ebm kur nd\u00ebrtohen nd\u00ebrfaqe ose faqe interneti. Duke patur parasysh k\u00ebto, ne punojm\u00eb me ju p\u00ebr t\u00eb realizuar projektet tuaja fal\u00eb pun\u00ebs son\u00eb krijuese. Ne jemi t\u00eb lumtur t\u00eb sjellim idet\u00eb tuaja n\u00eb jet\u00eb.<\/p>\n<h3 style=\"text-align: center;\"><\/h3>\n<p>[\/vc_column_text]<hr class=\"vertical-space3\">[\/vc_column][vc_column width=&#8221;2\/12&#8243;][\/vc_column][vc_column width=&#8221;4\/12&#8243;]<hr class=\"vertical-space5\">[vc_column_text]<\/p>\n<h3>Grupi i programuesve<\/h3>\n<p>Si nj\u00eb kompani e specializuar n\u00eb zhvillimin e aplikacioneve ueb dhe mobile, Evolve ka p\u00ebrvoj\u00eb t\u00eb gjer\u00eb n\u00eb krijimin e aplikacioneve duke p\u00ebrfshir\u00eb sistemet kryesore mobile te operimit si iOS, Android, BlackBerry OS dhe Windows Mobile. Zhvillimi i nj\u00eb aplikacioni mobile \u00ebsht\u00eb domosdoshm\u00ebri p\u00ebr \u00e7do biznes q\u00eb k\u00ebrkon t\u00eb ec\u00eb me hapin e koh\u00ebs.[\/vc_column_text]<hr class=\"vertical-space5\">[\/vc_column][vc_column width=&#8221;1\/12&#8243;][\/vc_column][\/vc_row][vc_row][vc_column]<hr class=\"vertical-space4\">\n\t<div class=\"max-title max-title3\">\n\t\t<h2> <strong>Klient\u00ebt<\/strong> Tan\u00eb<\/h2>\n\t<\/div><div class=\"aligncenter\"><hr class=\"vertical-space1\"><div class=\"col-md-12 our-clients-wrap crsl\"><ul id=\"our-clients\" class=\"our-clients crsl\"><li><img alt=\"\" src=\"http:\/\/evolve.al\/admin\/core-wp\/..\/..\/site\/resources-global\/content-data\/uploads\/dga_logo_landscape_v1.jpg\"\/><\/li><li><img alt=\"\" src=\"http:\/\/evolve.al\/admin\/core-wp\/..\/..\/site\/resources-global\/content-data\/uploads\/ardeno-mobileri-al_logo_2.jpg\"\/><\/li><li><img alt=\"\" src=\"http:\/\/evolve.al\/admin\/core-wp\/..\/..\/site\/resources-global\/content-data\/uploads\/salillari-shpk_logo.jpg\"\/><\/li><li><img alt=\"\" src=\"http:\/\/evolve.al\/admin\/core-wp\/..\/..\/site\/resources-global\/content-data\/uploads\/alb-pastrim_logo.jpg\"\/><\/li><li><img alt=\"\" src=\"http:\/\/evolve.al\/admin\/core-wp\/..\/..\/site\/resources-global\/content-data\/uploads\/supersport_logo_v1.jpg\"\/><\/li><li><img alt=\"\" src=\"http:\/\/evolve.al\/admin\/core-wp\/..\/..\/site\/resources-global\/content-data\/uploads\/dpm-gov-al_logo.jpg\"\/><\/li><li><img alt=\"\" src=\"http:\/\/evolve.al\/admin\/core-wp\/..\/..\/site\/resources-global\/content-data\/uploads\/mmsr-gov-al_logo.jpg\"\/><\/li><li><img alt=\"\" src=\"http:\/\/evolve.al\/admin\/core-wp\/..\/..\/site\/resources-global\/content-data\/uploads\/biznes-albania_logo.jpg\"\/><\/li><li><img alt=\"\" src=\"http:\/\/evolve.al\/admin\/core-wp\/..\/..\/site\/resources-global\/content-data\/uploads\/su-shefqet-ndroqi_logo.jpg\"\/><\/li><li><img alt=\"\" src=\"http:\/\/evolve.al\/admin\/core-wp\/..\/..\/site\/resources-global\/content-data\/uploads\/ekb_logo.jpg\"\/><\/li><li><img alt=\"\" src=\"http:\/\/evolve.al\/admin\/core-wp\/..\/..\/site\/resources-global\/content-data\/uploads\/leon-kons_logo.jpg\"\/><\/li><li><img alt=\"\" src=\"http:\/\/evolve.al\/admin\/core-wp\/..\/..\/site\/resources-global\/content-data\/uploads\/alushi-trans-al_logo.jpg\"\/><\/li><\/ul><\/div><hr class=\"vertical-space2\"><\/div>[\/vc_column][\/vc_row][vc_row row_type=&#8221;2&#8243; blox_height=&#8221;452&#8243; blox_image=&#8221;9123&#8243;][vc_column el_class=&#8221;aligncenter&#8221;]<hr class=\"vertical-space5\"><hr class=\"vertical-space1\">[vc_column_text]<\/p>\n<h1><strong>\u00a0Le t\u00eb bisedojm\u00eb <\/strong><\/h1>\n<p>Ne jemi k\u00ebtu p\u00ebr t\u2019ju ndihmuar t\u00eb arrini q\u00ebllimet tuaja dhe t\u00eb rrisni biznesin tuaj.[\/vc_column_text]<a href=\"http:\/\/evolve.al\/request-a-quote\/\" class=\"button theme-skin  medium  \" target=\"_self\">NA KONTAKTONI<\/a><hr class=\"vertical-space3\">[\/vc_column][\/vc_row][vc_row][vc_column][vc_column_text]<\/p>\n<p>[\/vc_column_text][\/vc_column][\/vc_row][vc_row row_type=&#8221;2&#8243; blox_image=&#8221;9171&#8243; blox_cover=&#8221;false&#8221; blox_repeat=&#8221;repeat&#8221; blox_dark=&#8221;true&#8221; blox_bgcolor=&#8221;#00c2e5&#8243;][vc_column]<hr class=\"vertical-space3\">[vc_row_inner el_class=&#8221;fix-h1-mob&#8221;][vc_column_inner el_class=&#8221;aligncenter&#8221;][vc_column_text]<\/p>\n<h1 style=\"text-align: center;\">Projektet q\u00eb ne kemi\u00a0<strong>p\u00ebrfunduar<\/strong><\/h1>\n<p>[\/vc_column_text]<a href=\"http:\/\/evolve.al\/projects\/\" class=\"button white  medium bordered-bot \" target=\"_self\">SHIKO PROJEKTET TONA<\/a>[\/vc_column_inner][\/vc_row_inner]<hr class=\"vertical-space2\">[\/vc_column][\/vc_row]<\/p>","protected":false},"excerpt":{"rendered":"<p>[vc_row row_type=&#8221;3&#8243; blox_image=&#8221;9467&#8243; align_center=&#8221;aligncenter&#8221; page_title=&#8221;page-title-x&#8221; blox_dark=&#8221;true&#8221; blox_class=&#8221;breadcrumb&#8221; parallax_speed=&#8221;7&#8243;][vc_column][vc_column_text] NE JEMI KRIJUES [\/vc_column_text][\/vc_column][\/vc_row][vc_row][vc_column][\/vc_column][vc_column width=&#8221;1\/2&#8243;][vc_column_text]Evolve \u00ebsht\u00eb nj\u00eb agjenci dixhitale e cila p\u00ebrq\u00ebndrohet tek cil\u00ebsia, risia dhe shpejt\u00ebsia. Ne shfryt\u00ebzojm\u00eb teknologjin\u00eb p\u00ebr t\u00eb ndihmuar klient\u00ebt tan\u00eb t\u00eb rriten vazhdimisht. Ne krenohemi me etik\u00ebn ton\u00eb t\u00eb pun\u00ebs, integritetin dhe rezultatet e shkelqyera. Ne kemi\u00a0 m\u00eb tep\u00ebr se 8 vite q\u00eb ofrojm\u00eb zgjidhje nga m\u00eb t\u00eb ndryshmet dhe kemi ndihmuar m\u00eb tep\u00ebr se 240 klient\u00eb duke filluar nga nd\u00ebrtimi i faqeve t\u00eb internetit, platformat e tregtis\u00eb elektronike, fushatat e marketingut, zgjidhje t\u00eb ve\u00e7anta \u00a0n\u00eb fush\u00ebn e teknologjis\u00eb s\u00eb informacionit (IT), aplikacione t\u00eb ndryshme dhe deri tek loj\u00ebrat. Ne ofrojm\u00eb zgjidhje p\u00ebr pothuajse t\u00eb gjitha industrit\u00eb duke p\u00ebrfshir\u00eb arsimin, qeverisjen, teknologjin\u00eb e informacionit (IT), komunikimin, shitjen me pakice, financ\u00ebn, sh\u00ebndetin, arg\u00ebtimin, mobilerin\u00eb, nd\u00ebrtimin, turizmin, etj. Misioni Ajo q\u00eb na motivon \u00ebsht\u00eb d\u00ebshira e ethshme, puna dhe vendosm\u00ebria p\u00ebr t\u00eb marr\u00eb p\u00ebrsip\u00ebr projekte t\u00eb cilat na sfidojn\u00eb dhe na rrisin profesionalisht dhe personalisht. Ekipi yn\u00eb punon s\u00ebbashku dhe n\u00eb harmoni me klient\u00ebt tan\u00eb, duke u siguruar q\u00eb \u00e7do projekt t\u00eb dor\u00ebzohet n\u00eb koh\u00eb dhe me standartet m\u00eb t\u00eb larta.[\/vc_column_text][\/vc_column][vc_column width=&#8221;1\/2&#8243;][vc_single_image image=&#8221;10206&#8243; img_size=&#8221;full&#8221; alignment=&#8221;right&#8221;][\/vc_column][\/vc_row][vc_row][vc_column][vc_row_inner][vc_column_inner width=&#8221;1\/2&#8243;][\/vc_column_inner][vc_column_inner width=&#8221;1\/2&#8243;][\/vc_column_inner][\/vc_row_inner][vc_column_text][\/vc_column_text][\/vc_column][\/vc_row][vc_row row_type=&#8221;2&#8243; blox_bgcolor=&#8221;#f6f8f9&#8243;][vc_column width=&#8221;1\/12&#8243;][\/vc_column][vc_column width=&#8221;4\/12&#8243;][vc_column_text]Grupi i\u00a0krijimit P\u00ebrdorshm\u00ebria, funksionaliteti dhe pamja e k\u00ebndshme jan\u00eb tre nga faktor\u00ebt m\u00eb t\u00eb r\u00ebnd\u00ebsish\u00ebm kur nd\u00ebrtohen nd\u00ebrfaqe ose faqe interneti. Duke patur parasysh k\u00ebto, ne punojm\u00eb me ju p\u00ebr t\u00eb realizuar projektet tuaja fal\u00eb pun\u00ebs son\u00eb krijuese. Ne jemi t\u00eb lumtur t\u00eb sjellim idet\u00eb tuaja n\u00eb jet\u00eb. [\/vc_column_text][\/vc_column][vc_column width=&#8221;2\/12&#8243;][\/vc_column][vc_column width=&#8221;4\/12&#8243;][vc_column_text] Grupi i programuesve Si nj\u00eb kompani e specializuar n\u00eb zhvillimin e aplikacioneve ueb dhe mobile, Evolve ka p\u00ebrvoj\u00eb t\u00eb gjer\u00eb n\u00eb krijimin e aplikacioneve duke p\u00ebrfshir\u00eb sistemet kryesore mobile te operimit si iOS, Android, BlackBerry OS dhe Windows Mobile. Zhvillimi i nj\u00eb aplikacioni mobile \u00ebsht\u00eb domosdoshm\u00ebri p\u00ebr \u00e7do biznes q\u00eb k\u00ebrkon t\u00eb ec\u00eb me hapin e koh\u00ebs.[\/vc_column_text][\/vc_column][vc_column width=&#8221;1\/12&#8243;][\/vc_column][\/vc_row][vc_row][vc_column][\/vc_column][\/vc_row][vc_row&#8230; <\/p>\n<p><a class=\"readmore\" href=\"http:\/\/evolve.al\/al\/tmm\/evolve\/\">Continue Reading<\/a><\/p>\n","protected":false},"author":1,"featured_media":0,"parent":0,"menu_order":0,"comment_status":"closed","ping_status":"closed","template":"","meta":[],"_links":{"self":[{"href":"http:\/\/evolve.al\/al\/wp-json\/wp\/v2\/pages\/9131"}],"collection":[{"href":"http:\/\/evolve.al\/al\/wp-json\/wp\/v2\/pages"}],"about":[{"href":"http:\/\/evolve.al\/al\/wp-json\/wp\/v2\/types\/page"}],"author":[{"embeddable":true,"href":"http:\/\/evolve.al\/al\/wp-json\/wp\/v2\/users\/1"}],"replies":[{"embeddable":true,"href":"http:\/\/evolve.al\/al\/wp-json\/wp\/v2\/comments?post=9131"}],"version-history":[{"count":7,"href":"http:\/\/evolve.al\/al\/wp-json\/wp\/v2\/pages\/9131\/revisions"}],"predecessor-version":[{"id":11590,"href":"http:\/\/evolve.al\/al\/wp-json\/wp\/v2\/pages\/9131\/revisions\/11590"}],"wp:attachment":[{"href":"http:\/\/evolve.al\/al\/wp-json\/wp\/v2\/media?parent=9131"}],"curies":[{"name":"wp","href":"https:\/\/api.w.org\/{rel}","templated":true}]}}